{"id":10376,"date":"2023-05-01T11:14:59","date_gmt":"2023-05-01T15:14:59","guid":{"rendered":"https:\/\/gbta.org\/?page_id=10376"},"modified":"2026-04-17T18:25:34","modified_gmt":"2026-04-17T22:25:34","slug":"volunteer-of-the-month","status":"publish","type":"page","link":"https:\/\/gbta.org\/es\/volunteer-of-the-month\/","title":{"rendered":"Voluntario del mes"},"content":{"rendered":"<style>.kadence-column10376_2ee839-4d > .kt-inside-inner-col,.kadence-column10376_2ee839-4d > .kt-inside-inner-col:before{border-top-left-radius:0px;border-top-right-radius:0px;border-bottom-right-radius:0px;border-bottom-left-radius:0px;}.kadence-column10376_2ee839-4d > .kt-inside-inner-col{column-gap:var(--global-kb-gap-sm, 1rem);}.kadence-column10376_2ee839-4d > .kt-inside-inner-col{flex-direction:column;}.kadence-column10376_2ee839-4d > .kt-inside-inner-col > .aligncenter{width:100%;}.kadence-column10376_2ee839-4d > .kt-inside-inner-col:before{opacity:0.3;}.kadence-column10376_2ee839-4d{position:relative;}@media all and (max-width: 1024px){.kadence-column10376_2ee839-4d > .kt-inside-inner-col{flex-direction:column;}}@media all and (max-width: 767px){.kadence-column10376_2ee839-4d > .kt-inside-inner-col{flex-direction:column;}}<\/style>\n<div class=\"wp-block-kadence-column kadence-column10376_2ee839-4d inner-column-1\"><div class=\"kt-inside-inner-col\"><style>.kb-row-layout-id10376_4b3be4-88 > .kt-row-column-wrap{align-content:start;}:where(.kb-row-layout-id10376_4b3be4-88 > .kt-row-column-wrap) > .wp-block-kadence-column{justify-content:start;}.kb-row-layout-id10376_4b3be4-88 > .kt-row-column-wrap{column-gap:var(--global-kb-gap-md, 2rem);row-gap:var(--global-kb-gap-md, 2rem);padding-top:var(--global-kb-spacing-sm, 1.5rem);padding-bottom:var(--global-kb-spacing-sm, 1.5rem);grid-template-columns:minmax(0, 1fr);}.kb-row-layout-id10376_4b3be4-88 > .kt-row-layout-overlay{opacity:0.30;}@media all and (max-width: 1024px){.kb-row-layout-id10376_4b3be4-88 > .kt-row-column-wrap{grid-template-columns:minmax(0, 1fr);}}@media all and (max-width: 767px){.kb-row-layout-id10376_4b3be4-88 > .kt-row-column-wrap{grid-template-columns:minmax(0, 1fr);}}<\/style><div class=\"kb-row-layout-wrap kb-row-layout-id10376_4b3be4-88 alignnone wp-block-kadence-rowlayout\"><div class=\"kt-row-column-wrap kt-has-1-columns kt-row-layout-equal kt-tab-layout-inherit kt-mobile-layout-row kt-row-valign-top\">\n<style>.kadence-column10376_a28ec2-91 > .kt-inside-inner-col,.kadence-column10376_a28ec2-91 > .kt-inside-inner-col:before{border-top-left-radius:0px;border-top-right-radius:0px;border-bottom-right-radius:0px;border-bottom-left-radius:0px;}.kadence-column10376_a28ec2-91 > .kt-inside-inner-col{column-gap:var(--global-kb-gap-sm, 1rem);}.kadence-column10376_a28ec2-91 > .kt-inside-inner-col{flex-direction:column;}.kadence-column10376_a28ec2-91 > .kt-inside-inner-col > .aligncenter{width:100%;}.kadence-column10376_a28ec2-91 > .kt-inside-inner-col:before{opacity:0.3;}.kadence-column10376_a28ec2-91{position:relative;}@media all and (max-width: 1024px){.kadence-column10376_a28ec2-91 > .kt-inside-inner-col{flex-direction:column;}}@media all and (max-width: 767px){.kadence-column10376_a28ec2-91 > .kt-inside-inner-col{flex-direction:column;}}<\/style>\n<div class=\"wp-block-kadence-column kadence-column10376_a28ec2-91 inner-column-1\"><div class=\"kt-inside-inner-col\"><div class=\"wp-block-image\">\n<figure class=\"aligncenter size-full is-resized\"><img loading=\"lazy\" decoding=\"async\" width=\"500\" height=\"598\" src=\"https:\/\/gbta.org\/wp-content\/uploads\/iconsai-03-1.png\" alt=\"iconsai 03\" class=\"wp-image-11078\" style=\"width:200px;height:undefinedpx\" srcset=\"https:\/\/gbta.org\/wp-content\/uploads\/iconsai-03-1.png 500w, https:\/\/gbta.org\/wp-content\/uploads\/iconsai-03-1-251x300.png 251w, https:\/\/gbta.org\/wp-content\/uploads\/iconsai-03-1-10x12.png 10w\" sizes=\"auto, (max-width: 500px) 100vw, 500px\" \/><\/figure><\/div>\n\n<style>.kadence-column10376_634fd6-92 > .kt-inside-inner-col,.kadence-column10376_634fd6-92 > .kt-inside-inner-col:before{border-top-left-radius:0px;border-top-right-radius:0px;border-bottom-right-radius:0px;border-bottom-left-radius:0px;}.kadence-column10376_634fd6-92 > .kt-inside-inner-col{column-gap:var(--global-kb-gap-sm, 1rem);}.kadence-column10376_634fd6-92 > .kt-inside-inner-col{flex-direction:column;}.kadence-column10376_634fd6-92 > .kt-inside-inner-col > .aligncenter{width:100%;}.kadence-column10376_634fd6-92 > .kt-inside-inner-col:before{opacity:0.3;}.kadence-column10376_634fd6-92{position:relative;}@media all and (max-width: 1024px){.kadence-column10376_634fd6-92 > .kt-inside-inner-col{flex-direction:column;}}@media all and (max-width: 767px){.kadence-column10376_634fd6-92 > .kt-inside-inner-col{flex-direction:column;}}<\/style>\n<div class=\"wp-block-kadence-column kadence-column10376_634fd6-92\"><div class=\"kt-inside-inner-col\"><style>.kb-row-layout-id10376_6c498d-8b > .kt-row-column-wrap{align-content:start;}:where(.kb-row-layout-id10376_6c498d-8b > .kt-row-column-wrap) > .wp-block-kadence-column{justify-content:start;}.kb-row-layout-id10376_6c498d-8b > .kt-row-column-wrap{column-gap:var(--global-kb-gap-md, 2rem);row-gap:var(--global-kb-gap-md, 2rem);padding-top:var(--global-kb-spacing-sm, 1.5rem);padding-bottom:var(--global-kb-spacing-sm, 1.5rem);grid-template-columns:minmax(0, 2fr) minmax(0, 1fr);}.kb-row-layout-id10376_6c498d-8b > .kt-row-layout-overlay{opacity:0.30;}@media all and (max-width: 1024px){.kb-row-layout-id10376_6c498d-8b > .kt-row-column-wrap{grid-template-columns:minmax(0, 2fr) minmax(0, 1fr);}}@media all and (max-width: 767px){.kb-row-layout-id10376_6c498d-8b > .kt-row-column-wrap{grid-template-columns:minmax(0, 1fr);}}<\/style><div class=\"kb-row-layout-wrap kb-row-layout-id10376_6c498d-8b alignnone wp-block-kadence-rowlayout\"><div class=\"kt-row-column-wrap kt-has-2-columns kt-row-layout-left-golden kt-tab-layout-inherit kt-mobile-layout-row kt-row-valign-top\">\n<style>.kadence-column10376_dc7cdf-9f > .kt-inside-inner-col,.kadence-column10376_dc7cdf-9f > .kt-inside-inner-col:before{border-top-left-radius:0px;border-top-right-radius:0px;border-bottom-right-radius:0px;border-bottom-left-radius:0px;}.kadence-column10376_dc7cdf-9f > .kt-inside-inner-col{column-gap:var(--global-kb-gap-sm, 1rem);}.kadence-column10376_dc7cdf-9f > .kt-inside-inner-col{flex-direction:column;}.kadence-column10376_dc7cdf-9f > .kt-inside-inner-col > .aligncenter{width:100%;}.kadence-column10376_dc7cdf-9f > .kt-inside-inner-col:before{opacity:0.3;}.kadence-column10376_dc7cdf-9f{position:relative;}@media all and (max-width: 1024px){.kadence-column10376_dc7cdf-9f > .kt-inside-inner-col{flex-direction:column;}}@media all and (max-width: 767px){.kadence-column10376_dc7cdf-9f > .kt-inside-inner-col{flex-direction:column;}}<\/style>\n<div class=\"wp-block-kadence-column kadence-column10376_dc7cdf-9f\"><div class=\"kt-inside-inner-col\">\n<p>GBTA sabe que los voluntarios son el alma de nuestra asociaci\u00f3n y que nuestros \u00e9xitos se deben en parte al compromiso y la dedicaci\u00f3n que ponen en los programas e iniciativas de GBTA. Su contribuci\u00f3n de tiempo, experiencia y servicio a la organizaci\u00f3n es un activo real para la industria de viajes de negocios y la comunidad GBTA.&nbsp;<\/p>\n<\/div><\/div>\n\n\n<style>.kadence-column10376_1ad695-08 > .kt-inside-inner-col,.kadence-column10376_1ad695-08 > .kt-inside-inner-col:before{border-top-left-radius:0px;border-top-right-radius:0px;border-bottom-right-radius:0px;border-bottom-left-radius:0px;}.kadence-column10376_1ad695-08 > .kt-inside-inner-col{column-gap:var(--global-kb-gap-sm, 1rem);}.kadence-column10376_1ad695-08 > .kt-inside-inner-col{flex-direction:column;}.kadence-column10376_1ad695-08 > .kt-inside-inner-col > .aligncenter{width:100%;}.kadence-column10376_1ad695-08 > .kt-inside-inner-col:before{opacity:0.3;}.kadence-column10376_1ad695-08{position:relative;}@media all and (max-width: 1024px){.kadence-column10376_1ad695-08 > .kt-inside-inner-col{flex-direction:column;}}@media all and (max-width: 767px){.kadence-column10376_1ad695-08 > .kt-inside-inner-col{flex-direction:column;}}<\/style>\n<div class=\"wp-block-kadence-column kadence-column10376_1ad695-08\"><div class=\"kt-inside-inner-col\">\n<div class=\"wp-block-buttons is-content-justification-center is-layout-flex wp-container-core-buttons-is-layout-1 wp-block-buttons-is-layout-flex\">\n<div class=\"wp-block-button\"><a class=\"wp-block-button__link wp-element-button\" href=\"https:\/\/form.jotform.com\/gbtaforms\/recognition-nomination-form\" target=\"_blank\" rel=\"noreferrer noopener\">nominar a alguien hoy<\/a><\/div>\n<\/div>\n<\/div><\/div>\n\n<\/div><\/div><\/div><\/div>\n\n\n\n<p>En abril de 2022 relanzamos el programa Voluntario del Mes. \u00danase a nosotros para felicitar y agradecer a los destinatarios:<\/p>\n\n\n\n<ul class=\"wp-block-list\">\n<li><strong>April 2026:<\/strong> Paul Dear, Vice President &#8211; Concur Travel EMEA, SAP<\/li>\n\n\n\n<li><strong>March 2026:<\/strong> Shalini (Shals) Iyer, Director of Strategic Partnerships, hubli<\/li>\n\n\n\n<li><strong>February 2026:<\/strong> Dan Saucier, Director, Sales &amp; Partnerships, drvn<\/li>\n\n\n\n<li><strong>January 2026: <\/strong>Nathan Bieck, Business\/Leisure Travel Sales Manager, Loews Kansas City Hotel<\/li>\n\n\n\n<li><strong>December 2025: <\/strong>Sofia Oragano, VP Business Development &#8211; EMEIA, Synergy<\/li>\n\n\n\n<li><strong>November 2025:<\/strong> Roman Neumeister, Travel Officer, OSCE<\/li>\n\n\n\n<li><strong>October 2025<\/strong>: Julie Dion, Senior Manager, Supplier Management and Delivery, BCD Travel<\/li>\n\n\n\n<li><strong>September 2025<\/strong>: Brenda Davis, Executive Assistant and Travel Manager, International SOS<\/li>\n\n\n\n<li><strong>August 2025<\/strong>: Cari Wuzbacher, Manager &#8211; Government &amp; Corporate Accounts, United<\/li>\n\n\n\n<li><strong>June 2025: <\/strong>Loredana Merelli, Travel Manager, KPMG Network Institutional Events Manager, KPMG Business Services S.r.l.<\/li>\n\n\n\n<li><strong>May 2025: <\/strong>Sue Spear, Director of Travel, Fleet and Facility Services, Cengage Group<\/li>\n\n\n\n<li><strong>Abril de 2025<\/strong>Katherine Tomasi, directora de ventas para Norteam\u00e9rica de BCD Travel<\/li>\n\n\n\n<li><strong>Marzo de 2025<\/strong>:Peta-Gaye Pottinger, Gerente S\u00e9nior de Inmigraci\u00f3n Global, Fragomen<\/li>\n\n\n\n<li><strong>Febrero de 2025<\/strong>:Shawnda Witterstaetter, directora de la categor\u00eda de viajes globales, Dentsply Sirona<\/li>\n\n\n\n<li><strong>Enero de 2025<\/strong>:Teresa Rolack, Gerente de Cuentas S\u00e9nior, FCM Travel<\/li>\n\n\n\n<li><strong>Diciembre de 2024<\/strong>:Barbara Arena, directora de categor\u00eda global subcontratada, Festive Road<\/li>\n\n\n\n<li><strong>Noviembre de 2024<\/strong>:Donna Palmer, directora de ventas, The San Francisco Peninsula<\/li>\n\n\n\n<li><strong>Octubre de 2024<\/strong>:Jorge Mesa, Director Senior de Gesti\u00f3n de Riesgos de Viajes, BCD Travel<\/li>\n\n\n\n<li><strong>Septiembre de 2024:<\/strong>  Phil Crofton, director s\u00e9nior de optimizaci\u00f3n de programas globales, BCD Travel<\/li>\n\n\n\n<li><strong>Agosto de 2024<\/strong>:Morgan Lautr\u00e9doux, gerente de desempe\u00f1o de contratos de viajes corporativos para EMEA, Shell<\/li>\n\n\n\n<li><strong>Junio de 2024:<\/strong> Anne Lex, directora regional de ventas, InnVest Hotels<\/li>\n\n\n\n<li><strong>Mayo de 2024:<\/strong>  Lindsay Straub, directora global de ventas, FCM Travel<\/li>\n\n\n\n<li><strong>Abril de 2024: <\/strong> Jennifer Houdyshell, directora de ventas, Hilton Garden Inn Milwaukee Brookfield Conference Center<\/li>\n\n\n\n<li><strong>Marzo de 2024:<\/strong> Benjamin Berard, director de \u00e9xito del cliente, drvn<\/li>\n\n\n\n<li><strong>Febrero de 2024:<\/strong>  Justin Morris, director de ventas, Traxo<\/li>\n\n\n\n<li><strong>Enero de 2024:<\/strong>  Brittany Brown, directora de ventas, Hilton Garden Inn Houston Energy Corridor<\/li>\n\n\n\n<li><strong>Diciembre de 2023:<\/strong>  M\u00f3nica Ocampo, Directora de Cuentas Nacionales, Colecci\u00f3n Oxford<\/li>\n\n\n\n<li><strong>Noviembre de 2023:<\/strong>  Amanda Mahan, gerente s\u00e9nior de cuentas nacionales, Southwest Business<\/li>\n\n\n\n<li><strong>Octubre de 2023:<\/strong>  Terri Moreno, Gerente de Viajes, Gastos y Flota, The Aspen Group<\/li>\n\n\n\n<li><strong>Septiembre 2023<\/strong>: Albena Taseva, directora de categor\u00eda global de viajes y eventos<\/li>\n\n\n\n<li><strong>julio 2023<\/strong>: Maren Hanschke, Presidenta FCTG M\u00e9xico y LATAM Network, Flight Center Travel Group<\/li>\n\n\n\n<li><strong>junio 2023<\/strong>: Teresa Man, gerente global de productos b\u00e1sicos, Celestica<\/li>\n\n\n\n<li><strong>Mayo de 2023:<\/strong> Ben Park, director ejecutivo de viajes y sostenibilidad, Parexel<\/li>\n\n\n\n<li><strong>Abril de 2023:<\/strong>&nbsp;Kathy Farias, gerente de soporte y servicios corporativos, Whataburger<\/li>\n\n\n\n<li><strong>Marzo de 2023:<\/strong> Makiko Barrett, directora s\u00e9nior de Automation Anywhere<\/li>\n\n\n\n<li><strong>Febrero de 2023:<\/strong> Amy Hunke, directora s\u00e9nior de viajes y reuniones, Ametek<\/li>\n\n\n\n<li><strong>Enero de 2023:<\/strong> Riley Simonsen, gerente de ventas de viajes de negocios del \u00e1rea, LTD Hospitalidad<\/li>\n\n\n\n<li><strong>Noviembre de 2022:<\/strong> Joe Nishi, socio director, Encore<\/li>\n\n\n\n<li><strong>Octubre de 2022:<\/strong> Laura Choules, directora de asociaciones de la industria de viajes, Global Hotel Alliance<\/li>\n\n\n\n<li><strong>Septiembre de 2022:<\/strong> Loren Christie, director general, Soluciones Loren Christie<\/li>\n\n\n\n<li><strong>Julio de 2022:<\/strong> Kristen Reeves, gerente global de productos b\u00e1sicos, MKS Instruments<\/li>\n\n\n\n<li><strong>Junio de 2022:<\/strong> Mette Bank, directora regional de viajes, EMEA, Lego<\/li>\n\n\n\n<li><strong>Mayo de 2022:<\/strong> Jenny Sabineu, Gerente, Servicios de Viajes, Salesforce<\/li>\n<\/ul>\n<\/div><\/div>\n\n<\/div><\/div>\n\n<style>.kadence-column10376_f32c46-32 > .kt-inside-inner-col,.kadence-column10376_f32c46-32 > .kt-inside-inner-col:before{border-top-left-radius:0px;border-top-right-radius:0px;border-bottom-right-radius:0px;border-bottom-left-radius:0px;}.kadence-column10376_f32c46-32 > .kt-inside-inner-col{column-gap:var(--global-kb-gap-sm, 1rem);}.kadence-column10376_f32c46-32 > .kt-inside-inner-col{flex-direction:column;}.kadence-column10376_f32c46-32 > .kt-inside-inner-col > .aligncenter{width:100%;}.kadence-column10376_f32c46-32 > .kt-inside-inner-col:before{opacity:0.3;}.kadence-column10376_f32c46-32{position:relative;}@media all and (max-width: 1024px){.kadence-column10376_f32c46-32 > .kt-inside-inner-col{flex-direction:column;}}@media all and (max-width: 767px){.kadence-column10376_f32c46-32 > .kt-inside-inner-col{flex-direction:column;}}<\/style>\n<div class=\"wp-block-kadence-column kadence-column10376_f32c46-32\"><div class=\"kt-inside-inner-col\"><style>.kb-row-layout-id10376_62deb9-1a > .kt-row-column-wrap{align-content:start;}:where(.kb-row-layout-id10376_62deb9-1a > .kt-row-column-wrap) > .wp-block-kadence-column{justify-content:start;}.kb-row-layout-id10376_62deb9-1a > .kt-row-column-wrap{column-gap:var(--global-kb-gap-md, 2rem);row-gap:var(--global-kb-gap-md, 2rem);max-width:740px;margin-left:auto;margin-right:auto;padding-top:var(--global-kb-spacing-sm, 1.5rem);padding-bottom:var(--global-kb-spacing-sm, 1.5rem);grid-template-columns:minmax(0, 1fr);}.kb-row-layout-id10376_62deb9-1a > .kt-row-layout-overlay{opacity:0.30;}@media all and (max-width: 1024px){.kb-row-layout-id10376_62deb9-1a > .kt-row-column-wrap{grid-template-columns:minmax(0, 1fr);}}@media all and (max-width: 767px){.kb-row-layout-id10376_62deb9-1a > .kt-row-column-wrap{grid-template-columns:minmax(0, 1fr);}}<\/style><div class=\"kb-row-layout-wrap kb-row-layout-id10376_62deb9-1a alignnone wp-block-kadence-rowlayout\"><div class=\"kt-row-column-wrap kt-has-1-columns kt-row-layout-equal kt-tab-layout-inherit kt-mobile-layout-row kt-row-valign-top\">\n<style>.kadence-column10376_0ec7c2-59 > .kt-inside-inner-col,.kadence-column10376_0ec7c2-59 > .kt-inside-inner-col:before{border-top-left-radius:0px;border-top-right-radius:0px;border-bottom-right-radius:0px;border-bottom-left-radius:0px;}.kadence-column10376_0ec7c2-59 > .kt-inside-inner-col{column-gap:var(--global-kb-gap-sm, 1rem);}.kadence-column10376_0ec7c2-59 > .kt-inside-inner-col{flex-direction:column;}.kadence-column10376_0ec7c2-59 > .kt-inside-inner-col > .aligncenter{width:100%;}.kadence-column10376_0ec7c2-59 > .kt-inside-inner-col:before{opacity:0.3;}.kadence-column10376_0ec7c2-59{position:relative;}@media all and (max-width: 1024px){.kadence-column10376_0ec7c2-59 > .kt-inside-inner-col{flex-direction:column;}}@media all and (max-width: 767px){.kadence-column10376_0ec7c2-59 > .kt-inside-inner-col{flex-direction:column;}}<\/style>\n<div class=\"wp-block-kadence-column kadence-column10376_0ec7c2-59\"><div class=\"kt-inside-inner-col\"><style>.wp-block-kadence-advancedheading.kt-adv-heading10376_b48f5b-82, .wp-block-kadence-advancedheading.kt-adv-heading10376_b48f5b-82[data-kb-block=\"kb-adv-heading10376_b48f5b-82\"]{text-align:center;font-style:normal;}.wp-block-kadence-advancedheading.kt-adv-heading10376_b48f5b-82 mark.kt-highlight, .wp-block-kadence-advancedheading.kt-adv-heading10376_b48f5b-82[data-kb-block=\"kb-adv-heading10376_b48f5b-82\"] mark.kt-highlight{font-style:normal;color:#f76a0c;-webkit-box-decoration-break:clone;box-decoration-break:clone;padding-top:0px;padding-right:0px;padding-bottom:0px;padding-left:0px;}<\/style>\n<h3 class=\"kt-adv-heading10376_b48f5b-82 wp-block-kadence-advancedheading\" data-kb-block=\"kb-adv-heading10376_b48f5b-82\"><a href=\"https:\/\/youtu.be\/rinUCJUww54\">View 2025 Volunteers<\/a><\/h3>\n\n\n\n<figure class=\"wp-block-embed is-type-video is-provider-youtube wp-block-embed-youtube wp-embed-aspect-16-9 wp-has-aspect-ratio\"><div class=\"wp-block-embed__wrapper\">\n<iframe loading=\"lazy\" title=\"Resumen en video del mes de voluntariado de GBTA 2024\" width=\"720\" height=\"405\" src=\"https:\/\/www.youtube.com\/embed\/rinUCJUww54?feature=oembed\" frameborder=\"0\" allow=\"accelerometer; autoplay; clipboard-write; encrypted-media; gyroscope; picture-in-picture; web-share\" referrerpolicy=\"strict-origin-when-cross-origin\" allowfullscreen><\/iframe>\n<\/div><\/figure>\n<\/div><\/div>\n\n<\/div><\/div><\/div><\/div>\n<\/div><\/div>\n\n\n\n<p><\/p>","protected":false},"excerpt":{"rendered":"<p>GBTA sabe que los voluntarios son el alma de nuestra asociaci\u00f3n y que nuestros \u00e9xitos se deben en parte al compromiso y la dedicaci\u00f3n que ponen en los programas e iniciativas de GBTA. Sus\u2026<\/p>","protected":false},"author":14,"featured_media":0,"parent":0,"menu_order":0,"comment_status":"closed","ping_status":"closed","template":"","meta":{"_acf_changed":false,"_seopress_robots_primary_cat":"","_seopress_titles_title":"","_seopress_titles_desc":"","_seopress_robots_index":"yes","om_disable_all_campaigns":false,"_relevanssi_hide_post":"","_relevanssi_hide_content":"","_relevanssi_pin_for_all":"","_relevanssi_pin_keywords":"","_relevanssi_unpin_keywords":"","_relevanssi_related_keywords":"","_relevanssi_related_include_ids":"","_relevanssi_related_exclude_ids":"","_relevanssi_related_no_append":"","_relevanssi_related_not_related":"","_relevanssi_related_posts":"1,415,662,664,666,667","_relevanssi_noindex_reason":"","_kad_blocks_custom_css":"","_kad_blocks_head_custom_js":"","_kad_blocks_body_custom_js":"","_kad_blocks_footer_custom_js":"","_kad_post_transparent":"","_kad_post_title":"","_kad_post_layout":"","_kad_post_sidebar_id":"","_kad_post_content_style":"","_kad_post_vertical_padding":"","_kad_post_feature":"","_kad_post_feature_position":"","_kad_post_header":false,"_kad_post_footer":false,"footnotes":"","_links_to":"","_links_to_target":""},"class_list":["post-10376","page","type-page","status-publish","hentry"],"acf":[],"featured_image_src_large":false,"author_info":{"display_name":"","author_link":"https:\/\/gbta.org\/es\/author\/"},"comment_info":"","taxonomy_info":[],"featured_image_src":null,"featured_image_src_square":null,"mfb_rest_fields":["featured_image_src_large","author_info","comment_info","taxonomy_info","featured_image_src","featured_image_src_square"],"_links":{"self":[{"href":"https:\/\/gbta.org\/es\/wp-json\/wp\/v2\/pages\/10376","targetHints":{"allow":["GET"]}}],"collection":[{"href":"https:\/\/gbta.org\/es\/wp-json\/wp\/v2\/pages"}],"about":[{"href":"https:\/\/gbta.org\/es\/wp-json\/wp\/v2\/types\/page"}],"author":[{"embeddable":true,"href":"https:\/\/gbta.org\/es\/wp-json\/wp\/v2\/users\/14"}],"replies":[{"embeddable":true,"href":"https:\/\/gbta.org\/es\/wp-json\/wp\/v2\/comments?post=10376"}],"version-history":[{"count":17,"href":"https:\/\/gbta.org\/es\/wp-json\/wp\/v2\/pages\/10376\/revisions"}],"predecessor-version":[{"id":31427,"href":"https:\/\/gbta.org\/es\/wp-json\/wp\/v2\/pages\/10376\/revisions\/31427"}],"wp:attachment":[{"href":"https:\/\/gbta.org\/es\/wp-json\/wp\/v2\/media?parent=10376"}],"curies":[{"name":"wp","href":"https:\/\/api.w.org\/{rel}","templated":true}]}}