{"id":11835,"date":"2023-07-12T02:48:59","date_gmt":"2023-07-12T06:48:59","guid":{"rendered":"https:\/\/gbta.org\/?page_id=11835"},"modified":"2026-05-01T15:08:59","modified_gmt":"2026-05-01T19:08:59","slug":"business-travel-service-award","status":"publish","type":"page","link":"https:\/\/gbta.org\/es\/recognition\/business-travel-service-award\/","title":{"rendered":"Premio al servicio de viajes de negocios"},"content":{"rendered":"<style>.kadence-column11835_7a0f20-bd > .kt-inside-inner-col,.kadence-column11835_7a0f20-bd > .kt-inside-inner-col:before{border-top-left-radius:0px;border-top-right-radius:0px;border-bottom-right-radius:0px;border-bottom-left-radius:0px;}.kadence-column11835_7a0f20-bd > .kt-inside-inner-col{column-gap:var(--global-kb-gap-sm, 1rem);}.kadence-column11835_7a0f20-bd > .kt-inside-inner-col{flex-direction:column;}.kadence-column11835_7a0f20-bd > .kt-inside-inner-col > .aligncenter{width:100%;}.kadence-column11835_7a0f20-bd > .kt-inside-inner-col:before{opacity:0.3;}.kadence-column11835_7a0f20-bd{position:relative;}@media all and (max-width: 1024px){.kadence-column11835_7a0f20-bd > .kt-inside-inner-col{flex-direction:column;}}@media all and (max-width: 767px){.kadence-column11835_7a0f20-bd > .kt-inside-inner-col{flex-direction:column;}}<\/style>\n<div class=\"wp-block-kadence-column kadence-column11835_7a0f20-bd inner-column-1\"><div class=\"kt-inside-inner-col\"><style>.kb-row-layout-id11835_d82fcd-eb > .kt-row-column-wrap{align-content:start;}:where(.kb-row-layout-id11835_d82fcd-eb > .kt-row-column-wrap) > .wp-block-kadence-column{justify-content:start;}.kb-row-layout-id11835_d82fcd-eb > .kt-row-column-wrap{column-gap:var(--global-kb-gap-md, 2rem);row-gap:var(--global-kb-gap-md, 2rem);padding-top:var(--global-kb-spacing-sm, 1.5rem);padding-bottom:var(--global-kb-spacing-sm, 1.5rem);grid-template-columns:minmax(0, 1fr);}.kb-row-layout-id11835_d82fcd-eb > .kt-row-layout-overlay{opacity:0.30;}@media all and (max-width: 1024px){.kb-row-layout-id11835_d82fcd-eb > .kt-row-column-wrap{grid-template-columns:minmax(0, 1fr);}}@media all and (max-width: 767px){.kb-row-layout-id11835_d82fcd-eb > .kt-row-column-wrap{grid-template-columns:minmax(0, 1fr);}}<\/style><div class=\"kb-row-layout-wrap kb-row-layout-id11835_d82fcd-eb alignnone wp-block-kadence-rowlayout\"><div class=\"kt-row-column-wrap kt-has-1-columns kt-row-layout-equal kt-tab-layout-inherit kt-mobile-layout-row kt-row-valign-top\">\n<style>.kadence-column11835_deaacb-a5 > .kt-inside-inner-col,.kadence-column11835_deaacb-a5 > .kt-inside-inner-col:before{border-top-left-radius:0px;border-top-right-radius:0px;border-bottom-right-radius:0px;border-bottom-left-radius:0px;}.kadence-column11835_deaacb-a5 > .kt-inside-inner-col{column-gap:var(--global-kb-gap-sm, 1rem);}.kadence-column11835_deaacb-a5 > .kt-inside-inner-col{flex-direction:column;}.kadence-column11835_deaacb-a5 > .kt-inside-inner-col > .aligncenter{width:100%;}.kadence-column11835_deaacb-a5 > .kt-inside-inner-col:before{opacity:0.3;}.kadence-column11835_deaacb-a5{position:relative;}@media all and (max-width: 1024px){.kadence-column11835_deaacb-a5 > .kt-inside-inner-col{flex-direction:column;}}@media all and (max-width: 767px){.kadence-column11835_deaacb-a5 > .kt-inside-inner-col{flex-direction:column;}}<\/style>\n<div class=\"wp-block-kadence-column kadence-column11835_deaacb-a5 inner-column-1\"><div class=\"kt-inside-inner-col\"><div class=\"wp-block-image\">\n<figure class=\"aligncenter size-full is-resized\"><img loading=\"lazy\" decoding=\"async\" width=\"500\" height=\"598\" src=\"https:\/\/gbta.org\/wp-content\/uploads\/iconsai-04.png\" alt=\"iconsai 04\" class=\"wp-image-11079\" style=\"width:200px;height:undefinedpx\" srcset=\"https:\/\/gbta.org\/wp-content\/uploads\/iconsai-04.png 500w, https:\/\/gbta.org\/wp-content\/uploads\/iconsai-04-251x300.png 251w, https:\/\/gbta.org\/wp-content\/uploads\/iconsai-04-10x12.png 10w\" sizes=\"auto, (max-width: 500px) 100vw, 500px\" \/><\/figure><\/div>\n\n<style>.kb-row-layout-id11835_0c1460-5d > .kt-row-column-wrap{align-content:start;}:where(.kb-row-layout-id11835_0c1460-5d > .kt-row-column-wrap) > .wp-block-kadence-column{justify-content:start;}.kb-row-layout-id11835_0c1460-5d > .kt-row-column-wrap{column-gap:var(--global-kb-gap-md, 2rem);row-gap:var(--global-kb-gap-md, 2rem);padding-top:var(--global-kb-spacing-sm, 1.5rem);padding-bottom:var(--global-kb-spacing-sm, 1.5rem);grid-template-columns:minmax(0, 2fr) minmax(0, 1fr);}.kb-row-layout-id11835_0c1460-5d > .kt-row-layout-overlay{opacity:0.30;}@media all and (max-width: 1024px){.kb-row-layout-id11835_0c1460-5d > .kt-row-column-wrap{grid-template-columns:minmax(0, 2fr) minmax(0, 1fr);}}@media all and (max-width: 767px){.kb-row-layout-id11835_0c1460-5d > .kt-row-column-wrap{grid-template-columns:minmax(0, 1fr);}}<\/style><div class=\"kb-row-layout-wrap kb-row-layout-id11835_0c1460-5d alignnone wp-block-kadence-rowlayout\"><div class=\"kt-row-column-wrap kt-has-2-columns kt-row-layout-left-golden kt-tab-layout-inherit kt-mobile-layout-row kt-row-valign-top\">\n<style>.kadence-column11835_aef1cf-63 > .kt-inside-inner-col,.kadence-column11835_aef1cf-63 > .kt-inside-inner-col:before{border-top-left-radius:0px;border-top-right-radius:0px;border-bottom-right-radius:0px;border-bottom-left-radius:0px;}.kadence-column11835_aef1cf-63 > .kt-inside-inner-col{column-gap:var(--global-kb-gap-sm, 1rem);}.kadence-column11835_aef1cf-63 > .kt-inside-inner-col{flex-direction:column;}.kadence-column11835_aef1cf-63 > .kt-inside-inner-col > .aligncenter{width:100%;}.kadence-column11835_aef1cf-63 > .kt-inside-inner-col:before{opacity:0.3;}.kadence-column11835_aef1cf-63{position:relative;}@media all and (max-width: 1024px){.kadence-column11835_aef1cf-63 > .kt-inside-inner-col{flex-direction:column;}}@media all and (max-width: 767px){.kadence-column11835_aef1cf-63 > .kt-inside-inner-col{flex-direction:column;}}<\/style>\n<div class=\"wp-block-kadence-column kadence-column11835_aef1cf-63\"><div class=\"kt-inside-inner-col\">\n<p>Cada a\u00f1o, GBTA Regions honra a un grupo selecto de profesionales de viajes con experiencia con el elite Business Travel Service Award (BTSA). Estos miembros de GBTA se han distinguido por su empresa, su asociaci\u00f3n (tanto local como nacional), sus socios comerciales y han hecho contribuciones a la industria de viajes de negocios. Para ser considerados para la BTSA, las personas:<\/p>\n<\/div><\/div>\n\n\n<style>.kadence-column11835_72c591-9c > .kt-inside-inner-col,.kadence-column11835_72c591-9c > .kt-inside-inner-col:before{border-top-left-radius:0px;border-top-right-radius:0px;border-bottom-right-radius:0px;border-bottom-left-radius:0px;}.kadence-column11835_72c591-9c > .kt-inside-inner-col{column-gap:var(--global-kb-gap-sm, 1rem);}.kadence-column11835_72c591-9c > .kt-inside-inner-col{flex-direction:column;}.kadence-column11835_72c591-9c > .kt-inside-inner-col > .aligncenter{width:100%;}.kadence-column11835_72c591-9c > .kt-inside-inner-col:before{opacity:0.3;}.kadence-column11835_72c591-9c{position:relative;}@media all and (max-width: 1024px){.kadence-column11835_72c591-9c > .kt-inside-inner-col{flex-direction:column;}}@media all and (max-width: 767px){.kadence-column11835_72c591-9c > .kt-inside-inner-col{flex-direction:column;}}<\/style>\n<div class=\"wp-block-kadence-column kadence-column11835_72c591-9c\"><div class=\"kt-inside-inner-col\">\n<div class=\"wp-block-buttons is-content-justification-center is-layout-flex wp-container-core-buttons-is-layout-1 wp-block-buttons-is-layout-flex\">\n<div class=\"wp-block-button\"><a class=\"wp-block-button__link wp-element-button\" href=\"https:\/\/form.jotform.com\/gbtaforms\/recognition-nomination-form\" target=\"_blank\" rel=\"noreferrer noopener\">nominar a alguien hoy<\/a><\/div>\n<\/div>\n<\/div><\/div>\n\n<\/div><\/div>\n\n\n<ul class=\"wp-block-list\">\n<li>Debe ser miembro de GBTA y\/o su cap\u00edtulo local o asociaci\u00f3n asociada (cuando corresponda)<\/li>\n\n\n\n<li>Debe tener un m\u00ednimo de tres (3) a\u00f1os de participaci\u00f3n activa en la industria de viajes o reuniones y eventos (EE. UU., Canad\u00e1)<\/li>\n\n\n\n<li>Debe haber servido como funcionario, director, presidente o copresidente de la junta o comit\u00e9 en su cap\u00edtulo local (EE. UU.)<\/li>\n\n\n\n<li>Debe haber trabajado como voluntario de la industria a nivel local, nacional o global (EMEA, Canad\u00e1)<\/li>\n\n\n\n<li>Debe demostrar la b\u00fasqueda de educaci\u00f3n continua en el campo de los viajes de negocios o reuniones y eventos (EE. UU., Canad\u00e1)<\/li>\n<\/ul>\n\n\n\n<p>\u00a1\u00danase a nosotros para reconocer a nuestros dedicados miembros destinatarios!<\/p>\n\n\n\n<p class=\"has-text-align-center\"><strong>Regi\u00f3n de EE. UU.:<\/strong> Obtenga m\u00e1s informaci\u00f3n y vea los ganadores anteriores <a href=\"https:\/\/gbtacpc.org\/Business_Travel_Professional_Service_Award\" data-type=\"URL\" data-id=\"https:\/\/gbtacpc.org\/Business_Travel_Professional_Service_Award\" target=\"_blank\" rel=\"noreferrer noopener\">aqu\u00ed<\/a><\/p>\n\n\n\n<figure class=\"wp-block-table aligncenter is-style-stripes\"><table><tbody><tr><td><\/td><td class=\"has-text-align-left\" data-align=\"left\"><strong>EMEA<\/strong><\/td><td><strong>CANAD\u00c1<\/strong><\/td><td><strong>LATAM<\/strong><\/td><td><strong>APAC<\/strong><\/td><td><strong>A NOSOTROS<\/strong><\/td><td><\/td><\/tr><tr><td>2026<\/td><td class=\"has-text-align-left\" data-align=\"left\"><\/td><td><\/td><td><\/td><td><\/td><td>Julie Van Oss<br>Darren L\u2019Appanna<br>Jake Moreland<br>Debbie Sievert<br>Nathan Bieck<br>paula flores<br>ronda decano<br>Ted Cullen<br>Nan Lester<br>Dell rosa rosa<\/td><td><\/td><\/tr><tr><td><strong>2025<\/strong><\/td><td class=\"has-text-align-left\" data-align=\"left\">aurelie duprez<br>C\u00e9sar Belosi<br>Suzanne Sangiovese<br>Stefan van Sliedregt<\/td><td>Kristen Hrycoy<br>Tim Oldfield<\/td><td>Felipe Mesquita<br>Eva Ram\u00edrez Ibarra<br>Felipe Cardona<\/td><td>Pedro Koh<br>Sandeep Shastri<br>Kenji Soh<br>\u82cf\u6977\u6770<\/td><td>Sherrill McLean<br>Michael Morrison<br>marca champ\u00e1n<br>Doug Dolsen<br>Amanda Stredney<br>Lee P.<br>Jamisha Ascue\u2011Breland<br>Brittany Brown<br>Terasa Tierney<br>Laura Scott<\/td><td><\/td><\/tr><tr><td><strong>2024<\/strong><\/td><td class=\"has-text-align-left\" data-align=\"left\">Nicol\u00e1s Hymans<br>Marco Quagliarella<br>katharina navarro<\/td><td>Jeff Reyes<br>Lisa Veress<\/td><td>Joyce Macieri<br>Lucila Pesci<br>Eva Ram\u00edrez<br>Julia Brito<\/td><td>B\u00e1rbara Coreana<\/td><td>Ashley Ridolf<br>Steven Bossard<br>Melod\u00eda Haislip<br>Melissa Johnson<br>Debbie Thomas<br>Gayle Sinclair<br>Rena Briggs<br>Monica Ocampo<br>Cathy Taylor-Sharp<br>Brenda Ortman<\/td><td><\/td><\/tr><tr><td><strong>2023<\/strong><\/td><td class=\"has-text-align-left\" data-align=\"left\">dan humby<br>andrea guiricin<br>Hilde Dahm-Simonsen<br>faiz mimita<\/td><td>Carlos Crowder<br>jennifer urquhart<\/td><td>nidia quintero<br>M\u00f3nica Crawfurd<\/td><td>carl jones<\/td><td>Megin Dressel<br>James Randall Roop<br>Nicki Leeds<br>Amy Cox<br>Cindy Mann<br>Lisa Simpson<br>Derrick Monte Carlo<br>alyssa joven<br>Mary Rumer<br>Rebeca Palatka<\/td><td><\/td><\/tr><tr><td><strong>2022<\/strong><\/td><td class=\"has-text-align-left\" data-align=\"left\">Jorge Mesa<br>Robyn Christie<br>Carine Mor\u00edn<\/td><td>maraya wilson<br>jodi francos<strong>&nbsp;&nbsp;&nbsp;&nbsp;&nbsp;&nbsp;&nbsp;<\/strong><\/td><td><\/td><td><\/td><td>kim ferguson<br>Kim Kearns<br>Dwight Minio<br>kristen reeves<br>Jim Pio<br>\u00e1mbar mallon<br>Sabrina Kronk<br>karen enlace<br>Karen Beauchamp<br>Holly McTague<\/td><td><\/td><\/tr><tr><td><strong>2021<\/strong><\/td><td class=\"has-text-align-left\" data-align=\"left\">cristian rosenbaum<\/td><td>bertie fernandes<br>Brook Davis<\/td><td><\/td><td><\/td><td>Valerie Barnes<br>Jason Beckham<br>Kathryn Craven<br>Laurie Etcheverry<br>Kelly Ferrigno<br>Rex Heineman<br>Nancy King<br>Carey Pascoe<br>Scott Phillips<br>Roberto Wade<br>tom wilkinson<\/td><td><\/td><\/tr><tr><td><strong>2020<\/strong><\/td><td class=\"has-text-align-left\" data-align=\"left\">julieta howie<br>roberta bille<br>Ren\u00e9 Proske<\/td><td>Sharlene Ketwaroo-Nanoo<br>esteban anderson<\/td><td><\/td><td><\/td><td>Bonnie Brabb<br>Mike Donohue<br>Michael Farrell<br>Jesse Funk<br>Pamela Howard<br>Ren\u00e9e Huff<br>Elisabeth Johnson<br>Linda Loesch<br>\u00c1ngela Paulus<br>carmen smith<br>maria thompson<\/td><td><\/td><\/tr><tr><td><strong>2019<\/strong><\/td><td class=\"has-text-align-left\" data-align=\"left\">Flavio Ghiringhelli<br>Jafles Pacheco<\/td><td>maraya wilson<br>jodi francos<span style=\"font-weight: 600;\">&nbsp;<\/span><\/td><td><\/td><td><\/td><td>Beverly Allen<br>maiko barrett<br>Chris Dalton<br>Kim Bilsky<br>bobbi huber<br>Claudine Gallagher<br>Diane Perretti<br>Neda Nazem<br>Ryan Pierce<br>carol schrager<\/td><td><\/td><\/tr><tr><td><strong>2018<\/strong><\/td><td class=\"has-text-align-left\" data-align=\"left\">Minna Torpa<br>Douglas O&#039;Neill<br>Olivier Benoit<\/td><td>alex fernando<br>connie smith<\/td><td><\/td><td><\/td><td>Kevin Barwell<br>Kathy Briski<br>joni doiron<br>Trish Earles<br>Betty Grogan<br>Adam Higley<br>Joanna McNellis Coelho<br>Cynthia Shumate<br>Jason Sportsman<br>Yukari Tortorich<\/td><td><\/td><\/tr><tr><td><strong>2017<\/strong><\/td><td class=\"has-text-align-left\" data-align=\"left\">Teemu Tuomarla<br>Marc Zuber<br>Nicolas Lomas<\/td><td>Shelly Lewchuck<br>raza ian<\/td><td><\/td><td><\/td><td>Phyliss Cowell<br>B\u00e1rbara Arena<br>Bonnie Christensen<br>teresa amos<br>Melinda Kirkham<br>Terri Moreno<br>tricia alsup<br>chris maguire<br>Maureen Ashley<br>Nicole Lynch<\/td><td><\/td><\/tr><tr><td><strong>2016<\/strong><\/td><td class=\"has-text-align-left\" data-align=\"left\">morice romano&nbsp;&nbsp;&nbsp;&nbsp;&nbsp;<br>catalina lundberg<\/td><td><\/td><td>Rom\u00e1n Hern\u00e1ndez<br>mejor javier rosas<\/td><td>&nbsp;Hamish Wang<br>becky cao<\/td><td>Ellen Meyer<br>valentina hanson<br>brezo pastrick<br>Mary Cole<br>DJ Prohaska<br>cyndy thompson<br>wallis williams<br>frijol samantha<br>Gregorio Sweeney<br>claire langford<\/td><td><\/td><\/tr><tr><td><\/td><td class=\"has-text-align-left\" data-align=\"left\"><\/td><td><\/td><td><\/td><td><\/td><td><\/td><td><\/td><\/tr><\/tbody><\/table><\/figure>\n\n\n<style>.kadence-column11835_a17786-05 > .kt-inside-inner-col,.kadence-column11835_a17786-05 > .kt-inside-inner-col:before{border-top-left-radius:0px;border-top-right-radius:0px;border-bottom-right-radius:0px;border-bottom-left-radius:0px;}.kadence-column11835_a17786-05 > .kt-inside-inner-col{column-gap:var(--global-kb-gap-sm, 1rem);}.kadence-column11835_a17786-05 > .kt-inside-inner-col{flex-direction:column;}.kadence-column11835_a17786-05 > .kt-inside-inner-col > .aligncenter{width:100%;}.kadence-column11835_a17786-05 > .kt-inside-inner-col:before{opacity:0.3;}.kadence-column11835_a17786-05{position:relative;}@media all and (max-width: 1024px){.kadence-column11835_a17786-05 > .kt-inside-inner-col{flex-direction:column;}}@media all and (max-width: 767px){.kadence-column11835_a17786-05 > .kt-inside-inner-col{flex-direction:column;}}<\/style>\n<div class=\"wp-block-kadence-column kadence-column11835_a17786-05 inner-column-1\"><div class=\"kt-inside-inner-col\"><h3 class=\"wp-block-heading\" id=\"questions\">Preguntas<\/h3>\n\n\n<p>Seguimos recopilando nuestros destinatarios anteriores. \u00a1Vuelva a consultar las actualizaciones! \u00bfEs usted un destinatario anterior?&nbsp;&nbsp;<a href=\"https:\/\/form.jotform.com\/231574699850167\" data-type=\"URL\" data-id=\"https:\/\/form.jotform.com\/231574699850167\" target=\"_blank\" rel=\"noreferrer noopener\">H\u00e1ganos saber aqu\u00ed<\/a>!<\/p>\n<\/div><\/div>\n<\/div><\/div>\n\n<\/div><\/div><\/div><\/div>\n\n\n\n<p><\/p>","protected":false},"excerpt":{"rendered":"<p>Cada a\u00f1o, GBTA Regions honra a un grupo selecto de profesionales de viajes con experiencia con el elite Business Travel Service Award (BTSA). Estos miembros de GBTA se han distinguido por su empresa, su\u2026<\/p>","protected":false},"author":14,"featured_media":0,"parent":10326,"menu_order":0,"comment_status":"closed","ping_status":"closed","template":"","meta":{"_acf_changed":false,"_seopress_robots_primary_cat":"","_seopress_titles_title":"","_seopress_titles_desc":"","_seopress_robots_index":"yes","om_disable_all_campaigns":false,"_relevanssi_hide_post":"","_relevanssi_hide_content":"","_relevanssi_pin_for_all":"","_relevanssi_pin_keywords":"","_relevanssi_unpin_keywords":"","_relevanssi_related_keywords":"","_relevanssi_related_include_ids":"","_relevanssi_related_exclude_ids":"","_relevanssi_related_no_append":"","_relevanssi_related_not_related":"","_relevanssi_related_posts":"1,415,662,664,666,667","_relevanssi_noindex_reason":"","_kad_blocks_custom_css":"","_kad_blocks_head_custom_js":"","_kad_blocks_body_custom_js":"","_kad_blocks_footer_custom_js":"","_kad_post_transparent":"","_kad_post_title":"","_kad_post_layout":"","_kad_post_sidebar_id":"","_kad_post_content_style":"","_kad_post_vertical_padding":"","_kad_post_feature":"","_kad_post_feature_position":"","_kad_post_header":false,"_kad_post_footer":false,"footnotes":"","_links_to":"","_links_to_target":""},"class_list":["post-11835","page","type-page","status-publish","hentry"],"acf":[],"featured_image_src_large":false,"author_info":{"display_name":"","author_link":"https:\/\/gbta.org\/es\/author\/"},"comment_info":"","taxonomy_info":[],"featured_image_src":null,"featured_image_src_square":null,"mfb_rest_fields":["featured_image_src_large","author_info","comment_info","taxonomy_info","featured_image_src","featured_image_src_square"],"_links":{"self":[{"href":"https:\/\/gbta.org\/es\/wp-json\/wp\/v2\/pages\/11835","targetHints":{"allow":["GET"]}}],"collection":[{"href":"https:\/\/gbta.org\/es\/wp-json\/wp\/v2\/pages"}],"about":[{"href":"https:\/\/gbta.org\/es\/wp-json\/wp\/v2\/types\/page"}],"author":[{"embeddable":true,"href":"https:\/\/gbta.org\/es\/wp-json\/wp\/v2\/users\/14"}],"replies":[{"embeddable":true,"href":"https:\/\/gbta.org\/es\/wp-json\/wp\/v2\/comments?post=11835"}],"version-history":[{"count":5,"href":"https:\/\/gbta.org\/es\/wp-json\/wp\/v2\/pages\/11835\/revisions"}],"predecessor-version":[{"id":31916,"href":"https:\/\/gbta.org\/es\/wp-json\/wp\/v2\/pages\/11835\/revisions\/31916"}],"up":[{"embeddable":true,"href":"https:\/\/gbta.org\/es\/wp-json\/wp\/v2\/pages\/10326"}],"wp:attachment":[{"href":"https:\/\/gbta.org\/es\/wp-json\/wp\/v2\/media?parent=11835"}],"curies":[{"name":"wp","href":"https:\/\/api.w.org\/{rel}","templated":true}]}}