{"id":12464,"date":"2023-08-29T09:26:29","date_gmt":"2023-08-29T13:26:29","guid":{"rendered":"https:\/\/gbta.org\/?page_id=12464"},"modified":"2023-08-31T11:56:20","modified_gmt":"2023-08-31T15:56:20","slug":"hilfman-leadership-scholarship-award","status":"publish","type":"page","link":"https:\/\/gbta.org\/es\/recognition\/hilfman-leadership-scholarship-award\/","title":{"rendered":"Premio de beca de liderazgo Hilfman"},"content":{"rendered":"<style>.kadence-column_b51408-71 > .kt-inside-inner-col,.kadence-column_b51408-71 > .kt-inside-inner-col:before{border-top-left-radius:0px;border-top-right-radius:0px;border-bottom-right-radius:0px;border-bottom-left-radius:0px;}.kadence-column_b51408-71 > .kt-inside-inner-col{column-gap:var(--global-kb-gap-sm, 1rem);}.kadence-column_b51408-71 > .kt-inside-inner-col{flex-direction:column;}.kadence-column_b51408-71 > .kt-inside-inner-col > .aligncenter{width:100%;}.kadence-column_b51408-71 > .kt-inside-inner-col:before{opacity:0.3;}.kadence-column_b51408-71{position:relative;}@media all and (max-width: 1024px){.kadence-column_b51408-71 > .kt-inside-inner-col{flex-direction:column;}}@media all and (max-width: 767px){.kadence-column_b51408-71 > .kt-inside-inner-col{flex-direction:column;}}<\/style>\n<div class=\"wp-block-kadence-column kadence-column_b51408-71 inner-column-1\"><div class=\"kt-inside-inner-col\"><style>.kb-row-layout-id_7b4973-d8 > .kt-row-column-wrap{align-content:start;}:where(.kb-row-layout-id_7b4973-d8 > .kt-row-column-wrap) > .wp-block-kadence-column{justify-content:start;}.kb-row-layout-id_7b4973-d8 > .kt-row-column-wrap{column-gap:var(--global-kb-gap-md, 2rem);row-gap:var(--global-kb-gap-md, 2rem);padding-top:var(--global-kb-spacing-sm, 1.5rem);padding-bottom:var(--global-kb-spacing-sm, 1.5rem);grid-template-columns:minmax(0, 1fr);}.kb-row-layout-id_7b4973-d8 > .kt-row-layout-overlay{opacity:0.30;}@media all and (max-width: 1024px){.kb-row-layout-id_7b4973-d8 > .kt-row-column-wrap{grid-template-columns:minmax(0, 1fr);}}@media all and (max-width: 767px){.kb-row-layout-id_7b4973-d8 > .kt-row-column-wrap{grid-template-columns:minmax(0, 1fr);}}<\/style><div class=\"kb-row-layout-wrap kb-row-layout-id_7b4973-d8 alignnone wp-block-kadence-rowlayout\"><div class=\"kt-row-column-wrap kt-has-1-columns kt-row-layout-equal kt-tab-layout-inherit kt-mobile-layout-row kt-row-valign-top\">\n<style>.kadence-column_0a56f4-e6 > .kt-inside-inner-col,.kadence-column_0a56f4-e6 > .kt-inside-inner-col:before{border-top-left-radius:0px;border-top-right-radius:0px;border-bottom-right-radius:0px;border-bottom-left-radius:0px;}.kadence-column_0a56f4-e6 > .kt-inside-inner-col{column-gap:var(--global-kb-gap-sm, 1rem);}.kadence-column_0a56f4-e6 > .kt-inside-inner-col{flex-direction:column;}.kadence-column_0a56f4-e6 > .kt-inside-inner-col > .aligncenter{width:100%;}.kadence-column_0a56f4-e6 > .kt-inside-inner-col:before{opacity:0.3;}.kadence-column_0a56f4-e6{position:relative;}@media all and (max-width: 1024px){.kadence-column_0a56f4-e6 > .kt-inside-inner-col{flex-direction:column;}}@media all and (max-width: 767px){.kadence-column_0a56f4-e6 > .kt-inside-inner-col{flex-direction:column;}}<\/style>\n<div class=\"wp-block-kadence-column kadence-column_0a56f4-e6 inner-column-1\"><div class=\"kt-inside-inner-col\"><div class=\"wp-block-image\">\n<figure class=\"aligncenter size-full is-resized\"><img decoding=\"async\" src=\"https:\/\/gbta.org\/wp-content\/uploads\/iconsai-07.png\" alt=\"iconsai 07\" class=\"wp-image-11080\" style=\"width:200px\" width=\"200\" srcset=\"https:\/\/gbta.org\/wp-content\/uploads\/iconsai-07.png 500w, https:\/\/gbta.org\/wp-content\/uploads\/iconsai-07-251x300.png 251w, https:\/\/gbta.org\/wp-content\/uploads\/iconsai-07-10x12.png 10w\" sizes=\"(max-width: 500px) 100vw, 500px\" \/><\/figure><\/div>\n\n\n<p>Esta beca sin condiciones honra a un miembro digno de la industria con la misma chispa y esp\u00edritu que Dave Hilfman. La beca debe ser utilizada por el individuo para promover su desarrollo personal o profesional. \u00a1Los criterios descritos para este premio de reconocimiento son cosas que Dave tambi\u00e9n aport\u00f3 \u00e9l mismo!<\/p>\n\n\n\n<ul class=\"wp-block-list\">\n<li>L\u00edder intelectual de la industria que impulsa el cambio de manera apasionada y colaborativa.<\/li>\n\n\n\n<li>Miembro de la industria que aporta energ\u00eda y vida a cualquier desaf\u00edo u oportunidad.<\/li>\n\n\n\n<li>La persona debe ser positiva y continuar buscando formas de ayudar a sus pares y a la industria a avanzar.<\/li>\n<\/ul>\n\n\n\n<p>*Este premio se ofrece \u00fanicamente entre 2021 y 2023.<\/p>\n\n\n<style>.kadence-column_f114c0-18 > .kt-inside-inner-col,.kadence-column_f114c0-18 > .kt-inside-inner-col:before{border-top-left-radius:0px;border-top-right-radius:0px;border-bottom-right-radius:0px;border-bottom-left-radius:0px;}.kadence-column_f114c0-18 > .kt-inside-inner-col{column-gap:var(--global-kb-gap-sm, 1rem);}.kadence-column_f114c0-18 > .kt-inside-inner-col{flex-direction:column;}.kadence-column_f114c0-18 > .kt-inside-inner-col > .aligncenter{width:100%;}.kadence-column_f114c0-18 > .kt-inside-inner-col:before{opacity:0.3;}.kadence-column_f114c0-18{position:relative;}@media all and (max-width: 1024px){.kadence-column_f114c0-18 > .kt-inside-inner-col{flex-direction:column;}}@media all and (max-width: 767px){.kadence-column_f114c0-18 > .kt-inside-inner-col{flex-direction:column;}}<\/style>\n<div class=\"wp-block-kadence-column kadence-column_f114c0-18 inner-column-1\"><div class=\"kt-inside-inner-col\"><style>.wp-block-kadence-advancedheading.kt-adv-heading_10e74f-cb, .wp-block-kadence-advancedheading.kt-adv-heading_10e74f-cb[data-kb-block=\"kb-adv-heading_10e74f-cb\"]{font-style:normal;}.wp-block-kadence-advancedheading.kt-adv-heading_10e74f-cb mark.kt-highlight, .wp-block-kadence-advancedheading.kt-adv-heading_10e74f-cb[data-kb-block=\"kb-adv-heading_10e74f-cb\"] mark.kt-highlight{font-style:normal;color:#f76a0c;-webkit-box-decoration-break:clone;box-decoration-break:clone;padding-top:0px;padding-right:0px;padding-bottom:0px;padding-left:0px;}<\/style>\n<h3 class=\"kt-adv-heading_10e74f-cb wp-block-kadence-advancedheading has-theme-palette-1-color has-text-color\" data-kb-block=\"kb-adv-heading_10e74f-cb\">\u00a1\u00danase a nosotros para reconocer a nuestros destinatarios!<\/h3>\n\n\n<style>.kb-row-layout-id_6e185c-5b > .kt-row-column-wrap{align-content:start;}:where(.kb-row-layout-id_6e185c-5b > .kt-row-column-wrap) > .wp-block-kadence-column{justify-content:start;}.kb-row-layout-id_6e185c-5b > .kt-row-column-wrap{column-gap:var(--global-kb-gap-md, 2rem);row-gap:var(--global-kb-gap-md, 2rem);padding-top:var(--global-kb-spacing-sm, 1.5rem);padding-bottom:var(--global-kb-spacing-sm, 1.5rem);}.kb-row-layout-id_6e185c-5b > .kt-row-column-wrap > div:not(.added-for-specificity){grid-column:initial;}.kb-row-layout-id_6e185c-5b > .kt-row-column-wrap{grid-template-columns:repeat(3, minmax(0, 1fr));}.kb-row-layout-id_6e185c-5b > .kt-row-layout-overlay{opacity:0.30;}@media all and (max-width: 1024px){.kb-row-layout-id_6e185c-5b > .kt-row-column-wrap > div:not(.added-for-specificity){grid-column:initial;}}@media all and (max-width: 1024px){.kb-row-layout-id_6e185c-5b > .kt-row-column-wrap{grid-template-columns:repeat(3, minmax(0, 1fr));}}@media all and (max-width: 767px){.kb-row-layout-id_6e185c-5b > .kt-row-column-wrap > div:not(.added-for-specificity){grid-column:initial;}.kb-row-layout-id_6e185c-5b > .kt-row-column-wrap{grid-template-columns:minmax(0, 1fr);}}<\/style><div class=\"kb-row-layout-wrap kb-row-layout-id_6e185c-5b alignnone wp-block-kadence-rowlayout\"><div class=\"kt-row-column-wrap kt-has-3-columns kt-row-layout-equal kt-tab-layout-inherit kt-mobile-layout-row kt-row-valign-top\">\n<style>.kadence-column_c35871-46 > .kt-inside-inner-col,.kadence-column_c35871-46 > .kt-inside-inner-col:before{border-top-left-radius:0px;border-top-right-radius:0px;border-bottom-right-radius:0px;border-bottom-left-radius:0px;}.kadence-column_c35871-46 > .kt-inside-inner-col{column-gap:var(--global-kb-gap-sm, 1rem);}.kadence-column_c35871-46 > .kt-inside-inner-col{flex-direction:column;}.kadence-column_c35871-46 > .kt-inside-inner-col > .aligncenter{width:100%;}.kadence-column_c35871-46 > .kt-inside-inner-col:before{opacity:0.3;}.kadence-column_c35871-46{position:relative;}@media all and (max-width: 1024px){.kadence-column_c35871-46 > .kt-inside-inner-col{flex-direction:column;}}@media all and (max-width: 767px){.kadence-column_c35871-46 > .kt-inside-inner-col{flex-direction:column;}}<\/style>\n<div class=\"wp-block-kadence-column kadence-column_c35871-46\"><div class=\"kt-inside-inner-col\"><style>.kadence-column_bf6dff-c9 > .kt-inside-inner-col,.kadence-column_bf6dff-c9 > .kt-inside-inner-col:before{border-top-left-radius:0px;border-top-right-radius:0px;border-bottom-right-radius:0px;border-bottom-left-radius:0px;}.kadence-column_bf6dff-c9 > .kt-inside-inner-col{column-gap:var(--global-kb-gap-sm, 1rem);}.kadence-column_bf6dff-c9 > .kt-inside-inner-col{flex-direction:column;}.kadence-column_bf6dff-c9 > .kt-inside-inner-col > .aligncenter{width:100%;}.kadence-column_bf6dff-c9 > .kt-inside-inner-col:before{opacity:0.3;}.kadence-column_bf6dff-c9{position:relative;}@media all and (max-width: 1024px){.kadence-column_bf6dff-c9 > .kt-inside-inner-col{flex-direction:column;}}@media all and (max-width: 767px){.kadence-column_bf6dff-c9 > .kt-inside-inner-col{flex-direction:column;}}<\/style>\n<div class=\"wp-block-kadence-column kadence-column_bf6dff-c9\"><div class=\"kt-inside-inner-col\"><h5 class=\"wp-block-heading has-text-align-right has-theme-palette-1-color has-text-color\" id=\"2023\"><strong><strong><strong><strong>2023<\/strong><\/strong><\/strong><\/strong><\/h5>\n\n\n<p class=\"has-text-align-right\">mike daly<br>Vicepresidente s\u00e9nior<br>Serko<\/p>\n<\/div><\/div>\n<\/div><\/div>\n\n\n<style>.kadence-column_537c7a-7c > .kt-inside-inner-col,.kadence-column_537c7a-7c > .kt-inside-inner-col:before{border-top-left-radius:0px;border-top-right-radius:0px;border-bottom-right-radius:0px;border-bottom-left-radius:0px;}.kadence-column_537c7a-7c > .kt-inside-inner-col{column-gap:var(--global-kb-gap-sm, 1rem);}.kadence-column_537c7a-7c > .kt-inside-inner-col{flex-direction:column;}.kadence-column_537c7a-7c > .kt-inside-inner-col > .aligncenter{width:100%;}.kadence-column_537c7a-7c > .kt-inside-inner-col:before{opacity:0.3;}.kadence-column_537c7a-7c{position:relative;}@media all and (max-width: 1024px){.kadence-column_537c7a-7c > .kt-inside-inner-col{flex-direction:column;}}@media all and (max-width: 767px){.kadence-column_537c7a-7c > .kt-inside-inner-col{flex-direction:column;}}<\/style>\n<div class=\"wp-block-kadence-column kadence-column_537c7a-7c\"><div class=\"kt-inside-inner-col\"><h5 class=\"wp-block-heading has-text-align-center has-theme-palette-1-color has-text-color\" id=\"2022\"><strong><strong><strong><strong>2022<\/strong><\/strong><\/strong><\/strong><\/h5>\n\n\n<p class=\"has-text-align-center\">colleen kearney<br>L\u00edder global de viajes corporativos<br>Tecnolog\u00edas Raytheon<\/p>\n<\/div><\/div>\n\n\n<style>.kadence-column_a26ad1-f2 > .kt-inside-inner-col,.kadence-column_a26ad1-f2 > .kt-inside-inner-col:before{border-top-left-radius:0px;border-top-right-radius:0px;border-bottom-right-radius:0px;border-bottom-left-radius:0px;}.kadence-column_a26ad1-f2 > .kt-inside-inner-col{column-gap:var(--global-kb-gap-sm, 1rem);}.kadence-column_a26ad1-f2 > .kt-inside-inner-col{flex-direction:column;}.kadence-column_a26ad1-f2 > .kt-inside-inner-col > .aligncenter{width:100%;}.kadence-column_a26ad1-f2 > .kt-inside-inner-col:before{opacity:0.3;}.kadence-column_a26ad1-f2{position:relative;}@media all and (max-width: 1024px){.kadence-column_a26ad1-f2 > .kt-inside-inner-col{flex-direction:column;}}@media all and (max-width: 767px){.kadence-column_a26ad1-f2 > .kt-inside-inner-col{flex-direction:column;}}<\/style>\n<div class=\"wp-block-kadence-column kadence-column_a26ad1-f2\"><div class=\"kt-inside-inner-col\"><h5 class=\"wp-block-heading has-theme-palette-1-color has-text-color\" id=\"2021\"><strong><strong><strong><strong>2021<\/strong><\/strong><\/strong><\/strong><\/h5>\n\n\n<p>beth kinerk<br>Vicepresidente s\u00e9nior, Ventas<br>Grupo Avis-Budget<\/p>\n<\/div><\/div>\n\n<\/div><\/div>\n\n\n<p><\/p>\n<\/div><\/div>\n\n\n<style>.kadence-column_26760f-bc > .kt-inside-inner-col{padding-top:20px;padding-bottom:20px;padding-left:10px;}.kadence-column_26760f-bc > .kt-inside-inner-col{border-left:10px solid var(--global-palette1, #3182CE);}.kadence-column_26760f-bc > .kt-inside-inner-col,.kadence-column_26760f-bc > .kt-inside-inner-col:before{border-top-left-radius:0px;border-top-right-radius:0px;border-bottom-right-radius:0px;border-bottom-left-radius:0px;}.kadence-column_26760f-bc > .kt-inside-inner-col{column-gap:var(--global-kb-gap-sm, 1rem);}.kadence-column_26760f-bc > .kt-inside-inner-col{flex-direction:column;}.kadence-column_26760f-bc > .kt-inside-inner-col > .aligncenter{width:100%;}.kadence-column_26760f-bc > .kt-inside-inner-col{background-color:var(--global-palette8, #F7FAFC);}.kadence-column_26760f-bc > .kt-inside-inner-col:before{opacity:0.3;}.kadence-column_26760f-bc{position:relative;}@media all and (max-width: 1024px){.kadence-column_26760f-bc > .kt-inside-inner-col{border-left:10px solid var(--global-palette1, #3182CE);flex-direction:column;}}@media all and (max-width: 767px){.kadence-column_26760f-bc > .kt-inside-inner-col{border-left:10px solid var(--global-palette1, #3182CE);flex-direction:column;}}<\/style>\n<div class=\"wp-block-kadence-column kadence-column_26760f-bc inner-column-1\"><div class=\"kt-inside-inner-col\"><style>.wp-block-kadence-advancedheading.kt-adv-heading_c4997a-d1, .wp-block-kadence-advancedheading.kt-adv-heading_c4997a-d1[data-kb-block=\"kb-adv-heading_c4997a-d1\"]{font-style:normal;background-color:var(--global-palette8, #F7FAFC);}.wp-block-kadence-advancedheading.kt-adv-heading_c4997a-d1 mark.kt-highlight, .wp-block-kadence-advancedheading.kt-adv-heading_c4997a-d1[data-kb-block=\"kb-adv-heading_c4997a-d1\"] mark.kt-highlight{font-style:normal;color:#f76a0c;-webkit-box-decoration-break:clone;box-decoration-break:clone;padding-top:0px;padding-right:0px;padding-bottom:0px;padding-left:0px;}<\/style>\n<h4 class=\"kt-adv-heading_c4997a-d1 wp-block-kadence-advancedheading\" data-kb-block=\"kb-adv-heading_c4997a-d1\">Preguntas<\/h4>\n\n\n<style>.wp-block-kadence-advancedheading.kt-adv-heading_322aac-be, .wp-block-kadence-advancedheading.kt-adv-heading_322aac-be[data-kb-block=\"kb-adv-heading_322aac-be\"]{font-style:normal;background-color:var(--global-palette8, #F7FAFC);}.wp-block-kadence-advancedheading.kt-adv-heading_322aac-be mark.kt-highlight, .wp-block-kadence-advancedheading.kt-adv-heading_322aac-be[data-kb-block=\"kb-adv-heading_322aac-be\"] mark.kt-highlight{font-style:normal;color:#f76a0c;-webkit-box-decoration-break:clone;box-decoration-break:clone;padding-top:0px;padding-right:0px;padding-bottom:0px;padding-left:0px;}<\/style>\n<p class=\"kt-adv-heading_322aac-be wp-block-kadence-advancedheading\" data-kb-block=\"kb-adv-heading_322aac-be\">Seguimos recopilando nuestros destinatarios anteriores. \u00a1Vuelva a consultar las actualizaciones! \u00bfEs usted un destinatario anterior?&nbsp; <a href=\"https:\/\/form.jotform.com\/231574699850167\">H\u00e1ganos saber aqu\u00ed<\/a>!<\/p>\n<\/div><\/div>\n<\/div><\/div>\n\n<\/div><\/div><\/div><\/div>","protected":false},"excerpt":{"rendered":"<p>Esta beca sin condiciones honra a un miembro digno de la industria con la misma chispa y esp\u00edritu que Dave Hilfman. La beca debe ser utilizada por el individuo para...<\/p>","protected":false},"author":14,"featured_media":0,"parent":10326,"menu_order":0,"comment_status":"closed","ping_status":"closed","template":"","meta":{"_acf_changed":false,"_seopress_robots_primary_cat":"","_seopress_titles_title":"","_seopress_titles_desc":"","_seopress_robots_index":"yes","om_disable_all_campaigns":false,"_relevanssi_hide_post":"","_relevanssi_hide_content":"","_relevanssi_pin_for_all":"","_relevanssi_pin_keywords":"","_relevanssi_unpin_keywords":"","_relevanssi_related_keywords":"","_relevanssi_related_include_ids":"","_relevanssi_related_exclude_ids":"","_relevanssi_related_no_append":"","_relevanssi_related_not_related":"","_relevanssi_related_posts":"1,415,662,664,666,667","_relevanssi_noindex_reason":"","_kad_blocks_custom_css":"","_kad_blocks_head_custom_js":"","_kad_blocks_body_custom_js":"","_kad_blocks_footer_custom_js":"","_kad_post_transparent":"","_kad_post_title":"","_kad_post_layout":"","_kad_post_sidebar_id":"","_kad_post_content_style":"","_kad_post_vertical_padding":"","_kad_post_feature":"","_kad_post_feature_position":"","_kad_post_header":false,"_kad_post_footer":false,"footnotes":"","_links_to":"","_links_to_target":""},"class_list":["post-12464","page","type-page","status-publish","hentry"],"acf":[],"featured_image_src_large":false,"author_info":{"display_name":"","author_link":"https:\/\/gbta.org\/es\/author\/"},"comment_info":"","taxonomy_info":[],"featured_image_src":null,"featured_image_src_square":null,"mfb_rest_fields":["featured_image_src_large","author_info","comment_info","taxonomy_info","featured_image_src","featured_image_src_square"],"_links":{"self":[{"href":"https:\/\/gbta.org\/es\/wp-json\/wp\/v2\/pages\/12464","targetHints":{"allow":["GET"]}}],"collection":[{"href":"https:\/\/gbta.org\/es\/wp-json\/wp\/v2\/pages"}],"about":[{"href":"https:\/\/gbta.org\/es\/wp-json\/wp\/v2\/types\/page"}],"author":[{"embeddable":true,"href":"https:\/\/gbta.org\/es\/wp-json\/wp\/v2\/users\/14"}],"replies":[{"embeddable":true,"href":"https:\/\/gbta.org\/es\/wp-json\/wp\/v2\/comments?post=12464"}],"version-history":[{"count":0,"href":"https:\/\/gbta.org\/es\/wp-json\/wp\/v2\/pages\/12464\/revisions"}],"up":[{"embeddable":true,"href":"https:\/\/gbta.org\/es\/wp-json\/wp\/v2\/pages\/10326"}],"wp:attachment":[{"href":"https:\/\/gbta.org\/es\/wp-json\/wp\/v2\/media?parent=12464"}],"curies":[{"name":"wp","href":"https:\/\/api.w.org\/{rel}","templated":true}]}}