{"id":128,"date":"2022-06-29T13:52:50","date_gmt":"2022-06-29T17:52:50","guid":{"rendered":"https:\/\/gbta.org\/?page_id=128"},"modified":"2022-08-04T01:09:48","modified_gmt":"2022-08-04T05:09:48","slug":"on-demand","status":"publish","type":"page","link":"https:\/\/gbta.org\/es\/professional-development\/education-growth\/on-demand\/","title":{"rendered":"GBTA bajo demanda"},"content":{"rendered":"<style>#kt-layout-id_fa3259-13 > .kt-row-column-wrap{align-content:start;}:where(#kt-layout-id_fa3259-13 > .kt-row-column-wrap) > .wp-block-kadence-column{justify-content:start;}#kt-layout-id_fa3259-13 > .kt-row-column-wrap{column-gap:var(--global-kb-gap-md, 2rem);row-gap:var(--global-kb-gap-md, 2rem);max-width:var( --global-content-width, 1440px );padding-left:var(--global-content-edge-padding);padding-right:var(--global-content-edge-padding);padding-top:var( --global-kb-row-default-top, 25px );padding-bottom:var( --global-kb-row-default-bottom, 25px );padding-top:50px;padding-bottom:15px;grid-template-columns:minmax(0, 1fr);}#kt-layout-id_fa3259-13 > .kt-row-layout-overlay{opacity:0.30;}@media all and (max-width: 1024px){#kt-layout-id_fa3259-13 > .kt-row-column-wrap{grid-template-columns:minmax(0, 1fr);}}@media all and (max-width: 767px){#kt-layout-id_fa3259-13 > .kt-row-column-wrap{grid-template-columns:minmax(0, 1fr);}}<\/style>\n<section class=\"wp-block-kadence-rowlayout alignnone\"><div id=\"kt-layout-id_fa3259-13\" class=\"kt-row-layout-inner kt-layout-id_fa3259-13\"><div class=\"kt-row-column-wrap kt-has-1-columns kt-gutter-default kt-v-gutter-default kt-row-valign-top kt-row-layout-equal kt-tab-layout-inherit kt-m-colapse-left-to-right kt-mobile-layout-row kb-theme-content-width\"><style>.kadence-column_7106ef-ac > .kt-inside-inner-col{border-top-width:0px;border-right-width:0px;border-bottom-width:0px;border-left-width:0px;}.kadence-column_7106ef-ac > .kt-inside-inner-col,.kadence-column_7106ef-ac > .kt-inside-inner-col:before{border-top-left-radius:0px;border-top-right-radius:0px;border-bottom-right-radius:0px;border-bottom-left-radius:0px;}.kadence-column_7106ef-ac > .kt-inside-inner-col{column-gap:var(--global-kb-gap-sm, 1rem);}.kadence-column_7106ef-ac > .kt-inside-inner-col{flex-direction:column;}.kadence-column_7106ef-ac > .kt-inside-inner-col > .aligncenter{width:100%;}.kadence-column_7106ef-ac > .kt-inside-inner-col:before{opacity:0.3;}.kadence-column_7106ef-ac{position:relative;}@media all and (max-width: 1024px){.kadence-column_7106ef-ac > .kt-inside-inner-col{flex-direction:column;}}@media all and (max-width: 767px){.kadence-column_7106ef-ac > .kt-inside-inner-col{flex-direction:column;}}<\/style>\n<div class=\"wp-block-kadence-column inner-column-1 kadence-column_7106ef-ac\"><div class=\"kt-inside-inner-col\"><style>.wp-block-kadence-advancedheading.kt-adv-heading_4a26f8-6c, .wp-block-kadence-advancedheading.kt-adv-heading_4a26f8-6c[data-kb-block=\"kb-adv-heading_4a26f8-6c\"]{font-style:normal;}.wp-block-kadence-advancedheading.kt-adv-heading_4a26f8-6c mark.kt-highlight, .wp-block-kadence-advancedheading.kt-adv-heading_4a26f8-6c[data-kb-block=\"kb-adv-heading_4a26f8-6c\"] mark.kt-highlight{font-style:normal;color:#f76a0c;-webkit-box-decoration-break:clone;box-decoration-break:clone;padding-top:0px;padding-right:0px;padding-bottom:0px;padding-left:0px;}<\/style>\n<h2 class=\"kt-adv-heading_4a26f8-6c wp-block-kadence-advancedheading\" data-kb-block=\"kb-adv-heading_4a26f8-6c\">Aprenda de los principales expertos de la industria de viajes de negocios.<\/h2>\n\n\n\n<p>\u00bfTe gusta esta muestra de lo que est\u00e1 disponible en GBTA On Demand? Imagine la capacidad de escuchar a los principales expertos del mundo sobre los temas m\u00e1s importantes de la industria de viajes de negocios en cualquier momento. Con GBTA On Demand, los l\u00edderes del mundo de los viajes de negocios te est\u00e1n esperando.<\/p>\n\n\n\n<p>Seleccionado de los eventos globales de GBTA, seminarios web archivados y entrevistas de Industry Voices, GBTA On Demand ofrece a los miembros acceso a la biblioteca m\u00e1s completa del mundo de casi 2000 videos sobre los \u00faltimos temas y tendencias en la industria de viajes de negocios.<\/p>\n\n\n\n<p>Una muestra de temas incluye:<\/p>\n\n\n\n<ul class=\"wp-block-list\"><li>Obligaci\u00f3n de cuidar<\/li><li>Desarrollo de RFP<\/li><li>Creaci\u00f3n de pol\u00edticas de viaje<\/li><li>Administraci\u00f3n de gastos<\/li><li>Reuniones<\/li><li>Tecnolog\u00eda de viajes<\/li><li>\u00a1Y m\u00e1s!<\/li><\/ul>\n\n\n\n<p>On Demand es un beneficio exclusivo para miembros de GBTA. \u00bfNo eres miembro de GBTA? <a href=\"https:\/\/gbta.org\/es\/join-gbta\/\" data-type=\"URL\" data-id=\"https:\/\/gbta.org\/join-gbta\" target=\"_blank\" rel=\"noreferrer noopener\">\u00danete ahora<\/a> Ganar acceso.<\/p>\n\n\n<style>.wp-block-kadence-advancedheading.kt-adv-heading_79de80-3a, .wp-block-kadence-advancedheading.kt-adv-heading_79de80-3a[data-kb-block=\"kb-adv-heading_79de80-3a\"]{text-align:center;font-style:normal;}.wp-block-kadence-advancedheading.kt-adv-heading_79de80-3a mark.kt-highlight, .wp-block-kadence-advancedheading.kt-adv-heading_79de80-3a[data-kb-block=\"kb-adv-heading_79de80-3a\"] mark.kt-highlight{font-style:normal;color:#f76a0c;-webkit-box-decoration-break:clone;box-decoration-break:clone;padding-top:0px;padding-right:0px;padding-bottom:0px;padding-left:0px;}<\/style>\n<h4 class=\"kt-adv-heading_79de80-3a wp-block-kadence-advancedheading\" data-kb-block=\"kb-adv-heading_79de80-3a\">Videos de convenciones y conferencias pasadas<\/h4>\n\n\n<style>.wp-block-kadence-advancedbtn.kb-btns_eb1d85-81{gap:var(--global-kb-gap-xs, 0.5rem );justify-content:center;align-items:center;}.kt-btns_eb1d85-81 .kt-button{font-weight:normal;font-style:normal;}.kt-btns_eb1d85-81 .kt-btn-wrap-0{margin-right:5px;}.wp-block-kadence-advancedbtn.kt-btns_eb1d85-81 .kt-btn-wrap-0 .kt-button{color:#555555;border-color:#555555;}.wp-block-kadence-advancedbtn.kt-btns_eb1d85-81 .kt-btn-wrap-0 .kt-button:hover, .wp-block-kadence-advancedbtn.kt-btns_eb1d85-81 .kt-btn-wrap-0 .kt-button:focus{color:#ffffff;border-color:#444444;}.wp-block-kadence-advancedbtn.kt-btns_eb1d85-81 .kt-btn-wrap-0 .kt-button::before{display:none;}.wp-block-kadence-advancedbtn.kt-btns_eb1d85-81 .kt-btn-wrap-0 .kt-button:hover, .wp-block-kadence-advancedbtn.kt-btns_eb1d85-81 .kt-btn-wrap-0 .kt-button:focus{background:#444444;}.kt-btns_eb1d85-81 .kt-btn-wrap-1{margin-right:5px;}.wp-block-kadence-advancedbtn.kt-btns_eb1d85-81 .kt-btn-wrap-1 .kt-button{color:#555555;border-color:#555555;}.wp-block-kadence-advancedbtn.kt-btns_eb1d85-81 .kt-btn-wrap-1 .kt-button:hover, .wp-block-kadence-advancedbtn.kt-btns_eb1d85-81 .kt-btn-wrap-1 .kt-button:focus{color:#ffffff;border-color:#444444;}.wp-block-kadence-advancedbtn.kt-btns_eb1d85-81 .kt-btn-wrap-1 .kt-button::before{display:none;}.wp-block-kadence-advancedbtn.kt-btns_eb1d85-81 .kt-btn-wrap-1 .kt-button:hover, .wp-block-kadence-advancedbtn.kt-btns_eb1d85-81 .kt-btn-wrap-1 .kt-button:focus{background:#444444;}<\/style>\n<div class=\"wp-block-kadence-advancedbtn kt-btn-align-center kt-btn-tablet-align-inherit kt-btn-mobile-align-inherit kt-btns-wrap kt-btns_eb1d85-81\"><div class=\"kt-btn-wrap kt-btn-wrap-0\"><a class=\"kt-button button kt-btn-0-action kt-btn-size-standard kt-btn-style-basic kt-btn-svg-show-always kt-btn-has-text-true kt-btn-has-svg-false\" href=\"https:\/\/gbta.org\/es\/SSOLogin\/?ReturnUrl=https:\/\/ssologin.gbta.org\/ssoauth\/prompt.aspx?SAMLRequest=nVNNj9owEP0rke\/5XNBuLGBFQVWRtm0EaQ97qQZnYK06dupxWPrv6wTSUmmXAydLM2\/ezHsznjweaxUc0JI0esrSKGGPswlBrRo+b92LXuOvFskFHqaJ94kpa63mBkgS11AjcSf4Zv75iWdRwhtrnBFGsWC1nLIfD+noLgWERKQ7cT8eJXe7nAXfh4a+wgOJWlxpcqCdDyVZFib3YfZQJjkfZzzLozQdPbOgOFN\/kLqSen99ju0JRPxTWRZh8XVTsmDplUgNrm\/94lxDPI6JjDJ7qaP91kFk7L6LgNceeyl14yKg5siCORHarnJhNLU12g3agxT4bf30j6sri7bi0CTWgYqEqeOeOxag1BbET3Yyl\/eS7YWr18XA0JzNSDoM83GeJun\/nSbxBfOwwy+earUsjJLi9y07\/GhsDe59dBqlfURW4a6HcqxBqnlVWSTyrillXhcWweGUOdsii4fRzpeFVX9n3lWHx5vubOG3BFZSt1Q8gnCDyZfEC+U9XOPuFsuvwgQXHbUPF\/55NbbqzhSFF1Za0NQY686reWue2Sn3jh1\/s5d\/cfYH&amp;RelayState=https:\/\/gbtaondemand.gallery.video\/login?redirect=%2F\"><span class=\"kt-btn-inner-text\">Iniciar sesi\u00f3n para ver<\/span><\/a><\/div><\/div>\n\n\n\n<p><\/p>\n<\/div><\/div>\n<\/div><\/div><\/section>","protected":false},"excerpt":{"rendered":"<p>Aprenda de los principales expertos de la industria de viajes de negocios. \u00bfTe gusta esta muestra de lo que est\u00e1 disponible en GBTA On Demand? Imagine la posibilidad de escuchar a los principales expertos del mundo en...<\/p>","protected":false},"author":25,"featured_media":0,"parent":122,"menu_order":0,"comment_status":"closed","ping_status":"closed","template":"","meta":{"_acf_changed":false,"_seopress_robots_primary_cat":"","_seopress_titles_title":"","_seopress_titles_desc":"","_seopress_robots_index":"yes","om_disable_all_campaigns":false,"_relevanssi_hide_post":"","_relevanssi_hide_content":"","_relevanssi_pin_for_all":"","_relevanssi_pin_keywords":"","_relevanssi_unpin_keywords":"","_relevanssi_related_keywords":"","_relevanssi_related_include_ids":"","_relevanssi_related_exclude_ids":"","_relevanssi_related_no_append":"","_relevanssi_related_not_related":"","_relevanssi_related_posts":"1","_relevanssi_noindex_reason":"","_kad_blocks_custom_css":"","_kad_blocks_head_custom_js":"","_kad_blocks_body_custom_js":"","_kad_blocks_footer_custom_js":"","_kad_post_transparent":"","_kad_post_title":"","_kad_post_layout":"","_kad_post_sidebar_id":"","_kad_post_content_style":"","_kad_post_vertical_padding":"","_kad_post_feature":"","_kad_post_feature_position":"","_kad_post_header":false,"_kad_post_footer":false,"footnotes":"","_links_to":"","_links_to_target":""},"class_list":["post-128","page","type-page","status-publish","hentry"],"acf":[],"featured_image_src_large":false,"author_info":{"display_name":"jcampbell","author_link":"https:\/\/gbta.org\/es\/author\/jcampbell\/"},"comment_info":"","taxonomy_info":[],"featured_image_src":null,"featured_image_src_square":null,"mfb_rest_fields":["featured_image_src_large","author_info","comment_info","taxonomy_info","featured_image_src","featured_image_src_square"],"_links":{"self":[{"href":"https:\/\/gbta.org\/es\/wp-json\/wp\/v2\/pages\/128","targetHints":{"allow":["GET"]}}],"collection":[{"href":"https:\/\/gbta.org\/es\/wp-json\/wp\/v2\/pages"}],"about":[{"href":"https:\/\/gbta.org\/es\/wp-json\/wp\/v2\/types\/page"}],"author":[{"embeddable":true,"href":"https:\/\/gbta.org\/es\/wp-json\/wp\/v2\/users\/25"}],"replies":[{"embeddable":true,"href":"https:\/\/gbta.org\/es\/wp-json\/wp\/v2\/comments?post=128"}],"version-history":[{"count":0,"href":"https:\/\/gbta.org\/es\/wp-json\/wp\/v2\/pages\/128\/revisions"}],"up":[{"embeddable":true,"href":"https:\/\/gbta.org\/es\/wp-json\/wp\/v2\/pages\/122"}],"wp:attachment":[{"href":"https:\/\/gbta.org\/es\/wp-json\/wp\/v2\/media?parent=128"}],"curies":[{"name":"wp","href":"https:\/\/api.w.org\/{rel}","templated":true}]}}