{"id":2884,"date":"2022-07-28T03:26:49","date_gmt":"2022-07-28T07:26:49","guid":{"rendered":"https:\/\/gbta.org\/?page_id=2884"},"modified":"2022-08-01T12:00:27","modified_gmt":"2022-08-01T16:00:27","slug":"speaking-opportunities","status":"publish","type":"page","link":"https:\/\/gbta.org\/es\/professional-development\/education-growth\/speaking-opportunities\/","title":{"rendered":"Oportunidades para hablar"},"content":{"rendered":"<style>.wp-block-kadence-advancedheading.kt-adv-heading_89b8e8-51, .wp-block-kadence-advancedheading.kt-adv-heading_89b8e8-51[data-kb-block=\"kb-adv-heading_89b8e8-51\"]{font-style:normal;}.wp-block-kadence-advancedheading.kt-adv-heading_89b8e8-51 mark.kt-highlight, .wp-block-kadence-advancedheading.kt-adv-heading_89b8e8-51[data-kb-block=\"kb-adv-heading_89b8e8-51\"] mark.kt-highlight{font-style:normal;color:#f76a0c;-webkit-box-decoration-break:clone;box-decoration-break:clone;padding-top:0px;padding-right:0px;padding-bottom:0px;padding-left:0px;}<\/style>\n<h2 class=\"kt-adv-heading_89b8e8-51 wp-block-kadence-advancedheading\" data-kb-block=\"kb-adv-heading_89b8e8-51\"><\/h2>\n\n\n<style>#kt-layout-id_4a4d53-bd > .kt-row-column-wrap{align-content:start;}:where(#kt-layout-id_4a4d53-bd > .kt-row-column-wrap) > .wp-block-kadence-column{justify-content:start;}#kt-layout-id_4a4d53-bd > .kt-row-column-wrap{column-gap:var(--global-kb-gap-md, 2rem);row-gap:var(--global-kb-gap-md, 2rem);padding-top:var( --global-kb-row-default-top, 25px );padding-bottom:var( --global-kb-row-default-bottom, 25px );padding-top:var(--global-kb-spacing-sm, 1.5rem);padding-bottom:var(--global-kb-spacing-sm, 1.5rem);grid-template-columns:minmax(0, calc(40% - ((var(--global-kb-gap-md, 2rem) * 1 )\/2)))minmax(0, calc(60% - ((var(--global-kb-gap-md, 2rem) * 1 )\/2)));}#kt-layout-id_4a4d53-bd > .kt-row-layout-overlay{opacity:0.30;}@media all and (max-width: 1024px){#kt-layout-id_4a4d53-bd > .kt-row-column-wrap{grid-template-columns:repeat(2, minmax(0, 1fr));}}@media all and (max-width: 767px){#kt-layout-id_4a4d53-bd > .kt-row-column-wrap{grid-template-columns:minmax(0, 1fr);}}<\/style>\n<div class=\"wp-block-kadence-rowlayout alignnone\"><div id=\"kt-layout-id_4a4d53-bd\" class=\"kt-row-layout-inner kt-layout-id_4a4d53-bd\"><div class=\"kt-row-column-wrap kt-has-2-columns kt-gutter-default kt-v-gutter-default kt-row-valign-top kt-row-layout-equal kt-tab-layout-inherit kt-m-colapse-left-to-right kt-mobile-layout-row  kt-custom-first-width-40  kt-custom-second-width-60\"><style>.kadence-column_81c216-ea > .kt-inside-inner-col{border-top-width:0px;border-right-width:0px;border-bottom-width:0px;border-left-width:0px;}.kadence-column_81c216-ea > .kt-inside-inner-col,.kadence-column_81c216-ea > .kt-inside-inner-col:before{border-top-left-radius:0px;border-top-right-radius:0px;border-bottom-right-radius:0px;border-bottom-left-radius:0px;}.kadence-column_81c216-ea > .kt-inside-inner-col{column-gap:var(--global-kb-gap-sm, 1rem);}.kadence-column_81c216-ea > .kt-inside-inner-col{flex-direction:column;}.kadence-column_81c216-ea > .kt-inside-inner-col > .aligncenter{width:100%;}.kadence-column_81c216-ea > .kt-inside-inner-col:before{opacity:0.3;}.kadence-column_81c216-ea{position:relative;}@media all and (max-width: 1024px){.kadence-column_81c216-ea > .kt-inside-inner-col{flex-direction:column;}}@media all and (max-width: 767px){.kadence-column_81c216-ea > .kt-inside-inner-col{flex-direction:column;}}<\/style>\n<div class=\"wp-block-kadence-column inner-column-1 kadence-column_81c216-ea\"><div class=\"kt-inside-inner-col\">\n<figure class=\"wp-block-image size-full\"><img loading=\"lazy\" decoding=\"async\" width=\"534\" height=\"282\" src=\"https:\/\/gbta.org\/wp-content\/uploads\/SpeakingOpps_InPerson_534x282-1.jpg\" alt=\"speakingopps inperson 534x282 1\" class=\"wp-image-3485\" srcset=\"https:\/\/gbta.org\/wp-content\/uploads\/SpeakingOpps_InPerson_534x282-1.jpg 534w, https:\/\/gbta.org\/wp-content\/uploads\/SpeakingOpps_InPerson_534x282-1-300x158.jpg 300w\" sizes=\"auto, (max-width: 534px) 100vw, 534px\" \/><\/figure>\n<\/div><\/div>\n\n\n<style>.kadence-column_3cb880-6d > .kt-inside-inner-col{border-top-width:0px;border-right-width:0px;border-bottom-width:0px;border-left-width:0px;}.kadence-column_3cb880-6d > .kt-inside-inner-col,.kadence-column_3cb880-6d > .kt-inside-inner-col:before{border-top-left-radius:0px;border-top-right-radius:0px;border-bottom-right-radius:0px;border-bottom-left-radius:0px;}.kadence-column_3cb880-6d > .kt-inside-inner-col{column-gap:var(--global-kb-gap-sm, 1rem);}.kadence-column_3cb880-6d > .kt-inside-inner-col{flex-direction:column;}.kadence-column_3cb880-6d > .kt-inside-inner-col > .aligncenter{width:100%;}.kadence-column_3cb880-6d > .kt-inside-inner-col:before{opacity:0.3;}.kadence-column_3cb880-6d{position:relative;}@media all and (max-width: 1024px){.kadence-column_3cb880-6d > .kt-inside-inner-col{flex-direction:column;}}@media all and (max-width: 767px){.kadence-column_3cb880-6d > .kt-inside-inner-col{flex-direction:column;}}<\/style>\n<div class=\"wp-block-kadence-column inner-column-2 kadence-column_3cb880-6d\"><div class=\"kt-inside-inner-col\"><h2 class=\"wp-block-heading\" id=\"proposals-for-convention-and-conferences\">Propuestas para convenciones y conferencias<\/h2>\n\n\n<p>GBTA busca profesionales de la industria para contribuir con nuevas ideas, soluciones e innovaciones para los problemas y desaf\u00edos actuales que enfrenta la industria de viajes. Si tiene un concepto de sesi\u00f3n interesante, est\u00e1 invitado a enviar una propuesta por escrito para un pr\u00f3ximo evento de GBTA.<\/p>\n\n\n\n<p>Las sesiones educativas de la Convenci\u00f3n y Conferencia de GBTA consisten en sesiones de 45 minutos. GBTA acepta propuestas de forma continua y se evaluar\u00e1n en funci\u00f3n de los plazos del evento. Tenga en cuenta que los plazos de las propuestas difieren para cada evento de GBTA. No hay l\u00edmite en la cantidad de propuestas que puede enviar por evento. Sin embargo, si desea que se considere su propuesta para varios eventos, debe enviar una propuesta por evento.<\/p>\n\n\n\n<p>Las notificaciones se enviar\u00e1n por correo electr\u00f3nico.<\/p>\n\n\n\n<p><strong>La convocatoria de propuestas para la Convenci\u00f3n 2022 est\u00e1 cerrada.<\/strong><\/p>\n<\/div><\/div>\n<\/div><\/div><\/div>\n\n\n<style>#kt-layout-id_4d705a-6f > .kt-row-column-wrap{align-content:start;}:where(#kt-layout-id_4d705a-6f > .kt-row-column-wrap) > .wp-block-kadence-column{justify-content:start;}#kt-layout-id_4d705a-6f > .kt-row-column-wrap{column-gap:var(--global-kb-gap-md, 2rem);row-gap:var(--global-kb-gap-md, 2rem);padding-top:var( --global-kb-row-default-top, 25px );padding-bottom:var( --global-kb-row-default-bottom, 25px );padding-top:var(--global-kb-spacing-sm, 1.5rem);padding-bottom:var(--global-kb-spacing-sm, 1.5rem);grid-template-columns:minmax(0, calc(60% - ((var(--global-kb-gap-md, 2rem) * 1 )\/2)))minmax(0, calc(40% - ((var(--global-kb-gap-md, 2rem) * 1 )\/2)));}#kt-layout-id_4d705a-6f > .kt-row-layout-overlay{opacity:0.30;}@media all and (max-width: 1024px){#kt-layout-id_4d705a-6f > .kt-row-column-wrap{grid-template-columns:repeat(2, minmax(0, 1fr));}}@media all and (max-width: 767px){#kt-layout-id_4d705a-6f > .kt-row-column-wrap{grid-template-columns:minmax(0, 1fr);}}<\/style>\n<div class=\"wp-block-kadence-rowlayout alignnone\"><div id=\"kt-layout-id_4d705a-6f\" class=\"kt-row-layout-inner kt-layout-id_4d705a-6f\"><div class=\"kt-row-column-wrap kt-has-2-columns kt-gutter-default kt-v-gutter-default kt-row-valign-top kt-row-layout-equal kt-tab-layout-inherit kt-m-colapse-left-to-right kt-mobile-layout-row  kt-custom-first-width-60  kt-custom-second-width-40\"><style>.kadence-column_dc1e90-56 > .kt-inside-inner-col{border-top-width:0px;border-right-width:0px;border-bottom-width:0px;border-left-width:0px;}.kadence-column_dc1e90-56 > .kt-inside-inner-col,.kadence-column_dc1e90-56 > .kt-inside-inner-col:before{border-top-left-radius:0px;border-top-right-radius:0px;border-bottom-right-radius:0px;border-bottom-left-radius:0px;}.kadence-column_dc1e90-56 > .kt-inside-inner-col{column-gap:var(--global-kb-gap-sm, 1rem);}.kadence-column_dc1e90-56 > .kt-inside-inner-col{flex-direction:column;}.kadence-column_dc1e90-56 > .kt-inside-inner-col > .aligncenter{width:100%;}.kadence-column_dc1e90-56 > .kt-inside-inner-col:before{opacity:0.3;}.kadence-column_dc1e90-56{position:relative;}@media all and (max-width: 1024px){.kadence-column_dc1e90-56 > .kt-inside-inner-col{flex-direction:column;}}@media all and (max-width: 767px){.kadence-column_dc1e90-56 > .kt-inside-inner-col{flex-direction:column;}}<\/style>\n<div class=\"wp-block-kadence-column inner-column-1 kadence-column_dc1e90-56\"><div class=\"kt-inside-inner-col\"><h2 class=\"wp-block-heading\" id=\"proposals-for-online-programs\">Propuestas de Programas en L\u00ednea<\/h2>\n\n\n<p>GBTA busca profesionales para contribuir con nuevas ideas, soluciones e innovaciones a los temas y desaf\u00edos actuales de los viajes de negocios. Si tiene una idea para un seminario web de GBTA o est\u00e1 interesado en servir como orador, env\u00ede una propuesta a continuaci\u00f3n.<\/p>\n\n\n\n<p>Los programas en l\u00ednea de GBTA se componen de seminarios web de 60 minutos que se centran en las tendencias de la industria, las mejores pr\u00e1cticas y las nuevas soluciones, as\u00ed como sesiones de capacitaci\u00f3n en l\u00ednea de 90 minutos con objetivos de aprendizaje definidos, dise\u00f1ados para aumentar las habilidades, el conocimiento y las capacidades de los participantes. Los presentadores deben asignar tiempo para una sesi\u00f3n de preguntas y respuestas dentro de los marcos de tiempo del programa.<br><br>Un miembro del equipo de desarrollo profesional de GBTA se comunicar\u00e1 con usted para programar un seminario web si se acepta la propuesta. Las personas pueden presentar propuestas durante todo el a\u00f1o. No se aceptar\u00e1n propuestas que promocionen productos o servicios espec\u00edficos.<\/p>\n\n\n\n<div class=\"wp-block-buttons is-layout-flex wp-block-buttons-is-layout-flex\">\n<div class=\"wp-block-button\"><a class=\"wp-block-button__link\" href=\"https:\/\/form.jotform.com\/43383895225968\" target=\"_blank\" rel=\"noreferrer noopener\">ENVIAR UNA PROPUESTA<\/a><\/div>\n<\/div>\n<\/div><\/div>\n\n\n<style>.kadence-column_48a840-a1 > .kt-inside-inner-col{border-top-width:0px;border-right-width:0px;border-bottom-width:0px;border-left-width:0px;}.kadence-column_48a840-a1 > .kt-inside-inner-col,.kadence-column_48a840-a1 > .kt-inside-inner-col:before{border-top-left-radius:0px;border-top-right-radius:0px;border-bottom-right-radius:0px;border-bottom-left-radius:0px;}.kadence-column_48a840-a1 > .kt-inside-inner-col{column-gap:var(--global-kb-gap-sm, 1rem);}.kadence-column_48a840-a1 > .kt-inside-inner-col{flex-direction:column;}.kadence-column_48a840-a1 > .kt-inside-inner-col > .aligncenter{width:100%;}.kadence-column_48a840-a1 > .kt-inside-inner-col:before{opacity:0.3;}.kadence-column_48a840-a1{position:relative;}@media all and (max-width: 1024px){.kadence-column_48a840-a1 > .kt-inside-inner-col{flex-direction:column;}}@media all and (max-width: 767px){.kadence-column_48a840-a1 > .kt-inside-inner-col{flex-direction:column;}}<\/style>\n<div class=\"wp-block-kadence-column inner-column-2 kadence-column_48a840-a1\"><div class=\"kt-inside-inner-col\">\n<figure class=\"wp-block-image size-full\"><img loading=\"lazy\" decoding=\"async\" width=\"534\" height=\"282\" src=\"https:\/\/gbta.org\/wp-content\/uploads\/SpeakingOpps_Online_534x282.jpg\" alt=\"speakingopps online 534x282\" class=\"wp-image-3494\" srcset=\"https:\/\/gbta.org\/wp-content\/uploads\/SpeakingOpps_Online_534x282.jpg 534w, https:\/\/gbta.org\/wp-content\/uploads\/SpeakingOpps_Online_534x282-300x158.jpg 300w\" sizes=\"auto, (max-width: 534px) 100vw, 534px\" \/><\/figure>\n<\/div><\/div>\n<\/div><\/div><\/div>\n\n\n<style>#kt-layout-id_f9ccf1-9b > .kt-row-column-wrap{align-content:start;}:where(#kt-layout-id_f9ccf1-9b > .kt-row-column-wrap) > .wp-block-kadence-column{justify-content:start;}#kt-layout-id_f9ccf1-9b > .kt-row-column-wrap{column-gap:var(--global-kb-gap-md, 2rem);row-gap:var(--global-kb-gap-md, 2rem);padding-top:var( --global-kb-row-default-top, 25px );padding-bottom:var( --global-kb-row-default-bottom, 25px );padding-top:var(--global-kb-spacing-sm, 1.5rem);padding-bottom:var(--global-kb-spacing-sm, 1.5rem);grid-template-columns:minmax(0, 1fr);}#kt-layout-id_f9ccf1-9b > .kt-row-layout-overlay{opacity:0.30;}@media all and (max-width: 1024px){#kt-layout-id_f9ccf1-9b > .kt-row-column-wrap{grid-template-columns:minmax(0, 1fr);}}@media all and (max-width: 767px){#kt-layout-id_f9ccf1-9b > .kt-row-column-wrap{grid-template-columns:minmax(0, 1fr);}}<\/style>\n<div class=\"wp-block-kadence-rowlayout alignnone\"><div id=\"kt-layout-id_f9ccf1-9b\" class=\"kt-row-layout-inner kt-layout-id_f9ccf1-9b\"><div class=\"kt-row-column-wrap kt-has-1-columns kt-gutter-default kt-v-gutter-default kt-row-valign-top kt-row-layout-equal kt-tab-layout-inherit kt-m-colapse-left-to-right kt-mobile-layout-row\"><style>.kadence-column_8ee467-33 > .kt-inside-inner-col{border-top-width:0px;border-right-width:0px;border-bottom-width:0px;border-left-width:0px;}.kadence-column_8ee467-33 > .kt-inside-inner-col,.kadence-column_8ee467-33 > .kt-inside-inner-col:before{border-top-left-radius:0px;border-top-right-radius:0px;border-bottom-right-radius:0px;border-bottom-left-radius:0px;}.kadence-column_8ee467-33 > .kt-inside-inner-col{column-gap:var(--global-kb-gap-sm, 1rem);}.kadence-column_8ee467-33 > .kt-inside-inner-col{flex-direction:column;}.kadence-column_8ee467-33 > .kt-inside-inner-col > .aligncenter{width:100%;}.kadence-column_8ee467-33 > .kt-inside-inner-col:before{opacity:0.3;}.kadence-column_8ee467-33{position:relative;}@media all and (max-width: 1024px){.kadence-column_8ee467-33 > .kt-inside-inner-col{flex-direction:column;}}@media all and (max-width: 767px){.kadence-column_8ee467-33 > .kt-inside-inner-col{flex-direction:column;}}<\/style>\n<div class=\"wp-block-kadence-column inner-column-1 kadence-column_8ee467-33\"><div class=\"kt-inside-inner-col\">\n<p>Por favor contactar\u00a0<a href=\"mailto:pd@gbta.org\">pd@gbta.org<\/a>\u00a0con cualquier pregunta.\u00a0<\/p>\n<\/div><\/div>\n<\/div><\/div><\/div>","protected":false},"excerpt":{"rendered":"<p>Propuestas para convenciones y conferencias GBTA busca profesionales de la industria para contribuir con nuevas ideas, soluciones e innovaciones para los problemas y desaf\u00edos actuales que enfrenta la industria de viajes. Si tienes un\u2026<\/p>","protected":false},"author":25,"featured_media":0,"parent":122,"menu_order":0,"comment_status":"closed","ping_status":"closed","template":"","meta":{"_acf_changed":false,"_seopress_robots_primary_cat":"","_seopress_titles_title":"","_seopress_titles_desc":"","_seopress_robots_index":"yes","om_disable_all_campaigns":false,"_relevanssi_hide_post":"","_relevanssi_hide_content":"","_relevanssi_pin_for_all":"","_relevanssi_pin_keywords":"","_relevanssi_unpin_keywords":"","_relevanssi_related_keywords":"","_relevanssi_related_include_ids":"","_relevanssi_related_exclude_ids":"","_relevanssi_related_no_append":"","_relevanssi_related_not_related":"","_relevanssi_related_posts":"1,415,661,662,664,666","_relevanssi_noindex_reason":"","_kad_blocks_custom_css":"","_kad_blocks_head_custom_js":"","_kad_blocks_body_custom_js":"","_kad_blocks_footer_custom_js":"","_kad_post_transparent":"","_kad_post_title":"","_kad_post_layout":"","_kad_post_sidebar_id":"","_kad_post_content_style":"","_kad_post_vertical_padding":"","_kad_post_feature":"","_kad_post_feature_position":"","_kad_post_header":false,"_kad_post_footer":false,"footnotes":"","_links_to":"","_links_to_target":""},"class_list":["post-2884","page","type-page","status-publish","hentry"],"acf":[],"featured_image_src_large":false,"author_info":{"display_name":"jcampbell","author_link":"https:\/\/gbta.org\/es\/author\/jcampbell\/"},"comment_info":"","taxonomy_info":[],"mfb_rest_fields":["featured_image_src_large","author_info","comment_info","taxonomy_info"],"_links":{"self":[{"href":"https:\/\/gbta.org\/es\/wp-json\/wp\/v2\/pages\/2884","targetHints":{"allow":["GET"]}}],"collection":[{"href":"https:\/\/gbta.org\/es\/wp-json\/wp\/v2\/pages"}],"about":[{"href":"https:\/\/gbta.org\/es\/wp-json\/wp\/v2\/types\/page"}],"author":[{"embeddable":true,"href":"https:\/\/gbta.org\/es\/wp-json\/wp\/v2\/users\/25"}],"replies":[{"embeddable":true,"href":"https:\/\/gbta.org\/es\/wp-json\/wp\/v2\/comments?post=2884"}],"version-history":[{"count":0,"href":"https:\/\/gbta.org\/es\/wp-json\/wp\/v2\/pages\/2884\/revisions"}],"up":[{"embeddable":true,"href":"https:\/\/gbta.org\/es\/wp-json\/wp\/v2\/pages\/122"}],"wp:attachment":[{"href":"https:\/\/gbta.org\/es\/wp-json\/wp\/v2\/media?parent=2884"}],"curies":[{"name":"wp","href":"https:\/\/api.w.org\/{rel}","templated":true}]}}