{"id":290,"date":"2022-06-30T14:46:12","date_gmt":"2022-06-30T18:46:12","guid":{"rendered":"https:\/\/gbta.org\/?page_id=290"},"modified":"2026-04-27T17:54:56","modified_gmt":"2026-04-27T21:54:56","slug":"privacy-cookie-policy-old","status":"publish","type":"page","link":"https:\/\/gbta.org\/es\/privacy-cookie-policy-old\/","title":{"rendered":"Pol\u00edtica de privacidad y cookies"},"content":{"rendered":"<h2 class=\"wp-block-heading\" id=\"global-business-travel-association\">ASOCIACI\u00d3N GLOBAL DE VIAJES DE NEGOCIOS<\/h2>\n\n\n<p>EL PROP\u00d3SITO DE ESTA POL\u00cdTICA DE PRIVACIDAD EN L\u00cdNEA ES INFORMARLE SOBRE LA INFORMACI\u00d3N QUE GBTA (A\/K\/A LA ASOCIACI\u00d3N NACIONAL DE VIAJES DE NEGOCIOS, DOING BUSINESS COMO LA ASOCIACI\u00d3N GLOBAL DE VIAJES DE NEGOCIOS) Y SUS AFILIADOS (COLECTIVAMENTE, &quot;ENTIDADES DE GBTA&quot;, &quot; NOSOTROS\u201d O \u201cNOSOTROS\u201d) RECOPILAMOS EN ESTE SITIO WEB Y C\u00d3MO UTILIZAMOS, COMPARTIMOS Y PROTEGEMOS LA INFORMACI\u00d3N RECOGIDA. AL UTILIZAR ESTE SITIO WEB, USTED ACEPTA ESTA POL\u00cdTICA DE PRIVACIDAD. SI NO ACEPTA ESTA POL\u00cdTICA DE PRIVACIDAD, NO UTILICE ESTE SITIO WEB.<\/p>\n\n\n<h2 class=\"wp-block-heading\" id=\"the-information-we-collect\">LA INFORMACI\u00d3N QUE RECOPILAMOS<\/h2>\n\n<h3 class=\"wp-block-heading\" id=\"non-personal-information\"><br>INFORMACI\u00d3N NO PERSONAL<\/h3>\n\n\n<p><span style=\"text-decoration: underline\">Para mejoras t\u00e9cnicas:<\/span> Como cuesti\u00f3n general, cada vez que un visitante utiliza este sitio web, el servidor de la empresa de alojamiento del sitio web recopila autom\u00e1ticamente informaci\u00f3n t\u00e9cnica b\u00e1sica, como la direcci\u00f3n IP del visitante, el tipo de navegador y el sistema operativo, el dominio de referencia, los datos del flujo de clics (por ejemplo, las p\u00e1ginas visitadas y el tiempo dedicado ), y tiempos de acceso. A los fines de esta Pol\u00edtica de privacidad, llamamos a este tipo de informaci\u00f3n, que no nos permite comunicarnos con usted directamente en l\u00ednea o fuera de l\u00ednea, Informaci\u00f3n no personal. Usamos esta informaci\u00f3n para comprender y analizar tendencias, administrar el sitio, conocer el comportamiento de los usuarios en el sitio y recopilar informaci\u00f3n demogr\u00e1fica sobre nuestros usuarios en general.&nbsp;<\/p>\n\n\n\n<p><span style=\"text-decoration: underline\">Para mejoras de usuarios y miembros:<\/span> Tambi\u00e9n recibimos informaci\u00f3n sobre usted cuando interact\u00faa y utiliza ciertas funciones en nuestros sitios web y aplicaciones. Por ejemplo, cuando participa en GBTA Hub, sabemos cu\u00e1ndo hace clic en anuncios, carga contactos, descarga informes, mira seminarios web, se une a grupos, participa en encuestas o sondeos y comparte art\u00edculos e informaci\u00f3n a trav\u00e9s del sitio. Adem\u00e1s, podemos recopilar informaci\u00f3n no personal proporcionada voluntariamente por usted, como el nombre de su empresa, ocupaci\u00f3n e idioma, para que podamos brindarle un mejor servicio y mejorar nuestros servicios. Podemos combinar informaci\u00f3n no personal con informaci\u00f3n personal, en cuyo caso la informaci\u00f3n combinada se tratar\u00e1 como informaci\u00f3n personal mientras permanezca combinada.&nbsp;<\/p>\n\n\n\n<p><span style=\"text-decoration: underline\">Para anunciantes:<\/span> Podemos permitir que terceros anuncien sus productos y servicios en nuestro sitio y dentro de las aplicaciones GBTA, y los anunciantes de terceros y las redes publicitarias tambi\u00e9n pueden recopilar cierta informaci\u00f3n sobre usted, como se describe a continuaci\u00f3n.<\/p>\n\n\n<h3 class=\"wp-block-heading\" id=\"personal-information\">INFORMACION PERSONAL<\/h3>\n\n\n<p><span style=\"text-decoration: underline\">Informaci\u00f3n demogr\u00e1fica:<\/span> Podemos recopilar informaci\u00f3n personal proporcionada voluntariamente por usted, como su nombre, apellido, direcci\u00f3n postal, direcci\u00f3n de correo electr\u00f3nico, n\u00famero de tel\u00e9fono, n\u00famero de fax, fecha de nacimiento, informaci\u00f3n de la tarjeta de cr\u00e9dito, alergias alimentarias, condiciones de salud, nombre de usuario y \/o contrase\u00f1a, en relaci\u00f3n con su uso de este sitio web y otras aplicaciones GBTA, y sus respectivas funciones. La informaci\u00f3n solicitada depende de la funci\u00f3n ofrecida y la aplicaci\u00f3n utilizada.&nbsp;<\/p>\n\n\n\n<p><span style=\"text-decoration: underline\">Interacci\u00f3n voluntaria de usuarios y miembros:<\/span> Ciertas funciones en nuestros sitios web y aplicaciones, como GBTA Hub, le permiten comunicarse y conectarse con otros usuarios, miembros y simpatizantes. Cualquier informaci\u00f3n personal que elija proporcionar en las \u00e1reas de la comunidad puede ser le\u00edda, recopilada o utilizada por otros usuarios y terceros, y podr\u00eda usarse para enviarle comunicaciones, incluidas ofertas de productos o servicios. No somos responsables de la informaci\u00f3n que elija enviar. Su participaci\u00f3n en estas funciones y el hecho de compartir su Informaci\u00f3n personal y otra informaci\u00f3n de perfil con nosotros y otros usuarios constituye su aceptaci\u00f3n de dicho intercambio.<\/p>\n\n\n<h3 class=\"wp-block-heading\" id=\"where-we-store-the-information-we-collect\">D\u00d3NDE ALMACENAMOS LA INFORMACI\u00d3N QUE RECOPILAMOS<\/h3>\n\n\n<p>Tenga en cuenta que los servidores que hacen que este sitio y otras aplicaciones est\u00e9n disponibles pueden estar ubicados fuera de los Estados Unidos, pero cuando visita este sitio web, cualquier informaci\u00f3n que proporcione se transferir\u00e1 y almacenar\u00e1 en nuestros servidores. ) en los Estados Unidos. Al visitar este sitio web, usted acepta la recopilaci\u00f3n, el procesamiento, la transferencia y el almacenamiento de dichos datos en o hacia los Estados Unidos.<\/p>\n\n\n\n<p>Su uso de este sitio web y otras aplicaciones GBTA tambi\u00e9n est\u00e1 sujeto a, y esta Pol\u00edtica de privacidad est\u00e1 incorporada en el sitio web.&nbsp;<a href=\"https:\/\/gbta.org\/es\/terms-of-use\/\" data-type=\"link\" data-id=\"https:\/\/gbta.org\/terms-of-use\/\" target=\"_blank\" rel=\"noreferrer noopener\">T\u00e9rminos de Uso<\/a>.<\/p>\n\n\n<h3 class=\"wp-block-heading\" id=\"how-we-use-and-share-the-information-we-collect\">C\u00d3MO USAMOS Y COMPARTIMOS LA INFORMACI\u00d3N QUE RECOPILAMOS<\/h3>\n\n\n<p><span style=\"text-decoration: underline\">Para proporcionar servicios a usuarios y miembros:<\/span> GBTA se reserva el derecho de usar informaci\u00f3n personal y no personal, individualmente o combinadas, para: facilitar el uso de este sitio web y las funciones de este sitio; comunicarse con usted, responder a sus consultas y procesar sus solicitudes; aumentar y mejorar nuestros esfuerzos de marketing y promoci\u00f3n, el contenido del sitio web, la experiencia del usuario y los productos y servicios; comprender mejor sus intereses y preferencias; y proporcionarle informaci\u00f3n relevante. Podemos mejorar o fusionar la informaci\u00f3n personal y no personal que proporcione con datos obtenidos de terceros.<\/p>\n\n\n\n<p><span style=\"text-decoration: underline\">Para proporcionar otros servicios:<\/span> Las Entidades GBTA tambi\u00e9n pueden compartir su Informaci\u00f3n personal entre s\u00ed y con proveedores de servicios y cumplimiento seleccionados y otros agentes para: cumplir con sus solicitudes y pedidos; realizar an\u00e1lisis; realizar investigaciones o encuestas; proporcionarle informaci\u00f3n y actualizaciones; y mantener, mejorar y entregar este sitio web y contenido, nuestros servicios y publicidad.&nbsp;<\/p>\n\n\n\n<p><span style=\"text-decoration: underline\">Para promocionar los servicios:<\/span> Usamos tecnolog\u00eda para identificar posibles miembros y usuarios y comercializarles productos y servicios de GBTA. Adem\u00e1s, otorgamos acceso a listas que contienen su informaci\u00f3n de contacto de o a Entidades que no pertenecen a GBTA para comercializar sus productos y servicios para usted.&nbsp;<\/p>\n\n\n\n<p><span style=\"text-decoration: underline\">Para fomentar la creaci\u00f3n de redes de la industria:<\/span> Our industry thrives and grows due to networking opportunities we provide to members and supporters, and other users. Accordingly, we share your contact details with other members and supporters to help our industry grow. Information provided by members of GBTA Entities may be made available to other members and supporters through the member directory, GBTA event applications, or attendee lists at our conferences and events. Where we do offer you choices about managing you contact information, or receiving marketing messages from GBTA or Non-GBTA Entities, we will honor them. This website and other applications deployed by GBTA, such as GBTA Community+, event badge scanners, mobile applications, and exhibit appointment tools, may provide interactive features where you can connect with other users. If you choose to share Personal Information with other users or otherwise make your information publicly available, we will use the information you provide to facilitate such sharing, administer your account, customize the services provided, and send you communications and notices related to the services. Some of these features may provide you with the means to control whether or not certain information about you is viewable to other users and to control what communications and notices you receive from us.<\/p>\n\n\n\n<p><span style=\"text-decoration: underline\">Otras instancias donde el intercambio de informaci\u00f3n puede ser apropiado:<\/span>&nbsp; De lo contrario, no compartiremos su informaci\u00f3n personal sin su consentimiento, excepto (i) para salvaguardar el sitio web, la propiedad intelectual, los usuarios o los derechos de terceros, (ii) para investigar violaciones de nuestros T\u00e9rminos y condiciones, (iii) seg\u00fan lo requieran ley o en respuesta a una orden judicial o solicitud legal, o (iv) en relaci\u00f3n con una fusi\u00f3n, adquisici\u00f3n o transferencia de activos.<\/p>\n\n\n<h3 class=\"wp-block-heading\" id=\"information-security\">SEGURIDAD DE INFORMACI\u00d3N<\/h3>\n\n\n<p><span style=\"text-decoration: underline\">Usamos encriptaci\u00f3n de datos:<\/span> Nos esforzamos por emplear medidas de seguridad razonables para proteger la informaci\u00f3n personal de p\u00e9rdida, alteraci\u00f3n y divulgaci\u00f3n o uso no autorizado. La informaci\u00f3n de la tarjeta de cr\u00e9dito se cifra durante la transmisi\u00f3n a nuestro sitio utilizando tecnolog\u00eda de capa de conexi\u00f3n segura (SSL) y nos adherimos al est\u00e1ndar de la industria de tarjetas de pago (PCI) para manejar la informaci\u00f3n de la tarjeta de cr\u00e9dito.&nbsp;<\/p>\n\n\n\n<p><span style=\"text-decoration: underline\">La seguridad en Internet no es a prueba de fallas:<\/span> Sin embargo, se advierte a los usuarios que Internet no es un medio seguro 100%, y no garantizamos que nuestras medidas de seguridad y privacidad sean a prueba de fallas. Usted es responsable de mantener en secreto su contrase\u00f1a y la informaci\u00f3n de su cuenta.&nbsp;<\/p>\n\n\n\n<p><span style=\"text-decoration: underline\">Intercambio voluntario de informaci\u00f3n:<\/span> Adem\u00e1s, cuando utiliza ciertos servicios o aplicaciones, o publica en un foro, sala de chat o servicio de redes sociales en este sitio u otros sitios y aplicaciones de GBTA, la informaci\u00f3n personal que comparte puede ser visible para otros usuarios y puede ser le\u00edda, recogidos o utilizados por ellos. No somos responsables de ninguna informaci\u00f3n personal que elija enviar.<\/p>\n\n\n<h3 class=\"wp-block-heading\" id=\"information-accuracy-retention-and-access\">PRECISI\u00d3N, RETENCI\u00d3N Y ACCESO A LA INFORMACI\u00d3N<\/h3>\n\n\n<p><span style=\"text-decoration: underline\">Retenci\u00f3n y minimizaci\u00f3n de informaci\u00f3n:<\/span> Retendremos su informaci\u00f3n personal durante el per\u00edodo necesario para cumplir con los prop\u00f3sitos descritos en esta Pol\u00edtica de privacidad y de conformidad con las obligaciones establecidas en los servicios que se brindan, a menos que la ley exija o permita un per\u00edodo de retenci\u00f3n m\u00e1s largo. Solo recopilaremos la informaci\u00f3n personal necesaria para realizar los servicios solicitados por los usuarios, miembros, simpatizantes y posibles miembros y simpatizantes.<\/p>\n\n\n\n<p><span style=\"text-decoration: underline\">Precisi\u00f3n de la informaci\u00f3n:<\/span> Usted es responsable de mantener la precisi\u00f3n de la informaci\u00f3n que proporciona y de corregir y actualizar su informaci\u00f3n.&nbsp;<\/p>\n\n\n\n<p><span style=\"text-decoration: underline\">Solicitudes de informaci\u00f3n personal:<\/span> Sujeto a la ley aplicable, puede tener derecho en cualquier momento a solicitar acceso y recibir informaci\u00f3n sobre la Informaci\u00f3n personal que conservamos sobre usted, actualizar y corregir imprecisiones, y bloquear o eliminar su Informaci\u00f3n personal, si corresponde. Las solicitudes de acceso, correcci\u00f3n o supresi\u00f3n se pueden realizar de la siguiente manera:<\/p>\n\n\n\n<ul class=\"wp-block-list\">\n<li>Para actualizar su registro de miembro y cuenta con GBTA, visite el&nbsp;<a href=\"https:\/\/gbta.org\/es\/my-account\/\" data-type=\"link\" data-id=\"https:\/\/gbta.org\/my-account\/\" target=\"_blank\" rel=\"noreferrer noopener\">Panel de control de la cuenta GBTA<\/a>. (Se requiere contrase\u00f1a)<\/li>\n\n\n\n<li>Para solicitar la eliminaci\u00f3n de las comunicaciones por correo electr\u00f3nico de GBTA, visite el&nbsp;<a href=\"http:\/\/www3.gbta.org\/l\/5572\/2018-05-15\/5q83kh\">P\u00e1gina de cancelaci\u00f3n de suscripci\u00f3n de GBTA<\/a>.<\/li>\n\n\n\n<li>Para solicitar que se elimine o se le devuelva su informaci\u00f3n con GBTA, visite el&nbsp;<a href=\"https:\/\/form.jotform.com\/81234455084152\">Solicitud de perfil de cuenta GBTA<\/a>&nbsp;p\u00e1gina.<\/li>\n<\/ul>\n\n\n\n<p>Podemos negarnos a procesar solicitudes que no sean razonables, poco pr\u00e1cticas o para las cuales no se requiera acceso de otro modo, seg\u00fan la ley aplicable. Las consultas relacionadas con las leyes de privacidad del RGPD no abordadas anteriormente pueden dirigirse a&nbsp;<a href=\"mailto:gdpr@gbta.org\">gdpr@gbta.org<\/a>. Si es ciudadano de la UE y no est\u00e1 satisfecho con la respuesta a su solicitud, puede&nbsp;<a href=\"https:\/\/edps.europa.eu\/data-protection\/our-role-supervisor\/complaints_en\">presentar una queja<\/a>&nbsp;con el Supervisor Europeo de Protecci\u00f3n de Datos.<\/p>\n\n\n<h3 class=\"wp-block-heading\" id=\"cookies-and-other-technologies\">COOKIES Y OTRAS TECNOLOG\u00cdAS<\/h3>\n\n\n<p><span style=\"text-decoration: underline\">Desplegamos el uso de Cookies para mejorar nuestros servicios:<\/span> Algunas de las p\u00e1ginas de este sitio web utilizan &quot;cookies&quot;, que son identificadores que un sitio web coloca en el disco duro de su computadora para facilitar la interacci\u00f3n entre su computadora y el sitio web. Se pueden utilizar diferentes tipos de cookies, como cookies de sesi\u00f3n, persistentes o flash, para diferentes funciones. Las Entidades GBTA y nuestros proveedores de servicios externos (incluidos los proveedores de servicios de an\u00e1lisis y publicidad) pueden colocar cookies en su disco duro o usar otras tecnolog\u00edas, como etiquetas y GIFS transparentes, a veces llamados balizas web, en p\u00e1ginas web y correos electr\u00f3nicos para facilitar navegaci\u00f3n del sitio, personalizar su experiencia, recordar su informaci\u00f3n cuando utiliza nuestro sitio web y nuestros servicios, ofrecerle productos y servicios relevantes, publicar anuncios para Entidades GBTA y productos y servicios de terceros, y realizar un seguimiento de los usuarios en otros sitios web. La informaci\u00f3n recopilada a trav\u00e9s de cookies y otras tecnolog\u00edas puede incluir su direcci\u00f3n IP, actividad de navegaci\u00f3n (p. ej., p\u00e1ginas visitadas), referencias a motores de b\u00fasqueda y respuestas a anuncios y promociones en este sitio y sitios web donde anunciamos.<\/p>\n\n\n\n<p><span style=\"text-decoration: underline\">Puede eliminar o bloquear las cookies de GBTA:<\/span> La mayor\u00eda de los navegadores web le permiten establecer preferencias sobre las cookies que desea aceptar. Consulte la configuraci\u00f3n de su propio navegador y siga las instrucciones para controlar las cookies en su dispositivo. Si deshabilita o rechaza las cookies, tenga en cuenta que algunas partes de este sitio pueden ser inaccesibles o no funcionar correctamente. Tenga en cuenta, sin embargo, que las cookies flash no se pueden controlar a trav\u00e9s de la configuraci\u00f3n de su navegador de la misma manera que otras cookies.&nbsp;<\/p>\n\n\n<h3 class=\"wp-block-heading\" id=\"online-behavioral-advertising\">PUBLICIDAD COMPORTAMENTAL EN L\u00cdNEA<\/h3>\n\n\n<p><span style=\"text-decoration: underline\">Nuestros anunciantes pueden implementar tecnolog\u00edas de seguimiento de anuncios:<\/span> Como se explic\u00f3 anteriormente, nuestros proveedores de servicios externos pueden usar cookies, etiquetas y otras tecnolog\u00edas para recopilar y usar informaci\u00f3n sobre sus visitas a nuestro sitio web y otros sitios web con el fin de publicar anuncios que puedan ser de su inter\u00e9s, incluidos anuncios para nuestros productos o servicios. La informaci\u00f3n compartida no incluye sus datos personales de contacto.<\/p>\n\n\n\n<p><span style=\"text-decoration: underline\">Puede controlar la entrega de anuncios:<\/span> Tambi\u00e9n puede administrar sus opciones sobre la recepci\u00f3n de anuncios de terceros participantes y obtener m\u00e1s informaci\u00f3n sobre las cookies de anuncios visitando el&nbsp;<a href=\"http:\/\/www.networkadvertising.org\/managing\/opt_out.asp\">Iniciativa de publicidad en red<\/a>&nbsp;(NAI) sitio web. Tenga en cuenta, sin embargo, que no todos los proveedores de servicios participan en el NAI. Adem\u00e1s, si opta por no participar, a\u00fan puede recibir publicidad en l\u00ednea nuestra, pero los anuncios que recibe pueden ser menos relevantes para usted. Si elimina o bloquea las cookies, compra una computadora nueva, accede a los sitios desde una computadora diferente, inicia sesi\u00f3n con un nombre de pantalla diferente o cambia de navegador web, deber\u00e1 optar por no participar nuevamente.<\/p>\n\n\n\n<p><span style=\"text-decoration: underline\">Redes publicitarias externas no relacionadas con GBTA:<\/span> En algunos casos, nosotros y los anunciantes en este sitio web y otros sitios podemos trabajar con otros proveedores externos para ayudar a entregar anuncios adaptados a sus intereses. Estos proveedores incluyen redes publicitarias y proveedores de segmentos de audiencia, y colocan cookies en su navegador para recopilar informaci\u00f3n sobre su actividad en l\u00ednea (por ejemplo, los sitios y p\u00e1ginas que ha visitado) para ayudar a los anunciantes a publicar anuncios espec\u00edficos en nuestro sitio y otros sitios que creen que usted encontrar\u00eda m\u00e1s relevante.&nbsp;<a href=\"http:\/\/www.aboutads.info\/\">Puede rechazar el uso de cookies por parte de esos proveedores para personalizar la publicidad.<\/a>.<\/p>\n\n\n\n<p>Nuestros anunciantes pueden contratar un servicio de terceros para alojar sus anuncios, en cuyo caso un proveedor de servicio de anuncios se comunica con el servicio de alojamiento de los anunciantes para un anuncio en particular. El servicio de terceros puede utilizar una cookie independiente, pero no tenemos un mecanismo que permita a los visitantes optar por no recibir cookies de proveedores con los que no tenemos una relaci\u00f3n contractual.<\/p>\n\n\n<h3 class=\"wp-block-heading\" id=\"changes-to-privacy-policy\">Cambios a la Pol\u00edtica de Privacidad<\/h3>\n\n\n<p>Nos reservamos el derecho de cambiar esta Pol\u00edtica de privacidad en cualquier momento sin previo aviso; siempre que, sin embargo, no cambiemos retroactivamente la forma en que compartimos su informaci\u00f3n personal, como se define en esta pol\u00edtica, sin su consentimiento. Vuelva a consultar peri\u00f3dicamente para conocer los cambios que podemos realizar en esta pol\u00edtica de privacidad, ya que su uso continuado de este sitio web despu\u00e9s de la publicaci\u00f3n de cualquier cambio significa que acepta dichos cambios.<\/p>\n\n\n<h3 class=\"wp-block-heading\" id=\"california-privacy-rights\">Derechos de privacidad de California<\/h3>\n\n\n<p>Los residentes de California que brindan informaci\u00f3n personal tienen derecho a solicitar y obtener de nosotros una vez por a\u00f1o calendario informaci\u00f3n sobre la informaci\u00f3n del cliente que compartimos, si corresponde, con terceros no afiliados para sus fines de marketing directo, incluidas las categor\u00edas de informaci\u00f3n y nombres y direcciones de terceros. partes con las que compartimos la informaci\u00f3n para sus fines de marketing.<\/p>\n\n\n\n<p>Para obtener informaci\u00f3n sobre este intercambio o para optar por no compartirlo en el futuro, cont\u00e1ctenos por correo electr\u00f3nico a:&nbsp;<a href=\"mailto:MemberCare@gbta.org\">MemberCare@gbta.org<\/a>&nbsp;o por correo postal a: 107 S West Street Suite 762 Alexandria, VA 22314. Debe proporcionar una direcci\u00f3n actual de California para nuestra respuesta. La l\u00ednea de asunto del correo electr\u00f3nico o el sobre de env\u00edo y el contenido de su solicitud deben incluir la frase &quot;Sus derechos de privacidad de California&quot; e incluir su nombre, direcci\u00f3n de correo electr\u00f3nico (si desea recibir una respuesta por correo electr\u00f3nico) o calle. direcci\u00f3n, ciudad, estado, c\u00f3digo postal (si desea recibir una respuesta v\u00eda correo postal). No se aceptar\u00e1n solicitudes por tel\u00e9fono o fax. Su solicitud ser\u00e1 procesada dentro de los treinta (30) d\u00edas siguientes a la fecha en que la recibamos. No somos responsables de avisos que no est\u00e9n etiquetados o enviados correctamente, o que no tengan informaci\u00f3n completa. Tenga en cuenta que no todo el intercambio de informaci\u00f3n est\u00e1 cubierto por la ley de California. Nuestra respuesta incluir\u00e1 \u00fanicamente informaci\u00f3n relacionada con nuestras pr\u00e1cticas de intercambio de informaci\u00f3n cubierta por la ley.<\/p>\n\n\n<h3 class=\"wp-block-heading\" id=\"how-to-contact-us\">C\u00d3MO CONTACTARNOS:<\/h3>\n\n\n<p>Asociaci\u00f3n mundial de viajes de negocios<br>107 S Calle Oeste<br>Suite 762<br>Alejandr\u00eda, VA 22314<br>Tel\u00e9fono: <a href=\"tel:1-703-684-0836\">703-684-0836<\/a>&nbsp;<br>Fax: 703-783-8686<br>Correo electr\u00f3nico:&nbsp;<a href=\"mailto:MemberCare@gbta.org\">MemberCare@gbta.org<\/a><br><br>Para consultas espec\u00edficas de GDPR, env\u00ede un correo electr\u00f3nico&nbsp;<a href=\"mailto:gdpr@gbta.org\">gdpr@gbta.org<\/a>.<br>Fecha de vigencia: 25 de mayo de 2018<\/p>\n\n\n\n<p><\/p>","protected":false},"excerpt":{"rendered":"<p>ASOCIACI\u00d3N GLOBAL DE VIAJES DE NEGOCIOS EL PROP\u00d3SITO DE ESTA POL\u00cdTICA DE PRIVACIDAD EN L\u00cdNEA ES INFORMARLE SOBRE LA INFORMACI\u00d3N QUE GBTA (A\/K\/A LA ASOCIACI\u00d3N NACIONAL DE VIAJES DE NEGOCIOS, HACIENDO NEGOCIOS COMO...<\/p>","protected":false},"author":25,"featured_media":0,"parent":0,"menu_order":0,"comment_status":"closed","ping_status":"closed","template":"","meta":{"_acf_changed":false,"_seopress_robots_primary_cat":"","_seopress_titles_title":"","_seopress_titles_desc":"","_seopress_robots_index":"yes","om_disable_all_campaigns":false,"_relevanssi_hide_post":"","_relevanssi_hide_content":"","_relevanssi_pin_for_all":"","_relevanssi_pin_keywords":"","_relevanssi_unpin_keywords":"","_relevanssi_related_keywords":"","_relevanssi_related_include_ids":"","_relevanssi_related_exclude_ids":"","_relevanssi_related_no_append":"","_relevanssi_related_not_related":"","_relevanssi_related_posts":"1","_relevanssi_noindex_reason":"","_kad_blocks_custom_css":"","_kad_blocks_head_custom_js":"","_kad_blocks_body_custom_js":"","_kad_blocks_footer_custom_js":"","_kad_post_transparent":"","_kad_post_title":"","_kad_post_layout":"","_kad_post_sidebar_id":"","_kad_post_content_style":"","_kad_post_vertical_padding":"","_kad_post_feature":"","_kad_post_feature_position":"","_kad_post_header":false,"_kad_post_footer":false,"footnotes":"","_links_to":"","_links_to_target":""},"class_list":["post-290","page","type-page","status-publish","hentry"],"acf":[],"featured_image_src_large":false,"author_info":{"display_name":"jcampbell","author_link":"https:\/\/gbta.org\/es\/author\/jcampbell\/"},"comment_info":"","taxonomy_info":[],"featured_image_src":null,"featured_image_src_square":null,"mfb_rest_fields":["featured_image_src_large","author_info","comment_info","taxonomy_info","featured_image_src","featured_image_src_square"],"_links":{"self":[{"href":"https:\/\/gbta.org\/es\/wp-json\/wp\/v2\/pages\/290","targetHints":{"allow":["GET"]}}],"collection":[{"href":"https:\/\/gbta.org\/es\/wp-json\/wp\/v2\/pages"}],"about":[{"href":"https:\/\/gbta.org\/es\/wp-json\/wp\/v2\/types\/page"}],"author":[{"embeddable":true,"href":"https:\/\/gbta.org\/es\/wp-json\/wp\/v2\/users\/25"}],"replies":[{"embeddable":true,"href":"https:\/\/gbta.org\/es\/wp-json\/wp\/v2\/comments?post=290"}],"version-history":[{"count":3,"href":"https:\/\/gbta.org\/es\/wp-json\/wp\/v2\/pages\/290\/revisions"}],"predecessor-version":[{"id":31722,"href":"https:\/\/gbta.org\/es\/wp-json\/wp\/v2\/pages\/290\/revisions\/31722"}],"wp:attachment":[{"href":"https:\/\/gbta.org\/es\/wp-json\/wp\/v2\/media?parent=290"}],"curies":[{"name":"wp","href":"https:\/\/api.w.org\/{rel}","templated":true}]}}