{"id":29024,"date":"2026-01-28T04:58:31","date_gmt":"2026-01-28T09:58:31","guid":{"rendered":"https:\/\/gbta.org\/?page_id=29024"},"modified":"2026-02-03T01:16:52","modified_gmt":"2026-02-03T06:16:52","slug":"gbta-latam-business-travel-forums","status":"publish","type":"page","link":"https:\/\/gbta.org\/es\/gbta-latam-business-travel-forums\/","title":{"rendered":"GBTA LATAM Foros de viajes de negocios"},"content":{"rendered":"","protected":true},"excerpt":{"rendered":"","protected":true},"author":60,"featured_media":28191,"parent":0,"menu_order":0,"comment_status":"closed","ping_status":"closed","template":"","meta":{"_acf_changed":false,"_seopress_robots_primary_cat":"","_seopress_titles_title":"GBTA LATAM Business Travel Forums 2026","_seopress_titles_desc":"Donde los travel managers y decisores de compra y gesti\u00f3n de viajes corporativos de Am\u00e9rica Latina aprenden, conectan y colaboran, compartiendo mejores pr\u00e1cticas para crecer juntos, ciudad por ciudad, con conocimientos locales y un impacto regional.","_seopress_robots_index":"yes","om_disable_all_campaigns":false,"_relevanssi_hide_post":"","_relevanssi_hide_content":"","_relevanssi_pin_for_all":"","_relevanssi_pin_keywords":"","_relevanssi_unpin_keywords":"","_relevanssi_related_keywords":"","_relevanssi_related_include_ids":"","_relevanssi_related_exclude_ids":"","_relevanssi_related_no_append":"","_relevanssi_related_not_related":"","_relevanssi_related_posts":"1,415","_relevanssi_noindex_reason":"","_kad_blocks_custom_css":"","_kad_blocks_head_custom_js":"","_kad_blocks_body_custom_js":"","_kad_blocks_footer_custom_js":"","_kad_post_transparent":"","_kad_post_title":"","_kad_post_layout":"","_kad_post_sidebar_id":"","_kad_post_content_style":"","_kad_post_vertical_padding":"","_kad_post_feature":"","_kad_post_feature_position":"","_kad_post_header":false,"_kad_post_footer":false,"footnotes":"","_links_to":"","_links_to_target":""},"class_list":["post-29024","page","type-page","status-publish","post-password-required","hentry"],"acf":[],"featured_image_src_large":["https:\/\/gbta.org\/wp-content\/uploads\/GBTA-208-2-1024x683.jpg",1024,683,true],"author_info":{"display_name":"Vishal Mehta","author_link":"https:\/\/gbta.org\/es\/author\/vishal-mehta\/"},"comment_info":"","taxonomy_info":[],"mfb_rest_fields":["featured_image_src_large","author_info","comment_info","taxonomy_info"],"_links":{"self":[{"href":"https:\/\/gbta.org\/es\/wp-json\/wp\/v2\/pages\/29024","targetHints":{"allow":["GET"]}}],"collection":[{"href":"https:\/\/gbta.org\/es\/wp-json\/wp\/v2\/pages"}],"about":[{"href":"https:\/\/gbta.org\/es\/wp-json\/wp\/v2\/types\/page"}],"author":[{"embeddable":true,"href":"https:\/\/gbta.org\/es\/wp-json\/wp\/v2\/users\/60"}],"replies":[{"embeddable":true,"href":"https:\/\/gbta.org\/es\/wp-json\/wp\/v2\/comments?post=29024"}],"version-history":[{"count":15,"href":"https:\/\/gbta.org\/es\/wp-json\/wp\/v2\/pages\/29024\/revisions"}],"predecessor-version":[{"id":29195,"href":"https:\/\/gbta.org\/es\/wp-json\/wp\/v2\/pages\/29024\/revisions\/29195"}],"wp:featuredmedia":[{"embeddable":true,"href":"https:\/\/gbta.org\/es\/wp-json\/wp\/v2\/media\/28191"}],"wp:attachment":[{"href":"https:\/\/gbta.org\/es\/wp-json\/wp\/v2\/media?parent=29024"}],"curies":[{"name":"wp","href":"https:\/\/api.w.org\/{rel}","templated":true}]}}