{"id":292,"date":"2022-06-30T14:46:44","date_gmt":"2022-06-30T18:46:44","guid":{"rendered":"https:\/\/gbta.org\/?page_id=292"},"modified":"2022-07-30T03:03:43","modified_gmt":"2022-07-30T07:03:43","slug":"refund-cancellation-policy","status":"publish","type":"page","link":"https:\/\/gbta.org\/es\/refund-cancellation-policy\/","title":{"rendered":"Pol\u00edtica de reembolso y cancelaci\u00f3n"},"content":{"rendered":"<style>#kt-layout-id_41132d-8b > .kt-row-column-wrap{align-content:start;}:where(#kt-layout-id_41132d-8b > .kt-row-column-wrap) > .wp-block-kadence-column{justify-content:start;}#kt-layout-id_41132d-8b > .kt-row-column-wrap{column-gap:var(--global-kb-gap-md, 2rem);row-gap:var(--global-kb-gap-md, 2rem);max-width:var( --global-content-width, 1440px );padding-left:var(--global-content-edge-padding);padding-right:var(--global-content-edge-padding);padding-top:var( --global-kb-row-default-top, 25px );padding-bottom:var( --global-kb-row-default-bottom, 25px );padding-top:50px;padding-bottom:15px;grid-template-columns:minmax(0, 1fr);}#kt-layout-id_41132d-8b > .kt-row-layout-overlay{opacity:0.30;}@media all and (max-width: 1024px){#kt-layout-id_41132d-8b > .kt-row-column-wrap{grid-template-columns:minmax(0, 1fr);}}@media all and (max-width: 767px){#kt-layout-id_41132d-8b > .kt-row-column-wrap{grid-template-columns:minmax(0, 1fr);}}<\/style>\n<section class=\"wp-block-kadence-rowlayout alignnone\"><div id=\"kt-layout-id_41132d-8b\" class=\"kt-row-layout-inner kt-layout-id_41132d-8b\"><div class=\"kt-row-column-wrap kt-has-1-columns kt-gutter-default kt-v-gutter-default kt-row-valign-top kt-row-layout-equal kt-tab-layout-inherit kt-m-colapse-left-to-right kt-mobile-layout-row kb-theme-content-width\"><style>.kadence-column_b795ff-22 > .kt-inside-inner-col{border-top-width:0px;border-right-width:0px;border-bottom-width:0px;border-left-width:0px;}.kadence-column_b795ff-22 > .kt-inside-inner-col,.kadence-column_b795ff-22 > .kt-inside-inner-col:before{border-top-left-radius:0px;border-top-right-radius:0px;border-bottom-right-radius:0px;border-bottom-left-radius:0px;}.kadence-column_b795ff-22 > .kt-inside-inner-col{column-gap:var(--global-kb-gap-sm, 1rem);}.kadence-column_b795ff-22 > .kt-inside-inner-col{flex-direction:column;}.kadence-column_b795ff-22 > .kt-inside-inner-col > .aligncenter{width:100%;}.kadence-column_b795ff-22 > .kt-inside-inner-col:before{opacity:0.3;}.kadence-column_b795ff-22{position:relative;}@media all and (max-width: 1024px){.kadence-column_b795ff-22 > .kt-inside-inner-col{flex-direction:column;}}@media all and (max-width: 767px){.kadence-column_b795ff-22 > .kt-inside-inner-col{flex-direction:column;}}<\/style>\n<div class=\"wp-block-kadence-column inner-column-1 kadence-column_b795ff-22\"><div class=\"kt-inside-inner-col\"><style>.wp-block-kadence-advancedheading.kt-adv-heading_6387bf-0f, .wp-block-kadence-advancedheading.kt-adv-heading_6387bf-0f[data-kb-block=\"kb-adv-heading_6387bf-0f\"]{font-style:normal;}.wp-block-kadence-advancedheading.kt-adv-heading_6387bf-0f mark.kt-highlight, .wp-block-kadence-advancedheading.kt-adv-heading_6387bf-0f[data-kb-block=\"kb-adv-heading_6387bf-0f\"] mark.kt-highlight{font-style:normal;color:#f76a0c;-webkit-box-decoration-break:clone;box-decoration-break:clone;padding-top:0px;padding-right:0px;padding-bottom:0px;padding-left:0px;}<\/style>\n<h2 class=\"kt-adv-heading_6387bf-0f wp-block-kadence-advancedheading\" data-kb-block=\"kb-adv-heading_6387bf-0f\">Pol\u00edtica de cancelaci\u00f3n\/reembolso de membres\u00eda de GBTA<\/h2>\n\n\n\n<p>La Asociaci\u00f3n Global de Viajes de Negocios (GBTA) se reserva el derecho de rechazar\/cancelar una membres\u00eda en GBTA.<\/p>\n\n\n\n<p>Si GBTA rechaza una membres\u00eda nueva o renovada, se ofrecer\u00e1 un reembolso a los registrados.<\/p>\n<\/div><\/div>\n<\/div><\/div><\/section>\n\n\n<style>#kt-layout-id_a60873-aa > .kt-row-column-wrap{align-content:start;}:where(#kt-layout-id_a60873-aa > .kt-row-column-wrap) > .wp-block-kadence-column{justify-content:start;}#kt-layout-id_a60873-aa > .kt-row-column-wrap{column-gap:var(--global-kb-gap-md, 2rem);row-gap:var(--global-kb-gap-md, 2rem);max-width:var( --global-content-width, 1440px );padding-left:var(--global-content-edge-padding);padding-right:var(--global-content-edge-padding);padding-top:var( --global-kb-row-default-top, 25px );padding-bottom:var( --global-kb-row-default-bottom, 25px );padding-bottom:15px;grid-template-columns:minmax(0, 1fr);}#kt-layout-id_a60873-aa > .kt-row-layout-overlay{opacity:0.30;}@media all and (max-width: 1024px){#kt-layout-id_a60873-aa > .kt-row-column-wrap{grid-template-columns:minmax(0, 1fr);}}@media all and (max-width: 767px){#kt-layout-id_a60873-aa > .kt-row-column-wrap{grid-template-columns:minmax(0, 1fr);}}<\/style>\n<section class=\"wp-block-kadence-rowlayout alignnone\"><div id=\"kt-layout-id_a60873-aa\" class=\"kt-row-layout-inner kt-layout-id_a60873-aa\"><div class=\"kt-row-column-wrap kt-has-1-columns kt-gutter-default kt-v-gutter-default kt-row-valign-top kt-row-layout-equal kt-tab-layout-inherit kt-m-colapse-left-to-right kt-mobile-layout-row kb-theme-content-width\"><style>.kadence-column_1d8887-7c > .kt-inside-inner-col{border-top-width:0px;border-right-width:0px;border-bottom-width:0px;border-left-width:0px;}.kadence-column_1d8887-7c > .kt-inside-inner-col,.kadence-column_1d8887-7c > .kt-inside-inner-col:before{border-top-left-radius:0px;border-top-right-radius:0px;border-bottom-right-radius:0px;border-bottom-left-radius:0px;}.kadence-column_1d8887-7c > .kt-inside-inner-col{column-gap:var(--global-kb-gap-sm, 1rem);}.kadence-column_1d8887-7c > .kt-inside-inner-col{flex-direction:column;}.kadence-column_1d8887-7c > .kt-inside-inner-col > .aligncenter{width:100%;}.kadence-column_1d8887-7c > .kt-inside-inner-col:before{opacity:0.3;}.kadence-column_1d8887-7c{position:relative;}@media all and (max-width: 1024px){.kadence-column_1d8887-7c > .kt-inside-inner-col{flex-direction:column;}}@media all and (max-width: 767px){.kadence-column_1d8887-7c > .kt-inside-inner-col{flex-direction:column;}}<\/style>\n<div class=\"wp-block-kadence-column inner-column-1 kadence-column_1d8887-7c\"><div class=\"kt-inside-inner-col\"><style>.wp-block-kadence-advancedheading.kt-adv-heading_f29056-f8, .wp-block-kadence-advancedheading.kt-adv-heading_f29056-f8[data-kb-block=\"kb-adv-heading_f29056-f8\"]{font-style:normal;}.wp-block-kadence-advancedheading.kt-adv-heading_f29056-f8 mark.kt-highlight, .wp-block-kadence-advancedheading.kt-adv-heading_f29056-f8[data-kb-block=\"kb-adv-heading_f29056-f8\"] mark.kt-highlight{font-style:normal;color:#f76a0c;-webkit-box-decoration-break:clone;box-decoration-break:clone;padding-top:0px;padding-right:0px;padding-bottom:0px;padding-left:0px;}<\/style>\n<h3 class=\"kt-adv-heading_f29056-f8 wp-block-kadence-advancedheading\" data-kb-block=\"kb-adv-heading_f29056-f8\">Cancelaci\u00f3n de Membres\u00eda por Participante<\/h3>\n\n\n\n<ul class=\"wp-block-list\"><li>Las cancelaciones de membres\u00eda recibidas dentro de los 14 d\u00edas posteriores al registro pueden ser elegibles para recibir un reembolso completo menos la tarifa de servicio de $50.<\/li><li>Las cancelaciones recibidas despu\u00e9s de la fecha l\u00edmite indicada no ser\u00e1n elegibles para un reembolso.<\/li><li>Las cancelaciones se aceptar\u00e1n por tel\u00e9fono, fax o correo electr\u00f3nico y deben recibirse antes de la fecha l\u00edmite de cancelaci\u00f3n indicada.<\/li><li>Todos los beneficios e incentivos recibidos por el participante deben cancelarse\/devolverse a la GBTA.<\/li><li>Todas las solicitudes de reembolso deben ser realizadas por el asistente o el titular de la tarjeta de cr\u00e9dito.<\/li><li>Las solicitudes de reembolso deben incluir el nombre del asistente y\/o el n\u00famero de transacci\u00f3n.<\/li><li>Los reembolsos se acreditar\u00e1n a la tarjeta de cr\u00e9dito original utilizada para el pago.<\/li><\/ul>\n\n\n\n<p>Estas pol\u00edticas anteriores se aplican a todas las membres\u00edas de GBTA a menos que se indique lo contrario en los materiales del programa correspondiente. Lea detenidamente toda la informaci\u00f3n del programa individual.<\/p>\n<\/div><\/div>\n<\/div><\/div><\/section>\n\n\n<style>#kt-layout-id_91cb9e-3e > .kt-row-column-wrap{align-content:start;}:where(#kt-layout-id_91cb9e-3e > .kt-row-column-wrap) > .wp-block-kadence-column{justify-content:start;}#kt-layout-id_91cb9e-3e > .kt-row-column-wrap{column-gap:var(--global-kb-gap-md, 2rem);row-gap:var(--global-kb-gap-md, 2rem);max-width:var( --global-content-width, 1440px );padding-left:var(--global-content-edge-padding);padding-right:var(--global-content-edge-padding);padding-top:var( --global-kb-row-default-top, 25px );padding-bottom:var( --global-kb-row-default-bottom, 25px );padding-bottom:15px;grid-template-columns:minmax(0, 1fr);}#kt-layout-id_91cb9e-3e > .kt-row-layout-overlay{opacity:0.30;}@media all and (max-width: 1024px){#kt-layout-id_91cb9e-3e > .kt-row-column-wrap{grid-template-columns:minmax(0, 1fr);}}@media all and (max-width: 767px){#kt-layout-id_91cb9e-3e > .kt-row-column-wrap{grid-template-columns:minmax(0, 1fr);}}<\/style>\n<section class=\"wp-block-kadence-rowlayout alignnone\"><div id=\"kt-layout-id_91cb9e-3e\" class=\"kt-row-layout-inner kt-layout-id_91cb9e-3e\"><div class=\"kt-row-column-wrap kt-has-1-columns kt-gutter-default kt-v-gutter-default kt-row-valign-top kt-row-layout-equal kt-tab-layout-inherit kt-m-colapse-left-to-right kt-mobile-layout-row kb-theme-content-width\"><style>.kadence-column_d9aff4-4f > .kt-inside-inner-col{border-top-width:0px;border-right-width:0px;border-bottom-width:0px;border-left-width:0px;}.kadence-column_d9aff4-4f > .kt-inside-inner-col,.kadence-column_d9aff4-4f > .kt-inside-inner-col:before{border-top-left-radius:0px;border-top-right-radius:0px;border-bottom-right-radius:0px;border-bottom-left-radius:0px;}.kadence-column_d9aff4-4f > .kt-inside-inner-col{column-gap:var(--global-kb-gap-sm, 1rem);}.kadence-column_d9aff4-4f > .kt-inside-inner-col{flex-direction:column;}.kadence-column_d9aff4-4f > .kt-inside-inner-col > .aligncenter{width:100%;}.kadence-column_d9aff4-4f > .kt-inside-inner-col:before{opacity:0.3;}.kadence-column_d9aff4-4f{position:relative;}@media all and (max-width: 1024px){.kadence-column_d9aff4-4f > .kt-inside-inner-col{flex-direction:column;}}@media all and (max-width: 767px){.kadence-column_d9aff4-4f > .kt-inside-inner-col{flex-direction:column;}}<\/style>\n<div class=\"wp-block-kadence-column inner-column-1 kadence-column_d9aff4-4f\"><div class=\"kt-inside-inner-col\"><style>.wp-block-kadence-advancedheading.kt-adv-heading_9d823f-0e, .wp-block-kadence-advancedheading.kt-adv-heading_9d823f-0e[data-kb-block=\"kb-adv-heading_9d823f-0e\"]{font-style:normal;}.wp-block-kadence-advancedheading.kt-adv-heading_9d823f-0e mark.kt-highlight, .wp-block-kadence-advancedheading.kt-adv-heading_9d823f-0e[data-kb-block=\"kb-adv-heading_9d823f-0e\"] mark.kt-highlight{font-style:normal;color:#f76a0c;-webkit-box-decoration-break:clone;box-decoration-break:clone;padding-top:0px;padding-right:0px;padding-bottom:0px;padding-left:0px;}<\/style>\n<h3 class=\"kt-adv-heading_9d823f-0e wp-block-kadence-advancedheading\" data-kb-block=\"kb-adv-heading_9d823f-0e\">Cancelaci\u00f3n del evento por parte del patrocinador<\/h3>\n\n\n\n<p>La Asociaci\u00f3n Global de Viajes de Negocios (GBTA) se reserva el derecho de cancelar un evento debido a la baja inscripci\u00f3n u otras circunstancias que har\u00edan que el evento no fuera viable. Si GBTA cancela un evento, a los inscritos se les ofrecer\u00e1 un reembolso completo.<\/p>\n\n\n\n<p>En caso de que surjan circunstancias que resulten en el aplazamiento de un evento, GBTA tiene derecho a emitir un reembolso completo o transferir la inscripci\u00f3n al mismo evento en la nueva fecha futura.<\/p>\n<\/div><\/div>\n<\/div><\/div><\/section>\n\n\n<style>#kt-layout-id_461d44-fe > .kt-row-column-wrap{align-content:start;}:where(#kt-layout-id_461d44-fe > .kt-row-column-wrap) > .wp-block-kadence-column{justify-content:start;}#kt-layout-id_461d44-fe > .kt-row-column-wrap{column-gap:var(--global-kb-gap-md, 2rem);row-gap:var(--global-kb-gap-md, 2rem);max-width:var( --global-content-width, 1440px );padding-left:var(--global-content-edge-padding);padding-right:var(--global-content-edge-padding);padding-top:var( --global-kb-row-default-top, 25px );padding-bottom:var( --global-kb-row-default-bottom, 25px );padding-bottom:15px;grid-template-columns:minmax(0, 1fr);}#kt-layout-id_461d44-fe > .kt-row-layout-overlay{opacity:0.30;}@media all and (max-width: 1024px){#kt-layout-id_461d44-fe > .kt-row-column-wrap{grid-template-columns:minmax(0, 1fr);}}@media all and (max-width: 767px){#kt-layout-id_461d44-fe > .kt-row-column-wrap{grid-template-columns:minmax(0, 1fr);}}<\/style>\n<section class=\"wp-block-kadence-rowlayout alignnone\"><div id=\"kt-layout-id_461d44-fe\" class=\"kt-row-layout-inner kt-layout-id_461d44-fe\"><div class=\"kt-row-column-wrap kt-has-1-columns kt-gutter-default kt-v-gutter-default kt-row-valign-top kt-row-layout-equal kt-tab-layout-inherit kt-m-colapse-left-to-right kt-mobile-layout-row kb-theme-content-width\"><style>.kadence-column_3571c4-e0 > .kt-inside-inner-col{border-top-width:0px;border-right-width:0px;border-bottom-width:0px;border-left-width:0px;}.kadence-column_3571c4-e0 > .kt-inside-inner-col,.kadence-column_3571c4-e0 > .kt-inside-inner-col:before{border-top-left-radius:0px;border-top-right-radius:0px;border-bottom-right-radius:0px;border-bottom-left-radius:0px;}.kadence-column_3571c4-e0 > .kt-inside-inner-col{column-gap:var(--global-kb-gap-sm, 1rem);}.kadence-column_3571c4-e0 > .kt-inside-inner-col{flex-direction:column;}.kadence-column_3571c4-e0 > .kt-inside-inner-col > .aligncenter{width:100%;}.kadence-column_3571c4-e0 > .kt-inside-inner-col:before{opacity:0.3;}.kadence-column_3571c4-e0{position:relative;}@media all and (max-width: 1024px){.kadence-column_3571c4-e0 > .kt-inside-inner-col{flex-direction:column;}}@media all and (max-width: 767px){.kadence-column_3571c4-e0 > .kt-inside-inner-col{flex-direction:column;}}<\/style>\n<div class=\"wp-block-kadence-column inner-column-1 kadence-column_3571c4-e0\"><div class=\"kt-inside-inner-col\"><style>.wp-block-kadence-advancedheading.kt-adv-heading_d76073-17, .wp-block-kadence-advancedheading.kt-adv-heading_d76073-17[data-kb-block=\"kb-adv-heading_d76073-17\"]{font-style:normal;}.wp-block-kadence-advancedheading.kt-adv-heading_d76073-17 mark.kt-highlight, .wp-block-kadence-advancedheading.kt-adv-heading_d76073-17[data-kb-block=\"kb-adv-heading_d76073-17\"] mark.kt-highlight{font-style:normal;color:#f76a0c;-webkit-box-decoration-break:clone;box-decoration-break:clone;padding-top:0px;padding-right:0px;padding-bottom:0px;padding-left:0px;}<\/style>\n<h3 class=\"kt-adv-heading_d76073-17 wp-block-kadence-advancedheading\" data-kb-block=\"kb-adv-heading_d76073-17\">Cancelaci\u00f3n de Registro por Participante<\/h3>\n\n\n\n<ul class=\"wp-block-list\"><li>A menos que se indique espec\u00edficamente en los materiales de registro, la fecha l\u00edmite para recibir un reembolso por su registro es 30 d\u00edas h\u00e1biles antes del evento.<\/li><li>Las cancelaciones de registro recibidas antes de la fecha l\u00edmite pueden ser elegibles para recibir un reembolso menos una tarifa de servicio $75.<\/li><li>Las cancelaciones recibidas despu\u00e9s de la fecha l\u00edmite indicada no ser\u00e1n elegibles para un reembolso.<\/li><li>Los reembolsos no estar\u00e1n disponibles para los inscritos que decidan no asistir a un evento.<\/li><li>Las cancelaciones se aceptar\u00e1n solo por escrito y deben recibirse antes de la fecha l\u00edmite de cancelaci\u00f3n indicada.<\/li><li>Todas las solicitudes de reembolso deben ser realizadas por el asistente o el titular de la tarjeta de cr\u00e9dito.<\/li><li>Las solicitudes de reembolso deben incluir el nombre del asistente y\/o el n\u00famero de transacci\u00f3n.<\/li><li>Los reembolsos se acreditar\u00e1n a la tarjeta de cr\u00e9dito original utilizada para el pago de los materiales del evento. <\/li><\/ul>\n\n\n\n<p>Estas pol\u00edticas anteriores se aplican a todos los eventos de GBTA a menos que se indique lo contrario en los materiales del evento correspondiente. Por favor, lea detenidamente toda la informaci\u00f3n del evento individual.<\/p>\n<\/div><\/div>\n<\/div><\/div><\/section>\n\n\n<style>#kt-layout-id_3a9303-de > .kt-row-column-wrap{align-content:start;}:where(#kt-layout-id_3a9303-de > .kt-row-column-wrap) > .wp-block-kadence-column{justify-content:start;}#kt-layout-id_3a9303-de > .kt-row-column-wrap{column-gap:var(--global-kb-gap-md, 2rem);row-gap:var(--global-kb-gap-md, 2rem);max-width:var( --global-content-width, 1440px );padding-left:var(--global-content-edge-padding);padding-right:var(--global-content-edge-padding);padding-top:var( --global-kb-row-default-top, 25px );padding-bottom:var( --global-kb-row-default-bottom, 25px );padding-bottom:50px;grid-template-columns:minmax(0, 1fr);}#kt-layout-id_3a9303-de > .kt-row-layout-overlay{opacity:0.30;}@media all and (max-width: 1024px){#kt-layout-id_3a9303-de > .kt-row-column-wrap{grid-template-columns:minmax(0, 1fr);}}@media all and (max-width: 767px){#kt-layout-id_3a9303-de > .kt-row-column-wrap{grid-template-columns:minmax(0, 1fr);}}<\/style>\n<section class=\"wp-block-kadence-rowlayout alignnone\"><div id=\"kt-layout-id_3a9303-de\" class=\"kt-row-layout-inner kt-layout-id_3a9303-de\"><div class=\"kt-row-column-wrap kt-has-1-columns kt-gutter-default kt-v-gutter-default kt-row-valign-top kt-row-layout-equal kt-tab-layout-inherit kt-m-colapse-left-to-right kt-mobile-layout-row kb-theme-content-width\"><style>.kadence-column_3c4148-d7 > .kt-inside-inner-col{border-top-width:0px;border-right-width:0px;border-bottom-width:0px;border-left-width:0px;}.kadence-column_3c4148-d7 > .kt-inside-inner-col,.kadence-column_3c4148-d7 > .kt-inside-inner-col:before{border-top-left-radius:0px;border-top-right-radius:0px;border-bottom-right-radius:0px;border-bottom-left-radius:0px;}.kadence-column_3c4148-d7 > .kt-inside-inner-col{column-gap:var(--global-kb-gap-sm, 1rem);}.kadence-column_3c4148-d7 > .kt-inside-inner-col{flex-direction:column;}.kadence-column_3c4148-d7 > .kt-inside-inner-col > .aligncenter{width:100%;}.kadence-column_3c4148-d7 > .kt-inside-inner-col:before{opacity:0.3;}.kadence-column_3c4148-d7{position:relative;}@media all and (max-width: 1024px){.kadence-column_3c4148-d7 > .kt-inside-inner-col{flex-direction:column;}}@media all and (max-width: 767px){.kadence-column_3c4148-d7 > .kt-inside-inner-col{flex-direction:column;}}<\/style>\n<div class=\"wp-block-kadence-column inner-column-1 kadence-column_3c4148-d7\"><div class=\"kt-inside-inner-col\"><style>.wp-block-kadence-advancedheading.kt-adv-heading_372d62-4f, .wp-block-kadence-advancedheading.kt-adv-heading_372d62-4f[data-kb-block=\"kb-adv-heading_372d62-4f\"]{font-style:normal;}.wp-block-kadence-advancedheading.kt-adv-heading_372d62-4f mark.kt-highlight, .wp-block-kadence-advancedheading.kt-adv-heading_372d62-4f[data-kb-block=\"kb-adv-heading_372d62-4f\"] mark.kt-highlight{font-style:normal;color:#f76a0c;-webkit-box-decoration-break:clone;box-decoration-break:clone;padding-top:0px;padding-right:0px;padding-bottom:0px;padding-left:0px;}<\/style>\n<h3 class=\"kt-adv-heading_372d62-4f wp-block-kadence-advancedheading\" data-kb-block=\"kb-adv-heading_372d62-4f\">Pol\u00edtica de devoluci\u00f3n\/reembolso de bienes y productos de GBTA<\/h3>\n\n\n\n<p>Todas las devoluciones de bienes y materiales comprados directamente de Global Business Travel Association requieren autorizaci\u00f3n previa. Los gastos de env\u00edo y manipulaci\u00f3n no son reembolsables; Las devoluciones deben ser autorizadas por la GBTA dentro de los 30 d\u00edas posteriores a la fecha de la factura. Dentro de los treinta (30) d\u00edas posteriores a la compra, reemplazaremos, sustituiremos o repararemos, a nuestro exclusivo criterio, cualquier producto GBTA que se considere defectuoso.<\/p>\n\n\n\n<p>Los productos proporcionados\/vendidos por los socios de GBTA y los programas de afinidad est\u00e1n sujetos a la pol\u00edtica de devoluci\u00f3n del socio.<\/p>\n\n\n\n<p>Los productos que son software o que se pueden descargar desde cualquier sitio web de GBTA o medios proporcionados (CD ROM, unidades de memoria, etc.) no son reembolsables.<\/p>\n<\/div><\/div>\n<\/div><\/div><\/section>\n\n\n\n<p><\/p>","protected":false},"excerpt":{"rendered":"<p>Pol\u00edtica de reembolso\/cancelaci\u00f3n de membres\u00eda de GBTA La Asociaci\u00f3n Global de Viajes de Negocios (GBTA) se reserva el derecho de rechazar\/cancelar una membres\u00eda en GBTA. Si GBTA rechaza una membres\u00eda nueva o renovada, los registrantes deber\u00e1n...<\/p>","protected":false},"author":25,"featured_media":0,"parent":0,"menu_order":0,"comment_status":"closed","ping_status":"closed","template":"","meta":{"_acf_changed":false,"_seopress_robots_primary_cat":"","_seopress_titles_title":"","_seopress_titles_desc":"","_seopress_robots_index":"yes","om_disable_all_campaigns":false,"_relevanssi_hide_post":"","_relevanssi_hide_content":"","_relevanssi_pin_for_all":"","_relevanssi_pin_keywords":"","_relevanssi_unpin_keywords":"","_relevanssi_related_keywords":"","_relevanssi_related_include_ids":"","_relevanssi_related_exclude_ids":"","_relevanssi_related_no_append":"","_relevanssi_related_not_related":"","_relevanssi_related_posts":"1","_relevanssi_noindex_reason":"","_kad_blocks_custom_css":"","_kad_blocks_head_custom_js":"","_kad_blocks_body_custom_js":"","_kad_blocks_footer_custom_js":"","_kad_post_transparent":"","_kad_post_title":"","_kad_post_layout":"","_kad_post_sidebar_id":"","_kad_post_content_style":"","_kad_post_vertical_padding":"","_kad_post_feature":"","_kad_post_feature_position":"","_kad_post_header":false,"_kad_post_footer":false,"footnotes":"","_links_to":"","_links_to_target":""},"class_list":["post-292","page","type-page","status-publish","hentry"],"acf":[],"featured_image_src_large":false,"author_info":{"display_name":"jcampbell","author_link":"https:\/\/gbta.org\/es\/author\/jcampbell\/"},"comment_info":"","taxonomy_info":[],"featured_image_src":null,"featured_image_src_square":null,"mfb_rest_fields":["featured_image_src_large","author_info","comment_info","taxonomy_info","featured_image_src","featured_image_src_square"],"_links":{"self":[{"href":"https:\/\/gbta.org\/es\/wp-json\/wp\/v2\/pages\/292","targetHints":{"allow":["GET"]}}],"collection":[{"href":"https:\/\/gbta.org\/es\/wp-json\/wp\/v2\/pages"}],"about":[{"href":"https:\/\/gbta.org\/es\/wp-json\/wp\/v2\/types\/page"}],"author":[{"embeddable":true,"href":"https:\/\/gbta.org\/es\/wp-json\/wp\/v2\/users\/25"}],"replies":[{"embeddable":true,"href":"https:\/\/gbta.org\/es\/wp-json\/wp\/v2\/comments?post=292"}],"version-history":[{"count":0,"href":"https:\/\/gbta.org\/es\/wp-json\/wp\/v2\/pages\/292\/revisions"}],"wp:attachment":[{"href":"https:\/\/gbta.org\/es\/wp-json\/wp\/v2\/media?parent=292"}],"curies":[{"name":"wp","href":"https:\/\/api.w.org\/{rel}","templated":true}]}}