{"id":3244,"date":"2022-07-31T05:12:38","date_gmt":"2022-07-31T09:12:38","guid":{"rendered":"https:\/\/gbta.org\/?page_id=3244"},"modified":"2022-07-31T07:49:29","modified_gmt":"2022-07-31T11:49:29","slug":"gbta-the-voice-of-the-global-business-travel-industry","status":"publish","type":"page","link":"https:\/\/gbta.org\/es\/gbta-the-voice-of-the-global-business-travel-industry\/","title":{"rendered":"GBTA: La voz de la industria global de viajes de negocios"},"content":{"rendered":"<h2 class=\"wp-block-heading\" id=\"gbta-mission\">Misi\u00f3n GBTA<\/h2>\n\n\n<p>La misi\u00f3n de GBTA es ser la principal fuente de conocimientos sobre viajes de negocios en todo el mundo. Este conocimiento se crea a trav\u00e9s de la educaci\u00f3n, la investigaci\u00f3n, la creaci\u00f3n de redes y la promoci\u00f3n a pedido.<\/p>\n\n\n\n<div class=\"wp-block-columns is-layout-flex wp-container-core-columns-is-layout-1 wp-block-columns-is-layout-flex\">\n<div class=\"wp-block-column is-layout-flow wp-block-column-is-layout-flow\"><div class=\"wp-block-image\">\n<figure class=\"aligncenter size-full\"><img loading=\"lazy\" decoding=\"async\" width=\"132\" height=\"102\" src=\"https:\/\/gbta.org\/wp-content\/uploads\/Members.png\" alt=\"members\" class=\"wp-image-3262\" \/><\/figure><\/div>\n\n\n<p class=\"has-text-align-center\">Creemos que los miembros son lo primero.\u00a0<a href=\"https:\/\/gbta.org\/es\/membership-and-communities\/membership\/member-benefits\/\">Aprende m\u00e1s\u00a0<\/a><\/p>\n<\/div>\n\n\n\n<div class=\"wp-block-column is-layout-flow wp-block-column-is-layout-flow\"><div class=\"wp-block-image\">\n<figure class=\"aligncenter size-full\"><img loading=\"lazy\" decoding=\"async\" width=\"114\" height=\"106\" src=\"https:\/\/gbta.org\/wp-content\/uploads\/Volunteers.png\" alt=\"volunteers\" class=\"wp-image-3263\" \/><\/figure><\/div>\n\n\n<p class=\"has-text-align-center\">Creemos que el voluntariado impulsa el \u00e9xito.\u00a0<a href=\"https:\/\/gbta.org\/es\/membership-and-communities\/global-committees\/\">Aprende m\u00e1s\u00a0<\/a><\/p>\n<\/div>\n<\/div>\n\n\n\n<div class=\"wp-block-columns is-layout-flex wp-container-core-columns-is-layout-2 wp-block-columns-is-layout-flex\">\n<div class=\"wp-block-column is-layout-flow wp-block-column-is-layout-flow\" style=\"padding-bottom:50px\"><div class=\"wp-block-image\">\n<figure class=\"aligncenter size-full\"><img loading=\"lazy\" decoding=\"async\" width=\"116\" height=\"101\" src=\"https:\/\/gbta.org\/wp-content\/uploads\/Transparency.png\" alt=\"transparency\" class=\"wp-image-3264\" \/><\/figure><\/div>\n\n\n<p class=\"has-text-align-center\">Creemos en la transparencia del mercado.\u00a0<a href=\"https:\/\/gbta.org\/es\/news-and-advocacy\/advocacy-and-government-relations\/\">Aprende m\u00e1s\u00a0<\/a><\/p>\n<\/div>\n\n\n\n<div class=\"wp-block-column is-layout-flow wp-block-column-is-layout-flow\"><div class=\"wp-block-image\">\n<figure class=\"aligncenter size-full\"><img loading=\"lazy\" decoding=\"async\" width=\"122\" height=\"82\" src=\"https:\/\/gbta.org\/wp-content\/uploads\/Relationships.png\" alt=\"relationships\" class=\"wp-image-3265\" \/><\/figure><\/div>\n\n\n<p class=\"has-text-align-center\"><br>Creemos que las relaciones crean valor.<\/p>\n<\/div>\n<\/div>\n\n\n\n<p><\/p>\n\n\n\n<p><\/p>\n\n\n<h3 class=\"wp-block-heading\" id=\"about-gbta\">Acerca de GBTA<\/h3>\n\n\n<p>La Asociaci\u00f3n Global de Viajes de Negocios (GBTA) es la principal organizaci\u00f3n comercial de viajes de negocios y reuniones del mundo con sede en el \u00e1rea de Washington, DC y operaciones en seis continentes. Los miembros de GBTA administran anualmente m\u00e1s de $345 mil millones de viajes de negocios y reuniones globales. GBTA ofrece educaci\u00f3n, eventos, investigaci\u00f3n, defensa y medios de clase mundial a una red global en crecimiento de m\u00e1s de 28,000 profesionales de viajes y 125,000 contactos activos.<\/p>\n\n\n\n<p>Nuestro enfoque es equipar a nuestros miembros con el conocimiento y los recursos necesarios para navegar el panorama de viajes de negocios que cambia r\u00e1pidamente, lo que resulta en mejores programas de viajes administrados, crecimiento comercial de primera l\u00ednea y carreras ejemplares. Esto lo hacemos a trav\u00e9s de lo siguiente:<\/p>\n\n\n\n<div class=\"wp-block-columns is-layout-flex wp-container-core-columns-is-layout-3 wp-block-columns-is-layout-flex\" style=\"padding-top:20px\">\n<div class=\"wp-block-column is-layout-flow wp-block-column-is-layout-flow\"><h4 class=\"wp-block-heading\" id=\"specialized-events\">Eventos Especializados<\/h4>\n\n\n<p>Asista a las reuniones m\u00e1s grandes de profesionales de viajes de negocios en eventos GBTA, seminarios web en l\u00ednea y sesiones educativas cerca de casa, en su regi\u00f3n y en todo el mundo.<\/p>\n\n\n\n<p><\/p>\n\n\n\n<p><\/p>\n\n\n\n<p><a href=\"https:\/\/gbta.org\/es\/calendar\/all-programs\/\" data-type=\"URL\" data-id=\"https:\/\/gbta.org\/calendar\/all-programs\" target=\"_blank\" rel=\"noreferrer noopener\">Aprende m\u00e1s<\/a><\/p>\n<\/div>\n\n\n\n<div class=\"wp-block-column is-layout-flow wp-block-column-is-layout-flow\"><h4 class=\"wp-block-heading\" id=\"professional-development\">Desarrollo profesional<\/h4>\n\n\n<p>Impulse su carrera con educaci\u00f3n y certificaci\u00f3n de viajes de negocios para impulsar el reconocimiento y el avance profesional. Educaci\u00f3n para todos los niveles dentro de la industria de viajes de negocios.<\/p>\n\n\n\n<p><\/p>\n\n\n\n<p><\/p>\n\n\n\n<p><a href=\"https:\/\/gbta.org\/es\/professional-development\/\" data-type=\"URL\" data-id=\"https:\/\/gbta.org\/professional-development\" target=\"_blank\" rel=\"noreferrer noopener\">Aprende m\u00e1s<\/a><\/p>\n<\/div>\n\n\n\n<div class=\"wp-block-column is-layout-flow wp-block-column-is-layout-flow\"><h4 class=\"wp-block-heading\" id=\"research-and-industry-tools\">Herramientas de investigaci\u00f3n e industria<\/h4>\n\n\n<p>Acceda a la colecci\u00f3n m\u00e1s grande del mundo de investigaci\u00f3n de la industria de viajes de negocios, plantillas RFP, herramientas de evaluaci\u00f3n comparativa y seminarios web archivados.<\/p>\n\n\n\n<p><\/p>\n\n\n\n<p><\/p>\n\n\n\n<p><a href=\"https:\/\/gbta.org\/es\/research-and-tools\/\" data-type=\"URL\" data-id=\"https:\/\/gbta.org\/research-and-tools\" target=\"_blank\" rel=\"noreferrer noopener\">Aprende m\u00e1s<\/a><\/p>\n<\/div>\n<\/div>\n\n\n\n<div class=\"wp-block-columns is-layout-flex wp-container-core-columns-is-layout-4 wp-block-columns-is-layout-flex\" style=\"padding-top:50px\">\n<div class=\"wp-block-column is-layout-flow wp-block-column-is-layout-flow\"><h4 class=\"wp-block-heading\" id=\"gbta-news\">Noticias GBTA<\/h4>\n\n\n<p><br>Mant\u00e9ngase actualizado sobre noticias, editoriales y perspectivas que dan vida a los \u00faltimos conocimientos, tendencias, promoci\u00f3n, eventos, investigaci\u00f3n y educaci\u00f3n de la industria de viajes de negocios.<br><br><\/p>\n\n\n\n<p><\/p>\n\n\n\n<p><\/p>\n\n\n\n<p><a href=\"https:\/\/gbta.org\/es\/news-and-advocacy\/newsroom\/\" data-type=\"URL\" data-id=\"https:\/\/gbta.org\/news-and-advocacy\/newsroom\" target=\"_blank\" rel=\"noreferrer noopener\">Lee mas<\/a><\/p>\n<\/div>\n\n\n\n<div class=\"wp-block-column is-layout-flow wp-block-column-is-layout-flow\"><h4 class=\"wp-block-heading\" id=\"leadership\">Liderazgo<\/h4>\n\n\n<p><br>GBTA conf\u00eda en profesionales experimentados y dedicados de la industria de viajes de negocios para guiar su estrategia y direcci\u00f3n para servir mejor a nuestros miembros en general y a la industria de viajes de negocios.<\/p>\n\n\n\n<p><\/p>\n\n\n\n<p><\/p>\n\n\n\n<p><a href=\"https:\/\/gbta.org\/es\/membership-and-communities\/global-leadership\/association-leadership\/\" data-type=\"URL\" data-id=\"https:\/\/gbta.org\/membership-and-communities\/global-leadership\/association-leadership\" target=\"_blank\" rel=\"noreferrer noopener\">Conoce a nuestro liderazgo<\/a><\/p>\n<\/div>\n\n\n\n<div class=\"wp-block-column is-layout-flow wp-block-column-is-layout-flow\"><h4 class=\"wp-block-heading\" id=\"work-at-gbta\">Trabaja en GBTA<\/h4>\n\n\n<p><br>\u00bfQuiere trabajar en un entorno de trabajo din\u00e1mico para una organizaci\u00f3n progresiva y en crecimiento? \u00bfTe encanta la industria de los viajes de negocios? \u00a1Siempre estamos buscando personas con talento para aportar ideas innovadoras y una ejecuci\u00f3n fiable a nuestro equipo!<\/p>\n\n\n\n<p><\/p>\n\n\n\n<p><\/p>\n\n\n\n<p><a href=\"https:\/\/gbta.bamboohr.com\/jobs\" data-type=\"URL\" data-id=\"https:\/\/gbta.bamboohr.com\/jobs\" target=\"_blank\" rel=\"noreferrer noopener\">Explora las vacantes actuales<\/a><\/p>\n<\/div>\n<\/div>\n\n\n<style>#kt-layout-id_2e845d-15 > .kt-row-column-wrap{align-content:start;}:where(#kt-layout-id_2e845d-15 > .kt-row-column-wrap) > .wp-block-kadence-column{justify-content:start;}#kt-layout-id_2e845d-15 > .kt-row-column-wrap{column-gap:var(--global-kb-gap-md, 2rem);row-gap:var(--global-kb-gap-md, 2rem);max-width:var( --global-content-width, 1440px );padding-left:var(--global-content-edge-padding);padding-right:var(--global-content-edge-padding);padding-top:var( --global-kb-row-default-top, 25px );padding-bottom:var( --global-kb-row-default-bottom, 25px );padding-top:50px;padding-bottom:15px;padding-left:0px;grid-template-columns:minmax(0, 1fr);}#kt-layout-id_2e845d-15 > .kt-row-layout-overlay{opacity:0.30;}@media all and (max-width: 1024px){#kt-layout-id_2e845d-15 > .kt-row-column-wrap{grid-template-columns:minmax(0, 1fr);}}@media all and (max-width: 767px){#kt-layout-id_2e845d-15 > .kt-row-column-wrap{grid-template-columns:minmax(0, 1fr);}}<\/style>\n<section class=\"wp-block-kadence-rowlayout alignnone\"><div id=\"kt-layout-id_2e845d-15\" class=\"kt-row-layout-inner kt-layout-id_2e845d-15\"><div class=\"kt-row-column-wrap kt-has-1-columns kt-gutter-default kt-v-gutter-default kt-row-valign-top kt-row-layout-equal kt-tab-layout-inherit kt-m-colapse-left-to-right kt-mobile-layout-row kb-theme-content-width\"><style>.kadence-column_753af5-6c > .kt-inside-inner-col{padding-left:0px;}.kadence-column_753af5-6c > .kt-inside-inner-col{border-top-width:0px;border-right-width:0px;border-bottom-width:0px;border-left-width:0px;}.kadence-column_753af5-6c > .kt-inside-inner-col,.kadence-column_753af5-6c > .kt-inside-inner-col:before{border-top-left-radius:0px;border-top-right-radius:0px;border-bottom-right-radius:0px;border-bottom-left-radius:0px;}.kadence-column_753af5-6c > .kt-inside-inner-col{column-gap:var(--global-kb-gap-sm, 1rem);}.kadence-column_753af5-6c > .kt-inside-inner-col{flex-direction:column;}.kadence-column_753af5-6c > .kt-inside-inner-col > .aligncenter{width:100%;}.kadence-column_753af5-6c > .kt-inside-inner-col:before{opacity:0.3;}.kadence-column_753af5-6c{position:relative;}@media all and (max-width: 1024px){.kadence-column_753af5-6c > .kt-inside-inner-col{flex-direction:column;}}@media all and (max-width: 767px){.kadence-column_753af5-6c > .kt-inside-inner-col{flex-direction:column;}}<\/style>\n<div class=\"wp-block-kadence-column inner-column-1 kadence-column_753af5-6c\"><div class=\"kt-inside-inner-col\"><style>.wp-block-kadence-advancedheading.kt-adv-heading_fb2e8d-73, .wp-block-kadence-advancedheading.kt-adv-heading_fb2e8d-73[data-kb-block=\"kb-adv-heading_fb2e8d-73\"]{font-style:normal;}.wp-block-kadence-advancedheading.kt-adv-heading_fb2e8d-73 mark.kt-highlight, .wp-block-kadence-advancedheading.kt-adv-heading_fb2e8d-73[data-kb-block=\"kb-adv-heading_fb2e8d-73\"] mark.kt-highlight{font-style:normal;color:#f76a0c;-webkit-box-decoration-break:clone;box-decoration-break:clone;padding-top:0px;padding-right:0px;padding-bottom:0px;padding-left:0px;}<\/style>\n<h2 class=\"kt-adv-heading_fb2e8d-73 wp-block-kadence-advancedheading\" data-kb-block=\"kb-adv-heading_fb2e8d-73\">GBTA, Nuestra Voz<\/h2>\n\n\n\n<p><strong><a href=\"https:\/\/gbta.org\/es\/news-and-advocacy\/advocacy-and-government-relations\/\" data-type=\"URL\" data-id=\"https:\/\/gbta.org\/news-and-advocacy\/advocacy-and-government-relations\" target=\"_blank\" rel=\"noreferrer noopener\">Defensores de GBTA<\/a><\/strong> para un mercado de viajes de negocios abierto y competitivo que permita la transparencia de precios, la seguridad de los pasajeros, una infraestructura mejorada y regulaciones que respalden los objetivos comerciales.<\/p>\n\n\n\n<p>GBTA tiene su sede en el \u00e1rea de Washington, DC. GBTA conecta a las personas que conectan el mundo.<\/p>\n\n\n\n<p>GBTA se enorgullece de su accesibilidad y transparencia. No dude en revisar los formularios, presentaciones e informes comerciales y financieros recientes de GBTA<\/p>\n<\/div><\/div>\n<\/div><\/div><\/section>\n\n\n<style>#kt-layout-id_3461fb-48 > .kt-row-column-wrap{align-content:start;}:where(#kt-layout-id_3461fb-48 > .kt-row-column-wrap) > .wp-block-kadence-column{justify-content:start;}#kt-layout-id_3461fb-48 > .kt-row-column-wrap{column-gap:var(--global-kb-gap-md, 2rem);row-gap:var(--global-kb-gap-md, 2rem);max-width:var( --global-content-width, 1440px );padding-left:var(--global-content-edge-padding);padding-right:var(--global-content-edge-padding);padding-top:var( --global-kb-row-default-top, 25px );padding-bottom:var( --global-kb-row-default-bottom, 25px );padding-top:50px;padding-bottom:15px;padding-left:0px;grid-template-columns:minmax(0, 1fr);}#kt-layout-id_3461fb-48 > .kt-row-layout-overlay{opacity:0.30;}@media all and (max-width: 1024px){#kt-layout-id_3461fb-48 > .kt-row-column-wrap{grid-template-columns:minmax(0, 1fr);}}@media all and (max-width: 767px){#kt-layout-id_3461fb-48 > .kt-row-column-wrap{grid-template-columns:minmax(0, 1fr);}}<\/style>\n<section class=\"wp-block-kadence-rowlayout alignnone\"><div id=\"kt-layout-id_3461fb-48\" class=\"kt-row-layout-inner kt-layout-id_3461fb-48\"><div class=\"kt-row-column-wrap kt-has-1-columns kt-gutter-default kt-v-gutter-default kt-row-valign-top kt-row-layout-equal kt-tab-layout-inherit kt-m-colapse-left-to-right kt-mobile-layout-row kb-theme-content-width\"><style>.kadence-column_3c3193-8c > .kt-inside-inner-col{border-top-width:0px;border-right-width:0px;border-bottom-width:0px;border-left-width:0px;}.kadence-column_3c3193-8c > .kt-inside-inner-col,.kadence-column_3c3193-8c > .kt-inside-inner-col:before{border-top-left-radius:0px;border-top-right-radius:0px;border-bottom-right-radius:0px;border-bottom-left-radius:0px;}.kadence-column_3c3193-8c > .kt-inside-inner-col{column-gap:var(--global-kb-gap-sm, 1rem);}.kadence-column_3c3193-8c > .kt-inside-inner-col{flex-direction:column;}.kadence-column_3c3193-8c > .kt-inside-inner-col > .aligncenter{width:100%;}.kadence-column_3c3193-8c > .kt-inside-inner-col:before{opacity:0.3;}.kadence-column_3c3193-8c{position:relative;}@media all and (max-width: 1024px){.kadence-column_3c3193-8c > .kt-inside-inner-col{flex-direction:column;}}@media all and (max-width: 767px){.kadence-column_3c3193-8c > .kt-inside-inner-col{flex-direction:column;}}<\/style>\n<div class=\"wp-block-kadence-column inner-column-1 kadence-column_3c3193-8c\"><div class=\"kt-inside-inner-col\"><style>.wp-block-kadence-advancedheading.kt-adv-heading_05d5d6-dc, .wp-block-kadence-advancedheading.kt-adv-heading_05d5d6-dc[data-kb-block=\"kb-adv-heading_05d5d6-dc\"]{font-style:normal;}.wp-block-kadence-advancedheading.kt-adv-heading_05d5d6-dc mark.kt-highlight, .wp-block-kadence-advancedheading.kt-adv-heading_05d5d6-dc[data-kb-block=\"kb-adv-heading_05d5d6-dc\"] mark.kt-highlight{font-style:normal;color:#f76a0c;-webkit-box-decoration-break:clone;box-decoration-break:clone;padding-top:0px;padding-right:0px;padding-bottom:0px;padding-left:0px;}<\/style>\n<h2 class=\"kt-adv-heading_05d5d6-dc wp-block-kadence-advancedheading\" data-kb-block=\"kb-adv-heading_05d5d6-dc\">Informaci\u00f3n de negocios<\/h2>\n\n\n\n<p><strong><a href=\"https:\/\/gbta.org\/es\/Portals\/0\/bylaws\/GBTA Bylaws as of May 2021_signed.pdf\/\" data-type=\"URL\" data-id=\"https:\/\/gbta.org\/Portals\/0\/bylaws\/GBTA%20Bylaws%20as%20of%20May%202021_signed.pdf\" target=\"_blank\" rel=\"noreferrer noopener\">estatutos<\/a> a partir de mayo de 2021<\/strong><\/p>\n<\/div><\/div>\n<\/div><\/div><\/section>\n\n\n\n<div class=\"wp-block-columns is-layout-flex wp-container-core-columns-is-layout-5 wp-block-columns-is-layout-flex\">\n<div class=\"wp-block-column is-layout-flow wp-block-column-is-layout-flow\"><h4 class=\"wp-block-heading\" id=\"990s\">990s<\/h4>\n\n\n<p><br><strong><a href=\"https:\/\/gbta.org\/es\/Portals\/0\/Documents\/Business_Information\/GBTA-2020-990's-w-statement.pdf\/?ver=bB3OFi6uTjlKoiPsoljRFA==\" data-type=\"URL\" data-id=\"https:\/\/gbta.org\/Portals\/0\/Documents\/Business_Information\/GBTA-2020-990's-w-statement.pdf?ver=bB3OFi6uTjlKoiPsoljRFA%3d%3d\" target=\"_blank\" rel=\"noreferrer noopener\">GBTA 2020 990 Volver<br><\/a><a href=\"https:\/\/gbta.org\/es\/Portals\/0\/GBTA 2019 990.pdf\/?ver=2021-08-04-161853-263\" data-type=\"URL\" data-id=\"https:\/\/gbta.org\/Portals\/0\/GBTA%202019%20990.pdf?ver=2021-08-04-161853-263\" target=\"_blank\" rel=\"noreferrer noopener\">GBTA 2019 990 Volver<br><\/a><a href=\"https:\/\/gbta.org\/es\/Portals\/0\/Documents\/Business_Information\/GBTA_2018_990.pdf\/\" data-type=\"URL\" data-id=\"https:\/\/gbta.org\/Portals\/0\/Documents\/Business_Information\/GBTA_2018_990.pdf\" target=\"_blank\" rel=\"noreferrer noopener\">GBTA 2018 990 Volver<br><\/a><a href=\"https:\/\/gbta.org\/es\/Portals\/0\/Documents\/Business_Information\/GBTA_Association_2017_990.pdf\/\" data-type=\"URL\" data-id=\"https:\/\/gbta.org\/Portals\/0\/Documents\/Business_Information\/GBTA_Association_2017_990.pdf\" target=\"_blank\" rel=\"noreferrer noopener\">GBTA 2017 990 Volver<br><\/a><a href=\"https:\/\/gbta.org\/es\/Portals\/0\/Documents\/Business_Information\/GBTA-2016-Public-Disclosure.pdf\/\" data-type=\"URL\" data-id=\"https:\/\/gbta.org\/Portals\/0\/Documents\/Business_Information\/GBTA-2016-Public-Disclosure.pdf\" target=\"_blank\" rel=\"noreferrer noopener\">GBTA 2016 990 Volver<\/a><\/strong><\/p>\n<\/div>\n\n\n\n<div class=\"wp-block-column is-layout-flow wp-block-column-is-layout-flow\"><\/div>\n<\/div>\n\n\n\n<div class=\"wp-block-columns is-layout-flex wp-container-core-columns-is-layout-6 wp-block-columns-is-layout-flex\" style=\"padding-top:50px\">\n<div class=\"wp-block-column is-layout-flow wp-block-column-is-layout-flow\" style=\"padding-top:20px\"><h4 class=\"wp-block-heading\" id=\"election-certification\">Certificaci\u00f3n Electoral<\/h4>\n\n\n<p><br><strong><a href=\"https:\/\/gbta.org\/es\/Portals\/0\/GBTA Certification Letter 2021.pdf\/?ver=2021-08-04-155649-500\" data-type=\"URL\" data-id=\"https:\/\/gbta.org\/Portals\/0\/GBTA%20Certification%20Letter%202021.pdf?ver=2021-08-04-155649-500\" target=\"_blank\" rel=\"noreferrer noopener\">Carta de certificaci\u00f3n de elecciones de GBTA 2021<br><\/a><a href=\"https:\/\/gbta.org\/es\/Portals\/0\/GBTA Certification Letter 2020.pdf\/?ver=2021-08-04-155253-857\" data-type=\"URL\" data-id=\"https:\/\/gbta.org\/Portals\/0\/GBTA%20Certification%20Letter%202020.pdf?ver=2021-08-04-155253-857\" target=\"_blank\" rel=\"noreferrer noopener\">Carta de certificaci\u00f3n de elecciones GBTA 2020<br><\/a><a href=\"https:\/\/gbta.org\/es\/Portals\/0\/Documents\/Business_Information\/GBTA_Certification_Letter_2019.pdf\/\" data-type=\"URL\" data-id=\"https:\/\/gbta.org\/Portals\/0\/Documents\/Business_Information\/GBTA_Certification_Letter_2019.pdf\" target=\"_blank\" rel=\"noreferrer noopener\">Carta de certificaci\u00f3n de elecciones GBTA 2019<br><\/a><a href=\"https:\/\/gbta.org\/es\/Portals\/0\/Documents\/Business_Information\/GBTA_Certification_Letter_2018.pdf\/\" data-type=\"URL\" data-id=\"https:\/\/gbta.org\/Portals\/0\/Documents\/Business_Information\/GBTA_Certification_Letter_2018.pdf\" target=\"_blank\" rel=\"noreferrer noopener\">Carta de certificaci\u00f3n de elecciones de GBTA 2018<br><\/a><a href=\"https:\/\/gbta.org\/es\/Portals\/0\/Documents\/Business_Information\/GBTA-Certification-Letter-2017.pdf\/\" data-type=\"URL\" data-id=\"https:\/\/gbta.org\/Portals\/0\/Documents\/Business_Information\/GBTA-Certification-Letter-2017.pdf\" target=\"_blank\" rel=\"noreferrer noopener\">Carta de certificaci\u00f3n de elecciones de GBTA 2017<\/a><\/strong><\/p>\n<\/div>\n\n\n\n<div class=\"wp-block-column is-layout-flow wp-block-column-is-layout-flow\" style=\"padding-top:20px\"><h4 class=\"wp-block-heading\" id=\"annual-meeting-minutes\">Actas de la reuni\u00f3n anual<\/h4>\n\n\n<p><br><strong><a href=\"https:\/\/hub.gbta.org\/groups\/reviews\/item\/20\/11\/3029\" data-type=\"URL\" data-id=\"https:\/\/hub.gbta.org\/groups\/reviews\/item\/20\/11\/3029\" target=\"_blank\" rel=\"noreferrer noopener\">Actas de la reuni\u00f3n anual de GBTA 2022<br><\/a><a href=\"https:\/\/hub.gbta.org\/groups\/reviews\/item\/20\/11\/3024\" data-type=\"URL\" data-id=\"https:\/\/hub.gbta.org\/groups\/reviews\/item\/20\/11\/3024\" target=\"_blank\" rel=\"noreferrer noopener\">Actas de la reuni\u00f3n anual de GBTA 2021<br><\/a><a href=\"https:\/\/hub.gbta.org\/groups\/reviews\/item\/20\/11\/3023\" data-type=\"URL\" data-id=\"https:\/\/hub.gbta.org\/groups\/reviews\/item\/20\/11\/3023\" target=\"_blank\" rel=\"noreferrer noopener\">Actas de la reuni\u00f3n anual de GBTA 2020<br><\/a><a href=\"https:\/\/hub.gbta.org\/groups\/reviews\/item\/20\/11\/3022\" data-type=\"URL\" data-id=\"https:\/\/hub.gbta.org\/groups\/reviews\/item\/20\/11\/3022\" target=\"_blank\" rel=\"noreferrer noopener\">Actas de la reuni\u00f3n anual de GBTA 2019<br><\/a><a href=\"https:\/\/hub.gbta.org\/groups\/reviews\/item\/20\/11\/2651\" data-type=\"URL\" data-id=\"https:\/\/hub.gbta.org\/groups\/reviews\/item\/20\/11\/2651\" target=\"_blank\" rel=\"noreferrer noopener\">Actas de la reuni\u00f3n anual de GBTA 2018<br><\/a><a href=\"https:\/\/hub.gbta.org\/groups\/reviews\/item\/20\/11\/2650\" data-type=\"URL\" data-id=\"https:\/\/hub.gbta.org\/groups\/reviews\/item\/20\/11\/2650\" target=\"_blank\" rel=\"noreferrer noopener\">Actas de la reuni\u00f3n anual de GBTA 2017<\/a><\/strong><\/p>\n<\/div>\n<\/div>","protected":false},"excerpt":{"rendered":"<p>Misi\u00f3n de GBTA La misi\u00f3n de GBTA es ser la fuente l\u00edder de conocimiento sobre viajes de negocios en todo el mundo. Este conocimiento se crea a trav\u00e9s de la educaci\u00f3n, la investigaci\u00f3n, la creaci\u00f3n de redes y la promoci\u00f3n a pedido. Creemos\u2026<\/p>","protected":false},"author":9,"featured_media":0,"parent":0,"menu_order":0,"comment_status":"closed","ping_status":"closed","template":"","meta":{"_acf_changed":false,"_seopress_robots_primary_cat":"","_seopress_titles_title":"","_seopress_titles_desc":"","_seopress_robots_index":"yes","om_disable_all_campaigns":false,"_relevanssi_hide_post":"","_relevanssi_hide_content":"","_relevanssi_pin_for_all":"","_relevanssi_pin_keywords":"","_relevanssi_unpin_keywords":"","_relevanssi_related_keywords":"","_relevanssi_related_include_ids":"","_relevanssi_related_exclude_ids":"","_relevanssi_related_no_append":"","_relevanssi_related_not_related":"","_relevanssi_related_posts":"1,415,661,662,664,666","_relevanssi_noindex_reason":"","_kad_blocks_custom_css":"","_kad_blocks_head_custom_js":"","_kad_blocks_body_custom_js":"","_kad_blocks_footer_custom_js":"","_kad_post_transparent":"","_kad_post_title":"","_kad_post_layout":"","_kad_post_sidebar_id":"","_kad_post_content_style":"","_kad_post_vertical_padding":"","_kad_post_feature":"","_kad_post_feature_position":"","_kad_post_header":false,"_kad_post_footer":false,"footnotes":"","_links_to":"","_links_to_target":""},"class_list":["post-3244","page","type-page","status-publish","hentry"],"acf":[],"featured_image_src_large":false,"author_info":{"display_name":"","author_link":"https:\/\/gbta.org\/es\/author\/"},"comment_info":"","taxonomy_info":[],"featured_image_src":null,"featured_image_src_square":null,"mfb_rest_fields":["featured_image_src_large","author_info","comment_info","taxonomy_info","featured_image_src","featured_image_src_square"],"_links":{"self":[{"href":"https:\/\/gbta.org\/es\/wp-json\/wp\/v2\/pages\/3244","targetHints":{"allow":["GET"]}}],"collection":[{"href":"https:\/\/gbta.org\/es\/wp-json\/wp\/v2\/pages"}],"about":[{"href":"https:\/\/gbta.org\/es\/wp-json\/wp\/v2\/types\/page"}],"author":[{"embeddable":true,"href":"https:\/\/gbta.org\/es\/wp-json\/wp\/v2\/users\/9"}],"replies":[{"embeddable":true,"href":"https:\/\/gbta.org\/es\/wp-json\/wp\/v2\/comments?post=3244"}],"version-history":[{"count":0,"href":"https:\/\/gbta.org\/es\/wp-json\/wp\/v2\/pages\/3244\/revisions"}],"wp:attachment":[{"href":"https:\/\/gbta.org\/es\/wp-json\/wp\/v2\/media?parent=3244"}],"curies":[{"name":"wp","href":"https:\/\/api.w.org\/{rel}","templated":true}]}}