{"id":3294,"date":"2022-07-31T08:52:33","date_gmt":"2022-07-31T12:52:33","guid":{"rendered":"https:\/\/gbta.org\/?page_id=3294"},"modified":"2025-06-24T01:27:07","modified_gmt":"2025-06-24T05:27:07","slug":"video-marketing","status":"publish","type":"page","link":"https:\/\/gbta.org\/es\/sponsor-exhibit\/video-marketing\/","title":{"rendered":"V\u00eddeo marketing"},"content":{"rendered":"<style>.kadence-column_622945-8e > .kt-inside-inner-col,.kadence-column_622945-8e > .kt-inside-inner-col:before{border-top-left-radius:0px;border-top-right-radius:0px;border-bottom-right-radius:0px;border-bottom-left-radius:0px;}.kadence-column_622945-8e > .kt-inside-inner-col{column-gap:var(--global-kb-gap-sm, 1rem);}.kadence-column_622945-8e > .kt-inside-inner-col{flex-direction:column;}.kadence-column_622945-8e > .kt-inside-inner-col > .aligncenter{width:100%;}.kadence-column_622945-8e > .kt-inside-inner-col:before{opacity:0.3;}.kadence-column_622945-8e{position:relative;}@media all and (max-width: 1024px){.kadence-column_622945-8e > .kt-inside-inner-col{flex-direction:column;}}@media all and (max-width: 767px){.kadence-column_622945-8e > .kt-inside-inner-col{flex-direction:column;}}<\/style>\n<div class=\"wp-block-kadence-column kadence-column_622945-8e inner-column-1\"><div class=\"kt-inside-inner-col\"><style>.kb-row-layout-id_f2bdbc-c4 > .kt-row-column-wrap{align-content:start;}:where(.kb-row-layout-id_f2bdbc-c4 > .kt-row-column-wrap) > .wp-block-kadence-column{justify-content:start;}.kb-row-layout-id_f2bdbc-c4 > .kt-row-column-wrap{column-gap:var(--global-kb-gap-md, 2rem);row-gap:var(--global-kb-gap-md, 2rem);padding-top:var(--global-kb-spacing-sm, 1.5rem);padding-bottom:var(--global-kb-spacing-sm, 1.5rem);grid-template-columns:minmax(0, 1fr) minmax(0, 2fr);}.kb-row-layout-id_f2bdbc-c4 > .kt-row-layout-overlay{opacity:0.30;}@media all and (max-width: 1024px){.kb-row-layout-id_f2bdbc-c4 > .kt-row-column-wrap{grid-template-columns:minmax(0, 1fr) minmax(0, 2fr);}}@media all and (max-width: 767px){.kb-row-layout-id_f2bdbc-c4 > .kt-row-column-wrap{grid-template-columns:minmax(0, 1fr);}}<\/style><div class=\"kb-row-layout-wrap kb-row-layout-id_f2bdbc-c4 alignnone wp-block-kadence-rowlayout\"><div class=\"kt-row-column-wrap kt-has-2-columns kt-row-layout-right-golden kt-tab-layout-inherit kt-mobile-layout-row kt-row-valign-top\">\n<style>.kadence-column_60f673-49 > .kt-inside-inner-col,.kadence-column_60f673-49 > .kt-inside-inner-col:before{border-top-left-radius:0px;border-top-right-radius:0px;border-bottom-right-radius:0px;border-bottom-left-radius:0px;}.kadence-column_60f673-49 > .kt-inside-inner-col{column-gap:var(--global-kb-gap-sm, 1rem);}.kadence-column_60f673-49 > .kt-inside-inner-col{flex-direction:column;}.kadence-column_60f673-49 > .kt-inside-inner-col > .aligncenter{width:100%;}.kadence-column_60f673-49 > .kt-inside-inner-col:before{opacity:0.3;}.kadence-column_60f673-49{position:relative;}@media all and (max-width: 1024px){.kadence-column_60f673-49 > .kt-inside-inner-col{flex-direction:column;}}@media all and (max-width: 767px){.kadence-column_60f673-49 > .kt-inside-inner-col{flex-direction:column;}}<\/style>\n<div class=\"wp-block-kadence-column kadence-column_60f673-49 inner-column-1\"><div class=\"kt-inside-inner-col\"><style>.kadence-column_f07acc-c4 > .kt-inside-inner-col{padding-top:15px;padding-right:15px;padding-bottom:15px;padding-left:15px;}.kadence-column_f07acc-c4 > .kt-inside-inner-col,.kadence-column_f07acc-c4 > .kt-inside-inner-col:before{border-top-left-radius:0px;border-top-right-radius:0px;border-bottom-right-radius:0px;border-bottom-left-radius:0px;}.kadence-column_f07acc-c4 > .kt-inside-inner-col{column-gap:var(--global-kb-gap-sm, 1rem);}.kadence-column_f07acc-c4 > .kt-inside-inner-col{flex-direction:column;}.kadence-column_f07acc-c4 > .kt-inside-inner-col > .aligncenter{width:100%;}.kadence-column_f07acc-c4 > .kt-inside-inner-col{background-color:var(--global-palette8, #F7FAFC);}.kadence-column_f07acc-c4 > .kt-inside-inner-col:before{opacity:0.3;}.kadence-column_f07acc-c4{position:relative;}.kadence-column_f07acc-c4, .kt-inside-inner-col > .kadence-column_f07acc-c4:not(.specificity){margin-top:0px;margin-right:0px;margin-bottom:0px;margin-left:0px;}@media all and (max-width: 1024px){.kadence-column_f07acc-c4 > .kt-inside-inner-col{flex-direction:column;}}@media all and (max-width: 767px){.kadence-column_f07acc-c4 > .kt-inside-inner-col{flex-direction:column;}}<\/style>\n<div class=\"wp-block-kadence-column kadence-column_f07acc-c4 inner-column-1\"><div class=\"kt-inside-inner-col\">\n<ul class=\"wp-block-list\">\n<li><a rel=\"noreferrer noopener\" href=\"https:\/\/gbta.org\/es\/sponsor-exhibit\/digital-marketing\/\" target=\"_blank\"><strong>Publicidad digital<\/strong><\/a><\/li>\n\n\n\n<li><strong><a rel=\"noreferrer noopener\" href=\"https:\/\/gbta.org\/es\/sponsor-exhibit\/email-marketing\/\" target=\"_blank\">Correo de propaganda<\/a><\/strong><\/li>\n\n\n\n<li><strong><a rel=\"noreferrer noopener\" href=\"https:\/\/gbta.org\/es\/sponsor-exhibit\/video-marketing\/\" target=\"_blank\">V\u00eddeo marketing<\/a><\/strong><\/li>\n\n\n\n<li><strong><a href=\"https:\/\/gbta.org\/es\/sponsor-exhibit\/digital-marketing\/podcast\/\" data-type=\"URL\" data-id=\"https:\/\/gbta.org\/sponsor-exhibit\/digital-marketing\/podcast\/\">comercializaci\u00f3n de podcasts<\/a><\/strong><\/li>\n\n\n\n<li><strong><a href=\"https:\/\/gbta.org\/es\/sponsor-exhibit\/social-media\/\">Marketing de medios sociales<\/a><\/strong><\/li>\n\n\n\n<li><strong><a href=\"https:\/\/gbta.org\/es\/sponsor-exhibit\/display-media\/\">Medios de visualizaci\u00f3n<\/a><\/strong><\/li>\n<\/ul>\n<\/div><\/div>\n<\/div><\/div>\n\n\n<style>.kadence-column_055301-cd > .kt-inside-inner-col,.kadence-column_055301-cd > .kt-inside-inner-col:before{border-top-left-radius:0px;border-top-right-radius:0px;border-bottom-right-radius:0px;border-bottom-left-radius:0px;}.kadence-column_055301-cd > .kt-inside-inner-col{column-gap:var(--global-kb-gap-sm, 1rem);}.kadence-column_055301-cd > .kt-inside-inner-col{flex-direction:column;}.kadence-column_055301-cd > .kt-inside-inner-col > .aligncenter{width:100%;}.kadence-column_055301-cd > .kt-inside-inner-col:before{opacity:0.3;}.kadence-column_055301-cd{position:relative;}@media all and (max-width: 1024px){.kadence-column_055301-cd > .kt-inside-inner-col{flex-direction:column;}}@media all and (max-width: 767px){.kadence-column_055301-cd > .kt-inside-inner-col{flex-direction:column;}}<\/style>\n<div class=\"wp-block-kadence-column kadence-column_055301-cd inner-column-2\"><div class=\"kt-inside-inner-col\">\n<p>Involucre a sus prospectos objetivo con un video inmersivo que cuente la historia de su empresa y genere prospectos calificados.<\/p>\n\n\n\n<p>Muestre el video de su empresa a profesionales de viajes de negocios espec\u00edficos a trav\u00e9s de 3 herramientas de video: GBTA On Demand, GBTA Live! y Youtube. Use el video para crear una experiencia inmersiva que genere clientes potenciales calificados y aumente el conocimiento de la marca.<\/p>\n<\/div><\/div>\n\n<\/div><\/div><\/div><\/div>\n\n\n<style>.kt-tabs-id_070bb1-13 > .kt-tabs-content-wrap > .wp-block-kadence-tab{border-top:3px solid #4f5157;border-right:0px solid #4f5157;border-bottom:0px solid #4f5157;border-left:0px solid #4f5157;border-top-left-radius:0px;border-top-right-radius:0px;border-bottom-right-radius:0px;border-bottom-left-radius:0px;padding-top:35px;padding-right:0px;padding-bottom:85px;padding-left:0px;background:#ffffff;}.wp-block-kadence-tabs .kt-tabs-id_070bb1-13 > .kt-tabs-title-list li{margin-top:0px;margin-right:8px;margin-bottom:0px;margin-left:0px;}.wp-block-kadence-tabs .kt-tabs-id_070bb1-13 > .kt-tabs-title-list li:last-child{margin-right:0px;}.wp-block-kadence-tabs .kt-tabs-id_070bb1-13 > .kt-tabs-title-list li .kt-tab-title, .wp-block-kadence-tabs .kt-tabs-id_070bb1-13 > .kt-tabs-content-wrap > .kt-tabs-accordion-title .kt-tab-title{line-height:1em;font-weight:bold;font-style:normal;border-top-width:0px;border-right-width:0px;border-bottom-width:0px;border-left-width:0px;border-top-left-radius:10px;border-top-right-radius:10px;border-bottom-right-radius:0px;border-bottom-left-radius:0px;padding-top:16px;padding-right:20px;padding-bottom:16px;padding-left:20px;border-color:#eeeeee;color:#222222;background:#eeeeee;}.wp-block-kadence-tabs .kt-tabs-id_070bb1-13 > .kt-tabs-content-wrap > .kt-tabs-accordion-title .kt-tab-title{margin-top:0px;margin-right:8px;margin-bottom:0px;margin-left:0px;}.wp-block-kadence-tabs .kt-tabs-id_070bb1-13 > .kt-tabs-title-list li .kt-tab-title:hover, .wp-block-kadence-tabs .kt-tabs-id_070bb1-13 > .kt-tabs-content-wrap > .kt-tabs-accordion-title .kt-tab-title:hover{border-color:#eeeeee;color:#ffffff;background:#ff6200;}.wp-block-kadence-tabs .kt-tabs-id_070bb1-13 > .kt-tabs-title-list li.kt-tab-title-active .kt-tab-title, .wp-block-kadence-tabs .kt-tabs-id_070bb1-13 > .kt-tabs-content-wrap > .kt-tabs-accordion-title.kt-tab-title-active .kt-tab-title{border-color:#eeeeee;color:#ffffff;background:#ff6200;}@media all and (max-width: 1024px){.kt-tabs-id_070bb1-13 > .kt-tabs-content-wrap > .wp-block-kadence-tab{border-top:3px solid #4f5157;border-right:0px solid #4f5157;border-bottom:0px solid #4f5157;border-left:0px solid #4f5157;}}@media all and (max-width: 767px){.kt-tabs-id_070bb1-13 > .kt-tabs-content-wrap > .wp-block-kadence-tab{border-top:3px solid #4f5157;border-right:0px solid #4f5157;border-bottom:0px solid #4f5157;border-left:0px solid #4f5157;}}<\/style>\n<div class=\"wp-block-kadence-tabs alignnone\"><div class=\"kt-tabs-wrap kt-tabs-id_070bb1-13 kt-tabs-has-3-tabs kt-active-tab-1 kt-tabs-layout-tabs kt-tabs-tablet-layout-inherit kt-tabs-mobile-layout-inherit kt-tab-alignment-left\"><ul class=\"kt-tabs-title-list\"><li id=\"tab-gbtaondemand\" class=\"kt-title-item kt-title-item-1 kt-tabs-svg-show-always kt-tabs-icon-side-right kt-tab-title-active\"><a href=\"#tab-gbtaondemand\" data-tab=\"1\" class=\"kt-tab-title kt-tab-title-1\"><span class=\"kt-title-text\">GBTA BAJO DEMANDA<\/span><\/a><\/li><li id=\"tab-gbtalive\" class=\"kt-title-item kt-title-item-2 kt-tabs-svg-show-always kt-tabs-icon-side-right kt-tab-title-inactive\"><a href=\"#tab-gbtalive\" data-tab=\"2\" class=\"kt-tab-title kt-tab-title-2\"><span class=\"kt-title-text\">\u00a1GBTA EN VIVO!<\/span><\/a><\/li><li id=\"tab-gbtavideoadnetworkpoweredbyyoutube\" class=\"kt-title-item kt-title-item-3 kt-tabs-svg-show-always kt-tabs-icon-side-right kt-tab-title-inactive\"><a href=\"#tab-gbtavideoadnetworkpoweredbyyoutube\" data-tab=\"3\" class=\"kt-tab-title kt-tab-title-3\"><span class=\"kt-title-text\">RED DE PUBLICIDAD EN VIDEO DE GBTA: IMPULSADA POR YOUTUBE\u2122<\/span><\/a><\/li><\/ul><div class=\"kt-tabs-content-wrap\">\n<div class=\"wp-block-kadence-tab kt-tab-inner-content kt-inner-tab-1 kt-inner-tab_f26fe9-38\"><div class=\"kt-tab-inner-content-inner\">\n<p>Promocione su marca a un grupo selectivo de profesionales de viajes de negocios haciendo que sus anuncios se publiquen antes de la base de datos de contenido de video de convenciones, conferencias y seminarios web de GBTA. GBTA On Demand es un recurso solo para miembros con contenido desde los eventos globales m\u00e1s recientes hasta seminarios web solo virtuales.<\/p>\n\n\n<div class=\"wp-block-image\">\n<figure class=\"aligncenter size-large\"><img loading=\"lazy\" decoding=\"async\" width=\"1024\" height=\"477\" src=\"https:\/\/gbta.org\/wp-content\/uploads\/GBTA-On-Demand-1-1024x477.png\" alt=\"gbta on demand 1\" class=\"wp-image-13828\" srcset=\"https:\/\/gbta.org\/wp-content\/uploads\/GBTA-On-Demand-1-1024x477.png 1024w, https:\/\/gbta.org\/wp-content\/uploads\/GBTA-On-Demand-1-300x140.png 300w, https:\/\/gbta.org\/wp-content\/uploads\/GBTA-On-Demand-1-768x357.png 768w, https:\/\/gbta.org\/wp-content\/uploads\/GBTA-On-Demand-1-1536x715.png 1536w, https:\/\/gbta.org\/wp-content\/uploads\/GBTA-On-Demand-1-18x8.png 18w, https:\/\/gbta.org\/wp-content\/uploads\/GBTA-On-Demand-1.png 1646w\" sizes=\"auto, (max-width: 1024px) 100vw, 1024px\" \/><\/figure><\/div>\n\n\n<p><strong>Precios para la marca y el patrocinio del sitio completo:<\/strong><\/p>\n\n\n\n<ul class=\"wp-block-list\">\n<li>Convenci\u00f3n GBTA a pedido: $30,000 USD<\/li>\n\n\n\n<li>Conferencia GBTA Canad\u00e1 On Demand \u2013 $20,000 CAD<\/li>\n\n\n\n<li>Conferencia GBTA Europa a la carta \u2013 12 500 \u20ac<\/li>\n\n\n\n<li>Conferencia GBTA M\u00e9xico On Demand \u2013 $11,500 USD<\/li>\n<\/ul>\n\n\n\n<p><\/p>\n\n\n\n<p><\/p>\n<\/div><\/div>\n\n\n\n<div class=\"wp-block-kadence-tab kt-tab-inner-content kt-inner-tab-2 kt-inner-tab_3ebfad-26\"><div class=\"kt-tab-inner-content-inner\">\n<p>Genere conciencia y tr\u00e1fico en su stand con la reproducci\u00f3n de su comercial durante la programaci\u00f3n de GBTA LIVE en pantallas en lugares de alto tr\u00e1fico en el centro de convenciones o conferencias.<\/p>\n\n\n<div class=\"wp-block-image\">\n<figure class=\"aligncenter size-large\"><img loading=\"lazy\" decoding=\"async\" width=\"1024\" height=\"512\" src=\"https:\/\/gbta.org\/wp-content\/uploads\/gbta-live-1024x512.png\" alt=\"gbta live\" class=\"wp-image-3298\" srcset=\"https:\/\/gbta.org\/wp-content\/uploads\/gbta-live-1024x512.png 1024w, https:\/\/gbta.org\/wp-content\/uploads\/gbta-live-300x150.png 300w, https:\/\/gbta.org\/wp-content\/uploads\/gbta-live-768x384.png 768w, https:\/\/gbta.org\/wp-content\/uploads\/gbta-live.png 1200w\" sizes=\"auto, (max-width: 1024px) 100vw, 1024px\" \/><\/figure><\/div>\n\n\n<p><strong>Precios:<\/strong><\/p>\n\n\n\n<ul class=\"wp-block-list\">\n<li>Las opciones est\u00e1n disponibles en Paquetes de visibilidad por evento.<\/li>\n<\/ul>\n<\/div><\/div>\n\n\n\n<div class=\"wp-block-kadence-tab kt-tab-inner-content kt-inner-tab-3 kt-inner-tab_a865a9-98\"><div class=\"kt-tab-inner-content-inner\">\n<p>Promocione su organizaci\u00f3n, llegue a los profesionales de los viajes de negocios e impulse nuevos negocios a trav\u00e9s de la red publicitaria de video GBTA, con tecnolog\u00eda de YouTube\u2122. Aproveche la red publicitaria altamente dirigida de GBTA con anuncios de video. Llegue a los profesionales de viajes de negocios durante su experiencia de visualizaci\u00f3n de YouTube\u2122 con sus anuncios de video personalizados.<\/p>\n\n\n<div class=\"wp-block-image\">\n<figure class=\"aligncenter size-large\"><img loading=\"lazy\" decoding=\"async\" width=\"1024\" height=\"512\" src=\"https:\/\/gbta.org\/wp-content\/uploads\/gbta-video-add-network-1024x512.png\" alt=\"gbta video add network\" class=\"wp-image-3299\" srcset=\"https:\/\/gbta.org\/wp-content\/uploads\/gbta-video-add-network-1024x512.png 1024w, https:\/\/gbta.org\/wp-content\/uploads\/gbta-video-add-network-300x150.png 300w, https:\/\/gbta.org\/wp-content\/uploads\/gbta-video-add-network-768x384.png 768w, https:\/\/gbta.org\/wp-content\/uploads\/gbta-video-add-network.png 1200w\" sizes=\"auto, (max-width: 1024px) 100vw, 1024px\" \/><\/figure><\/div>\n\n\n<p><strong>Precios:<\/strong><\/p>\n\n\n\n<ul class=\"wp-block-list\">\n<li>20.000 impresiones enfocadas en un mes<\/li>\n\n\n\n<li>$9,995 Opciones de enfoque regional disponibles.<\/li>\n<\/ul>\n<\/div><\/div>\n<\/div><\/div><\/div>\n\n\n\n<div class=\"wp-block-buttons is-content-justification-center is-layout-flex wp-container-core-buttons-is-layout-1 wp-block-buttons-is-layout-flex\">\n<div class=\"wp-block-button\"><a class=\"wp-block-button__link wp-element-button\" href=\"https:\/\/gbta.org\/es\/sponsor-and-exhibit\/sponsor-and-exhibit-contact\/\" target=\"_blank\" rel=\"noreferrer noopener\">EMPEZAR<\/a><\/div>\n<\/div>","protected":false},"excerpt":{"rendered":"<p>Involucre a sus clientes potenciales espec\u00edficos con videos inmersivos que cuentan la historia de su empresa y generan clientes potenciales calificados. Presente el v\u00eddeo de su empresa a profesionales de viajes de negocios espec\u00edficos a trav\u00e9s de 3 herramientas de v\u00eddeo: GBTA...<\/p>","protected":false},"author":25,"featured_media":10131,"parent":23520,"menu_order":0,"comment_status":"closed","ping_status":"closed","template":"","meta":{"_acf_changed":false,"_seopress_robots_primary_cat":"","_seopress_titles_title":"","_seopress_titles_desc":"","_seopress_robots_index":"yes","om_disable_all_campaigns":false,"_relevanssi_hide_post":"","_relevanssi_hide_content":"","_relevanssi_pin_for_all":"","_relevanssi_pin_keywords":"","_relevanssi_unpin_keywords":"","_relevanssi_related_keywords":"","_relevanssi_related_include_ids":"","_relevanssi_related_exclude_ids":"","_relevanssi_related_no_append":"","_relevanssi_related_not_related":"","_relevanssi_related_posts":"1,415,661,662,664,666","_relevanssi_noindex_reason":"","_kad_blocks_custom_css":"","_kad_blocks_head_custom_js":"","_kad_blocks_body_custom_js":"","_kad_blocks_footer_custom_js":"","_kad_post_transparent":"","_kad_post_title":"","_kad_post_layout":"","_kad_post_sidebar_id":"","_kad_post_content_style":"","_kad_post_vertical_padding":"","_kad_post_feature":"","_kad_post_feature_position":"","_kad_post_header":false,"_kad_post_footer":false,"footnotes":"","_links_to":"","_links_to_target":""},"class_list":["post-3294","page","type-page","status-publish","has-post-thumbnail","hentry"],"acf":[],"featured_image_src_large":["https:\/\/gbta.org\/wp-content\/uploads\/sponsor-banner.jpg",920,300,false],"author_info":{"display_name":"jcampbell","author_link":"https:\/\/gbta.org\/es\/author\/jcampbell\/"},"comment_info":"","taxonomy_info":[],"featured_image_src":"https:\/\/gbta.org\/wp-content\/uploads\/sponsor-banner.jpg","featured_image_src_square":"https:\/\/gbta.org\/wp-content\/uploads\/sponsor-banner.jpg","mfb_rest_fields":["featured_image_src_large","author_info","comment_info","taxonomy_info","featured_image_src","featured_image_src_square"],"_links":{"self":[{"href":"https:\/\/gbta.org\/es\/wp-json\/wp\/v2\/pages\/3294","targetHints":{"allow":["GET"]}}],"collection":[{"href":"https:\/\/gbta.org\/es\/wp-json\/wp\/v2\/pages"}],"about":[{"href":"https:\/\/gbta.org\/es\/wp-json\/wp\/v2\/types\/page"}],"author":[{"embeddable":true,"href":"https:\/\/gbta.org\/es\/wp-json\/wp\/v2\/users\/25"}],"replies":[{"embeddable":true,"href":"https:\/\/gbta.org\/es\/wp-json\/wp\/v2\/comments?post=3294"}],"version-history":[{"count":1,"href":"https:\/\/gbta.org\/es\/wp-json\/wp\/v2\/pages\/3294\/revisions"}],"predecessor-version":[{"id":24072,"href":"https:\/\/gbta.org\/es\/wp-json\/wp\/v2\/pages\/3294\/revisions\/24072"}],"up":[{"embeddable":true,"href":"https:\/\/gbta.org\/es\/wp-json\/wp\/v2\/pages\/23520"}],"wp:featuredmedia":[{"embeddable":true,"href":"https:\/\/gbta.org\/es\/wp-json\/wp\/v2\/media\/10131"}],"wp:attachment":[{"href":"https:\/\/gbta.org\/es\/wp-json\/wp\/v2\/media?parent=3294"}],"curies":[{"name":"wp","href":"https:\/\/api.w.org\/{rel}","templated":true}]}}