{"id":3424,"date":"2022-08-01T05:33:39","date_gmt":"2022-08-01T09:33:39","guid":{"rendered":"https:\/\/gbta.org\/?page_id=3424"},"modified":"2022-08-15T10:31:17","modified_gmt":"2022-08-15T14:31:17","slug":"gbta-hub-help","status":"publish","type":"page","link":"https:\/\/gbta.org\/es\/gbta-hub-help\/","title":{"rendered":"Ayuda del concentrador GBTA"},"content":{"rendered":"<div class=\"wp-block-columns is-layout-flex wp-container-core-columns-is-layout-1 wp-block-columns-is-layout-flex\">\n<div class=\"wp-block-column has-background is-layout-flow wp-block-column-is-layout-flow\" style=\"background-color:#c7c7c933;padding-top:30px;padding-right:20px;padding-bottom:30px;padding-left:30px;flex-basis:25%\"><h4 class=\"wp-block-heading\" id=\"membership\">Afiliaci\u00f3n<\/h4>\n\n\n<p style=\"line-height:1.5\"><br><strong><a href=\"https:\/\/gbta.org\/es\/membership-and-communities\/membership\/member-benefits\/\" target=\"_blank\" rel=\"noreferrer noopener\">Beneficios y precios para miembros<\/a><\/strong><a rel=\"noreferrer noopener\" href=\"https:\/\/gbta.org\/es\/professional-development\/global-travel-professional-certification-gtp\/\" data-type=\"URL\" data-id=\"https:\/\/gbta.org\/professional-development\/global-travel-professional-certification-gtp\" target=\"_blank\"><br><\/a><br><a href=\"https:\/\/www3.gbta.org\/join-gbta?_ga=2.102189697.1840615630.1660538740-1494869180.1658985915\" target=\"_blank\" rel=\"noreferrer noopener\"><strong>\u00danete a GBTA<\/strong><\/a><a rel=\"noreferrer noopener\" href=\"https:\/\/gbta.org\/es\/professional-development\/gtp-certification\/gtp-recertification\/\" data-type=\"URL\" data-id=\"https:\/\/gbta.org\/professional-development\/gtp-certification\/gtp-recertification\" target=\"_blank\"><strong><br><\/strong><\/a><br><strong><a href=\"https:\/\/gbta.org\/es\/myaccount\/?actionurl=renewal\" target=\"_blank\" rel=\"noreferrer noopener\">Renovar membresia<\/a><\/strong><\/p>\n\n\n\n<p style=\"line-height:1.5\"><strong><a href=\"https:\/\/gbta.org\/es\/membership-communities\/membership\/ladders-mentoring\/\" target=\"_blank\" rel=\"noreferrer noopener\">Mentor\u00eda de escaleras<\/a><\/strong><\/p>\n\n\n\n<p style=\"line-height:1.5\"><strong><a href=\"https:\/\/gbta.org\/es\/sponsor-exhibit\/contact-us\/\" target=\"_blank\" rel=\"noreferrer noopener\">Cont\u00e1ctenos<\/a><\/strong><\/p>\n\n\n\n<p style=\"line-height:1.5\"><strong><a href=\"https:\/\/gbta.org\/es\/membership\/gbta-hub-help\/\" target=\"_blank\" rel=\"noreferrer noopener\">Ayuda del concentrador GBTA<\/a><\/strong><\/p>\n\n\n<style>.wp-block-kadence-spacer.kt-block-spacer-_ec69de-a1 .kt-block-spacer{height:20px;}.wp-block-kadence-spacer.kt-block-spacer-_ec69de-a1 .kt-divider{border-top-width:1px;height:1px;border-top-color:#eee;width:80%;border-top-style:solid;}<\/style>\n<div class=\"wp-block-kadence-spacer aligncenter kt-block-spacer-_ec69de-a1\"><div class=\"kt-block-spacer kt-block-spacer-halign-center\"><hr class=\"kt-divider\" \/><\/div><\/div>\n<\/div>\n\n\n\n<div class=\"wp-block-column is-layout-flow wp-block-column-is-layout-flow\" style=\"flex-basis:66.66%\"><h2 class=\"wp-block-heading\" id=\"gbta-hub-help\">Ayuda del concentrador GBTA<\/h2>\n\n<style>.wp-block-kadence-advancedheading.kt-adv-heading_d7ff20-47, .wp-block-kadence-advancedheading.kt-adv-heading_d7ff20-47[data-kb-block=\"kb-adv-heading_d7ff20-47\"]{font-style:normal;}.wp-block-kadence-advancedheading.kt-adv-heading_d7ff20-47 mark.kt-highlight, .wp-block-kadence-advancedheading.kt-adv-heading_d7ff20-47[data-kb-block=\"kb-adv-heading_d7ff20-47\"] mark.kt-highlight{font-style:normal;color:#f76a0c;-webkit-box-decoration-break:clone;box-decoration-break:clone;padding-top:0px;padding-right:0px;padding-bottom:0px;padding-left:0px;}<\/style>\n<h3 class=\"kt-adv-heading_d7ff20-47 wp-block-kadence-advancedheading\" data-kb-block=\"kb-adv-heading_d7ff20-47\">Aprenda de los principales expertos de la industria de viajes de negocios.<\/h3>\n<\/div>\n<\/div>\n\n\n<style>.wp-block-kadence-advancedheading.kt-adv-heading_a2ad45-77, .wp-block-kadence-advancedheading.kt-adv-heading_a2ad45-77[data-kb-block=\"kb-adv-heading_a2ad45-77\"]{font-style:normal;}.wp-block-kadence-advancedheading.kt-adv-heading_a2ad45-77 mark.kt-highlight, .wp-block-kadence-advancedheading.kt-adv-heading_a2ad45-77[data-kb-block=\"kb-adv-heading_a2ad45-77\"] mark.kt-highlight{font-style:normal;color:#f76a0c;-webkit-box-decoration-break:clone;box-decoration-break:clone;padding-top:0px;padding-right:0px;padding-bottom:0px;padding-left:0px;}<\/style>\n<h2 class=\"kt-adv-heading_a2ad45-77 wp-block-kadence-advancedheading\" data-kb-block=\"kb-adv-heading_a2ad45-77\">Beneficios del concentrador GBTA<\/h2>\n\n\n<style>#kt-layout-id_69d9d9-c0 > .kt-row-column-wrap{align-content:start;}:where(#kt-layout-id_69d9d9-c0 > .kt-row-column-wrap) > .wp-block-kadence-column{justify-content:start;}#kt-layout-id_69d9d9-c0 > .kt-row-column-wrap{column-gap:var(--global-kb-gap-md, 2rem);row-gap:var(--global-kb-gap-md, 2rem);max-width:var( --global-content-width, 1440px );padding-left:var(--global-content-edge-padding);padding-right:var(--global-content-edge-padding);padding-top:var( --global-kb-row-default-top, 25px );padding-bottom:var( --global-kb-row-default-bottom, 25px );padding-top:0px;padding-bottom:15px;padding-left:0px;padding-right:0px;grid-template-columns:minmax(0, 1fr);}#kt-layout-id_69d9d9-c0 > .kt-row-layout-overlay{opacity:0.30;}@media all and (max-width: 1024px){#kt-layout-id_69d9d9-c0 > .kt-row-column-wrap{grid-template-columns:minmax(0, 1fr);}}@media all and (max-width: 767px){#kt-layout-id_69d9d9-c0 > .kt-row-column-wrap{grid-template-columns:minmax(0, 1fr);}}<\/style>\n<section class=\"wp-block-kadence-rowlayout alignnone\"><div id=\"kt-layout-id_69d9d9-c0\" class=\"kt-row-layout-inner kt-layout-id_69d9d9-c0\"><div class=\"kt-row-column-wrap kt-has-1-columns kt-gutter-default kt-v-gutter-default kt-row-valign-top kt-row-layout-equal kt-tab-layout-inherit kt-m-colapse-left-to-right kt-mobile-layout-row kb-theme-content-width\"><style>.kadence-column_dc38ae-11 > .kt-inside-inner-col{border-top-width:0px;border-right-width:0px;border-bottom-width:0px;border-left-width:0px;}.kadence-column_dc38ae-11 > .kt-inside-inner-col,.kadence-column_dc38ae-11 > .kt-inside-inner-col:before{border-top-left-radius:0px;border-top-right-radius:0px;border-bottom-right-radius:0px;border-bottom-left-radius:0px;}.kadence-column_dc38ae-11 > .kt-inside-inner-col{column-gap:var(--global-kb-gap-sm, 1rem);}.kadence-column_dc38ae-11 > .kt-inside-inner-col{flex-direction:column;}.kadence-column_dc38ae-11 > .kt-inside-inner-col > .aligncenter{width:100%;}.kadence-column_dc38ae-11 > .kt-inside-inner-col:before{opacity:0.3;}.kadence-column_dc38ae-11{position:relative;}@media all and (max-width: 1024px){.kadence-column_dc38ae-11 > .kt-inside-inner-col{flex-direction:column;}}@media all and (max-width: 767px){.kadence-column_dc38ae-11 > .kt-inside-inner-col{flex-direction:column;}}<\/style>\n<div class=\"wp-block-kadence-column inner-column-1 kadence-column_dc38ae-11\"><div class=\"kt-inside-inner-col\"><style>.kt-accordion-id_263dca-5c .kt-accordion-inner-wrap{column-gap:var(--global-kb-gap-md, 2rem);row-gap:0px;}.kt-accordion-id_263dca-5c .kt-accordion-panel-inner{border-top-width:0px;border-right-width:0px;border-bottom-width:0px;border-left-width:0px;padding-top:var(--global-kb-spacing-sm, 1.5rem);padding-right:var(--global-kb-spacing-sm, 1.5rem);padding-bottom:var(--global-kb-spacing-sm, 1.5rem);padding-left:var(--global-kb-spacing-sm, 1.5rem);}.kt-accordion-id_263dca-5c .wp-block-kadence-pane .kt-accordion-header-wrap .kt-blocks-accordion-header{border-top-color:#555555;border-right-color:#555555;border-bottom-color:#555555;border-left-color:#555555;border-top-width:0px;border-right-width:0px;border-bottom-width:0px;border-left-width:0px;border-top-left-radius:0px;border-top-right-radius:0px;border-bottom-right-radius:0px;border-bottom-left-radius:0px;background:#f2f2f2;font-size:18px;line-height:24px;color:#555555;padding-top:10px;padding-right:14px;padding-bottom:10px;padding-left:14px;}.kt-accordion-id_263dca-5c:not( .kt-accodion-icon-style-basiccircle ):not( .kt-accodion-icon-style-xclosecircle ):not( .kt-accodion-icon-style-arrowcircle ) .kt-blocks-accordion-icon-trigger:after, .kt-accordion-id_263dca-5c:not( .kt-accodion-icon-style-basiccircle ):not( .kt-accodion-icon-style-xclosecircle ):not( .kt-accodion-icon-style-arrowcircle ) .kt-blocks-accordion-icon-trigger:before{background:#555555;}.kt-accordion-id_263dca-5c:not( .kt-accodion-icon-style-basic ):not( .kt-accodion-icon-style-xclose ):not( .kt-accodion-icon-style-arrow ) .kt-blocks-accordion-icon-trigger{background:#555555;}.kt-accordion-id_263dca-5c:not( .kt-accodion-icon-style-basic ):not( .kt-accodion-icon-style-xclose ):not( .kt-accodion-icon-style-arrow ) .kt-blocks-accordion-icon-trigger:after, .kt-accordion-id_263dca-5c:not( .kt-accodion-icon-style-basic ):not( .kt-accodion-icon-style-xclose ):not( .kt-accodion-icon-style-arrow ) .kt-blocks-accordion-icon-trigger:before{background:#f2f2f2;}.kt-accordion-id_263dca-5c .kt-accordion-header-wrap .kt-blocks-accordion-header:hover, body:not(.hide-focus-outline) .kt-accordion-id_263dca-5c .kt-accordion-header-wrap .kt-blocks-accordion-header:focus-visible{color:#444444;background:#eeeeee;border-top-color:#eeeeee;border-right-color:#eeeeee;border-bottom-color:#eeeeee;border-left-color:#eeeeee;}.kt-accordion-id_263dca-5c:not( .kt-accodion-icon-style-basiccircle ):not( .kt-accodion-icon-style-xclosecircle ):not( .kt-accodion-icon-style-arrowcircle ) .kt-blocks-accordion-header:hover .kt-blocks-accordion-icon-trigger:after, .kt-accordion-id_263dca-5c:not( .kt-accodion-icon-style-basiccircle ):not( .kt-accodion-icon-style-xclosecircle ):not( .kt-accodion-icon-style-arrowcircle ) .kt-blocks-accordion-header:hover .kt-blocks-accordion-icon-trigger:before, body:not(.hide-focus-outline) .kt-accordion-id_263dca-5c:not( .kt-accodion-icon-style-basiccircle ):not( .kt-accodion-icon-style-xclosecircle ):not( .kt-accodion-icon-style-arrowcircle ) .kt-blocks-accordion--visible .kt-blocks-accordion-icon-trigger:after, body:not(.hide-focus-outline) .kt-accordion-id_263dca-5c:not( .kt-accodion-icon-style-basiccircle ):not( .kt-accodion-icon-style-xclosecircle ):not( .kt-accodion-icon-style-arrowcircle ) .kt-blocks-accordion-header:focus-visible .kt-blocks-accordion-icon-trigger:before{background:#444444;}.kt-accordion-id_263dca-5c:not( .kt-accodion-icon-style-basic ):not( .kt-accodion-icon-style-xclose ):not( .kt-accodion-icon-style-arrow ) .kt-blocks-accordion-header:hover .kt-blocks-accordion-icon-trigger, body:not(.hide-focus-outline) .kt-accordion-id_263dca-5c:not( .kt-accodion-icon-style-basic ):not( .kt-accodion-icon-style-xclose ):not( .kt-accodion-icon-style-arrow ) .kt-blocks-accordion-header:focus-visible .kt-blocks-accordion-icon-trigger{background:#444444;}.kt-accordion-id_263dca-5c:not( .kt-accodion-icon-style-basic ):not( .kt-accodion-icon-style-xclose ):not( .kt-accodion-icon-style-arrow ) .kt-blocks-accordion-header:hover .kt-blocks-accordion-icon-trigger:after, .kt-accordion-id_263dca-5c:not( .kt-accodion-icon-style-basic ):not( .kt-accodion-icon-style-xclose ):not( .kt-accodion-icon-style-arrow ) .kt-blocks-accordion-header:hover .kt-blocks-accordion-icon-trigger:before, body:not(.hide-focus-outline) .kt-accordion-id_263dca-5c:not( .kt-accodion-icon-style-basic ):not( .kt-accodion-icon-style-xclose ):not( .kt-accodion-icon-style-arrow ) .kt-blocks-accordion-header:focus-visible .kt-blocks-accordion-icon-trigger:after, body:not(.hide-focus-outline) .kt-accordion-id_263dca-5c:not( .kt-accodion-icon-style-basic ):not( .kt-accodion-icon-style-xclose ):not( .kt-accodion-icon-style-arrow ) .kt-blocks-accordion-header:focus-visible .kt-blocks-accordion-icon-trigger:before{background:#eeeeee;}.kt-accordion-id_263dca-5c .kt-accordion-header-wrap .kt-blocks-accordion-header:focus-visible, .kt-accordion-id_263dca-5c .kt-accordion-header-wrap .kt-blocks-accordion-header.kt-accordion-panel-active{color:#ffffff;background:#444444;border-top-color:#444444;border-right-color:#444444;border-bottom-color:#444444;border-left-color:#444444;}.kt-accordion-id_263dca-5c:not( .kt-accodion-icon-style-basiccircle ):not( .kt-accodion-icon-style-xclosecircle ):not( .kt-accodion-icon-style-arrowcircle ) .kt-blocks-accordion-header.kt-accordion-panel-active .kt-blocks-accordion-icon-trigger:after, .kt-accordion-id_263dca-5c:not( .kt-accodion-icon-style-basiccircle ):not( .kt-accodion-icon-style-xclosecircle ):not( .kt-accodion-icon-style-arrowcircle ) .kt-blocks-accordion-header.kt-accordion-panel-active .kt-blocks-accordion-icon-trigger:before{background:#ffffff;}.kt-accordion-id_263dca-5c:not( .kt-accodion-icon-style-basic ):not( .kt-accodion-icon-style-xclose ):not( .kt-accodion-icon-style-arrow ) .kt-blocks-accordion-header.kt-accordion-panel-active .kt-blocks-accordion-icon-trigger{background:#ffffff;}.kt-accordion-id_263dca-5c:not( .kt-accodion-icon-style-basic ):not( .kt-accodion-icon-style-xclose ):not( .kt-accodion-icon-style-arrow ) .kt-blocks-accordion-header.kt-accordion-panel-active .kt-blocks-accordion-icon-trigger:after, .kt-accordion-id_263dca-5c:not( .kt-accodion-icon-style-basic ):not( .kt-accodion-icon-style-xclose ):not( .kt-accodion-icon-style-arrow ) .kt-blocks-accordion-header.kt-accordion-panel-active .kt-blocks-accordion-icon-trigger:before{background:#444444;}@media all and (max-width: 767px){.kt-accordion-id_263dca-5c .kt-accordion-inner-wrap{display:block;}.kt-accordion-id_263dca-5c .kt-accordion-inner-wrap .kt-accordion-pane:not(:first-child){margin-top:0px;}}<\/style>\n<div class=\"wp-block-kadence-accordion alignnone\"><div class=\"kt-accordion-wrap kt-accordion-wrap kt-accordion-id_263dca-5c kt-accordion-has-5-panes kt-active-pane-0 kt-accordion-block kt-pane-header-alignment-left kt-accodion-icon-style-basic kt-accodion-icon-side-right\" style=\"max-width:none\"><div class=\"kt-accordion-inner-wrap\" data-allow-multiple-open=\"false\" data-start-open=\"0\">\n<div class=\"wp-block-kadence-pane kt-accordion-pane kt-accordion-pane-1 kt-pane_04bcd4-c9\"><div class=\"kt-accordion-header-wrap\"><button class=\"kt-blocks-accordion-header kt-acccordion-button-label-show\"><span class=\"kt-blocks-accordion-title-wrap\"><span class=\"kt-blocks-accordion-title\">Redes \u2013 Directorio de miembros<\/span><\/span><span class=\"kt-blocks-accordion-icon-trigger\"><\/span><\/button><\/div><div class=\"kt-accordion-panel kt-accordion-panel-hidden\"><div class=\"kt-accordion-panel-inner\">\n<ul class=\"wp-block-list\"><li>Acceso a informaci\u00f3n de contacto directo<\/li><li>Posibilidad de conectarse a trav\u00e9s de GBTA Hub<\/li><li>Miembros de todos los pa\u00edses, segmentos de la industria, funciones<\/li><\/ul>\n<\/div><\/div><\/div>\n\n\n\n<div class=\"wp-block-kadence-pane kt-accordion-pane kt-accordion-pane-2 kt-pane_5a867f-2e\"><div class=\"kt-accordion-header-wrap\"><button class=\"kt-blocks-accordion-header kt-acccordion-button-label-show\"><span class=\"kt-blocks-accordion-title-wrap\"><span class=\"kt-blocks-accordion-title\">Redes \u2013 Foros de miembros en l\u00ednea<\/span><\/span><span class=\"kt-blocks-accordion-icon-trigger\"><\/span><\/button><\/div><div class=\"kt-accordion-panel kt-accordion-panel-hidden\"><div class=\"kt-accordion-panel-inner\">\n<ul class=\"wp-block-list\"><li>Discusiones activas en foros altamente segmentados<\/li><li>Todos los principales sectores de la industria representados<\/li><li>M\u00faltiples conversaciones iniciadas y respondidas diariamente: notificaciones por correo electr\u00f3nico disponibles<\/li><\/ul>\n<\/div><\/div><\/div>\n\n\n\n<div class=\"wp-block-kadence-pane kt-accordion-pane kt-accordion-pane-3 kt-pane_8a87cc-7c\"><div class=\"kt-accordion-header-wrap\"><button class=\"kt-blocks-accordion-header kt-acccordion-button-label-show\"><span class=\"kt-blocks-accordion-title-wrap\"><span class=\"kt-blocks-accordion-title\">Cambios en los viajes de negocios: investigaci\u00f3n de la industria<\/span><\/span><span class=\"kt-blocks-accordion-icon-trigger\"><\/span><\/button><\/div><div class=\"kt-accordion-panel kt-accordion-panel-hidden\"><div class=\"kt-accordion-panel-inner\">\n<ul class=\"wp-block-list\"><li>2000 informes de investigaci\u00f3n espec\u00edficos de la industria<\/li><li>Todos los temas de la industria de viajes de negocios<\/li><li>Nuevos informes con frecuencia<\/li><li>An\u00e1lisis de datos, tendencias, recomendaciones procesables<\/li><\/ul>\n<\/div><\/div><\/div>\n\n\n\n<div class=\"wp-block-kadence-pane kt-accordion-pane kt-accordion-pane-4 kt-pane_166359-11\"><div class=\"kt-accordion-header-wrap\"><button class=\"kt-blocks-accordion-header kt-acccordion-button-label-show\"><span class=\"kt-blocks-accordion-title-wrap\"><span class=\"kt-blocks-accordion-title\">Cobertura de investigaci\u00f3n en todos los temas de la industria de viajes de negocios<\/span><\/span><span class=\"kt-blocks-accordion-icon-trigger\"><\/span><\/button><\/div><div class=\"kt-accordion-panel kt-accordion-panel-hidden\"><div class=\"kt-accordion-panel-inner\">\n<ul class=\"wp-block-list\"><li>Abogac\u00eda<\/li><li>aerol\u00edneas<\/li><li>\u00cdndice de viajes de negocios<\/li><li>Viajeros de negocios<\/li><li>Comunicaciones<\/li><li>Compensaci\u00f3n y beneficios<\/li><li>Gesti\u00f3n de datos<\/li><li>Administraci\u00f3n de gastos<\/li><li>globalizaci\u00f3n<\/li><li>Viajes terrestres<\/li><li>Transporte terrestre<\/li><li>Hoteles<\/li><li>Programas de viajes gestionados<\/li><li>Energ\u00eda, gas y viajes mar\u00edtimos<\/li><li>Comportamiento de reserva<\/li><li>Liderazgo<\/li><li>Soluciones de pago<\/li><li>M\u00e9tricas de rendimiento<\/li><li>Deportes, medios y entretenimiento de viajes<\/li><li>Gesti\u00f3n de Reuniones y Eventos<\/li><li>Relaciones con proveedores<\/li><li>Sustentabilidad<\/li><li>Tecnolog\u00eda<\/li><li>Empresas de gesti\u00f3n de viajes<\/li><li>Gerentes de viajes<\/li><li>Pol\u00edtica de viaje<\/li><li>Obtenci\u00f3n<\/li><li>Gesti\u00f3n de riesgos de viaje<\/li><li>Impuestos de viaje<\/li><\/ul>\n<\/div><\/div><\/div>\n\n\n\n<div class=\"wp-block-kadence-pane kt-accordion-pane kt-accordion-pane-5 kt-pane_e5b4a5-5e\"><div class=\"kt-accordion-header-wrap\"><button class=\"kt-blocks-accordion-header kt-acccordion-button-label-show\"><span class=\"kt-blocks-accordion-title-wrap\"><span class=\"kt-blocks-accordion-title\">3 clics para encontrar respuestas<\/span><\/span><span class=\"kt-blocks-accordion-icon-trigger\"><\/span><\/button><\/div><div class=\"kt-accordion-panel kt-accordion-panel-hidden\"><div class=\"kt-accordion-panel-inner\">\n<ul class=\"wp-block-list\"><li>Inicie sesi\u00f3n en GBTA Hub \u2013 hub.gbta.org<\/li><li>Busque Tema\/Palabra clave en la p\u00e1gina de inicio o haga clic en Recursos:<\/li><li>Clic final: encuentre lo que necesita<\/li><\/ul>\n\n\n\n<figure class=\"wp-block-image size-full\"><img loading=\"lazy\" decoding=\"async\" width=\"335\" height=\"192\" src=\"https:\/\/gbta.org\/wp-content\/uploads\/iELo0RSrVzA4X0zCJDgkKuzZujW_7-DZJw.jpeg\" alt=\"ielo0rsrvza4x0zcjdgkkuzzujw 7 dzjw\" class=\"wp-image-3426\" srcset=\"https:\/\/gbta.org\/wp-content\/uploads\/iELo0RSrVzA4X0zCJDgkKuzZujW_7-DZJw.jpeg 335w, https:\/\/gbta.org\/wp-content\/uploads\/iELo0RSrVzA4X0zCJDgkKuzZujW_7-DZJw-300x172.jpeg 300w\" sizes=\"auto, (max-width: 335px) 100vw, 335px\" \/><\/figure>\n<\/div><\/div><\/div>\n<\/div><\/div><\/div>\n\n\n<style>.wp-block-kadence-spacer.kt-block-spacer-_28b245-4a .kt-block-spacer{height:60px;}.wp-block-kadence-spacer.kt-block-spacer-_28b245-4a .kt-divider{border-top-width:1px;height:1px;border-top-color:var(--global-palette9, #ffffff);width:80%;border-top-style:solid;}<\/style>\n<div class=\"wp-block-kadence-spacer aligncenter kt-block-spacer-_28b245-4a\"><div class=\"kt-block-spacer kt-block-spacer-halign-center\"><hr class=\"kt-divider\" \/><\/div><\/div>\n<\/div><\/div>\n<\/div><\/div><\/section>","protected":false},"excerpt":{"rendered":"<p>Membres\u00eda Beneficios y precios para miembros\u00danase a GBTARenew Escaleras de membres\u00eda Mentor\u00eda Cont\u00e1ctenos Ayuda de GBTA Hub Ayuda de GBTA Hub Aprenda de los principales expertos de la industria de viajes de negocios. Beneficios del Centro GBTA<\/p>","protected":false},"author":25,"featured_media":0,"parent":0,"menu_order":0,"comment_status":"closed","ping_status":"closed","template":"","meta":{"_acf_changed":false,"_seopress_robots_primary_cat":"","_seopress_titles_title":"","_seopress_titles_desc":"","_seopress_robots_index":"yes","om_disable_all_campaigns":false,"_relevanssi_hide_post":"","_relevanssi_hide_content":"","_relevanssi_pin_for_all":"","_relevanssi_pin_keywords":"","_relevanssi_unpin_keywords":"","_relevanssi_related_keywords":"","_relevanssi_related_include_ids":"","_relevanssi_related_exclude_ids":"","_relevanssi_related_no_append":"","_relevanssi_related_not_related":"","_relevanssi_related_posts":"1,415,661,662,664,666","_relevanssi_noindex_reason":"","_kad_blocks_custom_css":"","_kad_blocks_head_custom_js":"","_kad_blocks_body_custom_js":"","_kad_blocks_footer_custom_js":"","_kad_post_transparent":"","_kad_post_title":"","_kad_post_layout":"","_kad_post_sidebar_id":"","_kad_post_content_style":"","_kad_post_vertical_padding":"","_kad_post_feature":"","_kad_post_feature_position":"","_kad_post_header":false,"_kad_post_footer":false,"footnotes":"","_links_to":"","_links_to_target":""},"class_list":["post-3424","page","type-page","status-publish","hentry"],"acf":[],"featured_image_src_large":false,"author_info":{"display_name":"jcampbell","author_link":"https:\/\/gbta.org\/es\/author\/jcampbell\/"},"comment_info":"","taxonomy_info":[],"featured_image_src":null,"featured_image_src_square":null,"mfb_rest_fields":["featured_image_src_large","author_info","comment_info","taxonomy_info","featured_image_src","featured_image_src_square"],"_links":{"self":[{"href":"https:\/\/gbta.org\/es\/wp-json\/wp\/v2\/pages\/3424","targetHints":{"allow":["GET"]}}],"collection":[{"href":"https:\/\/gbta.org\/es\/wp-json\/wp\/v2\/pages"}],"about":[{"href":"https:\/\/gbta.org\/es\/wp-json\/wp\/v2\/types\/page"}],"author":[{"embeddable":true,"href":"https:\/\/gbta.org\/es\/wp-json\/wp\/v2\/users\/25"}],"replies":[{"embeddable":true,"href":"https:\/\/gbta.org\/es\/wp-json\/wp\/v2\/comments?post=3424"}],"version-history":[{"count":0,"href":"https:\/\/gbta.org\/es\/wp-json\/wp\/v2\/pages\/3424\/revisions"}],"wp:attachment":[{"href":"https:\/\/gbta.org\/es\/wp-json\/wp\/v2\/media?parent=3424"}],"curies":[{"name":"wp","href":"https:\/\/api.w.org\/{rel}","templated":true}]}}