{"id":3772,"date":"2022-08-03T01:56:19","date_gmt":"2022-08-03T05:56:19","guid":{"rendered":"https:\/\/gbta.org\/?page_id=3772"},"modified":"2022-08-11T22:08:07","modified_gmt":"2022-08-12T02:08:07","slug":"the-state-of-sustainability","status":"publish","type":"page","link":"https:\/\/gbta.org\/es\/the-state-of-sustainability\/","title":{"rendered":"El estado de la sostenibilidad"},"content":{"rendered":"<style>.wp-block-kadence-advancedheading.kt-adv-heading_24c36a-9f, .wp-block-kadence-advancedheading.kt-adv-heading_24c36a-9f[data-kb-block=\"kb-adv-heading_24c36a-9f\"]{font-style:normal;}.wp-block-kadence-advancedheading.kt-adv-heading_24c36a-9f mark.kt-highlight, .wp-block-kadence-advancedheading.kt-adv-heading_24c36a-9f[data-kb-block=\"kb-adv-heading_24c36a-9f\"] mark.kt-highlight{font-style:normal;color:#f76a0c;-webkit-box-decoration-break:clone;box-decoration-break:clone;padding-top:0px;padding-right:0px;padding-bottom:0px;padding-left:0px;}<\/style>\n<h2 class=\"kt-adv-heading_24c36a-9f wp-block-kadence-advancedheading\" data-kb-block=\"kb-adv-heading_24c36a-9f\">El estado de la sostenibilidad en el sector global de viajes de negocios | Informe 2022<\/h2>\n\n\n\n<p>Los viajes de negocios unen a las personas y fomentan el crecimiento econ\u00f3mico dentro y fuera de las fronteras nacionales. Sin embargo, para que esto contin\u00fae, la industria debe garantizar que las personas puedan conectarse de manera efectiva en persona y realizar negocios a nivel mundial mientras hacen lo correcto para la sociedad y el planeta.<\/p>\n\n\n<style>#kt-layout-id_c85ec8-9a > .kt-row-column-wrap{align-content:start;}:where(#kt-layout-id_c85ec8-9a > .kt-row-column-wrap) > .wp-block-kadence-column{justify-content:start;}#kt-layout-id_c85ec8-9a > .kt-row-column-wrap{column-gap:var(--global-kb-gap-md, 2rem);row-gap:var(--global-kb-gap-md, 2rem);padding-top:var( --global-kb-row-default-top, 25px );padding-bottom:var( --global-kb-row-default-bottom, 25px );padding-top:var(--global-kb-spacing-sm, 1.5rem);padding-bottom:var(--global-kb-spacing-sm, 1.5rem);grid-template-columns:minmax(0, calc(50% - ((var(--global-kb-gap-md, 2rem) * 1 )\/2)))minmax(0, calc(50% - ((var(--global-kb-gap-md, 2rem) * 1 )\/2)));}#kt-layout-id_c85ec8-9a > .kt-row-layout-overlay{opacity:0.30;}@media all and (max-width: 1024px){#kt-layout-id_c85ec8-9a > .kt-row-column-wrap{grid-template-columns:repeat(2, minmax(0, 1fr));}}@media all and (max-width: 767px){#kt-layout-id_c85ec8-9a > .kt-row-column-wrap{grid-template-columns:minmax(0, 1fr);}}<\/style>\n<div class=\"wp-block-kadence-rowlayout alignnone\"><div id=\"kt-layout-id_c85ec8-9a\" class=\"kt-row-layout-inner kt-layout-id_c85ec8-9a\"><div class=\"kt-row-column-wrap kt-has-2-columns kt-gutter-default kt-v-gutter-default kt-row-valign-top kt-row-layout-equal kt-tab-layout-inherit kt-m-colapse-left-to-right kt-mobile-layout-row  kt-custom-first-width-50  kt-custom-second-width-50\"><style>.kadence-column_5f9f29-47 > .kt-inside-inner-col{border-top-width:0px;border-right-width:0px;border-bottom-width:0px;border-left-width:0px;}.kadence-column_5f9f29-47 > .kt-inside-inner-col,.kadence-column_5f9f29-47 > .kt-inside-inner-col:before{border-top-left-radius:0px;border-top-right-radius:0px;border-bottom-right-radius:0px;border-bottom-left-radius:0px;}.kadence-column_5f9f29-47 > .kt-inside-inner-col{column-gap:var(--global-kb-gap-sm, 1rem);}.kadence-column_5f9f29-47 > .kt-inside-inner-col{flex-direction:column;}.kadence-column_5f9f29-47 > .kt-inside-inner-col > .aligncenter{width:100%;}.kadence-column_5f9f29-47 > .kt-inside-inner-col:before{opacity:0.3;}.kadence-column_5f9f29-47{position:relative;}@media all and (max-width: 1024px){.kadence-column_5f9f29-47 > .kt-inside-inner-col{flex-direction:column;}}@media all and (max-width: 767px){.kadence-column_5f9f29-47 > .kt-inside-inner-col{flex-direction:column;}}<\/style>\n<div class=\"wp-block-kadence-column inner-column-1 kadence-column_5f9f29-47\"><div class=\"kt-inside-inner-col\">\n<p>La necesidad de abordar la sustentabilidad es el motor detr\u00e1s de este extenso estudio de investigaci\u00f3n por primera vez\u2014\u201d<strong>El estado de la sostenibilidad en el sector global de viajes de negocios<\/strong>\u201d\u2014de GBTA y Grayling, una consultor\u00eda global l\u00edder en comunicaciones y asuntos p\u00fablicos.<\/p>\n\n\n\n<p>El estudio de evaluaci\u00f3n comparativa de GBTA de 21 p\u00e1ginas proporciona informaci\u00f3n detallada de una encuesta de 762 compradores y proveedores de viajes de negocios globales de cuatro regiones: Europa, Am\u00e9rica del Norte, Am\u00e9rica Latina y Asia-Pac\u00edfico. Tambi\u00e9n incluye resultados de encuestas de 100 partes interesadas externas, incluidos los encargados de formular pol\u00edticas, grupos de expertos y ONG (organizaciones no gubernamentales).<\/p>\n\n\n\n<p>El informe explora y revela ideas en \u00e1reas clave:<\/p>\n\n\n\n<ul class=\"wp-block-list\"><li><strong>Definici\u00f3n de viajes de negocios sostenibles<\/strong><ul><li>Sostenibilidad del destino<\/li><li>Recopilaci\u00f3n de datos de todo el sector y m\u00e1s all\u00e1<\/li><\/ul><\/li><li><strong>Embarcarse en el viaje de la sostenibilidad<\/strong><ul><li>Prioridades de la industria, barreras percibidas y eliminaci\u00f3n de barreras<\/li><\/ul><\/li><li><strong>El estado de la sostenibilidad en la industria<\/strong><ul><li>Pr\u00e1cticas de sostenibilidad existentes<\/li><li>Percepciones externas<\/li><\/ul><\/li><li><strong>Oportunidades para el cambio pr\u00e1ctico<\/strong><ul><li>C\u00f3mo: gesti\u00f3n sostenible de viajes<\/li><li>C\u00f3mo: proveedores sostenibles<\/li><\/ul><\/li><li><strong>El valor de las asociaciones<\/strong><ul><li>Guiando a la industria<\/li><li>Viajando juntos<\/li><\/ul><\/li><\/ul>\n<\/div><\/div>\n\n\n<style>.kadence-column_ce2682-67 > .kt-inside-inner-col{border-top-width:0px;border-right-width:0px;border-bottom-width:0px;border-left-width:0px;}.kadence-column_ce2682-67 > .kt-inside-inner-col,.kadence-column_ce2682-67 > .kt-inside-inner-col:before{border-top-left-radius:0px;border-top-right-radius:0px;border-bottom-right-radius:0px;border-bottom-left-radius:0px;}.kadence-column_ce2682-67 > .kt-inside-inner-col{column-gap:var(--global-kb-gap-sm, 1rem);}.kadence-column_ce2682-67 > .kt-inside-inner-col{flex-direction:column;}.kadence-column_ce2682-67 > .kt-inside-inner-col > .aligncenter{width:100%;}.kadence-column_ce2682-67 > .kt-inside-inner-col:before{opacity:0.3;}.kadence-column_ce2682-67{position:relative;}@media all and (max-width: 1024px){.kadence-column_ce2682-67 > .kt-inside-inner-col{flex-direction:column;}}@media all and (max-width: 767px){.kadence-column_ce2682-67 > .kt-inside-inner-col{flex-direction:column;}}<\/style>\n<div class=\"wp-block-kadence-column inner-column-2 kadence-column_ce2682-67\"><div class=\"kt-inside-inner-col\"><style>.kb-image_52d998-8c .kb-image-has-overlay:after{opacity:0.3;}<\/style>\n<figure class=\"wp-block-kadence-image kb-image_52d998-8c size-full\"><img loading=\"lazy\" decoding=\"async\" width=\"651\" height=\"397\" src=\"https:\/\/gbta.org\/wp-content\/uploads\/gbta-sustainability.jpg\" alt=\"gbta sustainability\" class=\"kb-img wp-image-3774\" srcset=\"https:\/\/gbta.org\/wp-content\/uploads\/gbta-sustainability.jpg 651w, https:\/\/gbta.org\/wp-content\/uploads\/gbta-sustainability-300x183.jpg 300w\" sizes=\"auto, (max-width: 651px) 100vw, 651px\" \/><\/figure>\n<\/div><\/div>\n<\/div><\/div><\/div>\n\n\n\n<iframe loading=\"lazy\" src=\"https:\/\/www3.gbta.org\/l\/5572\/2022-04-25\/6n2l9p\" width=\"100%\" height=\"500\" type=\"text\/html\" frameborder=\"0\" allowtransparency=\"true\" style=\"border: 0\">\n<\/iframe>\n\n\n<style>#kt-layout-id_476702-46 > .kt-row-column-wrap{align-content:start;}:where(#kt-layout-id_476702-46 > .kt-row-column-wrap) > .wp-block-kadence-column{justify-content:start;}#kt-layout-id_476702-46 > .kt-row-column-wrap{column-gap:var(--global-kb-gap-md, 2rem);row-gap:var(--global-kb-gap-md, 2rem);padding-top:var( --global-kb-row-default-top, 25px );padding-bottom:var( --global-kb-row-default-bottom, 25px );padding-top:var(--global-kb-spacing-sm, 1.5rem);padding-bottom:var(--global-kb-spacing-sm, 1.5rem);grid-template-columns:minmax(0, 1fr);}#kt-layout-id_476702-46 > .kt-row-layout-overlay{opacity:0.30;}@media all and (max-width: 1024px){#kt-layout-id_476702-46 > .kt-row-column-wrap{grid-template-columns:minmax(0, 1fr);}}@media all and (max-width: 767px){#kt-layout-id_476702-46 > .kt-row-column-wrap{grid-template-columns:minmax(0, 1fr);}}<\/style>\n<div class=\"wp-block-kadence-rowlayout alignnone\"><div id=\"kt-layout-id_476702-46\" class=\"kt-row-layout-inner kt-layout-id_476702-46\"><div class=\"kt-row-column-wrap kt-has-1-columns kt-gutter-default kt-v-gutter-default kt-row-valign-top kt-row-layout-equal kt-tab-layout-inherit kt-m-colapse-left-to-right kt-mobile-layout-row\"><style>.kadence-column_3af5e5-1b > .kt-inside-inner-col{border-top-width:0px;border-right-width:0px;border-bottom-width:0px;border-left-width:0px;}.kadence-column_3af5e5-1b > .kt-inside-inner-col,.kadence-column_3af5e5-1b > .kt-inside-inner-col:before{border-top-left-radius:0px;border-top-right-radius:0px;border-bottom-right-radius:0px;border-bottom-left-radius:0px;}.kadence-column_3af5e5-1b > .kt-inside-inner-col{column-gap:var(--global-kb-gap-sm, 1rem);}.kadence-column_3af5e5-1b > .kt-inside-inner-col{flex-direction:column;}.kadence-column_3af5e5-1b > .kt-inside-inner-col > .aligncenter{width:100%;}.kadence-column_3af5e5-1b > .kt-inside-inner-col:before{opacity:0.3;}.kadence-column_3af5e5-1b{position:relative;}@media all and (max-width: 1024px){.kadence-column_3af5e5-1b > .kt-inside-inner-col{flex-direction:column;}}@media all and (max-width: 767px){.kadence-column_3af5e5-1b > .kt-inside-inner-col{flex-direction:column;}}<\/style>\n<div class=\"wp-block-kadence-column inner-column-1 kadence-column_3af5e5-1b\"><div class=\"kt-inside-inner-col\">\n<p><em>Este informe y el Programa de Sostenibilidad de GBTA cuentan con el apoyo de los Socios Fundadores en Sostenibilidad de la asociaci\u00f3n. Para m\u00e1s informaci\u00f3n visite&nbsp;<a href=\"https:\/\/gbta.org\/es\/sustainability\/\" data-type=\"page\" data-id=\"3516\">www.gbta.org\/sostenibilidad<\/a><\/em><\/p>\n<\/div><\/div>\n<\/div><\/div><\/div>\n\n\n<style>#kt-layout-id_05a59d-f9 > .kt-row-column-wrap{align-content:start;}:where(#kt-layout-id_05a59d-f9 > .kt-row-column-wrap) > .wp-block-kadence-column{justify-content:start;}#kt-layout-id_05a59d-f9 > .kt-row-column-wrap{column-gap:var(--global-kb-gap-md, 2rem);row-gap:var(--global-kb-gap-md, 2rem);padding-top:var( --global-kb-row-default-top, 25px );padding-bottom:var( --global-kb-row-default-bottom, 25px );padding-top:var(--global-kb-spacing-sm, 1.5rem);padding-bottom:var(--global-kb-spacing-sm, 1.5rem);grid-template-columns:minmax(0, 1fr);}#kt-layout-id_05a59d-f9 > .kt-row-layout-overlay{opacity:0.30;}@media all and (max-width: 1024px){#kt-layout-id_05a59d-f9 > .kt-row-column-wrap{grid-template-columns:minmax(0, 1fr);}}@media all and (max-width: 767px){#kt-layout-id_05a59d-f9 > .kt-row-column-wrap{grid-template-columns:minmax(0, 1fr);}}<\/style>\n<div class=\"wp-block-kadence-rowlayout alignnone\"><div id=\"kt-layout-id_05a59d-f9\" class=\"kt-row-layout-inner kt-layout-id_05a59d-f9\"><div class=\"kt-row-column-wrap kt-has-1-columns kt-gutter-default kt-v-gutter-default kt-row-valign-top kt-row-layout-equal kt-tab-layout-inherit kt-m-colapse-left-to-right kt-mobile-layout-row\"><style>.kadence-column_318ef9-f6 > .kt-inside-inner-col{border-top-width:0px;border-right-width:0px;border-bottom-width:0px;border-left-width:0px;}.kadence-column_318ef9-f6 > .kt-inside-inner-col,.kadence-column_318ef9-f6 > .kt-inside-inner-col:before{border-top-left-radius:0px;border-top-right-radius:0px;border-bottom-right-radius:0px;border-bottom-left-radius:0px;}.kadence-column_318ef9-f6 > .kt-inside-inner-col{column-gap:var(--global-kb-gap-sm, 1rem);}.kadence-column_318ef9-f6 > .kt-inside-inner-col{flex-direction:column;}.kadence-column_318ef9-f6 > .kt-inside-inner-col > .aligncenter{width:100%;}.kadence-column_318ef9-f6 > .kt-inside-inner-col:before{opacity:0.3;}.kadence-column_318ef9-f6{position:relative;}@media all and (max-width: 1024px){.kadence-column_318ef9-f6 > .kt-inside-inner-col{flex-direction:column;}}@media all and (max-width: 767px){.kadence-column_318ef9-f6 > .kt-inside-inner-col{flex-direction:column;}}<\/style>\n<div class=\"wp-block-kadence-column inner-column-1 kadence-column_318ef9-f6\"><div class=\"kt-inside-inner-col\"><\/div><\/div>\n<\/div><\/div><\/div>","protected":false},"excerpt":{"rendered":"<p>El estado de la sostenibilidad en el sector global de viajes de negocios | Informe 2022 Los viajes de negocios unen a las personas y fomentan el crecimiento econ\u00f3mico dentro y fuera de las fronteras nacionales. Para que esto\u2026<\/p>","protected":false},"author":14,"featured_media":0,"parent":0,"menu_order":0,"comment_status":"closed","ping_status":"closed","template":"","meta":{"_acf_changed":false,"_seopress_robots_primary_cat":"","_seopress_titles_title":"","_seopress_titles_desc":"","_seopress_robots_index":"yes","om_disable_all_campaigns":false,"_relevanssi_hide_post":"","_relevanssi_hide_content":"","_relevanssi_pin_for_all":"","_relevanssi_pin_keywords":"","_relevanssi_unpin_keywords":"","_relevanssi_related_keywords":"","_relevanssi_related_include_ids":"","_relevanssi_related_exclude_ids":"","_relevanssi_related_no_append":"","_relevanssi_related_not_related":"","_relevanssi_related_posts":"1,415,661,662,664,666","_relevanssi_noindex_reason":"","_kad_blocks_custom_css":"","_kad_blocks_head_custom_js":"","_kad_blocks_body_custom_js":"","_kad_blocks_footer_custom_js":"","_kad_post_transparent":"","_kad_post_title":"","_kad_post_layout":"","_kad_post_sidebar_id":"","_kad_post_content_style":"","_kad_post_vertical_padding":"","_kad_post_feature":"","_kad_post_feature_position":"","_kad_post_header":false,"_kad_post_footer":false,"footnotes":"","_links_to":"","_links_to_target":""},"class_list":["post-3772","page","type-page","status-publish","hentry"],"acf":[],"featured_image_src_large":false,"author_info":{"display_name":"","author_link":"https:\/\/gbta.org\/es\/author\/"},"comment_info":"","taxonomy_info":[],"featured_image_src":null,"featured_image_src_square":null,"mfb_rest_fields":["featured_image_src_large","author_info","comment_info","taxonomy_info","featured_image_src","featured_image_src_square"],"_links":{"self":[{"href":"https:\/\/gbta.org\/es\/wp-json\/wp\/v2\/pages\/3772","targetHints":{"allow":["GET"]}}],"collection":[{"href":"https:\/\/gbta.org\/es\/wp-json\/wp\/v2\/pages"}],"about":[{"href":"https:\/\/gbta.org\/es\/wp-json\/wp\/v2\/types\/page"}],"author":[{"embeddable":true,"href":"https:\/\/gbta.org\/es\/wp-json\/wp\/v2\/users\/14"}],"replies":[{"embeddable":true,"href":"https:\/\/gbta.org\/es\/wp-json\/wp\/v2\/comments?post=3772"}],"version-history":[{"count":0,"href":"https:\/\/gbta.org\/es\/wp-json\/wp\/v2\/pages\/3772\/revisions"}],"wp:attachment":[{"href":"https:\/\/gbta.org\/es\/wp-json\/wp\/v2\/media?parent=3772"}],"curies":[{"name":"wp","href":"https:\/\/api.w.org\/{rel}","templated":true}]}}