{"id":3918,"date":"2022-08-04T03:25:45","date_gmt":"2022-08-04T07:25:45","guid":{"rendered":"https:\/\/gbta.org\/?page_id=3918"},"modified":"2022-08-15T09:40:35","modified_gmt":"2022-08-15T13:40:35","slug":"gbta-canada-events-and-resources","status":"publish","type":"page","link":"https:\/\/gbta.org\/es\/regions\/north-america\/canada\/gbta-canada-events-and-resources\/","title":{"rendered":"GBTA Canad\u00e1 Eventos y recursos"},"content":{"rendered":"<style>#kt-layout-id_b5dee6-35 > .kt-row-column-wrap{align-content:start;}:where(#kt-layout-id_b5dee6-35 > .kt-row-column-wrap) > .wp-block-kadence-column{justify-content:start;}#kt-layout-id_b5dee6-35 > .kt-row-column-wrap{column-gap:var(--global-kb-gap-md, 2rem);row-gap:var(--global-kb-gap-md, 2rem);max-width:var( --global-content-width, 1440px );padding-left:var(--global-content-edge-padding);padding-right:var(--global-content-edge-padding);padding-top:var( --global-kb-row-default-top, 25px );padding-bottom:var( --global-kb-row-default-bottom, 25px );padding-top:50px;padding-bottom:15px;grid-template-columns:minmax(0, 1fr);}#kt-layout-id_b5dee6-35 > .kt-row-layout-overlay{opacity:0.30;}@media all and (max-width: 1024px){#kt-layout-id_b5dee6-35 > .kt-row-column-wrap{grid-template-columns:minmax(0, 1fr);}}@media all and (max-width: 767px){#kt-layout-id_b5dee6-35 > .kt-row-column-wrap{grid-template-columns:minmax(0, 1fr);}}<\/style>\n<section class=\"wp-block-kadence-rowlayout alignnone\"><div id=\"kt-layout-id_b5dee6-35\" class=\"kt-row-layout-inner kt-layout-id_b5dee6-35\"><div class=\"kt-row-column-wrap kt-has-1-columns kt-gutter-default kt-v-gutter-default kt-row-valign-top kt-row-layout-equal kt-tab-layout-inherit kt-m-colapse-left-to-right kt-mobile-layout-row kb-theme-content-width\"><style>.kadence-column_970571-e5 > .kt-inside-inner-col{border-top-width:0px;border-right-width:0px;border-bottom-width:0px;border-left-width:0px;}.kadence-column_970571-e5 > .kt-inside-inner-col,.kadence-column_970571-e5 > .kt-inside-inner-col:before{border-top-left-radius:0px;border-top-right-radius:0px;border-bottom-right-radius:0px;border-bottom-left-radius:0px;}.kadence-column_970571-e5 > .kt-inside-inner-col{column-gap:var(--global-kb-gap-sm, 1rem);}.kadence-column_970571-e5 > .kt-inside-inner-col{flex-direction:column;}.kadence-column_970571-e5 > .kt-inside-inner-col > .aligncenter{width:100%;}.kadence-column_970571-e5 > .kt-inside-inner-col:before{opacity:0.3;}.kadence-column_970571-e5{position:relative;}@media all and (max-width: 1024px){.kadence-column_970571-e5 > .kt-inside-inner-col{flex-direction:column;}}@media all and (max-width: 767px){.kadence-column_970571-e5 > .kt-inside-inner-col{flex-direction:column;}}<\/style>\n<div class=\"wp-block-kadence-column inner-column-1 kadence-column_970571-e5\"><div class=\"kt-inside-inner-col\"><style>.wp-block-kadence-advancedheading.kt-adv-heading_91d70f-e8, .wp-block-kadence-advancedheading.kt-adv-heading_91d70f-e8[data-kb-block=\"kb-adv-heading_91d70f-e8\"]{font-style:normal;}.wp-block-kadence-advancedheading.kt-adv-heading_91d70f-e8 mark.kt-highlight, .wp-block-kadence-advancedheading.kt-adv-heading_91d70f-e8[data-kb-block=\"kb-adv-heading_91d70f-e8\"] mark.kt-highlight{font-style:normal;color:#f76a0c;-webkit-box-decoration-break:clone;box-decoration-break:clone;padding-top:0px;padding-right:0px;padding-bottom:0px;padding-left:0px;}<\/style>\n<h2 class=\"kt-adv-heading_91d70f-e8 wp-block-kadence-advancedheading\" data-kb-block=\"kb-adv-heading_91d70f-e8\">Llamadas del Ayuntamiento<\/h2>\n\n\n<style>.wp-block-kadence-advancedheading.kt-adv-heading_5f44f9-c5, .wp-block-kadence-advancedheading.kt-adv-heading_5f44f9-c5[data-kb-block=\"kb-adv-heading_5f44f9-c5\"]{font-style:normal;}.wp-block-kadence-advancedheading.kt-adv-heading_5f44f9-c5 mark.kt-highlight, .wp-block-kadence-advancedheading.kt-adv-heading_5f44f9-c5[data-kb-block=\"kb-adv-heading_5f44f9-c5\"] mark.kt-highlight{font-style:normal;color:#f76a0c;-webkit-box-decoration-break:clone;box-decoration-break:clone;padding-top:0px;padding-right:0px;padding-bottom:0px;padding-left:0px;}<\/style>\n<p class=\"kt-adv-heading_5f44f9-c5 wp-block-kadence-advancedheading\" data-kb-block=\"kb-adv-heading_5f44f9-c5\">Nuestras llamadas p\u00fablicas de la industria canadiense de viajes de negocios est\u00e1n destinadas a compartir informaci\u00f3n, herramientas y recursos que apoyen a nuestra comunidad durante la pandemia de COVID-19. Las llamadas del ayuntamiento son eventos virtuales. Por razones de seguridad, la informaci\u00f3n de Zoom se enviar\u00e1 cuando se registre para la llamada. <strong>&quot;Guardar en el calendario&quot; no le confirma su asistencia<\/strong> Para el evento.<\/p>\n\n\n<style>.wp-block-kadence-spacer.kt-block-spacer-_db90ca-f4 .kt-block-spacer{height:40px;}.wp-block-kadence-spacer.kt-block-spacer-_db90ca-f4 .kt-divider{border-top-width:1px;height:1px;border-top-color:var(--global-palette9, #ffffff);width:80%;border-top-style:solid;}<\/style>\n<div class=\"wp-block-kadence-spacer aligncenter kt-block-spacer-_db90ca-f4\"><div class=\"kt-block-spacer kt-block-spacer-halign-center\"><hr class=\"kt-divider\" \/><\/div><\/div>\n\n\n<style>.wp-block-kadence-advancedheading.kt-adv-heading_4c4cff-5b, .wp-block-kadence-advancedheading.kt-adv-heading_4c4cff-5b[data-kb-block=\"kb-adv-heading_4c4cff-5b\"]{font-style:normal;}.wp-block-kadence-advancedheading.kt-adv-heading_4c4cff-5b mark.kt-highlight, .wp-block-kadence-advancedheading.kt-adv-heading_4c4cff-5b[data-kb-block=\"kb-adv-heading_4c4cff-5b\"] mark.kt-highlight{font-style:normal;color:#f76a0c;-webkit-box-decoration-break:clone;box-decoration-break:clone;padding-top:0px;padding-right:0px;padding-bottom:0px;padding-left:0px;}<\/style>\n<h3 class=\"kt-adv-heading_4c4cff-5b wp-block-kadence-advancedheading\" data-kb-block=\"kb-adv-heading_4c4cff-5b\">Recursos<\/h3>\n\n\n<style>.kt-tabs-id_59f44c-fe > .kt-tabs-content-wrap > .wp-block-kadence-tab{border-top-width:3px;border-right-width:0px;border-bottom-width:0px;border-left-width:0px;border-color:#4f5157;border-top-left-radius:0px;border-top-right-radius:0px;border-bottom-right-radius:0px;border-bottom-left-radius:0px;padding-top:35px;padding-right:0px;padding-bottom:85px;padding-left:0px;background:#ffffff;}.wp-block-kadence-tabs .kt-tabs-id_59f44c-fe > .kt-tabs-title-list li{margin-top:0px;margin-right:8px;margin-bottom:0px;margin-left:0px;}.wp-block-kadence-tabs .kt-tabs-id_59f44c-fe > .kt-tabs-title-list li:last-child{margin-right:0px;}.wp-block-kadence-tabs .kt-tabs-id_59f44c-fe > .kt-tabs-title-list li .kt-tab-title, .wp-block-kadence-tabs .kt-tabs-id_59f44c-fe > .kt-tabs-content-wrap > .kt-tabs-accordion-title .kt-tab-title{line-height:1.1em;font-weight:bold;font-style:normal;border-top-width:0px;border-right-width:0px;border-bottom-width:0px;border-left-width:0px;border-top-left-radius:10px;border-top-right-radius:10px;border-bottom-right-radius:0px;border-bottom-left-radius:0px;padding-top:16px;padding-right:20px;padding-bottom:16px;padding-left:20px;border-color:#eeeeee;color:#222222;background:#eeeeee;}.wp-block-kadence-tabs .kt-tabs-id_59f44c-fe > .kt-tabs-content-wrap > .kt-tabs-accordion-title .kt-tab-title{margin-top:0px;margin-right:8px;margin-bottom:0px;margin-left:0px;}.wp-block-kadence-tabs .kt-tabs-id_59f44c-fe > .kt-tabs-title-list li .kt-tab-title:hover, .wp-block-kadence-tabs .kt-tabs-id_59f44c-fe > .kt-tabs-content-wrap > .kt-tabs-accordion-title .kt-tab-title:hover{border-color:#eeeeee;color:var(--global-palette9, #ffffff);background:#ff6200;}.wp-block-kadence-tabs .kt-tabs-id_59f44c-fe > .kt-tabs-title-list li.kt-tab-title-active .kt-tab-title, .wp-block-kadence-tabs .kt-tabs-id_59f44c-fe > .kt-tabs-content-wrap > .kt-tabs-accordion-title.kt-tab-title-active .kt-tab-title{border-color:#eeeeee;color:#ffffff;background:#ff6200;}<\/style>\n<div class=\"wp-block-kadence-tabs alignnone\"><div class=\"kt-tabs-wrap kt-tabs-id_59f44c-fe kt-tabs-has-3-tabs kt-active-tab-1 kt-tabs-layout-tabs kt-tabs-tablet-layout-inherit kt-tabs-mobile-layout-inherit kt-tab-alignment-left\" style=\"max-width:none\"><ul class=\"kt-tabs-title-list\"><li id=\"tab-infofrompreviouswebinars\" class=\"kt-title-item kt-title-item-1 kt-tabs-svg-show-always kt-tabs-icon-side-right kt-tab-title-active\"><a href=\"#tab-infofrompreviouswebinars\" data-tab=\"1\" class=\"kt-tab-title kt-tab-title-1\"><span class=\"kt-title-text\">INFORMACI\u00d3N DE SEMINARIOS WEB ANTERIORES<\/span><\/a><\/li><li id=\"tab-podcast\" class=\"kt-title-item kt-title-item-2 kt-tabs-svg-show-always kt-tabs-icon-side-right kt-tab-title-inactive\"><a href=\"#tab-podcast\" data-tab=\"2\" class=\"kt-tab-title kt-tab-title-2\"><span class=\"kt-title-text\">P\u00d3DCAST<\/span><\/a><\/li><li id=\"tab-travelresources\" class=\"kt-title-item kt-title-item-3 kt-tabs-svg-show-always kt-tabs-icon-side-right kt-tab-title-inactive\"><a href=\"#tab-travelresources\" data-tab=\"3\" class=\"kt-tab-title kt-tab-title-3\"><span class=\"kt-title-text\">RECURSOS DE VIAJE<\/span><\/a><\/li><\/ul><div class=\"kt-tabs-content-wrap\">\n<div class=\"wp-block-kadence-tab kt-tab-inner-content kt-inner-tab-1 kt-inner-tab_1b9252-76\"><div class=\"kt-tab-inner-content-inner\">\n<p><strong><a rel=\"noreferrer noopener\" href=\"https:\/\/players.brightcove.net\/4179652749001\/default_default\/index.html?videoId=6287002339001\" target=\"_blank\">Ayuntamiento de GBTA Canad\u00e1 - Resumen anual<br><\/a><a href=\"https:\/\/gbta.org\/wp-content\/uploads\/FINAL-Townhall-Dec-14-2021-Master.pdf\" target=\"_blank\" rel=\"noreferrer noopener\">Presentaci\u00f3n [PDF]<\/a><br><\/strong>14 de diciembre de 2021<\/p>\n\n\n\n<p><strong><a rel=\"noreferrer noopener\" href=\"https:\/\/players.brightcove.net\/4179652749001\/rJ9dgGR9_default\/index.html?videoId=6273721414001\" target=\"_blank\">Casa Abierta Virtual de Escaleras de GBTA Canad\u00e1<br><\/a><a href=\"https:\/\/gbta.org\/wp-content\/uploads\/GBTA-Canada-Ladders-Open-House.pdf\" target=\"_blank\" rel=\"noreferrer noopener\">Presentaci\u00f3n [PDF]<\/a><br><a rel=\"noreferrer noopener\" href=\"https:\/\/docs.google.com\/forms\/d\/e\/1FAIpQLScerenprajazhKDLqTymV3a6cRrc_07LP7ZzzguGRTqbXg18A\/viewform\" target=\"_blank\">Aplicaci\u00f3n de escaleras<br><\/a><\/strong>21 de septiembre de 2021<\/p>\n\n\n\n<p><strong><a rel=\"noreferrer noopener\" href=\"https:\/\/players.brightcove.net\/4179652749001\/rJ9dgGR9_default\/index.html?videoId=6273723696001\" target=\"_blank\">De costa a costa de Canad\u00e1: c\u00f3mo los compradores pueden navegar por el panorama cambiante de los alojamientos hoteleros<br><\/a><a href=\"https:\/\/gbta.org\/wp-content\/uploads\/Canada-Coast-to-Coast-How-Buyers-Can-Navigate-the-Changing-Landscape-of-Hotel-Accommodations.pdf\" target=\"_blank\" rel=\"noreferrer noopener\">Presentaci\u00f3n [PDF]<\/a><br><\/strong>16 de septiembre de 2021<\/p>\n\n\n\n<p><strong><a href=\"https:\/\/youtu.be\/kbyTudyEIiI\" target=\"_blank\" rel=\"noreferrer noopener\">Ayuntamiento de GBTA Canad\u00e1<br><\/a><\/strong>23 de junio de 2021<\/p>\n\n\n\n<p><strong><a rel=\"noreferrer noopener\" href=\"https:\/\/players.brightcove.net\/4179652749001\/default_default\/index.html?videoId=6250722259001\" target=\"_blank\">C\u00f3mo los aeropuertos de Canad\u00e1 utilizan la tecnolog\u00eda para garantizar una experiencia de viaje segura y saludable<br><\/a><a href=\"https:\/\/gbta.org\/wp-content\/uploads\/How-Airports-in-Canada-Are-Using-Technology.pdf\" target=\"_blank\" rel=\"noreferrer noopener\">Presentaci\u00f3n<\/a> <a rel=\"noreferrer noopener\" href=\"https:\/\/gbta.org\/wp-content\/uploads\/CanadaTownHall_Presentation-April_7_2021-1.pdf\" target=\"_blank\">[PDF]<\/a><br><\/strong>22 de abril de 2021<\/p>\n\n\n\n<p><strong><a rel=\"noreferrer noopener\" href=\"https:\/\/players.brightcove.net\/4179652749001\/default_default\/index.html?videoId=6247570613001\" target=\"_blank\">Ayuntamiento de GBTA Canad\u00e1<br><\/a><a href=\"https:\/\/gbta.org\/wp-content\/uploads\/CanadaTownHall_Presentation-April_7_2021-2.pdf\" target=\"_blank\" rel=\"noreferrer noopener\">Presentaci\u00f3n [PDF]<\/a><br><\/strong>7 de abril de 2021<\/p>\n\n\n\n<p><strong><a rel=\"noreferrer noopener\" href=\"https:\/\/youtu.be\/62Kc0Uo8L98\" target=\"_blank\">Preparando su p\u00f3liza de riesgo de viaje para el futuro<br><\/a><a href=\"https:\/\/gbta.org\/wp-content\/uploads\/Future-Proofing-Your-Travel-Risk-Policy.pdf\" target=\"_blank\" rel=\"noreferrer noopener\">Presentaci\u00f3n<\/a><a href=\"https:\/\/gbta.org\/es\/Portals\/0\/Documents\/canada\/Future-Proofing Your Travel Risk Policy.pdf\/?ver=2021-06-30-170701-960&amp;_ga=2.67018798.1840615630.1660538740-1494869180.1658985915\" target=\"_blank\" rel=\"noreferrer noopener\"> <\/a><a href=\"https:\/\/gbta.org\/wp-content\/uploads\/canada_townhall_feb242021-presentation.pdf\" target=\"_blank\" rel=\"noreferrer noopener\">[PDF]<\/a><br><\/strong>11 de marzo de 2021<\/p>\n\n\n\n<p><strong><a rel=\"noreferrer noopener\" href=\"https:\/\/players.brightcove.net\/4179652749001\/rJ9dgGR9_default\/index.html?videoId=6235305087001\" target=\"_blank\">Ayuntamiento de GBTA Canad\u00e1<br><\/a><a href=\"https:\/\/gbta.org\/wp-content\/uploads\/canada_townhall_feb242021-presentation.pdf\" target=\"_blank\" rel=\"noreferrer noopener\">Presentaci\u00f3n [PDF]<\/a><br><\/strong>24 de febrero de 2021<\/p>\n\n\n\n<p><strong><a rel=\"noreferrer noopener\" href=\"https:\/\/players.brightcove.net\/4179652749001\/rJ9dgGR9_default\/index.html?videoId=6205413853001\" target=\"_blank\">El impacto de COVID-19 en las empresas canadienses<br><\/a><a href=\"https:\/\/gbta.org\/wp-content\/uploads\/Canada_Townhall_October_28_2020.pdf\" target=\"_blank\" rel=\"noreferrer noopener\">Presentaci\u00f3n [PDF]<\/a><br><\/strong>28 de octubre de 2020<\/p>\n\n\n\n<p><strong><a rel=\"noreferrer noopener\" href=\"https:\/\/players.brightcove.net\/4179652749001\/zCxFmspAO_default\/index.html?videoId=6195742580001\" target=\"_blank\">Fomentar la confianza de los viajeros y el estado actual de la salud p\u00fablica canadiense en relaci\u00f3n con el Covid-19 y los viajes de negocios<br><\/a><a href=\"https:\/\/gbta.org\/wp-content\/uploads\/Canada-Townhall-23-September-2020.pdf\" target=\"_blank\" rel=\"noreferrer noopener\">Presentaci\u00f3n [PDF]<\/a><br><\/strong>23 de septiembre de 2020<\/p>\n\n\n\n<p><strong><a rel=\"noreferrer noopener\" href=\"https:\/\/players.brightcove.net\/4179652749001\/zCxFmspAO_default\/index.html?videoId=6183365928001\" target=\"_blank\">El camino por delante<br><\/a><a href=\"https:\/\/gbta.org\/wp-content\/uploads\/canada-townhall-calls-the-road-ahead.pdf\" target=\"_blank\" rel=\"noreferrer noopener\">Presentaci\u00f3n [PDF]<\/a><br><\/strong>19 de agosto de 2020<\/p>\n\n\n\n<p><strong><a rel=\"noreferrer noopener\" href=\"https:\/\/players.brightcove.net\/4179652749001\/zCxFmspAO_default\/index.html?videoId=6174862801001\" target=\"_blank\">Actualizaciones cr\u00edticas relacionadas con COVID-19 del gobierno canadiense<br><\/a><\/strong>Aplicaci\u00f3n m\u00f3vil ArriveCAN <strong><a rel=\"noreferrer noopener\" href=\"https:\/\/players.brightcove.net\/4179652749001\/zCxFmspAO_default\/index.html?videoId=6174854428001\" target=\"_blank\">ingl\u00e9s<\/a><\/strong> | <strong><a rel=\"noreferrer noopener\" href=\"https:\/\/players.brightcove.net\/4179652749001\/zCxFmspAO_default\/index.html?videoId=6174854891001\" target=\"_blank\">Franc\u00e9s<\/a><\/strong><br><strong><a href=\"https:\/\/gbta.org\/wp-content\/uploads\/Canadian_Government_Critical_COVID19_Updates.pdf\" target=\"_blank\" rel=\"noreferrer noopener\">Presentaci\u00f3n [PDF]<\/a><br><\/strong>22 de julio de 2020<\/p>\n\n\n\n<p><strong><a rel=\"noreferrer noopener\" href=\"https:\/\/players.brightcove.net\/4179652749001\/zCxFmspAO_default\/index.html?videoId=6167995321001\" target=\"_blank\">El estado actual de los sectores de viajes canadienses: aire, hotel, alquiler de autom\u00f3viles, TMC<br><\/a><a href=\"https:\/\/gbta.org\/wp-content\/uploads\/Current-State-of-Canadian-Travel-Sectors-Air-Hotel-Car-Rental-TMC.pdf\" target=\"_blank\" rel=\"noreferrer noopener\">Presentaci\u00f3n [PDF]<\/a><br><\/strong>24 de junio de 2020<\/p>\n\n\n\n<p><strong><a rel=\"noreferrer noopener\" href=\"https:\/\/players.brightcove.net\/4179652749001\/zCxFmspAO_default\/index.html?videoId=6163750387001\" target=\"_blank\">Aeropuertos canadienses: c\u00f3mo el COVID-19 ha transformado las operaciones, los procedimientos y los protocolos aeroportuarios<br><\/a><a href=\"https:\/\/gbta.org\/es\/Portals\/0\/Documents\/canada\/_How_COVID-19_Has_Transformed_Airport_Operations.pdf\/\" target=\"_blank\" rel=\"noreferrer noopener\">Presentaci\u00f3n [PDF]<\/a><br><\/strong>10 de junio de 2020<\/p>\n\n\n\n<p><strong><a rel=\"noreferrer noopener\" href=\"https:\/\/players.brightcove.net\/4179652749001\/zCxFmspAO_default\/index.html?videoId=6161665242001\" target=\"_blank\">Cl\u00e1usulas de contrato y prevenci\u00f3n del agotamiento por crisis<br><\/a><\/strong><a href=\"https:\/\/gbta.org\/es\/Portals\/0\/Documents\/canada\/-Contract-Clauses-and-Avoiding-Crisis-Burnout-Canada-townhall-20200527.pdf\/\" target=\"_blank\" rel=\"noreferrer noopener\"><strong>Presentaci\u00f3n [PDF]<br><\/strong><\/a>27 de mayo de 2020<\/p>\n\n\n\n<p><strong><a href=\"https:\/\/players.brightcove.net\/4179652749001\/zCxFmspAO_default\/index.html?videoId=6157986303001\" target=\"_blank\" rel=\"noreferrer noopener\">Liderazgo a trav\u00e9s de la adversidad<br><\/a><a href=\"https:\/\/gbta.org\/es\/Portals\/0\/Documents\/canada\/-Leadership_through_adversity.pdf\/\" target=\"_blank\" rel=\"noreferrer noopener\">Presentaci\u00f3n [PDF]<br><\/a><\/strong>13 de mayo de 2020<\/p>\n\n\n\n<p><strong><a rel=\"noreferrer noopener\" href=\"https:\/\/players.brightcove.net\/4179652749001\/zCxFmspAO_default\/index.html?videoId=6154152991001\" target=\"_blank\">Impacto de COVID-19 en los sectores de viajes de negocios canadienses<br><\/a><a href=\"https:\/\/gbta.org\/wp-content\/uploads\/Canada_Townhall_29_Apr_2020.pdf\" target=\"_blank\" rel=\"noreferrer noopener\">Presentaci\u00f3n [PDF]<\/a><br><\/strong>29 de abril de 2020<\/p>\n<\/div><\/div>\n\n\n\n<div class=\"wp-block-kadence-tab kt-tab-inner-content kt-inner-tab-2 kt-inner-tab_cd78ee-e9\"><div class=\"kt-tab-inner-content-inner\">\n<p><strong><a href=\"https:\/\/gbtapodcast.libsyn.com\/meeting-planning-101-for-both-the-procurement-and-the-meeting-professional\" target=\"_blank\" rel=\"noreferrer noopener\">Podcast: planificaci\u00f3n de reuniones 101 tanto para el profesional de adquisiciones como para el profesional de reuniones<\/a><\/strong><\/p>\n\n\n\n<p>9 de julio: Una discusi\u00f3n sobre c\u00f3mo ha cambiado la industria de reuniones en Canad\u00e1 y las oportunidades que todos enfrentamos a medida que &quot;reiniciamos&quot; la industria de reuniones y eventos aqu\u00ed en Canad\u00e1.<\/p>\n<\/div><\/div>\n\n\n\n<div class=\"wp-block-kadence-tab kt-tab-inner-content kt-inner-tab-3 kt-inner-tab_1a9f36-e8\"><div class=\"kt-tab-inner-content-inner\">\n<p><strong>Gobierno de Canad\u00e1<\/strong><\/p>\n\n\n\n<p>Redes sociales: siga a @TravelGoC en <strong><a href=\"https:\/\/www.facebook.com\/travelGoC\" target=\"_blank\" rel=\"noreferrer noopener\">Facebook<\/a><\/strong> (<strong><a href=\"https:\/\/www.facebook.com\/travelGoC\" target=\"_blank\" rel=\"noreferrer noopener\">FR<\/a><\/strong>) y <strong><a href=\"https:\/\/twitter.com\/TravelGoC\" target=\"_blank\" rel=\"noreferrer noopener\">Gorjeo<\/a><\/strong> (<strong><a href=\"https:\/\/twitter.com\/VoyageGdC\" target=\"_blank\" rel=\"noreferrer noopener\">FR<\/a><\/strong>)<\/p>\n\n\n\n<p><strong><a href=\"https:\/\/travel.gc.ca\/\" target=\"_blank\" rel=\"noreferrer noopener\">viajes.gc.ca<\/a><\/strong> \/ <strong><a href=\"https:\/\/voyage.gc.ca\/\" target=\"_blank\" rel=\"noreferrer noopener\">Voyage.gc.ca<\/a><\/strong> \u2013 Aviso de viaje oficial del Gobierno de Canad\u00e1<\/p>\n\n\n\n<p><strong><a href=\"https:\/\/travel.gc.ca\/travelling\/advisories\" target=\"_blank\" rel=\"noreferrer noopener\">Consejos y avisos de viaje <\/a><\/strong>\/ <strong><a href=\"https:\/\/voyage.gc.ca\/voyager\/avertissements\" target=\"_blank\" rel=\"noreferrer noopener\">Consejos para viajeros y anuncios<\/a><\/strong><\/p>\n\n\n\n<p><strong><a href=\"https:\/\/travel.gc.ca\/travelling\/registration\" target=\"_blank\" rel=\"noreferrer noopener\">Registro de canadienses en el extranjero<\/a><\/strong> \/ <strong><a href=\"https:\/\/voyage.gc.ca\/voyager\/inscription\" target=\"_blank\" rel=\"noreferrer noopener\">Inscripci\u00f3n des Canadiens \u00e0 l&#039;\u00e9tranger<\/a><\/strong><\/p>\n\n\n\n<p><strong><a href=\"https:\/\/travel.gc.ca\/travelling\/documents\/travel-insurance\" target=\"_blank\" rel=\"noreferrer noopener\">Seguro de viaje<\/a><\/strong> \/ <strong><a href=\"https:\/\/voyage.gc.ca\/voyager\/documents\/assurance-voyage\" target=\"_blank\" rel=\"noreferrer noopener\">viaje de aseguramiento<\/a><\/strong><\/p>\n\n\n\n<p><strong><a rel=\"noreferrer noopener\" href=\"https:\/\/www.canada.ca\/en\/public-health\/services\/diseases\/coronavirus-disease-covid-19.html\" target=\"_blank\">Canad\u00e1.ca\/coronavirus<\/a><\/strong> \/ <strong><a href=\"http:\/\/gbtamarketing.freshdesk.com\/a\/tickets\/canada.ca\/le-coronavirus\" target=\"_blank\" rel=\"noreferrer noopener\">Canad\u00e1.ca\/le-coronavirus<\/a><\/strong><\/p>\n\n\n\n<p><strong><a rel=\"noreferrer noopener\" href=\"https:\/\/www.canada.ca\/en\/public-health\/services\/diseases\/2019-novel-coronavirus-infection\/latest-travel-health-advice.html\" target=\"_blank\">COVID-19: Restricciones de viaje, exenciones y consejos<\/a><\/strong> \/ <strong><a href=\"https:\/\/www.canada.ca\/fr\/sante-publique\/services\/maladies\/2019-nouveau-coronavirus\/derniers-conseils-sante-voyageurs.html\" target=\"_blank\" rel=\"noreferrer noopener\">COVID-19: Restricciones, exenciones y consejos relativos a los viajes<\/a><\/strong><\/p>\n\n\n\n<p><strong><a href=\"https:\/\/travel.gc.ca\/travelling\/health-safety\/covid-19-security\" target=\"_blank\" rel=\"noreferrer noopener\">COVID-19: Su seguridad y protecci\u00f3n fuera de Canad\u00e1<\/a><\/strong> \/ <strong><a href=\"https:\/\/voyage.gc.ca\/voyager\/sante-securite\/covid-19-securite\" target=\"_blank\" rel=\"noreferrer noopener\">COVID-19: Votre s\u00e9curit\u00e9 \u00e0 l&#039;ext\u00e9rieur du Canada<\/a><\/strong><\/p>\n\n\n\n<p><strong><a rel=\"noreferrer noopener\" href=\"https:\/\/travel.gc.ca\/stay-connected\/subscribe\" target=\"_blank\">Actualizaciones de viaje<\/a><\/strong> \/ <strong><a href=\"http:\/\/voyage.gc.ca\/restez-branches\/abonner\" target=\"_blank\" rel=\"noreferrer noopener\">Mises \u00e0 jour sur les voyages<\/a><\/strong><\/p>\n<\/div><\/div>\n<\/div><\/div><\/div>\n<\/div><\/div>\n<\/div><\/div><\/section>","protected":false},"excerpt":{"rendered":"<p>Convocatorias p\u00fablicas Nuestras convocatorias p\u00fablicas para la industria canadiense de viajes de negocios tienen como objetivo compartir informaci\u00f3n, herramientas y recursos que apoyen a nuestra comunidad durante la pandemia de COVID-19. El Ayuntamiento llama...<\/p>","protected":false},"author":25,"featured_media":0,"parent":100,"menu_order":0,"comment_status":"closed","ping_status":"closed","template":"","meta":{"_acf_changed":false,"_seopress_robots_primary_cat":"","_seopress_titles_title":"","_seopress_titles_desc":"","_seopress_robots_index":"yes","om_disable_all_campaigns":false,"_relevanssi_hide_post":"","_relevanssi_hide_content":"","_relevanssi_pin_for_all":"","_relevanssi_pin_keywords":"","_relevanssi_unpin_keywords":"","_relevanssi_related_keywords":"","_relevanssi_related_include_ids":"","_relevanssi_related_exclude_ids":"","_relevanssi_related_no_append":"","_relevanssi_related_not_related":"","_relevanssi_related_posts":"1,415,661,662,664,666","_relevanssi_noindex_reason":"","_kad_blocks_custom_css":"","_kad_blocks_head_custom_js":"","_kad_blocks_body_custom_js":"","_kad_blocks_footer_custom_js":"","_kad_post_transparent":"","_kad_post_title":"","_kad_post_layout":"","_kad_post_sidebar_id":"","_kad_post_content_style":"","_kad_post_vertical_padding":"","_kad_post_feature":"","_kad_post_feature_position":"","_kad_post_header":false,"_kad_post_footer":false,"footnotes":"","_links_to":"","_links_to_target":""},"class_list":["post-3918","page","type-page","status-publish","hentry"],"acf":[],"featured_image_src_large":false,"author_info":{"display_name":"jcampbell","author_link":"https:\/\/gbta.org\/es\/author\/jcampbell\/"},"comment_info":"","taxonomy_info":[],"featured_image_src":null,"featured_image_src_square":null,"mfb_rest_fields":["featured_image_src_large","author_info","comment_info","taxonomy_info","featured_image_src","featured_image_src_square"],"_links":{"self":[{"href":"https:\/\/gbta.org\/es\/wp-json\/wp\/v2\/pages\/3918","targetHints":{"allow":["GET"]}}],"collection":[{"href":"https:\/\/gbta.org\/es\/wp-json\/wp\/v2\/pages"}],"about":[{"href":"https:\/\/gbta.org\/es\/wp-json\/wp\/v2\/types\/page"}],"author":[{"embeddable":true,"href":"https:\/\/gbta.org\/es\/wp-json\/wp\/v2\/users\/25"}],"replies":[{"embeddable":true,"href":"https:\/\/gbta.org\/es\/wp-json\/wp\/v2\/comments?post=3918"}],"version-history":[{"count":0,"href":"https:\/\/gbta.org\/es\/wp-json\/wp\/v2\/pages\/3918\/revisions"}],"up":[{"embeddable":true,"href":"https:\/\/gbta.org\/es\/wp-json\/wp\/v2\/pages\/100"}],"wp:attachment":[{"href":"https:\/\/gbta.org\/es\/wp-json\/wp\/v2\/media?parent=3918"}],"curies":[{"name":"wp","href":"https:\/\/api.w.org\/{rel}","templated":true}]}}