{"id":4609,"date":"2022-08-06T05:58:55","date_gmt":"2022-08-06T09:58:55","guid":{"rendered":"https:\/\/gbta.org\/?page_id=4609"},"modified":"2023-05-05T11:05:14","modified_gmt":"2023-05-05T15:05:14","slug":"peer-review-council-prc","status":"publish","type":"page","link":"https:\/\/gbta.org\/es\/professional-development\/content-collaborate\/gbta-committees\/peer-review-council-prc\/","title":{"rendered":"Consejo de revisi\u00f3n por pares (PRC)"},"content":{"rendered":"<style>#kt-layout-id_92e331-ad > .kt-row-column-wrap{align-content:start;}:where(#kt-layout-id_92e331-ad > .kt-row-column-wrap) > .wp-block-kadence-column{justify-content:start;}#kt-layout-id_92e331-ad > .kt-row-column-wrap{column-gap:var(--global-kb-gap-md, 2rem);row-gap:var(--global-kb-gap-md, 2rem);max-width:var( --global-content-width, 1440px );padding-left:var(--global-content-edge-padding);padding-right:var(--global-content-edge-padding);padding-top:var( --global-kb-row-default-top, 25px );padding-bottom:var( --global-kb-row-default-bottom, 25px );padding-top:50px;padding-bottom:15px;grid-template-columns:minmax(0, 1fr);}#kt-layout-id_92e331-ad > .kt-row-layout-overlay{opacity:0.30;}@media all and (max-width: 1024px){#kt-layout-id_92e331-ad > .kt-row-column-wrap{grid-template-columns:minmax(0, 1fr);}}@media all and (max-width: 767px){#kt-layout-id_92e331-ad > .kt-row-column-wrap{grid-template-columns:minmax(0, 1fr);}}<\/style>\n<section class=\"wp-block-kadence-rowlayout alignnone\"><div id=\"kt-layout-id_92e331-ad\" class=\"kt-row-layout-inner kt-layout-id_92e331-ad\"><div class=\"kt-row-column-wrap kt-has-1-columns kt-gutter-default kt-v-gutter-default kt-row-valign-top kt-row-layout-equal kt-tab-layout-inherit kt-m-colapse-left-to-right kt-mobile-layout-row kb-theme-content-width\"><style>.kadence-column_ef911a-5f > .kt-inside-inner-col{border-top-width:0px;border-right-width:0px;border-bottom-width:0px;border-left-width:0px;}.kadence-column_ef911a-5f > .kt-inside-inner-col,.kadence-column_ef911a-5f > .kt-inside-inner-col:before{border-top-left-radius:0px;border-top-right-radius:0px;border-bottom-right-radius:0px;border-bottom-left-radius:0px;}.kadence-column_ef911a-5f > .kt-inside-inner-col{column-gap:var(--global-kb-gap-sm, 1rem);}.kadence-column_ef911a-5f > .kt-inside-inner-col{flex-direction:column;}.kadence-column_ef911a-5f > .kt-inside-inner-col > .aligncenter{width:100%;}.kadence-column_ef911a-5f > .kt-inside-inner-col:before{opacity:0.3;}.kadence-column_ef911a-5f{position:relative;}@media all and (max-width: 1024px){.kadence-column_ef911a-5f > .kt-inside-inner-col{flex-direction:column;}}@media all and (max-width: 767px){.kadence-column_ef911a-5f > .kt-inside-inner-col{flex-direction:column;}}<\/style>\n<div class=\"wp-block-kadence-column inner-column-1 kadence-column_ef911a-5f\"><div class=\"kt-inside-inner-col\"><style>.wp-block-kadence-advancedheading.kt-adv-heading_031614-a2, .wp-block-kadence-advancedheading.kt-adv-heading_031614-a2[data-kb-block=\"kb-adv-heading_031614-a2\"]{font-style:normal;}.wp-block-kadence-advancedheading.kt-adv-heading_031614-a2 mark.kt-highlight, .wp-block-kadence-advancedheading.kt-adv-heading_031614-a2[data-kb-block=\"kb-adv-heading_031614-a2\"] mark.kt-highlight{font-style:normal;color:#f76a0c;-webkit-box-decoration-break:clone;box-decoration-break:clone;padding-top:0px;padding-right:0px;padding-bottom:0px;padding-left:0px;}<\/style>\n<p class=\"kt-adv-heading_031614-a2 wp-block-kadence-advancedheading\" data-kb-block=\"kb-adv-heading_031614-a2\">Lo m\u00e1s destacado de la Convenci\u00f3n GBTA y nuestras conferencias regionales cada a\u00f1o son las muchas sesiones educativas relevantes, informativas y valiosas que se ofrecen como parte de la experiencia de los asistentes. Para garantizar que la selecci\u00f3n de las sesiones educativas sea justa y oportuna, se ha implementado un riguroso proceso de selecci\u00f3n dirigido por los miembros. El liderazgo y el personal de GBTA est\u00e1n agradecidos por este grupo dedicado y apasionado de voluntarios comprometidos, que sirven en el PRC. Este grupo representa la experiencia en una variedad de \u00e1reas, representa tanto la voz del comprador como la del proveedor, y tiene una amplia experiencia profesional en la gesti\u00f3n de viajes.<\/p>\n<\/div><\/div>\n<\/div><\/div><\/section>\n\n\n<style>#kt-layout-id_6bfc09-a1 > .kt-row-column-wrap{align-content:start;}:where(#kt-layout-id_6bfc09-a1 > .kt-row-column-wrap) > .wp-block-kadence-column{justify-content:start;}#kt-layout-id_6bfc09-a1 > .kt-row-column-wrap{column-gap:var(--global-kb-gap-md, 2rem);row-gap:var(--global-kb-gap-md, 2rem);max-width:var( --global-content-width, 1440px );padding-left:var(--global-content-edge-padding);padding-right:var(--global-content-edge-padding);padding-top:var( --global-kb-row-default-top, 25px );padding-bottom:var( --global-kb-row-default-bottom, 25px );padding-top:50px;padding-bottom:15px;grid-template-columns:minmax(0, 1fr);}#kt-layout-id_6bfc09-a1 > .kt-row-layout-overlay{opacity:0.30;}@media all and (max-width: 1024px){#kt-layout-id_6bfc09-a1 > .kt-row-column-wrap{grid-template-columns:minmax(0, 1fr);}}@media all and (max-width: 767px){#kt-layout-id_6bfc09-a1 > .kt-row-column-wrap{grid-template-columns:minmax(0, 1fr);}}<\/style>\n<section class=\"wp-block-kadence-rowlayout alignnone\"><div id=\"kt-layout-id_6bfc09-a1\" class=\"kt-row-layout-inner kt-layout-id_6bfc09-a1\"><div class=\"kt-row-column-wrap kt-has-1-columns kt-gutter-default kt-v-gutter-default kt-row-valign-top kt-row-layout-equal kt-tab-layout-inherit kt-m-colapse-left-to-right kt-mobile-layout-row kb-theme-content-width\"><style>.kadence-column_a3cc09-f8 > .kt-inside-inner-col{border-top-width:0px;border-right-width:0px;border-bottom-width:0px;border-left-width:0px;}.kadence-column_a3cc09-f8 > .kt-inside-inner-col,.kadence-column_a3cc09-f8 > .kt-inside-inner-col:before{border-top-left-radius:0px;border-top-right-radius:0px;border-bottom-right-radius:0px;border-bottom-left-radius:0px;}.kadence-column_a3cc09-f8 > .kt-inside-inner-col{column-gap:var(--global-kb-gap-sm, 1rem);}.kadence-column_a3cc09-f8 > .kt-inside-inner-col{flex-direction:column;}.kadence-column_a3cc09-f8 > .kt-inside-inner-col > .aligncenter{width:100%;}.kadence-column_a3cc09-f8 > .kt-inside-inner-col:before{opacity:0.3;}.kadence-column_a3cc09-f8{position:relative;}@media all and (max-width: 1024px){.kadence-column_a3cc09-f8 > .kt-inside-inner-col{flex-direction:column;}}@media all and (max-width: 767px){.kadence-column_a3cc09-f8 > .kt-inside-inner-col{flex-direction:column;}}<\/style>\n<div class=\"wp-block-kadence-column inner-column-1 kadence-column_a3cc09-f8\"><div class=\"kt-inside-inner-col\"><style>.wp-block-kadence-advancedheading.kt-adv-heading_9cf83d-c0, .wp-block-kadence-advancedheading.kt-adv-heading_9cf83d-c0[data-kb-block=\"kb-adv-heading_9cf83d-c0\"]{font-style:normal;}.wp-block-kadence-advancedheading.kt-adv-heading_9cf83d-c0 mark.kt-highlight, .wp-block-kadence-advancedheading.kt-adv-heading_9cf83d-c0[data-kb-block=\"kb-adv-heading_9cf83d-c0\"] mark.kt-highlight{font-style:normal;color:#f76a0c;-webkit-box-decoration-break:clone;box-decoration-break:clone;padding-top:0px;padding-right:0px;padding-bottom:0px;padding-left:0px;}<\/style>\n<h3 class=\"kt-adv-heading_9cf83d-c0 wp-block-kadence-advancedheading\" data-kb-block=\"kb-adv-heading_9cf83d-c0\">Miembros del Consejo de Revisi\u00f3n por Pares de la Convenci\u00f3n de 2023<\/h3>\n\n\n\n<ol class=\"wp-block-list\">\n<li>Varios meses antes de un evento, GBTA abre una &quot;Convocatoria de propuestas&quot; para miembros y no miembros de GBTA y lo comunica a trav\u00e9s de m\u00faltiples canales. Se alienta a los compradores y proveedores a enviar propuestas de sesiones educativas.<\/li>\n\n\n\n<li>Un grupo diverso de miembros de GBTA designados para el PRC realiza una revisi\u00f3n ciega de cada propuesta y califica cada una seg\u00fan varios criterios. Se dedican varias horas a revisar y comentar la calidad de las presentaciones.<\/li>\n\n\n\n<li>La selecci\u00f3n final de sesiones educativas se realiza durante una reuni\u00f3n de un d\u00eda completo de campeones de contenido clave. Las notificaciones y las reuniones de seguimiento son realizadas por el personal de desarrollo profesional.<\/li>\n<\/ol>\n\n\n<style>.wp-block-kadence-spacer.kt-block-spacer-_f17416-f7 .kt-block-spacer{height:40px;}.wp-block-kadence-spacer.kt-block-spacer-_f17416-f7 .kt-divider{border-top-width:1px;height:1px;border-top-color:var(--global-palette9, #ffffff);width:80%;border-top-style:solid;}<\/style>\n<div class=\"wp-block-kadence-spacer aligncenter kt-block-spacer-_f17416-f7\"><div class=\"kt-block-spacer kt-block-spacer-halign-center\"><hr class=\"kt-divider\"\/><\/div><\/div>\n\n\n<style>.wp-block-kadence-advancedheading.kt-adv-heading_16e373-b3, .wp-block-kadence-advancedheading.kt-adv-heading_16e373-b3[data-kb-block=\"kb-adv-heading_16e373-b3\"]{font-style:normal;}.wp-block-kadence-advancedheading.kt-adv-heading_16e373-b3 mark.kt-highlight, .wp-block-kadence-advancedheading.kt-adv-heading_16e373-b3[data-kb-block=\"kb-adv-heading_16e373-b3\"] mark.kt-highlight{font-style:normal;color:#f76a0c;-webkit-box-decoration-break:clone;box-decoration-break:clone;padding-top:0px;padding-right:0px;padding-bottom:0px;padding-left:0px;}<\/style>\n<h3 class=\"kt-adv-heading_16e373-b3 wp-block-kadence-advancedheading\" data-kb-block=\"kb-adv-heading_16e373-b3\">Miembros del Consejo de Revisi\u00f3n por Pares de la Convenci\u00f3n de 2023<\/h3>\n\n\n\n<div class=\"wp-block-columns is-layout-flex wp-container-core-columns-is-layout-1 wp-block-columns-is-layout-flex\">\n<div class=\"wp-block-column is-vertically-aligned-top is-layout-flow wp-block-column-is-layout-flow\">\n<p>michelle amos<\/p>\n\n\n\n<p>Henrietta balint<\/p>\n\n\n\n<p>Valerie Barnes<\/p>\n\n\n\n<p>maiko barrett<\/p>\n\n\n\n<p>Kari fan\u00e1tico<\/p>\n\n\n\n<p>liz marr\u00f3n<\/p>\n\n\n\n<p>J. Subvenci\u00f3n Caplan<\/p>\n\n\n\n<p>kim conway<\/p>\n\n\n\n<p>Annette corri\u00e9ndose<\/p>\n\n\n\n<p>mike daly<\/p>\n\n\n\n<p>Brenda Davis<\/p>\n\n\n\n<p>Mateusz Domaradzki<\/p>\n\n\n\n<p>Trish Earles<\/p>\n\n\n\n<p>valeria ferraro<\/p>\n\n\n\n<p>Leslee Fritz<\/p>\n\n\n\n<p>Esteban Gheerow<\/p>\n\n\n\n<p>Kristen Gibson<\/p>\n\n\n\n<p>ron glickman<\/p>\n\n\n\n<p>Robyn Grassanovits<\/p>\n\n\n\n<p>david gries<\/p>\n<\/div>\n\n\n\n<div class=\"wp-block-column is-vertically-aligned-top is-layout-flow wp-block-column-is-layout-flow\">\n<p>kaaren hamilton<\/p>\n\n\n\n<p>Neil Hammond<\/p>\n\n\n\n<p>Kristen Hrycoy<\/p>\n\n\n\n<p>bobbi huber<\/p>\n\n\n\n<p>Ren\u00e9e Huff<\/p>\n\n\n\n<p>christina hutchinson<\/p>\n\n\n\n<p>Max Izmaylov<\/p>\n\n\n\n<p>kate rey<\/p>\n\n\n\n<p>Michael Laumanns<\/p>\n\n\n\n<p>susan levita<\/p>\n\n\n\n<p>Nora Lovell Marchante<\/p>\n\n\n\n<p>stacey mack<\/p>\n\n\n\n<p>Bruce McIndoe<\/p>\n\n\n\n<p>Holly McTague<\/p>\n\n\n\n<p>Jorge Mesa<\/p>\n\n\n\n<p>Terri Moreno<\/p>\n\n\n\n<p>Carine Mor\u00edn<\/p>\n\n\n\n<p>Anouar Mrissa<\/p>\n\n\n\n<p>Sylvain M\u00fcller<\/p>\n\n\n\n<p>Elizabeth Oliveira<\/p>\n<\/div>\n\n\n\n<div class=\"wp-block-column is-vertically-aligned-top is-layout-flow wp-block-column-is-layout-flow\">\n<p>Geoff Parsons<\/p>\n\n\n\n<p>eduardo phillips<\/p>\n\n\n\n<p>nidia quintero<\/p>\n\n\n\n<p>kristen reeves<\/p>\n\n\n\n<p>cristina reichelt<\/p>\n\n\n\n<p>Mira Rosenzweig<\/p>\n\n\n\n<p>Jenny Sabineu<\/p>\n\n\n\n<p>carol schrager<\/p>\n\n\n\n<p>connie smith<\/p>\n\n\n\n<p>Terasa Tierney<\/p>\n\n\n\n<p>michele wilson<\/p>\n\n\n\n<p>Sven Wiltink <\/p>\n\n\n\n<p>Marcos Ziegler<\/p>\n<\/div>\n<\/div>\n\n\n<style>.wp-block-kadence-spacer.kt-block-spacer-_0f9a1b-0b .kt-block-spacer{height:40px;}.wp-block-kadence-spacer.kt-block-spacer-_0f9a1b-0b .kt-divider{border-top-width:1px;height:1px;border-top-color:var(--global-palette9, #ffffff);width:80%;border-top-style:solid;}<\/style>\n<div class=\"wp-block-kadence-spacer aligncenter kt-block-spacer-_0f9a1b-0b\"><div class=\"kt-block-spacer kt-block-spacer-halign-center\"><hr class=\"kt-divider\"\/><\/div><\/div>\n\n\n<style>.wp-block-kadence-advancedheading.kt-adv-heading_1e1a3c-ac, .wp-block-kadence-advancedheading.kt-adv-heading_1e1a3c-ac[data-kb-block=\"kb-adv-heading_1e1a3c-ac\"]{font-style:normal;}.wp-block-kadence-advancedheading.kt-adv-heading_1e1a3c-ac mark.kt-highlight, .wp-block-kadence-advancedheading.kt-adv-heading_1e1a3c-ac[data-kb-block=\"kb-adv-heading_1e1a3c-ac\"] mark.kt-highlight{font-style:normal;color:#f76a0c;-webkit-box-decoration-break:clone;box-decoration-break:clone;padding-top:0px;padding-right:0px;padding-bottom:0px;padding-left:0px;}<\/style>\n<h3 class=\"kt-adv-heading_1e1a3c-ac wp-block-kadence-advancedheading\" data-kb-block=\"kb-adv-heading_1e1a3c-ac\">Miembros del Consejo de Revisi\u00f3n por Pares de la Conferencia de Canad\u00e1 de 2022<\/h3>\n\n\n\n<div class=\"wp-block-columns is-layout-flex wp-container-core-columns-is-layout-2 wp-block-columns-is-layout-flex\">\n<div class=\"wp-block-column is-layout-flow wp-block-column-is-layout-flow\">\n<p>esteban anderson<\/p>\n\n\n\n<p>Chuck Crowder<\/p>\n\n\n\n<p>Vito Curalli<\/p>\n\n\n\n<p>Brooke Davis<\/p>\n\n\n\n<p>patricio doyle<\/p>\n\n\n\n<p>alex fernando<\/p>\n\n\n\n<p>bertie fernandes<\/p>\n\n\n\n<p>Jon Heppenstall<\/p>\n<\/div>\n\n\n\n<div class=\"wp-block-column is-layout-flow wp-block-column-is-layout-flow\">\n<p>Sharlene Ketwaroo-Nanoo<\/p>\n\n\n\n<p>Linda Lee<\/p>\n\n\n\n<p>Shelly Lewchuk<\/p>\n\n\n\n<p>Geoff Parsons<\/p>\n\n\n\n<p>raza ian<\/p>\n\n\n\n<p>connie smith<\/p>\n\n\n\n<p>sue lanza<\/p>\n\n\n\n<p>jennifer urquhart<\/p>\n<\/div>\n\n\n\n<div class=\"wp-block-column is-layout-flow wp-block-column-is-layout-flow\"><\/div>\n<\/div>\n\n\n<style>.wp-block-kadence-spacer.kt-block-spacer-_a1dc9a-2b .kt-block-spacer{height:40px;}.wp-block-kadence-spacer.kt-block-spacer-_a1dc9a-2b .kt-divider{border-top-width:1px;height:1px;border-top-color:var(--global-palette9, #ffffff);width:80%;border-top-style:solid;}<\/style>\n<div class=\"wp-block-kadence-spacer aligncenter kt-block-spacer-_a1dc9a-2b\"><div class=\"kt-block-spacer kt-block-spacer-halign-center\"><hr class=\"kt-divider\"\/><\/div><\/div>\n\n\n<style>.wp-block-kadence-advancedheading.kt-adv-heading_da0a0f-7f, .wp-block-kadence-advancedheading.kt-adv-heading_da0a0f-7f[data-kb-block=\"kb-adv-heading_da0a0f-7f\"]{font-style:normal;}.wp-block-kadence-advancedheading.kt-adv-heading_da0a0f-7f mark.kt-highlight, .wp-block-kadence-advancedheading.kt-adv-heading_da0a0f-7f[data-kb-block=\"kb-adv-heading_da0a0f-7f\"] mark.kt-highlight{font-style:normal;color:#f76a0c;-webkit-box-decoration-break:clone;box-decoration-break:clone;padding-top:0px;padding-right:0px;padding-bottom:0px;padding-left:0px;}<\/style>\n<h3 class=\"kt-adv-heading_da0a0f-7f wp-block-kadence-advancedheading\" data-kb-block=\"kb-adv-heading_da0a0f-7f\">Miembros del Consejo de Revisi\u00f3n por Pares de la Conferencia LATAM 2022<\/h3>\n\n\n\n<p>Comit\u00e9 en proceso de formaci\u00f3n; m\u00e1s informaci\u00f3n por venir.<\/p>\n\n\n<style>.wp-block-kadence-spacer.kt-block-spacer-_34d440-4e .kt-block-spacer{height:60px;}.wp-block-kadence-spacer.kt-block-spacer-_34d440-4e .kt-divider{border-top-width:1px;height:1px;border-top-color:var(--global-palette9, #ffffff);width:80%;border-top-style:solid;}<\/style>\n<div class=\"wp-block-kadence-spacer aligncenter kt-block-spacer-_34d440-4e\"><div class=\"kt-block-spacer kt-block-spacer-halign-center\"><hr class=\"kt-divider\"\/><\/div><\/div>\n<\/div><\/div>\n<\/div><\/div><\/section>","protected":false},"excerpt":{"rendered":"<p>Lo m\u00e1s destacado de la Convenci\u00f3n GBTA y nuestras conferencias regionales cada a\u00f1o son las numerosas sesiones educativas relevantes, informativas y valiosas que se ofrecen como parte de la experiencia de los asistentes. Para garantizar el\u2026<\/p>","protected":false},"author":25,"featured_media":0,"parent":158,"menu_order":0,"comment_status":"closed","ping_status":"closed","template":"","meta":{"_acf_changed":false,"_seopress_robots_primary_cat":"","_seopress_titles_title":"","_seopress_titles_desc":"","_seopress_robots_index":"yes","om_disable_all_campaigns":false,"_relevanssi_hide_post":"","_relevanssi_hide_content":"","_relevanssi_pin_for_all":"","_relevanssi_pin_keywords":"","_relevanssi_unpin_keywords":"","_relevanssi_related_keywords":"","_relevanssi_related_include_ids":"","_relevanssi_related_exclude_ids":"","_relevanssi_related_no_append":"","_relevanssi_related_not_related":"","_relevanssi_related_posts":"1,415,661,662,664,666","_relevanssi_noindex_reason":"","_kad_blocks_custom_css":"","_kad_blocks_head_custom_js":"","_kad_blocks_body_custom_js":"","_kad_blocks_footer_custom_js":"","_kad_post_transparent":"","_kad_post_title":"","_kad_post_layout":"","_kad_post_sidebar_id":"","_kad_post_content_style":"","_kad_post_vertical_padding":"","_kad_post_feature":"","_kad_post_feature_position":"","_kad_post_header":false,"_kad_post_footer":false,"footnotes":"","_links_to":"","_links_to_target":""},"class_list":["post-4609","page","type-page","status-publish","hentry"],"acf":[],"featured_image_src_large":false,"author_info":{"display_name":"jcampbell","author_link":"https:\/\/gbta.org\/es\/author\/jcampbell\/"},"comment_info":"","taxonomy_info":[],"featured_image_src":null,"featured_image_src_square":null,"mfb_rest_fields":["featured_image_src_large","author_info","comment_info","taxonomy_info","featured_image_src","featured_image_src_square"],"_links":{"self":[{"href":"https:\/\/gbta.org\/es\/wp-json\/wp\/v2\/pages\/4609","targetHints":{"allow":["GET"]}}],"collection":[{"href":"https:\/\/gbta.org\/es\/wp-json\/wp\/v2\/pages"}],"about":[{"href":"https:\/\/gbta.org\/es\/wp-json\/wp\/v2\/types\/page"}],"author":[{"embeddable":true,"href":"https:\/\/gbta.org\/es\/wp-json\/wp\/v2\/users\/25"}],"replies":[{"embeddable":true,"href":"https:\/\/gbta.org\/es\/wp-json\/wp\/v2\/comments?post=4609"}],"version-history":[{"count":0,"href":"https:\/\/gbta.org\/es\/wp-json\/wp\/v2\/pages\/4609\/revisions"}],"up":[{"embeddable":true,"href":"https:\/\/gbta.org\/es\/wp-json\/wp\/v2\/pages\/158"}],"wp:attachment":[{"href":"https:\/\/gbta.org\/es\/wp-json\/wp\/v2\/media?parent=4609"}],"curies":[{"name":"wp","href":"https:\/\/api.w.org\/{rel}","templated":true}]}}