{"id":485,"date":"2022-07-07T10:32:58","date_gmt":"2022-07-07T14:32:58","guid":{"rendered":"https:\/\/gbta.org\/?page_id=485"},"modified":"2022-08-05T09:49:57","modified_gmt":"2022-08-05T13:49:57","slug":"my-account-old","status":"publish","type":"page","link":"https:\/\/gbta.org\/es\/my-account-old\/","title":{"rendered":"Mi cuenta (antiguo)"},"content":{"rendered":"<div class=\"wp-block-columns is-layout-flex wp-container-core-columns-is-layout-2 wp-block-columns-is-layout-flex\">\n<div class=\"wp-block-column member-dashboard-left is-layout-flow wp-block-column-is-layout-flow\" style=\"flex-basis:25%\"><h4 class=\"has-text-align-center wp-block-heading\" id=\"member-dashboard\">Panel de miembros<\/h4>\n\n<div class=\"wp-block-image\">\n<figure class=\"aligncenter size-large\"><img decoding=\"async\" src=\"https:\/\/via.placeholder.com\/150\" alt=\"\"\/><\/figure><\/div>\n\n\n<p class=\"has-text-align-center\">El par\u00e1metro de c\u00f3digo corto &quot;clave&quot; no est\u00e1 configurado o el usuario no ha iniciado sesi\u00f3n. El par\u00e1metro de c\u00f3digo corto &quot;clave&quot; no est\u00e1 configurado o el usuario no ha iniciado sesi\u00f3n.<\/p>\n\n\n\n<p class=\"has-text-align-center\">El par\u00e1metro de c\u00f3digo abreviado &quot;clave&quot; no est\u00e1 configurado o el usuario no ha iniciado sesi\u00f3n<\/p>\n\n\n\n<div class=\"wp-block-buttons is-content-justification-center is-layout-flex wp-container-core-buttons-is-layout-1 wp-block-buttons-is-layout-flex\">\n<div class=\"wp-block-button\"><a class=\"wp-block-button__link\" href=\"\/es\/my-account\/update-user-profile\/\">Editar perfil<\/a><\/div>\n\n\n\n<div class=\"wp-block-button\"><a class=\"wp-block-button__link\" href=\"\/es\/logout\/\">Cerrar sesi\u00f3n<\/a><\/div>\n<\/div>\n<\/div>\n\n\n\n<div class=\"wp-block-column member-dashboard-right has-theme-palette-8-background-color has-background is-layout-flow wp-block-column-is-layout-flow\" style=\"flex-basis:75%\">\n<p>Nuestros registros indican que usted tiene una <strong>algo<\/strong> membres\u00eda, que vence el <strong>dd\/mm\/aaaa<\/strong><\/p>\n\n\n<style>.kt-tabs-id_469c95-7f > .kt-tabs-content-wrap > .wp-block-kadence-tab{border-top-width:1px;border-right-width:1px;border-bottom-width:1px;border-left-width:1px;border-color:#bcbcbc;border-top-left-radius:0px;border-top-right-radius:0px;border-bottom-right-radius:0px;border-bottom-left-radius:0px;padding-top:20px;padding-right:20px;padding-bottom:20px;padding-left:20px;background:#ffffff;}.wp-block-kadence-tabs .kt-tabs-id_469c95-7f > .kt-tabs-title-list li{margin-top:0px;margin-right:8px;margin-bottom:-1px;margin-left:0px;}.wp-block-kadence-tabs .kt-tabs-id_469c95-7f > .kt-tabs-title-list li:last-child{margin-right:0px;}.wp-block-kadence-tabs .kt-tabs-id_469c95-7f > .kt-tabs-title-list li .kt-tab-title, .wp-block-kadence-tabs .kt-tabs-id_469c95-7f > .kt-tabs-content-wrap > .kt-tabs-accordion-title .kt-tab-title{line-height:1.4em;font-weight:regular;font-style:normal;border-top-width:1px;border-right-width:1px;border-bottom-width:0px;border-left-width:1px;border-top-left-radius:4px;border-top-right-radius:4px;border-bottom-right-radius:0px;border-bottom-left-radius:0px;padding-top:8px;padding-right:20px;padding-bottom:8px;padding-left:20px;border-color:#eeeeee;color:#444444;background:#ffffff;}.wp-block-kadence-tabs .kt-tabs-id_469c95-7f > .kt-tabs-content-wrap > .kt-tabs-accordion-title .kt-tab-title{margin-top:0px;margin-right:8px;margin-bottom:-1px;margin-left:0px;}.wp-block-kadence-tabs .kt-tabs-id_469c95-7f > .kt-tabs-title-list li .kt-tab-title:hover, .wp-block-kadence-tabs .kt-tabs-id_469c95-7f > .kt-tabs-content-wrap > .kt-tabs-accordion-title .kt-tab-title:hover{border-color:#e2e2e2;color:#444444;background:#ffffff;}.wp-block-kadence-tabs .kt-tabs-id_469c95-7f > .kt-tabs-title-list li.kt-tab-title-active .kt-tab-title, .wp-block-kadence-tabs .kt-tabs-id_469c95-7f > .kt-tabs-content-wrap > .kt-tabs-accordion-title.kt-tab-title-active .kt-tab-title{border-color:#bcbcbc;color:#444444;background:#ffffff;}.wp-block-kadence-tabs .kt-tabs-id_469c95-7f > .kt-tabs-title-list li svg{font-size:19px;}<\/style>\n<div class=\"wp-block-kadence-tabs alignnone\"><div class=\"kt-tabs-wrap kt-tabs-id_469c95-7f kt-tabs-has-2-tabs kt-active-tab-1 kt-tabs-layout-tabs kt-tabs-tablet-layout-inherit kt-tabs-mobile-layout-inherit kt-tab-alignment-left\" style=\"max-width:none\"><ul class=\"kt-tabs-title-list\"><li id=\"tab-myaccount\" class=\"kt-title-item kt-title-item-1 kt-tabs-svg-show-always kt-tabs-icon-side-top kt-tab-title-active\"><a href=\"#tab-myaccount\" data-tab=\"1\" class=\"kt-tab-title kt-tab-title-1\"><span style=\"display:inline-flex;justify-content:center;align-items:center\" class=\"kt-tab-svg-icon kt-tab-svg-icon-fe_clipboard kt-title-svg-side-top\"><svg style=\"display:inline-block;vertical-align:middle\" viewbox=\"0 0 24 24\" height=\"19\" width=\"19\" fill=\"none\" stroke=\"currentColor\" xmlns=\"http:\/\/www.w3.org\/2000\/svg\" stroke-width=\"2\" stroke-linecap=\"round\" stroke-linejoin=\"round\"><path d=\"M16 4h2a2 2 0 0 1 2 2v14a2 2 0 0 1-2 2H6a2 2 0 0 1-2-2V6a2 2 0 0 1 2-2h2\"><\/path><rect x=\"8\" y=\"2\" width=\"8\" height=\"4\" rx=\"1\" ry=\"1\"><\/rect><\/svg><\/span><span class=\"kt-title-text\">Mi cuenta<\/span><\/a><\/li><li id=\"tab-myinvoices\" class=\"kt-title-item kt-title-item-2 kt-tabs-svg-show-always kt-tabs-icon-side-top kt-tab-title-inactive\"><a href=\"#tab-myinvoices\" data-tab=\"2\" class=\"kt-tab-title kt-tab-title-2\"><span style=\"display:inline-flex;justify-content:center;align-items:center\" class=\"kt-tab-svg-icon kt-tab-svg-icon-fas_file-invoice kt-title-svg-side-top\"><svg style=\"display:inline-block;vertical-align:middle\" viewbox=\"0 0 384 512\" height=\"19\" width=\"19\" fill=\"currentColor\" xmlns=\"http:\/\/www.w3.org\/2000\/svg\"><path d=\"M288 256H96v64h192v-64zm89-151L279.1 7c-4.5-4.5-10.6-7-17-7H256v128h128v-6.1c0-6.3-2.5-12.4-7-16.9zm-153 31V0H24C10.7 0 0 10.7 0 24v464c0 13.3 10.7 24 24 24h336c13.3 0 24-10.7 24-24V160H248c-13.2 0-24-10.8-24-24zM64 72c0-4.42 3.58-8 8-8h80c4.42 0 8 3.58 8 8v16c0 4.42-3.58 8-8 8H72c-4.42 0-8-3.58-8-8V72zm0 64c0-4.42 3.58-8 8-8h80c4.42 0 8 3.58 8 8v16c0 4.42-3.58 8-8 8H72c-4.42 0-8-3.58-8-8v-16zm256 304c0 4.42-3.58 8-8 8h-80c-4.42 0-8-3.58-8-8v-16c0-4.42 3.58-8 8-8h80c4.42 0 8 3.58 8 8v16zm0-200v96c0 8.84-7.16 16-16 16H80c-8.84 0-16-7.16-16-16v-96c0-8.84 7.16-16 16-16h224c8.84 0 16 7.16 16 16z\"><\/path><\/svg><\/span><span class=\"kt-title-text\">Mis facturas<\/span><\/a><\/li><\/ul><div class=\"kt-tabs-content-wrap\">\n<div class=\"wp-block-kadence-tab kt-tab-inner-content kt-inner-tab-1 kt-inner-tab_44b684-30\"><div class=\"kt-tab-inner-content-inner\">\n<div class=\"wp-block-columns is-layout-flex wp-container-core-columns-is-layout-1 wp-block-columns-is-layout-flex\">\n<div class=\"wp-block-column is-layout-flow wp-block-column-is-layout-flow\">\n<p><a href=\"\/es\/my-account\/update-user-profile\/\"><strong>Actualizar mi informaci\u00f3n &gt;<\/strong><\/a><\/p>\n\n\n\n<p><a href=\"\/es\/my-account\/update-user-password\/\"><strong>Actualizar mi contrase\u00f1a &gt;<\/strong><\/a><\/p>\n\n\n\n<p><strong><a href=\"\/es\/my-account\/manage-payment-accounts\/\">Administrar cuentas de pago &gt;<\/a><\/strong><\/p>\n<\/div>\n\n\n\n<div class=\"wp-block-column is-layout-flow wp-block-column-is-layout-flow\">\n<p><strong><a href=\"\/es\/my-account\/update-profile-picture\/\">Actualizar mi foto de perfil &gt;<\/a><\/strong><\/p>\n\n\n\n<p><strong><a href=\"\/es\/my-account\/renew-membership\/\">Renovar membres\u00eda GBTA &gt;<\/a><\/strong><\/p>\n<\/div>\n<\/div>\n<\/div><\/div>\n\n\n\n<div class=\"wp-block-kadence-tab kt-tab-inner-content kt-inner-tab-2 kt-inner-tab_babae7-29\"><div class=\"kt-tab-inner-content-inner\">\n<p><strong><a href=\"\/es\/my-account\/user-invoice-listing\/\">Listado de facturas de usuario &gt;<\/a><\/strong><\/p>\n<\/div><\/div>\n<\/div><\/div><\/div>\n<\/div>\n<\/div>\n\n\n\n<p><\/p>\n\n\n\n<iframe loading=\"lazy\" height=\"1100px\" width=\"1000px\" onload=\"iframeLoaded()\" id=\"gbta-iframe\" src=\"https:\/\/services.gbta.org\/cv5\/cgi-bin\/memberdll.dll\/info?wrp=memberdashboard.htm\"><\/iframe>","protected":false},"excerpt":{"rendered":"<p>Panel de miembros Nuestros registros indican que usted tiene una membres\u00eda de algo, que vence el dd\/mm\/aaaa<\/p>","protected":false},"author":25,"featured_media":0,"parent":0,"menu_order":0,"comment_status":"closed","ping_status":"closed","template":"","meta":{"_acf_changed":false,"_seopress_robots_primary_cat":"","_seopress_titles_title":"","_seopress_titles_desc":"","_seopress_robots_index":"yes","om_disable_all_campaigns":false,"_relevanssi_hide_post":"","_relevanssi_hide_content":"","_relevanssi_pin_for_all":"","_relevanssi_pin_keywords":"","_relevanssi_unpin_keywords":"","_relevanssi_related_keywords":"","_relevanssi_related_include_ids":"","_relevanssi_related_exclude_ids":"","_relevanssi_related_no_append":"","_relevanssi_related_not_related":"","_relevanssi_related_posts":"1,415","_relevanssi_noindex_reason":"","_kad_blocks_custom_css":"","_kad_blocks_head_custom_js":"","_kad_blocks_body_custom_js":"","_kad_blocks_footer_custom_js":"","_kad_post_transparent":"","_kad_post_title":"","_kad_post_layout":"","_kad_post_sidebar_id":"","_kad_post_content_style":"","_kad_post_vertical_padding":"","_kad_post_feature":"","_kad_post_feature_position":"","_kad_post_header":false,"_kad_post_footer":false,"footnotes":"","_links_to":"","_links_to_target":""},"class_list":["post-485","page","type-page","status-publish","hentry"],"acf":[],"featured_image_src_large":false,"author_info":{"display_name":"jcampbell","author_link":"https:\/\/gbta.org\/es\/author\/jcampbell\/"},"comment_info":"","taxonomy_info":[],"featured_image_src":null,"featured_image_src_square":null,"mfb_rest_fields":["featured_image_src_large","author_info","comment_info","taxonomy_info","featured_image_src","featured_image_src_square"],"_links":{"self":[{"href":"https:\/\/gbta.org\/es\/wp-json\/wp\/v2\/pages\/485","targetHints":{"allow":["GET"]}}],"collection":[{"href":"https:\/\/gbta.org\/es\/wp-json\/wp\/v2\/pages"}],"about":[{"href":"https:\/\/gbta.org\/es\/wp-json\/wp\/v2\/types\/page"}],"author":[{"embeddable":true,"href":"https:\/\/gbta.org\/es\/wp-json\/wp\/v2\/users\/25"}],"replies":[{"embeddable":true,"href":"https:\/\/gbta.org\/es\/wp-json\/wp\/v2\/comments?post=485"}],"version-history":[{"count":1,"href":"https:\/\/gbta.org\/es\/wp-json\/wp\/v2\/pages\/485\/revisions"}],"predecessor-version":[{"id":16738,"href":"https:\/\/gbta.org\/es\/wp-json\/wp\/v2\/pages\/485\/revisions\/16738"}],"wp:attachment":[{"href":"https:\/\/gbta.org\/es\/wp-json\/wp\/v2\/media?parent=485"}],"curies":[{"name":"wp","href":"https:\/\/api.w.org\/{rel}","templated":true}]}}