{"id":4914,"date":"2022-08-08T21:10:27","date_gmt":"2022-08-09T01:10:27","guid":{"rendered":"https:\/\/gbta.org\/?page_id=4914"},"modified":"2022-08-08T21:33:07","modified_gmt":"2022-08-09T01:33:07","slug":"gbta-convention-2022-convince-your-boss","status":"publish","type":"page","link":"https:\/\/gbta.org\/es\/gbta-convention-2022-convince-your-boss\/","title":{"rendered":"Convenci\u00f3n GBTA 2022: convenza a su jefe"},"content":{"rendered":"<style>#kt-layout-id_38da32-57 > .kt-row-column-wrap{align-content:start;}:where(#kt-layout-id_38da32-57 > .kt-row-column-wrap) > .wp-block-kadence-column{justify-content:start;}#kt-layout-id_38da32-57 > .kt-row-column-wrap{column-gap:var(--global-kb-gap-md, 2rem);row-gap:var(--global-kb-gap-md, 2rem);padding-top:var( --global-kb-row-default-top, 25px );padding-bottom:var( --global-kb-row-default-bottom, 25px );padding-bottom:60px;grid-template-columns:minmax(0, calc(25% - ((var(--global-kb-gap-md, 2rem) * 2 )\/3)))minmax(0, calc(60% - ((var(--global-kb-gap-md, 2rem) * 2 )\/3)))minmax(0, calc(15% - ((var(--global-kb-gap-md, 2rem) * 2 )\/3)));}#kt-layout-id_38da32-57 > .kt-row-layout-overlay{opacity:0.30;}@media all and (max-width: 1024px){#kt-layout-id_38da32-57 > .kt-row-column-wrap > div:not(.added-for-specificity){grid-column:initial;}}@media all and (max-width: 1024px){#kt-layout-id_38da32-57 > .kt-row-column-wrap{grid-template-columns:repeat(3, minmax(0, 1fr));}}@media all and (max-width: 767px){#kt-layout-id_38da32-57 > .kt-row-column-wrap > div:not(.added-for-specificity){grid-column:initial;}#kt-layout-id_38da32-57 > .kt-row-column-wrap{grid-template-columns:minmax(0, 1fr);}}<\/style>\n<div class=\"wp-block-kadence-rowlayout alignnone\"><div id=\"kt-layout-id_38da32-57\" class=\"kt-row-layout-inner kt-layout-id_38da32-57\"><div class=\"kt-row-column-wrap kt-has-3-columns kt-gutter-default kt-v-gutter-default kt-row-valign-top kt-row-layout-equal kt-tab-layout-inherit kt-m-colapse-left-to-right kt-mobile-layout-row  kt-custom-first-width-25  kt-custom-second-width-60  kt-custom-third-width-15\"><style>.kadence-column_03c3c3-5f > .kt-inside-inner-col{border-top-width:0px;border-right-width:0px;border-bottom-width:0px;border-left-width:0px;}.kadence-column_03c3c3-5f > .kt-inside-inner-col,.kadence-column_03c3c3-5f > .kt-inside-inner-col:before{border-top-left-radius:0px;border-top-right-radius:0px;border-bottom-right-radius:0px;border-bottom-left-radius:0px;}.kadence-column_03c3c3-5f > .kt-inside-inner-col{column-gap:var(--global-kb-gap-sm, 1rem);}.kadence-column_03c3c3-5f > .kt-inside-inner-col{flex-direction:column;}.kadence-column_03c3c3-5f > .kt-inside-inner-col > .aligncenter{width:100%;}.kadence-column_03c3c3-5f > .kt-inside-inner-col:before{opacity:0.3;}.kadence-column_03c3c3-5f{position:relative;}@media all and (max-width: 1024px){.kadence-column_03c3c3-5f > .kt-inside-inner-col{flex-direction:column;}}@media all and (max-width: 767px){.kadence-column_03c3c3-5f > .kt-inside-inner-col{flex-direction:column;}}<\/style>\n<div class=\"wp-block-kadence-column inner-column-1 kadence-column_03c3c3-5f\"><div class=\"kt-inside-inner-col\"><h5 class=\"wp-block-heading\" id=\"convince-your-boss\"><a rel=\"noreferrer noopener\" href=\"https:\/\/gbta.org\/es\/gbta-convention-2022-convince-your-boss\/\" data-type=\"URL\" data-id=\"https:\/\/gbta.org\/gbta-convention-2022-convince-your-boss\/\" target=\"_blank\">Convence a tu jefe<\/a><\/h5>\n\n<style>.wp-block-kadence-spacer.kt-block-spacer-_f1b8e9-fa .kt-block-spacer{height:20px;}.wp-block-kadence-spacer.kt-block-spacer-_f1b8e9-fa .kt-divider{border-top-width:1px;height:1px;border-top-color:var(--global-palette9, #ffffff);width:80%;border-top-style:solid;}<\/style>\n<div class=\"wp-block-kadence-spacer aligncenter kt-block-spacer-_f1b8e9-fa\"><div class=\"kt-block-spacer kt-block-spacer-halign-center\"><hr class=\"kt-divider\" \/><\/div><\/div>\n\n\n<h5 class=\"wp-block-heading\" id=\"top-10-reasons-to-attend\"><a rel=\"noreferrer noopener\" href=\"https:\/\/gbta.org\/es\/top-10-reasons-to-attend-the-gbta-convention-2022\ufffc\/\" data-type=\"URL\" data-id=\"https:\/\/gbta.org\/top-10-reasons-to-attend-the-gbta-convention-2022%ef%bf%bc\/\" target=\"_blank\">Las 10 razones principales para asistir<\/a><\/h5><\/div><\/div>\n\n\n<style>.kadence-column_2aa379-54 > .kt-inside-inner-col{border-top-width:0px;border-right-width:0px;border-bottom-width:0px;border-left-width:0px;}.kadence-column_2aa379-54 > .kt-inside-inner-col,.kadence-column_2aa379-54 > .kt-inside-inner-col:before{border-top-left-radius:0px;border-top-right-radius:0px;border-bottom-right-radius:0px;border-bottom-left-radius:0px;}.kadence-column_2aa379-54 > .kt-inside-inner-col{column-gap:var(--global-kb-gap-sm, 1rem);}.kadence-column_2aa379-54 > .kt-inside-inner-col{flex-direction:column;}.kadence-column_2aa379-54 > .kt-inside-inner-col > .aligncenter{width:100%;}.kadence-column_2aa379-54 > .kt-inside-inner-col:before{opacity:0.3;}.kadence-column_2aa379-54{position:relative;}@media all and (max-width: 1024px){.kadence-column_2aa379-54 > .kt-inside-inner-col{flex-direction:column;}}@media all and (max-width: 767px){.kadence-column_2aa379-54 > .kt-inside-inner-col{flex-direction:column;}}<\/style>\n<div class=\"wp-block-kadence-column inner-column-2 kadence-column_2aa379-54\"><div class=\"kt-inside-inner-col\"><h2 class=\"wp-block-heading\" id=\"convince-your-boss\">Convence a tu jefe<\/h2>\n\n<h3 class=\"wp-block-heading\" id=\"get-your-investment-to-the-business-travel-event-of-the-year-approved\"><strong><em>Obtenga la aprobaci\u00f3n de su inversi\u00f3n para el Evento de viajes de negocios del a\u00f1o\u00ae.<\/em><\/strong><\/h3>\n\n\n<p><\/p>\n\n\n<h4 class=\"has-text-align-center wp-block-heading\" id=\"download-gbtas-suggested-template\"><strong>Descargue la plantilla sugerida por GBTA<\/strong><\/h4>\n\n<style>.wp-block-kadence-spacer.kt-block-spacer-_6f9898-0e .kt-block-spacer{height:35px;}.wp-block-kadence-spacer.kt-block-spacer-_6f9898-0e .kt-divider{border-top-width:1px;height:1px;border-top-color:var(--global-palette4, #2D3748);width:10%;border-top-style:solid;}<\/style>\n<div class=\"wp-block-kadence-spacer aligncenter kt-block-spacer-_6f9898-0e\"><div class=\"kt-block-spacer kt-block-spacer-halign-center\"><hr class=\"kt-divider\" \/><\/div><\/div>\n\n\n<style>.wp-block-kadence-advancedbtn.kb-btns_b3b92e-b4{gap:var(--global-kb-gap-xs, 0.5rem );justify-content:center;align-items:center;}.kt-btns_b3b92e-b4 .kt-button{font-weight:normal;font-style:normal;}.kt-btns_b3b92e-b4 .kt-btn-wrap-0{margin-right:5px;}.wp-block-kadence-advancedbtn.kt-btns_b3b92e-b4 .kt-btn-wrap-0 .kt-button{color:var(--global-palette9, #ffffff);background:var(--global-palette1, #3182CE);border-color:var(--global-palette1, #3182CE);}.wp-block-kadence-advancedbtn.kt-btns_b3b92e-b4 .kt-btn-wrap-0 .kt-button:hover, .wp-block-kadence-advancedbtn.kt-btns_b3b92e-b4 .kt-btn-wrap-0 .kt-button:focus{color:#ffffff;border-color:var(--global-palette1, #3182CE);}.wp-block-kadence-advancedbtn.kt-btns_b3b92e-b4 .kt-btn-wrap-0 .kt-button::before{display:none;}.wp-block-kadence-advancedbtn.kt-btns_b3b92e-b4 .kt-btn-wrap-0 .kt-button:hover, .wp-block-kadence-advancedbtn.kt-btns_b3b92e-b4 .kt-btn-wrap-0 .kt-button:focus{background:var(--global-palette1, #3182CE);}<\/style>\n<div class=\"wp-block-kadence-advancedbtn kt-btn-align-center kt-btn-tablet-align-inherit kt-btn-mobile-align-inherit kt-btns-wrap kt-btns_b3b92e-b4\"><div class=\"kt-btn-wrap kt-btn-wrap-0\"><a class=\"kt-button button kt-btn-0-action kt-btn-size-large kt-btn-style-basic kt-btn-svg-show-always kt-btn-has-text-true kt-btn-has-svg-false\" href=\"https:\/\/www3.gbta.org\/l\/5572\/2022-01-21\/6m98fr\/5572\/1642797066LZ01n1QY\/GBTA_Convention_2022_Justify_Attendance.docx\" target=\"_blank\" rel=\"noreferrer noopener\"><span class=\"kt-btn-inner-text\">Descargar plantilla<\/span><\/a><\/div><\/div>\n\n\n<style>.wp-block-kadence-spacer.kt-block-spacer-_d73379-a0 .kt-block-spacer{height:60px;}.wp-block-kadence-spacer.kt-block-spacer-_d73379-a0 .kt-divider{border-top-width:1px;height:1px;border-top-color:var(--global-palette9, #ffffff);width:80%;border-top-style:solid;}<\/style>\n<div class=\"wp-block-kadence-spacer aligncenter kt-block-spacer-_d73379-a0\"><div class=\"kt-block-spacer kt-block-spacer-halign-center\"><hr class=\"kt-divider\" \/><\/div><\/div>\n\n\n<h2 class=\"wp-block-heading\" id=\"have-a-plan\">Tener un plan<\/h2>\n\n\n<p>Planificar sus responsabilidades y objetivos de la empresa mientras est\u00e9 en San Diego y sus planes para la oficina cuando no est\u00e9 le mostrar\u00e1 a su jefe que no solo se est\u00e1 tomando un tiempo libre en el trabajo. \u00a1Nunca es demasiado pronto para empezar a planificar el futuro!<br><\/p>\n\n\n<h2 class=\"wp-block-heading\" id=\"explain-the-hidden-benefits\">Explique los beneficios ocultos<\/h2>\n\n\n<p>Aunque quiera demostrarle a su jefe que asistir a la Convenci\u00f3n GBTA 2022 no es solo un tiempo fuera de la oficina, expl\u00edquele los beneficios no tan obvios, como tener tiempo para abordar inquietudes que est\u00e1 demasiado ocupado para atender en un d\u00eda. el d\u00eda a d\u00eda o simplemente el momento de despejar su mente para regresar con diferentes perspectivas sobre su programa de viajes corporativos.<br><\/p>\n\n\n<h2 class=\"wp-block-heading\" id=\"understand-your-bosss-interests\">Comprenda los intereses de su jefe<\/h2>\n\n\n<p>Resalte los expositores, cientos de oradores y oportunidades adicionales de networking que podr\u00edan ayudar a hacer realidad la visi\u00f3n de su jefe. Si han expresado inter\u00e9s en una tendencia industrial particular o en un nuevo producto o servicio, la Convenci\u00f3n GBTA 2022 es la oportunidad perfecta para experimentar estos intereses de primera mano.<br><\/p>\n\n\n<h2 class=\"wp-block-heading\" id=\"show-why-relationships-matter\">Muestre por qu\u00e9 son importantes las relaciones<\/h2>\n\n\n<p>Conectarse con sus pares de la industria no solo beneficia su carrera personal. Tambi\u00e9n es una excelente manera de establecer nuevas asociaciones, reclutar futuros empleados y desarrollar la marca de su empresa.&nbsp;<\/p>\n<\/div><\/div>\n\n\n<style>.kadence-column_6a5536-ce > .kt-inside-inner-col{border-top-width:0px;border-right-width:0px;border-bottom-width:0px;border-left-width:0px;}.kadence-column_6a5536-ce > .kt-inside-inner-col,.kadence-column_6a5536-ce > .kt-inside-inner-col:before{border-top-left-radius:0px;border-top-right-radius:0px;border-bottom-right-radius:0px;border-bottom-left-radius:0px;}.kadence-column_6a5536-ce > .kt-inside-inner-col{column-gap:var(--global-kb-gap-sm, 1rem);}.kadence-column_6a5536-ce > .kt-inside-inner-col{flex-direction:column;}.kadence-column_6a5536-ce > .kt-inside-inner-col > .aligncenter{width:100%;}.kadence-column_6a5536-ce > .kt-inside-inner-col:before{opacity:0.3;}.kadence-column_6a5536-ce{position:relative;}@media all and (max-width: 1024px){.kadence-column_6a5536-ce > .kt-inside-inner-col{flex-direction:column;}}@media all and (max-width: 767px){.kadence-column_6a5536-ce > .kt-inside-inner-col{flex-direction:column;}}<\/style>\n<div class=\"wp-block-kadence-column inner-column-3 kadence-column_6a5536-ce\"><div class=\"kt-inside-inner-col\"><style>.wp-block-kadence-advancedbtn.kb-btns_f852d7-4e{gap:var(--global-kb-gap-xs, 0.5rem );justify-content:center;align-items:center;}.kt-btns_f852d7-4e .kt-button{font-weight:normal;font-style:normal;}.kt-btns_f852d7-4e .kt-btn-wrap-0{margin-right:5px;}.wp-block-kadence-advancedbtn.kt-btns_f852d7-4e .kt-btn-wrap-0 .kt-button{color:var(--global-palette9, #ffffff);background:var(--global-palette1, #3182CE);border-color:var(--global-palette1, #3182CE);}.wp-block-kadence-advancedbtn.kt-btns_f852d7-4e .kt-btn-wrap-0 .kt-button:hover, .wp-block-kadence-advancedbtn.kt-btns_f852d7-4e .kt-btn-wrap-0 .kt-button:focus{color:#ffffff;border-color:var(--global-palette1, #3182CE);}.wp-block-kadence-advancedbtn.kt-btns_f852d7-4e .kt-btn-wrap-0 .kt-button::before{display:none;}.wp-block-kadence-advancedbtn.kt-btns_f852d7-4e .kt-btn-wrap-0 .kt-button:hover, .wp-block-kadence-advancedbtn.kt-btns_f852d7-4e .kt-btn-wrap-0 .kt-button:focus{background:var(--global-palette1, #3182CE);}<\/style>\n<div class=\"wp-block-kadence-advancedbtn kt-btn-align-center kt-btn-tablet-align-inherit kt-btn-mobile-align-inherit kt-btns-wrap kt-btns_f852d7-4e\"><div class=\"kt-btn-wrap kt-btn-wrap-0\"><a class=\"kt-button button kt-btn-0-action kt-btn-size-standard kt-btn-style-basic kt-btn-svg-show-always kt-btn-has-text-true kt-btn-has-svg-false\" href=\"https:\/\/convention.gbta.org\/Registration\" target=\"_blank\" rel=\"noreferrer noopener\"><span class=\"kt-btn-inner-text\">Registro<\/span><\/a><\/div><\/div>\n<\/div><\/div>\n<\/div><\/div><\/div>\n\n\n\n<p><\/p>","protected":false},"excerpt":{"rendered":"<p>Convenza a su jefe Las 10 razones principales para asistir Convenza a su jefe Obtenga la aprobaci\u00f3n de su inversi\u00f3n para el Evento de viajes de negocios del a\u00f1o\u00ae. Descargue la plantilla sugerida por GBTA Tenga un plan...<\/p>","protected":false},"author":9,"featured_media":0,"parent":0,"menu_order":0,"comment_status":"closed","ping_status":"closed","template":"","meta":{"_acf_changed":false,"_seopress_robots_primary_cat":"","_seopress_titles_title":"","_seopress_titles_desc":"","_seopress_robots_index":"yes","om_disable_all_campaigns":false,"_relevanssi_hide_post":"","_relevanssi_hide_content":"","_relevanssi_pin_for_all":"","_relevanssi_pin_keywords":"","_relevanssi_unpin_keywords":"","_relevanssi_related_keywords":"","_relevanssi_related_include_ids":"","_relevanssi_related_exclude_ids":"","_relevanssi_related_no_append":"","_relevanssi_related_not_related":"","_relevanssi_related_posts":"1,415,661,662,664,666","_relevanssi_noindex_reason":"","_kad_blocks_custom_css":"","_kad_blocks_head_custom_js":"","_kad_blocks_body_custom_js":"","_kad_blocks_footer_custom_js":"","_kad_post_transparent":"","_kad_post_title":"","_kad_post_layout":"","_kad_post_sidebar_id":"","_kad_post_content_style":"","_kad_post_vertical_padding":"","_kad_post_feature":"","_kad_post_feature_position":"","_kad_post_header":false,"_kad_post_footer":false,"footnotes":"","_links_to":"","_links_to_target":""},"class_list":["post-4914","page","type-page","status-publish","hentry"],"acf":[],"featured_image_src_large":false,"author_info":{"display_name":"","author_link":"https:\/\/gbta.org\/es\/author\/"},"comment_info":"","taxonomy_info":[],"featured_image_src":null,"featured_image_src_square":null,"mfb_rest_fields":["featured_image_src_large","author_info","comment_info","taxonomy_info","featured_image_src","featured_image_src_square"],"_links":{"self":[{"href":"https:\/\/gbta.org\/es\/wp-json\/wp\/v2\/pages\/4914","targetHints":{"allow":["GET"]}}],"collection":[{"href":"https:\/\/gbta.org\/es\/wp-json\/wp\/v2\/pages"}],"about":[{"href":"https:\/\/gbta.org\/es\/wp-json\/wp\/v2\/types\/page"}],"author":[{"embeddable":true,"href":"https:\/\/gbta.org\/es\/wp-json\/wp\/v2\/users\/9"}],"replies":[{"embeddable":true,"href":"https:\/\/gbta.org\/es\/wp-json\/wp\/v2\/comments?post=4914"}],"version-history":[{"count":0,"href":"https:\/\/gbta.org\/es\/wp-json\/wp\/v2\/pages\/4914\/revisions"}],"wp:attachment":[{"href":"https:\/\/gbta.org\/es\/wp-json\/wp\/v2\/media?parent=4914"}],"curies":[{"name":"wp","href":"https:\/\/api.w.org\/{rel}","templated":true}]}}