{"id":5071,"date":"2022-08-10T13:33:42","date_gmt":"2022-08-10T17:33:42","guid":{"rendered":"https:\/\/gbta.org\/?page_id=5071"},"modified":"2023-04-17T10:30:26","modified_gmt":"2023-04-17T14:30:26","slug":"sponsor-and-exhibit-contact","status":"publish","type":"page","link":"https:\/\/gbta.org\/es\/sponsor-and-exhibit-contact\/","title":{"rendered":"Patrocinador y contacto de exposici\u00f3n"},"content":{"rendered":"<p>\u00bfEst\u00e1 interesado en obtener m\u00e1s informaci\u00f3n sobre oportunidades de exhibici\u00f3n y patrocinio? \u00bfTiene preguntas sobre precios o le gustar\u00eda hablar con un miembro del equipo de desarrollo comercial de GBTA? Complete el siguiente formulario, ll\u00e1menos o env\u00ede un correo electr\u00f3nico.<\/p>\n\n\n\n<p><strong>Tel\u00e9fono:<\/strong>+1 888 224 3675<br><strong>Correo electr\u00f3nico:<\/strong><a href=\"mailto:sponsor@gbta.org\"> <\/a><a href=\"mailto:sponsor@gbta.org\" data-type=\"mailto\" data-id=\"mailto:sponsor@gbta.org\">patrocinador@gbta.org<\/a><\/p>\n\n\n\n<iframe loading=\"lazy\" src=\"https:\/\/go.pardot.com\/l\/5572\/2017-10-09\/595w75\" width=\"100%\" height=\"550\" type=\"text\/html\" frameborder=\"0\" allowtransparency=\"true\" style=\"border: 0\"><\/iframe>","protected":false},"excerpt":{"rendered":"<p>\u00bfEst\u00e1 interesado en aprender m\u00e1s sobre oportunidades de exhibici\u00f3n y patrocinio? \u00bfTiene preguntas sobre precios o le gustar\u00eda hablar con un miembro del equipo de desarrollo comercial de GBTA? Rellenar el formulario\u2026<\/p>","protected":false},"author":14,"featured_media":10131,"parent":0,"menu_order":0,"comment_status":"closed","ping_status":"closed","template":"","meta":{"_acf_changed":false,"_seopress_robots_primary_cat":"","_seopress_titles_title":"","_seopress_titles_desc":"","_seopress_robots_index":"yes","om_disable_all_campaigns":false,"_relevanssi_hide_post":"","_relevanssi_hide_content":"","_relevanssi_pin_for_all":"","_relevanssi_pin_keywords":"","_relevanssi_unpin_keywords":"","_relevanssi_related_keywords":"","_relevanssi_related_include_ids":"","_relevanssi_related_exclude_ids":"","_relevanssi_related_no_append":"","_relevanssi_related_not_related":"","_relevanssi_related_posts":"1,415,661,662,664,666","_relevanssi_noindex_reason":"","_kad_blocks_custom_css":"","_kad_blocks_head_custom_js":"","_kad_blocks_body_custom_js":"","_kad_blocks_footer_custom_js":"","_kad_post_transparent":"","_kad_post_title":"","_kad_post_layout":"","_kad_post_sidebar_id":"","_kad_post_content_style":"","_kad_post_vertical_padding":"","_kad_post_feature":"","_kad_post_feature_position":"","_kad_post_header":false,"_kad_post_footer":false,"footnotes":"","_links_to":"","_links_to_target":""},"class_list":["post-5071","page","type-page","status-publish","has-post-thumbnail","hentry"],"acf":[],"featured_image_src_large":["https:\/\/gbta.org\/wp-content\/uploads\/sponsor-banner.jpg",920,300,false],"author_info":{"display_name":"","author_link":"https:\/\/gbta.org\/es\/author\/"},"comment_info":"","taxonomy_info":[],"featured_image_src":"https:\/\/gbta.org\/wp-content\/uploads\/sponsor-banner.jpg","featured_image_src_square":"https:\/\/gbta.org\/wp-content\/uploads\/sponsor-banner.jpg","mfb_rest_fields":["featured_image_src_large","author_info","comment_info","taxonomy_info","featured_image_src","featured_image_src_square"],"_links":{"self":[{"href":"https:\/\/gbta.org\/es\/wp-json\/wp\/v2\/pages\/5071","targetHints":{"allow":["GET"]}}],"collection":[{"href":"https:\/\/gbta.org\/es\/wp-json\/wp\/v2\/pages"}],"about":[{"href":"https:\/\/gbta.org\/es\/wp-json\/wp\/v2\/types\/page"}],"author":[{"embeddable":true,"href":"https:\/\/gbta.org\/es\/wp-json\/wp\/v2\/users\/14"}],"replies":[{"embeddable":true,"href":"https:\/\/gbta.org\/es\/wp-json\/wp\/v2\/comments?post=5071"}],"version-history":[{"count":0,"href":"https:\/\/gbta.org\/es\/wp-json\/wp\/v2\/pages\/5071\/revisions"}],"wp:featuredmedia":[{"embeddable":true,"href":"https:\/\/gbta.org\/es\/wp-json\/wp\/v2\/media\/10131"}],"wp:attachment":[{"href":"https:\/\/gbta.org\/es\/wp-json\/wp\/v2\/media?parent=5071"}],"curies":[{"name":"wp","href":"https:\/\/api.w.org\/{rel}","templated":true}]}}