{"id":7187,"date":"2022-09-20T14:30:10","date_gmt":"2022-09-20T18:30:10","guid":{"rendered":"https:\/\/gbta.org\/?page_id=7187"},"modified":"2023-05-09T21:42:47","modified_gmt":"2023-05-10T01:42:47","slug":"live-and-virtual-programs-code-of-conduct","status":"publish","type":"page","link":"https:\/\/gbta.org\/es\/live-and-virtual-programs-code-of-conduct\/","title":{"rendered":"C\u00f3digo de conducta de programas en vivo y virtuales"},"content":{"rendered":"<p>La Asociaci\u00f3n Global de Viajes de Negocios (GBTA) se compromete a brindar un ambiente seguro, respetuoso y acogedor para todos los participantes y el personal de GBTA. Nuestro objetivo es fomentar una atm\u00f3sfera de aprendizaje din\u00e1mica para nuestros participantes que sea positiva, solidaria y libre de acoso. Se espera que todos los participantes respeten este C\u00f3digo de conducta. Esta Pol\u00edtica se aplica a todos los eventos relacionados con las reuniones de GBTA, incluidos aquellos patrocinados por organizaciones distintas a GBTA pero que se llevan a cabo junto con eventos de GBTA, en plataformas p\u00fablicas o privadas.&nbsp;<\/p>\n\n\n\n<p><strong>Comportamiento esperado<\/strong>&nbsp;<\/p>\n\n\n\n<p>Todos los participantes deben ejercer respeto y consideraci\u00f3n por los dem\u00e1s participantes en la programaci\u00f3n de GBTA. Se espera que los participantes se comporten de acuerdo con los est\u00e1ndares profesionales, tanto con este C\u00f3digo de conducta como, para los empleados que no pertenecen a GBTA, con las pol\u00edticas de sus respectivos empleadores que rigen el comportamiento apropiado en el lugar de trabajo y las leyes aplicables.&nbsp;<\/p>\n\n\n\n<p>GBTA tiene tolerancia cero para cualquier forma de discriminaci\u00f3n o acoso, incluido, entre otros, el acoso por motivos de g\u00e9nero, identidad y expresi\u00f3n de g\u00e9nero, orientaci\u00f3n sexual, discapacidad, apariencia f\u00edsica, raza, edad, religi\u00f3n, origen nacional o cualquier otro estatus. protegido por las leyes del lugar en el que se lleva a cabo el programa. Si un programa se lleva a cabo virtualmente, todos los participantes aceptan y reconocen que regir\u00e1n las leyes de la Commonwealth de Virginia, donde GBTA tiene su sede. Si sufre acoso o si es testigo de una conducta de acoso por parte de otra persona, GBTA le solicita que nos informe a<a rel=\"noreferrer noopener\" href=\"https:\/\/web.archive.org\/web\/20210415040438\/mailto:info@gbta.org\" target=\"_blank\"><strong>info@gbta.org<\/strong><\/a>, para que se puedan tomar las medidas adecuadas.\u00a0<\/p>\n\n\n\n<p><strong>Comportamiento inaceptable<\/strong>&nbsp;<\/p>\n\n\n\n<ul class=\"wp-block-list\">\n<li>Acoso, intimidaci\u00f3n o discriminaci\u00f3n en cualquier forma.&nbsp;<\/li>\n\n\n\n<li>Comportamiento o lenguaje ofensivo o no deseado relacionado con raza, religi\u00f3n, color, origen nacional, orientaci\u00f3n sexual, expresi\u00f3n o identidad de g\u00e9nero, condici\u00f3n transg\u00e9nero, edad, discapacidad, veterano o estado civil, o cualquier otra categor\u00eda protegida seg\u00fan la ley aplicable.&nbsp;<\/li>\n\n\n\n<li>Uso inapropiado de desnudos y\/o im\u00e1genes sexuales en espacios p\u00fablicos o en presentaciones.&nbsp;<\/li>\n\n\n\n<li>Amenazar o acechar a cualquier asistente, orador, voluntario, expositor, miembro del personal de GBTA, proveedor de servicios u otro invitado a la reuni\u00f3n.&nbsp;<\/li>\n<\/ul>\n\n\n\n<ul class=\"wp-block-list\">\n<li>Interrupci\u00f3n de presentaciones durante las sesiones, en la sala de exposiciones o en otros eventos organizados por GBTA durante la reuni\u00f3n en vivo o virtual. Todos los participantes deben cumplir con las instrucciones del moderador y del personal del evento GBTA.&nbsp;<\/li>\n\n\n\n<li>Las presentaciones, publicaciones y mensajes no deben contener materiales promocionales, ofertas especiales, ofertas de trabajo, anuncios de productos ni solicitudes de servicios. GBTA se reserva el derecho de eliminar dichos mensajes y potencialmente prohibir las fuentes de esas solicitudes, a menos que GBTA autorice lo contrario por escrito.&nbsp;<\/li>\n\n\n\n<li>Los participantes no deben copiar ni tomar capturas de pantalla de preguntas y respuestas ni de ninguna sala de chat.&nbsp;<br>actividad que se lleva a cabo en un espacio en vivo o virtual sin el consentimiento expreso por escrito de GBTA y de las personas fotografiadas.&nbsp;<\/li>\n\n\n\n<li>Publicar cualquier material que est\u00e9 protegido por derechos de autor o marcas comerciales sin el permiso por escrito del propietario de dicha propiedad intelectual.&nbsp;<br>\u202f&nbsp;<\/li>\n<\/ul>\n\n\n\n<p>GBTA se reserva el derecho de tomar cualquier acci\u00f3n que, a su exclusivo y exclusivo criterio, considere necesaria y apropiada para abordar las violaciones de esta pol\u00edtica. Dichas acciones pueden incluir, entre otras, la expulsi\u00f3n inmediata de la(s) persona(s) que violan esta pol\u00edtica de la reuni\u00f3n en cuesti\u00f3n sin previo aviso ni reembolso. En caso de conducta atroz, GBTA se reserva el derecho de prohibir la asistencia de infractores a cualquier reuni\u00f3n futura, independientemente de si esa reuni\u00f3n se produce de forma virtual o en persona.&nbsp;<\/p>","protected":false},"excerpt":{"rendered":"<p>La Asociaci\u00f3n Global de Viajes de Negocios (GBTA) se compromete a brindar un ambiente seguro, respetuoso y acogedor para todos los participantes y el personal de GBTA. Nuestro objetivo es fomentar un aprendizaje din\u00e1mico...<\/p>","protected":false},"author":21,"featured_media":0,"parent":0,"menu_order":0,"comment_status":"closed","ping_status":"closed","template":"","meta":{"_acf_changed":false,"_seopress_robots_primary_cat":"","_seopress_titles_title":"Code of Conduct for live and virtual programs","_seopress_titles_desc":"","_seopress_robots_index":"yes","om_disable_all_campaigns":false,"_relevanssi_hide_post":"","_relevanssi_hide_content":"","_relevanssi_pin_for_all":"","_relevanssi_pin_keywords":"","_relevanssi_unpin_keywords":"","_relevanssi_related_keywords":"","_relevanssi_related_include_ids":"","_relevanssi_related_exclude_ids":"","_relevanssi_related_no_append":"","_relevanssi_related_not_related":"","_relevanssi_related_posts":"1,415,661,662,664,666","_relevanssi_noindex_reason":"","_kad_blocks_custom_css":"","_kad_blocks_head_custom_js":"","_kad_blocks_body_custom_js":"","_kad_blocks_footer_custom_js":"","_kad_post_transparent":"","_kad_post_title":"","_kad_post_layout":"","_kad_post_sidebar_id":"","_kad_post_content_style":"","_kad_post_vertical_padding":"","_kad_post_feature":"","_kad_post_feature_position":"","_kad_post_header":false,"_kad_post_footer":false,"footnotes":"","_links_to":"","_links_to_target":""},"class_list":["post-7187","page","type-page","status-publish","hentry"],"acf":[],"featured_image_src_large":false,"author_info":{"display_name":"","author_link":"https:\/\/gbta.org\/es\/author\/"},"comment_info":"","taxonomy_info":[],"featured_image_src":null,"featured_image_src_square":null,"mfb_rest_fields":["featured_image_src_large","author_info","comment_info","taxonomy_info","featured_image_src","featured_image_src_square"],"_links":{"self":[{"href":"https:\/\/gbta.org\/es\/wp-json\/wp\/v2\/pages\/7187","targetHints":{"allow":["GET"]}}],"collection":[{"href":"https:\/\/gbta.org\/es\/wp-json\/wp\/v2\/pages"}],"about":[{"href":"https:\/\/gbta.org\/es\/wp-json\/wp\/v2\/types\/page"}],"author":[{"embeddable":true,"href":"https:\/\/gbta.org\/es\/wp-json\/wp\/v2\/users\/21"}],"replies":[{"embeddable":true,"href":"https:\/\/gbta.org\/es\/wp-json\/wp\/v2\/comments?post=7187"}],"version-history":[{"count":0,"href":"https:\/\/gbta.org\/es\/wp-json\/wp\/v2\/pages\/7187\/revisions"}],"wp:attachment":[{"href":"https:\/\/gbta.org\/es\/wp-json\/wp\/v2\/media?parent=7187"}],"curies":[{"name":"wp","href":"https:\/\/api.w.org\/{rel}","templated":true}]}}