{"id":10376,"date":"2023-05-01T11:14:59","date_gmt":"2023-05-01T15:14:59","guid":{"rendered":"https:\/\/gbta.org\/?page_id=10376"},"modified":"2026-04-17T18:25:34","modified_gmt":"2026-04-17T22:25:34","slug":"volunteer-of-the-month","status":"publish","type":"page","link":"https:\/\/gbta.org\/fr\/volunteer-of-the-month\/","title":{"rendered":"B\u00e9n\u00e9vole du mois"},"content":{"rendered":"<style>.kadence-column10376_2ee839-4d > .kt-inside-inner-col,.kadence-column10376_2ee839-4d > .kt-inside-inner-col:before{border-top-left-radius:0px;border-top-right-radius:0px;border-bottom-right-radius:0px;border-bottom-left-radius:0px;}.kadence-column10376_2ee839-4d > .kt-inside-inner-col{column-gap:var(--global-kb-gap-sm, 1rem);}.kadence-column10376_2ee839-4d > .kt-inside-inner-col{flex-direction:column;}.kadence-column10376_2ee839-4d > .kt-inside-inner-col > .aligncenter{width:100%;}.kadence-column10376_2ee839-4d > .kt-inside-inner-col:before{opacity:0.3;}.kadence-column10376_2ee839-4d{position:relative;}@media all and (max-width: 1024px){.kadence-column10376_2ee839-4d > .kt-inside-inner-col{flex-direction:column;}}@media all and (max-width: 767px){.kadence-column10376_2ee839-4d > .kt-inside-inner-col{flex-direction:column;}}<\/style>\n<div class=\"wp-block-kadence-column kadence-column10376_2ee839-4d inner-column-1\"><div class=\"kt-inside-inner-col\"><style>.kb-row-layout-id10376_4b3be4-88 > .kt-row-column-wrap{align-content:start;}:where(.kb-row-layout-id10376_4b3be4-88 > .kt-row-column-wrap) > .wp-block-kadence-column{justify-content:start;}.kb-row-layout-id10376_4b3be4-88 > .kt-row-column-wrap{column-gap:var(--global-kb-gap-md, 2rem);row-gap:var(--global-kb-gap-md, 2rem);padding-top:var(--global-kb-spacing-sm, 1.5rem);padding-bottom:var(--global-kb-spacing-sm, 1.5rem);grid-template-columns:minmax(0, 1fr);}.kb-row-layout-id10376_4b3be4-88 > .kt-row-layout-overlay{opacity:0.30;}@media all and (max-width: 1024px){.kb-row-layout-id10376_4b3be4-88 > .kt-row-column-wrap{grid-template-columns:minmax(0, 1fr);}}@media all and (max-width: 767px){.kb-row-layout-id10376_4b3be4-88 > .kt-row-column-wrap{grid-template-columns:minmax(0, 1fr);}}<\/style><div class=\"kb-row-layout-wrap kb-row-layout-id10376_4b3be4-88 alignnone wp-block-kadence-rowlayout\"><div class=\"kt-row-column-wrap kt-has-1-columns kt-row-layout-equal kt-tab-layout-inherit kt-mobile-layout-row kt-row-valign-top\">\n<style>.kadence-column10376_a28ec2-91 > .kt-inside-inner-col,.kadence-column10376_a28ec2-91 > .kt-inside-inner-col:before{border-top-left-radius:0px;border-top-right-radius:0px;border-bottom-right-radius:0px;border-bottom-left-radius:0px;}.kadence-column10376_a28ec2-91 > .kt-inside-inner-col{column-gap:var(--global-kb-gap-sm, 1rem);}.kadence-column10376_a28ec2-91 > .kt-inside-inner-col{flex-direction:column;}.kadence-column10376_a28ec2-91 > .kt-inside-inner-col > .aligncenter{width:100%;}.kadence-column10376_a28ec2-91 > .kt-inside-inner-col:before{opacity:0.3;}.kadence-column10376_a28ec2-91{position:relative;}@media all and (max-width: 1024px){.kadence-column10376_a28ec2-91 > .kt-inside-inner-col{flex-direction:column;}}@media all and (max-width: 767px){.kadence-column10376_a28ec2-91 > .kt-inside-inner-col{flex-direction:column;}}<\/style>\n<div class=\"wp-block-kadence-column kadence-column10376_a28ec2-91 inner-column-1\"><div class=\"kt-inside-inner-col\"><div class=\"wp-block-image\">\n<figure class=\"aligncenter size-full is-resized\"><img loading=\"lazy\" decoding=\"async\" width=\"500\" height=\"598\" src=\"https:\/\/gbta.org\/wp-content\/uploads\/iconsai-03-1.png\" alt=\"iconsai 03\" class=\"wp-image-11078\" style=\"width:200px;height:undefinedpx\" srcset=\"https:\/\/gbta.org\/wp-content\/uploads\/iconsai-03-1.png 500w, https:\/\/gbta.org\/wp-content\/uploads\/iconsai-03-1-251x300.png 251w, https:\/\/gbta.org\/wp-content\/uploads\/iconsai-03-1-10x12.png 10w\" sizes=\"auto, (max-width: 500px) 100vw, 500px\" \/><\/figure><\/div>\n\n<style>.kadence-column10376_634fd6-92 > .kt-inside-inner-col,.kadence-column10376_634fd6-92 > .kt-inside-inner-col:before{border-top-left-radius:0px;border-top-right-radius:0px;border-bottom-right-radius:0px;border-bottom-left-radius:0px;}.kadence-column10376_634fd6-92 > .kt-inside-inner-col{column-gap:var(--global-kb-gap-sm, 1rem);}.kadence-column10376_634fd6-92 > .kt-inside-inner-col{flex-direction:column;}.kadence-column10376_634fd6-92 > .kt-inside-inner-col > .aligncenter{width:100%;}.kadence-column10376_634fd6-92 > .kt-inside-inner-col:before{opacity:0.3;}.kadence-column10376_634fd6-92{position:relative;}@media all and (max-width: 1024px){.kadence-column10376_634fd6-92 > .kt-inside-inner-col{flex-direction:column;}}@media all and (max-width: 767px){.kadence-column10376_634fd6-92 > .kt-inside-inner-col{flex-direction:column;}}<\/style>\n<div class=\"wp-block-kadence-column kadence-column10376_634fd6-92\"><div class=\"kt-inside-inner-col\"><style>.kb-row-layout-id10376_6c498d-8b > .kt-row-column-wrap{align-content:start;}:where(.kb-row-layout-id10376_6c498d-8b > .kt-row-column-wrap) > .wp-block-kadence-column{justify-content:start;}.kb-row-layout-id10376_6c498d-8b > .kt-row-column-wrap{column-gap:var(--global-kb-gap-md, 2rem);row-gap:var(--global-kb-gap-md, 2rem);padding-top:var(--global-kb-spacing-sm, 1.5rem);padding-bottom:var(--global-kb-spacing-sm, 1.5rem);grid-template-columns:minmax(0, 2fr) minmax(0, 1fr);}.kb-row-layout-id10376_6c498d-8b > .kt-row-layout-overlay{opacity:0.30;}@media all and (max-width: 1024px){.kb-row-layout-id10376_6c498d-8b > .kt-row-column-wrap{grid-template-columns:minmax(0, 2fr) minmax(0, 1fr);}}@media all and (max-width: 767px){.kb-row-layout-id10376_6c498d-8b > .kt-row-column-wrap{grid-template-columns:minmax(0, 1fr);}}<\/style><div class=\"kb-row-layout-wrap kb-row-layout-id10376_6c498d-8b alignnone wp-block-kadence-rowlayout\"><div class=\"kt-row-column-wrap kt-has-2-columns kt-row-layout-left-golden kt-tab-layout-inherit kt-mobile-layout-row kt-row-valign-top\">\n<style>.kadence-column10376_dc7cdf-9f > .kt-inside-inner-col,.kadence-column10376_dc7cdf-9f > .kt-inside-inner-col:before{border-top-left-radius:0px;border-top-right-radius:0px;border-bottom-right-radius:0px;border-bottom-left-radius:0px;}.kadence-column10376_dc7cdf-9f > .kt-inside-inner-col{column-gap:var(--global-kb-gap-sm, 1rem);}.kadence-column10376_dc7cdf-9f > .kt-inside-inner-col{flex-direction:column;}.kadence-column10376_dc7cdf-9f > .kt-inside-inner-col > .aligncenter{width:100%;}.kadence-column10376_dc7cdf-9f > .kt-inside-inner-col:before{opacity:0.3;}.kadence-column10376_dc7cdf-9f{position:relative;}@media all and (max-width: 1024px){.kadence-column10376_dc7cdf-9f > .kt-inside-inner-col{flex-direction:column;}}@media all and (max-width: 767px){.kadence-column10376_dc7cdf-9f > .kt-inside-inner-col{flex-direction:column;}}<\/style>\n<div class=\"wp-block-kadence-column kadence-column10376_dc7cdf-9f\"><div class=\"kt-inside-inner-col\">\n<p>GBTA sait que les b\u00e9n\u00e9voles sont la pierre angulaire de notre association et que nos succ\u00e8s sont en partie dus \u00e0 l&#039;engagement et au d\u00e9vouement qu&#039;ils mettent dans les programmes et initiatives de GBTA. Leur contribution en temps, expertise et service \u00e0 l&#039;organisation est un v\u00e9ritable atout pour l&#039;industrie du voyage d&#039;affaires et la communaut\u00e9 GBTA.&nbsp;<\/p>\n<\/div><\/div>\n\n\n<style>.kadence-column10376_1ad695-08 > .kt-inside-inner-col,.kadence-column10376_1ad695-08 > .kt-inside-inner-col:before{border-top-left-radius:0px;border-top-right-radius:0px;border-bottom-right-radius:0px;border-bottom-left-radius:0px;}.kadence-column10376_1ad695-08 > .kt-inside-inner-col{column-gap:var(--global-kb-gap-sm, 1rem);}.kadence-column10376_1ad695-08 > .kt-inside-inner-col{flex-direction:column;}.kadence-column10376_1ad695-08 > .kt-inside-inner-col > .aligncenter{width:100%;}.kadence-column10376_1ad695-08 > .kt-inside-inner-col:before{opacity:0.3;}.kadence-column10376_1ad695-08{position:relative;}@media all and (max-width: 1024px){.kadence-column10376_1ad695-08 > .kt-inside-inner-col{flex-direction:column;}}@media all and (max-width: 767px){.kadence-column10376_1ad695-08 > .kt-inside-inner-col{flex-direction:column;}}<\/style>\n<div class=\"wp-block-kadence-column kadence-column10376_1ad695-08\"><div class=\"kt-inside-inner-col\">\n<div class=\"wp-block-buttons is-content-justification-center is-layout-flex wp-container-core-buttons-is-layout-1 wp-block-buttons-is-layout-flex\">\n<div class=\"wp-block-button\"><a class=\"wp-block-button__link wp-element-button\" href=\"https:\/\/form.jotform.com\/gbtaforms\/recognition-nomination-form\" target=\"_blank\" rel=\"noreferrer noopener\">nominez quelqu&#039;un aujourd&#039;hui<\/a><\/div>\n<\/div>\n<\/div><\/div>\n\n<\/div><\/div><\/div><\/div>\n\n\n\n<p>En avril 2022, nous avons relanc\u00e9 le programme B\u00e9n\u00e9vole du mois. Joignez-vous \u00e0 nous pour f\u00e9liciter et remercier les r\u00e9cipiendaires\u00a0:<\/p>\n\n\n\n<ul class=\"wp-block-list\">\n<li><strong>April 2026:<\/strong> Paul Dear, Vice President &#8211; Concur Travel EMEA, SAP<\/li>\n\n\n\n<li><strong>March 2026:<\/strong> Shalini (Shals) Iyer, Director of Strategic Partnerships, hubli<\/li>\n\n\n\n<li><strong>February 2026:<\/strong> Dan Saucier, Director, Sales &amp; Partnerships, drvn<\/li>\n\n\n\n<li><strong>January 2026: <\/strong>Nathan Bieck, Business\/Leisure Travel Sales Manager, Loews Kansas City Hotel<\/li>\n\n\n\n<li><strong>December 2025: <\/strong>Sofia Oragano, VP Business Development &#8211; EMEIA, Synergy<\/li>\n\n\n\n<li><strong>November 2025:<\/strong> Roman Neumeister, Travel Officer, OSCE<\/li>\n\n\n\n<li><strong>October 2025<\/strong>: Julie Dion, Senior Manager, Supplier Management and Delivery, BCD Travel<\/li>\n\n\n\n<li><strong>September 2025<\/strong>: Brenda Davis, Executive Assistant and Travel Manager, International SOS<\/li>\n\n\n\n<li><strong>August 2025<\/strong>: Cari Wuzbacher, Manager &#8211; Government &amp; Corporate Accounts, United<\/li>\n\n\n\n<li><strong>June 2025: <\/strong>Loredana Merelli, Travel Manager, KPMG Network Institutional Events Manager, KPMG Business Services S.r.l.<\/li>\n\n\n\n<li><strong>May 2025: <\/strong>Sue Spear, Director of Travel, Fleet and Facility Services, Cengage Group<\/li>\n\n\n\n<li><strong>Avril 2025<\/strong>: Katherine Tomasi, directrice des ventes \u2013 Am\u00e9rique du Nord, BCD Travel<\/li>\n\n\n\n<li><strong>Mars 2025<\/strong>: Peta-Gaye Pottinger, Responsable principale de l&#039;immigration mondiale, Fragomen<\/li>\n\n\n\n<li><strong>F\u00e9vrier 2025<\/strong>: Shawnda Witterstaetter, Responsable de la cat\u00e9gorie voyages \u00e0 l&#039;\u00e9chelle mondiale, Dentsply Sirona<\/li>\n\n\n\n<li><strong>Janvier 2025<\/strong>: Teresa Rolack, gestionnaire de comptes principale, FCM Travel<\/li>\n\n\n\n<li><strong>D\u00e9cembre 2024<\/strong>: Barbara Arena, Responsable de cat\u00e9gorie mondiale externalis\u00e9e, Festive Road<\/li>\n\n\n\n<li><strong>Novembre 2024<\/strong>: Donna Palmer, directrice des ventes, p\u00e9ninsule de San Francisco<\/li>\n\n\n\n<li><strong>Octobre 2024<\/strong>: Jorge Mesa, directeur principal de la gestion des risques li\u00e9s aux voyages, BCD Travel<\/li>\n\n\n\n<li><strong>Septembre 2024 :<\/strong>  Phil Crofton, directeur principal de l&#039;optimisation des programmes mondiaux, BCD Travel<\/li>\n\n\n\n<li><strong>Ao\u00fbt 2024<\/strong>:Morgan Lautr\u00e9doux, Responsable de la performance des contrats de voyages d&#039;affaires \u2013 EMEA, Shell<\/li>\n\n\n\n<li><strong>Juin 2024\u00a0:<\/strong> Anne Lex, directrice r\u00e9gionale des ventes, InnVest Hotels<\/li>\n\n\n\n<li><strong>Mai 2024\u00a0:<\/strong>  Lindsay Straub, responsable mondiale des ventes, FCM Travel<\/li>\n\n\n\n<li><strong>Avril 2024\u00a0: <\/strong> Jennifer Houdyshell, directrice des ventes, Hilton Garden Inn Milwaukee Brookfield Conference Center<\/li>\n\n\n\n<li><strong>Mars 2024\u00a0:<\/strong> Benjamin B\u00e9rard, Customer Success Manager, drvn<\/li>\n\n\n\n<li><strong>F\u00e9vrier 2024\u00a0:<\/strong>  Justin Morris, directeur des ventes, Traxo<\/li>\n\n\n\n<li><strong>Janvier 2024\u00a0:<\/strong>  Brittany Brown, directrice des ventes, Hilton Garden Inn Houston Energy Corridor<\/li>\n\n\n\n<li><strong>D\u00e9cembre 2023\u00a0:<\/strong>  Monica Ocampo, directrice des comptes nationaux, Oxford Collection<\/li>\n\n\n\n<li><strong>Novembre 2023\u00a0:<\/strong>  Amanda Mahan, directrice principale des comptes nationaux, Southwest Business<\/li>\n\n\n\n<li><strong>Octobre 2023\u00a0:<\/strong>  Terri Moreno, directrice \u2013 D\u00e9placements, d\u00e9penses et flotte, The Aspen Group<\/li>\n\n\n\n<li><strong>septembre 2023<\/strong>: Albena Taseva, Global Category Manager Voyages et \u00e9v\u00e9nements<\/li>\n\n\n\n<li><strong>juillet 2023<\/strong>: Maren Hanschke, pr\u00e9sidente FCTG Mexique et r\u00e9seau LATAM, Flight Centre Travel Group<\/li>\n\n\n\n<li><strong>juin 2023<\/strong>: Teresa Man, responsable mondiale des produits de base, Celestica<\/li>\n\n\n\n<li><strong>Mai 2023\u00a0:<\/strong> Ben Park, directeur ex\u00e9cutif Voyages et d\u00e9veloppement durable, Parexel<\/li>\n\n\n\n<li><strong>Avril 2023\u00a0:<\/strong>&nbsp;Kathy Farias, directrice des services et du support d&#039;entreprise, Whataburger<\/li>\n\n\n\n<li><strong>Mars 2023\u00a0:<\/strong> Makiko Barrett, directrice principale, Automation Anywhere<\/li>\n\n\n\n<li><strong>F\u00e9vrier 2023\u00a0:<\/strong> Amy Hunke, directrice principale des voyages et des r\u00e9unions, Ametek<\/li>\n\n\n\n<li><strong>Janvier 2023\u00a0:<\/strong> Riley Simonsen, directrice r\u00e9gionale des ventes de voyages d&#039;affaires, LTD Hospitality<\/li>\n\n\n\n<li><strong>Novembre 2022\u00a0:<\/strong> Joe Nishi, associ\u00e9 directeur, Encore<\/li>\n\n\n\n<li><strong>Octobre 2022\u00a0:<\/strong> Laura Choules, directrice des partenariats avec l&#039;industrie du voyage, Global Hotel Alliance<\/li>\n\n\n\n<li><strong>Septembre 2022\u00a0:<\/strong> Loren Christie, directrice g\u00e9n\u00e9rale, Loren Christie Solutions<\/li>\n\n\n\n<li><strong>Juillet 2022\u00a0:<\/strong> Kristen Reeves, responsable mondiale des produits de base, MKS Instruments<\/li>\n\n\n\n<li><strong>Juin 2022\u00a0:<\/strong> Mette Bank, responsable r\u00e9gionale des voyages, EMEA, Lego<\/li>\n\n\n\n<li><strong>Mai 2022\u00a0:<\/strong> Jenny Sabineu, responsable des services de voyage, Salesforce<\/li>\n<\/ul>\n<\/div><\/div>\n\n<\/div><\/div>\n\n<style>.kadence-column10376_f32c46-32 > .kt-inside-inner-col,.kadence-column10376_f32c46-32 > .kt-inside-inner-col:before{border-top-left-radius:0px;border-top-right-radius:0px;border-bottom-right-radius:0px;border-bottom-left-radius:0px;}.kadence-column10376_f32c46-32 > .kt-inside-inner-col{column-gap:var(--global-kb-gap-sm, 1rem);}.kadence-column10376_f32c46-32 > .kt-inside-inner-col{flex-direction:column;}.kadence-column10376_f32c46-32 > .kt-inside-inner-col > .aligncenter{width:100%;}.kadence-column10376_f32c46-32 > .kt-inside-inner-col:before{opacity:0.3;}.kadence-column10376_f32c46-32{position:relative;}@media all and (max-width: 1024px){.kadence-column10376_f32c46-32 > .kt-inside-inner-col{flex-direction:column;}}@media all and (max-width: 767px){.kadence-column10376_f32c46-32 > .kt-inside-inner-col{flex-direction:column;}}<\/style>\n<div class=\"wp-block-kadence-column kadence-column10376_f32c46-32\"><div class=\"kt-inside-inner-col\"><style>.kb-row-layout-id10376_62deb9-1a > .kt-row-column-wrap{align-content:start;}:where(.kb-row-layout-id10376_62deb9-1a > .kt-row-column-wrap) > .wp-block-kadence-column{justify-content:start;}.kb-row-layout-id10376_62deb9-1a > .kt-row-column-wrap{column-gap:var(--global-kb-gap-md, 2rem);row-gap:var(--global-kb-gap-md, 2rem);max-width:740px;margin-left:auto;margin-right:auto;padding-top:var(--global-kb-spacing-sm, 1.5rem);padding-bottom:var(--global-kb-spacing-sm, 1.5rem);grid-template-columns:minmax(0, 1fr);}.kb-row-layout-id10376_62deb9-1a > .kt-row-layout-overlay{opacity:0.30;}@media all and (max-width: 1024px){.kb-row-layout-id10376_62deb9-1a > .kt-row-column-wrap{grid-template-columns:minmax(0, 1fr);}}@media all and (max-width: 767px){.kb-row-layout-id10376_62deb9-1a > .kt-row-column-wrap{grid-template-columns:minmax(0, 1fr);}}<\/style><div class=\"kb-row-layout-wrap kb-row-layout-id10376_62deb9-1a alignnone wp-block-kadence-rowlayout\"><div class=\"kt-row-column-wrap kt-has-1-columns kt-row-layout-equal kt-tab-layout-inherit kt-mobile-layout-row kt-row-valign-top\">\n<style>.kadence-column10376_0ec7c2-59 > .kt-inside-inner-col,.kadence-column10376_0ec7c2-59 > .kt-inside-inner-col:before{border-top-left-radius:0px;border-top-right-radius:0px;border-bottom-right-radius:0px;border-bottom-left-radius:0px;}.kadence-column10376_0ec7c2-59 > .kt-inside-inner-col{column-gap:var(--global-kb-gap-sm, 1rem);}.kadence-column10376_0ec7c2-59 > .kt-inside-inner-col{flex-direction:column;}.kadence-column10376_0ec7c2-59 > .kt-inside-inner-col > .aligncenter{width:100%;}.kadence-column10376_0ec7c2-59 > .kt-inside-inner-col:before{opacity:0.3;}.kadence-column10376_0ec7c2-59{position:relative;}@media all and (max-width: 1024px){.kadence-column10376_0ec7c2-59 > .kt-inside-inner-col{flex-direction:column;}}@media all and (max-width: 767px){.kadence-column10376_0ec7c2-59 > .kt-inside-inner-col{flex-direction:column;}}<\/style>\n<div class=\"wp-block-kadence-column kadence-column10376_0ec7c2-59\"><div class=\"kt-inside-inner-col\"><style>.wp-block-kadence-advancedheading.kt-adv-heading10376_b48f5b-82, .wp-block-kadence-advancedheading.kt-adv-heading10376_b48f5b-82[data-kb-block=\"kb-adv-heading10376_b48f5b-82\"]{text-align:center;font-style:normal;}.wp-block-kadence-advancedheading.kt-adv-heading10376_b48f5b-82 mark.kt-highlight, .wp-block-kadence-advancedheading.kt-adv-heading10376_b48f5b-82[data-kb-block=\"kb-adv-heading10376_b48f5b-82\"] mark.kt-highlight{font-style:normal;color:#f76a0c;-webkit-box-decoration-break:clone;box-decoration-break:clone;padding-top:0px;padding-right:0px;padding-bottom:0px;padding-left:0px;}<\/style>\n<h3 class=\"kt-adv-heading10376_b48f5b-82 wp-block-kadence-advancedheading\" data-kb-block=\"kb-adv-heading10376_b48f5b-82\"><a href=\"https:\/\/youtu.be\/rinUCJUww54\">View 2025 Volunteers<\/a><\/h3>\n\n\n\n<figure class=\"wp-block-embed is-type-video is-provider-youtube wp-block-embed-youtube wp-embed-aspect-16-9 wp-has-aspect-ratio\"><div class=\"wp-block-embed__wrapper\">\n<iframe loading=\"lazy\" title=\"R\u00e9capitulatif vid\u00e9o du mois de b\u00e9n\u00e9volat de la GBTA 2024\" width=\"720\" height=\"405\" src=\"https:\/\/www.youtube.com\/embed\/rinUCJUww54?feature=oembed\" frameborder=\"0\" allow=\"accelerometer; autoplay; clipboard-write; encrypted-media; gyroscope; picture-in-picture; web-share\" referrerpolicy=\"strict-origin-when-cross-origin\" allowfullscreen><\/iframe>\n<\/div><\/figure>\n<\/div><\/div>\n\n<\/div><\/div><\/div><\/div>\n<\/div><\/div>\n\n\n\n<p><\/p>","protected":false},"excerpt":{"rendered":"<p>GBTA sait que les b\u00e9n\u00e9voles sont l&#039;\u00e9l\u00e9ment vital de notre association et que nos succ\u00e8s d\u00e9pendent en partie de l&#039;engagement et du d\u00e9vouement qu&#039;ils mettent dans les programmes et initiatives de GBTA. Leur\u2026<\/p>","protected":false},"author":14,"featured_media":0,"parent":0,"menu_order":0,"comment_status":"closed","ping_status":"closed","template":"","meta":{"_acf_changed":false,"_seopress_robots_primary_cat":"","_seopress_titles_title":"","_seopress_titles_desc":"","_seopress_robots_index":"yes","om_disable_all_campaigns":false,"_relevanssi_hide_post":"","_relevanssi_hide_content":"","_relevanssi_pin_for_all":"","_relevanssi_pin_keywords":"","_relevanssi_unpin_keywords":"","_relevanssi_related_keywords":"","_relevanssi_related_include_ids":"","_relevanssi_related_exclude_ids":"","_relevanssi_related_no_append":"","_relevanssi_related_not_related":"","_relevanssi_related_posts":"1,415,662,664,666,667","_relevanssi_noindex_reason":"","_kad_blocks_custom_css":"","_kad_blocks_head_custom_js":"","_kad_blocks_body_custom_js":"","_kad_blocks_footer_custom_js":"","_kad_post_transparent":"","_kad_post_title":"","_kad_post_layout":"","_kad_post_sidebar_id":"","_kad_post_content_style":"","_kad_post_vertical_padding":"","_kad_post_feature":"","_kad_post_feature_position":"","_kad_post_header":false,"_kad_post_footer":false,"footnotes":"","_links_to":"","_links_to_target":""},"class_list":["post-10376","page","type-page","status-publish","hentry"],"acf":[],"featured_image_src_large":false,"author_info":{"display_name":"","author_link":"https:\/\/gbta.org\/fr\/author\/"},"comment_info":"","taxonomy_info":[],"featured_image_src":null,"featured_image_src_square":null,"mfb_rest_fields":["featured_image_src_large","author_info","comment_info","taxonomy_info","featured_image_src","featured_image_src_square"],"_links":{"self":[{"href":"https:\/\/gbta.org\/fr\/wp-json\/wp\/v2\/pages\/10376","targetHints":{"allow":["GET"]}}],"collection":[{"href":"https:\/\/gbta.org\/fr\/wp-json\/wp\/v2\/pages"}],"about":[{"href":"https:\/\/gbta.org\/fr\/wp-json\/wp\/v2\/types\/page"}],"author":[{"embeddable":true,"href":"https:\/\/gbta.org\/fr\/wp-json\/wp\/v2\/users\/14"}],"replies":[{"embeddable":true,"href":"https:\/\/gbta.org\/fr\/wp-json\/wp\/v2\/comments?post=10376"}],"version-history":[{"count":17,"href":"https:\/\/gbta.org\/fr\/wp-json\/wp\/v2\/pages\/10376\/revisions"}],"predecessor-version":[{"id":31427,"href":"https:\/\/gbta.org\/fr\/wp-json\/wp\/v2\/pages\/10376\/revisions\/31427"}],"wp:attachment":[{"href":"https:\/\/gbta.org\/fr\/wp-json\/wp\/v2\/media?parent=10376"}],"curies":[{"name":"wp","href":"https:\/\/api.w.org\/{rel}","templated":true}]}}