{"id":11835,"date":"2023-07-12T02:48:59","date_gmt":"2023-07-12T06:48:59","guid":{"rendered":"https:\/\/gbta.org\/?page_id=11835"},"modified":"2026-05-01T15:08:59","modified_gmt":"2026-05-01T19:08:59","slug":"business-travel-service-award","status":"publish","type":"page","link":"https:\/\/gbta.org\/fr\/recognition\/business-travel-service-award\/","title":{"rendered":"Prix du service de voyages d&#039;affaires"},"content":{"rendered":"<style>.kadence-column11835_7a0f20-bd > .kt-inside-inner-col,.kadence-column11835_7a0f20-bd > .kt-inside-inner-col:before{border-top-left-radius:0px;border-top-right-radius:0px;border-bottom-right-radius:0px;border-bottom-left-radius:0px;}.kadence-column11835_7a0f20-bd > .kt-inside-inner-col{column-gap:var(--global-kb-gap-sm, 1rem);}.kadence-column11835_7a0f20-bd > .kt-inside-inner-col{flex-direction:column;}.kadence-column11835_7a0f20-bd > .kt-inside-inner-col > .aligncenter{width:100%;}.kadence-column11835_7a0f20-bd > .kt-inside-inner-col:before{opacity:0.3;}.kadence-column11835_7a0f20-bd{position:relative;}@media all and (max-width: 1024px){.kadence-column11835_7a0f20-bd > .kt-inside-inner-col{flex-direction:column;}}@media all and (max-width: 767px){.kadence-column11835_7a0f20-bd > .kt-inside-inner-col{flex-direction:column;}}<\/style>\n<div class=\"wp-block-kadence-column kadence-column11835_7a0f20-bd inner-column-1\"><div class=\"kt-inside-inner-col\"><style>.kb-row-layout-id11835_d82fcd-eb > .kt-row-column-wrap{align-content:start;}:where(.kb-row-layout-id11835_d82fcd-eb > .kt-row-column-wrap) > .wp-block-kadence-column{justify-content:start;}.kb-row-layout-id11835_d82fcd-eb > .kt-row-column-wrap{column-gap:var(--global-kb-gap-md, 2rem);row-gap:var(--global-kb-gap-md, 2rem);padding-top:var(--global-kb-spacing-sm, 1.5rem);padding-bottom:var(--global-kb-spacing-sm, 1.5rem);grid-template-columns:minmax(0, 1fr);}.kb-row-layout-id11835_d82fcd-eb > .kt-row-layout-overlay{opacity:0.30;}@media all and (max-width: 1024px){.kb-row-layout-id11835_d82fcd-eb > .kt-row-column-wrap{grid-template-columns:minmax(0, 1fr);}}@media all and (max-width: 767px){.kb-row-layout-id11835_d82fcd-eb > .kt-row-column-wrap{grid-template-columns:minmax(0, 1fr);}}<\/style><div class=\"kb-row-layout-wrap kb-row-layout-id11835_d82fcd-eb alignnone wp-block-kadence-rowlayout\"><div class=\"kt-row-column-wrap kt-has-1-columns kt-row-layout-equal kt-tab-layout-inherit kt-mobile-layout-row kt-row-valign-top\">\n<style>.kadence-column11835_deaacb-a5 > .kt-inside-inner-col,.kadence-column11835_deaacb-a5 > .kt-inside-inner-col:before{border-top-left-radius:0px;border-top-right-radius:0px;border-bottom-right-radius:0px;border-bottom-left-radius:0px;}.kadence-column11835_deaacb-a5 > .kt-inside-inner-col{column-gap:var(--global-kb-gap-sm, 1rem);}.kadence-column11835_deaacb-a5 > .kt-inside-inner-col{flex-direction:column;}.kadence-column11835_deaacb-a5 > .kt-inside-inner-col > .aligncenter{width:100%;}.kadence-column11835_deaacb-a5 > .kt-inside-inner-col:before{opacity:0.3;}.kadence-column11835_deaacb-a5{position:relative;}@media all and (max-width: 1024px){.kadence-column11835_deaacb-a5 > .kt-inside-inner-col{flex-direction:column;}}@media all and (max-width: 767px){.kadence-column11835_deaacb-a5 > .kt-inside-inner-col{flex-direction:column;}}<\/style>\n<div class=\"wp-block-kadence-column kadence-column11835_deaacb-a5 inner-column-1\"><div class=\"kt-inside-inner-col\"><div class=\"wp-block-image\">\n<figure class=\"aligncenter size-full is-resized\"><img loading=\"lazy\" decoding=\"async\" width=\"500\" height=\"598\" src=\"https:\/\/gbta.org\/wp-content\/uploads\/iconsai-04.png\" alt=\"iconsai 04\" class=\"wp-image-11079\" style=\"width:200px;height:undefinedpx\" srcset=\"https:\/\/gbta.org\/wp-content\/uploads\/iconsai-04.png 500w, https:\/\/gbta.org\/wp-content\/uploads\/iconsai-04-251x300.png 251w, https:\/\/gbta.org\/wp-content\/uploads\/iconsai-04-10x12.png 10w\" sizes=\"auto, (max-width: 500px) 100vw, 500px\" \/><\/figure><\/div>\n\n<style>.kb-row-layout-id11835_0c1460-5d > .kt-row-column-wrap{align-content:start;}:where(.kb-row-layout-id11835_0c1460-5d > .kt-row-column-wrap) > .wp-block-kadence-column{justify-content:start;}.kb-row-layout-id11835_0c1460-5d > .kt-row-column-wrap{column-gap:var(--global-kb-gap-md, 2rem);row-gap:var(--global-kb-gap-md, 2rem);padding-top:var(--global-kb-spacing-sm, 1.5rem);padding-bottom:var(--global-kb-spacing-sm, 1.5rem);grid-template-columns:minmax(0, 2fr) minmax(0, 1fr);}.kb-row-layout-id11835_0c1460-5d > .kt-row-layout-overlay{opacity:0.30;}@media all and (max-width: 1024px){.kb-row-layout-id11835_0c1460-5d > .kt-row-column-wrap{grid-template-columns:minmax(0, 2fr) minmax(0, 1fr);}}@media all and (max-width: 767px){.kb-row-layout-id11835_0c1460-5d > .kt-row-column-wrap{grid-template-columns:minmax(0, 1fr);}}<\/style><div class=\"kb-row-layout-wrap kb-row-layout-id11835_0c1460-5d alignnone wp-block-kadence-rowlayout\"><div class=\"kt-row-column-wrap kt-has-2-columns kt-row-layout-left-golden kt-tab-layout-inherit kt-mobile-layout-row kt-row-valign-top\">\n<style>.kadence-column11835_aef1cf-63 > .kt-inside-inner-col,.kadence-column11835_aef1cf-63 > .kt-inside-inner-col:before{border-top-left-radius:0px;border-top-right-radius:0px;border-bottom-right-radius:0px;border-bottom-left-radius:0px;}.kadence-column11835_aef1cf-63 > .kt-inside-inner-col{column-gap:var(--global-kb-gap-sm, 1rem);}.kadence-column11835_aef1cf-63 > .kt-inside-inner-col{flex-direction:column;}.kadence-column11835_aef1cf-63 > .kt-inside-inner-col > .aligncenter{width:100%;}.kadence-column11835_aef1cf-63 > .kt-inside-inner-col:before{opacity:0.3;}.kadence-column11835_aef1cf-63{position:relative;}@media all and (max-width: 1024px){.kadence-column11835_aef1cf-63 > .kt-inside-inner-col{flex-direction:column;}}@media all and (max-width: 767px){.kadence-column11835_aef1cf-63 > .kt-inside-inner-col{flex-direction:column;}}<\/style>\n<div class=\"wp-block-kadence-column kadence-column11835_aef1cf-63\"><div class=\"kt-inside-inner-col\">\n<p>Chaque ann\u00e9e, les r\u00e9gions GBTA honorent un groupe s\u00e9lectionn\u00e9 de professionnels du voyage exp\u00e9riment\u00e9s avec le prix d&#039;\u00e9lite Business Travel Service Award (BTSA). Ces membres de la GBTA se sont distingu\u00e9s aupr\u00e8s de leur entreprise, de leur association (\u00e0 la fois locale et nationale), de leurs coll\u00e8gues associ\u00e9s et ont apport\u00e9 leur contribution \u00e0 l&#039;industrie du voyage d&#039;affaires. Pour \u00eatre pris en consid\u00e9ration pour le BTSA, les individus\u00a0:<\/p>\n<\/div><\/div>\n\n\n<style>.kadence-column11835_72c591-9c > .kt-inside-inner-col,.kadence-column11835_72c591-9c > .kt-inside-inner-col:before{border-top-left-radius:0px;border-top-right-radius:0px;border-bottom-right-radius:0px;border-bottom-left-radius:0px;}.kadence-column11835_72c591-9c > .kt-inside-inner-col{column-gap:var(--global-kb-gap-sm, 1rem);}.kadence-column11835_72c591-9c > .kt-inside-inner-col{flex-direction:column;}.kadence-column11835_72c591-9c > .kt-inside-inner-col > .aligncenter{width:100%;}.kadence-column11835_72c591-9c > .kt-inside-inner-col:before{opacity:0.3;}.kadence-column11835_72c591-9c{position:relative;}@media all and (max-width: 1024px){.kadence-column11835_72c591-9c > .kt-inside-inner-col{flex-direction:column;}}@media all and (max-width: 767px){.kadence-column11835_72c591-9c > .kt-inside-inner-col{flex-direction:column;}}<\/style>\n<div class=\"wp-block-kadence-column kadence-column11835_72c591-9c\"><div class=\"kt-inside-inner-col\">\n<div class=\"wp-block-buttons is-content-justification-center is-layout-flex wp-container-core-buttons-is-layout-1 wp-block-buttons-is-layout-flex\">\n<div class=\"wp-block-button\"><a class=\"wp-block-button__link wp-element-button\" href=\"https:\/\/form.jotform.com\/gbtaforms\/recognition-nomination-form\" target=\"_blank\" rel=\"noreferrer noopener\">nominez quelqu&#039;un aujourd&#039;hui<\/a><\/div>\n<\/div>\n<\/div><\/div>\n\n<\/div><\/div>\n\n\n<ul class=\"wp-block-list\">\n<li>Doit \u00eatre membre de la GBTA et\/ou de sa section locale ou de son association partenaire (le cas \u00e9ch\u00e9ant)<\/li>\n\n\n\n<li>Doit avoir au moins trois (3) ans d&#039;implication active dans l&#039;industrie du voyage ou des r\u00e9unions et \u00e9v\u00e9nements (\u00c9tats-Unis, Canada)<\/li>\n\n\n\n<li>Doit avoir \u00e9t\u00e9 pr\u00e9sident ou copr\u00e9sident d&#039;un dirigeant, d&#039;un administrateur, d&#039;un conseil d&#039;administration ou d&#039;un comit\u00e9 dans leur section locale (\u00c9tats-Unis)<\/li>\n\n\n\n<li>Doit avoir servi en tant que b\u00e9n\u00e9vole de l&#039;industrie au niveau local, national ou mondial (EMEA, Canada)<\/li>\n\n\n\n<li>Doit d\u00e9montrer la poursuite d&#039;une formation continue dans le domaine des voyages d&#039;affaires ou des r\u00e9unions et \u00e9v\u00e9nements (\u00c9tats-Unis, Canada)<\/li>\n<\/ul>\n\n\n\n<p>Rejoignez-nous pour reconna\u00eetre nos membres r\u00e9cipiendaires d\u00e9vou\u00e9s\u00a0!<\/p>\n\n\n\n<p class=\"has-text-align-center\"><strong>R\u00e9gion des \u00c9tats-Unis\u00a0:<\/strong> En savoir plus et voir les anciens gagnants <a href=\"https:\/\/gbtacpc.org\/Business_Travel_Professional_Service_Award\" data-type=\"URL\" data-id=\"https:\/\/gbtacpc.org\/Business_Travel_Professional_Service_Award\" target=\"_blank\" rel=\"noreferrer noopener\">ici<\/a><\/p>\n\n\n\n<figure class=\"wp-block-table aligncenter is-style-stripes\"><table><tbody><tr><td><\/td><td class=\"has-text-align-left\" data-align=\"left\"><strong>EMEA<\/strong><\/td><td><strong>CANADA<\/strong><\/td><td><strong>LATAM<\/strong><\/td><td><strong>APAC<\/strong><\/td><td><strong>NOUS<\/strong><\/td><td><\/td><\/tr><tr><td>2026<\/td><td class=\"has-text-align-left\" data-align=\"left\"><\/td><td><\/td><td><\/td><td><\/td><td>Julie Van Oss<br>Darren L\u2019Appanna<br>Jake Moreland<br>Debbie Sievert<br>Nathan Bieck<br>Paula Fleurs<br>Doyen de Ronda<br>Ted Cullen<br>Nan Lester<br>Dell Roserose<\/td><td><\/td><\/tr><tr><td><strong>2025<\/strong><\/td><td class=\"has-text-align-left\" data-align=\"left\">Aur\u00e9lie Duprez<br>Cesare Belosi<br>Suzanne Sangiovese<br>Stefan van Sliedregt<\/td><td>Kristen Hrycoy<br>Tim Oldfield<\/td><td>Felipe Mesquita<br>Eva Ram\u00edrez Ibarra<br>Felipe Cardona<\/td><td>Pierre Koh<br>Shastri profond des sables<br>Kenji Soh<br>\u82cf\u6977\u6770<\/td><td>Sherrill McLean<br>Michael Morrison<br>Marc Champagne<br>Doug Dolsen<br>Amanda Stredney<br>Lee P.<br>Jamisha Ascue\u2011Breland<br>Brittany Brown<br>Terasa Tierney<br>Laurie Scott<\/td><td><\/td><\/tr><tr><td><strong>2024<\/strong><\/td><td class=\"has-text-align-left\" data-align=\"left\">Nicolas Hymans<br>Marco Quagliarella<br>Catherine Navarro<\/td><td>Jeff Reyes<br>Lisa Veress<\/td><td>Joyce Macieri<br>Lucila Pesci<br>Eva Ramirez<br>Julia Brito<\/td><td>Barbara cor\u00e9enne<\/td><td>Ashley Ridolf<br>Steven Bossard<br>M\u00e9lodie Haislip<br>M\u00e9lissa Johnson<br>Debbie Thomas<br>Gayle Sinclair<br>Rena Briggs<br>Monica Ocampo<br>Cathy Taylor-Sharp<br>Brenda Ortman<\/td><td><\/td><\/tr><tr><td><strong>2023<\/strong><\/td><td class=\"has-text-align-left\" data-align=\"left\">Dan Humby<br>Andrea Giuricin<br>Hilde Dahm-Simonsen<br>Fa\u00efz Mimita<\/td><td>Charles Crowder<br>Jennifer Urquhart<\/td><td>Nidia Quintero<br>Monica Crawfurd<\/td><td>Carl Jones<\/td><td>Megin Dressel<br>James Randall Roop<br>Nicki Leeds<br>Amy Cox<br>Cindy Mann<br>Lisa Simpson<br>Derrick Monte Carlo<br>Alyssa Jeune<br>Mary Rumer<br>Rebecca Palatka<\/td><td><\/td><\/tr><tr><td><strong>2022<\/strong><\/td><td class=\"has-text-align-left\" data-align=\"left\">Jorge Mesa<br>Robyn Christie<br>Carine Morin<\/td><td>Mara\u00efka Wilson<br>Jodi Franck<strong>&nbsp;&nbsp;&nbsp;&nbsp;&nbsp;&nbsp;&nbsp;<\/strong><\/td><td><\/td><td><\/td><td>Kim Fergusson<br>Kim Kearns<br>Dwight Minio<br>Kristen Reeves<br>Jim Pio<br>Ambre Mallon<br>Sabrina Kronk<br>Karen Bond<br>Karen Beauchamp<br>Holly McTague<\/td><td><\/td><\/tr><tr><td><strong>2021<\/strong><\/td><td class=\"has-text-align-left\" data-align=\"left\">Christian Rosenbaum<\/td><td>Bertie Fernandes<br>Brook Davis<\/td><td><\/td><td><\/td><td>Val\u00e9rie Barnes<br>Jason Beckham<br>Kathryn Craven<br>Laurie Etcheverry<br>Kelly Ferrigno<br>Rex Heineman<br>Nancy King<br>Carey Pascoe<br>Scott Phillips<br>Robert Wade<br>Tom Wilkinson<\/td><td><\/td><\/tr><tr><td><strong>2020<\/strong><\/td><td class=\"has-text-align-left\" data-align=\"left\">Juliette Howie<br>Roberta Bille<br>Ren\u00e9 Prosk\u00e9<\/td><td>Sharlene Ketwaroo-Nanoo<br>Stephen Anderson<\/td><td><\/td><td><\/td><td>Bonnie Brabb<br>Mike Donohue<br>Michael Farrell<br>Jesse Funk<br>Pamela Howard<br>Ren\u00e9e Huff<br>Elisabeth Johnson<br>Linda Loesch<br>Angela Paulus<br>Carmen Smith<br>Marie Thompson<\/td><td><\/td><\/tr><tr><td><strong>2019<\/strong><\/td><td class=\"has-text-align-left\" data-align=\"left\">Flavio Ghiringhelli<br>Jafles Pacheco<\/td><td>Mara\u00efka Wilson<br>Jodi Franck<span style=\"font-weight: 600;\">&nbsp;<\/span><\/td><td><\/td><td><\/td><td>Beverly Allen<br>Makiko Barrett<br>Chris Dalton<br>Kim Bilsky<br>Bobbi Huber<br>Claudine Gallagher<br>Diane Perretti<br>Neda Nazem<br>Ryan Pierce<br>Carole Schrager<\/td><td><\/td><\/tr><tr><td><strong>2018<\/strong><\/td><td class=\"has-text-align-left\" data-align=\"left\">Minna Torppa<br>Douglas O&#039;Neill<br>Olivier Beno\u00eet<\/td><td>Alex-Ferdinand<br>Connie Smith<\/td><td><\/td><td><\/td><td>Kevin Barwell<br>Kathy Briski<br>Joni Doiron<br>Trish Earle<br>Betty Grogan<br>Adam Higley<br>Joanna McNellis Coelho<br>Cynthia Shumate<br>Jason Sportsman<br>Yukari Tortorich<\/td><td><\/td><\/tr><tr><td><strong>2017<\/strong><\/td><td class=\"has-text-align-left\" data-align=\"left\">Teemu Tuomarla<br>Marc Zuber<br>Nicolas Lomas<\/td><td>Shelly Lewchuck<br>Ian Race<\/td><td><\/td><td><\/td><td>Phyliss Cowell<br>Barbara Ar\u00e8ne<br>Bonnie Christensen<br>Th\u00e9r\u00e8se Amos<br>Melinda Kirkham<br>Terri Moreno<br>Tricia Alsup<br>Chris Maguire<br>Maureen Ashley<br>Nicole Lynch<\/td><td><\/td><\/tr><tr><td><strong>2016<\/strong><\/td><td class=\"has-text-align-left\" data-align=\"left\">Romain Morice&nbsp;&nbsp;&nbsp;&nbsp;&nbsp;<br>Catherine Lundberg<\/td><td><\/td><td>Romain Hernandez<br>Javier Rosas meilleur<\/td><td>&nbsp;Hamish Wang<br>Becky Cao<\/td><td>Ellen Meyer<br>Valentina Hanson<br>Heather Pastrick<br>Mary Cole<br>DJ Prohaska<br>Cyndy Thompson<br>Wallis-Williams<br>Samantha Haricot<br>Gr\u00e9gory Sweeney<br>Claire Langford<\/td><td><\/td><\/tr><tr><td><\/td><td class=\"has-text-align-left\" data-align=\"left\"><\/td><td><\/td><td><\/td><td><\/td><td><\/td><td><\/td><\/tr><\/tbody><\/table><\/figure>\n\n\n<style>.kadence-column11835_a17786-05 > .kt-inside-inner-col,.kadence-column11835_a17786-05 > .kt-inside-inner-col:before{border-top-left-radius:0px;border-top-right-radius:0px;border-bottom-right-radius:0px;border-bottom-left-radius:0px;}.kadence-column11835_a17786-05 > .kt-inside-inner-col{column-gap:var(--global-kb-gap-sm, 1rem);}.kadence-column11835_a17786-05 > .kt-inside-inner-col{flex-direction:column;}.kadence-column11835_a17786-05 > .kt-inside-inner-col > .aligncenter{width:100%;}.kadence-column11835_a17786-05 > .kt-inside-inner-col:before{opacity:0.3;}.kadence-column11835_a17786-05{position:relative;}@media all and (max-width: 1024px){.kadence-column11835_a17786-05 > .kt-inside-inner-col{flex-direction:column;}}@media all and (max-width: 767px){.kadence-column11835_a17786-05 > .kt-inside-inner-col{flex-direction:column;}}<\/style>\n<div class=\"wp-block-kadence-column kadence-column11835_a17786-05 inner-column-1\"><div class=\"kt-inside-inner-col\"><h3 class=\"wp-block-heading\" id=\"questions\">Des questions<\/h3>\n\n\n<p>Nous continuons \u00e0 compiler nos pr\u00e9c\u00e9dents destinataires, veuillez revenir pour les mises \u00e0 jour\u00a0! \u00cates-vous un ancien destinataire?&nbsp;&nbsp;<a href=\"https:\/\/form.jotform.com\/231574699850167\" data-type=\"URL\" data-id=\"https:\/\/form.jotform.com\/231574699850167\" target=\"_blank\" rel=\"noreferrer noopener\">Faites-le nous savoir ici<\/a>!<\/p>\n<\/div><\/div>\n<\/div><\/div>\n\n<\/div><\/div><\/div><\/div>\n\n\n\n<p><\/p>","protected":false},"excerpt":{"rendered":"<p>Chaque ann\u00e9e, les r\u00e9gions GBTA honorent un groupe s\u00e9lectionn\u00e9 de professionnels du voyage exp\u00e9riment\u00e9s avec le prix d&#039;\u00e9lite Business Travel Service Award (BTSA). Ces membres de la GBTA se sont distingu\u00e9s aupr\u00e8s de leur entreprise, de leur\u2026<\/p>","protected":false},"author":14,"featured_media":0,"parent":10326,"menu_order":0,"comment_status":"closed","ping_status":"closed","template":"","meta":{"_acf_changed":false,"_seopress_robots_primary_cat":"","_seopress_titles_title":"","_seopress_titles_desc":"","_seopress_robots_index":"yes","om_disable_all_campaigns":false,"_relevanssi_hide_post":"","_relevanssi_hide_content":"","_relevanssi_pin_for_all":"","_relevanssi_pin_keywords":"","_relevanssi_unpin_keywords":"","_relevanssi_related_keywords":"","_relevanssi_related_include_ids":"","_relevanssi_related_exclude_ids":"","_relevanssi_related_no_append":"","_relevanssi_related_not_related":"","_relevanssi_related_posts":"1,415,662,664,666,667","_relevanssi_noindex_reason":"","_kad_blocks_custom_css":"","_kad_blocks_head_custom_js":"","_kad_blocks_body_custom_js":"","_kad_blocks_footer_custom_js":"","_kad_post_transparent":"","_kad_post_title":"","_kad_post_layout":"","_kad_post_sidebar_id":"","_kad_post_content_style":"","_kad_post_vertical_padding":"","_kad_post_feature":"","_kad_post_feature_position":"","_kad_post_header":false,"_kad_post_footer":false,"footnotes":"","_links_to":"","_links_to_target":""},"class_list":["post-11835","page","type-page","status-publish","hentry"],"acf":[],"featured_image_src_large":false,"author_info":{"display_name":"","author_link":"https:\/\/gbta.org\/fr\/author\/"},"comment_info":"","taxonomy_info":[],"featured_image_src":null,"featured_image_src_square":null,"mfb_rest_fields":["featured_image_src_large","author_info","comment_info","taxonomy_info","featured_image_src","featured_image_src_square"],"_links":{"self":[{"href":"https:\/\/gbta.org\/fr\/wp-json\/wp\/v2\/pages\/11835","targetHints":{"allow":["GET"]}}],"collection":[{"href":"https:\/\/gbta.org\/fr\/wp-json\/wp\/v2\/pages"}],"about":[{"href":"https:\/\/gbta.org\/fr\/wp-json\/wp\/v2\/types\/page"}],"author":[{"embeddable":true,"href":"https:\/\/gbta.org\/fr\/wp-json\/wp\/v2\/users\/14"}],"replies":[{"embeddable":true,"href":"https:\/\/gbta.org\/fr\/wp-json\/wp\/v2\/comments?post=11835"}],"version-history":[{"count":5,"href":"https:\/\/gbta.org\/fr\/wp-json\/wp\/v2\/pages\/11835\/revisions"}],"predecessor-version":[{"id":31916,"href":"https:\/\/gbta.org\/fr\/wp-json\/wp\/v2\/pages\/11835\/revisions\/31916"}],"up":[{"embeddable":true,"href":"https:\/\/gbta.org\/fr\/wp-json\/wp\/v2\/pages\/10326"}],"wp:attachment":[{"href":"https:\/\/gbta.org\/fr\/wp-json\/wp\/v2\/media?parent=11835"}],"curies":[{"name":"wp","href":"https:\/\/api.w.org\/{rel}","templated":true}]}}