{"id":2884,"date":"2022-07-28T03:26:49","date_gmt":"2022-07-28T07:26:49","guid":{"rendered":"https:\/\/gbta.org\/?page_id=2884"},"modified":"2022-08-01T12:00:27","modified_gmt":"2022-08-01T16:00:27","slug":"speaking-opportunities","status":"publish","type":"page","link":"https:\/\/gbta.org\/fr\/professional-development\/education-growth\/speaking-opportunities\/","title":{"rendered":"Opportunit\u00e9s de prise de parole"},"content":{"rendered":"<style>.wp-block-kadence-advancedheading.kt-adv-heading_89b8e8-51, .wp-block-kadence-advancedheading.kt-adv-heading_89b8e8-51[data-kb-block=\"kb-adv-heading_89b8e8-51\"]{font-style:normal;}.wp-block-kadence-advancedheading.kt-adv-heading_89b8e8-51 mark.kt-highlight, .wp-block-kadence-advancedheading.kt-adv-heading_89b8e8-51[data-kb-block=\"kb-adv-heading_89b8e8-51\"] mark.kt-highlight{font-style:normal;color:#f76a0c;-webkit-box-decoration-break:clone;box-decoration-break:clone;padding-top:0px;padding-right:0px;padding-bottom:0px;padding-left:0px;}<\/style>\n<h2 class=\"kt-adv-heading_89b8e8-51 wp-block-kadence-advancedheading\" data-kb-block=\"kb-adv-heading_89b8e8-51\"><\/h2>\n\n\n<style>#kt-layout-id_4a4d53-bd > .kt-row-column-wrap{align-content:start;}:where(#kt-layout-id_4a4d53-bd > .kt-row-column-wrap) > .wp-block-kadence-column{justify-content:start;}#kt-layout-id_4a4d53-bd > .kt-row-column-wrap{column-gap:var(--global-kb-gap-md, 2rem);row-gap:var(--global-kb-gap-md, 2rem);padding-top:var( --global-kb-row-default-top, 25px );padding-bottom:var( --global-kb-row-default-bottom, 25px );padding-top:var(--global-kb-spacing-sm, 1.5rem);padding-bottom:var(--global-kb-spacing-sm, 1.5rem);grid-template-columns:minmax(0, calc(40% - ((var(--global-kb-gap-md, 2rem) * 1 )\/2)))minmax(0, calc(60% - ((var(--global-kb-gap-md, 2rem) * 1 )\/2)));}#kt-layout-id_4a4d53-bd > .kt-row-layout-overlay{opacity:0.30;}@media all and (max-width: 1024px){#kt-layout-id_4a4d53-bd > .kt-row-column-wrap{grid-template-columns:repeat(2, minmax(0, 1fr));}}@media all and (max-width: 767px){#kt-layout-id_4a4d53-bd > .kt-row-column-wrap{grid-template-columns:minmax(0, 1fr);}}<\/style>\n<div class=\"wp-block-kadence-rowlayout alignnone\"><div id=\"kt-layout-id_4a4d53-bd\" class=\"kt-row-layout-inner kt-layout-id_4a4d53-bd\"><div class=\"kt-row-column-wrap kt-has-2-columns kt-gutter-default kt-v-gutter-default kt-row-valign-top kt-row-layout-equal kt-tab-layout-inherit kt-m-colapse-left-to-right kt-mobile-layout-row  kt-custom-first-width-40  kt-custom-second-width-60\"><style>.kadence-column_81c216-ea > .kt-inside-inner-col{border-top-width:0px;border-right-width:0px;border-bottom-width:0px;border-left-width:0px;}.kadence-column_81c216-ea > .kt-inside-inner-col,.kadence-column_81c216-ea > .kt-inside-inner-col:before{border-top-left-radius:0px;border-top-right-radius:0px;border-bottom-right-radius:0px;border-bottom-left-radius:0px;}.kadence-column_81c216-ea > .kt-inside-inner-col{column-gap:var(--global-kb-gap-sm, 1rem);}.kadence-column_81c216-ea > .kt-inside-inner-col{flex-direction:column;}.kadence-column_81c216-ea > .kt-inside-inner-col > .aligncenter{width:100%;}.kadence-column_81c216-ea > .kt-inside-inner-col:before{opacity:0.3;}.kadence-column_81c216-ea{position:relative;}@media all and (max-width: 1024px){.kadence-column_81c216-ea > .kt-inside-inner-col{flex-direction:column;}}@media all and (max-width: 767px){.kadence-column_81c216-ea > .kt-inside-inner-col{flex-direction:column;}}<\/style>\n<div class=\"wp-block-kadence-column inner-column-1 kadence-column_81c216-ea\"><div class=\"kt-inside-inner-col\">\n<figure class=\"wp-block-image size-full\"><img loading=\"lazy\" decoding=\"async\" width=\"534\" height=\"282\" src=\"https:\/\/gbta.org\/wp-content\/uploads\/SpeakingOpps_InPerson_534x282-1.jpg\" alt=\"speakingopps inperson 534x282 1\" class=\"wp-image-3485\" srcset=\"https:\/\/gbta.org\/wp-content\/uploads\/SpeakingOpps_InPerson_534x282-1.jpg 534w, https:\/\/gbta.org\/wp-content\/uploads\/SpeakingOpps_InPerson_534x282-1-300x158.jpg 300w\" sizes=\"auto, (max-width: 534px) 100vw, 534px\" \/><\/figure>\n<\/div><\/div>\n\n\n<style>.kadence-column_3cb880-6d > .kt-inside-inner-col{border-top-width:0px;border-right-width:0px;border-bottom-width:0px;border-left-width:0px;}.kadence-column_3cb880-6d > .kt-inside-inner-col,.kadence-column_3cb880-6d > .kt-inside-inner-col:before{border-top-left-radius:0px;border-top-right-radius:0px;border-bottom-right-radius:0px;border-bottom-left-radius:0px;}.kadence-column_3cb880-6d > .kt-inside-inner-col{column-gap:var(--global-kb-gap-sm, 1rem);}.kadence-column_3cb880-6d > .kt-inside-inner-col{flex-direction:column;}.kadence-column_3cb880-6d > .kt-inside-inner-col > .aligncenter{width:100%;}.kadence-column_3cb880-6d > .kt-inside-inner-col:before{opacity:0.3;}.kadence-column_3cb880-6d{position:relative;}@media all and (max-width: 1024px){.kadence-column_3cb880-6d > .kt-inside-inner-col{flex-direction:column;}}@media all and (max-width: 767px){.kadence-column_3cb880-6d > .kt-inside-inner-col{flex-direction:column;}}<\/style>\n<div class=\"wp-block-kadence-column inner-column-2 kadence-column_3cb880-6d\"><div class=\"kt-inside-inner-col\"><h2 class=\"wp-block-heading\" id=\"proposals-for-convention-and-conferences\">Propositions de Congr\u00e8s et Conf\u00e9rences<\/h2>\n\n\n<p>GBTA recherche des professionnels de l&#039;industrie pour apporter de nouvelles id\u00e9es, solutions et innovations aux probl\u00e8mes et d\u00e9fis actuels auxquels l&#039;industrie du voyage est confront\u00e9e. Si vous avez un concept de session int\u00e9ressant, vous \u00eates invit\u00e9 \u00e0 soumettre une proposition \u00e9crite pour un prochain \u00e9v\u00e9nement GBTA.<\/p>\n\n\n\n<p>Les s\u00e9ances de formation \u00e0 la convention et \u00e0 la conf\u00e9rence GBTA consistent en des s\u00e9ances de 45 minutes. GBTA accepte les propositions sur une base continue et sera \u00e9valu\u00e9e en fonction du calendrier des \u00e9v\u00e9nements. Veuillez noter que les d\u00e9lais de proposition diff\u00e8rent pour chaque \u00e9v\u00e9nement GBTA. Il n&#039;y a pas de limite au nombre de propositions que vous pouvez soumettre par \u00e9v\u00e9nement. Cependant, si vous souhaitez que votre proposition soit consid\u00e9r\u00e9e pour plusieurs \u00e9v\u00e9nements, vous devez soumettre une proposition par \u00e9v\u00e9nement.<\/p>\n\n\n\n<p>Les notifications seront envoy\u00e9es par e-mail.<\/p>\n\n\n\n<p><strong>L&#039;appel \u00e0 propositions pour le congr\u00e8s 2022 est clos.<\/strong><\/p>\n<\/div><\/div>\n<\/div><\/div><\/div>\n\n\n<style>#kt-layout-id_4d705a-6f > .kt-row-column-wrap{align-content:start;}:where(#kt-layout-id_4d705a-6f > .kt-row-column-wrap) > .wp-block-kadence-column{justify-content:start;}#kt-layout-id_4d705a-6f > .kt-row-column-wrap{column-gap:var(--global-kb-gap-md, 2rem);row-gap:var(--global-kb-gap-md, 2rem);padding-top:var( --global-kb-row-default-top, 25px );padding-bottom:var( --global-kb-row-default-bottom, 25px );padding-top:var(--global-kb-spacing-sm, 1.5rem);padding-bottom:var(--global-kb-spacing-sm, 1.5rem);grid-template-columns:minmax(0, calc(60% - ((var(--global-kb-gap-md, 2rem) * 1 )\/2)))minmax(0, calc(40% - ((var(--global-kb-gap-md, 2rem) * 1 )\/2)));}#kt-layout-id_4d705a-6f > .kt-row-layout-overlay{opacity:0.30;}@media all and (max-width: 1024px){#kt-layout-id_4d705a-6f > .kt-row-column-wrap{grid-template-columns:repeat(2, minmax(0, 1fr));}}@media all and (max-width: 767px){#kt-layout-id_4d705a-6f > .kt-row-column-wrap{grid-template-columns:minmax(0, 1fr);}}<\/style>\n<div class=\"wp-block-kadence-rowlayout alignnone\"><div id=\"kt-layout-id_4d705a-6f\" class=\"kt-row-layout-inner kt-layout-id_4d705a-6f\"><div class=\"kt-row-column-wrap kt-has-2-columns kt-gutter-default kt-v-gutter-default kt-row-valign-top kt-row-layout-equal kt-tab-layout-inherit kt-m-colapse-left-to-right kt-mobile-layout-row  kt-custom-first-width-60  kt-custom-second-width-40\"><style>.kadence-column_dc1e90-56 > .kt-inside-inner-col{border-top-width:0px;border-right-width:0px;border-bottom-width:0px;border-left-width:0px;}.kadence-column_dc1e90-56 > .kt-inside-inner-col,.kadence-column_dc1e90-56 > .kt-inside-inner-col:before{border-top-left-radius:0px;border-top-right-radius:0px;border-bottom-right-radius:0px;border-bottom-left-radius:0px;}.kadence-column_dc1e90-56 > .kt-inside-inner-col{column-gap:var(--global-kb-gap-sm, 1rem);}.kadence-column_dc1e90-56 > .kt-inside-inner-col{flex-direction:column;}.kadence-column_dc1e90-56 > .kt-inside-inner-col > .aligncenter{width:100%;}.kadence-column_dc1e90-56 > .kt-inside-inner-col:before{opacity:0.3;}.kadence-column_dc1e90-56{position:relative;}@media all and (max-width: 1024px){.kadence-column_dc1e90-56 > .kt-inside-inner-col{flex-direction:column;}}@media all and (max-width: 767px){.kadence-column_dc1e90-56 > .kt-inside-inner-col{flex-direction:column;}}<\/style>\n<div class=\"wp-block-kadence-column inner-column-1 kadence-column_dc1e90-56\"><div class=\"kt-inside-inner-col\"><h2 class=\"wp-block-heading\" id=\"proposals-for-online-programs\">Propositions de programmes en ligne<\/h2>\n\n\n<p>GBTA recherche des professionnels pour apporter de nouvelles id\u00e9es, solutions et innovations aux sujets et d\u00e9fis actuels des voyages d&#039;affaires. Si vous avez une id\u00e9e pour un webinaire GBTA ou si vous souhaitez devenir conf\u00e9rencier, veuillez soumettre une proposition ci-dessous.<\/p>\n\n\n\n<p>Les programmes en ligne GBTA comprennent des webinaires de 60 minutes ax\u00e9s sur les tendances du secteur, les meilleures pratiques et les nouvelles solutions, ainsi que des sessions de formation en ligne de 90 minutes avec des objectifs d&#039;apprentissage d\u00e9finis, con\u00e7us pour accro\u00eetre les comp\u00e9tences, les connaissances et les capacit\u00e9s des participants. Les pr\u00e9sentateurs doivent allouer du temps pour une session de questions et r\u00e9ponses dans les d\u00e9lais du programme.<br><br>Un membre de l&#039;\u00e9quipe de d\u00e9veloppement professionnel GBTA vous contactera pour planifier un webinaire si la proposition est accept\u00e9e. Les particuliers sont invit\u00e9s \u00e0 soumettre des propositions tout au long de l&#039;ann\u00e9e. Les propositions faisant la promotion de produits ou de services sp\u00e9cifiques ne seront pas accept\u00e9es.<\/p>\n\n\n\n<div class=\"wp-block-buttons is-layout-flex wp-block-buttons-is-layout-flex\">\n<div class=\"wp-block-button\"><a class=\"wp-block-button__link\" href=\"https:\/\/form.jotform.com\/43383895225968\" target=\"_blank\" rel=\"noreferrer noopener\">SOUMETTRE UNE PROPOSITION<\/a><\/div>\n<\/div>\n<\/div><\/div>\n\n\n<style>.kadence-column_48a840-a1 > .kt-inside-inner-col{border-top-width:0px;border-right-width:0px;border-bottom-width:0px;border-left-width:0px;}.kadence-column_48a840-a1 > .kt-inside-inner-col,.kadence-column_48a840-a1 > .kt-inside-inner-col:before{border-top-left-radius:0px;border-top-right-radius:0px;border-bottom-right-radius:0px;border-bottom-left-radius:0px;}.kadence-column_48a840-a1 > .kt-inside-inner-col{column-gap:var(--global-kb-gap-sm, 1rem);}.kadence-column_48a840-a1 > .kt-inside-inner-col{flex-direction:column;}.kadence-column_48a840-a1 > .kt-inside-inner-col > .aligncenter{width:100%;}.kadence-column_48a840-a1 > .kt-inside-inner-col:before{opacity:0.3;}.kadence-column_48a840-a1{position:relative;}@media all and (max-width: 1024px){.kadence-column_48a840-a1 > .kt-inside-inner-col{flex-direction:column;}}@media all and (max-width: 767px){.kadence-column_48a840-a1 > .kt-inside-inner-col{flex-direction:column;}}<\/style>\n<div class=\"wp-block-kadence-column inner-column-2 kadence-column_48a840-a1\"><div class=\"kt-inside-inner-col\">\n<figure class=\"wp-block-image size-full\"><img loading=\"lazy\" decoding=\"async\" width=\"534\" height=\"282\" src=\"https:\/\/gbta.org\/wp-content\/uploads\/SpeakingOpps_Online_534x282.jpg\" alt=\"speakingopps online 534x282\" class=\"wp-image-3494\" srcset=\"https:\/\/gbta.org\/wp-content\/uploads\/SpeakingOpps_Online_534x282.jpg 534w, https:\/\/gbta.org\/wp-content\/uploads\/SpeakingOpps_Online_534x282-300x158.jpg 300w\" sizes=\"auto, (max-width: 534px) 100vw, 534px\" \/><\/figure>\n<\/div><\/div>\n<\/div><\/div><\/div>\n\n\n<style>#kt-layout-id_f9ccf1-9b > .kt-row-column-wrap{align-content:start;}:where(#kt-layout-id_f9ccf1-9b > .kt-row-column-wrap) > .wp-block-kadence-column{justify-content:start;}#kt-layout-id_f9ccf1-9b > .kt-row-column-wrap{column-gap:var(--global-kb-gap-md, 2rem);row-gap:var(--global-kb-gap-md, 2rem);padding-top:var( --global-kb-row-default-top, 25px );padding-bottom:var( --global-kb-row-default-bottom, 25px );padding-top:var(--global-kb-spacing-sm, 1.5rem);padding-bottom:var(--global-kb-spacing-sm, 1.5rem);grid-template-columns:minmax(0, 1fr);}#kt-layout-id_f9ccf1-9b > .kt-row-layout-overlay{opacity:0.30;}@media all and (max-width: 1024px){#kt-layout-id_f9ccf1-9b > .kt-row-column-wrap{grid-template-columns:minmax(0, 1fr);}}@media all and (max-width: 767px){#kt-layout-id_f9ccf1-9b > .kt-row-column-wrap{grid-template-columns:minmax(0, 1fr);}}<\/style>\n<div class=\"wp-block-kadence-rowlayout alignnone\"><div id=\"kt-layout-id_f9ccf1-9b\" class=\"kt-row-layout-inner kt-layout-id_f9ccf1-9b\"><div class=\"kt-row-column-wrap kt-has-1-columns kt-gutter-default kt-v-gutter-default kt-row-valign-top kt-row-layout-equal kt-tab-layout-inherit kt-m-colapse-left-to-right kt-mobile-layout-row\"><style>.kadence-column_8ee467-33 > .kt-inside-inner-col{border-top-width:0px;border-right-width:0px;border-bottom-width:0px;border-left-width:0px;}.kadence-column_8ee467-33 > .kt-inside-inner-col,.kadence-column_8ee467-33 > .kt-inside-inner-col:before{border-top-left-radius:0px;border-top-right-radius:0px;border-bottom-right-radius:0px;border-bottom-left-radius:0px;}.kadence-column_8ee467-33 > .kt-inside-inner-col{column-gap:var(--global-kb-gap-sm, 1rem);}.kadence-column_8ee467-33 > .kt-inside-inner-col{flex-direction:column;}.kadence-column_8ee467-33 > .kt-inside-inner-col > .aligncenter{width:100%;}.kadence-column_8ee467-33 > .kt-inside-inner-col:before{opacity:0.3;}.kadence-column_8ee467-33{position:relative;}@media all and (max-width: 1024px){.kadence-column_8ee467-33 > .kt-inside-inner-col{flex-direction:column;}}@media all and (max-width: 767px){.kadence-column_8ee467-33 > .kt-inside-inner-col{flex-direction:column;}}<\/style>\n<div class=\"wp-block-kadence-column inner-column-1 kadence-column_8ee467-33\"><div class=\"kt-inside-inner-col\">\n<p>S&#039;il vous pla\u00eet contactez\u00a0<a href=\"mailto:pd@gbta.org\">pd@gbta.org<\/a>\u00a0avec toutes les questions.\u00a0<\/p>\n<\/div><\/div>\n<\/div><\/div><\/div>","protected":false},"excerpt":{"rendered":"<p>Propositions de congr\u00e8s et de conf\u00e9rences GBTA recherche des professionnels de l&#039;industrie pour apporter de nouvelles id\u00e9es, solutions et innovations aux probl\u00e8mes et d\u00e9fis actuels auxquels est confront\u00e9e l&#039;industrie du voyage. Si vous avez un\u2026<\/p>","protected":false},"author":25,"featured_media":0,"parent":122,"menu_order":0,"comment_status":"closed","ping_status":"closed","template":"","meta":{"_acf_changed":false,"_seopress_robots_primary_cat":"","_seopress_titles_title":"","_seopress_titles_desc":"","_seopress_robots_index":"yes","om_disable_all_campaigns":false,"_relevanssi_hide_post":"","_relevanssi_hide_content":"","_relevanssi_pin_for_all":"","_relevanssi_pin_keywords":"","_relevanssi_unpin_keywords":"","_relevanssi_related_keywords":"","_relevanssi_related_include_ids":"","_relevanssi_related_exclude_ids":"","_relevanssi_related_no_append":"","_relevanssi_related_not_related":"","_relevanssi_related_posts":"1,415,661,662,664,666","_relevanssi_noindex_reason":"","_kad_blocks_custom_css":"","_kad_blocks_head_custom_js":"","_kad_blocks_body_custom_js":"","_kad_blocks_footer_custom_js":"","_kad_post_transparent":"","_kad_post_title":"","_kad_post_layout":"","_kad_post_sidebar_id":"","_kad_post_content_style":"","_kad_post_vertical_padding":"","_kad_post_feature":"","_kad_post_feature_position":"","_kad_post_header":false,"_kad_post_footer":false,"footnotes":"","_links_to":"","_links_to_target":""},"class_list":["post-2884","page","type-page","status-publish","hentry"],"acf":[],"featured_image_src_large":false,"author_info":{"display_name":"jcampbell","author_link":"https:\/\/gbta.org\/fr\/author\/jcampbell\/"},"comment_info":"","taxonomy_info":[],"mfb_rest_fields":["featured_image_src_large","author_info","comment_info","taxonomy_info"],"_links":{"self":[{"href":"https:\/\/gbta.org\/fr\/wp-json\/wp\/v2\/pages\/2884","targetHints":{"allow":["GET"]}}],"collection":[{"href":"https:\/\/gbta.org\/fr\/wp-json\/wp\/v2\/pages"}],"about":[{"href":"https:\/\/gbta.org\/fr\/wp-json\/wp\/v2\/types\/page"}],"author":[{"embeddable":true,"href":"https:\/\/gbta.org\/fr\/wp-json\/wp\/v2\/users\/25"}],"replies":[{"embeddable":true,"href":"https:\/\/gbta.org\/fr\/wp-json\/wp\/v2\/comments?post=2884"}],"version-history":[{"count":0,"href":"https:\/\/gbta.org\/fr\/wp-json\/wp\/v2\/pages\/2884\/revisions"}],"up":[{"embeddable":true,"href":"https:\/\/gbta.org\/fr\/wp-json\/wp\/v2\/pages\/122"}],"wp:attachment":[{"href":"https:\/\/gbta.org\/fr\/wp-json\/wp\/v2\/media?parent=2884"}],"curies":[{"name":"wp","href":"https:\/\/api.w.org\/{rel}","templated":true}]}}