{"id":292,"date":"2022-06-30T14:46:44","date_gmt":"2022-06-30T18:46:44","guid":{"rendered":"https:\/\/gbta.org\/?page_id=292"},"modified":"2022-07-30T03:03:43","modified_gmt":"2022-07-30T07:03:43","slug":"refund-cancellation-policy","status":"publish","type":"page","link":"https:\/\/gbta.org\/fr\/refund-cancellation-policy\/","title":{"rendered":"Politique de remboursement et d&#039;annulation"},"content":{"rendered":"<style>#kt-layout-id_41132d-8b > .kt-row-column-wrap{align-content:start;}:where(#kt-layout-id_41132d-8b > .kt-row-column-wrap) > .wp-block-kadence-column{justify-content:start;}#kt-layout-id_41132d-8b > .kt-row-column-wrap{column-gap:var(--global-kb-gap-md, 2rem);row-gap:var(--global-kb-gap-md, 2rem);max-width:var( --global-content-width, 1440px );padding-left:var(--global-content-edge-padding);padding-right:var(--global-content-edge-padding);padding-top:var( --global-kb-row-default-top, 25px );padding-bottom:var( --global-kb-row-default-bottom, 25px );padding-top:50px;padding-bottom:15px;grid-template-columns:minmax(0, 1fr);}#kt-layout-id_41132d-8b > .kt-row-layout-overlay{opacity:0.30;}@media all and (max-width: 1024px){#kt-layout-id_41132d-8b > .kt-row-column-wrap{grid-template-columns:minmax(0, 1fr);}}@media all and (max-width: 767px){#kt-layout-id_41132d-8b > .kt-row-column-wrap{grid-template-columns:minmax(0, 1fr);}}<\/style>\n<section class=\"wp-block-kadence-rowlayout alignnone\"><div id=\"kt-layout-id_41132d-8b\" class=\"kt-row-layout-inner kt-layout-id_41132d-8b\"><div class=\"kt-row-column-wrap kt-has-1-columns kt-gutter-default kt-v-gutter-default kt-row-valign-top kt-row-layout-equal kt-tab-layout-inherit kt-m-colapse-left-to-right kt-mobile-layout-row kb-theme-content-width\"><style>.kadence-column_b795ff-22 > .kt-inside-inner-col{border-top-width:0px;border-right-width:0px;border-bottom-width:0px;border-left-width:0px;}.kadence-column_b795ff-22 > .kt-inside-inner-col,.kadence-column_b795ff-22 > .kt-inside-inner-col:before{border-top-left-radius:0px;border-top-right-radius:0px;border-bottom-right-radius:0px;border-bottom-left-radius:0px;}.kadence-column_b795ff-22 > .kt-inside-inner-col{column-gap:var(--global-kb-gap-sm, 1rem);}.kadence-column_b795ff-22 > .kt-inside-inner-col{flex-direction:column;}.kadence-column_b795ff-22 > .kt-inside-inner-col > .aligncenter{width:100%;}.kadence-column_b795ff-22 > .kt-inside-inner-col:before{opacity:0.3;}.kadence-column_b795ff-22{position:relative;}@media all and (max-width: 1024px){.kadence-column_b795ff-22 > .kt-inside-inner-col{flex-direction:column;}}@media all and (max-width: 767px){.kadence-column_b795ff-22 > .kt-inside-inner-col{flex-direction:column;}}<\/style>\n<div class=\"wp-block-kadence-column inner-column-1 kadence-column_b795ff-22\"><div class=\"kt-inside-inner-col\"><style>.wp-block-kadence-advancedheading.kt-adv-heading_6387bf-0f, .wp-block-kadence-advancedheading.kt-adv-heading_6387bf-0f[data-kb-block=\"kb-adv-heading_6387bf-0f\"]{font-style:normal;}.wp-block-kadence-advancedheading.kt-adv-heading_6387bf-0f mark.kt-highlight, .wp-block-kadence-advancedheading.kt-adv-heading_6387bf-0f[data-kb-block=\"kb-adv-heading_6387bf-0f\"] mark.kt-highlight{font-style:normal;color:#f76a0c;-webkit-box-decoration-break:clone;box-decoration-break:clone;padding-top:0px;padding-right:0px;padding-bottom:0px;padding-left:0px;}<\/style>\n<h2 class=\"kt-adv-heading_6387bf-0f wp-block-kadence-advancedheading\" data-kb-block=\"kb-adv-heading_6387bf-0f\">Politique de remboursement\/d&#039;annulation de l&#039;adh\u00e9sion \u00e0 la GBTA<\/h2>\n\n\n\n<p>La Global Business Travel Association (GBTA) se r\u00e9serve le droit de refuser\/d&#039;annuler une adh\u00e9sion \u00e0 la GBTA.<\/p>\n\n\n\n<p>Si GBTA refuse une nouvelle adh\u00e9sion ou un renouvellement d&#039;adh\u00e9sion, les inscrits se verront offrir un remboursement.<\/p>\n<\/div><\/div>\n<\/div><\/div><\/section>\n\n\n<style>#kt-layout-id_a60873-aa > .kt-row-column-wrap{align-content:start;}:where(#kt-layout-id_a60873-aa > .kt-row-column-wrap) > .wp-block-kadence-column{justify-content:start;}#kt-layout-id_a60873-aa > .kt-row-column-wrap{column-gap:var(--global-kb-gap-md, 2rem);row-gap:var(--global-kb-gap-md, 2rem);max-width:var( --global-content-width, 1440px );padding-left:var(--global-content-edge-padding);padding-right:var(--global-content-edge-padding);padding-top:var( --global-kb-row-default-top, 25px );padding-bottom:var( --global-kb-row-default-bottom, 25px );padding-bottom:15px;grid-template-columns:minmax(0, 1fr);}#kt-layout-id_a60873-aa > .kt-row-layout-overlay{opacity:0.30;}@media all and (max-width: 1024px){#kt-layout-id_a60873-aa > .kt-row-column-wrap{grid-template-columns:minmax(0, 1fr);}}@media all and (max-width: 767px){#kt-layout-id_a60873-aa > .kt-row-column-wrap{grid-template-columns:minmax(0, 1fr);}}<\/style>\n<section class=\"wp-block-kadence-rowlayout alignnone\"><div id=\"kt-layout-id_a60873-aa\" class=\"kt-row-layout-inner kt-layout-id_a60873-aa\"><div class=\"kt-row-column-wrap kt-has-1-columns kt-gutter-default kt-v-gutter-default kt-row-valign-top kt-row-layout-equal kt-tab-layout-inherit kt-m-colapse-left-to-right kt-mobile-layout-row kb-theme-content-width\"><style>.kadence-column_1d8887-7c > .kt-inside-inner-col{border-top-width:0px;border-right-width:0px;border-bottom-width:0px;border-left-width:0px;}.kadence-column_1d8887-7c > .kt-inside-inner-col,.kadence-column_1d8887-7c > .kt-inside-inner-col:before{border-top-left-radius:0px;border-top-right-radius:0px;border-bottom-right-radius:0px;border-bottom-left-radius:0px;}.kadence-column_1d8887-7c > .kt-inside-inner-col{column-gap:var(--global-kb-gap-sm, 1rem);}.kadence-column_1d8887-7c > .kt-inside-inner-col{flex-direction:column;}.kadence-column_1d8887-7c > .kt-inside-inner-col > .aligncenter{width:100%;}.kadence-column_1d8887-7c > .kt-inside-inner-col:before{opacity:0.3;}.kadence-column_1d8887-7c{position:relative;}@media all and (max-width: 1024px){.kadence-column_1d8887-7c > .kt-inside-inner-col{flex-direction:column;}}@media all and (max-width: 767px){.kadence-column_1d8887-7c > .kt-inside-inner-col{flex-direction:column;}}<\/style>\n<div class=\"wp-block-kadence-column inner-column-1 kadence-column_1d8887-7c\"><div class=\"kt-inside-inner-col\"><style>.wp-block-kadence-advancedheading.kt-adv-heading_f29056-f8, .wp-block-kadence-advancedheading.kt-adv-heading_f29056-f8[data-kb-block=\"kb-adv-heading_f29056-f8\"]{font-style:normal;}.wp-block-kadence-advancedheading.kt-adv-heading_f29056-f8 mark.kt-highlight, .wp-block-kadence-advancedheading.kt-adv-heading_f29056-f8[data-kb-block=\"kb-adv-heading_f29056-f8\"] mark.kt-highlight{font-style:normal;color:#f76a0c;-webkit-box-decoration-break:clone;box-decoration-break:clone;padding-top:0px;padding-right:0px;padding-bottom:0px;padding-left:0px;}<\/style>\n<h3 class=\"kt-adv-heading_f29056-f8 wp-block-kadence-advancedheading\" data-kb-block=\"kb-adv-heading_f29056-f8\">Annulation de l&#039;adh\u00e9sion par le participant<\/h3>\n\n\n\n<ul class=\"wp-block-list\"><li>Les annulations d&#039;adh\u00e9sion re\u00e7ues dans les 14 jours suivant l&#039;inscription peuvent \u00eatre \u00e9ligibles pour recevoir un remboursement complet moins les frais de service $50.<\/li><li>Les annulations re\u00e7ues apr\u00e8s la date limite indiqu\u00e9e ne donneront pas droit \u00e0 un remboursement.<\/li><li>Les annulations seront accept\u00e9es par t\u00e9l\u00e9phone, fax ou e-mail et doivent \u00eatre re\u00e7ues avant la date limite d&#039;annulation indiqu\u00e9e.<\/li><li>Tous les avantages et incitatifs re\u00e7us par le participant doivent \u00eatre annul\u00e9s\/retourn\u00e9s \u00e0 la GBTA.<\/li><li>Toutes les demandes de remboursement doivent \u00eatre faites par le participant ou le titulaire de la carte de cr\u00e9dit.<\/li><li>Les demandes de remboursement doivent inclure le nom du participant et\/ou le num\u00e9ro de transaction.<\/li><li>Les remboursements seront cr\u00e9dit\u00e9s sur la carte de cr\u00e9dit originale utilis\u00e9e pour le paiement.<\/li><\/ul>\n\n\n\n<p>Ces politiques ci-dessus s&#039;appliquent \u00e0 toutes les adh\u00e9sions \u00e0 la GBTA, sauf indication contraire dans les documents du programme correspondant. Veuillez lire attentivement toutes les informations sur chaque programme.<\/p>\n<\/div><\/div>\n<\/div><\/div><\/section>\n\n\n<style>#kt-layout-id_91cb9e-3e > .kt-row-column-wrap{align-content:start;}:where(#kt-layout-id_91cb9e-3e > .kt-row-column-wrap) > .wp-block-kadence-column{justify-content:start;}#kt-layout-id_91cb9e-3e > .kt-row-column-wrap{column-gap:var(--global-kb-gap-md, 2rem);row-gap:var(--global-kb-gap-md, 2rem);max-width:var( --global-content-width, 1440px );padding-left:var(--global-content-edge-padding);padding-right:var(--global-content-edge-padding);padding-top:var( --global-kb-row-default-top, 25px );padding-bottom:var( --global-kb-row-default-bottom, 25px );padding-bottom:15px;grid-template-columns:minmax(0, 1fr);}#kt-layout-id_91cb9e-3e > .kt-row-layout-overlay{opacity:0.30;}@media all and (max-width: 1024px){#kt-layout-id_91cb9e-3e > .kt-row-column-wrap{grid-template-columns:minmax(0, 1fr);}}@media all and (max-width: 767px){#kt-layout-id_91cb9e-3e > .kt-row-column-wrap{grid-template-columns:minmax(0, 1fr);}}<\/style>\n<section class=\"wp-block-kadence-rowlayout alignnone\"><div id=\"kt-layout-id_91cb9e-3e\" class=\"kt-row-layout-inner kt-layout-id_91cb9e-3e\"><div class=\"kt-row-column-wrap kt-has-1-columns kt-gutter-default kt-v-gutter-default kt-row-valign-top kt-row-layout-equal kt-tab-layout-inherit kt-m-colapse-left-to-right kt-mobile-layout-row kb-theme-content-width\"><style>.kadence-column_d9aff4-4f > .kt-inside-inner-col{border-top-width:0px;border-right-width:0px;border-bottom-width:0px;border-left-width:0px;}.kadence-column_d9aff4-4f > .kt-inside-inner-col,.kadence-column_d9aff4-4f > .kt-inside-inner-col:before{border-top-left-radius:0px;border-top-right-radius:0px;border-bottom-right-radius:0px;border-bottom-left-radius:0px;}.kadence-column_d9aff4-4f > .kt-inside-inner-col{column-gap:var(--global-kb-gap-sm, 1rem);}.kadence-column_d9aff4-4f > .kt-inside-inner-col{flex-direction:column;}.kadence-column_d9aff4-4f > .kt-inside-inner-col > .aligncenter{width:100%;}.kadence-column_d9aff4-4f > .kt-inside-inner-col:before{opacity:0.3;}.kadence-column_d9aff4-4f{position:relative;}@media all and (max-width: 1024px){.kadence-column_d9aff4-4f > .kt-inside-inner-col{flex-direction:column;}}@media all and (max-width: 767px){.kadence-column_d9aff4-4f > .kt-inside-inner-col{flex-direction:column;}}<\/style>\n<div class=\"wp-block-kadence-column inner-column-1 kadence-column_d9aff4-4f\"><div class=\"kt-inside-inner-col\"><style>.wp-block-kadence-advancedheading.kt-adv-heading_9d823f-0e, .wp-block-kadence-advancedheading.kt-adv-heading_9d823f-0e[data-kb-block=\"kb-adv-heading_9d823f-0e\"]{font-style:normal;}.wp-block-kadence-advancedheading.kt-adv-heading_9d823f-0e mark.kt-highlight, .wp-block-kadence-advancedheading.kt-adv-heading_9d823f-0e[data-kb-block=\"kb-adv-heading_9d823f-0e\"] mark.kt-highlight{font-style:normal;color:#f76a0c;-webkit-box-decoration-break:clone;box-decoration-break:clone;padding-top:0px;padding-right:0px;padding-bottom:0px;padding-left:0px;}<\/style>\n<h3 class=\"kt-adv-heading_9d823f-0e wp-block-kadence-advancedheading\" data-kb-block=\"kb-adv-heading_9d823f-0e\">Annulation de l&#039;\u00e9v\u00e9nement par le sponsor<\/h3>\n\n\n\n<p>La Global Business Travel Association (GBTA) se r\u00e9serve le droit d&#039;annuler un \u00e9v\u00e9nement en raison d&#039;un faible nombre d&#039;inscriptions ou d&#039;autres circonstances qui rendraient l&#039;\u00e9v\u00e9nement non viable. Si GBTA annule un \u00e9v\u00e9nement, les inscrits se verront offrir un remboursement complet.<\/p>\n\n\n\n<p>En cas de circonstances entra\u00eenant le report d&#039;un \u00e9v\u00e9nement, GBTA a le droit d&#039;\u00e9mettre un remboursement complet ou de transf\u00e9rer l&#039;inscription au m\u00eame \u00e9v\u00e9nement \u00e0 la nouvelle date future.<\/p>\n<\/div><\/div>\n<\/div><\/div><\/section>\n\n\n<style>#kt-layout-id_461d44-fe > .kt-row-column-wrap{align-content:start;}:where(#kt-layout-id_461d44-fe > .kt-row-column-wrap) > .wp-block-kadence-column{justify-content:start;}#kt-layout-id_461d44-fe > .kt-row-column-wrap{column-gap:var(--global-kb-gap-md, 2rem);row-gap:var(--global-kb-gap-md, 2rem);max-width:var( --global-content-width, 1440px );padding-left:var(--global-content-edge-padding);padding-right:var(--global-content-edge-padding);padding-top:var( --global-kb-row-default-top, 25px );padding-bottom:var( --global-kb-row-default-bottom, 25px );padding-bottom:15px;grid-template-columns:minmax(0, 1fr);}#kt-layout-id_461d44-fe > .kt-row-layout-overlay{opacity:0.30;}@media all and (max-width: 1024px){#kt-layout-id_461d44-fe > .kt-row-column-wrap{grid-template-columns:minmax(0, 1fr);}}@media all and (max-width: 767px){#kt-layout-id_461d44-fe > .kt-row-column-wrap{grid-template-columns:minmax(0, 1fr);}}<\/style>\n<section class=\"wp-block-kadence-rowlayout alignnone\"><div id=\"kt-layout-id_461d44-fe\" class=\"kt-row-layout-inner kt-layout-id_461d44-fe\"><div class=\"kt-row-column-wrap kt-has-1-columns kt-gutter-default kt-v-gutter-default kt-row-valign-top kt-row-layout-equal kt-tab-layout-inherit kt-m-colapse-left-to-right kt-mobile-layout-row kb-theme-content-width\"><style>.kadence-column_3571c4-e0 > .kt-inside-inner-col{border-top-width:0px;border-right-width:0px;border-bottom-width:0px;border-left-width:0px;}.kadence-column_3571c4-e0 > .kt-inside-inner-col,.kadence-column_3571c4-e0 > .kt-inside-inner-col:before{border-top-left-radius:0px;border-top-right-radius:0px;border-bottom-right-radius:0px;border-bottom-left-radius:0px;}.kadence-column_3571c4-e0 > .kt-inside-inner-col{column-gap:var(--global-kb-gap-sm, 1rem);}.kadence-column_3571c4-e0 > .kt-inside-inner-col{flex-direction:column;}.kadence-column_3571c4-e0 > .kt-inside-inner-col > .aligncenter{width:100%;}.kadence-column_3571c4-e0 > .kt-inside-inner-col:before{opacity:0.3;}.kadence-column_3571c4-e0{position:relative;}@media all and (max-width: 1024px){.kadence-column_3571c4-e0 > .kt-inside-inner-col{flex-direction:column;}}@media all and (max-width: 767px){.kadence-column_3571c4-e0 > .kt-inside-inner-col{flex-direction:column;}}<\/style>\n<div class=\"wp-block-kadence-column inner-column-1 kadence-column_3571c4-e0\"><div class=\"kt-inside-inner-col\"><style>.wp-block-kadence-advancedheading.kt-adv-heading_d76073-17, .wp-block-kadence-advancedheading.kt-adv-heading_d76073-17[data-kb-block=\"kb-adv-heading_d76073-17\"]{font-style:normal;}.wp-block-kadence-advancedheading.kt-adv-heading_d76073-17 mark.kt-highlight, .wp-block-kadence-advancedheading.kt-adv-heading_d76073-17[data-kb-block=\"kb-adv-heading_d76073-17\"] mark.kt-highlight{font-style:normal;color:#f76a0c;-webkit-box-decoration-break:clone;box-decoration-break:clone;padding-top:0px;padding-right:0px;padding-bottom:0px;padding-left:0px;}<\/style>\n<h3 class=\"kt-adv-heading_d76073-17 wp-block-kadence-advancedheading\" data-kb-block=\"kb-adv-heading_d76073-17\">Annulation de l&#039;inscription par le participant<\/h3>\n\n\n\n<ul class=\"wp-block-list\"><li>Sauf indication contraire sur les documents d&#039;inscription, la date limite pour recevoir un remboursement de votre inscription est de 30 jours ouvrables avant l&#039;\u00e9v\u00e9nement.<\/li><li>Les annulations d&#039;inscription re\u00e7ues avant la date limite peuvent donner droit \u00e0 un remboursement moins les frais de service $75.<\/li><li>Les annulations re\u00e7ues apr\u00e8s la date limite indiqu\u00e9e ne donneront pas droit \u00e0 un remboursement.<\/li><li>Aucun remboursement ne sera disponible pour les personnes inscrites qui choisissent de ne pas assister \u00e0 un \u00e9v\u00e9nement.<\/li><li>Les annulations seront accept\u00e9es par \u00e9crit uniquement et doivent \u00eatre re\u00e7ues avant la date limite d&#039;annulation indiqu\u00e9e.<\/li><li>Toutes les demandes de remboursement doivent \u00eatre faites par le participant ou le titulaire de la carte de cr\u00e9dit.<\/li><li>Les demandes de remboursement doivent inclure le nom du participant et\/ou le num\u00e9ro de transaction.<\/li><li>Les remboursements seront cr\u00e9dit\u00e9s sur la carte de cr\u00e9dit originale utilis\u00e9e pour le paiement. <\/li><\/ul>\n\n\n\n<p>Ces politiques ci-dessus s&#039;appliquent \u00e0 tous les \u00e9v\u00e9nements GBTA, sauf indication contraire dans les documents de l&#039;\u00e9v\u00e9nement correspondant. Veuillez lire attentivement toutes les informations sur les \u00e9v\u00e9nements individuels.<\/p>\n<\/div><\/div>\n<\/div><\/div><\/section>\n\n\n<style>#kt-layout-id_3a9303-de > .kt-row-column-wrap{align-content:start;}:where(#kt-layout-id_3a9303-de > .kt-row-column-wrap) > .wp-block-kadence-column{justify-content:start;}#kt-layout-id_3a9303-de > .kt-row-column-wrap{column-gap:var(--global-kb-gap-md, 2rem);row-gap:var(--global-kb-gap-md, 2rem);max-width:var( --global-content-width, 1440px );padding-left:var(--global-content-edge-padding);padding-right:var(--global-content-edge-padding);padding-top:var( --global-kb-row-default-top, 25px );padding-bottom:var( --global-kb-row-default-bottom, 25px );padding-bottom:50px;grid-template-columns:minmax(0, 1fr);}#kt-layout-id_3a9303-de > .kt-row-layout-overlay{opacity:0.30;}@media all and (max-width: 1024px){#kt-layout-id_3a9303-de > .kt-row-column-wrap{grid-template-columns:minmax(0, 1fr);}}@media all and (max-width: 767px){#kt-layout-id_3a9303-de > .kt-row-column-wrap{grid-template-columns:minmax(0, 1fr);}}<\/style>\n<section class=\"wp-block-kadence-rowlayout alignnone\"><div id=\"kt-layout-id_3a9303-de\" class=\"kt-row-layout-inner kt-layout-id_3a9303-de\"><div class=\"kt-row-column-wrap kt-has-1-columns kt-gutter-default kt-v-gutter-default kt-row-valign-top kt-row-layout-equal kt-tab-layout-inherit kt-m-colapse-left-to-right kt-mobile-layout-row kb-theme-content-width\"><style>.kadence-column_3c4148-d7 > .kt-inside-inner-col{border-top-width:0px;border-right-width:0px;border-bottom-width:0px;border-left-width:0px;}.kadence-column_3c4148-d7 > .kt-inside-inner-col,.kadence-column_3c4148-d7 > .kt-inside-inner-col:before{border-top-left-radius:0px;border-top-right-radius:0px;border-bottom-right-radius:0px;border-bottom-left-radius:0px;}.kadence-column_3c4148-d7 > .kt-inside-inner-col{column-gap:var(--global-kb-gap-sm, 1rem);}.kadence-column_3c4148-d7 > .kt-inside-inner-col{flex-direction:column;}.kadence-column_3c4148-d7 > .kt-inside-inner-col > .aligncenter{width:100%;}.kadence-column_3c4148-d7 > .kt-inside-inner-col:before{opacity:0.3;}.kadence-column_3c4148-d7{position:relative;}@media all and (max-width: 1024px){.kadence-column_3c4148-d7 > .kt-inside-inner-col{flex-direction:column;}}@media all and (max-width: 767px){.kadence-column_3c4148-d7 > .kt-inside-inner-col{flex-direction:column;}}<\/style>\n<div class=\"wp-block-kadence-column inner-column-1 kadence-column_3c4148-d7\"><div class=\"kt-inside-inner-col\"><style>.wp-block-kadence-advancedheading.kt-adv-heading_372d62-4f, .wp-block-kadence-advancedheading.kt-adv-heading_372d62-4f[data-kb-block=\"kb-adv-heading_372d62-4f\"]{font-style:normal;}.wp-block-kadence-advancedheading.kt-adv-heading_372d62-4f mark.kt-highlight, .wp-block-kadence-advancedheading.kt-adv-heading_372d62-4f[data-kb-block=\"kb-adv-heading_372d62-4f\"] mark.kt-highlight{font-style:normal;color:#f76a0c;-webkit-box-decoration-break:clone;box-decoration-break:clone;padding-top:0px;padding-right:0px;padding-bottom:0px;padding-left:0px;}<\/style>\n<h3 class=\"kt-adv-heading_372d62-4f wp-block-kadence-advancedheading\" data-kb-block=\"kb-adv-heading_372d62-4f\">Politique de remboursement\/retour des marchandises et des produits GBTA<\/h3>\n\n\n\n<p>Tous les retours de biens et de mat\u00e9riel achet\u00e9s directement aupr\u00e8s de la Global Business Travel Association n\u00e9cessitent une autorisation pr\u00e9alable. Les frais d&#039;exp\u00e9dition et de manutention ne sont pas remboursables; Les retours doivent \u00eatre autoris\u00e9s par la GBTA dans les 30 jours suivant la date de facturation. Dans les trente (30) jours suivant l&#039;achat, nous remplacerons, substituerons ou r\u00e9parerons, \u00e0 notre seule discr\u00e9tion, tout produit GBTA jug\u00e9 d\u00e9fectueux.<\/p>\n\n\n\n<p>Les produits fournis\/vendus par les partenaires GBTA et les programmes d&#039;affinit\u00e9 sont soumis \u00e0 la politique de retour du partenaire.<\/p>\n\n\n\n<p>Les produits qui sont des logiciels ou t\u00e9l\u00e9chargeables \u00e0 partir de n&#039;importe quel site Web de GBTA ou des supports fournis (CD-ROM, lecteurs de m\u00e9moire, etc.) ne sont pas remboursables.<\/p>\n<\/div><\/div>\n<\/div><\/div><\/section>\n\n\n\n<p><\/p>","protected":false},"excerpt":{"rendered":"<p>Politique de remboursement\/annulation de l&#039;adh\u00e9sion \u00e0 la GBTA La Global Business Travel Association (GBTA) se r\u00e9serve le droit de refuser\/annuler une adh\u00e9sion \u00e0 la GBTA. Si la GBTA refuse une nouvelle adh\u00e9sion ou un renouvellement d\u2019adh\u00e9sion, les inscrits devront\u2026<\/p>","protected":false},"author":25,"featured_media":0,"parent":0,"menu_order":0,"comment_status":"closed","ping_status":"closed","template":"","meta":{"_acf_changed":false,"_seopress_robots_primary_cat":"","_seopress_titles_title":"","_seopress_titles_desc":"","_seopress_robots_index":"yes","om_disable_all_campaigns":false,"_relevanssi_hide_post":"","_relevanssi_hide_content":"","_relevanssi_pin_for_all":"","_relevanssi_pin_keywords":"","_relevanssi_unpin_keywords":"","_relevanssi_related_keywords":"","_relevanssi_related_include_ids":"","_relevanssi_related_exclude_ids":"","_relevanssi_related_no_append":"","_relevanssi_related_not_related":"","_relevanssi_related_posts":"1","_relevanssi_noindex_reason":"","_kad_blocks_custom_css":"","_kad_blocks_head_custom_js":"","_kad_blocks_body_custom_js":"","_kad_blocks_footer_custom_js":"","_kad_post_transparent":"","_kad_post_title":"","_kad_post_layout":"","_kad_post_sidebar_id":"","_kad_post_content_style":"","_kad_post_vertical_padding":"","_kad_post_feature":"","_kad_post_feature_position":"","_kad_post_header":false,"_kad_post_footer":false,"footnotes":"","_links_to":"","_links_to_target":""},"class_list":["post-292","page","type-page","status-publish","hentry"],"acf":[],"featured_image_src_large":false,"author_info":{"display_name":"jcampbell","author_link":"https:\/\/gbta.org\/fr\/author\/jcampbell\/"},"comment_info":"","taxonomy_info":[],"featured_image_src":null,"featured_image_src_square":null,"mfb_rest_fields":["featured_image_src_large","author_info","comment_info","taxonomy_info","featured_image_src","featured_image_src_square"],"_links":{"self":[{"href":"https:\/\/gbta.org\/fr\/wp-json\/wp\/v2\/pages\/292","targetHints":{"allow":["GET"]}}],"collection":[{"href":"https:\/\/gbta.org\/fr\/wp-json\/wp\/v2\/pages"}],"about":[{"href":"https:\/\/gbta.org\/fr\/wp-json\/wp\/v2\/types\/page"}],"author":[{"embeddable":true,"href":"https:\/\/gbta.org\/fr\/wp-json\/wp\/v2\/users\/25"}],"replies":[{"embeddable":true,"href":"https:\/\/gbta.org\/fr\/wp-json\/wp\/v2\/comments?post=292"}],"version-history":[{"count":0,"href":"https:\/\/gbta.org\/fr\/wp-json\/wp\/v2\/pages\/292\/revisions"}],"wp:attachment":[{"href":"https:\/\/gbta.org\/fr\/wp-json\/wp\/v2\/media?parent=292"}],"curies":[{"name":"wp","href":"https:\/\/api.w.org\/{rel}","templated":true}]}}