{"id":3167,"date":"2026-04-22T00:00:00","date_gmt":"2026-04-22T04:00:00","guid":{"rendered":"https:\/\/gbta.org\/?page_id=3167"},"modified":"2026-04-22T00:00:00","modified_gmt":"2026-04-22T04:00:00","slug":"gbta-business-travel-industry-outlook-polls","status":"publish","type":"page","link":"https:\/\/gbta.org\/fr\/research\/gbta-business-travel-industry-outlook-polls\/","title":{"rendered":"Sondages sur les perspectives de l&#039;industrie du voyage d&#039;affaires de la GBTA"},"content":{"rendered":"<h3 class=\"wp-block-heading\" id=\"gbta-research-that-tracks-whats-important-to-the-business-travel-sector\">\u00c9tude de la GBTA qui suit ce qui est important pour le secteur des voyages d&#039;affaires<\/h3>\n\n<div style=\"margin-left: auto; margin-right: auto; text-align: center; margin-bottom: 20px; \" id=\"advads-1204563377\"><script async=\"async\" src=\"https:\/\/securepubads.g.doubleclick.net\/tag\/js\/gpt.js\"><\/script>\n<script> var googletag = googletag || {}; googletag.cmd = googletag.cmd || [];<\/script>\n<div id=\"gpt-ad-4509742218725-0\">\n  <script>\n\tgoogletag.cmd.push(function() {\n\t\t\t\tgoogletag.defineSlot( '\/44831975\/gbta.org-RT-728x90', [728,90], 'gpt-ad-4509742218725-0' )\n\t\t.addService(googletag.pubads()).setCollapseEmptyDiv(true,true);\n\t\t\t\twindow.advadsGamEmptySlotsTimers = window.advadsGamEmptySlotsTimers || {};\n\t\tconst timers                     = window.advadsGamEmptySlotsTimers;\n\n\t\ttimers['gpt-ad-4509742218725-0'] = setTimeout( function () {\n\t\t\tconst id = 'gpt-ad-4509742218725-0';\n\t\t\tdocument.dispatchEvent( new CustomEvent( 'aagam_empty_slot', {detail: id} ) );\n\t\t\tdelete ( timers[id] );\n\t\t}, 1000 );\n\n\t\tif ( typeof window.advadsGamHasEmptySlotListener === 'undefined' ) {\n\t\t\tgoogletag.pubads().addEventListener( 'slotRequested', function ( ev ) {\n\t\t\t\tconst id = ev.slot.getSlotElementId();\n\t\t\t\tif ( typeof timers[id] === 'undefined' ) {\n\t\t\t\t\treturn;\n\t\t\t\t}\n\t\t\t\tclearTimeout( timers[id] );\n\t\t\t\ttimers[id] = setTimeout( function () {\n\t\t\t\t\tdocument.dispatchEvent( new CustomEvent( 'aagam_empty_slot', {detail: id} ) );\n\t\t\t\t\tdelete ( timers[id] );\n\t\t\t\t}, 2500 );\n\t\t\t} );\n\t\t\tgoogletag.pubads().addEventListener( 'slotResponseReceived', function ( ev ) {\n\t\t\t\tconst id = ev.slot.getSlotElementId();\n\t\t\t\tif ( typeof timers[id] !== 'undefined' ) {\n\t\t\t\t\tclearTimeout( timers[id] );\n\t\t\t\t\tdelete ( timers[id] );\n\t\t\t\t}\n\t\t\t\tif ( ! ev.slot.getResponseInformation() ) {\n\t\t\t\t\tdocument.dispatchEvent( new CustomEvent( 'aagam_empty_slot', {detail: id} ) );\n\t\t\t\t}\n\t\t\t} );\n\t\t\twindow.advadsGamHasEmptySlotListener = true;\n\t\t}\n\n\t\tgoogletag.enableServices();\n\t\tgoogletag.display( 'gpt-ad-4509742218725-0' );\n\t} );\n  <\/script>\n<\/div>\n<\/div>\n\n\n\n<p>Cr\u00e9\u00e9s \u00e0 l&#039;origine pour \u00e9valuer la reprise des voyages d&#039;affaires dans le monde tout au long de la pand\u00e9mie, les sondages de la GBTA fournissent d\u00e9sormais \u00e9galement des informations continues et des perspectives d&#039;avenir pour le secteur. Les sondages sont \u00e9galement largement lus et r\u00e9guli\u00e8rement consult\u00e9s par les m\u00e9dias, les leaders de l&#039;industrie, les d\u00e9cideurs politiques, les associations professionnelles et les agences gouvernementales, notamment le minist\u00e8re du Commerce. T\u00e9l\u00e9chargez les r\u00e9sultats et d\u00e9couvrez les principales conclusions de chaque sondage ci-dessous. Contactez Research@gbta.org pour plus d\u2019informations.<\/p>\n\n\n\n<figure class=\"wp-block-table is-style-regular\" style=\"font-size:18px\"><table class=\"has-fixed-layout\"><tbody><tr><td>April 22, 2026<\/td><td><a href=\"https:\/\/www3.gbta.org\/l\/5572\/2026-04-20\/6x2drj\/5572\/1776722633hFArptGS\/GBTA_Business_Travel_Outlook_Poll_Results__publication_April_22__2026_.pdf\">R\u00e9sultats du sondage<\/a><\/td><td><a href=\"https:\/\/www3.gbta.org\/l\/5572\/2026-04-20\/6x2drf\/5572\/17767226332cdwMdSK\/April_2026_Business_Travel_Outlook_Poll_Apr_20_Final.pdf\">Points saillants<\/a><\/td><\/tr><tr><td>January 27, 2026<\/td><td><a href=\"https:\/\/www3.gbta.org\/l\/5572\/2026-01-26\/6wsr28\/5572\/1769467001kCKckiC3\/GBTA_BUSINESS_TRAVEL_OUTLOOK_POLL_RESULTS___Q126.pdf\">R\u00e9sultats du sondage<\/a><\/td><td><a href=\"https:\/\/www3.gbta.org\/l\/5572\/2026-01-26\/6wsr2g\/5572\/1769470520TNTMyugK\/Q126_GBTA_Business_Travel_Outlook_Poll.pdf\">Points saillants<\/a><\/td><\/tr><tr><td>October 30, 2025<\/td><td><a href=\"https:\/\/gbta.org\/wp-content\/uploads\/GBTA-Business-Travel-Outlook-Poll-Results-publication-October-2025-FINAL.pdf\" data-type=\"link\" data-id=\"https:\/\/gbta.org\/wp-content\/uploads\/GBTA-Business-Travel-Outlook-Poll-Results-publication-October-2025-FINAL.pdf\">R\u00e9sultats du sondage<\/a><\/td><td><a href=\"https:\/\/gbta.org\/wp-content\/uploads\/37th-Business-Travel-Outlook-Poll-1.pdf\" data-type=\"link\" data-id=\"https:\/\/gbta.org\/wp-content\/uploads\/37th-Business-Travel-Outlook-Poll-1.pdf\">Points saillants<\/a><\/td><\/tr><tr><td>July 16, 2025<\/td><td><a href=\"https:\/\/gbta.org\/wp-content\/uploads\/GBTA-Business-Travel-Outlook-Poll-Results-publication-July-16-2025-vFinal.pdf\" data-type=\"link\" data-id=\"https:\/\/gbta.org\/wp-content\/uploads\/GBTA-Business-Travel-Outlook-Poll-Results-publication-July-16-2025-vFinal.pdf\">R\u00e9sultats du sondage<\/a><\/td><td><a href=\"https:\/\/gbta.org\/wp-content\/uploads\/2025-US-Govt-Actions-Poll_Key-Highlights-Deck-July-2025-rev.pdf\" data-type=\"link\" data-id=\"https:\/\/gbta.org\/wp-content\/uploads\/2025-US-Govt-Actions-Poll_Key-Highlights-Deck-July-2025-rev.pdf\">Points saillants<\/a><\/td><\/tr><tr><td>16 avril 2025<\/td><td><a href=\"https:\/\/gbta.org\/wp-content\/uploads\/GBTA-Business-Travel-Outlook-Poll-Results-publication-April-16-2025-FINAL.pdf\" data-type=\"link\" data-id=\"https:\/\/gbta.org\/wp-content\/uploads\/GBTA-Business-Travel-Outlook-Poll-Results-publication-April-16-2025-FINAL.pdf\" target=\"_blank\" rel=\"noreferrer noopener\">R\u00e9sultats du sondage<\/a><\/td><td><a href=\"https:\/\/gbta.org\/wp-content\/uploads\/2025-US-Govt-Actions-Poll-Deck-04.16.25-FINAL.pdf\" target=\"_blank\" rel=\"noreferrer noopener\">Points saillants<\/a><\/td><\/tr><tr><td>13 f\u00e9vrier 2025<\/td><td><a href=\"https:\/\/gbta.org\/wp-content\/uploads\/GBTA-Business-Travel-Outlook-Poll-Results-publication-February-13-2025.docx\" data-type=\"link\" data-id=\"https:\/\/gbta.org\/wp-content\/uploads\/GBTA-Business-Travel-Outlook-Poll-Results-publication-February-13-2025.docx\" target=\"_blank\" rel=\"noreferrer noopener\">R\u00e9sultats du sondage<\/a><\/td><td><a href=\"https:\/\/gbta.org\/wp-content\/uploads\/Business-Travel-Outlook-Poll-February-2025-vFinal.pptx\" data-type=\"link\" data-id=\"https:\/\/gbta.org\/wp-content\/uploads\/Business-Travel-Outlook-Poll-February-2025-vFinal.pptx\" target=\"_blank\" rel=\"noreferrer noopener\">Points saillants<\/a><\/td><\/tr><tr><td>18 novembre 2024<\/td><td><a href=\"https:\/\/gbta.org\/wp-content\/uploads\/GBTA-Business-Travel-Outlook-Poll-Results-publication-November-14-2024.pdf\" data-type=\"link\" data-id=\"https:\/\/gbta.org\/wp-content\/uploads\/GBTA-Business-Travel-Outlook-Poll-Results-publication-November-14-2024.pdf\" target=\"_blank\" rel=\"noreferrer noopener\">R\u00e9sultats du sondage<\/a><\/td><td><a href=\"https:\/\/gbta.org\/wp-content\/uploads\/Business-Travel-Outlook-Poll-Q4-2024-vFinal.pdf\" data-type=\"link\" data-id=\"https:\/\/gbta.org\/wp-content\/uploads\/Business-Travel-Outlook-Poll-Q4-2024-vFinal.pdf\" target=\"_blank\" rel=\"noreferrer noopener\">Points saillants<\/a><\/td><\/tr><tr><td>30 avril 2024<\/td><td><a href=\"https:\/\/gbta.org\/wp-content\/uploads\/GBTA-Business-Travel-Outlook-Poll-Results-publication-April-30-2024.pdf\" data-type=\"link\" data-id=\"https:\/\/gbta.org\/wp-content\/uploads\/GBTA-Business-Travel-Outlook-Poll-Results-publication-April-30-2024.pdf\">R\u00e9sultats du sondage<\/a><\/td><td><a href=\"https:\/\/gbta.org\/wp-content\/uploads\/Business-Travel-Outlook-Poll-ppt-April-30-2024-v3-1.pdf\" data-type=\"link\" data-id=\"https:\/\/gbta.org\/wp-content\/uploads\/Business-Travel-Outlook-Poll-ppt-April-30-2024-v3-1.pdf\">Points saillants<\/a><\/td><\/tr><tr><td>31 janvier 2024<\/td><td><a href=\"https:\/\/gbta.org\/wp-content\/uploads\/FINAL-GBTA-Business-Travel-Outlook-Poll-Results-publication-January-31-2024.pdf\" data-type=\"link\" data-id=\"https:\/\/gbta.org\/wp-content\/uploads\/FINAL-GBTA-Business-Travel-Outlook-Poll-Results-publication-January-31-2024.pdf\">R\u00e9sultats du sondage<\/a><\/td><td><a href=\"https:\/\/gbta.org\/wp-content\/uploads\/Business-Travel-Outlook-Poll-ppt-January-31-2024-FINAL.pdf\">Points saillants<\/a><\/td><\/tr><tr><td>30 octobre 2023<\/td><td><a href=\"https:\/\/gbta.org\/wp-content\/uploads\/RESULTS_GBTA-Business-Travel-Outlook-Poll-Results-publication-October-30-2023.pdf\" data-type=\"link\" data-id=\"https:\/\/gbta.org\/wp-content\/uploads\/RESULTS_GBTA-Business-Travel-Outlook-Poll-Results-publication-October-30-2023.pdf\">R\u00e9sultats du sondage<\/a><\/td><td><a href=\"https:\/\/gbta.org\/wp-content\/uploads\/HIGHLIGHTS_Business-Travel-Outlook-Poll-October-30-2023-FINAL.pdf\" data-type=\"link\" data-id=\"https:\/\/gbta.org\/wp-content\/uploads\/HIGHLIGHTS_Business-Travel-Outlook-Poll-October-30-2023-FINAL.pdf\">Points saillants<\/a><\/td><\/tr><tr><td>26 avril 2023<\/td><td><a href=\"https:\/\/gbta.org\/wp-content\/uploads\/GBTA-Business-Travel-Recovery-Poll-Results-publication-April-26-2023-1.pdf\" data-type=\"URL\" data-id=\"https:\/\/gbta.org\/wp-content\/uploads\/GBTA-Business-Travel-Recovery-Poll-Results-publication-April-26-2023-1.pdf\">R\u00e9sultats du sondage<\/a><\/td><td><a href=\"https:\/\/gbta.org\/wp-content\/uploads\/Business-Travel-Outlook-Poll-April-26-2023-1.pdf\" data-type=\"URL\" data-id=\"https:\/\/gbta.org\/wp-content\/uploads\/Business-Travel-Outlook-Poll-April-26-2023-1.pdf\">Points saillants<\/a><\/td><\/tr><tr><td>31 janvier 2023<\/td><td><a href=\"https:\/\/gbta.org\/wp-content\/uploads\/30th-Poll-Results-GBTA-Business-Travel-Outlook-Results-Jan-31-2023-FINAL.pdf\" data-type=\"URL\" data-id=\"https:\/\/gbta.org\/wp-content\/uploads\/30th-Poll-Results-GBTA-Business-Travel-Outlook-Results-Jan-31-2023-FINAL.pdf\">R\u00e9sultats du sondage<\/a><\/td><td><a href=\"https:\/\/gbta.org\/wp-content\/uploads\/30th-Key-Highlights-ppt-Business-Travel-Outlook-Poll-January-31-2023-FINAL.pdf\" data-type=\"URL\" data-id=\"https:\/\/gbta.org\/wp-content\/uploads\/30th-Key-Highlights-ppt-Business-Travel-Outlook-Poll-January-31-2023-FINAL.pdf\">Points saillants<\/a><\/td><\/tr><tr><td>6 octobre 2022<\/td><td><a href=\"https:\/\/gbta.org\/wp-content\/uploads\/GBTA-Business-Travel-Recovery-Poll-Results-v1-publication-Oct-6-2022-October-2022.pdf\">R\u00e9sultats du sondage<\/a><\/td><td><a href=\"https:\/\/gbta.org\/wp-content\/uploads\/Business-Travel-Recovery-Poll-October-2022-v3.pdf\">Points saillants<\/a><\/td><\/tr><tr><td>23 juin 2022<\/td><td><a href=\"https:\/\/gbta.org\/wp-content\/uploads\/28th-Poll-Results-June-23-2022-FINAL.pdf\">R\u00e9sultats du sondage<\/a><\/td><td><a href=\"https:\/\/gbta.org\/wp-content\/uploads\/Business-Travel-Recovery-Poll-Results-Deck-June-23-2022.pdf\">Points saillants<\/a><\/td><\/tr><tr><td>21 avril 2022<\/td><td><a href=\"https:\/\/gbta.org\/wp-content\/uploads\/27-Poll-Results-4-21-22.pdf\">R\u00e9sultats du sondage<\/a><\/td><td><a href=\"https:\/\/gbta.org\/wp-content\/uploads\/Business-Travel-Recovery-Poll-Results-Deck-April-21-2022.pdf\">Points saillants<\/a><\/td><\/tr><tr><td>28 f\u00e9vrier 2022<\/td><td><a href=\"https:\/\/gbta.org\/wp-content\/uploads\/26th-Poll-Results-Feb-28-2022.pdf\">R\u00e9sultats du sondage<\/a><\/td><td><a href=\"https:\/\/gbta.org\/wp-content\/uploads\/Coronavirus-Recovery-Poll-Results-Deck-February-24-2022.pdf\" target=\"_blank\" rel=\"noreferrer noopener\">Points saillants<\/a><\/td><\/tr><tr><td>20 janvier 2022<\/td><td><a href=\"https:\/\/gbta.org\/wp-content\/uploads\/25th-Poll-Results-1-20-22.pdf\">R\u00e9sultats du sondage<\/a><\/td><td><a href=\"https:\/\/gbta.org\/wp-content\/uploads\/Coronavirus-Recovery-Poll-Key-Highlights-1-20-22.pdf\">Points saillants<\/a><\/td><\/tr><tr><td>16 d\u00e9cembre 2021<\/td><td><a href=\"https:\/\/gbta.org\/wp-content\/uploads\/Omicron-Lightning-Poll-Results-December-16-2021-.pdf\">R\u00e9sultats du sondage<\/a><\/td><td><\/td><\/tr><tr><td>21 octobre 2021<\/td><td><a href=\"https:\/\/gbta.org\/wp-content\/uploads\/24th-Poll-Results-October-21-2021.pdf\" target=\"_blank\" rel=\"noreferrer noopener\">R\u00e9sultats du sondage<\/a><\/td><td><a href=\"https:\/\/gbta.org\/wp-content\/uploads\/Coronavirus-Recovery-Poll-Key-Highlights-October-21-2021.pdf\" target=\"_blank\" rel=\"noreferrer noopener\">Points saillants<\/a><\/td><\/tr><tr><td>23 septembre 2021<\/td><td><a href=\"https:\/\/gbta.org\/wp-content\/uploads\/23rd-Poll-Results-September-23-2021.pdf\" target=\"_blank\" rel=\"noreferrer noopener\">R\u00e9sultats du sondage<\/a><\/td><td><a href=\"https:\/\/gbta.org\/wp-content\/uploads\/Coronavirus-Recovery-Poll-Highlights-September-23-2021.pdf\" target=\"_blank\" rel=\"noreferrer noopener\">Points saillants<\/a><\/td><\/tr><tr><td>26 ao\u00fbt 2021<\/td><td><a href=\"https:\/\/gbta.org\/wp-content\/uploads\/22nd-Poll-Results-August-26-2021.pdf\" target=\"_blank\" rel=\"noreferrer noopener\">R\u00e9sultats du sondage<\/a><\/td><td><a href=\"https:\/\/gbta.org\/wp-content\/uploads\/Coronavirus-Recovery-Poll-Highlights-August-26-2021-V2.pdf\" target=\"_blank\" rel=\"noreferrer noopener\">Points saillants<\/a><\/td><\/tr><tr><td>19 juillet 2021<\/td><td><a href=\"https:\/\/gbta.org\/wp-content\/uploads\/21st_Poll_Results_07-19-21.pdf\" target=\"_blank\" rel=\"noreferrer noopener\">R\u00e9sultats du sondage<\/a><\/td><td><a href=\"https:\/\/gbta.org\/wp-content\/uploads\/Coronavirus_Recovery_Poll_Key_Highlights_07-19-21.pdf\" target=\"_blank\" rel=\"noreferrer noopener\">Points saillants<\/a><\/td><\/tr><tr><td>17 juin 2021<\/td><td><a href=\"https:\/\/gbta.org\/wp-content\/uploads\/20th_Poll_Results_June_17_2021.pdf\" target=\"_blank\" rel=\"noreferrer noopener\">R\u00e9sultats du sondage<\/a><\/td><td><a href=\"https:\/\/gbta.org\/wp-content\/uploads\/Coronavirus_Poll_Highlights_June_17_2021.pdf\" target=\"_blank\" rel=\"noreferrer noopener\">Points saillants<\/a><\/td><\/tr><tr><td>20 mai 2021<\/td><td><a href=\"https:\/\/gbta.org\/wp-content\/uploads\/19th_Poll_Results_May_20__2021-1.pdf\" target=\"_blank\" rel=\"noreferrer noopener\">R\u00e9sultats du sondage<\/a><\/td><td><a href=\"https:\/\/gbta.org\/wp-content\/uploads\/Poll_Highlights_May_20_2021.pdf\" target=\"_blank\" rel=\"noreferrer noopener\">Points saillants<\/a><\/td><\/tr><tr><td>22 avril 2021<\/td><td><a href=\"https:\/\/gbta.org\/wp-content\/uploads\/Poll_Results_April_22_2021.pdf\" target=\"_blank\" rel=\"noreferrer noopener\">R\u00e9sultats du sondage<\/a><\/td><td><a href=\"https:\/\/gbta.org\/wp-content\/uploads\/Coronavirus_Poll_April_22_21.pdf\" target=\"_blank\" rel=\"noreferrer noopener\">Points saillants<\/a><\/td><\/tr><tr><td>18 mars 2021<\/td><td><a href=\"https:\/\/gbta.org\/wp-content\/uploads\/gbta-poll-results-031821.pdf\" target=\"_blank\" rel=\"noreferrer noopener\">R\u00e9sultats du sondage<\/a><\/td><td><a href=\"https:\/\/gbta.org\/wp-content\/uploads\/gbta-poll-key-highlights-031821.pdf\" target=\"_blank\" rel=\"noreferrer noopener\">Points saillants<\/a><\/td><\/tr><tr><td>18 f\u00e9vrier 2021<\/td><td><a href=\"https:\/\/gbta.org\/wp-content\/uploads\/gbta-poll-results-021821.pdf\" target=\"_blank\" rel=\"noreferrer noopener\">R\u00e9sultats du sondage<\/a><\/td><td><a href=\"https:\/\/gbta.org\/wp-content\/uploads\/gbta-poll-key-highlights-021821.pdf\" target=\"_blank\" rel=\"noreferrer noopener\">Points saillants<\/a><\/td><\/tr><tr><td>21 janvier 2021<\/td><td><a href=\"https:\/\/gbta.org\/wp-content\/uploads\/gbta-poll-results-012021.pdf\" target=\"_blank\" rel=\"noreferrer noopener\">R\u00e9sultats du sondage<\/a><\/td><td><a href=\"https:\/\/gbta.org\/wp-content\/uploads\/gbta-poll-key-highlights-012021.pdf\" target=\"_blank\" rel=\"noreferrer noopener\">Points saillants<\/a><\/td><\/tr><tr><td>17 d\u00e9cembre 2020<\/td><td><a href=\"https:\/\/gbta.org\/wp-content\/uploads\/gbta-poll-results-20201217.pdf\" target=\"_blank\" rel=\"noreferrer noopener\">R\u00e9sultats du sondage<\/a><\/td><td><a href=\"https:\/\/gbta.org\/wp-content\/uploads\/gbta-poll-key-highlights-20201217.pdf\" target=\"_blank\" rel=\"noreferrer noopener\">Points saillants<\/a><\/td><\/tr><tr><td>19 novembre 2020<\/td><td><a href=\"https:\/\/gbta.org\/wp-content\/uploads\/gbta-poll-results-20201119-1.pdf\" target=\"_blank\" rel=\"noreferrer noopener\">R\u00e9sultats du sondage<\/a><\/td><td><a href=\"https:\/\/gbta.org\/wp-content\/uploads\/gbta-poll-key-highlights-20201119.pdf\" target=\"_blank\" rel=\"noreferrer noopener\">Points saillants<\/a><\/td><\/tr><tr><td>22 octobre 2020<\/td><td><a href=\"https:\/\/gbta.org\/wp-content\/uploads\/gbta-poll-results-20201022.pdf\" target=\"_blank\" rel=\"noreferrer noopener\">R\u00e9sultats du sondage<\/a><\/td><td><a href=\"https:\/\/gbta.org\/wp-content\/uploads\/gbta-poll-key-highlights-20201022.pdf\" target=\"_blank\" rel=\"noreferrer noopener\">Points saillants<\/a><\/td><\/tr><tr><td>24 septembre 2020<\/td><td><a href=\"https:\/\/gbta.org\/wp-content\/uploads\/gbta-poll-results-20200924.pdf\" target=\"_blank\" rel=\"noreferrer noopener\">R\u00e9sultats du sondage<\/a><\/td><td><a href=\"https:\/\/gbta.org\/wp-content\/uploads\/gbta-poll-key-highlights-20200924.pdf\" target=\"_blank\" rel=\"noreferrer noopener\">Points saillants<\/a><\/td><\/tr><tr><td>13 ao\u00fbt 2020<\/td><td><a href=\"https:\/\/gbta.org\/wp-content\/uploads\/gbta-poll-results-20200813.pdf\" target=\"_blank\" rel=\"noreferrer noopener\">R\u00e9sultats du sondage<\/a><\/td><td><a href=\"https:\/\/gbta.org\/wp-content\/uploads\/gbta-poll-key-highlights-20200813.pdf\" target=\"_blank\" rel=\"noreferrer noopener\">Points saillants<\/a><\/td><\/tr><tr><td>16 juillet 2020<\/td><td><a href=\"https:\/\/gbta.org\/wp-content\/uploads\/gbta-poll-results-20200716.pdf\" target=\"_blank\" rel=\"noreferrer noopener\">R\u00e9sultats du sondage<\/a><\/td><td><a href=\"https:\/\/gbta.org\/wp-content\/uploads\/gbta-poll-key-highlights-20200716.pdf\" target=\"_blank\" rel=\"noreferrer noopener\">Points saillants<\/a><\/td><\/tr><tr><td>17 juin 2020<\/td><td><a href=\"https:\/\/gbta.org\/wp-content\/uploads\/GBTA-Poll-Results-20200617.pdf\" target=\"_blank\" rel=\"noreferrer noopener\">R\u00e9sultats du sondage<\/a><\/td><td><a href=\"https:\/\/gbta.org\/wp-content\/uploads\/GBTA-poll-key-highlights-20200617.pdf\" target=\"_blank\" rel=\"noreferrer noopener\">Points saillants<\/a><\/td><\/tr><tr><td>20 mai 2020<\/td><td><a href=\"https:\/\/gbta.org\/wp-content\/uploads\/GBTA-Poll_Results_May_20_2020.pdf\" target=\"_blank\" rel=\"noreferrer noopener\">R\u00e9sultats du sondage<\/a><\/td><td><a href=\"https:\/\/gbta.org\/wp-content\/uploads\/GBTA-Poll_Key_Highlights_May_20_2020.pdf\" target=\"_blank\" rel=\"noreferrer noopener\">Points saillants<\/a><\/td><\/tr><tr><td>28 avril 2020<\/td><td><a href=\"https:\/\/gbta.org\/wp-content\/uploads\/GBTA-Poll_Results_April_28_2020.pdf\" target=\"_blank\" rel=\"noreferrer noopener\">R\u00e9sultats du sondage<\/a><\/td><td><a href=\"https:\/\/gbta.org\/wp-content\/uploads\/GBTA-Poll_Key_Highlights_April_28_2020.pdf\" target=\"_blank\" rel=\"noreferrer noopener\">Points saillants<\/a><\/td><\/tr><tr><td>8 avril 2020<\/td><td><a href=\"https:\/\/gbta.org\/wp-content\/uploads\/Coronavirus_Poll_Report-20200408.pdf\" target=\"_blank\" rel=\"noreferrer noopener\">R\u00e9sultats du sondage<\/a><\/td><td><a href=\"https:\/\/gbta.org\/wp-content\/uploads\/Coronavirus_Poll_Key_Highlights-20200408.pdf\" target=\"_blank\" rel=\"noreferrer noopener\">Points saillants<\/a><\/td><\/tr><tr><td>24 mars 2020<\/td><td><a href=\"https:\/\/gbta.org\/wp-content\/uploads\/GBTA_Coronavirus-Poll-Results032320.pdf\" target=\"_blank\" rel=\"noreferrer noopener\">R\u00e9sultats du sondage<\/a><\/td><td><a href=\"https:\/\/gbta.org\/wp-content\/uploads\/GBTA_Coronavirus-key-findings032320.pdf\" target=\"_blank\" rel=\"noreferrer noopener\">Points saillants<\/a><\/td><\/tr><tr><td>10 mars 2020<\/td><td><a href=\"https:\/\/gbta.org\/wp-content\/uploads\/Coronavirus_poll_results_030920.pdf\" target=\"_blank\" rel=\"noreferrer noopener\">R\u00e9sultats du sondage<\/a><\/td><td><a href=\"https:\/\/gbta.org\/wp-content\/uploads\/GBTA_Coronavirus_Poll_Results_-031929_ppt.pdf\" target=\"_blank\" rel=\"noreferrer noopener\">Points saillants<\/a><\/td><\/tr><tr><td>26 f\u00e9vrier 2020<\/td><td><a href=\"https:\/\/gbta.org\/wp-content\/uploads\/Coronavirus_poll_results_022520.pdf\" target=\"_blank\" rel=\"noreferrer noopener\">R\u00e9sultats du sondage<\/a><\/td><td><a href=\"https:\/\/gbta.org\/wp-content\/uploads\/Coronavirus_Poll_Results_022520_PPT_Slides.pdf\" target=\"_blank\" rel=\"noreferrer noopener\">Points saillants<\/a><\/td><\/tr><tr><td>4 f\u00e9vrier 2020<\/td><td><a href=\"https:\/\/gbta.org\/wp-content\/uploads\/Coronavirus_Poll_Results_Feb2020.pdf\" target=\"_blank\" rel=\"noreferrer noopener\">R\u00e9sultats du sondage<\/a><\/td><td><\/td><\/tr><\/tbody><\/table><\/figure>","protected":false},"excerpt":{"rendered":"<p>GBTA research that tracks what&#8217;s important to the business travel sector Originally created to benchmark the recovery of global business travel throughout the pandemic, GBTA\u2019s polls now also provide ongoing&#8230;<\/p>","protected":false},"author":18,"featured_media":9761,"parent":174,"menu_order":0,"comment_status":"closed","ping_status":"closed","template":"","meta":{"_acf_changed":false,"_seopress_robots_primary_cat":"","_seopress_titles_title":"","_seopress_titles_desc":"","_seopress_robots_index":"yes","om_disable_all_campaigns":false,"_relevanssi_hide_post":"","_relevanssi_hide_content":"","_relevanssi_pin_for_all":"","_relevanssi_pin_keywords":"","_relevanssi_unpin_keywords":"","_relevanssi_related_keywords":"","_relevanssi_related_include_ids":"","_relevanssi_related_exclude_ids":"","_relevanssi_related_no_append":"","_relevanssi_related_not_related":"","_relevanssi_related_posts":"1,415,661,662,664,666","_relevanssi_noindex_reason":"","_kad_blocks_custom_css":"","_kad_blocks_head_custom_js":"","_kad_blocks_body_custom_js":"","_kad_blocks_footer_custom_js":"","_kad_post_transparent":"","_kad_post_title":"","_kad_post_layout":"","_kad_post_sidebar_id":"","_kad_post_content_style":"","_kad_post_vertical_padding":"","_kad_post_feature":"","_kad_post_feature_position":"","_kad_post_header":false,"_kad_post_footer":false,"footnotes":"","_links_to":"","_links_to_target":""},"class_list":["post-3167","page","type-page","status-publish","has-post-thumbnail","hentry"],"acf":[],"featured_image_src_large":["https:\/\/gbta.org\/wp-content\/uploads\/research-and-tools-2-1.jpg",920,300,false],"author_info":{"display_name":"","author_link":"https:\/\/gbta.org\/fr\/author\/"},"comment_info":"","taxonomy_info":[],"featured_image_src":"https:\/\/gbta.org\/wp-content\/uploads\/research-and-tools-2-1.jpg","featured_image_src_square":"https:\/\/gbta.org\/wp-content\/uploads\/research-and-tools-2-1.jpg","mfb_rest_fields":["featured_image_src_large","author_info","comment_info","taxonomy_info","featured_image_src","featured_image_src_square"],"_links":{"self":[{"href":"https:\/\/gbta.org\/fr\/wp-json\/wp\/v2\/pages\/3167","targetHints":{"allow":["GET"]}}],"collection":[{"href":"https:\/\/gbta.org\/fr\/wp-json\/wp\/v2\/pages"}],"about":[{"href":"https:\/\/gbta.org\/fr\/wp-json\/wp\/v2\/types\/page"}],"author":[{"embeddable":true,"href":"https:\/\/gbta.org\/fr\/wp-json\/wp\/v2\/users\/18"}],"replies":[{"embeddable":true,"href":"https:\/\/gbta.org\/fr\/wp-json\/wp\/v2\/comments?post=3167"}],"version-history":[{"count":35,"href":"https:\/\/gbta.org\/fr\/wp-json\/wp\/v2\/pages\/3167\/revisions"}],"predecessor-version":[{"id":31603,"href":"https:\/\/gbta.org\/fr\/wp-json\/wp\/v2\/pages\/3167\/revisions\/31603"}],"up":[{"embeddable":true,"href":"https:\/\/gbta.org\/fr\/wp-json\/wp\/v2\/pages\/174"}],"wp:featuredmedia":[{"embeddable":true,"href":"https:\/\/gbta.org\/fr\/wp-json\/wp\/v2\/media\/9761"}],"wp:attachment":[{"href":"https:\/\/gbta.org\/fr\/wp-json\/wp\/v2\/media?parent=3167"}],"curies":[{"name":"wp","href":"https:\/\/api.w.org\/{rel}","templated":true}]}}