{"id":3244,"date":"2022-07-31T05:12:38","date_gmt":"2022-07-31T09:12:38","guid":{"rendered":"https:\/\/gbta.org\/?page_id=3244"},"modified":"2022-07-31T07:49:29","modified_gmt":"2022-07-31T11:49:29","slug":"gbta-the-voice-of-the-global-business-travel-industry","status":"publish","type":"page","link":"https:\/\/gbta.org\/fr\/gbta-the-voice-of-the-global-business-travel-industry\/","title":{"rendered":"GBTA\u00a0: la voix de l&#039;industrie mondiale du voyage d&#039;affaires"},"content":{"rendered":"<h2 class=\"wp-block-heading\" id=\"gbta-mission\">Mission GBTA<\/h2>\n\n\n<p>La mission de GBTA est d&#039;\u00eatre la principale source de connaissances sur les voyages d&#039;affaires dans le monde. Ces connaissances sont cr\u00e9\u00e9es par l&#039;\u00e9ducation, la recherche, le r\u00e9seautage et le plaidoyer fournis \u00e0 la demande.<\/p>\n\n\n\n<div class=\"wp-block-columns is-layout-flex wp-container-core-columns-is-layout-1 wp-block-columns-is-layout-flex\">\n<div class=\"wp-block-column is-layout-flow wp-block-column-is-layout-flow\"><div class=\"wp-block-image\">\n<figure class=\"aligncenter size-full\"><img loading=\"lazy\" decoding=\"async\" width=\"132\" height=\"102\" src=\"https:\/\/gbta.org\/wp-content\/uploads\/Members.png\" alt=\"members\" class=\"wp-image-3262\" \/><\/figure><\/div>\n\n\n<p class=\"has-text-align-center\">Nous pensons que les membres passent avant tout.\u00a0<a href=\"https:\/\/gbta.org\/fr\/membership-and-communities\/membership\/member-benefits\/\">Apprendre encore plus\u00a0<\/a><\/p>\n<\/div>\n\n\n\n<div class=\"wp-block-column is-layout-flow wp-block-column-is-layout-flow\"><div class=\"wp-block-image\">\n<figure class=\"aligncenter size-full\"><img loading=\"lazy\" decoding=\"async\" width=\"114\" height=\"106\" src=\"https:\/\/gbta.org\/wp-content\/uploads\/Volunteers.png\" alt=\"volunteers\" class=\"wp-image-3263\" \/><\/figure><\/div>\n\n\n<p class=\"has-text-align-center\">Nous croyons que le b\u00e9n\u00e9volat est le moteur du succ\u00e8s.\u00a0<a href=\"https:\/\/gbta.org\/fr\/membership-and-communities\/global-committees\/\">Apprendre encore plus\u00a0<\/a><\/p>\n<\/div>\n<\/div>\n\n\n\n<div class=\"wp-block-columns is-layout-flex wp-container-core-columns-is-layout-2 wp-block-columns-is-layout-flex\">\n<div class=\"wp-block-column is-layout-flow wp-block-column-is-layout-flow\" style=\"padding-bottom:50px\"><div class=\"wp-block-image\">\n<figure class=\"aligncenter size-full\"><img loading=\"lazy\" decoding=\"async\" width=\"116\" height=\"101\" src=\"https:\/\/gbta.org\/wp-content\/uploads\/Transparency.png\" alt=\"transparency\" class=\"wp-image-3264\" \/><\/figure><\/div>\n\n\n<p class=\"has-text-align-center\">Nous croyons en la transparence du march\u00e9.\u00a0<a href=\"https:\/\/gbta.org\/fr\/news-and-advocacy\/advocacy-and-government-relations\/\">Apprendre encore plus\u00a0<\/a><\/p>\n<\/div>\n\n\n\n<div class=\"wp-block-column is-layout-flow wp-block-column-is-layout-flow\"><div class=\"wp-block-image\">\n<figure class=\"aligncenter size-full\"><img loading=\"lazy\" decoding=\"async\" width=\"122\" height=\"82\" src=\"https:\/\/gbta.org\/wp-content\/uploads\/Relationships.png\" alt=\"relationships\" class=\"wp-image-3265\" \/><\/figure><\/div>\n\n\n<p class=\"has-text-align-center\"><br>Nous croyons que les relations cr\u00e9ent de la valeur.<\/p>\n<\/div>\n<\/div>\n\n\n\n<p><\/p>\n\n\n\n<p><\/p>\n\n\n<h3 class=\"wp-block-heading\" id=\"about-gbta\">\u00c0 propos de GBTA<\/h3>\n\n\n<p>La Global Business Travel Association (GBTA) est la premi\u00e8re organisation commerciale de voyages d&#039;affaires et de r\u00e9unions au monde. Son si\u00e8ge social est situ\u00e9 dans la r\u00e9gion de Washington, DC et elle op\u00e8re sur six continents. Les membres de GBTA g\u00e8rent chaque ann\u00e9e plus de $345 milliards de d\u00e9penses mondiales de voyages d&#039;affaires et de r\u00e9unions. GBTA offre une \u00e9ducation, des \u00e9v\u00e9nements, des recherches, des plaidoyers et des m\u00e9dias de classe mondiale \u00e0 un r\u00e9seau mondial en pleine croissance de plus de 28 000 professionnels du voyage et 125 000 contacts actifs.<\/p>\n\n\n\n<p>Notre objectif est de doter nos membres des connaissances et des ressources n\u00e9cessaires pour naviguer dans le paysage en \u00e9volution rapide des voyages d&#039;affaires, ce qui se traduit par des programmes de voyages g\u00e9r\u00e9s am\u00e9lior\u00e9s, une croissance commerciale et des carri\u00e8res exemplaires. Nous le faisons \u00e0 travers ce qui suit :<\/p>\n\n\n\n<div class=\"wp-block-columns is-layout-flex wp-container-core-columns-is-layout-3 wp-block-columns-is-layout-flex\" style=\"padding-top:20px\">\n<div class=\"wp-block-column is-layout-flow wp-block-column-is-layout-flow\"><h4 class=\"wp-block-heading\" id=\"specialized-events\">\u00c9v\u00e9nements sp\u00e9cialis\u00e9s<\/h4>\n\n\n<p>Assistez aux plus grands rassemblements de professionnels du voyage d&#039;affaires lors d&#039;\u00e9v\u00e9nements GBTA, de webinaires en ligne et de sessions de formation pr\u00e8s de chez vous, dans votre r\u00e9gion et dans le monde entier.<\/p>\n\n\n\n<p><\/p>\n\n\n\n<p><\/p>\n\n\n\n<p><a href=\"https:\/\/gbta.org\/fr\/calendar\/all-programs\/\" data-type=\"URL\" data-id=\"https:\/\/gbta.org\/calendar\/all-programs\" target=\"_blank\" rel=\"noreferrer noopener\">Apprendre encore plus<\/a><\/p>\n<\/div>\n\n\n\n<div class=\"wp-block-column is-layout-flow wp-block-column-is-layout-flow\"><h4 class=\"wp-block-heading\" id=\"professional-development\">D\u00e9veloppement professionnel<\/h4>\n\n\n<p>Dynamisez votre carri\u00e8re avec une formation et une certification en voyages d&#039;affaires pour favoriser la reconnaissance et l&#039;avancement professionnel. Une formation pour tous les niveaux au sein de l&#039;industrie du voyage d&#039;affaires.<\/p>\n\n\n\n<p><\/p>\n\n\n\n<p><\/p>\n\n\n\n<p><a href=\"https:\/\/gbta.org\/fr\/professional-development\/\" data-type=\"URL\" data-id=\"https:\/\/gbta.org\/professional-development\" target=\"_blank\" rel=\"noreferrer noopener\">Apprendre encore plus<\/a><\/p>\n<\/div>\n\n\n\n<div class=\"wp-block-column is-layout-flow wp-block-column-is-layout-flow\"><h4 class=\"wp-block-heading\" id=\"research-and-industry-tools\">Outils de recherche et de l&#039;industrie<\/h4>\n\n\n<p>Acc\u00e9dez \u00e0 la plus grande collection au monde de recherches sur l&#039;industrie du voyage d&#039;affaires, de mod\u00e8les d&#039;appels d&#039;offres, d&#039;outils d&#039;analyse comparative et de webinaires archiv\u00e9s.<\/p>\n\n\n\n<p><\/p>\n\n\n\n<p><\/p>\n\n\n\n<p><a href=\"https:\/\/gbta.org\/fr\/research-and-tools\/\" data-type=\"URL\" data-id=\"https:\/\/gbta.org\/research-and-tools\" target=\"_blank\" rel=\"noreferrer noopener\">Apprendre encore plus<\/a><\/p>\n<\/div>\n<\/div>\n\n\n\n<div class=\"wp-block-columns is-layout-flex wp-container-core-columns-is-layout-4 wp-block-columns-is-layout-flex\" style=\"padding-top:50px\">\n<div class=\"wp-block-column is-layout-flow wp-block-column-is-layout-flow\"><h4 class=\"wp-block-heading\" id=\"gbta-news\">Nouvelles GBTA<\/h4>\n\n\n<p><br>Tenez-vous au courant des actualit\u00e9s, des \u00e9ditoriaux et des perspectives qui donnent vie aux derni\u00e8res informations, tendances, plaidoyers, \u00e9v\u00e9nements, recherches et \u00e9ducation de l&#039;industrie du voyage d&#039;affaires.<br><br><\/p>\n\n\n\n<p><\/p>\n\n\n\n<p><\/p>\n\n\n\n<p><a href=\"https:\/\/gbta.org\/fr\/news-and-advocacy\/newsroom\/\" data-type=\"URL\" data-id=\"https:\/\/gbta.org\/news-and-advocacy\/newsroom\" target=\"_blank\" rel=\"noreferrer noopener\">Lire la suite<\/a><\/p>\n<\/div>\n\n\n\n<div class=\"wp-block-column is-layout-flow wp-block-column-is-layout-flow\"><h4 class=\"wp-block-heading\" id=\"leadership\">Leadership<\/h4>\n\n\n<p><br>GBTA s&#039;appuie sur des professionnels exp\u00e9riment\u00e9s et d\u00e9vou\u00e9s de l&#039;industrie du voyage d&#039;affaires pour guider sa strat\u00e9gie et sa direction afin de mieux servir nos membres en g\u00e9n\u00e9ral et l&#039;industrie du voyage d&#039;affaires.<\/p>\n\n\n\n<p><\/p>\n\n\n\n<p><\/p>\n\n\n\n<p><a href=\"https:\/\/gbta.org\/fr\/membership-and-communities\/global-leadership\/association-leadership\/\" data-type=\"URL\" data-id=\"https:\/\/gbta.org\/membership-and-communities\/global-leadership\/association-leadership\" target=\"_blank\" rel=\"noreferrer noopener\">Rencontrez nos dirigeants<\/a><\/p>\n<\/div>\n\n\n\n<div class=\"wp-block-column is-layout-flow wp-block-column-is-layout-flow\"><h4 class=\"wp-block-heading\" id=\"work-at-gbta\">Travailler chez GBTA<\/h4>\n\n\n<p><br>Vous souhaitez travailler dans un environnement de travail dynamique pour une organisation progressiste et en pleine croissance ? Vous aimez l&#039;industrie du voyage d&#039;affaires ? Nous sommes toujours \u00e0 la recherche de personnes talentueuses pour apporter des id\u00e9es novatrices et une ex\u00e9cution fiable \u00e0 notre \u00e9quipe\u00a0!<\/p>\n\n\n\n<p><\/p>\n\n\n\n<p><\/p>\n\n\n\n<p><a href=\"https:\/\/gbta.bamboohr.com\/jobs\" data-type=\"URL\" data-id=\"https:\/\/gbta.bamboohr.com\/jobs\" target=\"_blank\" rel=\"noreferrer noopener\">Explorez les ouvertures actuelles<\/a><\/p>\n<\/div>\n<\/div>\n\n\n<style>#kt-layout-id_2e845d-15 > .kt-row-column-wrap{align-content:start;}:where(#kt-layout-id_2e845d-15 > .kt-row-column-wrap) > .wp-block-kadence-column{justify-content:start;}#kt-layout-id_2e845d-15 > .kt-row-column-wrap{column-gap:var(--global-kb-gap-md, 2rem);row-gap:var(--global-kb-gap-md, 2rem);max-width:var( --global-content-width, 1440px );padding-left:var(--global-content-edge-padding);padding-right:var(--global-content-edge-padding);padding-top:var( --global-kb-row-default-top, 25px );padding-bottom:var( --global-kb-row-default-bottom, 25px );padding-top:50px;padding-bottom:15px;padding-left:0px;grid-template-columns:minmax(0, 1fr);}#kt-layout-id_2e845d-15 > .kt-row-layout-overlay{opacity:0.30;}@media all and (max-width: 1024px){#kt-layout-id_2e845d-15 > .kt-row-column-wrap{grid-template-columns:minmax(0, 1fr);}}@media all and (max-width: 767px){#kt-layout-id_2e845d-15 > .kt-row-column-wrap{grid-template-columns:minmax(0, 1fr);}}<\/style>\n<section class=\"wp-block-kadence-rowlayout alignnone\"><div id=\"kt-layout-id_2e845d-15\" class=\"kt-row-layout-inner kt-layout-id_2e845d-15\"><div class=\"kt-row-column-wrap kt-has-1-columns kt-gutter-default kt-v-gutter-default kt-row-valign-top kt-row-layout-equal kt-tab-layout-inherit kt-m-colapse-left-to-right kt-mobile-layout-row kb-theme-content-width\"><style>.kadence-column_753af5-6c > .kt-inside-inner-col{padding-left:0px;}.kadence-column_753af5-6c > .kt-inside-inner-col{border-top-width:0px;border-right-width:0px;border-bottom-width:0px;border-left-width:0px;}.kadence-column_753af5-6c > .kt-inside-inner-col,.kadence-column_753af5-6c > .kt-inside-inner-col:before{border-top-left-radius:0px;border-top-right-radius:0px;border-bottom-right-radius:0px;border-bottom-left-radius:0px;}.kadence-column_753af5-6c > .kt-inside-inner-col{column-gap:var(--global-kb-gap-sm, 1rem);}.kadence-column_753af5-6c > .kt-inside-inner-col{flex-direction:column;}.kadence-column_753af5-6c > .kt-inside-inner-col > .aligncenter{width:100%;}.kadence-column_753af5-6c > .kt-inside-inner-col:before{opacity:0.3;}.kadence-column_753af5-6c{position:relative;}@media all and (max-width: 1024px){.kadence-column_753af5-6c > .kt-inside-inner-col{flex-direction:column;}}@media all and (max-width: 767px){.kadence-column_753af5-6c > .kt-inside-inner-col{flex-direction:column;}}<\/style>\n<div class=\"wp-block-kadence-column inner-column-1 kadence-column_753af5-6c\"><div class=\"kt-inside-inner-col\"><style>.wp-block-kadence-advancedheading.kt-adv-heading_fb2e8d-73, .wp-block-kadence-advancedheading.kt-adv-heading_fb2e8d-73[data-kb-block=\"kb-adv-heading_fb2e8d-73\"]{font-style:normal;}.wp-block-kadence-advancedheading.kt-adv-heading_fb2e8d-73 mark.kt-highlight, .wp-block-kadence-advancedheading.kt-adv-heading_fb2e8d-73[data-kb-block=\"kb-adv-heading_fb2e8d-73\"] mark.kt-highlight{font-style:normal;color:#f76a0c;-webkit-box-decoration-break:clone;box-decoration-break:clone;padding-top:0px;padding-right:0px;padding-bottom:0px;padding-left:0px;}<\/style>\n<h2 class=\"kt-adv-heading_fb2e8d-73 wp-block-kadence-advancedheading\" data-kb-block=\"kb-adv-heading_fb2e8d-73\">GBTA, notre voix<\/h2>\n\n\n\n<p><strong><a href=\"https:\/\/gbta.org\/fr\/news-and-advocacy\/advocacy-and-government-relations\/\" data-type=\"URL\" data-id=\"https:\/\/gbta.org\/news-and-advocacy\/advocacy-and-government-relations\" target=\"_blank\" rel=\"noreferrer noopener\">D\u00e9fenseurs de la GBTA<\/a><\/strong> pour un march\u00e9 des voyages d&#039;affaires ouvert et concurrentiel qui permet la transparence des prix, la s\u00e9curit\u00e9 des passagers, l&#039;am\u00e9lioration des infrastructures et des r\u00e9glementations qui soutiennent les objectifs commerciaux.<\/p>\n\n\n\n<p>GBTA a son si\u00e8ge social dans la r\u00e9gion de Washington, DC. GBTA connecte les personnes qui connectent le monde.<\/p>\n\n\n\n<p>GBTA est fi\u00e8re de son accessibilit\u00e9 et de sa transparence. N&#039;h\u00e9sitez pas \u00e0 consulter les formulaires, d\u00e9p\u00f4ts et rapports commerciaux et financiers r\u00e9cents de GBTA<\/p>\n<\/div><\/div>\n<\/div><\/div><\/section>\n\n\n<style>#kt-layout-id_3461fb-48 > .kt-row-column-wrap{align-content:start;}:where(#kt-layout-id_3461fb-48 > .kt-row-column-wrap) > .wp-block-kadence-column{justify-content:start;}#kt-layout-id_3461fb-48 > .kt-row-column-wrap{column-gap:var(--global-kb-gap-md, 2rem);row-gap:var(--global-kb-gap-md, 2rem);max-width:var( --global-content-width, 1440px );padding-left:var(--global-content-edge-padding);padding-right:var(--global-content-edge-padding);padding-top:var( --global-kb-row-default-top, 25px );padding-bottom:var( --global-kb-row-default-bottom, 25px );padding-top:50px;padding-bottom:15px;padding-left:0px;grid-template-columns:minmax(0, 1fr);}#kt-layout-id_3461fb-48 > .kt-row-layout-overlay{opacity:0.30;}@media all and (max-width: 1024px){#kt-layout-id_3461fb-48 > .kt-row-column-wrap{grid-template-columns:minmax(0, 1fr);}}@media all and (max-width: 767px){#kt-layout-id_3461fb-48 > .kt-row-column-wrap{grid-template-columns:minmax(0, 1fr);}}<\/style>\n<section class=\"wp-block-kadence-rowlayout alignnone\"><div id=\"kt-layout-id_3461fb-48\" class=\"kt-row-layout-inner kt-layout-id_3461fb-48\"><div class=\"kt-row-column-wrap kt-has-1-columns kt-gutter-default kt-v-gutter-default kt-row-valign-top kt-row-layout-equal kt-tab-layout-inherit kt-m-colapse-left-to-right kt-mobile-layout-row kb-theme-content-width\"><style>.kadence-column_3c3193-8c > .kt-inside-inner-col{border-top-width:0px;border-right-width:0px;border-bottom-width:0px;border-left-width:0px;}.kadence-column_3c3193-8c > .kt-inside-inner-col,.kadence-column_3c3193-8c > .kt-inside-inner-col:before{border-top-left-radius:0px;border-top-right-radius:0px;border-bottom-right-radius:0px;border-bottom-left-radius:0px;}.kadence-column_3c3193-8c > .kt-inside-inner-col{column-gap:var(--global-kb-gap-sm, 1rem);}.kadence-column_3c3193-8c > .kt-inside-inner-col{flex-direction:column;}.kadence-column_3c3193-8c > .kt-inside-inner-col > .aligncenter{width:100%;}.kadence-column_3c3193-8c > .kt-inside-inner-col:before{opacity:0.3;}.kadence-column_3c3193-8c{position:relative;}@media all and (max-width: 1024px){.kadence-column_3c3193-8c > .kt-inside-inner-col{flex-direction:column;}}@media all and (max-width: 767px){.kadence-column_3c3193-8c > .kt-inside-inner-col{flex-direction:column;}}<\/style>\n<div class=\"wp-block-kadence-column inner-column-1 kadence-column_3c3193-8c\"><div class=\"kt-inside-inner-col\"><style>.wp-block-kadence-advancedheading.kt-adv-heading_05d5d6-dc, .wp-block-kadence-advancedheading.kt-adv-heading_05d5d6-dc[data-kb-block=\"kb-adv-heading_05d5d6-dc\"]{font-style:normal;}.wp-block-kadence-advancedheading.kt-adv-heading_05d5d6-dc mark.kt-highlight, .wp-block-kadence-advancedheading.kt-adv-heading_05d5d6-dc[data-kb-block=\"kb-adv-heading_05d5d6-dc\"] mark.kt-highlight{font-style:normal;color:#f76a0c;-webkit-box-decoration-break:clone;box-decoration-break:clone;padding-top:0px;padding-right:0px;padding-bottom:0px;padding-left:0px;}<\/style>\n<h2 class=\"kt-adv-heading_05d5d6-dc wp-block-kadence-advancedheading\" data-kb-block=\"kb-adv-heading_05d5d6-dc\">Informations d&#039;affaires<\/h2>\n\n\n\n<p><strong><a href=\"https:\/\/gbta.org\/fr\/Portals\/0\/bylaws\/GBTA Bylaws as of May 2021_signed.pdf\/\" data-type=\"URL\" data-id=\"https:\/\/gbta.org\/Portals\/0\/bylaws\/GBTA%20Bylaws%20as%20of%20May%202021_signed.pdf\" target=\"_blank\" rel=\"noreferrer noopener\">R\u00e8glements<\/a> \u00e0 partir de mai 2021<\/strong><\/p>\n<\/div><\/div>\n<\/div><\/div><\/section>\n\n\n\n<div class=\"wp-block-columns is-layout-flex wp-container-core-columns-is-layout-5 wp-block-columns-is-layout-flex\">\n<div class=\"wp-block-column is-layout-flow wp-block-column-is-layout-flow\"><h4 class=\"wp-block-heading\" id=\"990s\">ann\u00e9es 990<\/h4>\n\n\n<p><br><strong><a href=\"https:\/\/gbta.org\/fr\/Portals\/0\/Documents\/Business_Information\/GBTA-2020-990's-w-statement.pdf\/?ver=bB3OFi6uTjlKoiPsoljRFA==\" data-type=\"URL\" data-id=\"https:\/\/gbta.org\/Portals\/0\/Documents\/Business_Information\/GBTA-2020-990's-w-statement.pdf?ver=bB3OFi6uTjlKoiPsoljRFA%3d%3d\" target=\"_blank\" rel=\"noreferrer noopener\">GBTA 2020 990 Retour<br><\/a><a href=\"https:\/\/gbta.org\/fr\/Portals\/0\/GBTA 2019 990.pdf\/?ver=2021-08-04-161853-263\" data-type=\"URL\" data-id=\"https:\/\/gbta.org\/Portals\/0\/GBTA%202019%20990.pdf?ver=2021-08-04-161853-263\" target=\"_blank\" rel=\"noreferrer noopener\">GBTA 2019 990 retour<br><\/a><a href=\"https:\/\/gbta.org\/fr\/Portals\/0\/Documents\/Business_Information\/GBTA_2018_990.pdf\/\" data-type=\"URL\" data-id=\"https:\/\/gbta.org\/Portals\/0\/Documents\/Business_Information\/GBTA_2018_990.pdf\" target=\"_blank\" rel=\"noreferrer noopener\">GBTA 2018 990 retour<br><\/a><a href=\"https:\/\/gbta.org\/fr\/Portals\/0\/Documents\/Business_Information\/GBTA_Association_2017_990.pdf\/\" data-type=\"URL\" data-id=\"https:\/\/gbta.org\/Portals\/0\/Documents\/Business_Information\/GBTA_Association_2017_990.pdf\" target=\"_blank\" rel=\"noreferrer noopener\">GBTA 2017 990 retour<br><\/a><a href=\"https:\/\/gbta.org\/fr\/Portals\/0\/Documents\/Business_Information\/GBTA-2016-Public-Disclosure.pdf\/\" data-type=\"URL\" data-id=\"https:\/\/gbta.org\/Portals\/0\/Documents\/Business_Information\/GBTA-2016-Public-Disclosure.pdf\" target=\"_blank\" rel=\"noreferrer noopener\">GBTA 2016 990 retour<\/a><\/strong><\/p>\n<\/div>\n\n\n\n<div class=\"wp-block-column is-layout-flow wp-block-column-is-layout-flow\"><\/div>\n<\/div>\n\n\n\n<div class=\"wp-block-columns is-layout-flex wp-container-core-columns-is-layout-6 wp-block-columns-is-layout-flex\" style=\"padding-top:50px\">\n<div class=\"wp-block-column is-layout-flow wp-block-column-is-layout-flow\" style=\"padding-top:20px\"><h4 class=\"wp-block-heading\" id=\"election-certification\">Attestation d&#039;\u00e9lection<\/h4>\n\n\n<p><br><strong><a href=\"https:\/\/gbta.org\/fr\/Portals\/0\/GBTA Certification Letter 2021.pdf\/?ver=2021-08-04-155649-500\" data-type=\"URL\" data-id=\"https:\/\/gbta.org\/Portals\/0\/GBTA%20Certification%20Letter%202021.pdf?ver=2021-08-04-155649-500\" target=\"_blank\" rel=\"noreferrer noopener\">Lettre de certification des \u00e9lections GBTA 2021<br><\/a><a href=\"https:\/\/gbta.org\/fr\/Portals\/0\/GBTA Certification Letter 2020.pdf\/?ver=2021-08-04-155253-857\" data-type=\"URL\" data-id=\"https:\/\/gbta.org\/Portals\/0\/GBTA%20Certification%20Letter%202020.pdf?ver=2021-08-04-155253-857\" target=\"_blank\" rel=\"noreferrer noopener\">Lettre de certification des \u00e9lections GBTA 2020<br><\/a><a href=\"https:\/\/gbta.org\/fr\/Portals\/0\/Documents\/Business_Information\/GBTA_Certification_Letter_2019.pdf\/\" data-type=\"URL\" data-id=\"https:\/\/gbta.org\/Portals\/0\/Documents\/Business_Information\/GBTA_Certification_Letter_2019.pdf\" target=\"_blank\" rel=\"noreferrer noopener\">Lettre de certification \u00e9lectorale GBTA 2019<br><\/a><a href=\"https:\/\/gbta.org\/fr\/Portals\/0\/Documents\/Business_Information\/GBTA_Certification_Letter_2018.pdf\/\" data-type=\"URL\" data-id=\"https:\/\/gbta.org\/Portals\/0\/Documents\/Business_Information\/GBTA_Certification_Letter_2018.pdf\" target=\"_blank\" rel=\"noreferrer noopener\">Lettre de certification \u00e9lectorale GBTA 2018<br><\/a><a href=\"https:\/\/gbta.org\/fr\/Portals\/0\/Documents\/Business_Information\/GBTA-Certification-Letter-2017.pdf\/\" data-type=\"URL\" data-id=\"https:\/\/gbta.org\/Portals\/0\/Documents\/Business_Information\/GBTA-Certification-Letter-2017.pdf\" target=\"_blank\" rel=\"noreferrer noopener\">Lettre de certification \u00e9lectorale GBTA 2017<\/a><\/strong><\/p>\n<\/div>\n\n\n\n<div class=\"wp-block-column is-layout-flow wp-block-column-is-layout-flow\" style=\"padding-top:20px\"><h4 class=\"wp-block-heading\" id=\"annual-meeting-minutes\">Proc\u00e8s-verbal de l&#039;assembl\u00e9e annuelle<\/h4>\n\n\n<p><br><strong><a href=\"https:\/\/hub.gbta.org\/groups\/reviews\/item\/20\/11\/3029\" data-type=\"URL\" data-id=\"https:\/\/hub.gbta.org\/groups\/reviews\/item\/20\/11\/3029\" target=\"_blank\" rel=\"noreferrer noopener\">Proc\u00e8s-verbal de la r\u00e9union annuelle GBTA 2022<br><\/a><a href=\"https:\/\/hub.gbta.org\/groups\/reviews\/item\/20\/11\/3024\" data-type=\"URL\" data-id=\"https:\/\/hub.gbta.org\/groups\/reviews\/item\/20\/11\/3024\" target=\"_blank\" rel=\"noreferrer noopener\">Proc\u00e8s-verbal de la r\u00e9union annuelle GBTA 2021<br><\/a><a href=\"https:\/\/hub.gbta.org\/groups\/reviews\/item\/20\/11\/3023\" data-type=\"URL\" data-id=\"https:\/\/hub.gbta.org\/groups\/reviews\/item\/20\/11\/3023\" target=\"_blank\" rel=\"noreferrer noopener\">Proc\u00e8s-verbal de la r\u00e9union annuelle GBTA 2020<br><\/a><a href=\"https:\/\/hub.gbta.org\/groups\/reviews\/item\/20\/11\/3022\" data-type=\"URL\" data-id=\"https:\/\/hub.gbta.org\/groups\/reviews\/item\/20\/11\/3022\" target=\"_blank\" rel=\"noreferrer noopener\">Proc\u00e8s-verbal de la r\u00e9union annuelle GBTA 2019<br><\/a><a href=\"https:\/\/hub.gbta.org\/groups\/reviews\/item\/20\/11\/2651\" data-type=\"URL\" data-id=\"https:\/\/hub.gbta.org\/groups\/reviews\/item\/20\/11\/2651\" target=\"_blank\" rel=\"noreferrer noopener\">Proc\u00e8s-verbal de la r\u00e9union annuelle GBTA 2018<br><\/a><a href=\"https:\/\/hub.gbta.org\/groups\/reviews\/item\/20\/11\/2650\" data-type=\"URL\" data-id=\"https:\/\/hub.gbta.org\/groups\/reviews\/item\/20\/11\/2650\" target=\"_blank\" rel=\"noreferrer noopener\">Proc\u00e8s-verbal de la r\u00e9union annuelle GBTA 2017<\/a><\/strong><\/p>\n<\/div>\n<\/div>","protected":false},"excerpt":{"rendered":"<p>Mission GBTA La mission de GBTA est d&#039;\u00eatre la principale source de connaissances sur les voyages d&#039;affaires dans le monde entier. Ces connaissances sont cr\u00e9\u00e9es gr\u00e2ce \u00e0 l\u2019\u00e9ducation, \u00e0 la recherche, au r\u00e9seautage et au plaidoyer dispens\u00e9s \u00e0 la demande. Nous croyons\u2026<\/p>","protected":false},"author":9,"featured_media":0,"parent":0,"menu_order":0,"comment_status":"closed","ping_status":"closed","template":"","meta":{"_acf_changed":false,"_seopress_robots_primary_cat":"","_seopress_titles_title":"","_seopress_titles_desc":"","_seopress_robots_index":"yes","om_disable_all_campaigns":false,"_relevanssi_hide_post":"","_relevanssi_hide_content":"","_relevanssi_pin_for_all":"","_relevanssi_pin_keywords":"","_relevanssi_unpin_keywords":"","_relevanssi_related_keywords":"","_relevanssi_related_include_ids":"","_relevanssi_related_exclude_ids":"","_relevanssi_related_no_append":"","_relevanssi_related_not_related":"","_relevanssi_related_posts":"1,415,661,662,664,666","_relevanssi_noindex_reason":"","_kad_blocks_custom_css":"","_kad_blocks_head_custom_js":"","_kad_blocks_body_custom_js":"","_kad_blocks_footer_custom_js":"","_kad_post_transparent":"","_kad_post_title":"","_kad_post_layout":"","_kad_post_sidebar_id":"","_kad_post_content_style":"","_kad_post_vertical_padding":"","_kad_post_feature":"","_kad_post_feature_position":"","_kad_post_header":false,"_kad_post_footer":false,"footnotes":"","_links_to":"","_links_to_target":""},"class_list":["post-3244","page","type-page","status-publish","hentry"],"acf":[],"featured_image_src_large":false,"author_info":{"display_name":"","author_link":"https:\/\/gbta.org\/fr\/author\/"},"comment_info":"","taxonomy_info":[],"featured_image_src":null,"featured_image_src_square":null,"mfb_rest_fields":["featured_image_src_large","author_info","comment_info","taxonomy_info","featured_image_src","featured_image_src_square"],"_links":{"self":[{"href":"https:\/\/gbta.org\/fr\/wp-json\/wp\/v2\/pages\/3244","targetHints":{"allow":["GET"]}}],"collection":[{"href":"https:\/\/gbta.org\/fr\/wp-json\/wp\/v2\/pages"}],"about":[{"href":"https:\/\/gbta.org\/fr\/wp-json\/wp\/v2\/types\/page"}],"author":[{"embeddable":true,"href":"https:\/\/gbta.org\/fr\/wp-json\/wp\/v2\/users\/9"}],"replies":[{"embeddable":true,"href":"https:\/\/gbta.org\/fr\/wp-json\/wp\/v2\/comments?post=3244"}],"version-history":[{"count":0,"href":"https:\/\/gbta.org\/fr\/wp-json\/wp\/v2\/pages\/3244\/revisions"}],"wp:attachment":[{"href":"https:\/\/gbta.org\/fr\/wp-json\/wp\/v2\/media?parent=3244"}],"curies":[{"name":"wp","href":"https:\/\/api.w.org\/{rel}","templated":true}]}}