{"id":3294,"date":"2022-07-31T08:52:33","date_gmt":"2022-07-31T12:52:33","guid":{"rendered":"https:\/\/gbta.org\/?page_id=3294"},"modified":"2025-06-24T01:27:07","modified_gmt":"2025-06-24T05:27:07","slug":"video-marketing","status":"publish","type":"page","link":"https:\/\/gbta.org\/fr\/sponsor-exhibit\/video-marketing\/","title":{"rendered":"Commercialisation vid\u00e9o"},"content":{"rendered":"<style>.kadence-column_622945-8e > .kt-inside-inner-col,.kadence-column_622945-8e > .kt-inside-inner-col:before{border-top-left-radius:0px;border-top-right-radius:0px;border-bottom-right-radius:0px;border-bottom-left-radius:0px;}.kadence-column_622945-8e > .kt-inside-inner-col{column-gap:var(--global-kb-gap-sm, 1rem);}.kadence-column_622945-8e > .kt-inside-inner-col{flex-direction:column;}.kadence-column_622945-8e > .kt-inside-inner-col > .aligncenter{width:100%;}.kadence-column_622945-8e > .kt-inside-inner-col:before{opacity:0.3;}.kadence-column_622945-8e{position:relative;}@media all and (max-width: 1024px){.kadence-column_622945-8e > .kt-inside-inner-col{flex-direction:column;}}@media all and (max-width: 767px){.kadence-column_622945-8e > .kt-inside-inner-col{flex-direction:column;}}<\/style>\n<div class=\"wp-block-kadence-column kadence-column_622945-8e inner-column-1\"><div class=\"kt-inside-inner-col\"><style>.kb-row-layout-id_f2bdbc-c4 > .kt-row-column-wrap{align-content:start;}:where(.kb-row-layout-id_f2bdbc-c4 > .kt-row-column-wrap) > .wp-block-kadence-column{justify-content:start;}.kb-row-layout-id_f2bdbc-c4 > .kt-row-column-wrap{column-gap:var(--global-kb-gap-md, 2rem);row-gap:var(--global-kb-gap-md, 2rem);padding-top:var(--global-kb-spacing-sm, 1.5rem);padding-bottom:var(--global-kb-spacing-sm, 1.5rem);grid-template-columns:minmax(0, 1fr) minmax(0, 2fr);}.kb-row-layout-id_f2bdbc-c4 > .kt-row-layout-overlay{opacity:0.30;}@media all and (max-width: 1024px){.kb-row-layout-id_f2bdbc-c4 > .kt-row-column-wrap{grid-template-columns:minmax(0, 1fr) minmax(0, 2fr);}}@media all and (max-width: 767px){.kb-row-layout-id_f2bdbc-c4 > .kt-row-column-wrap{grid-template-columns:minmax(0, 1fr);}}<\/style><div class=\"kb-row-layout-wrap kb-row-layout-id_f2bdbc-c4 alignnone wp-block-kadence-rowlayout\"><div class=\"kt-row-column-wrap kt-has-2-columns kt-row-layout-right-golden kt-tab-layout-inherit kt-mobile-layout-row kt-row-valign-top\">\n<style>.kadence-column_60f673-49 > .kt-inside-inner-col,.kadence-column_60f673-49 > .kt-inside-inner-col:before{border-top-left-radius:0px;border-top-right-radius:0px;border-bottom-right-radius:0px;border-bottom-left-radius:0px;}.kadence-column_60f673-49 > .kt-inside-inner-col{column-gap:var(--global-kb-gap-sm, 1rem);}.kadence-column_60f673-49 > .kt-inside-inner-col{flex-direction:column;}.kadence-column_60f673-49 > .kt-inside-inner-col > .aligncenter{width:100%;}.kadence-column_60f673-49 > .kt-inside-inner-col:before{opacity:0.3;}.kadence-column_60f673-49{position:relative;}@media all and (max-width: 1024px){.kadence-column_60f673-49 > .kt-inside-inner-col{flex-direction:column;}}@media all and (max-width: 767px){.kadence-column_60f673-49 > .kt-inside-inner-col{flex-direction:column;}}<\/style>\n<div class=\"wp-block-kadence-column kadence-column_60f673-49 inner-column-1\"><div class=\"kt-inside-inner-col\"><style>.kadence-column_f07acc-c4 > .kt-inside-inner-col{padding-top:15px;padding-right:15px;padding-bottom:15px;padding-left:15px;}.kadence-column_f07acc-c4 > .kt-inside-inner-col,.kadence-column_f07acc-c4 > .kt-inside-inner-col:before{border-top-left-radius:0px;border-top-right-radius:0px;border-bottom-right-radius:0px;border-bottom-left-radius:0px;}.kadence-column_f07acc-c4 > .kt-inside-inner-col{column-gap:var(--global-kb-gap-sm, 1rem);}.kadence-column_f07acc-c4 > .kt-inside-inner-col{flex-direction:column;}.kadence-column_f07acc-c4 > .kt-inside-inner-col > .aligncenter{width:100%;}.kadence-column_f07acc-c4 > .kt-inside-inner-col{background-color:var(--global-palette8, #F7FAFC);}.kadence-column_f07acc-c4 > .kt-inside-inner-col:before{opacity:0.3;}.kadence-column_f07acc-c4{position:relative;}.kadence-column_f07acc-c4, .kt-inside-inner-col > .kadence-column_f07acc-c4:not(.specificity){margin-top:0px;margin-right:0px;margin-bottom:0px;margin-left:0px;}@media all and (max-width: 1024px){.kadence-column_f07acc-c4 > .kt-inside-inner-col{flex-direction:column;}}@media all and (max-width: 767px){.kadence-column_f07acc-c4 > .kt-inside-inner-col{flex-direction:column;}}<\/style>\n<div class=\"wp-block-kadence-column kadence-column_f07acc-c4 inner-column-1\"><div class=\"kt-inside-inner-col\">\n<ul class=\"wp-block-list\">\n<li><a rel=\"noreferrer noopener\" href=\"https:\/\/gbta.org\/fr\/sponsor-exhibit\/digital-marketing\/\" target=\"_blank\"><strong>Le marketing num\u00e9rique<\/strong><\/a><\/li>\n\n\n\n<li><strong><a rel=\"noreferrer noopener\" href=\"https:\/\/gbta.org\/fr\/sponsor-exhibit\/email-marketing\/\" target=\"_blank\">Publicit\u00e9 par e-mail<\/a><\/strong><\/li>\n\n\n\n<li><strong><a rel=\"noreferrer noopener\" href=\"https:\/\/gbta.org\/fr\/sponsor-exhibit\/video-marketing\/\" target=\"_blank\">Commercialisation vid\u00e9o<\/a><\/strong><\/li>\n\n\n\n<li><strong><a href=\"https:\/\/gbta.org\/fr\/sponsor-exhibit\/digital-marketing\/podcast\/\" data-type=\"URL\" data-id=\"https:\/\/gbta.org\/sponsor-exhibit\/digital-marketing\/podcast\/\">Marketing des podcasts<\/a><\/strong><\/li>\n\n\n\n<li><strong><a href=\"https:\/\/gbta.org\/fr\/sponsor-exhibit\/social-media\/\">Marketing des m\u00e9dias sociaux<\/a><\/strong><\/li>\n\n\n\n<li><strong><a href=\"https:\/\/gbta.org\/fr\/sponsor-exhibit\/display-media\/\">Afficher les m\u00e9dias<\/a><\/strong><\/li>\n<\/ul>\n<\/div><\/div>\n<\/div><\/div>\n\n\n<style>.kadence-column_055301-cd > .kt-inside-inner-col,.kadence-column_055301-cd > .kt-inside-inner-col:before{border-top-left-radius:0px;border-top-right-radius:0px;border-bottom-right-radius:0px;border-bottom-left-radius:0px;}.kadence-column_055301-cd > .kt-inside-inner-col{column-gap:var(--global-kb-gap-sm, 1rem);}.kadence-column_055301-cd > .kt-inside-inner-col{flex-direction:column;}.kadence-column_055301-cd > .kt-inside-inner-col > .aligncenter{width:100%;}.kadence-column_055301-cd > .kt-inside-inner-col:before{opacity:0.3;}.kadence-column_055301-cd{position:relative;}@media all and (max-width: 1024px){.kadence-column_055301-cd > .kt-inside-inner-col{flex-direction:column;}}@media all and (max-width: 767px){.kadence-column_055301-cd > .kt-inside-inner-col{flex-direction:column;}}<\/style>\n<div class=\"wp-block-kadence-column kadence-column_055301-cd inner-column-2\"><div class=\"kt-inside-inner-col\">\n<p>Engagez vos prospects cibl\u00e9s avec une vid\u00e9o immersive qui raconte l&#039;histoire de votre entreprise et g\u00e9n\u00e8re des prospects qualifi\u00e9s.<\/p>\n\n\n\n<p>Pr\u00e9sentez la vid\u00e9o de votre entreprise \u00e0 des professionnels du voyage d&#039;affaires cibl\u00e9s via 3 outils vid\u00e9o\u00a0: GBTA On Demand, GBTA Live\u00a0! et Youtube. Utilisez la vid\u00e9o pour cr\u00e9er une exp\u00e9rience immersive qui g\u00e9n\u00e9rera des prospects qualifi\u00e9s et augmentera la notori\u00e9t\u00e9 de la marque.<\/p>\n<\/div><\/div>\n\n<\/div><\/div><\/div><\/div>\n\n\n<style>.kt-tabs-id_070bb1-13 > .kt-tabs-content-wrap > .wp-block-kadence-tab{border-top:3px solid #4f5157;border-right:0px solid #4f5157;border-bottom:0px solid #4f5157;border-left:0px solid #4f5157;border-top-left-radius:0px;border-top-right-radius:0px;border-bottom-right-radius:0px;border-bottom-left-radius:0px;padding-top:35px;padding-right:0px;padding-bottom:85px;padding-left:0px;background:#ffffff;}.wp-block-kadence-tabs .kt-tabs-id_070bb1-13 > .kt-tabs-title-list li{margin-top:0px;margin-right:8px;margin-bottom:0px;margin-left:0px;}.wp-block-kadence-tabs .kt-tabs-id_070bb1-13 > .kt-tabs-title-list li:last-child{margin-right:0px;}.wp-block-kadence-tabs .kt-tabs-id_070bb1-13 > .kt-tabs-title-list li .kt-tab-title, .wp-block-kadence-tabs .kt-tabs-id_070bb1-13 > .kt-tabs-content-wrap > .kt-tabs-accordion-title .kt-tab-title{line-height:1em;font-weight:bold;font-style:normal;border-top-width:0px;border-right-width:0px;border-bottom-width:0px;border-left-width:0px;border-top-left-radius:10px;border-top-right-radius:10px;border-bottom-right-radius:0px;border-bottom-left-radius:0px;padding-top:16px;padding-right:20px;padding-bottom:16px;padding-left:20px;border-color:#eeeeee;color:#222222;background:#eeeeee;}.wp-block-kadence-tabs .kt-tabs-id_070bb1-13 > .kt-tabs-content-wrap > .kt-tabs-accordion-title .kt-tab-title{margin-top:0px;margin-right:8px;margin-bottom:0px;margin-left:0px;}.wp-block-kadence-tabs .kt-tabs-id_070bb1-13 > .kt-tabs-title-list li .kt-tab-title:hover, .wp-block-kadence-tabs .kt-tabs-id_070bb1-13 > .kt-tabs-content-wrap > .kt-tabs-accordion-title .kt-tab-title:hover{border-color:#eeeeee;color:#ffffff;background:#ff6200;}.wp-block-kadence-tabs .kt-tabs-id_070bb1-13 > .kt-tabs-title-list li.kt-tab-title-active .kt-tab-title, .wp-block-kadence-tabs .kt-tabs-id_070bb1-13 > .kt-tabs-content-wrap > .kt-tabs-accordion-title.kt-tab-title-active .kt-tab-title{border-color:#eeeeee;color:#ffffff;background:#ff6200;}@media all and (max-width: 1024px){.kt-tabs-id_070bb1-13 > .kt-tabs-content-wrap > .wp-block-kadence-tab{border-top:3px solid #4f5157;border-right:0px solid #4f5157;border-bottom:0px solid #4f5157;border-left:0px solid #4f5157;}}@media all and (max-width: 767px){.kt-tabs-id_070bb1-13 > .kt-tabs-content-wrap > .wp-block-kadence-tab{border-top:3px solid #4f5157;border-right:0px solid #4f5157;border-bottom:0px solid #4f5157;border-left:0px solid #4f5157;}}<\/style>\n<div class=\"wp-block-kadence-tabs alignnone\"><div class=\"kt-tabs-wrap kt-tabs-id_070bb1-13 kt-tabs-has-3-tabs kt-active-tab-1 kt-tabs-layout-tabs kt-tabs-tablet-layout-inherit kt-tabs-mobile-layout-inherit kt-tab-alignment-left\"><ul class=\"kt-tabs-title-list\"><li id=\"tab-gbtaondemand\" class=\"kt-title-item kt-title-item-1 kt-tabs-svg-show-always kt-tabs-icon-side-right kt-tab-title-active\"><a href=\"#tab-gbtaondemand\" data-tab=\"1\" class=\"kt-tab-title kt-tab-title-1\"><span class=\"kt-title-text\">GBTA SUR DEMANDE<\/span><\/a><\/li><li id=\"tab-gbtalive\" class=\"kt-title-item kt-title-item-2 kt-tabs-svg-show-always kt-tabs-icon-side-right kt-tab-title-inactive\"><a href=\"#tab-gbtalive\" data-tab=\"2\" class=\"kt-tab-title kt-tab-title-2\"><span class=\"kt-title-text\">GBTA EN DIRECT\u00a0!<\/span><\/a><\/li><li id=\"tab-gbtavideoadnetworkpoweredbyyoutube\" class=\"kt-title-item kt-title-item-3 kt-tabs-svg-show-always kt-tabs-icon-side-right kt-tab-title-inactive\"><a href=\"#tab-gbtavideoadnetworkpoweredbyyoutube\" data-tab=\"3\" class=\"kt-tab-title kt-tab-title-3\"><span class=\"kt-title-text\">R\u00c9SEAU PUBLICITAIRE VID\u00c9O GBTA \u2013 ALIMENT\u00c9 PAR YOUTUBE\u2122<\/span><\/a><\/li><\/ul><div class=\"kt-tabs-content-wrap\">\n<div class=\"wp-block-kadence-tab kt-tab-inner-content kt-inner-tab-1 kt-inner-tab_f26fe9-38\"><div class=\"kt-tab-inner-content-inner\">\n<p>Faites la promotion de votre marque aupr\u00e8s d&#039;un groupe s\u00e9lectif de professionnels du voyage d&#039;affaires en diffusant vos annonces avant la base de donn\u00e9es GBTA de contenus vid\u00e9o de congr\u00e8s, de conf\u00e9rences et de webinaires. GBTA On Demand est une ressource r\u00e9serv\u00e9e aux membres avec du contenu allant des \u00e9v\u00e9nements mondiaux les plus r\u00e9cents aux webinaires virtuels uniquement.<\/p>\n\n\n<div class=\"wp-block-image\">\n<figure class=\"aligncenter size-large\"><img loading=\"lazy\" decoding=\"async\" width=\"1024\" height=\"477\" src=\"https:\/\/gbta.org\/wp-content\/uploads\/GBTA-On-Demand-1-1024x477.png\" alt=\"gbta on demand 1\" class=\"wp-image-13828\" srcset=\"https:\/\/gbta.org\/wp-content\/uploads\/GBTA-On-Demand-1-1024x477.png 1024w, https:\/\/gbta.org\/wp-content\/uploads\/GBTA-On-Demand-1-300x140.png 300w, https:\/\/gbta.org\/wp-content\/uploads\/GBTA-On-Demand-1-768x357.png 768w, https:\/\/gbta.org\/wp-content\/uploads\/GBTA-On-Demand-1-1536x715.png 1536w, https:\/\/gbta.org\/wp-content\/uploads\/GBTA-On-Demand-1-18x8.png 18w, https:\/\/gbta.org\/wp-content\/uploads\/GBTA-On-Demand-1.png 1646w\" sizes=\"auto, (max-width: 1024px) 100vw, 1024px\" \/><\/figure><\/div>\n\n\n<p><strong>Tarification pour l&#039;image de marque compl\u00e8te du site et le parrainage\u00a0:<\/strong><\/p>\n\n\n\n<ul class=\"wp-block-list\">\n<li>Convention GBTA \u00e0 la demande - $30 000 USD<\/li>\n\n\n\n<li>Conf\u00e9rence GBTA Canada sur demande \u2013 $20 000 CAD<\/li>\n\n\n\n<li>Conf\u00e9rence GBTA Europe \u00e0 la demande - 12 500 \u20ac<\/li>\n\n\n\n<li>Conf\u00e9rence GBTA Mexique \u00e0 la demande - $11 500 USD<\/li>\n<\/ul>\n\n\n\n<p><\/p>\n\n\n\n<p><\/p>\n<\/div><\/div>\n\n\n\n<div class=\"wp-block-kadence-tab kt-tab-inner-content kt-inner-tab-2 kt-inner-tab_3ebfad-26\"><div class=\"kt-tab-inner-content-inner\">\n<p>G\u00e9n\u00e9rez de la notori\u00e9t\u00e9 et du trafic vers votre stand avec votre publicit\u00e9 diffus\u00e9e pendant la programmation GBTA LIVE sur des \u00e9crans dans des lieux tr\u00e8s fr\u00e9quent\u00e9s du centre de congr\u00e8s ou de conf\u00e9rence.<\/p>\n\n\n<div class=\"wp-block-image\">\n<figure class=\"aligncenter size-large\"><img loading=\"lazy\" decoding=\"async\" width=\"1024\" height=\"512\" src=\"https:\/\/gbta.org\/wp-content\/uploads\/gbta-live-1024x512.png\" alt=\"gbta live\" class=\"wp-image-3298\" srcset=\"https:\/\/gbta.org\/wp-content\/uploads\/gbta-live-1024x512.png 1024w, https:\/\/gbta.org\/wp-content\/uploads\/gbta-live-300x150.png 300w, https:\/\/gbta.org\/wp-content\/uploads\/gbta-live-768x384.png 768w, https:\/\/gbta.org\/wp-content\/uploads\/gbta-live.png 1200w\" sizes=\"auto, (max-width: 1024px) 100vw, 1024px\" \/><\/figure><\/div>\n\n\n<p><strong>Tarification\u00a0:<\/strong><\/p>\n\n\n\n<ul class=\"wp-block-list\">\n<li>Des options sont disponibles dans les Forfaits Visibilit\u00e9 par \u00e9v\u00e9nement.<\/li>\n<\/ul>\n<\/div><\/div>\n\n\n\n<div class=\"wp-block-kadence-tab kt-tab-inner-content kt-inner-tab-3 kt-inner-tab_a865a9-98\"><div class=\"kt-tab-inner-content-inner\">\n<p>Faites la promotion de votre organisation, atteignez les professionnels du voyage d&#039;affaires et g\u00e9n\u00e9rez de nouvelles affaires via le GBTA Video Ad Network - Powered by YouTube\u2122. Profitez du r\u00e9seau publicitaire hautement cibl\u00e9 de GBTA avec des publicit\u00e9s vid\u00e9o. Touchez les professionnels du voyage d&#039;affaires lors de leur exp\u00e9rience de visionnage sur YouTube\u2122 avec vos annonces vid\u00e9o personnalis\u00e9es.<\/p>\n\n\n<div class=\"wp-block-image\">\n<figure class=\"aligncenter size-large\"><img loading=\"lazy\" decoding=\"async\" width=\"1024\" height=\"512\" src=\"https:\/\/gbta.org\/wp-content\/uploads\/gbta-video-add-network-1024x512.png\" alt=\"gbta video add network\" class=\"wp-image-3299\" srcset=\"https:\/\/gbta.org\/wp-content\/uploads\/gbta-video-add-network-1024x512.png 1024w, https:\/\/gbta.org\/wp-content\/uploads\/gbta-video-add-network-300x150.png 300w, https:\/\/gbta.org\/wp-content\/uploads\/gbta-video-add-network-768x384.png 768w, https:\/\/gbta.org\/wp-content\/uploads\/gbta-video-add-network.png 1200w\" sizes=\"auto, (max-width: 1024px) 100vw, 1024px\" \/><\/figure><\/div>\n\n\n<p><strong>Tarification\u00a0:<\/strong><\/p>\n\n\n\n<ul class=\"wp-block-list\">\n<li>20 000 impressions cibl\u00e9es en un mois<\/li>\n\n\n\n<li>$9,995 Options r\u00e9gionales disponibles.<\/li>\n<\/ul>\n<\/div><\/div>\n<\/div><\/div><\/div>\n\n\n\n<div class=\"wp-block-buttons is-content-justification-center is-layout-flex wp-container-core-buttons-is-layout-1 wp-block-buttons-is-layout-flex\">\n<div class=\"wp-block-button\"><a class=\"wp-block-button__link wp-element-button\" href=\"https:\/\/gbta.org\/fr\/sponsor-and-exhibit\/sponsor-and-exhibit-contact\/\" target=\"_blank\" rel=\"noreferrer noopener\">COMMENCER<\/a><\/div>\n<\/div>","protected":false},"excerpt":{"rendered":"<p>Engagez vos prospects cibl\u00e9s avec une vid\u00e9o immersive qui raconte l&#039;histoire de votre entreprise et g\u00e9n\u00e8re des leads qualifi\u00e9s. Pr\u00e9sentez la vid\u00e9o de votre entreprise \u00e0 des professionnels du voyage d&#039;affaires cibl\u00e9s \u00e0 travers 3 outils vid\u00e9o\u00a0:\u00a0GBTA\u2026<\/p>","protected":false},"author":25,"featured_media":10131,"parent":23520,"menu_order":0,"comment_status":"closed","ping_status":"closed","template":"","meta":{"_acf_changed":false,"_seopress_robots_primary_cat":"","_seopress_titles_title":"","_seopress_titles_desc":"","_seopress_robots_index":"yes","om_disable_all_campaigns":false,"_relevanssi_hide_post":"","_relevanssi_hide_content":"","_relevanssi_pin_for_all":"","_relevanssi_pin_keywords":"","_relevanssi_unpin_keywords":"","_relevanssi_related_keywords":"","_relevanssi_related_include_ids":"","_relevanssi_related_exclude_ids":"","_relevanssi_related_no_append":"","_relevanssi_related_not_related":"","_relevanssi_related_posts":"1,415,661,662,664,666","_relevanssi_noindex_reason":"","_kad_blocks_custom_css":"","_kad_blocks_head_custom_js":"","_kad_blocks_body_custom_js":"","_kad_blocks_footer_custom_js":"","_kad_post_transparent":"","_kad_post_title":"","_kad_post_layout":"","_kad_post_sidebar_id":"","_kad_post_content_style":"","_kad_post_vertical_padding":"","_kad_post_feature":"","_kad_post_feature_position":"","_kad_post_header":false,"_kad_post_footer":false,"footnotes":"","_links_to":"","_links_to_target":""},"class_list":["post-3294","page","type-page","status-publish","has-post-thumbnail","hentry"],"acf":[],"featured_image_src_large":["https:\/\/gbta.org\/wp-content\/uploads\/sponsor-banner.jpg",920,300,false],"author_info":{"display_name":"jcampbell","author_link":"https:\/\/gbta.org\/fr\/author\/jcampbell\/"},"comment_info":"","taxonomy_info":[],"mfb_rest_fields":["featured_image_src_large","author_info","comment_info","taxonomy_info"],"_links":{"self":[{"href":"https:\/\/gbta.org\/fr\/wp-json\/wp\/v2\/pages\/3294","targetHints":{"allow":["GET"]}}],"collection":[{"href":"https:\/\/gbta.org\/fr\/wp-json\/wp\/v2\/pages"}],"about":[{"href":"https:\/\/gbta.org\/fr\/wp-json\/wp\/v2\/types\/page"}],"author":[{"embeddable":true,"href":"https:\/\/gbta.org\/fr\/wp-json\/wp\/v2\/users\/25"}],"replies":[{"embeddable":true,"href":"https:\/\/gbta.org\/fr\/wp-json\/wp\/v2\/comments?post=3294"}],"version-history":[{"count":1,"href":"https:\/\/gbta.org\/fr\/wp-json\/wp\/v2\/pages\/3294\/revisions"}],"predecessor-version":[{"id":24072,"href":"https:\/\/gbta.org\/fr\/wp-json\/wp\/v2\/pages\/3294\/revisions\/24072"}],"up":[{"embeddable":true,"href":"https:\/\/gbta.org\/fr\/wp-json\/wp\/v2\/pages\/23520"}],"wp:featuredmedia":[{"embeddable":true,"href":"https:\/\/gbta.org\/fr\/wp-json\/wp\/v2\/media\/10131"}],"wp:attachment":[{"href":"https:\/\/gbta.org\/fr\/wp-json\/wp\/v2\/media?parent=3294"}],"curies":[{"name":"wp","href":"https:\/\/api.w.org\/{rel}","templated":true}]}}