{"id":3389,"date":"2022-08-01T01:39:29","date_gmt":"2022-08-01T05:39:29","guid":{"rendered":"https:\/\/gbta.org\/?page_id=3389"},"modified":"2026-03-06T12:08:46","modified_gmt":"2026-03-06T17:08:46","slug":"exhibit","status":"publish","type":"page","link":"https:\/\/gbta.org\/fr\/sponsor-exhibit\/exhibit\/","title":{"rendered":"Exposition"},"content":{"rendered":"<style>.kadence-column3389_255bf8-2c > .kt-inside-inner-col,.kadence-column3389_255bf8-2c > .kt-inside-inner-col:before{border-top-left-radius:0px;border-top-right-radius:0px;border-bottom-right-radius:0px;border-bottom-left-radius:0px;}.kadence-column3389_255bf8-2c > .kt-inside-inner-col{column-gap:var(--global-kb-gap-sm, 1rem);}.kadence-column3389_255bf8-2c > .kt-inside-inner-col{flex-direction:column;}.kadence-column3389_255bf8-2c > .kt-inside-inner-col > .aligncenter{width:100%;}.kadence-column3389_255bf8-2c > .kt-inside-inner-col:before{opacity:0.3;}.kadence-column3389_255bf8-2c{position:relative;}@media all and (max-width: 1024px){.kadence-column3389_255bf8-2c > .kt-inside-inner-col{flex-direction:column;}}@media all and (max-width: 767px){.kadence-column3389_255bf8-2c > .kt-inside-inner-col{flex-direction:column;}}<\/style>\n<div class=\"wp-block-kadence-column kadence-column3389_255bf8-2c\"><div class=\"kt-inside-inner-col\"><style>.kb-row-layout-id3389_042e8b-cb > .kt-row-column-wrap{align-content:start;}:where(.kb-row-layout-id3389_042e8b-cb > .kt-row-column-wrap) > .wp-block-kadence-column{justify-content:start;}.kb-row-layout-id3389_042e8b-cb > .kt-row-column-wrap{column-gap:var(--global-kb-gap-md, 2rem);row-gap:var(--global-kb-gap-md, 2rem);padding-top:var(--global-kb-spacing-sm, 1.5rem);padding-bottom:var(--global-kb-spacing-sm, 1.5rem);grid-template-columns:minmax(0, 1fr);}.kb-row-layout-id3389_042e8b-cb > .kt-row-layout-overlay{opacity:0.30;}@media all and (max-width: 1024px){.kb-row-layout-id3389_042e8b-cb > .kt-row-column-wrap{grid-template-columns:minmax(0, 1fr);}}@media all and (max-width: 767px){.kb-row-layout-id3389_042e8b-cb > .kt-row-column-wrap{grid-template-columns:minmax(0, 1fr);}}<\/style><div class=\"kb-row-layout-wrap kb-row-layout-id3389_042e8b-cb alignnone wp-block-kadence-rowlayout\"><div class=\"kt-row-column-wrap kt-has-1-columns kt-row-layout-equal kt-tab-layout-inherit kt-mobile-layout-row kt-row-valign-top\">\n<style>.kadence-column3389_6eab35-30 > .kt-inside-inner-col,.kadence-column3389_6eab35-30 > .kt-inside-inner-col:before{border-top-left-radius:0px;border-top-right-radius:0px;border-bottom-right-radius:0px;border-bottom-left-radius:0px;}.kadence-column3389_6eab35-30 > .kt-inside-inner-col{column-gap:var(--global-kb-gap-sm, 1rem);}.kadence-column3389_6eab35-30 > .kt-inside-inner-col{flex-direction:column;}.kadence-column3389_6eab35-30 > .kt-inside-inner-col > .aligncenter{width:100%;}.kadence-column3389_6eab35-30 > .kt-inside-inner-col:before{opacity:0.3;}.kadence-column3389_6eab35-30{position:relative;}@media all and (max-width: 1024px){.kadence-column3389_6eab35-30 > .kt-inside-inner-col{flex-direction:column;}}@media all and (max-width: 767px){.kadence-column3389_6eab35-30 > .kt-inside-inner-col{flex-direction:column;}}<\/style>\n<div class=\"wp-block-kadence-column kadence-column3389_6eab35-30\"><div class=\"kt-inside-inner-col\"><style>.wp-block-kadence-advancedheading.kt-adv-heading3389_b9331d-00, .wp-block-kadence-advancedheading.kt-adv-heading3389_b9331d-00[data-kb-block=\"kb-adv-heading3389_b9331d-00\"]{margin-bottom:var(--global-kb-spacing-xl, 4rem);font-style:normal;}.wp-block-kadence-advancedheading.kt-adv-heading3389_b9331d-00 mark.kt-highlight, .wp-block-kadence-advancedheading.kt-adv-heading3389_b9331d-00[data-kb-block=\"kb-adv-heading3389_b9331d-00\"] mark.kt-highlight{font-style:normal;color:#f76a0c;-webkit-box-decoration-break:clone;box-decoration-break:clone;padding-top:0px;padding-right:0px;padding-bottom:0px;padding-left:0px;}<\/style>\n<h2 class=\"kt-adv-heading3389_b9331d-00 wp-block-kadence-advancedheading\" data-kb-block=\"kb-adv-heading3389_b9331d-00\">Connectez-vous en personne lors de nos \u00e9v\u00e9nements \u00e0 venir<\/h2>\n\n\n<style>.kadence-column3389_48155f-c4 > .kt-inside-inner-col,.kadence-column3389_48155f-c4 > .kt-inside-inner-col:before{border-top-left-radius:0px;border-top-right-radius:0px;border-bottom-right-radius:0px;border-bottom-left-radius:0px;}.kadence-column3389_48155f-c4 > .kt-inside-inner-col{column-gap:var(--global-kb-gap-sm, 1rem);}.kadence-column3389_48155f-c4 > .kt-inside-inner-col{flex-direction:column;}.kadence-column3389_48155f-c4 > .kt-inside-inner-col > .aligncenter{width:100%;}.kadence-column3389_48155f-c4 > .kt-inside-inner-col:before{opacity:0.3;}.kadence-column3389_48155f-c4{position:relative;}@media all and (max-width: 1024px){.kadence-column3389_48155f-c4 > .kt-inside-inner-col{flex-direction:column;}}@media all and (max-width: 767px){.kadence-column3389_48155f-c4 > .kt-inside-inner-col{flex-direction:column;}}<\/style>\n<div class=\"wp-block-kadence-column kadence-column3389_48155f-c4\"><div class=\"kt-inside-inner-col\"><style>.kb-row-layout-id3389_11e2e3-6c > .kt-row-column-wrap{align-content:start;}:where(.kb-row-layout-id3389_11e2e3-6c > .kt-row-column-wrap) > .wp-block-kadence-column{justify-content:start;}.kb-row-layout-id3389_11e2e3-6c > .kt-row-column-wrap{column-gap:var(--global-kb-gap-md, 2rem);row-gap:var(--global-kb-gap-md, 2rem);padding-top:var(--global-kb-spacing-sm, 1.5rem);padding-bottom:var(--global-kb-spacing-sm, 1.5rem);grid-template-columns:minmax(0, 1fr);}.kb-row-layout-id3389_11e2e3-6c > .kt-row-layout-overlay{opacity:0.30;}@media all and (max-width: 1024px){.kb-row-layout-id3389_11e2e3-6c > .kt-row-column-wrap{grid-template-columns:minmax(0, 1fr);}}@media all and (max-width: 767px){.kb-row-layout-id3389_11e2e3-6c > .kt-row-column-wrap{grid-template-columns:minmax(0, 1fr);}}<\/style><div class=\"kb-row-layout-wrap kb-row-layout-id3389_11e2e3-6c alignnone wp-block-kadence-rowlayout\"><div class=\"kt-row-column-wrap kt-has-1-columns kt-row-layout-equal kt-tab-layout-inherit kt-mobile-layout-row kt-row-valign-top\">\n<style>.kadence-column3389_69ad72-b5 > .kt-inside-inner-col,.kadence-column3389_69ad72-b5 > .kt-inside-inner-col:before{border-top-left-radius:0px;border-top-right-radius:0px;border-bottom-right-radius:0px;border-bottom-left-radius:0px;}.kadence-column3389_69ad72-b5 > .kt-inside-inner-col{column-gap:var(--global-kb-gap-sm, 1rem);}.kadence-column3389_69ad72-b5 > .kt-inside-inner-col{flex-direction:column;}.kadence-column3389_69ad72-b5 > .kt-inside-inner-col > .aligncenter{width:100%;}.kadence-column3389_69ad72-b5 > .kt-inside-inner-col:before{opacity:0.3;}.kadence-column3389_69ad72-b5{position:relative;}@media all and (max-width: 1024px){.kadence-column3389_69ad72-b5 > .kt-inside-inner-col{flex-direction:column;}}@media all and (max-width: 767px){.kadence-column3389_69ad72-b5 > .kt-inside-inner-col{flex-direction:column;}}<\/style>\n<div class=\"wp-block-kadence-column kadence-column3389_69ad72-b5\"><div class=\"kt-inside-inner-col\">\r\n<div class=\"ae-home-page-events no_featured\">\r\n\r\n    \r\n    <div class=\"ae-home-page-events-list\">\r\n                                <div class=\"ae-home-page-events-list-single\">\r\n                <div class=\"ae-home-page-events-details\">\r\n                    <div class=\"ae-home-page-events-date\">\r\n                                                <div class=\"ae-home-page-events-month\">\r\n                            Peut                        <\/div>\r\n                        <div class=\"ae-home-page-events-day\">\r\n                            12                        <\/div>\r\n                        \r\n                    <\/div>\r\n                    <div class=\"ae-home-page-events-list-details\">\r\n                                                                        <h3>\r\n                            <a href=\"https:\/\/gbta.org\/fr\/event\/gbta-apac-conference-2026-singapore\/\">GBTA APAC Conference 2026 | Singapore<\/a>\r\n                        <\/h3>\r\n                    <\/div>\r\n                <\/div>\r\n            <\/div>\r\n                                <div class=\"ae-home-page-events-list-single\">\r\n                <div class=\"ae-home-page-events-details\">\r\n                    <div class=\"ae-home-page-events-date\">\r\n                                                <div class=\"ae-home-page-events-month\">\r\n                            Peut                        <\/div>\r\n                        <div class=\"ae-home-page-events-day\">\r\n                            12                        <\/div>\r\n                        \r\n                    <\/div>\r\n                    <div class=\"ae-home-page-events-list-details\">\r\n                                                                        <h3>\r\n                            <a href=\"https:\/\/gbta.org\/fr\/event\/gbta-south-carolina-golf-tournament\/\">GBTA South Carolina Golf Tournament<\/a>\r\n                        <\/h3>\r\n                    <\/div>\r\n                <\/div>\r\n            <\/div>\r\n                                <div class=\"ae-home-page-events-list-single\">\r\n                <div class=\"ae-home-page-events-details\">\r\n                    <div class=\"ae-home-page-events-date\">\r\n                                                <div class=\"ae-home-page-events-month\">\r\n                            Peut                        <\/div>\r\n                        <div class=\"ae-home-page-events-day\">\r\n                            19                        <\/div>\r\n                        \r\n                    <\/div>\r\n                    <div class=\"ae-home-page-events-list-details\">\r\n                                                                            <span class=\"ae-home-page-events-country\">\u00c9tats-Unis<\/span>\r\n                                                <h3>\r\n                            <a href=\"https:\/\/gbta.org\/fr\/event\/gbta-ladders-summit-2026\/\">GBTA Ladders Summit 2026<\/a>\r\n                        <\/h3>\r\n                    <\/div>\r\n                <\/div>\r\n            <\/div>\r\n                                <div class=\"ae-home-page-events-list-single\">\r\n                <div class=\"ae-home-page-events-details\">\r\n                    <div class=\"ae-home-page-events-date\">\r\n                                                <div class=\"ae-home-page-events-month\">\r\n                            Peut                        <\/div>\r\n                        <div class=\"ae-home-page-events-day\">\r\n                            21                        <\/div>\r\n                        \r\n                    <\/div>\r\n                    <div class=\"ae-home-page-events-list-details\">\r\n                                                                            <span class=\"ae-home-page-events-country\">Italie<\/span>\r\n                                                <h3>\r\n                            <a href=\"https:\/\/gbta.org\/fr\/event\/gbta-italia-roadshow-roma\/\">GBTA Italia Roadshow | Roma<\/a>\r\n                        <\/h3>\r\n                    <\/div>\r\n                <\/div>\r\n            <\/div>\r\n                                <div class=\"ae-home-page-events-list-single\">\r\n                <div class=\"ae-home-page-events-details\">\r\n                    <div class=\"ae-home-page-events-date\">\r\n                                                <div class=\"ae-home-page-events-month\">\r\n                            Peut                        <\/div>\r\n                        <div class=\"ae-home-page-events-day\">\r\n                            26                        <\/div>\r\n                        \r\n                    <\/div>\r\n                    <div class=\"ae-home-page-events-list-details\">\r\n                                                                        <h3>\r\n                            <a href=\"https:\/\/gbta.org\/fr\/event\/gbta-canada-regional-direct-buyer-talks-2\/\">GBTA Canada Regional Direct (Buyer) Talks<\/a>\r\n                        <\/h3>\r\n                    <\/div>\r\n                <\/div>\r\n            <\/div>\r\n                                <div class=\"ae-home-page-events-list-single\">\r\n                <div class=\"ae-home-page-events-details\">\r\n                    <div class=\"ae-home-page-events-date\">\r\n                                                <div class=\"ae-home-page-events-month\">\r\n                            juin                        <\/div>\r\n                        <div class=\"ae-home-page-events-day\">\r\n                            2                        <\/div>\r\n                        \r\n                    <\/div>\r\n                    <div class=\"ae-home-page-events-list-details\">\r\n                                                                        <h3>\r\n                            <a href=\"https:\/\/gbta.org\/fr\/event\/gbta-latam-business-travel-forum-sao-paulo-2026\/\">GBTA LATAM Business Travel Forum | S\u00e3o Paulo<\/a>\r\n                        <\/h3>\r\n                    <\/div>\r\n                <\/div>\r\n            <\/div>\r\n                                <div class=\"ae-home-page-events-list-single\">\r\n                <div class=\"ae-home-page-events-details\">\r\n                    <div class=\"ae-home-page-events-date\">\r\n                                                <div class=\"ae-home-page-events-month\">\r\n                            juin                        <\/div>\r\n                        <div class=\"ae-home-page-events-day\">\r\n                            3                        <\/div>\r\n                        \r\n                    <\/div>\r\n                    <div class=\"ae-home-page-events-list-details\">\r\n                                                                        <h3>\r\n                            <a href=\"https:\/\/gbta.org\/fr\/event\/webinar-navigating-middle-east-uncertainty-implications-and-strategies-for-business-travel-leaders\/\">Webinar &#8211; Navigating Middle East Uncertainty: Implications and Strategies for Business Travel Leaders<\/a>\r\n                        <\/h3>\r\n                    <\/div>\r\n                <\/div>\r\n            <\/div>\r\n                                <div class=\"ae-home-page-events-list-single\">\r\n                <div class=\"ae-home-page-events-details\">\r\n                    <div class=\"ae-home-page-events-date\">\r\n                                                <div class=\"ae-home-page-events-month\">\r\n                            juin                        <\/div>\r\n                        <div class=\"ae-home-page-events-day\">\r\n                            9                        <\/div>\r\n                        \r\n                    <\/div>\r\n                    <div class=\"ae-home-page-events-list-details\">\r\n                                                                        <h3>\r\n                            <a href=\"https:\/\/gbta.org\/fr\/event\/gbta-canada-buyer-only-exchange-winnipeg\/\">GBTA Canada Buyer Only Exchange | Winnipeg<\/a>\r\n                        <\/h3>\r\n                    <\/div>\r\n                <\/div>\r\n            <\/div>\r\n            <\/div>\r\n<\/div>\r\n\n\n<style>.wp-block-kadence-advancedbtn.kb-btns3389_704335-25{gap:var(--global-kb-gap-xs, 0.5rem );justify-content:center;align-items:center;}.kt-btns3389_704335-25 .kt-button{font-weight:normal;font-style:normal;}.kt-btns3389_704335-25 .kt-btn-wrap-0{margin-right:5px;}.wp-block-kadence-advancedbtn.kt-btns3389_704335-25 .kt-btn-wrap-0 .kt-button{color:#555555;border-color:#555555;}.wp-block-kadence-advancedbtn.kt-btns3389_704335-25 .kt-btn-wrap-0 .kt-button:hover, .wp-block-kadence-advancedbtn.kt-btns3389_704335-25 .kt-btn-wrap-0 .kt-button:focus{color:#ffffff;border-color:#444444;}.wp-block-kadence-advancedbtn.kt-btns3389_704335-25 .kt-btn-wrap-0 .kt-button::before{display:none;}.wp-block-kadence-advancedbtn.kt-btns3389_704335-25 .kt-btn-wrap-0 .kt-button:hover, .wp-block-kadence-advancedbtn.kt-btns3389_704335-25 .kt-btn-wrap-0 .kt-button:focus{background:#444444;}<\/style>\n<div class=\"wp-block-kadence-advancedbtn kb-buttons-wrap kb-btns3389_704335-25\"><style>ul.menu .wp-block-kadence-advancedbtn .kb-btn3389_9eaf6c-7e.kb-button{width:initial;}@media all and (max-width: 1024px){.kb-btn3389_9eaf6c-7e.kb-button .kb-svg-icon-wrap{display:block;}}<\/style><a class=\"kb-button kt-button button kb-btn3389_9eaf6c-7e kt-btn-size-standard kt-btn-width-type-auto kb-btn-global-fill kt-btn-has-text-true kt-btn-has-svg-false wp-block-kadence-singlebtn\" href=\"https:\/\/gbta.org\/fr\/upcoming-events\/\"><span class=\"kt-btn-inner-text\">vIEW ALL<\/span><\/a><\/div>\n\n\n<style>.wp-block-kadence-advancedheading.kt-adv-heading3389_45c972-3b, .wp-block-kadence-advancedheading.kt-adv-heading3389_45c972-3b[data-kb-block=\"kb-adv-heading3389_45c972-3b\"]{font-style:normal;}.wp-block-kadence-advancedheading.kt-adv-heading3389_45c972-3b mark.kt-highlight, .wp-block-kadence-advancedheading.kt-adv-heading3389_45c972-3b[data-kb-block=\"kb-adv-heading3389_45c972-3b\"] mark.kt-highlight{font-style:normal;color:#f76a0c;-webkit-box-decoration-break:clone;box-decoration-break:clone;padding-top:0px;padding-right:0px;padding-bottom:0px;padding-left:0px;}<\/style>\n<h3 class=\"kt-adv-heading3389_45c972-3b wp-block-kadence-advancedheading\" data-kb-block=\"kb-adv-heading3389_45c972-3b\">Contactez-nous<\/h3>\n\n\n\n<p>Not sure which event is best for your organization? Fill out the form below and a member of our expo team will contact you shortly to assist.<\/p>\n\n\n\n<iframe loading=\"lazy\" src=\"https:\/\/www3.gbta.org\/l\/5572\/2025-06-09\/6w4l7y\" width=\"100%\" height=\"650\" type=\"text\/html\" frameborder=\"0\" allowtransparency=\"true\" style=\"border: 0\"><\/iframe>\n<\/div><\/div>\n\n<\/div><\/div><\/div><\/div>\n\n\n\n<p><\/p>\n<\/div><\/div>\n\n<\/div><\/div><\/div><\/div>\n\n\n\n<p><\/p>","protected":false},"excerpt":{"rendered":"<p>Connect in Person at Our Upcoming Events Contact us Not sure which event is best for your organization? Fill out the form below and a member of our expo team&#8230;<\/p>","protected":false},"author":25,"featured_media":0,"parent":23520,"menu_order":0,"comment_status":"closed","ping_status":"closed","template":"","meta":{"_acf_changed":false,"_seopress_robots_primary_cat":"","_seopress_titles_title":"","_seopress_titles_desc":"","_seopress_robots_index":"yes","om_disable_all_campaigns":false,"_relevanssi_hide_post":"","_relevanssi_hide_content":"","_relevanssi_pin_for_all":"","_relevanssi_pin_keywords":"","_relevanssi_unpin_keywords":"","_relevanssi_related_keywords":"","_relevanssi_related_include_ids":"","_relevanssi_related_exclude_ids":"","_relevanssi_related_no_append":"","_relevanssi_related_not_related":"","_relevanssi_related_posts":"1,415,661,662,664,666","_relevanssi_noindex_reason":"","_kad_blocks_custom_css":"","_kad_blocks_head_custom_js":"","_kad_blocks_body_custom_js":"","_kad_blocks_footer_custom_js":"","_kad_post_transparent":"","_kad_post_title":"","_kad_post_layout":"","_kad_post_sidebar_id":"","_kad_post_content_style":"","_kad_post_vertical_padding":"","_kad_post_feature":"","_kad_post_feature_position":"","_kad_post_header":false,"_kad_post_footer":false,"footnotes":"","_links_to":"","_links_to_target":""},"class_list":["post-3389","page","type-page","status-publish","hentry"],"acf":[],"featured_image_src_large":false,"author_info":{"display_name":"jcampbell","author_link":"https:\/\/gbta.org\/fr\/author\/jcampbell\/"},"comment_info":"","taxonomy_info":[],"featured_image_src":null,"featured_image_src_square":null,"mfb_rest_fields":["featured_image_src_large","author_info","comment_info","taxonomy_info","featured_image_src","featured_image_src_square"],"_links":{"self":[{"href":"https:\/\/gbta.org\/fr\/wp-json\/wp\/v2\/pages\/3389","targetHints":{"allow":["GET"]}}],"collection":[{"href":"https:\/\/gbta.org\/fr\/wp-json\/wp\/v2\/pages"}],"about":[{"href":"https:\/\/gbta.org\/fr\/wp-json\/wp\/v2\/types\/page"}],"author":[{"embeddable":true,"href":"https:\/\/gbta.org\/fr\/wp-json\/wp\/v2\/users\/25"}],"replies":[{"embeddable":true,"href":"https:\/\/gbta.org\/fr\/wp-json\/wp\/v2\/comments?post=3389"}],"version-history":[{"count":10,"href":"https:\/\/gbta.org\/fr\/wp-json\/wp\/v2\/pages\/3389\/revisions"}],"predecessor-version":[{"id":30545,"href":"https:\/\/gbta.org\/fr\/wp-json\/wp\/v2\/pages\/3389\/revisions\/30545"}],"up":[{"embeddable":true,"href":"https:\/\/gbta.org\/fr\/wp-json\/wp\/v2\/pages\/23520"}],"wp:attachment":[{"href":"https:\/\/gbta.org\/fr\/wp-json\/wp\/v2\/media?parent=3389"}],"curies":[{"name":"wp","href":"https:\/\/api.w.org\/{rel}","templated":true}]}}