{"id":3424,"date":"2022-08-01T05:33:39","date_gmt":"2022-08-01T09:33:39","guid":{"rendered":"https:\/\/gbta.org\/?page_id=3424"},"modified":"2022-08-15T10:31:17","modified_gmt":"2022-08-15T14:31:17","slug":"gbta-hub-help","status":"publish","type":"page","link":"https:\/\/gbta.org\/fr\/gbta-hub-help\/","title":{"rendered":"Aide du hub GBTA"},"content":{"rendered":"<div class=\"wp-block-columns is-layout-flex wp-container-core-columns-is-layout-1 wp-block-columns-is-layout-flex\">\n<div class=\"wp-block-column has-background is-layout-flow wp-block-column-is-layout-flow\" style=\"background-color:#c7c7c933;padding-top:30px;padding-right:20px;padding-bottom:30px;padding-left:30px;flex-basis:25%\"><h4 class=\"wp-block-heading\" id=\"membership\">Adh\u00e9sion<\/h4>\n\n\n<p style=\"line-height:1.5\"><br><strong><a href=\"https:\/\/gbta.org\/fr\/membership-and-communities\/membership\/member-benefits\/\" target=\"_blank\" rel=\"noreferrer noopener\">Avantages et tarifs des membres<\/a><\/strong><a rel=\"noreferrer noopener\" href=\"https:\/\/gbta.org\/fr\/professional-development\/global-travel-professional-certification-gtp\/\" data-type=\"URL\" data-id=\"https:\/\/gbta.org\/professional-development\/global-travel-professional-certification-gtp\" target=\"_blank\"><br><\/a><br><a href=\"https:\/\/www3.gbta.org\/join-gbta?_ga=2.102189697.1840615630.1660538740-1494869180.1658985915\" target=\"_blank\" rel=\"noreferrer noopener\"><strong>Rejoindre GBTA<\/strong><\/a><a rel=\"noreferrer noopener\" href=\"https:\/\/gbta.org\/fr\/professional-development\/gtp-certification\/gtp-recertification\/\" data-type=\"URL\" data-id=\"https:\/\/gbta.org\/professional-development\/gtp-certification\/gtp-recertification\" target=\"_blank\"><strong><br><\/strong><\/a><br><strong><a href=\"https:\/\/gbta.org\/fr\/myaccount\/?actionurl=renewal\" target=\"_blank\" rel=\"noreferrer noopener\">Renouveler l&#039;adh\u00e9sion<\/a><\/strong><\/p>\n\n\n\n<p style=\"line-height:1.5\"><strong><a href=\"https:\/\/gbta.org\/fr\/membership-communities\/membership\/ladders-mentoring\/\" target=\"_blank\" rel=\"noreferrer noopener\">Mentorat des \u00e9chelles<\/a><\/strong><\/p>\n\n\n\n<p style=\"line-height:1.5\"><strong><a href=\"https:\/\/gbta.org\/fr\/sponsor-exhibit\/contact-us\/\" target=\"_blank\" rel=\"noreferrer noopener\">Nous contacter<\/a><\/strong><\/p>\n\n\n\n<p style=\"line-height:1.5\"><strong><a href=\"https:\/\/gbta.org\/fr\/membership\/gbta-hub-help\/\" target=\"_blank\" rel=\"noreferrer noopener\">Aide du hub GBTA<\/a><\/strong><\/p>\n\n\n<style>.wp-block-kadence-spacer.kt-block-spacer-_ec69de-a1 .kt-block-spacer{height:20px;}.wp-block-kadence-spacer.kt-block-spacer-_ec69de-a1 .kt-divider{border-top-width:1px;height:1px;border-top-color:#eee;width:80%;border-top-style:solid;}<\/style>\n<div class=\"wp-block-kadence-spacer aligncenter kt-block-spacer-_ec69de-a1\"><div class=\"kt-block-spacer kt-block-spacer-halign-center\"><hr class=\"kt-divider\" \/><\/div><\/div>\n<\/div>\n\n\n\n<div class=\"wp-block-column is-layout-flow wp-block-column-is-layout-flow\" style=\"flex-basis:66.66%\"><h2 class=\"wp-block-heading\" id=\"gbta-hub-help\">Aide du hub GBTA<\/h2>\n\n<style>.wp-block-kadence-advancedheading.kt-adv-heading_d7ff20-47, .wp-block-kadence-advancedheading.kt-adv-heading_d7ff20-47[data-kb-block=\"kb-adv-heading_d7ff20-47\"]{font-style:normal;}.wp-block-kadence-advancedheading.kt-adv-heading_d7ff20-47 mark.kt-highlight, .wp-block-kadence-advancedheading.kt-adv-heading_d7ff20-47[data-kb-block=\"kb-adv-heading_d7ff20-47\"] mark.kt-highlight{font-style:normal;color:#f76a0c;-webkit-box-decoration-break:clone;box-decoration-break:clone;padding-top:0px;padding-right:0px;padding-bottom:0px;padding-left:0px;}<\/style>\n<h3 class=\"kt-adv-heading_d7ff20-47 wp-block-kadence-advancedheading\" data-kb-block=\"kb-adv-heading_d7ff20-47\">Apprenez des meilleurs experts de l&#039;industrie du voyage d&#039;affaires.<\/h3>\n<\/div>\n<\/div>\n\n\n<style>.wp-block-kadence-advancedheading.kt-adv-heading_a2ad45-77, .wp-block-kadence-advancedheading.kt-adv-heading_a2ad45-77[data-kb-block=\"kb-adv-heading_a2ad45-77\"]{font-style:normal;}.wp-block-kadence-advancedheading.kt-adv-heading_a2ad45-77 mark.kt-highlight, .wp-block-kadence-advancedheading.kt-adv-heading_a2ad45-77[data-kb-block=\"kb-adv-heading_a2ad45-77\"] mark.kt-highlight{font-style:normal;color:#f76a0c;-webkit-box-decoration-break:clone;box-decoration-break:clone;padding-top:0px;padding-right:0px;padding-bottom:0px;padding-left:0px;}<\/style>\n<h2 class=\"kt-adv-heading_a2ad45-77 wp-block-kadence-advancedheading\" data-kb-block=\"kb-adv-heading_a2ad45-77\">Avantages du hub GBTA<\/h2>\n\n\n<style>#kt-layout-id_69d9d9-c0 > .kt-row-column-wrap{align-content:start;}:where(#kt-layout-id_69d9d9-c0 > .kt-row-column-wrap) > .wp-block-kadence-column{justify-content:start;}#kt-layout-id_69d9d9-c0 > .kt-row-column-wrap{column-gap:var(--global-kb-gap-md, 2rem);row-gap:var(--global-kb-gap-md, 2rem);max-width:var( --global-content-width, 1440px );padding-left:var(--global-content-edge-padding);padding-right:var(--global-content-edge-padding);padding-top:var( --global-kb-row-default-top, 25px );padding-bottom:var( --global-kb-row-default-bottom, 25px );padding-top:0px;padding-bottom:15px;padding-left:0px;padding-right:0px;grid-template-columns:minmax(0, 1fr);}#kt-layout-id_69d9d9-c0 > .kt-row-layout-overlay{opacity:0.30;}@media all and (max-width: 1024px){#kt-layout-id_69d9d9-c0 > .kt-row-column-wrap{grid-template-columns:minmax(0, 1fr);}}@media all and (max-width: 767px){#kt-layout-id_69d9d9-c0 > .kt-row-column-wrap{grid-template-columns:minmax(0, 1fr);}}<\/style>\n<section class=\"wp-block-kadence-rowlayout alignnone\"><div id=\"kt-layout-id_69d9d9-c0\" class=\"kt-row-layout-inner kt-layout-id_69d9d9-c0\"><div class=\"kt-row-column-wrap kt-has-1-columns kt-gutter-default kt-v-gutter-default kt-row-valign-top kt-row-layout-equal kt-tab-layout-inherit kt-m-colapse-left-to-right kt-mobile-layout-row kb-theme-content-width\"><style>.kadence-column_dc38ae-11 > .kt-inside-inner-col{border-top-width:0px;border-right-width:0px;border-bottom-width:0px;border-left-width:0px;}.kadence-column_dc38ae-11 > .kt-inside-inner-col,.kadence-column_dc38ae-11 > .kt-inside-inner-col:before{border-top-left-radius:0px;border-top-right-radius:0px;border-bottom-right-radius:0px;border-bottom-left-radius:0px;}.kadence-column_dc38ae-11 > .kt-inside-inner-col{column-gap:var(--global-kb-gap-sm, 1rem);}.kadence-column_dc38ae-11 > .kt-inside-inner-col{flex-direction:column;}.kadence-column_dc38ae-11 > .kt-inside-inner-col > .aligncenter{width:100%;}.kadence-column_dc38ae-11 > .kt-inside-inner-col:before{opacity:0.3;}.kadence-column_dc38ae-11{position:relative;}@media all and (max-width: 1024px){.kadence-column_dc38ae-11 > .kt-inside-inner-col{flex-direction:column;}}@media all and (max-width: 767px){.kadence-column_dc38ae-11 > .kt-inside-inner-col{flex-direction:column;}}<\/style>\n<div class=\"wp-block-kadence-column inner-column-1 kadence-column_dc38ae-11\"><div class=\"kt-inside-inner-col\"><style>.kt-accordion-id_263dca-5c .kt-accordion-inner-wrap{column-gap:var(--global-kb-gap-md, 2rem);row-gap:0px;}.kt-accordion-id_263dca-5c .kt-accordion-panel-inner{border-top-width:0px;border-right-width:0px;border-bottom-width:0px;border-left-width:0px;padding-top:var(--global-kb-spacing-sm, 1.5rem);padding-right:var(--global-kb-spacing-sm, 1.5rem);padding-bottom:var(--global-kb-spacing-sm, 1.5rem);padding-left:var(--global-kb-spacing-sm, 1.5rem);}.kt-accordion-id_263dca-5c .wp-block-kadence-pane .kt-accordion-header-wrap .kt-blocks-accordion-header{border-top-color:#555555;border-right-color:#555555;border-bottom-color:#555555;border-left-color:#555555;border-top-width:0px;border-right-width:0px;border-bottom-width:0px;border-left-width:0px;border-top-left-radius:0px;border-top-right-radius:0px;border-bottom-right-radius:0px;border-bottom-left-radius:0px;background:#f2f2f2;font-size:18px;line-height:24px;color:#555555;padding-top:10px;padding-right:14px;padding-bottom:10px;padding-left:14px;}.kt-accordion-id_263dca-5c:not( .kt-accodion-icon-style-basiccircle ):not( .kt-accodion-icon-style-xclosecircle ):not( .kt-accodion-icon-style-arrowcircle ) .kt-blocks-accordion-icon-trigger:after, .kt-accordion-id_263dca-5c:not( .kt-accodion-icon-style-basiccircle ):not( .kt-accodion-icon-style-xclosecircle ):not( .kt-accodion-icon-style-arrowcircle ) .kt-blocks-accordion-icon-trigger:before{background:#555555;}.kt-accordion-id_263dca-5c:not( .kt-accodion-icon-style-basic ):not( .kt-accodion-icon-style-xclose ):not( .kt-accodion-icon-style-arrow ) .kt-blocks-accordion-icon-trigger{background:#555555;}.kt-accordion-id_263dca-5c:not( .kt-accodion-icon-style-basic ):not( .kt-accodion-icon-style-xclose ):not( .kt-accodion-icon-style-arrow ) .kt-blocks-accordion-icon-trigger:after, .kt-accordion-id_263dca-5c:not( .kt-accodion-icon-style-basic ):not( .kt-accodion-icon-style-xclose ):not( .kt-accodion-icon-style-arrow ) .kt-blocks-accordion-icon-trigger:before{background:#f2f2f2;}.kt-accordion-id_263dca-5c .kt-accordion-header-wrap .kt-blocks-accordion-header:hover, body:not(.hide-focus-outline) .kt-accordion-id_263dca-5c .kt-accordion-header-wrap .kt-blocks-accordion-header:focus-visible{color:#444444;background:#eeeeee;border-top-color:#eeeeee;border-right-color:#eeeeee;border-bottom-color:#eeeeee;border-left-color:#eeeeee;}.kt-accordion-id_263dca-5c:not( .kt-accodion-icon-style-basiccircle ):not( .kt-accodion-icon-style-xclosecircle ):not( .kt-accodion-icon-style-arrowcircle ) .kt-blocks-accordion-header:hover .kt-blocks-accordion-icon-trigger:after, .kt-accordion-id_263dca-5c:not( .kt-accodion-icon-style-basiccircle ):not( .kt-accodion-icon-style-xclosecircle ):not( .kt-accodion-icon-style-arrowcircle ) .kt-blocks-accordion-header:hover .kt-blocks-accordion-icon-trigger:before, body:not(.hide-focus-outline) .kt-accordion-id_263dca-5c:not( .kt-accodion-icon-style-basiccircle ):not( .kt-accodion-icon-style-xclosecircle ):not( .kt-accodion-icon-style-arrowcircle ) .kt-blocks-accordion--visible .kt-blocks-accordion-icon-trigger:after, body:not(.hide-focus-outline) .kt-accordion-id_263dca-5c:not( .kt-accodion-icon-style-basiccircle ):not( .kt-accodion-icon-style-xclosecircle ):not( .kt-accodion-icon-style-arrowcircle ) .kt-blocks-accordion-header:focus-visible .kt-blocks-accordion-icon-trigger:before{background:#444444;}.kt-accordion-id_263dca-5c:not( .kt-accodion-icon-style-basic ):not( .kt-accodion-icon-style-xclose ):not( .kt-accodion-icon-style-arrow ) .kt-blocks-accordion-header:hover .kt-blocks-accordion-icon-trigger, body:not(.hide-focus-outline) .kt-accordion-id_263dca-5c:not( .kt-accodion-icon-style-basic ):not( .kt-accodion-icon-style-xclose ):not( .kt-accodion-icon-style-arrow ) .kt-blocks-accordion-header:focus-visible .kt-blocks-accordion-icon-trigger{background:#444444;}.kt-accordion-id_263dca-5c:not( .kt-accodion-icon-style-basic ):not( .kt-accodion-icon-style-xclose ):not( .kt-accodion-icon-style-arrow ) .kt-blocks-accordion-header:hover .kt-blocks-accordion-icon-trigger:after, .kt-accordion-id_263dca-5c:not( .kt-accodion-icon-style-basic ):not( .kt-accodion-icon-style-xclose ):not( .kt-accodion-icon-style-arrow ) .kt-blocks-accordion-header:hover .kt-blocks-accordion-icon-trigger:before, body:not(.hide-focus-outline) .kt-accordion-id_263dca-5c:not( .kt-accodion-icon-style-basic ):not( .kt-accodion-icon-style-xclose ):not( .kt-accodion-icon-style-arrow ) .kt-blocks-accordion-header:focus-visible .kt-blocks-accordion-icon-trigger:after, body:not(.hide-focus-outline) .kt-accordion-id_263dca-5c:not( .kt-accodion-icon-style-basic ):not( .kt-accodion-icon-style-xclose ):not( .kt-accodion-icon-style-arrow ) .kt-blocks-accordion-header:focus-visible .kt-blocks-accordion-icon-trigger:before{background:#eeeeee;}.kt-accordion-id_263dca-5c .kt-accordion-header-wrap .kt-blocks-accordion-header:focus-visible, .kt-accordion-id_263dca-5c .kt-accordion-header-wrap .kt-blocks-accordion-header.kt-accordion-panel-active{color:#ffffff;background:#444444;border-top-color:#444444;border-right-color:#444444;border-bottom-color:#444444;border-left-color:#444444;}.kt-accordion-id_263dca-5c:not( .kt-accodion-icon-style-basiccircle ):not( .kt-accodion-icon-style-xclosecircle ):not( .kt-accodion-icon-style-arrowcircle ) .kt-blocks-accordion-header.kt-accordion-panel-active .kt-blocks-accordion-icon-trigger:after, .kt-accordion-id_263dca-5c:not( .kt-accodion-icon-style-basiccircle ):not( .kt-accodion-icon-style-xclosecircle ):not( .kt-accodion-icon-style-arrowcircle ) .kt-blocks-accordion-header.kt-accordion-panel-active .kt-blocks-accordion-icon-trigger:before{background:#ffffff;}.kt-accordion-id_263dca-5c:not( .kt-accodion-icon-style-basic ):not( .kt-accodion-icon-style-xclose ):not( .kt-accodion-icon-style-arrow ) .kt-blocks-accordion-header.kt-accordion-panel-active .kt-blocks-accordion-icon-trigger{background:#ffffff;}.kt-accordion-id_263dca-5c:not( .kt-accodion-icon-style-basic ):not( .kt-accodion-icon-style-xclose ):not( .kt-accodion-icon-style-arrow ) .kt-blocks-accordion-header.kt-accordion-panel-active .kt-blocks-accordion-icon-trigger:after, .kt-accordion-id_263dca-5c:not( .kt-accodion-icon-style-basic ):not( .kt-accodion-icon-style-xclose ):not( .kt-accodion-icon-style-arrow ) .kt-blocks-accordion-header.kt-accordion-panel-active .kt-blocks-accordion-icon-trigger:before{background:#444444;}@media all and (max-width: 767px){.kt-accordion-id_263dca-5c .kt-accordion-inner-wrap{display:block;}.kt-accordion-id_263dca-5c .kt-accordion-inner-wrap .kt-accordion-pane:not(:first-child){margin-top:0px;}}<\/style>\n<div class=\"wp-block-kadence-accordion alignnone\"><div class=\"kt-accordion-wrap kt-accordion-wrap kt-accordion-id_263dca-5c kt-accordion-has-5-panes kt-active-pane-0 kt-accordion-block kt-pane-header-alignment-left kt-accodion-icon-style-basic kt-accodion-icon-side-right\" style=\"max-width:none\"><div class=\"kt-accordion-inner-wrap\" data-allow-multiple-open=\"false\" data-start-open=\"0\">\n<div class=\"wp-block-kadence-pane kt-accordion-pane kt-accordion-pane-1 kt-pane_04bcd4-c9\"><div class=\"kt-accordion-header-wrap\"><button class=\"kt-blocks-accordion-header kt-acccordion-button-label-show\"><span class=\"kt-blocks-accordion-title-wrap\"><span class=\"kt-blocks-accordion-title\">R\u00e9seautage \u2013 Annuaire des membres<\/span><\/span><span class=\"kt-blocks-accordion-icon-trigger\"><\/span><\/button><\/div><div class=\"kt-accordion-panel kt-accordion-panel-hidden\"><div class=\"kt-accordion-panel-inner\">\n<ul class=\"wp-block-list\"><li>Acc\u00e8s aux coordonn\u00e9es directes<\/li><li>Possibilit\u00e9 de se connecter via GBTA Hub<\/li><li>Des membres de chaque pays, segment de l&#039;industrie, r\u00f4le<\/li><\/ul>\n<\/div><\/div><\/div>\n\n\n\n<div class=\"wp-block-kadence-pane kt-accordion-pane kt-accordion-pane-2 kt-pane_5a867f-2e\"><div class=\"kt-accordion-header-wrap\"><button class=\"kt-blocks-accordion-header kt-acccordion-button-label-show\"><span class=\"kt-blocks-accordion-title-wrap\"><span class=\"kt-blocks-accordion-title\">R\u00e9seautage \u2013 Forums de membres en ligne<\/span><\/span><span class=\"kt-blocks-accordion-icon-trigger\"><\/span><\/button><\/div><div class=\"kt-accordion-panel kt-accordion-panel-hidden\"><div class=\"kt-accordion-panel-inner\">\n<ul class=\"wp-block-list\"><li>Discussions actives dans des forums tr\u00e8s segment\u00e9s<\/li><li>Tous les grands secteurs industriels repr\u00e9sent\u00e9s<\/li><li>Plusieurs conversations lanc\u00e9es et r\u00e9pondues quotidiennement - notifications par e-mail disponibles<\/li><\/ul>\n<\/div><\/div><\/div>\n\n\n\n<div class=\"wp-block-kadence-pane kt-accordion-pane kt-accordion-pane-3 kt-pane_8a87cc-7c\"><div class=\"kt-accordion-header-wrap\"><button class=\"kt-blocks-accordion-header kt-acccordion-button-label-show\"><span class=\"kt-blocks-accordion-title-wrap\"><span class=\"kt-blocks-accordion-title\">Changements dans les voyages d&#039;affaires - Recherche sur l&#039;industrie<\/span><\/span><span class=\"kt-blocks-accordion-icon-trigger\"><\/span><\/button><\/div><div class=\"kt-accordion-panel kt-accordion-panel-hidden\"><div class=\"kt-accordion-panel-inner\">\n<ul class=\"wp-block-list\"><li>2 000 rapports de recherche sp\u00e9cifiques \u00e0 l&#039;industrie<\/li><li>Tous les sujets de l&#039;industrie du voyage d&#039;affaires<\/li><li>De nouveaux rapports fr\u00e9quemment<\/li><li>Analyse des donn\u00e9es, tendances, recommandations actionnables<\/li><\/ul>\n<\/div><\/div><\/div>\n\n\n\n<div class=\"wp-block-kadence-pane kt-accordion-pane kt-accordion-pane-4 kt-pane_166359-11\"><div class=\"kt-accordion-header-wrap\"><button class=\"kt-blocks-accordion-header kt-acccordion-button-label-show\"><span class=\"kt-blocks-accordion-title-wrap\"><span class=\"kt-blocks-accordion-title\">Couverture de la recherche sur tous les sujets de l&#039;industrie du voyage d&#039;affaires<\/span><\/span><span class=\"kt-blocks-accordion-icon-trigger\"><\/span><\/button><\/div><div class=\"kt-accordion-panel kt-accordion-panel-hidden\"><div class=\"kt-accordion-panel-inner\">\n<ul class=\"wp-block-list\"><li>Plaidoyer<\/li><li>Compagnies a\u00e9riennes<\/li><li>Indice des voyages d&#039;affaires<\/li><li>Voyageurs d&#039;affaires<\/li><li>Communication<\/li><li>Avantages et compensation<\/li><li>Gestion de donn\u00e9es<\/li><li>Gestion des d\u00e9penses<\/li><li>Mondialisation<\/li><li>Voyage au sol<\/li><li>Transport terrestre<\/li><li>H\u00f4tels<\/li><li>Programmes de voyage g\u00e9r\u00e9s<\/li><li>\u00c9nergie, gaz et voyages maritimes<\/li><li>Comportement de r\u00e9servation<\/li><li>Leadership<\/li><li>Solutions de paiement<\/li><li>Indicateurs de performance<\/li><li>Sports, m\u00e9dias et divertissement de voyage<\/li><li>Gestion des r\u00e9unions et des \u00e9v\u00e9nements<\/li><li>Relations avec les fournisseurs<\/li><li>Durabilit\u00e9<\/li><li>Technologie<\/li><li>Soci\u00e9t\u00e9s de gestion de voyages<\/li><li>Gestionnaires de voyages<\/li><li>Les conditions de voyage<\/li><li>Approvisionnement<\/li><li>Gestion des risques de voyage<\/li><li>Taxes de voyage<\/li><\/ul>\n<\/div><\/div><\/div>\n\n\n\n<div class=\"wp-block-kadence-pane kt-accordion-pane kt-accordion-pane-5 kt-pane_e5b4a5-5e\"><div class=\"kt-accordion-header-wrap\"><button class=\"kt-blocks-accordion-header kt-acccordion-button-label-show\"><span class=\"kt-blocks-accordion-title-wrap\"><span class=\"kt-blocks-accordion-title\">3 clics pour trouver des r\u00e9ponses<\/span><\/span><span class=\"kt-blocks-accordion-icon-trigger\"><\/span><\/button><\/div><div class=\"kt-accordion-panel kt-accordion-panel-hidden\"><div class=\"kt-accordion-panel-inner\">\n<ul class=\"wp-block-list\"><li>Connectez-vous au hub GBTA \u2013 hub.gbta.org<\/li><li>Recherchez un sujet\/mot cl\u00e9 sur la page d&#039;accueil ou cliquez sur Ressources\u00a0:<\/li><li>Clic final - Trouvez ce dont vous avez besoin<\/li><\/ul>\n\n\n\n<figure class=\"wp-block-image size-full\"><img loading=\"lazy\" decoding=\"async\" width=\"335\" height=\"192\" src=\"https:\/\/gbta.org\/wp-content\/uploads\/iELo0RSrVzA4X0zCJDgkKuzZujW_7-DZJw.jpeg\" alt=\"ielo0rsrvza4x0zcjdgkkuzzujw 7 dzjw\" class=\"wp-image-3426\" srcset=\"https:\/\/gbta.org\/wp-content\/uploads\/iELo0RSrVzA4X0zCJDgkKuzZujW_7-DZJw.jpeg 335w, https:\/\/gbta.org\/wp-content\/uploads\/iELo0RSrVzA4X0zCJDgkKuzZujW_7-DZJw-300x172.jpeg 300w\" sizes=\"auto, (max-width: 335px) 100vw, 335px\" \/><\/figure>\n<\/div><\/div><\/div>\n<\/div><\/div><\/div>\n\n\n<style>.wp-block-kadence-spacer.kt-block-spacer-_28b245-4a .kt-block-spacer{height:60px;}.wp-block-kadence-spacer.kt-block-spacer-_28b245-4a .kt-divider{border-top-width:1px;height:1px;border-top-color:var(--global-palette9, #ffffff);width:80%;border-top-style:solid;}<\/style>\n<div class=\"wp-block-kadence-spacer aligncenter kt-block-spacer-_28b245-4a\"><div class=\"kt-block-spacer kt-block-spacer-halign-center\"><hr class=\"kt-divider\" \/><\/div><\/div>\n<\/div><\/div>\n<\/div><\/div><\/section>","protected":false},"excerpt":{"rendered":"<p>Adh\u00e9sion Avantages et tarifs pour les membresRejoindre GBTARenew \u00c9chelles d&#039;adh\u00e9sion Mentorat Contactez-nous Aide du GBTA Hub Aide du GBTA Hub Apprenez aupr\u00e8s des plus grands experts de l&#039;industrie du voyage d&#039;affaires. Avantages du hub GBTA<\/p>","protected":false},"author":25,"featured_media":0,"parent":0,"menu_order":0,"comment_status":"closed","ping_status":"closed","template":"","meta":{"_acf_changed":false,"_seopress_robots_primary_cat":"","_seopress_titles_title":"","_seopress_titles_desc":"","_seopress_robots_index":"yes","om_disable_all_campaigns":false,"_relevanssi_hide_post":"","_relevanssi_hide_content":"","_relevanssi_pin_for_all":"","_relevanssi_pin_keywords":"","_relevanssi_unpin_keywords":"","_relevanssi_related_keywords":"","_relevanssi_related_include_ids":"","_relevanssi_related_exclude_ids":"","_relevanssi_related_no_append":"","_relevanssi_related_not_related":"","_relevanssi_related_posts":"1,415,661,662,664,666","_relevanssi_noindex_reason":"","_kad_blocks_custom_css":"","_kad_blocks_head_custom_js":"","_kad_blocks_body_custom_js":"","_kad_blocks_footer_custom_js":"","_kad_post_transparent":"","_kad_post_title":"","_kad_post_layout":"","_kad_post_sidebar_id":"","_kad_post_content_style":"","_kad_post_vertical_padding":"","_kad_post_feature":"","_kad_post_feature_position":"","_kad_post_header":false,"_kad_post_footer":false,"footnotes":"","_links_to":"","_links_to_target":""},"class_list":["post-3424","page","type-page","status-publish","hentry"],"acf":[],"featured_image_src_large":false,"author_info":{"display_name":"jcampbell","author_link":"https:\/\/gbta.org\/fr\/author\/jcampbell\/"},"comment_info":"","taxonomy_info":[],"featured_image_src":null,"featured_image_src_square":null,"mfb_rest_fields":["featured_image_src_large","author_info","comment_info","taxonomy_info","featured_image_src","featured_image_src_square"],"_links":{"self":[{"href":"https:\/\/gbta.org\/fr\/wp-json\/wp\/v2\/pages\/3424","targetHints":{"allow":["GET"]}}],"collection":[{"href":"https:\/\/gbta.org\/fr\/wp-json\/wp\/v2\/pages"}],"about":[{"href":"https:\/\/gbta.org\/fr\/wp-json\/wp\/v2\/types\/page"}],"author":[{"embeddable":true,"href":"https:\/\/gbta.org\/fr\/wp-json\/wp\/v2\/users\/25"}],"replies":[{"embeddable":true,"href":"https:\/\/gbta.org\/fr\/wp-json\/wp\/v2\/comments?post=3424"}],"version-history":[{"count":0,"href":"https:\/\/gbta.org\/fr\/wp-json\/wp\/v2\/pages\/3424\/revisions"}],"wp:attachment":[{"href":"https:\/\/gbta.org\/fr\/wp-json\/wp\/v2\/media?parent=3424"}],"curies":[{"name":"wp","href":"https:\/\/api.w.org\/{rel}","templated":true}]}}