{"id":4386,"date":"2022-08-05T09:40:36","date_gmt":"2022-08-05T13:40:36","guid":{"rendered":"https:\/\/gbta.org\/?page_id=4386"},"modified":"2025-06-27T03:35:19","modified_gmt":"2025-06-27T07:35:19","slug":"rivivi-gli-eventi-gbta","status":"publish","type":"page","link":"https:\/\/gbta.org\/fr\/regions\/europe\/italy\/rivivi-gli-eventi-gbta\/","title":{"rendered":"Rivivi gli eventi GBTA"},"content":{"rendered":"<style>.kb-row-layout-id4386_ee1630-3e > .kt-row-column-wrap{align-content:start;}:where(.kb-row-layout-id4386_ee1630-3e > .kt-row-column-wrap) > .wp-block-kadence-column{justify-content:start;}.kb-row-layout-id4386_ee1630-3e > .kt-row-column-wrap{column-gap:var(--global-kb-gap-md, 2rem);row-gap:var(--global-kb-gap-md, 2rem);max-width:var( --global-content-width, 1440px );padding-left:var(--global-content-edge-padding);padding-right:var(--global-content-edge-padding);padding-top:50px;padding-bottom:15px;grid-template-columns:minmax(0, 1fr);}.kb-row-layout-id4386_ee1630-3e > .kt-row-layout-overlay{opacity:0.30;}@media all and (max-width: 1024px){.kb-row-layout-id4386_ee1630-3e > .kt-row-column-wrap{grid-template-columns:minmax(0, 1fr);}}@media all and (max-width: 767px){.kb-row-layout-id4386_ee1630-3e > .kt-row-column-wrap{grid-template-columns:minmax(0, 1fr);}}<\/style><section class=\"kb-row-layout-wrap kb-row-layout-id4386_ee1630-3e alignnone wp-block-kadence-rowlayout\"><div class=\"kt-row-column-wrap kt-has-1-columns kt-row-layout-equal kt-tab-layout-inherit kt-mobile-layout-row kt-row-valign-top kb-theme-content-width\">\n<style>.kadence-column4386_129795-36 > .kt-inside-inner-col,.kadence-column4386_129795-36 > .kt-inside-inner-col:before{border-top-left-radius:0px;border-top-right-radius:0px;border-bottom-right-radius:0px;border-bottom-left-radius:0px;}.kadence-column4386_129795-36 > .kt-inside-inner-col{column-gap:var(--global-kb-gap-sm, 1rem);}.kadence-column4386_129795-36 > .kt-inside-inner-col{flex-direction:column;}.kadence-column4386_129795-36 > .kt-inside-inner-col > .aligncenter{width:100%;}.kadence-column4386_129795-36 > .kt-inside-inner-col:before{opacity:0.3;}.kadence-column4386_129795-36{position:relative;}@media all and (max-width: 1024px){.kadence-column4386_129795-36 > .kt-inside-inner-col{flex-direction:column;}}@media all and (max-width: 767px){.kadence-column4386_129795-36 > .kt-inside-inner-col{flex-direction:column;}}<\/style>\n<div class=\"wp-block-kadence-column kadence-column4386_129795-36 inner-column-1\"><div class=\"kt-inside-inner-col\">\n<p>GBTA ITALIA organizza, nel corso dell&#039;anno, eventi e webinar with finalit\u00e0 formatif, informatif e di condivisione. Gli appuntamenti sono rivolti a tutti coloro che lavorano in ambito Business Travel e MICE indipendentemente dal loro ruolo specifico nella filiera.<\/p>\n\n\n\n<p>Questa pagina ha la finalit\u00e0 di raccogliere gli eventi gi\u00e0 svolti, sia per chi volesse rivederli, sia per chi li avesse persi.<\/p>\n<\/div><\/div>\n\n<\/div><\/section>\n\n<style>.kb-row-layout-id4386_e815ce-df > .kt-row-column-wrap{align-content:start;}:where(.kb-row-layout-id4386_e815ce-df > .kt-row-column-wrap) > .wp-block-kadence-column{justify-content:start;}.kb-row-layout-id4386_e815ce-df > .kt-row-column-wrap{column-gap:var(--global-kb-gap-md, 2rem);row-gap:var(--global-kb-gap-md, 2rem);max-width:var( --global-content-width, 1440px );padding-left:var(--global-content-edge-padding);padding-right:var(--global-content-edge-padding);padding-top:50px;padding-bottom:15px;grid-template-columns:minmax(0, 1fr);}.kb-row-layout-id4386_e815ce-df > .kt-row-layout-overlay{opacity:0.30;}@media all and (max-width: 1024px){.kb-row-layout-id4386_e815ce-df > .kt-row-column-wrap{grid-template-columns:minmax(0, 1fr);}}@media all and (max-width: 767px){.kb-row-layout-id4386_e815ce-df > .kt-row-column-wrap{grid-template-columns:minmax(0, 1fr);}}<\/style><section class=\"kb-row-layout-wrap kb-row-layout-id4386_e815ce-df alignnone wp-block-kadence-rowlayout\"><div class=\"kt-row-column-wrap kt-has-1-columns kt-row-layout-equal kt-tab-layout-inherit kt-mobile-layout-row kt-row-valign-top kb-theme-content-width\">\n<style>.kadence-column4386_2f26d2-a4 > .kt-inside-inner-col,.kadence-column4386_2f26d2-a4 > .kt-inside-inner-col:before{border-top-left-radius:0px;border-top-right-radius:0px;border-bottom-right-radius:0px;border-bottom-left-radius:0px;}.kadence-column4386_2f26d2-a4 > .kt-inside-inner-col{column-gap:var(--global-kb-gap-sm, 1rem);}.kadence-column4386_2f26d2-a4 > .kt-inside-inner-col{flex-direction:column;}.kadence-column4386_2f26d2-a4 > .kt-inside-inner-col > .aligncenter{width:100%;}.kadence-column4386_2f26d2-a4 > .kt-inside-inner-col:before{opacity:0.3;}.kadence-column4386_2f26d2-a4{position:relative;}@media all and (max-width: 1024px){.kadence-column4386_2f26d2-a4 > .kt-inside-inner-col{flex-direction:column;}}@media all and (max-width: 767px){.kadence-column4386_2f26d2-a4 > .kt-inside-inner-col{flex-direction:column;}}<\/style>\n<div class=\"wp-block-kadence-column kadence-column4386_2f26d2-a4 inner-column-1\"><div class=\"kt-inside-inner-col\"><style>.wp-block-kadence-advancedheading.kt-adv-heading4386_da32be-f5, .wp-block-kadence-advancedheading.kt-adv-heading4386_da32be-f5[data-kb-block=\"kb-adv-heading4386_da32be-f5\"]{font-style:normal;}.wp-block-kadence-advancedheading.kt-adv-heading4386_da32be-f5 mark.kt-highlight, .wp-block-kadence-advancedheading.kt-adv-heading4386_da32be-f5[data-kb-block=\"kb-adv-heading4386_da32be-f5\"] mark.kt-highlight{font-style:normal;color:#f76a0c;-webkit-box-decoration-break:clone;box-decoration-break:clone;padding-top:0px;padding-right:0px;padding-bottom:0px;padding-left:0px;}<\/style>\n<h2 class=\"kt-adv-heading4386_da32be-f5 wp-block-kadence-advancedheading\" data-kb-block=\"kb-adv-heading4386_da32be-f5\">\u00c9v\u00e9nements pass\u00e9s<\/h2>\n\n\n\n<div class=\"wp-block-columns is-layout-flex wp-container-core-columns-is-layout-1 wp-block-columns-is-layout-flex\">\n<div class=\"wp-block-column is-layout-flow wp-block-column-is-layout-flow\">\n<p><strong><a href=\"https:\/\/hub.gbta.org\/video\/861\" target=\"_blank\" rel=\"noreferrer noopener\">Sicurezza, Cyber Attack e Business Travel<\/a><\/strong> <\/p>\n\n\n\n<p><strong>Roadshow Roma<\/strong> &#8211; 4 giugno 2025<br><br><a href=\"https:\/\/hub.gbta.org\/files\/4698\" target=\"_blank\" rel=\"noreferrer noopener\"><strong>Roadshow Florence<\/strong><\/a> &#8211; 14 maggio 2025<br><br><a href=\"https:\/\/hub.gbta.org\/files\/4695\" target=\"_blank\" rel=\"noreferrer noopener\"><strong>Roadshow Plus Milano<\/strong><\/a> &#8211; 1 Aprile 2025<br><br><a href=\"https:\/\/hub.gbta.org\/video\/853\" target=\"_blank\" rel=\"noreferrer noopener\"><strong>Webinar &#8220;Legge di Bilancio 2025 e spese di trasferta: cosa fare&#8221;<\/strong><\/a> &#8211; 5 febbraio 2025 (link to <\/p>\n\n\n\n<p><strong>Petit d\u00e9jeuner GBTA Italia \u2013 Turin<\/strong> \u2013 4 d\u00e9cembre 2024<\/p>\n\n\n\n<p><strong><a href=\"https:\/\/youtu.be\/3SgojzCpblA\" data-type=\"link\" data-id=\"https:\/\/youtu.be\/3SgojzCpblA\" target=\"_blank\" rel=\"noreferrer noopener\">Webinaire\u00a0: \u00ab\u00a0Perspectives des voyages d&#039;affaires 2025\u00a0: tendances, prix et sc\u00e9narios\u00a0\u00bb<\/a> <\/strong>\u2013 21 novembre 2024<\/p>\n\n\n\n<p><a href=\"https:\/\/hub.gbta.org\/files\/4647\" data-type=\"link\" data-id=\"https:\/\/hub.gbta.org\/files\/4647\" target=\"_blank\" rel=\"noreferrer noopener\"><strong>Conf\u00e9rence GBTA 2024 Milan<\/strong><\/a> \u2013 3 octobre<\/p>\n\n\n\n<p><a href=\"https:\/\/hub.gbta.org\/video\/692\" data-type=\"link\" data-id=\"https:\/\/hub.gbta.org\/video\/692\" target=\"_blank\" rel=\"noreferrer noopener\"><strong>Webinaire \u2013 Alimentation et salut pendant les voyages d&#039;affaires<\/strong><\/a> \u2013 16 juillet 2024<\/p>\n\n\n\n<p><strong><a href=\"https:\/\/hub.gbta.org\/files\/4507\" data-type=\"link\" data-id=\"https:\/\/hub.gbta.org\/files\/4507\" target=\"_blank\" rel=\"noreferrer noopener\">Roadshow GBTA Italia \u2013 Padoue<\/a><\/strong> \u2013 6 juin 2024<\/p>\n\n\n\n<p><strong>Petit-d\u00e9jeuner GBTA Italia \u2013 Milan<\/strong> \u2013 11 avril 2024<\/p>\n\n\n\n<p><a href=\"https:\/\/hub.gbta.org\/files\/4400\" data-type=\"link\" data-id=\"https:\/\/hub.gbta.org\/files\/4400\" target=\"_blank\" rel=\"noreferrer noopener\"><strong>Roadshow GBTA Italia \u2013 Roma \u00ab Impatti geopolitici su Business Travel e Mice \u00bb<\/strong><\/a> \u2013 26 mars 2024<\/p>\n\n\n\n<p><a href=\"https:\/\/bcove.video\/42LJKI3\" data-type=\"link\" data-id=\"https:\/\/bcove.video\/42LJKI3\" target=\"_blank\" rel=\"noreferrer noopener\"><strong>Webinaire \u00ab \u00c9volution et perspectives du transport via terra nel Business Travel<\/strong><\/a> \u2013 22 f\u00e9vrier 2024<\/p>\n\n\n\n<p><strong><a href=\"https:\/\/hub.gbta.org\/video\/614\" data-type=\"link\" data-id=\"https:\/\/hub.gbta.org\/video\/614\">Webinaire \u2013 Global Business Travel Forecast 2024\u00a0: \u00e9volution du march\u00e9 et des points pour affronter le meilleur<\/a><\/strong> \u2013 30 novembre 2023<\/p>\n\n\n\n<p><a href=\"https:\/\/hub.gbta.org\/files\/4224\"><strong>Conf\u00e9rence GBTA 2023 Milan<\/strong><\/a> \u2013 5 octobre<\/p>\n\n\n\n<p><a href=\"https:\/\/hub.gbta.org\/video\/513\"><strong>Convergence entre voyages d&#039;affaires et mobilit\u00e9 : opportunit\u00e9s et opportunit\u00e9s<\/strong><\/a>, 11 juillet 2023<\/p>\n\n\n\n<p><strong>Roadshow Roma \u2013 \u00ab L&#039;\u00e9volution du transport a\u00e9rien apr\u00e8s la crise et les opportunit\u00e9s pour l&#039;avenir \u00bb, 25 mai 2023<\/strong><\/p>\n\n\n\n<p><strong><a href=\"https:\/\/hub.gbta.org\/video\/505\">Communique en mode inclusif et transg\u00e9n\u00e9rationnel <\/a><\/strong> ,4 avril 2023<br><br><strong>Roadshow Bologne \u2013 \u00ab L&#039;\u00e9volution du march\u00e9 et les opportunit\u00e9s pour les Travel Manager \u00bb \u2013 23 mars 2023<\/strong><\/p>\n\n\n\n<p><strong><a href=\"https:\/\/hub.gbta.org\/video\/454\">Pr\u00e9visions des voyages d\u2019affaires mondiaux 2023 (italien)<\/a> <\/strong> , 1 d\u00e9cembre 2022<\/p>\n\n\n\n<p><strong><a href=\"https:\/\/hub.gbta.org\/files\/4086\">Conf\u00e9rence Annuelle GBTA Italia \u2013 Milan<\/a> <\/strong>, 5 octobre 2022<\/p>\n\n\n\n<p><strong><a href=\"https:\/\/hub.gbta.org\/videos#video-listing\">La mentalit\u00e9 num\u00e9rique dans les voyages d&#039;affaires <\/a><\/strong> , 14 juin 2022<br><\/p>\n<\/div>\n\n\n\n<div class=\"wp-block-column is-layout-flow wp-block-column-is-layout-flow\">\n<p><strong><a href=\"https:\/\/youtu.be\/u1TWbFznUmU\" target=\"_blank\" rel=\"noreferrer noopener\">Sostenibilit\u00e0 \u2013 Dalla Teoria Alla Pratica<\/a><\/strong>, 28 avril 2022<\/p>\n\n\n\n<p><strong><a rel=\"noreferrer noopener\" href=\"https:\/\/hub.gbta.org\/groups\/reviews\/item\/20\/11\/3026?_ga=2.24408378.1894150051.1658985918-1494869180.1658985915\" target=\"_blank\">L&#039;impact de la guerre sur l&#039;aviation - Ukraine 2022<\/a><\/strong>, 7 avril 2022<\/p>\n\n\n\n<p><strong><a href=\"https:\/\/hub.gbta.org\/groups\/reviews\/item\/20\/11\/3018?_ga=2.246938628.1894150051.1658985918-1494869180.1658985915\" target=\"_blank\" rel=\"noreferrer noopener\">Semplificazione, gestione delle complessit\u00e0 ed evoluzione dei sistemi di pagamento<\/a><\/strong>, 22 f\u00e9vrier 2022<\/p>\n\n\n\n<p><strong><a href=\"https:\/\/gbta.org\/fr\/calendar\/all-programs\/pageid\/eventdetails\/eventid\/1256\/?eventstartdate=11\/9\/2021 9:30:00 am&amp;eventenddate=11\/9\/2021 4:00:00 pm\">Pr\u00eat. S\u00fbr. Voyager. GBTA Annua Conference \u2013 Milan<\/a>,<\/strong> 9 novembre 2021<\/p>\n\n\n\n<p><strong><a href=\"https:\/\/www.youtube.com\/watch?v=XaYDuPKkzqQ\" target=\"_blank\" rel=\"noreferrer noopener\">Il Business Travel alla prova del nove<\/a><\/strong>, 9 septembre 2021<\/p>\n\n\n\n<p><strong><a href=\"https:\/\/www.youtube.com\/watch?v=v_rsLFoVd6Q\" target=\"_blank\" rel=\"noreferrer noopener\">Passe la s\u00e9curit\u00e9 pour les voyages d&#039;affaires<\/a><\/strong>, 9 juillet 2021<\/p>\n\n\n\n<p><strong><a href=\"https:\/\/players.brightcove.net\/4179652749001\/HJGV8JRrZz_default\/index.html?videoId=6255430273001\" target=\"_blank\" rel=\"noreferrer noopener\">Vaccinazioni, regolamentazioni e ripresa del business travel<\/a><\/strong>, 13 mai 2021<\/p>\n\n\n\n<p><strong><a rel=\"noreferrer noopener\" href=\"http:\/\/players.brightcove.net\/4179652749001\/zCxFmspAO_default\/index.html?videoId=6211219364001\" target=\"_blank\">TMC, Vettori aerei, Aziende \u2013 La crise Covid-19 apre a nuove regole commerciali. Cosa aspettarsi e come affrontare opportunit\u00e0 e risch<\/a><\/strong>, 20 novembre 2020<\/p>\n\n\n\n<p><strong><a href=\"http:\/\/players.brightcove.net\/4179652749001\/zCxFmspAO_default\/index.html?videoId=6211217804001\" target=\"_blank\" rel=\"noreferrer noopener\">Eventi Virtuali e Ibridi: un Futuro in Evoluzione<\/a><\/strong>, 19 novembre 2020<\/p>\n\n\n\n<p><strong><a rel=\"noreferrer noopener\" href=\"http:\/\/players.brightcove.net\/4179652749001\/zCxFmspAO_default\/index.html?videoId=6210652581001\" target=\"_blank\">L&#039;Impatto del Covid: Trasporto aereo e outlook sul business travel | L&#039;impact du Covid : perspectives du transport a\u00e9rien et des voyages d&#039;affaires<\/a><\/strong>, 18 novembre 2020<\/p>\n\n\n\n<p><strong><a rel=\"noreferrer noopener\" href=\"http:\/\/players.brightcove.net\/4179652749001\/zCxFmspAO_default\/index.html?videoId=6210710397001\" target=\"_blank\">Votre cheminement vers le changement num\u00e9rique\u00a0: explorez l&#039;opportunit\u00e9 d&#039;un changement num\u00e9rique via un viaggio smart<\/a><\/strong>, 17 novembre 2020<br><br><strong><a rel=\"noreferrer noopener\" href=\"https:\/\/players.brightcove.net\/4179652749001\/zCxFmspAO_default\/index.html?videoId=6194267915001\" target=\"_blank\">Revenue Management, Accommodations, Travel Manager \u2013 La crise Covid-19 apre a nuove regole commerciali. Cosa aspettarsi e come affrontare opportunit\u00e0 e rischi<\/a><\/strong>, 16 novembre 2020<\/p>\n\n\n\n<p><strong><a href=\"https:\/\/players.brightcove.net\/4179652749001\/zCxFmspAO_default\/index.html?videoId=6194267915001\" target=\"_blank\" rel=\"noreferrer noopener\">Le nouveau concetto de Sicurezza aux tempi de Covid-19<br>Take2: viens affronter la rentr\u00e9e scolaire<\/a><\/strong>, 22 septembre 2020<\/p>\n\n\n\n<p><strong><a href=\"http:\/\/players.brightcove.net\/4179652749001\/zCxFmspAO_default\/index.html?videoId=6168027647001\" target=\"_blank\" rel=\"noreferrer noopener\">GBTA Italia HOMESHOW\u00a0: le roadshow n&#039;est pas si ferme et diventa virtuale<\/a><\/strong>, 25 juin 2020<\/p>\n\n\n\n<p><strong><a href=\"https:\/\/players.brightcove.net\/4179652749001\/zCxFmspAO_default\/index.html?videoId=6164629219001\" target=\"_blank\" rel=\"noreferrer noopener\">Le nouveau concetto de Sicurezza aux tempi de Covid19<\/a><\/strong>, 11 juin 2020<\/p>\n\n\n\n<p><strong><a rel=\"noreferrer noopener\" href=\"https:\/\/players.brightcove.net\/4179652749001\/zCxFmspAO_default\/index.html?videoId=6158019849001\" target=\"_blank\">Impatto del covid19 sul voyage d&#039;affaires<\/a><\/strong>, 30 avril 2020<\/p>\n\n\n\n<p><strong><a href=\"https:\/\/players.brightcove.net\/4179652749001\/zCxFmspAO_default\/index.html?videoId=6164655475001\" target=\"_blank\" rel=\"noreferrer noopener\">S\u00e9ance de questions-r\u00e9ponses\u00a0: L&#039;impatto del Covid19 nel Business Travel<\/a><\/strong>, 26 mai 2020<\/p>\n<\/div>\n<\/div>\n<\/div><\/div>\n\n<\/div><\/section>","protected":false},"excerpt":{"rendered":"<p>GBTA ITALIA organise, au cours de l&#039;ann\u00e9e, des \u00e9v\u00e9nements et des webinaires avec une finalit\u00e9 formative, informative et de partage. Ces applications sont tr\u00e8s int\u00e9ressantes dans toutes les couleurs de votre travail dans le cadre de voyages d&#039;affaires et\u2026<\/p>","protected":false},"author":25,"featured_media":0,"parent":272,"menu_order":0,"comment_status":"closed","ping_status":"closed","template":"","meta":{"_acf_changed":false,"_seopress_robots_primary_cat":"","_seopress_titles_title":"","_seopress_titles_desc":"","_seopress_robots_index":"yes","om_disable_all_campaigns":false,"_relevanssi_hide_post":"","_relevanssi_hide_content":"","_relevanssi_pin_for_all":"","_relevanssi_pin_keywords":"","_relevanssi_unpin_keywords":"","_relevanssi_related_keywords":"","_relevanssi_related_include_ids":"","_relevanssi_related_exclude_ids":"","_relevanssi_related_no_append":"","_relevanssi_related_not_related":"","_relevanssi_related_posts":"1,415,661,662,664,666","_relevanssi_noindex_reason":"","_kad_blocks_custom_css":"","_kad_blocks_head_custom_js":"","_kad_blocks_body_custom_js":"","_kad_blocks_footer_custom_js":"","_kad_post_transparent":"","_kad_post_title":"","_kad_post_layout":"","_kad_post_sidebar_id":"","_kad_post_content_style":"","_kad_post_vertical_padding":"","_kad_post_feature":"","_kad_post_feature_position":"","_kad_post_header":false,"_kad_post_footer":false,"footnotes":"","_links_to":"","_links_to_target":""},"class_list":["post-4386","page","type-page","status-publish","hentry"],"acf":[],"featured_image_src_large":false,"author_info":{"display_name":"jcampbell","author_link":"https:\/\/gbta.org\/fr\/author\/jcampbell\/"},"comment_info":"","taxonomy_info":[],"featured_image_src":null,"featured_image_src_square":null,"mfb_rest_fields":["featured_image_src_large","author_info","comment_info","taxonomy_info","featured_image_src","featured_image_src_square"],"_links":{"self":[{"href":"https:\/\/gbta.org\/fr\/wp-json\/wp\/v2\/pages\/4386","targetHints":{"allow":["GET"]}}],"collection":[{"href":"https:\/\/gbta.org\/fr\/wp-json\/wp\/v2\/pages"}],"about":[{"href":"https:\/\/gbta.org\/fr\/wp-json\/wp\/v2\/types\/page"}],"author":[{"embeddable":true,"href":"https:\/\/gbta.org\/fr\/wp-json\/wp\/v2\/users\/25"}],"replies":[{"embeddable":true,"href":"https:\/\/gbta.org\/fr\/wp-json\/wp\/v2\/comments?post=4386"}],"version-history":[{"count":4,"href":"https:\/\/gbta.org\/fr\/wp-json\/wp\/v2\/pages\/4386\/revisions"}],"predecessor-version":[{"id":24171,"href":"https:\/\/gbta.org\/fr\/wp-json\/wp\/v2\/pages\/4386\/revisions\/24171"}],"up":[{"embeddable":true,"href":"https:\/\/gbta.org\/fr\/wp-json\/wp\/v2\/pages\/272"}],"wp:attachment":[{"href":"https:\/\/gbta.org\/fr\/wp-json\/wp\/v2\/media?parent=4386"}],"curies":[{"name":"wp","href":"https:\/\/api.w.org\/{rel}","templated":true}]}}