{"id":4914,"date":"2022-08-08T21:10:27","date_gmt":"2022-08-09T01:10:27","guid":{"rendered":"https:\/\/gbta.org\/?page_id=4914"},"modified":"2022-08-08T21:33:07","modified_gmt":"2022-08-09T01:33:07","slug":"gbta-convention-2022-convince-your-boss","status":"publish","type":"page","link":"https:\/\/gbta.org\/fr\/gbta-convention-2022-convince-your-boss\/","title":{"rendered":"Convention GBTA 2022 \u2013 Convainquez votre patron"},"content":{"rendered":"<style>#kt-layout-id_38da32-57 > .kt-row-column-wrap{align-content:start;}:where(#kt-layout-id_38da32-57 > .kt-row-column-wrap) > .wp-block-kadence-column{justify-content:start;}#kt-layout-id_38da32-57 > .kt-row-column-wrap{column-gap:var(--global-kb-gap-md, 2rem);row-gap:var(--global-kb-gap-md, 2rem);padding-top:var( --global-kb-row-default-top, 25px );padding-bottom:var( --global-kb-row-default-bottom, 25px );padding-bottom:60px;grid-template-columns:minmax(0, calc(25% - ((var(--global-kb-gap-md, 2rem) * 2 )\/3)))minmax(0, calc(60% - ((var(--global-kb-gap-md, 2rem) * 2 )\/3)))minmax(0, calc(15% - ((var(--global-kb-gap-md, 2rem) * 2 )\/3)));}#kt-layout-id_38da32-57 > .kt-row-layout-overlay{opacity:0.30;}@media all and (max-width: 1024px){#kt-layout-id_38da32-57 > .kt-row-column-wrap > div:not(.added-for-specificity){grid-column:initial;}}@media all and (max-width: 1024px){#kt-layout-id_38da32-57 > .kt-row-column-wrap{grid-template-columns:repeat(3, minmax(0, 1fr));}}@media all and (max-width: 767px){#kt-layout-id_38da32-57 > .kt-row-column-wrap > div:not(.added-for-specificity){grid-column:initial;}#kt-layout-id_38da32-57 > .kt-row-column-wrap{grid-template-columns:minmax(0, 1fr);}}<\/style>\n<div class=\"wp-block-kadence-rowlayout alignnone\"><div id=\"kt-layout-id_38da32-57\" class=\"kt-row-layout-inner kt-layout-id_38da32-57\"><div class=\"kt-row-column-wrap kt-has-3-columns kt-gutter-default kt-v-gutter-default kt-row-valign-top kt-row-layout-equal kt-tab-layout-inherit kt-m-colapse-left-to-right kt-mobile-layout-row  kt-custom-first-width-25  kt-custom-second-width-60  kt-custom-third-width-15\"><style>.kadence-column_03c3c3-5f > .kt-inside-inner-col{border-top-width:0px;border-right-width:0px;border-bottom-width:0px;border-left-width:0px;}.kadence-column_03c3c3-5f > .kt-inside-inner-col,.kadence-column_03c3c3-5f > .kt-inside-inner-col:before{border-top-left-radius:0px;border-top-right-radius:0px;border-bottom-right-radius:0px;border-bottom-left-radius:0px;}.kadence-column_03c3c3-5f > .kt-inside-inner-col{column-gap:var(--global-kb-gap-sm, 1rem);}.kadence-column_03c3c3-5f > .kt-inside-inner-col{flex-direction:column;}.kadence-column_03c3c3-5f > .kt-inside-inner-col > .aligncenter{width:100%;}.kadence-column_03c3c3-5f > .kt-inside-inner-col:before{opacity:0.3;}.kadence-column_03c3c3-5f{position:relative;}@media all and (max-width: 1024px){.kadence-column_03c3c3-5f > .kt-inside-inner-col{flex-direction:column;}}@media all and (max-width: 767px){.kadence-column_03c3c3-5f > .kt-inside-inner-col{flex-direction:column;}}<\/style>\n<div class=\"wp-block-kadence-column inner-column-1 kadence-column_03c3c3-5f\"><div class=\"kt-inside-inner-col\"><h5 class=\"wp-block-heading\" id=\"convince-your-boss\"><a rel=\"noreferrer noopener\" href=\"https:\/\/gbta.org\/fr\/gbta-convention-2022-convince-your-boss\/\" data-type=\"URL\" data-id=\"https:\/\/gbta.org\/gbta-convention-2022-convince-your-boss\/\" target=\"_blank\">Convainquez votre patron<\/a><\/h5>\n\n<style>.wp-block-kadence-spacer.kt-block-spacer-_f1b8e9-fa .kt-block-spacer{height:20px;}.wp-block-kadence-spacer.kt-block-spacer-_f1b8e9-fa .kt-divider{border-top-width:1px;height:1px;border-top-color:var(--global-palette9, #ffffff);width:80%;border-top-style:solid;}<\/style>\n<div class=\"wp-block-kadence-spacer aligncenter kt-block-spacer-_f1b8e9-fa\"><div class=\"kt-block-spacer kt-block-spacer-halign-center\"><hr class=\"kt-divider\" \/><\/div><\/div>\n\n\n<h5 class=\"wp-block-heading\" id=\"top-10-reasons-to-attend\"><a rel=\"noreferrer noopener\" href=\"https:\/\/gbta.org\/fr\/top-10-reasons-to-attend-the-gbta-convention-2022\ufffc\/\" data-type=\"URL\" data-id=\"https:\/\/gbta.org\/top-10-reasons-to-attend-the-gbta-convention-2022%ef%bf%bc\/\" target=\"_blank\">Les 10 meilleures raisons d&#039;y assister<\/a><\/h5><\/div><\/div>\n\n\n<style>.kadence-column_2aa379-54 > .kt-inside-inner-col{border-top-width:0px;border-right-width:0px;border-bottom-width:0px;border-left-width:0px;}.kadence-column_2aa379-54 > .kt-inside-inner-col,.kadence-column_2aa379-54 > .kt-inside-inner-col:before{border-top-left-radius:0px;border-top-right-radius:0px;border-bottom-right-radius:0px;border-bottom-left-radius:0px;}.kadence-column_2aa379-54 > .kt-inside-inner-col{column-gap:var(--global-kb-gap-sm, 1rem);}.kadence-column_2aa379-54 > .kt-inside-inner-col{flex-direction:column;}.kadence-column_2aa379-54 > .kt-inside-inner-col > .aligncenter{width:100%;}.kadence-column_2aa379-54 > .kt-inside-inner-col:before{opacity:0.3;}.kadence-column_2aa379-54{position:relative;}@media all and (max-width: 1024px){.kadence-column_2aa379-54 > .kt-inside-inner-col{flex-direction:column;}}@media all and (max-width: 767px){.kadence-column_2aa379-54 > .kt-inside-inner-col{flex-direction:column;}}<\/style>\n<div class=\"wp-block-kadence-column inner-column-2 kadence-column_2aa379-54\"><div class=\"kt-inside-inner-col\"><h2 class=\"wp-block-heading\" id=\"convince-your-boss\">Convainquez votre patron<\/h2>\n\n<h3 class=\"wp-block-heading\" id=\"get-your-investment-to-the-business-travel-event-of-the-year-approved\"><strong><em>Faites approuver votre investissement pour l&#039;\u00e9v\u00e9nement de voyage d&#039;affaires de l&#039;ann\u00e9e\u00ae.<\/em><\/strong><\/h3>\n\n\n<p><\/p>\n\n\n<h4 class=\"has-text-align-center wp-block-heading\" id=\"download-gbtas-suggested-template\"><strong>T\u00e9l\u00e9chargez le mod\u00e8le sugg\u00e9r\u00e9 par GBTA<\/strong><\/h4>\n\n<style>.wp-block-kadence-spacer.kt-block-spacer-_6f9898-0e .kt-block-spacer{height:35px;}.wp-block-kadence-spacer.kt-block-spacer-_6f9898-0e .kt-divider{border-top-width:1px;height:1px;border-top-color:var(--global-palette4, #2D3748);width:10%;border-top-style:solid;}<\/style>\n<div class=\"wp-block-kadence-spacer aligncenter kt-block-spacer-_6f9898-0e\"><div class=\"kt-block-spacer kt-block-spacer-halign-center\"><hr class=\"kt-divider\" \/><\/div><\/div>\n\n\n<style>.wp-block-kadence-advancedbtn.kb-btns_b3b92e-b4{gap:var(--global-kb-gap-xs, 0.5rem );justify-content:center;align-items:center;}.kt-btns_b3b92e-b4 .kt-button{font-weight:normal;font-style:normal;}.kt-btns_b3b92e-b4 .kt-btn-wrap-0{margin-right:5px;}.wp-block-kadence-advancedbtn.kt-btns_b3b92e-b4 .kt-btn-wrap-0 .kt-button{color:var(--global-palette9, #ffffff);background:var(--global-palette1, #3182CE);border-color:var(--global-palette1, #3182CE);}.wp-block-kadence-advancedbtn.kt-btns_b3b92e-b4 .kt-btn-wrap-0 .kt-button:hover, .wp-block-kadence-advancedbtn.kt-btns_b3b92e-b4 .kt-btn-wrap-0 .kt-button:focus{color:#ffffff;border-color:var(--global-palette1, #3182CE);}.wp-block-kadence-advancedbtn.kt-btns_b3b92e-b4 .kt-btn-wrap-0 .kt-button::before{display:none;}.wp-block-kadence-advancedbtn.kt-btns_b3b92e-b4 .kt-btn-wrap-0 .kt-button:hover, .wp-block-kadence-advancedbtn.kt-btns_b3b92e-b4 .kt-btn-wrap-0 .kt-button:focus{background:var(--global-palette1, #3182CE);}<\/style>\n<div class=\"wp-block-kadence-advancedbtn kt-btn-align-center kt-btn-tablet-align-inherit kt-btn-mobile-align-inherit kt-btns-wrap kt-btns_b3b92e-b4\"><div class=\"kt-btn-wrap kt-btn-wrap-0\"><a class=\"kt-button button kt-btn-0-action kt-btn-size-large kt-btn-style-basic kt-btn-svg-show-always kt-btn-has-text-true kt-btn-has-svg-false\" href=\"https:\/\/www3.gbta.org\/l\/5572\/2022-01-21\/6m98fr\/5572\/1642797066LZ01n1QY\/GBTA_Convention_2022_Justify_Attendance.docx\" target=\"_blank\" rel=\"noreferrer noopener\"><span class=\"kt-btn-inner-text\">T\u00e9l\u00e9charger le mod\u00e8le<\/span><\/a><\/div><\/div>\n\n\n<style>.wp-block-kadence-spacer.kt-block-spacer-_d73379-a0 .kt-block-spacer{height:60px;}.wp-block-kadence-spacer.kt-block-spacer-_d73379-a0 .kt-divider{border-top-width:1px;height:1px;border-top-color:var(--global-palette9, #ffffff);width:80%;border-top-style:solid;}<\/style>\n<div class=\"wp-block-kadence-spacer aligncenter kt-block-spacer-_d73379-a0\"><div class=\"kt-block-spacer kt-block-spacer-halign-center\"><hr class=\"kt-divider\" \/><\/div><\/div>\n\n\n<h2 class=\"wp-block-heading\" id=\"have-a-plan\">Avoir un plan<\/h2>\n\n\n<p>Planifier vos responsabilit\u00e9s et les objectifs de votre entreprise pendant votre s\u00e9jour \u00e0 San Diego et vos projets pour le bureau lorsque vous serez absent montreront \u00e0 votre patron que vous ne vous contentez pas de vous absenter du travail. Il n&#039;est jamais trop t\u00f4t pour commencer \u00e0 planifier \u00e0 l&#039;avance !<br><\/p>\n\n\n<h2 class=\"wp-block-heading\" id=\"explain-the-hidden-benefits\">Expliquez les avantages cach\u00e9s<\/h2>\n\n\n<p>M\u00eame si vous souhaitez montrer \u00e0 votre patron que venir \u00e0 la Convention GBTA 2022 n&#039;est pas seulement un moment loin du bureau, expliquez-lui les avantages pas si \u00e9vidents, comme avoir le temps de r\u00e9pondre \u00e0 des pr\u00e9occupations que vous \u00eates trop occup\u00e9 pour aborder lors d&#039;un rendez-vous. au quotidien ou simplement le temps de vider votre esprit pour revenir avec des perspectives diff\u00e9rentes sur votre programme de voyages d&#039;affaires.<br><\/p>\n\n\n<h2 class=\"wp-block-heading\" id=\"understand-your-bosss-interests\">Comprenez les int\u00e9r\u00eats de votre patron<\/h2>\n\n\n<p>Mettez en valeur les exposants, les centaines de conf\u00e9renciers et les opportunit\u00e9s de r\u00e9seautage suppl\u00e9mentaires qui pourraient aider \u00e0 donner vie \u00e0 la vision de votre patron. S&#039;ils ont exprim\u00e9 leur int\u00e9r\u00eat pour une tendance particuli\u00e8re de l&#039;industrie ou un nouveau produit ou service, la Convention GBTA 2022 est l&#039;occasion id\u00e9ale de d\u00e9couvrir ces int\u00e9r\u00eats par eux-m\u00eames !<br><\/p>\n\n\n<h2 class=\"wp-block-heading\" id=\"show-why-relationships-matter\">Montrez pourquoi les relations sont importantes<\/h2>\n\n\n<p>La connexion avec vos pairs du secteur ne profite pas seulement \u00e0 votre carri\u00e8re personnelle. C&#039;est aussi un excellent moyen d&#039;\u00e9tablir de nouveaux partenariats, de recruter de futurs collaborateurs et de b\u00e2tir la marque de votre entreprise.&nbsp;<\/p>\n<\/div><\/div>\n\n\n<style>.kadence-column_6a5536-ce > .kt-inside-inner-col{border-top-width:0px;border-right-width:0px;border-bottom-width:0px;border-left-width:0px;}.kadence-column_6a5536-ce > .kt-inside-inner-col,.kadence-column_6a5536-ce > .kt-inside-inner-col:before{border-top-left-radius:0px;border-top-right-radius:0px;border-bottom-right-radius:0px;border-bottom-left-radius:0px;}.kadence-column_6a5536-ce > .kt-inside-inner-col{column-gap:var(--global-kb-gap-sm, 1rem);}.kadence-column_6a5536-ce > .kt-inside-inner-col{flex-direction:column;}.kadence-column_6a5536-ce > .kt-inside-inner-col > .aligncenter{width:100%;}.kadence-column_6a5536-ce > .kt-inside-inner-col:before{opacity:0.3;}.kadence-column_6a5536-ce{position:relative;}@media all and (max-width: 1024px){.kadence-column_6a5536-ce > .kt-inside-inner-col{flex-direction:column;}}@media all and (max-width: 767px){.kadence-column_6a5536-ce > .kt-inside-inner-col{flex-direction:column;}}<\/style>\n<div class=\"wp-block-kadence-column inner-column-3 kadence-column_6a5536-ce\"><div class=\"kt-inside-inner-col\"><style>.wp-block-kadence-advancedbtn.kb-btns_f852d7-4e{gap:var(--global-kb-gap-xs, 0.5rem );justify-content:center;align-items:center;}.kt-btns_f852d7-4e .kt-button{font-weight:normal;font-style:normal;}.kt-btns_f852d7-4e .kt-btn-wrap-0{margin-right:5px;}.wp-block-kadence-advancedbtn.kt-btns_f852d7-4e .kt-btn-wrap-0 .kt-button{color:var(--global-palette9, #ffffff);background:var(--global-palette1, #3182CE);border-color:var(--global-palette1, #3182CE);}.wp-block-kadence-advancedbtn.kt-btns_f852d7-4e .kt-btn-wrap-0 .kt-button:hover, .wp-block-kadence-advancedbtn.kt-btns_f852d7-4e .kt-btn-wrap-0 .kt-button:focus{color:#ffffff;border-color:var(--global-palette1, #3182CE);}.wp-block-kadence-advancedbtn.kt-btns_f852d7-4e .kt-btn-wrap-0 .kt-button::before{display:none;}.wp-block-kadence-advancedbtn.kt-btns_f852d7-4e .kt-btn-wrap-0 .kt-button:hover, .wp-block-kadence-advancedbtn.kt-btns_f852d7-4e .kt-btn-wrap-0 .kt-button:focus{background:var(--global-palette1, #3182CE);}<\/style>\n<div class=\"wp-block-kadence-advancedbtn kt-btn-align-center kt-btn-tablet-align-inherit kt-btn-mobile-align-inherit kt-btns-wrap kt-btns_f852d7-4e\"><div class=\"kt-btn-wrap kt-btn-wrap-0\"><a class=\"kt-button button kt-btn-0-action kt-btn-size-standard kt-btn-style-basic kt-btn-svg-show-always kt-btn-has-text-true kt-btn-has-svg-false\" href=\"https:\/\/convention.gbta.org\/Registration\" target=\"_blank\" rel=\"noreferrer noopener\"><span class=\"kt-btn-inner-text\">S&#039;inscrire<\/span><\/a><\/div><\/div>\n<\/div><\/div>\n<\/div><\/div><\/div>\n\n\n\n<p><\/p>","protected":false},"excerpt":{"rendered":"<p>Convainquez votre patron Les 10 principales raisons d&#039;y assister Convainquez votre patron Faites approuver votre investissement pour l&#039;\u00e9v\u00e9nement de voyage d&#039;affaires de l&#039;ann\u00e9e\u00ae. T\u00e9l\u00e9chargez le mod\u00e8le sugg\u00e9r\u00e9 par GBTA. Ayez un plan\u2026<\/p>","protected":false},"author":9,"featured_media":0,"parent":0,"menu_order":0,"comment_status":"closed","ping_status":"closed","template":"","meta":{"_acf_changed":false,"_seopress_robots_primary_cat":"","_seopress_titles_title":"","_seopress_titles_desc":"","_seopress_robots_index":"yes","om_disable_all_campaigns":false,"_relevanssi_hide_post":"","_relevanssi_hide_content":"","_relevanssi_pin_for_all":"","_relevanssi_pin_keywords":"","_relevanssi_unpin_keywords":"","_relevanssi_related_keywords":"","_relevanssi_related_include_ids":"","_relevanssi_related_exclude_ids":"","_relevanssi_related_no_append":"","_relevanssi_related_not_related":"","_relevanssi_related_posts":"1,415,661,662,664,666","_relevanssi_noindex_reason":"","_kad_blocks_custom_css":"","_kad_blocks_head_custom_js":"","_kad_blocks_body_custom_js":"","_kad_blocks_footer_custom_js":"","_kad_post_transparent":"","_kad_post_title":"","_kad_post_layout":"","_kad_post_sidebar_id":"","_kad_post_content_style":"","_kad_post_vertical_padding":"","_kad_post_feature":"","_kad_post_feature_position":"","_kad_post_header":false,"_kad_post_footer":false,"footnotes":"","_links_to":"","_links_to_target":""},"class_list":["post-4914","page","type-page","status-publish","hentry"],"acf":[],"featured_image_src_large":false,"author_info":{"display_name":"","author_link":"https:\/\/gbta.org\/fr\/author\/"},"comment_info":"","taxonomy_info":[],"featured_image_src":null,"featured_image_src_square":null,"mfb_rest_fields":["featured_image_src_large","author_info","comment_info","taxonomy_info","featured_image_src","featured_image_src_square"],"_links":{"self":[{"href":"https:\/\/gbta.org\/fr\/wp-json\/wp\/v2\/pages\/4914","targetHints":{"allow":["GET"]}}],"collection":[{"href":"https:\/\/gbta.org\/fr\/wp-json\/wp\/v2\/pages"}],"about":[{"href":"https:\/\/gbta.org\/fr\/wp-json\/wp\/v2\/types\/page"}],"author":[{"embeddable":true,"href":"https:\/\/gbta.org\/fr\/wp-json\/wp\/v2\/users\/9"}],"replies":[{"embeddable":true,"href":"https:\/\/gbta.org\/fr\/wp-json\/wp\/v2\/comments?post=4914"}],"version-history":[{"count":0,"href":"https:\/\/gbta.org\/fr\/wp-json\/wp\/v2\/pages\/4914\/revisions"}],"wp:attachment":[{"href":"https:\/\/gbta.org\/fr\/wp-json\/wp\/v2\/media?parent=4914"}],"curies":[{"name":"wp","href":"https:\/\/api.w.org\/{rel}","templated":true}]}}