{"id":10376,"date":"2023-05-01T11:14:59","date_gmt":"2023-05-01T15:14:59","guid":{"rendered":"https:\/\/gbta.org\/?page_id=10376"},"modified":"2026-04-17T18:25:34","modified_gmt":"2026-04-17T22:25:34","slug":"volunteer-of-the-month","status":"publish","type":"page","link":"https:\/\/gbta.org\/pt\/volunteer-of-the-month\/","title":{"rendered":"Volunt\u00e1rio do M\u00eas"},"content":{"rendered":"<style>.kadence-column10376_2ee839-4d > .kt-inside-inner-col,.kadence-column10376_2ee839-4d > .kt-inside-inner-col:before{border-top-left-radius:0px;border-top-right-radius:0px;border-bottom-right-radius:0px;border-bottom-left-radius:0px;}.kadence-column10376_2ee839-4d > .kt-inside-inner-col{column-gap:var(--global-kb-gap-sm, 1rem);}.kadence-column10376_2ee839-4d > .kt-inside-inner-col{flex-direction:column;}.kadence-column10376_2ee839-4d > .kt-inside-inner-col > .aligncenter{width:100%;}.kadence-column10376_2ee839-4d > .kt-inside-inner-col:before{opacity:0.3;}.kadence-column10376_2ee839-4d{position:relative;}@media all and (max-width: 1024px){.kadence-column10376_2ee839-4d > .kt-inside-inner-col{flex-direction:column;}}@media all and (max-width: 767px){.kadence-column10376_2ee839-4d > .kt-inside-inner-col{flex-direction:column;}}<\/style>\n<div class=\"wp-block-kadence-column kadence-column10376_2ee839-4d inner-column-1\"><div class=\"kt-inside-inner-col\"><style>.kb-row-layout-id10376_4b3be4-88 > .kt-row-column-wrap{align-content:start;}:where(.kb-row-layout-id10376_4b3be4-88 > .kt-row-column-wrap) > .wp-block-kadence-column{justify-content:start;}.kb-row-layout-id10376_4b3be4-88 > .kt-row-column-wrap{column-gap:var(--global-kb-gap-md, 2rem);row-gap:var(--global-kb-gap-md, 2rem);padding-top:var(--global-kb-spacing-sm, 1.5rem);padding-bottom:var(--global-kb-spacing-sm, 1.5rem);grid-template-columns:minmax(0, 1fr);}.kb-row-layout-id10376_4b3be4-88 > .kt-row-layout-overlay{opacity:0.30;}@media all and (max-width: 1024px){.kb-row-layout-id10376_4b3be4-88 > .kt-row-column-wrap{grid-template-columns:minmax(0, 1fr);}}@media all and (max-width: 767px){.kb-row-layout-id10376_4b3be4-88 > .kt-row-column-wrap{grid-template-columns:minmax(0, 1fr);}}<\/style><div class=\"kb-row-layout-wrap kb-row-layout-id10376_4b3be4-88 alignnone wp-block-kadence-rowlayout\"><div class=\"kt-row-column-wrap kt-has-1-columns kt-row-layout-equal kt-tab-layout-inherit kt-mobile-layout-row kt-row-valign-top\">\n<style>.kadence-column10376_a28ec2-91 > .kt-inside-inner-col,.kadence-column10376_a28ec2-91 > .kt-inside-inner-col:before{border-top-left-radius:0px;border-top-right-radius:0px;border-bottom-right-radius:0px;border-bottom-left-radius:0px;}.kadence-column10376_a28ec2-91 > .kt-inside-inner-col{column-gap:var(--global-kb-gap-sm, 1rem);}.kadence-column10376_a28ec2-91 > .kt-inside-inner-col{flex-direction:column;}.kadence-column10376_a28ec2-91 > .kt-inside-inner-col > .aligncenter{width:100%;}.kadence-column10376_a28ec2-91 > .kt-inside-inner-col:before{opacity:0.3;}.kadence-column10376_a28ec2-91{position:relative;}@media all and (max-width: 1024px){.kadence-column10376_a28ec2-91 > .kt-inside-inner-col{flex-direction:column;}}@media all and (max-width: 767px){.kadence-column10376_a28ec2-91 > .kt-inside-inner-col{flex-direction:column;}}<\/style>\n<div class=\"wp-block-kadence-column kadence-column10376_a28ec2-91 inner-column-1\"><div class=\"kt-inside-inner-col\"><div class=\"wp-block-image\">\n<figure class=\"aligncenter size-full is-resized\"><img loading=\"lazy\" decoding=\"async\" width=\"500\" height=\"598\" src=\"https:\/\/gbta.org\/wp-content\/uploads\/iconsai-03-1.png\" alt=\"iconsai 03\" class=\"wp-image-11078\" style=\"width:200px;height:undefinedpx\" srcset=\"https:\/\/gbta.org\/wp-content\/uploads\/iconsai-03-1.png 500w, https:\/\/gbta.org\/wp-content\/uploads\/iconsai-03-1-251x300.png 251w, https:\/\/gbta.org\/wp-content\/uploads\/iconsai-03-1-10x12.png 10w\" sizes=\"auto, (max-width: 500px) 100vw, 500px\" \/><\/figure><\/div>\n\n<style>.kadence-column10376_634fd6-92 > .kt-inside-inner-col,.kadence-column10376_634fd6-92 > .kt-inside-inner-col:before{border-top-left-radius:0px;border-top-right-radius:0px;border-bottom-right-radius:0px;border-bottom-left-radius:0px;}.kadence-column10376_634fd6-92 > .kt-inside-inner-col{column-gap:var(--global-kb-gap-sm, 1rem);}.kadence-column10376_634fd6-92 > .kt-inside-inner-col{flex-direction:column;}.kadence-column10376_634fd6-92 > .kt-inside-inner-col > .aligncenter{width:100%;}.kadence-column10376_634fd6-92 > .kt-inside-inner-col:before{opacity:0.3;}.kadence-column10376_634fd6-92{position:relative;}@media all and (max-width: 1024px){.kadence-column10376_634fd6-92 > .kt-inside-inner-col{flex-direction:column;}}@media all and (max-width: 767px){.kadence-column10376_634fd6-92 > .kt-inside-inner-col{flex-direction:column;}}<\/style>\n<div class=\"wp-block-kadence-column kadence-column10376_634fd6-92\"><div class=\"kt-inside-inner-col\"><style>.kb-row-layout-id10376_6c498d-8b > .kt-row-column-wrap{align-content:start;}:where(.kb-row-layout-id10376_6c498d-8b > .kt-row-column-wrap) > .wp-block-kadence-column{justify-content:start;}.kb-row-layout-id10376_6c498d-8b > .kt-row-column-wrap{column-gap:var(--global-kb-gap-md, 2rem);row-gap:var(--global-kb-gap-md, 2rem);padding-top:var(--global-kb-spacing-sm, 1.5rem);padding-bottom:var(--global-kb-spacing-sm, 1.5rem);grid-template-columns:minmax(0, 2fr) minmax(0, 1fr);}.kb-row-layout-id10376_6c498d-8b > .kt-row-layout-overlay{opacity:0.30;}@media all and (max-width: 1024px){.kb-row-layout-id10376_6c498d-8b > .kt-row-column-wrap{grid-template-columns:minmax(0, 2fr) minmax(0, 1fr);}}@media all and (max-width: 767px){.kb-row-layout-id10376_6c498d-8b > .kt-row-column-wrap{grid-template-columns:minmax(0, 1fr);}}<\/style><div class=\"kb-row-layout-wrap kb-row-layout-id10376_6c498d-8b alignnone wp-block-kadence-rowlayout\"><div class=\"kt-row-column-wrap kt-has-2-columns kt-row-layout-left-golden kt-tab-layout-inherit kt-mobile-layout-row kt-row-valign-top\">\n<style>.kadence-column10376_dc7cdf-9f > .kt-inside-inner-col,.kadence-column10376_dc7cdf-9f > .kt-inside-inner-col:before{border-top-left-radius:0px;border-top-right-radius:0px;border-bottom-right-radius:0px;border-bottom-left-radius:0px;}.kadence-column10376_dc7cdf-9f > .kt-inside-inner-col{column-gap:var(--global-kb-gap-sm, 1rem);}.kadence-column10376_dc7cdf-9f > .kt-inside-inner-col{flex-direction:column;}.kadence-column10376_dc7cdf-9f > .kt-inside-inner-col > .aligncenter{width:100%;}.kadence-column10376_dc7cdf-9f > .kt-inside-inner-col:before{opacity:0.3;}.kadence-column10376_dc7cdf-9f{position:relative;}@media all and (max-width: 1024px){.kadence-column10376_dc7cdf-9f > .kt-inside-inner-col{flex-direction:column;}}@media all and (max-width: 767px){.kadence-column10376_dc7cdf-9f > .kt-inside-inner-col{flex-direction:column;}}<\/style>\n<div class=\"wp-block-kadence-column kadence-column10376_dc7cdf-9f\"><div class=\"kt-inside-inner-col\">\n<p>A GBTA sabe que os volunt\u00e1rios s\u00e3o a for\u00e7a vital da nossa associa\u00e7\u00e3o e que nossos sucessos se devem em parte ao compromisso e dedica\u00e7\u00e3o que colocam nos programas e iniciativas da GBTA. Sua contribui\u00e7\u00e3o de tempo, experi\u00eancia e servi\u00e7o para a organiza\u00e7\u00e3o \u00e9 um ativo real para o setor de viagens de neg\u00f3cios e a comunidade GBTA.&nbsp;<\/p>\n<\/div><\/div>\n\n\n<style>.kadence-column10376_1ad695-08 > .kt-inside-inner-col,.kadence-column10376_1ad695-08 > .kt-inside-inner-col:before{border-top-left-radius:0px;border-top-right-radius:0px;border-bottom-right-radius:0px;border-bottom-left-radius:0px;}.kadence-column10376_1ad695-08 > .kt-inside-inner-col{column-gap:var(--global-kb-gap-sm, 1rem);}.kadence-column10376_1ad695-08 > .kt-inside-inner-col{flex-direction:column;}.kadence-column10376_1ad695-08 > .kt-inside-inner-col > .aligncenter{width:100%;}.kadence-column10376_1ad695-08 > .kt-inside-inner-col:before{opacity:0.3;}.kadence-column10376_1ad695-08{position:relative;}@media all and (max-width: 1024px){.kadence-column10376_1ad695-08 > .kt-inside-inner-col{flex-direction:column;}}@media all and (max-width: 767px){.kadence-column10376_1ad695-08 > .kt-inside-inner-col{flex-direction:column;}}<\/style>\n<div class=\"wp-block-kadence-column kadence-column10376_1ad695-08\"><div class=\"kt-inside-inner-col\">\n<div class=\"wp-block-buttons is-content-justification-center is-layout-flex wp-container-core-buttons-is-layout-1 wp-block-buttons-is-layout-flex\">\n<div class=\"wp-block-button\"><a class=\"wp-block-button__link wp-element-button\" href=\"https:\/\/form.jotform.com\/gbtaforms\/recognition-nomination-form\" target=\"_blank\" rel=\"noreferrer noopener\">indique algu\u00e9m hoje<\/a><\/div>\n<\/div>\n<\/div><\/div>\n\n<\/div><\/div><\/div><\/div>\n\n\n\n<p>Em abril de 2022, relan\u00e7amos o programa Volunt\u00e1rio do M\u00eas. Junte-se a n\u00f3s para parabenizar e agradecer aos destinat\u00e1rios:<\/p>\n\n\n\n<ul class=\"wp-block-list\">\n<li><strong>April 2026:<\/strong> Paul Dear, Vice President &#8211; Concur Travel EMEA, SAP<\/li>\n\n\n\n<li><strong>March 2026:<\/strong> Shalini (Shals) Iyer, Director of Strategic Partnerships, hubli<\/li>\n\n\n\n<li><strong>February 2026:<\/strong> Dan Saucier, Director, Sales &amp; Partnerships, drvn<\/li>\n\n\n\n<li><strong>January 2026: <\/strong>Nathan Bieck, Business\/Leisure Travel Sales Manager, Loews Kansas City Hotel<\/li>\n\n\n\n<li><strong>December 2025: <\/strong>Sofia Oragano, VP Business Development &#8211; EMEIA, Synergy<\/li>\n\n\n\n<li><strong>November 2025:<\/strong> Roman Neumeister, Travel Officer, OSCE<\/li>\n\n\n\n<li><strong>October 2025<\/strong>: Julie Dion, Senior Manager, Supplier Management and Delivery, BCD Travel<\/li>\n\n\n\n<li><strong>September 2025<\/strong>: Brenda Davis, Executive Assistant and Travel Manager, International SOS<\/li>\n\n\n\n<li><strong>August 2025<\/strong>: Cari Wuzbacher, Manager &#8211; Government &amp; Corporate Accounts, United<\/li>\n\n\n\n<li><strong>June 2025: <\/strong>Loredana Merelli, Travel Manager, KPMG Network Institutional Events Manager, KPMG Business Services S.r.l.<\/li>\n\n\n\n<li><strong>May 2025: <\/strong>Sue Spear, Director of Travel, Fleet and Facility Services, Cengage Group<\/li>\n\n\n\n<li><strong>Abril de 2025<\/strong>: Katherine Tomasi, Diretora de Vendas \u2013 Am\u00e9rica do Norte, BCD Travel<\/li>\n\n\n\n<li><strong>Mar\u00e7o de 2025<\/strong>: Peta-Gaye Pottinger, Gerente S\u00eanior Global de Imigra\u00e7\u00e3o, Fragomen<\/li>\n\n\n\n<li><strong>Fevereiro de 2025<\/strong>: Shawnda Witterstaetter, gerente global de categoria de viagens, Dentsply Sirona<\/li>\n\n\n\n<li><strong>Janeiro de 2025<\/strong>: Teresa Rolack, Gerente de Contas S\u00eanior, FCM Travel<\/li>\n\n\n\n<li><strong>Dezembro de 2024<\/strong>: Barbara Arena, gerente de categoria global terceirizada, Festive Road<\/li>\n\n\n\n<li><strong>Novembro de 2024<\/strong>: Donna Palmer, Diretora de Vendas, The San Francisco Peninsula<\/li>\n\n\n\n<li><strong>Outubro de 2024<\/strong>: Jorge Mesa, Diretor S\u00eanior de Gest\u00e3o de Riscos de Viagem, BCD Travel<\/li>\n\n\n\n<li><strong>Setembro de 2024:<\/strong>  Phil Crofton, Diretor S\u00eanior de Otimiza\u00e7\u00e3o de Programas Globais, BCD Travel<\/li>\n\n\n\n<li><strong>Agosto de 2024<\/strong>: Morgan Lautr\u00e9doux, Gerente de Desempenho de Contratos de Viagens Corporativas \u2013 EMEA, Shell<\/li>\n\n\n\n<li><strong>Junho de 2024:<\/strong> Anne Lex, Diretora Regional de Vendas, InnVest Hotels<\/li>\n\n\n\n<li><strong>Maio de 2024:<\/strong>  Lindsay Straub, chefe global de vendas, FCM Travel<\/li>\n\n\n\n<li><strong>Abril de 2024: <\/strong> Jennifer Houdyshell, diretora de vendas, Hilton Garden Inn Milwaukee Brookfield Conference Center<\/li>\n\n\n\n<li><strong>Mar\u00e7o de 2024:<\/strong> Benjamin Berard, gerente de sucesso do cliente, drvn<\/li>\n\n\n\n<li><strong>Fevereiro de 2024:<\/strong>  Justin Morris, Diretor de Vendas, Traxo<\/li>\n\n\n\n<li><strong>Janeiro de 2024:<\/strong>  Brittany Brown, Diretora de Vendas, Hilton Garden Inn Houston Energy Corridor<\/li>\n\n\n\n<li><strong>Dezembro de 2023:<\/strong>  Monica Ocampo, Diretora de Contas Nacionais, Oxford Collection<\/li>\n\n\n\n<li><strong>Novembro de 2023:<\/strong>  Amanda Mahan, gerente s\u00eanior de contas nacionais, Southwest Business<\/li>\n\n\n\n<li><strong>Outubro de 2023:<\/strong>  Terri Moreno, Gerente \u2013 Viagens, Despesas e Frota, The Aspen Group<\/li>\n\n\n\n<li><strong>Setembro de 2023<\/strong>: Albena Taseva, gerente de categoria global de viagens e eventos<\/li>\n\n\n\n<li><strong>Julho de 2023<\/strong>: Maren Hanschke, Presidente FCTG M\u00e9xico e Rede LATAM, Flight Center Travel Group<\/li>\n\n\n\n<li><strong>Junho de 2023<\/strong>: Teresa Man, gerente global de commodities, Celestica<\/li>\n\n\n\n<li><strong>Maio de 2023:<\/strong> Ben Park, Diretor Executivo de Viagens e Sustentabilidade, Parexel<\/li>\n\n\n\n<li><strong>Abril de 2023:<\/strong>&nbsp;Kathy Farias, Gerente de Servi\u00e7os Corporativos e Suporte, Whataburger<\/li>\n\n\n\n<li><strong>Mar\u00e7o de 2023:<\/strong> Makiko Barrett, diretora s\u00eanior, Automation Anywhere<\/li>\n\n\n\n<li><strong>Fevereiro de 2023:<\/strong> Amy Hunke, gerente s\u00eanior de viagens e reuni\u00f5es, Ametek<\/li>\n\n\n\n<li><strong>Janeiro de 2023:<\/strong> Riley Simonsen, gerente de vendas de viagens de neg\u00f3cios da \u00e1rea, LTD Hospitality<\/li>\n\n\n\n<li><strong>Novembro de 2022:<\/strong> Joe Nishi, s\u00f3cio-gerente, Encore<\/li>\n\n\n\n<li><strong>Outubro de 2022:<\/strong> Laura Choules, Diretora, Parcerias na Ind\u00fastria de Viagens, Global Hotel Alliance<\/li>\n\n\n\n<li><strong>Setembro de 2022:<\/strong> Loren Christie, diretora administrativa, Loren Christie Solutions<\/li>\n\n\n\n<li><strong>Julho de 2022:<\/strong> Kristen Reeves, gerente global de commodities, MKS Instruments<\/li>\n\n\n\n<li><strong>Junho de 2022:<\/strong> Mette Bank, gerente regional de viagens, EMEA, Lego<\/li>\n\n\n\n<li><strong>Maio de 2022:<\/strong> Jenny Sabineu, gerente, servi\u00e7os de viagens, Salesforce<\/li>\n<\/ul>\n<\/div><\/div>\n\n<\/div><\/div>\n\n<style>.kadence-column10376_f32c46-32 > .kt-inside-inner-col,.kadence-column10376_f32c46-32 > .kt-inside-inner-col:before{border-top-left-radius:0px;border-top-right-radius:0px;border-bottom-right-radius:0px;border-bottom-left-radius:0px;}.kadence-column10376_f32c46-32 > .kt-inside-inner-col{column-gap:var(--global-kb-gap-sm, 1rem);}.kadence-column10376_f32c46-32 > .kt-inside-inner-col{flex-direction:column;}.kadence-column10376_f32c46-32 > .kt-inside-inner-col > .aligncenter{width:100%;}.kadence-column10376_f32c46-32 > .kt-inside-inner-col:before{opacity:0.3;}.kadence-column10376_f32c46-32{position:relative;}@media all and (max-width: 1024px){.kadence-column10376_f32c46-32 > .kt-inside-inner-col{flex-direction:column;}}@media all and (max-width: 767px){.kadence-column10376_f32c46-32 > .kt-inside-inner-col{flex-direction:column;}}<\/style>\n<div class=\"wp-block-kadence-column kadence-column10376_f32c46-32\"><div class=\"kt-inside-inner-col\"><style>.kb-row-layout-id10376_62deb9-1a > .kt-row-column-wrap{align-content:start;}:where(.kb-row-layout-id10376_62deb9-1a > .kt-row-column-wrap) > .wp-block-kadence-column{justify-content:start;}.kb-row-layout-id10376_62deb9-1a > .kt-row-column-wrap{column-gap:var(--global-kb-gap-md, 2rem);row-gap:var(--global-kb-gap-md, 2rem);max-width:740px;margin-left:auto;margin-right:auto;padding-top:var(--global-kb-spacing-sm, 1.5rem);padding-bottom:var(--global-kb-spacing-sm, 1.5rem);grid-template-columns:minmax(0, 1fr);}.kb-row-layout-id10376_62deb9-1a > .kt-row-layout-overlay{opacity:0.30;}@media all and (max-width: 1024px){.kb-row-layout-id10376_62deb9-1a > .kt-row-column-wrap{grid-template-columns:minmax(0, 1fr);}}@media all and (max-width: 767px){.kb-row-layout-id10376_62deb9-1a > .kt-row-column-wrap{grid-template-columns:minmax(0, 1fr);}}<\/style><div class=\"kb-row-layout-wrap kb-row-layout-id10376_62deb9-1a alignnone wp-block-kadence-rowlayout\"><div class=\"kt-row-column-wrap kt-has-1-columns kt-row-layout-equal kt-tab-layout-inherit kt-mobile-layout-row kt-row-valign-top\">\n<style>.kadence-column10376_0ec7c2-59 > .kt-inside-inner-col,.kadence-column10376_0ec7c2-59 > .kt-inside-inner-col:before{border-top-left-radius:0px;border-top-right-radius:0px;border-bottom-right-radius:0px;border-bottom-left-radius:0px;}.kadence-column10376_0ec7c2-59 > .kt-inside-inner-col{column-gap:var(--global-kb-gap-sm, 1rem);}.kadence-column10376_0ec7c2-59 > .kt-inside-inner-col{flex-direction:column;}.kadence-column10376_0ec7c2-59 > .kt-inside-inner-col > .aligncenter{width:100%;}.kadence-column10376_0ec7c2-59 > .kt-inside-inner-col:before{opacity:0.3;}.kadence-column10376_0ec7c2-59{position:relative;}@media all and (max-width: 1024px){.kadence-column10376_0ec7c2-59 > .kt-inside-inner-col{flex-direction:column;}}@media all and (max-width: 767px){.kadence-column10376_0ec7c2-59 > .kt-inside-inner-col{flex-direction:column;}}<\/style>\n<div class=\"wp-block-kadence-column kadence-column10376_0ec7c2-59\"><div class=\"kt-inside-inner-col\"><style>.wp-block-kadence-advancedheading.kt-adv-heading10376_b48f5b-82, .wp-block-kadence-advancedheading.kt-adv-heading10376_b48f5b-82[data-kb-block=\"kb-adv-heading10376_b48f5b-82\"]{text-align:center;font-style:normal;}.wp-block-kadence-advancedheading.kt-adv-heading10376_b48f5b-82 mark.kt-highlight, .wp-block-kadence-advancedheading.kt-adv-heading10376_b48f5b-82[data-kb-block=\"kb-adv-heading10376_b48f5b-82\"] mark.kt-highlight{font-style:normal;color:#f76a0c;-webkit-box-decoration-break:clone;box-decoration-break:clone;padding-top:0px;padding-right:0px;padding-bottom:0px;padding-left:0px;}<\/style>\n<h3 class=\"kt-adv-heading10376_b48f5b-82 wp-block-kadence-advancedheading\" data-kb-block=\"kb-adv-heading10376_b48f5b-82\"><a href=\"https:\/\/youtu.be\/rinUCJUww54\">View 2025 Volunteers<\/a><\/h3>\n\n\n\n<figure class=\"wp-block-embed is-type-video is-provider-youtube wp-block-embed-youtube wp-embed-aspect-16-9 wp-has-aspect-ratio\"><div class=\"wp-block-embed__wrapper\">\n<iframe loading=\"lazy\" title=\"Recapitula\u00e7\u00e3o em v\u00eddeo do m\u00eas do voluntariado da GBTA 2024\" width=\"720\" height=\"405\" src=\"https:\/\/www.youtube.com\/embed\/rinUCJUww54?feature=oembed\" frameborder=\"0\" allow=\"accelerometer; autoplay; clipboard-write; encrypted-media; gyroscope; picture-in-picture; web-share\" referrerpolicy=\"strict-origin-when-cross-origin\" allowfullscreen><\/iframe>\n<\/div><\/figure>\n<\/div><\/div>\n\n<\/div><\/div><\/div><\/div>\n<\/div><\/div>\n\n\n\n<p><\/p>","protected":false},"excerpt":{"rendered":"<p>A GBTA sabe que os volunt\u00e1rios s\u00e3o a for\u00e7a vital da nossa associa\u00e7\u00e3o e que o nosso sucesso se deve em parte ao compromisso e dedica\u00e7\u00e3o que colocam nos programas e iniciativas da GBTA. Deles\u2026<\/p>","protected":false},"author":14,"featured_media":0,"parent":0,"menu_order":0,"comment_status":"closed","ping_status":"closed","template":"","meta":{"_acf_changed":false,"_seopress_robots_primary_cat":"","_seopress_titles_title":"","_seopress_titles_desc":"","_seopress_robots_index":"yes","om_disable_all_campaigns":false,"_relevanssi_hide_post":"","_relevanssi_hide_content":"","_relevanssi_pin_for_all":"","_relevanssi_pin_keywords":"","_relevanssi_unpin_keywords":"","_relevanssi_related_keywords":"","_relevanssi_related_include_ids":"","_relevanssi_related_exclude_ids":"","_relevanssi_related_no_append":"","_relevanssi_related_not_related":"","_relevanssi_related_posts":"1,415,662,664,666,667","_relevanssi_noindex_reason":"","_kad_blocks_custom_css":"","_kad_blocks_head_custom_js":"","_kad_blocks_body_custom_js":"","_kad_blocks_footer_custom_js":"","_kad_post_transparent":"","_kad_post_title":"","_kad_post_layout":"","_kad_post_sidebar_id":"","_kad_post_content_style":"","_kad_post_vertical_padding":"","_kad_post_feature":"","_kad_post_feature_position":"","_kad_post_header":false,"_kad_post_footer":false,"footnotes":"","_links_to":"","_links_to_target":""},"class_list":["post-10376","page","type-page","status-publish","hentry"],"acf":[],"featured_image_src_large":false,"author_info":{"display_name":"","author_link":"https:\/\/gbta.org\/pt\/author\/"},"comment_info":"","taxonomy_info":[],"featured_image_src":null,"featured_image_src_square":null,"mfb_rest_fields":["featured_image_src_large","author_info","comment_info","taxonomy_info","featured_image_src","featured_image_src_square"],"_links":{"self":[{"href":"https:\/\/gbta.org\/pt\/wp-json\/wp\/v2\/pages\/10376","targetHints":{"allow":["GET"]}}],"collection":[{"href":"https:\/\/gbta.org\/pt\/wp-json\/wp\/v2\/pages"}],"about":[{"href":"https:\/\/gbta.org\/pt\/wp-json\/wp\/v2\/types\/page"}],"author":[{"embeddable":true,"href":"https:\/\/gbta.org\/pt\/wp-json\/wp\/v2\/users\/14"}],"replies":[{"embeddable":true,"href":"https:\/\/gbta.org\/pt\/wp-json\/wp\/v2\/comments?post=10376"}],"version-history":[{"count":17,"href":"https:\/\/gbta.org\/pt\/wp-json\/wp\/v2\/pages\/10376\/revisions"}],"predecessor-version":[{"id":31427,"href":"https:\/\/gbta.org\/pt\/wp-json\/wp\/v2\/pages\/10376\/revisions\/31427"}],"wp:attachment":[{"href":"https:\/\/gbta.org\/pt\/wp-json\/wp\/v2\/media?parent=10376"}],"curies":[{"name":"wp","href":"https:\/\/api.w.org\/{rel}","templated":true}]}}