{"id":11835,"date":"2023-07-12T02:48:59","date_gmt":"2023-07-12T06:48:59","guid":{"rendered":"https:\/\/gbta.org\/?page_id=11835"},"modified":"2026-05-01T15:08:59","modified_gmt":"2026-05-01T19:08:59","slug":"business-travel-service-award","status":"publish","type":"page","link":"https:\/\/gbta.org\/pt\/recognition\/business-travel-service-award\/","title":{"rendered":"Pr\u00eamio de servi\u00e7o de viagens de neg\u00f3cios"},"content":{"rendered":"<style>.kadence-column11835_7a0f20-bd > .kt-inside-inner-col,.kadence-column11835_7a0f20-bd > .kt-inside-inner-col:before{border-top-left-radius:0px;border-top-right-radius:0px;border-bottom-right-radius:0px;border-bottom-left-radius:0px;}.kadence-column11835_7a0f20-bd > .kt-inside-inner-col{column-gap:var(--global-kb-gap-sm, 1rem);}.kadence-column11835_7a0f20-bd > .kt-inside-inner-col{flex-direction:column;}.kadence-column11835_7a0f20-bd > .kt-inside-inner-col > .aligncenter{width:100%;}.kadence-column11835_7a0f20-bd > .kt-inside-inner-col:before{opacity:0.3;}.kadence-column11835_7a0f20-bd{position:relative;}@media all and (max-width: 1024px){.kadence-column11835_7a0f20-bd > .kt-inside-inner-col{flex-direction:column;}}@media all and (max-width: 767px){.kadence-column11835_7a0f20-bd > .kt-inside-inner-col{flex-direction:column;}}<\/style>\n<div class=\"wp-block-kadence-column kadence-column11835_7a0f20-bd inner-column-1\"><div class=\"kt-inside-inner-col\"><style>.kb-row-layout-id11835_d82fcd-eb > .kt-row-column-wrap{align-content:start;}:where(.kb-row-layout-id11835_d82fcd-eb > .kt-row-column-wrap) > .wp-block-kadence-column{justify-content:start;}.kb-row-layout-id11835_d82fcd-eb > .kt-row-column-wrap{column-gap:var(--global-kb-gap-md, 2rem);row-gap:var(--global-kb-gap-md, 2rem);padding-top:var(--global-kb-spacing-sm, 1.5rem);padding-bottom:var(--global-kb-spacing-sm, 1.5rem);grid-template-columns:minmax(0, 1fr);}.kb-row-layout-id11835_d82fcd-eb > .kt-row-layout-overlay{opacity:0.30;}@media all and (max-width: 1024px){.kb-row-layout-id11835_d82fcd-eb > .kt-row-column-wrap{grid-template-columns:minmax(0, 1fr);}}@media all and (max-width: 767px){.kb-row-layout-id11835_d82fcd-eb > .kt-row-column-wrap{grid-template-columns:minmax(0, 1fr);}}<\/style><div class=\"kb-row-layout-wrap kb-row-layout-id11835_d82fcd-eb alignnone wp-block-kadence-rowlayout\"><div class=\"kt-row-column-wrap kt-has-1-columns kt-row-layout-equal kt-tab-layout-inherit kt-mobile-layout-row kt-row-valign-top\">\n<style>.kadence-column11835_deaacb-a5 > .kt-inside-inner-col,.kadence-column11835_deaacb-a5 > .kt-inside-inner-col:before{border-top-left-radius:0px;border-top-right-radius:0px;border-bottom-right-radius:0px;border-bottom-left-radius:0px;}.kadence-column11835_deaacb-a5 > .kt-inside-inner-col{column-gap:var(--global-kb-gap-sm, 1rem);}.kadence-column11835_deaacb-a5 > .kt-inside-inner-col{flex-direction:column;}.kadence-column11835_deaacb-a5 > .kt-inside-inner-col > .aligncenter{width:100%;}.kadence-column11835_deaacb-a5 > .kt-inside-inner-col:before{opacity:0.3;}.kadence-column11835_deaacb-a5{position:relative;}@media all and (max-width: 1024px){.kadence-column11835_deaacb-a5 > .kt-inside-inner-col{flex-direction:column;}}@media all and (max-width: 767px){.kadence-column11835_deaacb-a5 > .kt-inside-inner-col{flex-direction:column;}}<\/style>\n<div class=\"wp-block-kadence-column kadence-column11835_deaacb-a5 inner-column-1\"><div class=\"kt-inside-inner-col\"><div class=\"wp-block-image\">\n<figure class=\"aligncenter size-full is-resized\"><img loading=\"lazy\" decoding=\"async\" width=\"500\" height=\"598\" src=\"https:\/\/gbta.org\/wp-content\/uploads\/iconsai-04.png\" alt=\"iconsai 04\" class=\"wp-image-11079\" style=\"width:200px;height:undefinedpx\" srcset=\"https:\/\/gbta.org\/wp-content\/uploads\/iconsai-04.png 500w, https:\/\/gbta.org\/wp-content\/uploads\/iconsai-04-251x300.png 251w, https:\/\/gbta.org\/wp-content\/uploads\/iconsai-04-10x12.png 10w\" sizes=\"auto, (max-width: 500px) 100vw, 500px\" \/><\/figure><\/div>\n\n<style>.kb-row-layout-id11835_0c1460-5d > .kt-row-column-wrap{align-content:start;}:where(.kb-row-layout-id11835_0c1460-5d > .kt-row-column-wrap) > .wp-block-kadence-column{justify-content:start;}.kb-row-layout-id11835_0c1460-5d > .kt-row-column-wrap{column-gap:var(--global-kb-gap-md, 2rem);row-gap:var(--global-kb-gap-md, 2rem);padding-top:var(--global-kb-spacing-sm, 1.5rem);padding-bottom:var(--global-kb-spacing-sm, 1.5rem);grid-template-columns:minmax(0, 2fr) minmax(0, 1fr);}.kb-row-layout-id11835_0c1460-5d > .kt-row-layout-overlay{opacity:0.30;}@media all and (max-width: 1024px){.kb-row-layout-id11835_0c1460-5d > .kt-row-column-wrap{grid-template-columns:minmax(0, 2fr) minmax(0, 1fr);}}@media all and (max-width: 767px){.kb-row-layout-id11835_0c1460-5d > .kt-row-column-wrap{grid-template-columns:minmax(0, 1fr);}}<\/style><div class=\"kb-row-layout-wrap kb-row-layout-id11835_0c1460-5d alignnone wp-block-kadence-rowlayout\"><div class=\"kt-row-column-wrap kt-has-2-columns kt-row-layout-left-golden kt-tab-layout-inherit kt-mobile-layout-row kt-row-valign-top\">\n<style>.kadence-column11835_aef1cf-63 > .kt-inside-inner-col,.kadence-column11835_aef1cf-63 > .kt-inside-inner-col:before{border-top-left-radius:0px;border-top-right-radius:0px;border-bottom-right-radius:0px;border-bottom-left-radius:0px;}.kadence-column11835_aef1cf-63 > .kt-inside-inner-col{column-gap:var(--global-kb-gap-sm, 1rem);}.kadence-column11835_aef1cf-63 > .kt-inside-inner-col{flex-direction:column;}.kadence-column11835_aef1cf-63 > .kt-inside-inner-col > .aligncenter{width:100%;}.kadence-column11835_aef1cf-63 > .kt-inside-inner-col:before{opacity:0.3;}.kadence-column11835_aef1cf-63{position:relative;}@media all and (max-width: 1024px){.kadence-column11835_aef1cf-63 > .kt-inside-inner-col{flex-direction:column;}}@media all and (max-width: 767px){.kadence-column11835_aef1cf-63 > .kt-inside-inner-col{flex-direction:column;}}<\/style>\n<div class=\"wp-block-kadence-column kadence-column11835_aef1cf-63\"><div class=\"kt-inside-inner-col\">\n<p>Todos os anos, as regi\u00f5es da GBTA homenageiam um seleto grupo de profissionais de viagens experientes com o pr\u00eamio de elite Business Travel Service (BTSA). Estes membros da GBTA distinguiram-se pela sua empresa, pela sua associa\u00e7\u00e3o (tanto local como nacional), pelos seus colegas de neg\u00f3cios e fizeram contribui\u00e7\u00f5es para a ind\u00fastria de viagens de neg\u00f3cios. Para serem considerados para o BTSA, os indiv\u00edduos:<\/p>\n<\/div><\/div>\n\n\n<style>.kadence-column11835_72c591-9c > .kt-inside-inner-col,.kadence-column11835_72c591-9c > .kt-inside-inner-col:before{border-top-left-radius:0px;border-top-right-radius:0px;border-bottom-right-radius:0px;border-bottom-left-radius:0px;}.kadence-column11835_72c591-9c > .kt-inside-inner-col{column-gap:var(--global-kb-gap-sm, 1rem);}.kadence-column11835_72c591-9c > .kt-inside-inner-col{flex-direction:column;}.kadence-column11835_72c591-9c > .kt-inside-inner-col > .aligncenter{width:100%;}.kadence-column11835_72c591-9c > .kt-inside-inner-col:before{opacity:0.3;}.kadence-column11835_72c591-9c{position:relative;}@media all and (max-width: 1024px){.kadence-column11835_72c591-9c > .kt-inside-inner-col{flex-direction:column;}}@media all and (max-width: 767px){.kadence-column11835_72c591-9c > .kt-inside-inner-col{flex-direction:column;}}<\/style>\n<div class=\"wp-block-kadence-column kadence-column11835_72c591-9c\"><div class=\"kt-inside-inner-col\">\n<div class=\"wp-block-buttons is-content-justification-center is-layout-flex wp-container-core-buttons-is-layout-1 wp-block-buttons-is-layout-flex\">\n<div class=\"wp-block-button\"><a class=\"wp-block-button__link wp-element-button\" href=\"https:\/\/form.jotform.com\/gbtaforms\/recognition-nomination-form\" target=\"_blank\" rel=\"noreferrer noopener\">indique algu\u00e9m hoje<\/a><\/div>\n<\/div>\n<\/div><\/div>\n\n<\/div><\/div>\n\n\n<ul class=\"wp-block-list\">\n<li>Deve ser membro da GBTA e\/ou de seu cap\u00edtulo local ou associa\u00e7\u00e3o parceira (quando aplic\u00e1vel)<\/li>\n\n\n\n<li>Deve ter um m\u00ednimo de tr\u00eas (3) anos de envolvimento ativo no setor de viagens ou reuni\u00f5es e eventos (EUA, Canad\u00e1)<\/li>\n\n\n\n<li>Deve ter atuado como dirigente, diretor, conselho ou presidente ou copresidente de comit\u00ea em seu cap\u00edtulo local (EUA)<\/li>\n\n\n\n<li>Deve ter atuado como volunt\u00e1rio na ind\u00fastria em n\u00edvel local, nacional ou global (EMEA, Canad\u00e1)<\/li>\n\n\n\n<li>Deve demonstrar busca por educa\u00e7\u00e3o continuada na \u00e1rea de viagens de neg\u00f3cios ou reuni\u00f5es e eventos (EUA, Canad\u00e1)<\/li>\n<\/ul>\n\n\n\n<p>Junte-se a n\u00f3s para reconhecer nossos dedicados destinat\u00e1rios membros!<\/p>\n\n\n\n<p class=\"has-text-align-center\"><strong>Regi\u00e3o dos EUA:<\/strong> Saiba mais e veja os vencedores anteriores <a href=\"https:\/\/gbtacpc.org\/Business_Travel_Professional_Service_Award\" data-type=\"URL\" data-id=\"https:\/\/gbtacpc.org\/Business_Travel_Professional_Service_Award\" target=\"_blank\" rel=\"noreferrer noopener\">aqui<\/a><\/p>\n\n\n\n<figure class=\"wp-block-table aligncenter is-style-stripes\"><table><tbody><tr><td><\/td><td class=\"has-text-align-left\" data-align=\"left\"><strong>EMEA<\/strong><\/td><td><strong>CANAD\u00c1<\/strong><\/td><td><strong>LATAM<\/strong><\/td><td><strong>APAC<\/strong><\/td><td><strong>N\u00d3S<\/strong><\/td><td><\/td><\/tr><tr><td>2026<\/td><td class=\"has-text-align-left\" data-align=\"left\"><\/td><td><\/td><td><\/td><td><\/td><td>Julie Van Oss<br>Darren L\u2019Appanna<br>Jake Moreland<br>Debbie Sievert<br>Nathan Bieck<br>Paula Flores<br>Ronda Dean<br>Ted Cullen<br>Nan Lester<br>Dell Rosa Rosa<\/td><td><\/td><\/tr><tr><td><strong>2025<\/strong><\/td><td class=\"has-text-align-left\" data-align=\"left\">Aur\u00e9lie Duprez<br>Cesare Belosi<br>Suzanne Sangiovese<br>Stefan van Sliedregt<\/td><td>Kristen Hrycoy<br>Tim Oldfield<\/td><td>Felipe Mesquita<br>Eva Ram\u00edrez Ibarra<br>Felipe Cardona<\/td><td>Pedro Koh<br>Sandeep Shastri<br>Kenji Soh<br>\u82cf\u6977\u6770<\/td><td>Sherrill McLean<br>Michael Morrison<br>Mark Champagne<br>Doug Dolsen<br>Amanda Stredney<br>Lee P.<br>Jamisha Ascue\u2011Breland<br>Brittany Brown<br>Terasa Tierney<br>Laurie Scott<\/td><td><\/td><\/tr><tr><td><strong>2024<\/strong><\/td><td class=\"has-text-align-left\" data-align=\"left\">Nicolau Hymans - O Grande<br>Marco Quagliarella<br>Catarina Navarro<\/td><td>Jeff Reyes<br>Lisa Veress<\/td><td>Joyce Macieri<br>Lucila Pesci<br>Eva Ramirez<br>J\u00falia Brito<\/td><td>Coreana B\u00e1rbara<\/td><td>Ashley Ridolf<br>Steven Bossard<br>Melodia Haislip<br>Melissa Johnson<br>Debbie Thomas<br>Gayle Sinclair<br>Rena Briggs<br>Monica Ocampo<br>Cathy Taylor-Sharp<br>Brenda Ortman<\/td><td><\/td><\/tr><tr><td><strong>2023<\/strong><\/td><td class=\"has-text-align-left\" data-align=\"left\">Dan Humby<br>Andrea Giuricin<br>Hilde Dahm-Simonsen<br>Faiz Mimita<\/td><td>Carlos Crowder<br>Jennifer Urquhart<\/td><td>Nidia Quintero<br>M\u00f4nica Crawfurd<\/td><td>Carl Jones<\/td><td>Megin Dressel<br>James Randall Roop<br>Nicki Leeds<br>Amy Cox<br>Cindy Mann<br>Lisa Simpson<br>Derrick Monte Carlo<br>Alyssa Young<br>Mary Rumer<br>Rebeca Palatka<\/td><td><\/td><\/tr><tr><td><strong>2022<\/strong><\/td><td class=\"has-text-align-left\" data-align=\"left\">Jorge Mesa<br>Robyn Christie<br>Carine Morin<\/td><td>Marayka Wilson<br>Jodi Francks<strong>&nbsp;&nbsp;&nbsp;&nbsp;&nbsp;&nbsp;&nbsp;<\/strong><\/td><td><\/td><td><\/td><td>Kim Ferguson<br>Kim Kearns<br>Dwight Minio<br>Kristen Reeves<br>Jim Pio<br>Amber Mallon<br>Sabrina Cronk<br>Karen Bond<br>Karen Beauchamp<br>Holly McTague<\/td><td><\/td><\/tr><tr><td><strong>2021<\/strong><\/td><td class=\"has-text-align-left\" data-align=\"left\">Christian Rosenbaum<\/td><td>Bertie Fernandes<br>Brooke Davis<\/td><td><\/td><td><\/td><td>Val\u00e9ria Barnes<br>Jason Beckham<br>Kathryn Craven<br>Laurie Etcheverry<br>Kelly Ferrigno<br>Rex Heineman<br>Nancy King<br>Carey Pascoe<br>Scott Phillips<br>Robert Wade<br>Tom Wilkinson<\/td><td><\/td><\/tr><tr><td><strong>2020<\/strong><\/td><td class=\"has-text-align-left\" data-align=\"left\">Julieta Howie<br>Roberta Bill\u00e9<br>Ren\u00e9 Proske<\/td><td>Sharlene Ketwaroo-Nanoo<br>Stephen Anderson<\/td><td><\/td><td><\/td><td>Bonnie Brabb<br>Mike Donohue<br>Michael Farrell<br>Jesse Funk<br>Pamela Howard<br>Ren\u00e9e Huff<br>Elisabeth Johnson<br>Linda Loesch<br>\u00c2ngela Paulus<br>Carmen Smith<br>Mary Thompson<\/td><td><\/td><\/tr><tr><td><strong>2019<\/strong><\/td><td class=\"has-text-align-left\" data-align=\"left\">Flavio Ghiringhelli<br>Jafles Pacheco<\/td><td>Marayka Wilson<br>Jodi Francks<span style=\"font-weight: 600;\">&nbsp;<\/span><\/td><td><\/td><td><\/td><td>Beverly Allen<br>Makiko Barrett<br>Chris Dalton<br>Kim Bilsky<br>Bobbi Huber<br>Claudine Gallagher<br>Diane Perretti<br>Neda Nazem<br>Ryan Pierce<br>Carol Schrager<\/td><td><\/td><\/tr><tr><td><strong>2018<\/strong><\/td><td class=\"has-text-align-left\" data-align=\"left\">Minna Torppa<br>Douglas O\u2019Neill<br>Oliver Benoit<\/td><td>Alex Fernando<br>Connie Smith<\/td><td><\/td><td><\/td><td>Kevin Barwell<br>Kathy Briski<br>Joni Doiron<br>Trish Earles<br>Betty Grogan<br>Adam Higley<br>Joanna McNellis Coelho<br>Cynthia Shumate<br>Jason Sportsman<br>Yukari Tortorich<\/td><td><\/td><\/tr><tr><td><strong>2017<\/strong><\/td><td class=\"has-text-align-left\" data-align=\"left\">Teemu Tuomarla<br>Marc Zuber<br>Nicola Lomas<\/td><td>Shelly Lewchuck<br>Ian Race<\/td><td><\/td><td><\/td><td>Phyliss Cowell<br>B\u00e1rbara Arena<br>Bonnie Christensen<br>Teresa Am\u00f3s<br>Melinda Kirkham<br>Terri Moreno<br>Tricia Alsup<br>Chris Maguire<br>Maureen Ashley<br>Nicole Lynch<\/td><td><\/td><\/tr><tr><td><strong>2016<\/strong><\/td><td class=\"has-text-align-left\" data-align=\"left\">Romano Morice&nbsp;&nbsp;&nbsp;&nbsp;&nbsp;<br>Cathrine Lundberg<\/td><td><\/td><td>Roman Hernandez<br>Javier Rosas Melhor<\/td><td>&nbsp;Hamish Wang<br>Becky Cao<\/td><td>Ellen Meyer<br>Valentina Hanson<br>Heather Pastrick<br>Mary Cole<br>DJ Prohaska<br>Cyndy Thompson<br>Wallis Williams<br>Feij\u00e3o Samantha<br>Gregory Sweeney<br>Claire Langford<\/td><td><\/td><\/tr><tr><td><\/td><td class=\"has-text-align-left\" data-align=\"left\"><\/td><td><\/td><td><\/td><td><\/td><td><\/td><td><\/td><\/tr><\/tbody><\/table><\/figure>\n\n\n<style>.kadence-column11835_a17786-05 > .kt-inside-inner-col,.kadence-column11835_a17786-05 > .kt-inside-inner-col:before{border-top-left-radius:0px;border-top-right-radius:0px;border-bottom-right-radius:0px;border-bottom-left-radius:0px;}.kadence-column11835_a17786-05 > .kt-inside-inner-col{column-gap:var(--global-kb-gap-sm, 1rem);}.kadence-column11835_a17786-05 > .kt-inside-inner-col{flex-direction:column;}.kadence-column11835_a17786-05 > .kt-inside-inner-col > .aligncenter{width:100%;}.kadence-column11835_a17786-05 > .kt-inside-inner-col:before{opacity:0.3;}.kadence-column11835_a17786-05{position:relative;}@media all and (max-width: 1024px){.kadence-column11835_a17786-05 > .kt-inside-inner-col{flex-direction:column;}}@media all and (max-width: 767px){.kadence-column11835_a17786-05 > .kt-inside-inner-col{flex-direction:column;}}<\/style>\n<div class=\"wp-block-kadence-column kadence-column11835_a17786-05 inner-column-1\"><div class=\"kt-inside-inner-col\"><h3 class=\"wp-block-heading\" id=\"questions\">Perguntas<\/h3>\n\n\n<p>Continuamos a compilar nossos destinat\u00e1rios anteriores. Volte para obter atualiza\u00e7\u00f5es! Voc\u00ea \u00e9 um destinat\u00e1rio anterior?&nbsp;&nbsp;<a href=\"https:\/\/form.jotform.com\/231574699850167\" data-type=\"URL\" data-id=\"https:\/\/form.jotform.com\/231574699850167\" target=\"_blank\" rel=\"noreferrer noopener\">Deixe-nos saber aqui<\/a>!<\/p>\n<\/div><\/div>\n<\/div><\/div>\n\n<\/div><\/div><\/div><\/div>\n\n\n\n<p><\/p>","protected":false},"excerpt":{"rendered":"<p>Todos os anos, as regi\u00f5es da GBTA homenageiam um seleto grupo de profissionais de viagens experientes com o pr\u00eamio de elite Business Travel Service (BTSA). Esses membros do GBTA se destacaram por sua empresa, seu\u2026<\/p>","protected":false},"author":14,"featured_media":0,"parent":10326,"menu_order":0,"comment_status":"closed","ping_status":"closed","template":"","meta":{"_acf_changed":false,"_seopress_robots_primary_cat":"","_seopress_titles_title":"","_seopress_titles_desc":"","_seopress_robots_index":"yes","om_disable_all_campaigns":false,"_relevanssi_hide_post":"","_relevanssi_hide_content":"","_relevanssi_pin_for_all":"","_relevanssi_pin_keywords":"","_relevanssi_unpin_keywords":"","_relevanssi_related_keywords":"","_relevanssi_related_include_ids":"","_relevanssi_related_exclude_ids":"","_relevanssi_related_no_append":"","_relevanssi_related_not_related":"","_relevanssi_related_posts":"1,415,662,664,666,667","_relevanssi_noindex_reason":"","_kad_blocks_custom_css":"","_kad_blocks_head_custom_js":"","_kad_blocks_body_custom_js":"","_kad_blocks_footer_custom_js":"","_kad_post_transparent":"","_kad_post_title":"","_kad_post_layout":"","_kad_post_sidebar_id":"","_kad_post_content_style":"","_kad_post_vertical_padding":"","_kad_post_feature":"","_kad_post_feature_position":"","_kad_post_header":false,"_kad_post_footer":false,"footnotes":"","_links_to":"","_links_to_target":""},"class_list":["post-11835","page","type-page","status-publish","hentry"],"acf":[],"featured_image_src_large":false,"author_info":{"display_name":"","author_link":"https:\/\/gbta.org\/pt\/author\/"},"comment_info":"","taxonomy_info":[],"featured_image_src":null,"featured_image_src_square":null,"mfb_rest_fields":["featured_image_src_large","author_info","comment_info","taxonomy_info","featured_image_src","featured_image_src_square"],"_links":{"self":[{"href":"https:\/\/gbta.org\/pt\/wp-json\/wp\/v2\/pages\/11835","targetHints":{"allow":["GET"]}}],"collection":[{"href":"https:\/\/gbta.org\/pt\/wp-json\/wp\/v2\/pages"}],"about":[{"href":"https:\/\/gbta.org\/pt\/wp-json\/wp\/v2\/types\/page"}],"author":[{"embeddable":true,"href":"https:\/\/gbta.org\/pt\/wp-json\/wp\/v2\/users\/14"}],"replies":[{"embeddable":true,"href":"https:\/\/gbta.org\/pt\/wp-json\/wp\/v2\/comments?post=11835"}],"version-history":[{"count":5,"href":"https:\/\/gbta.org\/pt\/wp-json\/wp\/v2\/pages\/11835\/revisions"}],"predecessor-version":[{"id":31916,"href":"https:\/\/gbta.org\/pt\/wp-json\/wp\/v2\/pages\/11835\/revisions\/31916"}],"up":[{"embeddable":true,"href":"https:\/\/gbta.org\/pt\/wp-json\/wp\/v2\/pages\/10326"}],"wp:attachment":[{"href":"https:\/\/gbta.org\/pt\/wp-json\/wp\/v2\/media?parent=11835"}],"curies":[{"name":"wp","href":"https:\/\/api.w.org\/{rel}","templated":true}]}}