{"id":13805,"date":"2023-12-11T10:57:26","date_gmt":"2023-12-11T15:57:26","guid":{"rendered":"https:\/\/gbta.org\/?page_id=13805"},"modified":"2024-08-21T02:56:43","modified_gmt":"2024-08-21T06:56:43","slug":"gbta-canada-business-travel-forums-2023","status":"publish","type":"page","link":"https:\/\/gbta.org\/pt\/regions\/north-america\/canada\/gbta-canada-business-travel-forums-2023\/","title":{"rendered":"F\u00f3runs de viagens de neg\u00f3cios da GBTA Canad\u00e1 2023"},"content":{"rendered":"<style>.kadence-column13805_3809e0-29 > .kt-inside-inner-col{padding-top:var(--global-kb-spacing-sm, 1.5rem);padding-bottom:var(--global-kb-spacing-sm, 1.5rem);}.kadence-column13805_3809e0-29 > .kt-inside-inner-col,.kadence-column13805_3809e0-29 > .kt-inside-inner-col:before{border-top-left-radius:0px;border-top-right-radius:0px;border-bottom-right-radius:0px;border-bottom-left-radius:0px;}.kadence-column13805_3809e0-29 > .kt-inside-inner-col{column-gap:var(--global-kb-gap-sm, 1rem);}.kadence-column13805_3809e0-29 > .kt-inside-inner-col{flex-direction:column;}.kadence-column13805_3809e0-29 > .kt-inside-inner-col > .aligncenter{width:100%;}.kadence-column13805_3809e0-29 > .kt-inside-inner-col:before{opacity:0.3;}.kadence-column13805_3809e0-29{position:relative;}@media all and (max-width: 1024px){.kadence-column13805_3809e0-29 > .kt-inside-inner-col{flex-direction:column;}}@media all and (max-width: 767px){.kadence-column13805_3809e0-29 > .kt-inside-inner-col{flex-direction:column;}}<\/style>\n<div class=\"wp-block-kadence-column kadence-column13805_3809e0-29\"><div class=\"kt-inside-inner-col\">\n<p>A GBTA Canada tem o prazer de fornecer aos participantes acesso aos slides e v\u00eddeos apresentados nos F\u00f3runs de Viagens de Neg\u00f3cios da GBTA Canada 2023 | Calgary e Toronto. Este evento t\u00e3o aguardado proporcionou aos participantes informa\u00e7\u00f5es valiosas, oportunidades excepcionais de networking e a oportunidade de se aprofundar nas \u00faltimas tend\u00eancias e desafios do setor de viagens de neg\u00f3cios. Obrigado a todos aqueles que se juntaram a n\u00f3s pessoalmente.<\/p>\n\n\n\n<p>Os participantes do f\u00f3rum podem acessar os slides e v\u00eddeos apresentados nos eventos clicando abaixo. Os slides estar\u00e3o dispon\u00edveis para download at\u00e9 31 de janeiro de 2024. O acesso aos slides e v\u00eddeos estar\u00e1 dispon\u00edvel apenas para membros no GBTA Hub ap\u00f3s esta data.<\/p>\n\n\n<style>.wp-block-kadence-advancedbtn.kb-btns13805_f6290d-e6{gap:var(--global-kb-gap-xs, 0.5rem );justify-content:flex-start;align-items:center;}.kt-btns13805_f6290d-e6 .kt-button{font-weight:normal;font-style:normal;}.kt-btns13805_f6290d-e6 .kt-btn-wrap-0{margin-right:5px;}.wp-block-kadence-advancedbtn.kt-btns13805_f6290d-e6 .kt-btn-wrap-0 .kt-button{color:#555555;border-color:#555555;}.wp-block-kadence-advancedbtn.kt-btns13805_f6290d-e6 .kt-btn-wrap-0 .kt-button:hover, .wp-block-kadence-advancedbtn.kt-btns13805_f6290d-e6 .kt-btn-wrap-0 .kt-button:focus{color:#ffffff;border-color:#444444;}.wp-block-kadence-advancedbtn.kt-btns13805_f6290d-e6 .kt-btn-wrap-0 .kt-button::before{display:none;}.wp-block-kadence-advancedbtn.kt-btns13805_f6290d-e6 .kt-btn-wrap-0 .kt-button:hover, .wp-block-kadence-advancedbtn.kt-btns13805_f6290d-e6 .kt-btn-wrap-0 .kt-button:focus{background:#444444;}<\/style>\n<div class=\"wp-block-kadence-advancedbtn kb-buttons-wrap kb-btns13805_f6290d-e6\"><style>ul.menu .wp-block-kadence-advancedbtn .kb-btn13805_28a8b2-9c.kb-button{width:initial;}@media all and (max-width: 1024px){.kb-btn13805_28a8b2-9c.kb-button .kb-svg-icon-wrap{display:block;}}<\/style><a class=\"kb-button kt-button button kb-btn13805_28a8b2-9c kt-btn-size-standard kt-btn-width-type-auto kb-btn-global-inherit kt-btn-has-text-true kt-btn-has-svg-false wp-block-button__link wp-block-kadence-singlebtn\" href=\"\/wp-content\/uploads\/canada-business-travel-forum-master-deck.pdf\" target=\"_blank\" rel=\"noreferrer noopener\"><span class=\"kt-btn-inner-text\">Ver apresenta\u00e7\u00e3o<\/span><\/a><\/div>\n<\/div><\/div>","protected":false},"excerpt":{"rendered":"<p>A GBTA Canada tem o prazer de fornecer aos participantes acesso aos slides e v\u00eddeos apresentados nos F\u00f3runs de Viagens de Neg\u00f3cios da GBTA Canada 2023 | Calgary e Toronto. Este evento t\u00e3o esperado\u2026<\/p>","protected":false},"author":14,"featured_media":0,"parent":100,"menu_order":0,"comment_status":"closed","ping_status":"closed","template":"","meta":{"_acf_changed":false,"_seopress_robots_primary_cat":"","_seopress_titles_title":"","_seopress_titles_desc":"","_seopress_robots_index":"yes","om_disable_all_campaigns":false,"_relevanssi_hide_post":"","_relevanssi_hide_content":"","_relevanssi_pin_for_all":"","_relevanssi_pin_keywords":"","_relevanssi_unpin_keywords":"","_relevanssi_related_keywords":"","_relevanssi_related_include_ids":"","_relevanssi_related_exclude_ids":"","_relevanssi_related_no_append":"","_relevanssi_related_not_related":"","_relevanssi_related_posts":"1,415,662,664,666,667","_relevanssi_noindex_reason":"","_kad_blocks_custom_css":"","_kad_blocks_head_custom_js":"","_kad_blocks_body_custom_js":"","_kad_blocks_footer_custom_js":"","_kad_post_transparent":"","_kad_post_title":"","_kad_post_layout":"","_kad_post_sidebar_id":"","_kad_post_content_style":"","_kad_post_vertical_padding":"","_kad_post_feature":"","_kad_post_feature_position":"","_kad_post_header":false,"_kad_post_footer":false,"footnotes":"","_links_to":"","_links_to_target":""},"class_list":["post-13805","page","type-page","status-publish","hentry"],"acf":[],"featured_image_src_large":false,"author_info":{"display_name":"","author_link":"https:\/\/gbta.org\/pt\/author\/"},"comment_info":"","taxonomy_info":[],"mfb_rest_fields":["featured_image_src_large","author_info","comment_info","taxonomy_info"],"_links":{"self":[{"href":"https:\/\/gbta.org\/pt\/wp-json\/wp\/v2\/pages\/13805","targetHints":{"allow":["GET"]}}],"collection":[{"href":"https:\/\/gbta.org\/pt\/wp-json\/wp\/v2\/pages"}],"about":[{"href":"https:\/\/gbta.org\/pt\/wp-json\/wp\/v2\/types\/page"}],"author":[{"embeddable":true,"href":"https:\/\/gbta.org\/pt\/wp-json\/wp\/v2\/users\/14"}],"replies":[{"embeddable":true,"href":"https:\/\/gbta.org\/pt\/wp-json\/wp\/v2\/comments?post=13805"}],"version-history":[{"count":0,"href":"https:\/\/gbta.org\/pt\/wp-json\/wp\/v2\/pages\/13805\/revisions"}],"up":[{"embeddable":true,"href":"https:\/\/gbta.org\/pt\/wp-json\/wp\/v2\/pages\/100"}],"wp:attachment":[{"href":"https:\/\/gbta.org\/pt\/wp-json\/wp\/v2\/media?parent=13805"}],"curies":[{"name":"wp","href":"https:\/\/api.w.org\/{rel}","templated":true}]}}