{"id":290,"date":"2022-06-30T14:46:12","date_gmt":"2022-06-30T18:46:12","guid":{"rendered":"https:\/\/gbta.org\/?page_id=290"},"modified":"2026-04-27T17:54:56","modified_gmt":"2026-04-27T21:54:56","slug":"privacy-cookie-policy-old","status":"publish","type":"page","link":"https:\/\/gbta.org\/pt\/privacy-cookie-policy-old\/","title":{"rendered":"Pol\u00edtica de Privacidade e Cookies"},"content":{"rendered":"<h2 class=\"wp-block-heading\" id=\"global-business-travel-association\">ASSOCIA\u00c7\u00c3O GLOBAL DE VIAGENS DE NEG\u00d3CIOS<\/h2>\n\n\n<p>O OBJETIVO DESTA POL\u00cdTICA DE PRIVACIDADE ONLINE \u00c9 INFORM\u00c1-LO SOBRE AS INFORMA\u00c7\u00d5ES QUE A GBTA (A\/K\/A ASSOCIA\u00c7\u00c3O NACIONAL DE VIAGENS DE NEG\u00d3CIOS, DOING BUSINESS COMO A ASSOCIA\u00c7\u00c3O DE VIAGEM DE NEG\u00d3CIOS GLOBAL), E SUAS AFILIADAS (COLETIVAMENTE, &quot;ENTIDADES GBTA&quot;, &quot; N\u00d3S\u201d OU \u201cNOS\u201d) COLETAMOS NESTE SITE, E COMO USAMOS, COMPARTILHAMOS E PROTEGEMOS AS INFORMA\u00c7\u00d5ES COLETADAS. AO USAR ESTE SITE, VOC\u00ca CONCORDA COM ESTA POL\u00cdTICA DE PRIVACIDADE. SE VOC\u00ca N\u00c3O CONCORDA COM ESTA POL\u00cdTICA DE PRIVACIDADE, N\u00c3O USE ESTE SITE.<\/p>\n\n\n<h2 class=\"wp-block-heading\" id=\"the-information-we-collect\">AS INFORMA\u00c7\u00d5ES QUE COLETAMOS<\/h2>\n\n<h3 class=\"wp-block-heading\" id=\"non-personal-information\"><br>INFORMA\u00c7\u00d5ES N\u00c3O PESSOAIS<\/h3>\n\n\n<p><span style=\"text-decoration: underline\">Para melhorias t\u00e9cnicas:<\/span> Em geral, cada vez que um visitante usa este site, o servidor da empresa de hospedagem do site coleta automaticamente informa\u00e7\u00f5es t\u00e9cnicas b\u00e1sicas, como o endere\u00e7o IP do visitante, tipo de navegador e sistema operacional, dom\u00ednio de refer\u00eancia, dados de fluxo de cliques (por exemplo, p\u00e1ginas visualizadas e tempo gasto ) e tempos de acesso. Para fins desta Pol\u00edtica de Privacidade, chamamos esse tipo de informa\u00e7\u00e3o, que n\u00e3o nos permite contat\u00e1-lo diretamente online ou offline, de Informa\u00e7\u00f5es N\u00e3o Pessoais. Usamos essas informa\u00e7\u00f5es para entender e analisar tend\u00eancias, administrar o site, aprender sobre o comportamento do usu\u00e1rio no site e coletar informa\u00e7\u00f5es demogr\u00e1ficas sobre nossos usu\u00e1rios como um todo.&nbsp;<\/p>\n\n\n\n<p><span style=\"text-decoration: underline\">Para melhorias de usu\u00e1rios e membros:<\/span> Tamb\u00e9m recebemos informa\u00e7\u00f5es sobre voc\u00ea quando voc\u00ea interage e usa determinados recursos em nossos sites e aplicativos. Por exemplo, quando voc\u00ea participa do GBTA Hub, sabemos quando voc\u00ea clica em an\u00fancios, faz upload de contatos, baixa relat\u00f3rios, assiste a webinars, participa de grupos, participa de enquetes ou pesquisas e compartilha artigos e informa\u00e7\u00f5es atrav\u00e9s do site. Al\u00e9m disso, podemos coletar Informa\u00e7\u00f5es N\u00e3o Pessoais fornecidas voluntariamente por voc\u00ea, como nome da empresa, ocupa\u00e7\u00e3o e idioma, para que possamos atend\u00ea-lo melhor e aprimorar nossos servi\u00e7os. Podemos combinar Informa\u00e7\u00f5es N\u00e3o Pessoais com Informa\u00e7\u00f5es Pessoais, caso em que as informa\u00e7\u00f5es combinadas ser\u00e3o tratadas como Informa\u00e7\u00f5es Pessoais enquanto permanecerem combinadas.&nbsp;<\/p>\n\n\n\n<p><span style=\"text-decoration: underline\">Para anunciantes:<\/span> Podemos permitir que terceiros anunciem seus produtos e servi\u00e7os em nosso site e nos aplicativos GBTA, e anunciantes e redes de publicidade de terceiros tamb\u00e9m podem coletar certas informa\u00e7\u00f5es sobre voc\u00ea, conforme descrito abaixo.<\/p>\n\n\n<h3 class=\"wp-block-heading\" id=\"personal-information\">INFORMA\u00c7\u00c3O PESSOAL<\/h3>\n\n\n<p><span style=\"text-decoration: underline\">Informa\u00e7\u00e3o demogr\u00e1fica:<\/span> Podemos coletar Informa\u00e7\u00f5es Pessoais fornecidas voluntariamente por voc\u00ea, como seu nome, sobrenome, endere\u00e7o de correspond\u00eancia, endere\u00e7o de e-mail, n\u00famero de telefone, n\u00famero de fax, data de nascimento, informa\u00e7\u00f5es de cart\u00e3o de cr\u00e9dito, alergias alimentares, condi\u00e7\u00f5es de sa\u00fade, nome de usu\u00e1rio e \/ou senha, em conex\u00e3o com o uso deste site e outros aplicativos GBTA e seus respectivos recursos. As informa\u00e7\u00f5es solicitadas dependem do recurso oferecido e do aplicativo utilizado.&nbsp;<\/p>\n\n\n\n<p><span style=\"text-decoration: underline\">Intera\u00e7\u00e3o volunt\u00e1ria de usu\u00e1rios e membros:<\/span> Certos recursos em nossos sites e aplicativos, como GBTA Hub, permitem que voc\u00ea se comunique e se conecte com outros usu\u00e1rios, membros e apoiadores. Quaisquer Informa\u00e7\u00f5es Pessoais que voc\u00ea optar por fornecer em \u00e1reas da comunidade podem ser lidas, coletadas ou usadas por outros usu\u00e1rios e terceiros, e podem ser usadas para enviar comunica\u00e7\u00f5es a voc\u00ea, incluindo ofertas de produtos ou servi\u00e7os. N\u00e3o somos respons\u00e1veis pelas informa\u00e7\u00f5es que voc\u00ea optar por enviar. Sua participa\u00e7\u00e3o nesses recursos e seu compartilhamento de suas Informa\u00e7\u00f5es Pessoais e outras informa\u00e7\u00f5es de perfil conosco e outros usu\u00e1rios constitui sua concord\u00e2ncia com tal compartilhamento.<\/p>\n\n\n<h3 class=\"wp-block-heading\" id=\"where-we-store-the-information-we-collect\">ONDE ARMAZENAMOS AS INFORMA\u00c7\u00d5ES QUE COLETAMOS<\/h3>\n\n\n<p>Observe que o(s) servidor(es) que disponibiliza(m) este site e outros aplicativos podem estar localizados fora dos Estados Unidos, mas quando voc\u00ea visita este site, qualquer informa\u00e7\u00e3o que voc\u00ea fornecer ser\u00e1 transferida e armazenada em nosso(s) servidor(es). ) nos Estados Unidos. Ao visitar este site, voc\u00ea concorda com a coleta, processamento, transfer\u00eancia e armazenamento de tais dados nos Estados Unidos.<\/p>\n\n\n\n<p>Seu uso deste site e de outros aplicativos GBTA tamb\u00e9m est\u00e1 sujeito e esta Pol\u00edtica de Privacidade \u00e9 incorporada ao site&nbsp;<a href=\"https:\/\/gbta.org\/pt\/terms-of-use\/\" data-type=\"link\" data-id=\"https:\/\/gbta.org\/terms-of-use\/\" target=\"_blank\" rel=\"noreferrer noopener\">Termos de uso<\/a>.<\/p>\n\n\n<h3 class=\"wp-block-heading\" id=\"how-we-use-and-share-the-information-we-collect\">COMO USAMOS E COMPARTILHAMOS AS INFORMA\u00c7\u00d5ES QUE COLETAMOS<\/h3>\n\n\n<p><span style=\"text-decoration: underline\">Para fornecer servi\u00e7os a usu\u00e1rios e membros:<\/span> A GBTA reserva-se o direito de usar Informa\u00e7\u00f5es Pessoais e N\u00e3o Pessoais, individualmente ou combinadas, para: facilitar o uso deste site e dos recursos deste site; comunicar com voc\u00ea, responder \u00e0s suas perguntas e processar suas solicita\u00e7\u00f5es; aprimorar e melhorar nossos esfor\u00e7os promocionais e de marketing, conte\u00fado do site, experi\u00eancia do usu\u00e1rio e produtos e servi\u00e7os; entender melhor seus interesses e prefer\u00eancias; e fornecer-lhe informa\u00e7\u00f5es relevantes. Podemos aprimorar ou mesclar Informa\u00e7\u00f5es Pessoais e N\u00e3o Pessoais que voc\u00ea fornece com dados obtidos de terceiros.<\/p>\n\n\n\n<p><span style=\"text-decoration: underline\">Para fornecer outros servi\u00e7os:<\/span> As Entidades GBTA tamb\u00e9m podem compartilhar suas Informa\u00e7\u00f5es Pessoais entre si e com prestadores de servi\u00e7os e atendimento selecionados e outros agentes para: atender \u00e0s suas solicita\u00e7\u00f5es e pedidos; realizar an\u00e1lises; realizar pesquisas ou levantamentos; fornecer informa\u00e7\u00f5es e atualiza\u00e7\u00f5es; e manter, melhorar e entregar este site e conte\u00fado, nossos servi\u00e7os e publicidade.&nbsp;<\/p>\n\n\n\n<p><span style=\"text-decoration: underline\">Para promover servi\u00e7os:<\/span> Usamos a tecnologia para identificar membros e usu\u00e1rios em potencial e comercializar produtos e servi\u00e7os GBTA para eles. Al\u00e9m disso, concedemos acesso a listas contendo suas informa\u00e7\u00f5es de contato de ou para Entidades N\u00e3o-GBTA para comercializar seus produtos e servi\u00e7os para voc\u00ea.&nbsp;<\/p>\n\n\n\n<p><span style=\"text-decoration: underline\">Para fomentar o networking da ind\u00fastria:<\/span> Our industry thrives and grows due to networking opportunities we provide to members and supporters, and other users. Accordingly, we share your contact details with other members and supporters to help our industry grow. Information provided by members of GBTA Entities may be made available to other members and supporters through the member directory, GBTA event applications, or attendee lists at our conferences and events. Where we do offer you choices about managing you contact information, or receiving marketing messages from GBTA or Non-GBTA Entities, we will honor them. This website and other applications deployed by GBTA, such as GBTA Community+, event badge scanners, mobile applications, and exhibit appointment tools, may provide interactive features where you can connect with other users. If you choose to share Personal Information with other users or otherwise make your information publicly available, we will use the information you provide to facilitate such sharing, administer your account, customize the services provided, and send you communications and notices related to the services. Some of these features may provide you with the means to control whether or not certain information about you is viewable to other users and to control what communications and notices you receive from us.<\/p>\n\n\n\n<p><span style=\"text-decoration: underline\">Outras inst\u00e2ncias em que o compartilhamento de informa\u00e7\u00f5es pode ser apropriado:<\/span>&nbsp; N\u00e3o compartilharemos suas Informa\u00e7\u00f5es Pessoais sem o seu consentimento, exceto (i) para proteger o site, a propriedade intelectual, os usu\u00e1rios ou os direitos de terceiros, (ii) para investigar viola\u00e7\u00f5es de nossos Termos e Condi\u00e7\u00f5es, (iii) conforme exigido por lei ou em resposta a uma ordem judicial ou solicita\u00e7\u00e3o legal, ou (iv) em conex\u00e3o com uma fus\u00e3o, aquisi\u00e7\u00e3o ou transfer\u00eancia de ativos.<\/p>\n\n\n<h3 class=\"wp-block-heading\" id=\"information-security\">SEGURAN\u00c7A DA INFORMA\u00c7\u00c3O<\/h3>\n\n\n<p><span style=\"text-decoration: underline\">Usamos criptografia de dados:<\/span> N\u00f3s nos esfor\u00e7amos para empregar medidas de seguran\u00e7a razo\u00e1veis para proteger as Informa\u00e7\u00f5es Pessoais contra perda, altera\u00e7\u00e3o e divulga\u00e7\u00e3o ou uso n\u00e3o autorizado. As informa\u00e7\u00f5es do cart\u00e3o de cr\u00e9dito s\u00e3o criptografadas durante a transmiss\u00e3o para o nosso site usando a tecnologia Secure Socket Layer (SSL), e aderimos ao padr\u00e3o PCI (Payment Card Industry) para lidar com as informa\u00e7\u00f5es do cart\u00e3o de cr\u00e9dito.&nbsp;<\/p>\n\n\n\n<p><span style=\"text-decoration: underline\">A seguran\u00e7a da Internet n\u00e3o \u00e9 \u00e0 prova de falhas:<\/span> Os usu\u00e1rios s\u00e3o avisados, no entanto, que a Internet n\u00e3o \u00e9 um meio seguro 100% e n\u00e3o garantimos que nossas medidas de seguran\u00e7a e privacidade sejam \u00e0 prova de falhas. Voc\u00ea \u00e9 respons\u00e1vel por manter o sigilo de sua senha e informa\u00e7\u00f5es de conta.&nbsp;<\/p>\n\n\n\n<p><span style=\"text-decoration: underline\">Compartilhamento volunt\u00e1rio de informa\u00e7\u00f5es:<\/span> Al\u00e9m disso, quando voc\u00ea usa determinados servi\u00e7os ou aplicativos, ou publica em um f\u00f3rum, sala de bate-papo ou servi\u00e7o de rede social neste site ou em outros sites e aplicativos GBTA, as Informa\u00e7\u00f5es Pessoais que voc\u00ea compartilha podem ser vis\u00edveis para outros usu\u00e1rios e podem ser lidas, recolhidos ou utilizados por eles. N\u00e3o somos respons\u00e1veis por quaisquer Informa\u00e7\u00f5es Pessoais que voc\u00ea decida enviar.<\/p>\n\n\n<h3 class=\"wp-block-heading\" id=\"information-accuracy-retention-and-access\">PRECIS\u00c3O, RETEN\u00c7\u00c3O E ACESSO DE INFORMA\u00c7\u00d5ES<\/h3>\n\n\n<p><span style=\"text-decoration: underline\">Reten\u00e7\u00e3o e minimiza\u00e7\u00e3o de informa\u00e7\u00f5es:<\/span> Reteremos suas Informa\u00e7\u00f5es Pessoais pelo per\u00edodo necess\u00e1rio para cumprir os prop\u00f3sitos descritos nesta Pol\u00edtica de Privacidade e consistentes com as obriga\u00e7\u00f5es estabelecidas nos servi\u00e7os prestados, a menos que um per\u00edodo de reten\u00e7\u00e3o mais longo seja exigido ou permitido por lei. Coletaremos apenas Informa\u00e7\u00f5es Pessoais necess\u00e1rias para executar servi\u00e7os solicitados por usu\u00e1rios, membros, apoiadores e poss\u00edveis membros e apoiadores.<\/p>\n\n\n\n<p><span style=\"text-decoration: underline\">Precis\u00e3o das informa\u00e7\u00f5es:<\/span> Voc\u00ea \u00e9 respons\u00e1vel por manter a precis\u00e3o das informa\u00e7\u00f5es fornecidas e por corrigir e atualizar suas informa\u00e7\u00f5es.&nbsp;<\/p>\n\n\n\n<p><span style=\"text-decoration: underline\">Solicita\u00e7\u00f5es de Informa\u00e7\u00f5es Pessoais:<\/span> Sujeito \u00e0 lei aplic\u00e1vel, voc\u00ea pode ter o direito a qualquer momento de solicitar acesso e receber informa\u00e7\u00f5es sobre as Informa\u00e7\u00f5es Pessoais que mantemos sobre voc\u00ea, atualizar e corrigir imprecis\u00f5es e bloquear ou excluir suas Informa\u00e7\u00f5es Pessoais, se apropriado. As solicita\u00e7\u00f5es de acesso, corre\u00e7\u00e3o ou exclus\u00e3o podem ser feitas da seguinte forma:<\/p>\n\n\n\n<ul class=\"wp-block-list\">\n<li>Para atualizar seu registro de membro e conta com GBTA, visite o&nbsp;<a href=\"https:\/\/gbta.org\/pt\/my-account\/\" data-type=\"link\" data-id=\"https:\/\/gbta.org\/my-account\/\" target=\"_blank\" rel=\"noreferrer noopener\">Painel da conta GBTA<\/a>. (Senha requerida)<\/li>\n\n\n\n<li>Para solicitar a remo\u00e7\u00e3o das comunica\u00e7\u00f5es por e-mail do GBTA, visite o&nbsp;<a href=\"http:\/\/www3.gbta.org\/l\/5572\/2018-05-15\/5q83kh\">P\u00e1gina de cancelamento de assinatura do GBTA<\/a>.<\/li>\n\n\n\n<li>Para solicitar que suas informa\u00e7\u00f5es com GBTA sejam exclu\u00eddas ou devolvidas a voc\u00ea, visite o&nbsp;<a href=\"https:\/\/form.jotform.com\/81234455084152\">Solicita\u00e7\u00e3o de perfil de conta GBTA<\/a>&nbsp;p\u00e1gina.<\/li>\n<\/ul>\n\n\n\n<p>Podemos nos recusar a processar solicita\u00e7\u00f5es que n\u00e3o sejam razo\u00e1veis, impratic\u00e1veis ou para as quais o acesso n\u00e3o seja exigido de outra forma, pela lei aplic\u00e1vel. Consultas relacionadas \u00e0s leis de privacidade do GDPR n\u00e3o abordadas acima podem ser direcionadas para&nbsp;<a href=\"mailto:gdpr@gbta.org\">gdpr@gbta.org<\/a>. Se for cidad\u00e3o da UE e n\u00e3o estiver satisfeito com a resposta ao seu pedido, pode&nbsp;<a href=\"https:\/\/edps.europa.eu\/data-protection\/our-role-supervisor\/complaints_en\">apresentar uma reclama\u00e7\u00e3o<\/a>&nbsp;com a Autoridade Europeia para a Prote\u00e7\u00e3o de Dados.<\/p>\n\n\n<h3 class=\"wp-block-heading\" id=\"cookies-and-other-technologies\">COOKIES E OUTRAS TECNOLOGIAS<\/h3>\n\n\n<p><span style=\"text-decoration: underline\">Implementamos o uso de Cookies para melhorar nossos servi\u00e7os:<\/span> Algumas das p\u00e1ginas deste site usam \u201ccookies\u201d, que s\u00e3o identificadores que um site coloca no disco r\u00edgido de seu computador para facilitar a intera\u00e7\u00e3o entre seu computador e o site. Diferentes tipos de cookies, como cookies de sess\u00e3o, persistentes ou flash, podem ser usados para diferentes fun\u00e7\u00f5es. As Entidades GBTA e nossos provedores de servi\u00e7os terceirizados (incluindo provedores de servi\u00e7os de an\u00e1lise e publicidade) podem colocar cookies em seu disco r\u00edgido ou usar outras tecnologias, como tags e GIFS transparentes, \u00e0s vezes chamados de web beacons, em p\u00e1ginas da web e e-mails para facilitar navega\u00e7\u00e3o no site, personalizar sua experi\u00eancia, lembrar de suas informa\u00e7\u00f5es ao usar nosso site e servi\u00e7os, oferecer produtos e servi\u00e7os relevantes, veicular an\u00fancios para Entidades GBTA e produtos e servi\u00e7os de terceiros e rastrear usu\u00e1rios em outros sites. As informa\u00e7\u00f5es coletadas por meio de cookies e outras tecnologias podem incluir seu endere\u00e7o IP, atividade de navega\u00e7\u00e3o (por exemplo, p\u00e1ginas visualizadas), refer\u00eancias de mecanismos de pesquisa e respostas a an\u00fancios e promo\u00e7\u00f5es neste site e nos sites em que anunciamos.<\/p>\n\n\n\n<p><span style=\"text-decoration: underline\">Voc\u00ea pode remover ou bloquear cookies GBTA:<\/span> A maioria dos navegadores da web permite que voc\u00ea defina prefer\u00eancias sobre os cookies que deseja aceitar. Consulte as configura\u00e7\u00f5es do seu pr\u00f3prio navegador e siga as instru\u00e7\u00f5es para controlar os cookies no seu dispositivo. Se voc\u00ea desativar ou recusar cookies, observe que algumas partes deste site podem ficar inacess\u00edveis ou n\u00e3o funcionar corretamente. Observe, no entanto, que os cookies flash n\u00e3o podem ser controlados pelas configura\u00e7\u00f5es do seu navegador da mesma forma que outros cookies podem.&nbsp;<\/p>\n\n\n<h3 class=\"wp-block-heading\" id=\"online-behavioral-advertising\">PUBLICIDADE COMPORTAMENTAL ON-LINE<\/h3>\n\n\n<p><span style=\"text-decoration: underline\">Nossos anunciantes podem implantar tecnologias de rastreamento de an\u00fancios:<\/span> Conforme explicado acima, nossos provedores de servi\u00e7os terceirizados podem usar cookies, tags e outras tecnologias para coletar e usar informa\u00e7\u00f5es sobre suas visitas ao nosso site e outros sites para fins de veicula\u00e7\u00e3o de an\u00fancios que possam ser de seu interesse, incluindo an\u00fancios para nossos produtos ou servi\u00e7os. As informa\u00e7\u00f5es compartilhadas n\u00e3o incluem seus detalhes de contato pessoais.<\/p>\n\n\n\n<p><span style=\"text-decoration: underline\">Voc\u00ea pode controlar a entrega de an\u00fancios:<\/span> Voc\u00ea tamb\u00e9m pode gerenciar suas escolhas sobre o recebimento de an\u00fancios de terceiros participantes e saber mais sobre cookies de an\u00fancios visitando o&nbsp;<a href=\"http:\/\/www.networkadvertising.org\/managing\/opt_out.asp\">Iniciativa de publicidade em rede<\/a>&nbsp;(NAI) site. Observe, no entanto, que nem todos os provedores de servi\u00e7os participam do NAI. Al\u00e9m disso, se voc\u00ea optar por n\u00e3o participar, ainda poder\u00e1 receber publicidade on-line nossa, mas os an\u00fancios que receber podem ser menos relevantes para voc\u00ea. Se voc\u00ea excluir ou bloquear cookies, comprar um novo computador, acessar os sites de um computador diferente, fazer login com um nome de tela diferente ou alterar o navegador da Web, ser\u00e1 necess\u00e1rio desativar novamente.<\/p>\n\n\n\n<p><span style=\"text-decoration: underline\">Redes de an\u00fancios externas n\u00e3o relacionadas ao GBTA:<\/span> Em alguns casos, n\u00f3s e os anunciantes neste site e em outros sites podemos trabalhar com outros fornecedores terceirizados para ajudar a fornecer an\u00fancios adaptados aos seus interesses. Esses fornecedores incluem redes de an\u00fancios e provedores de segmentos de p\u00fablico-alvo e colocam cookies em seu navegador para coletar informa\u00e7\u00f5es sobre sua atividade online (por exemplo, os sites e p\u00e1ginas que voc\u00ea visitou) para ajudar os anunciantes a exibir an\u00fancios espec\u00edficos em nosso site e outros sites que eles acreditam que voc\u00ea acharia mais relevante.&nbsp;<a href=\"http:\/\/www.aboutads.info\/\">Voc\u00ea pode desativar o uso de cookies desses fornecedores para personalizar a publicidade<\/a>.<\/p>\n\n\n\n<p>Nossos anunciantes podem contratar um servi\u00e7o de terceiros para hospedar seus an\u00fancios; nesse caso, um fornecedor de veicula\u00e7\u00e3o de an\u00fancios contata o servi\u00e7o de hospedagem dos anunciantes para um an\u00fancio espec\u00edfico. Um cookie independente pode ser usado pelo servi\u00e7o de terceiros, mas n\u00e3o temos um mecanismo para permitir que os visitantes desativem cookies de fornecedores com os quais n\u00e3o temos uma rela\u00e7\u00e3o contratual.<\/p>\n\n\n<h3 class=\"wp-block-heading\" id=\"changes-to-privacy-policy\">Altera\u00e7\u00f5es na Pol\u00edtica de Privacidade<\/h3>\n\n\n<p>Reservamo-nos o direito de alterar esta Pol\u00edtica de Privacidade a qualquer momento sem aviso pr\u00e9vio; desde que, no entanto, n\u00e3o alteremos retroativamente a forma como compartilhamos suas Informa\u00e7\u00f5es Pessoais, conforme definido nesta pol\u00edtica, sem o seu consentimento. Por favor, verifique periodicamente quaisquer altera\u00e7\u00f5es que possamos fazer a esta pol\u00edtica de privacidade, pois o uso cont\u00ednuo deste site ap\u00f3s a publica\u00e7\u00e3o de quaisquer altera\u00e7\u00f5es significa que voc\u00ea aceita essas altera\u00e7\u00f5es.<\/p>\n\n\n<h3 class=\"wp-block-heading\" id=\"california-privacy-rights\">Direitos de privacidade da Calif\u00f3rnia<\/h3>\n\n\n<p>Os residentes da Calif\u00f3rnia que fornecem Informa\u00e7\u00f5es Pessoais t\u00eam o direito de solicitar e obter de n\u00f3s, uma vez por ano civil, informa\u00e7\u00f5es sobre as informa\u00e7\u00f5es do cliente que compartilhamos, se houver, com terceiros n\u00e3o afiliados para fins de marketing direto, incluindo as categorias de informa\u00e7\u00f5es e nomes e endere\u00e7os de terceiros partes com quem compartilhamos as informa\u00e7\u00f5es para fins de marketing.<\/p>\n\n\n\n<p>Para obter informa\u00e7\u00f5es sobre este compartilhamento ou optar por n\u00e3o compartilhamento futuro, entre em contato conosco por e-mail em:&nbsp;<a href=\"mailto:MemberCare@gbta.org\">MemberCare@gbta.org<\/a>&nbsp;ou por correio para: 107 S West Street Suite 762 Alexandria, VA 22314. Voc\u00ea deve fornecer um endere\u00e7o atual na Calif\u00f3rnia para nossa resposta. A linha de assunto do e-mail ou envelope de correspond\u00eancia e o conte\u00fado de sua solicita\u00e7\u00e3o devem incluir a frase \u201cSeus direitos de privacidade na Calif\u00f3rnia\u201d e incluir seu nome, endere\u00e7o de e-mail (se desejar receber uma resposta por e-mail) ou rua endere\u00e7o, cidade, estado, CEP (se desejar receber resposta por correio). N\u00e3o ser\u00e3o aceitas solicita\u00e7\u00f5es por telefone ou fax. Sua solicita\u00e7\u00e3o ser\u00e1 processada dentro de trinta (30) dias a partir da data em que a recebermos. N\u00e3o nos responsabilizamos por avisos que n\u00e3o estejam etiquetados ou enviados adequadamente, ou que n\u00e3o contenham informa\u00e7\u00f5es completas. Observe que nem todo compartilhamento de informa\u00e7\u00f5es \u00e9 coberto pela lei da Calif\u00f3rnia. A nossa resposta incluir\u00e1 apenas informa\u00e7\u00f5es relacionadas com as nossas pr\u00e1ticas de partilha de informa\u00e7\u00f5es abrangidas pela lei.<\/p>\n\n\n<h3 class=\"wp-block-heading\" id=\"how-to-contact-us\">COMO ENTRAR EM CONTATO CONOSCO:<\/h3>\n\n\n<p>Associa\u00e7\u00e3o Global de Viagens de Neg\u00f3cios<br>Rua Oeste, 107<br>Su\u00edte 762<br>Alexandria, VA 22314<br>Telefone: <a href=\"tel:1-703-684-0836\">703-684-0836<\/a>&nbsp;<br>Fax: 703-783-8686<br>E-mail:&nbsp;<a href=\"mailto:MemberCare@gbta.org\">MemberCare@gbta.org<\/a><br><br>Para consultas espec\u00edficas do GDPR, envie um e-mail&nbsp;<a href=\"mailto:gdpr@gbta.org\">gdpr@gbta.org<\/a>.<br>Data de vig\u00eancia: 25 de maio de 2018<\/p>\n\n\n\n<p><\/p>","protected":false},"excerpt":{"rendered":"<p>GLOBAL BUSINESS TRAVEL ASSOCIATION O OBJETIVO DESTA POL\u00cdTICA DE PRIVACIDADE ONLINE \u00c9 INFORM\u00c1-LO SOBRE AS INFORMA\u00c7\u00d5ES QUE GBTA (A\/K\/A THE NATIONAL BUSINESS TRAVEL ASSOCIATION, DOING BUSINESS AS THE\u2026<\/p>","protected":false},"author":25,"featured_media":0,"parent":0,"menu_order":0,"comment_status":"closed","ping_status":"closed","template":"","meta":{"_acf_changed":false,"_seopress_robots_primary_cat":"","_seopress_titles_title":"","_seopress_titles_desc":"","_seopress_robots_index":"yes","om_disable_all_campaigns":false,"_relevanssi_hide_post":"","_relevanssi_hide_content":"","_relevanssi_pin_for_all":"","_relevanssi_pin_keywords":"","_relevanssi_unpin_keywords":"","_relevanssi_related_keywords":"","_relevanssi_related_include_ids":"","_relevanssi_related_exclude_ids":"","_relevanssi_related_no_append":"","_relevanssi_related_not_related":"","_relevanssi_related_posts":"1","_relevanssi_noindex_reason":"","_kad_blocks_custom_css":"","_kad_blocks_head_custom_js":"","_kad_blocks_body_custom_js":"","_kad_blocks_footer_custom_js":"","_kad_post_transparent":"","_kad_post_title":"","_kad_post_layout":"","_kad_post_sidebar_id":"","_kad_post_content_style":"","_kad_post_vertical_padding":"","_kad_post_feature":"","_kad_post_feature_position":"","_kad_post_header":false,"_kad_post_footer":false,"footnotes":"","_links_to":"","_links_to_target":""},"class_list":["post-290","page","type-page","status-publish","hentry"],"acf":[],"featured_image_src_large":false,"author_info":{"display_name":"jcampbell","author_link":"https:\/\/gbta.org\/pt\/author\/jcampbell\/"},"comment_info":"","taxonomy_info":[],"featured_image_src":null,"featured_image_src_square":null,"mfb_rest_fields":["featured_image_src_large","author_info","comment_info","taxonomy_info","featured_image_src","featured_image_src_square"],"_links":{"self":[{"href":"https:\/\/gbta.org\/pt\/wp-json\/wp\/v2\/pages\/290","targetHints":{"allow":["GET"]}}],"collection":[{"href":"https:\/\/gbta.org\/pt\/wp-json\/wp\/v2\/pages"}],"about":[{"href":"https:\/\/gbta.org\/pt\/wp-json\/wp\/v2\/types\/page"}],"author":[{"embeddable":true,"href":"https:\/\/gbta.org\/pt\/wp-json\/wp\/v2\/users\/25"}],"replies":[{"embeddable":true,"href":"https:\/\/gbta.org\/pt\/wp-json\/wp\/v2\/comments?post=290"}],"version-history":[{"count":3,"href":"https:\/\/gbta.org\/pt\/wp-json\/wp\/v2\/pages\/290\/revisions"}],"predecessor-version":[{"id":31722,"href":"https:\/\/gbta.org\/pt\/wp-json\/wp\/v2\/pages\/290\/revisions\/31722"}],"wp:attachment":[{"href":"https:\/\/gbta.org\/pt\/wp-json\/wp\/v2\/media?parent=290"}],"curies":[{"name":"wp","href":"https:\/\/api.w.org\/{rel}","templated":true}]}}