{"id":292,"date":"2022-06-30T14:46:44","date_gmt":"2022-06-30T18:46:44","guid":{"rendered":"https:\/\/gbta.org\/?page_id=292"},"modified":"2022-07-30T03:03:43","modified_gmt":"2022-07-30T07:03:43","slug":"refund-cancellation-policy","status":"publish","type":"page","link":"https:\/\/gbta.org\/pt\/refund-cancellation-policy\/","title":{"rendered":"Pol\u00edtica de reembolso e cancelamento"},"content":{"rendered":"<style>#kt-layout-id_41132d-8b > .kt-row-column-wrap{align-content:start;}:where(#kt-layout-id_41132d-8b > .kt-row-column-wrap) > .wp-block-kadence-column{justify-content:start;}#kt-layout-id_41132d-8b > .kt-row-column-wrap{column-gap:var(--global-kb-gap-md, 2rem);row-gap:var(--global-kb-gap-md, 2rem);max-width:var( --global-content-width, 1440px );padding-left:var(--global-content-edge-padding);padding-right:var(--global-content-edge-padding);padding-top:var( --global-kb-row-default-top, 25px );padding-bottom:var( --global-kb-row-default-bottom, 25px );padding-top:50px;padding-bottom:15px;grid-template-columns:minmax(0, 1fr);}#kt-layout-id_41132d-8b > .kt-row-layout-overlay{opacity:0.30;}@media all and (max-width: 1024px){#kt-layout-id_41132d-8b > .kt-row-column-wrap{grid-template-columns:minmax(0, 1fr);}}@media all and (max-width: 767px){#kt-layout-id_41132d-8b > .kt-row-column-wrap{grid-template-columns:minmax(0, 1fr);}}<\/style>\n<section class=\"wp-block-kadence-rowlayout alignnone\"><div id=\"kt-layout-id_41132d-8b\" class=\"kt-row-layout-inner kt-layout-id_41132d-8b\"><div class=\"kt-row-column-wrap kt-has-1-columns kt-gutter-default kt-v-gutter-default kt-row-valign-top kt-row-layout-equal kt-tab-layout-inherit kt-m-colapse-left-to-right kt-mobile-layout-row kb-theme-content-width\"><style>.kadence-column_b795ff-22 > .kt-inside-inner-col{border-top-width:0px;border-right-width:0px;border-bottom-width:0px;border-left-width:0px;}.kadence-column_b795ff-22 > .kt-inside-inner-col,.kadence-column_b795ff-22 > .kt-inside-inner-col:before{border-top-left-radius:0px;border-top-right-radius:0px;border-bottom-right-radius:0px;border-bottom-left-radius:0px;}.kadence-column_b795ff-22 > .kt-inside-inner-col{column-gap:var(--global-kb-gap-sm, 1rem);}.kadence-column_b795ff-22 > .kt-inside-inner-col{flex-direction:column;}.kadence-column_b795ff-22 > .kt-inside-inner-col > .aligncenter{width:100%;}.kadence-column_b795ff-22 > .kt-inside-inner-col:before{opacity:0.3;}.kadence-column_b795ff-22{position:relative;}@media all and (max-width: 1024px){.kadence-column_b795ff-22 > .kt-inside-inner-col{flex-direction:column;}}@media all and (max-width: 767px){.kadence-column_b795ff-22 > .kt-inside-inner-col{flex-direction:column;}}<\/style>\n<div class=\"wp-block-kadence-column inner-column-1 kadence-column_b795ff-22\"><div class=\"kt-inside-inner-col\"><style>.wp-block-kadence-advancedheading.kt-adv-heading_6387bf-0f, .wp-block-kadence-advancedheading.kt-adv-heading_6387bf-0f[data-kb-block=\"kb-adv-heading_6387bf-0f\"]{font-style:normal;}.wp-block-kadence-advancedheading.kt-adv-heading_6387bf-0f mark.kt-highlight, .wp-block-kadence-advancedheading.kt-adv-heading_6387bf-0f[data-kb-block=\"kb-adv-heading_6387bf-0f\"] mark.kt-highlight{font-style:normal;color:#f76a0c;-webkit-box-decoration-break:clone;box-decoration-break:clone;padding-top:0px;padding-right:0px;padding-bottom:0px;padding-left:0px;}<\/style>\n<h2 class=\"kt-adv-heading_6387bf-0f wp-block-kadence-advancedheading\" data-kb-block=\"kb-adv-heading_6387bf-0f\">Pol\u00edtica de reembolso\/cancelamento de associa\u00e7\u00e3o GBTA<\/h2>\n\n\n\n<p>A Global Business Travel Association (GBTA) reserva-se o direito de recusar\/cancelar uma ades\u00e3o ao GBTA.<\/p>\n\n\n\n<p>Se o GBTA recusar uma associa\u00e7\u00e3o nova ou renovada, os inscritos receber\u00e3o um reembolso.<\/p>\n<\/div><\/div>\n<\/div><\/div><\/section>\n\n\n<style>#kt-layout-id_a60873-aa > .kt-row-column-wrap{align-content:start;}:where(#kt-layout-id_a60873-aa > .kt-row-column-wrap) > .wp-block-kadence-column{justify-content:start;}#kt-layout-id_a60873-aa > .kt-row-column-wrap{column-gap:var(--global-kb-gap-md, 2rem);row-gap:var(--global-kb-gap-md, 2rem);max-width:var( --global-content-width, 1440px );padding-left:var(--global-content-edge-padding);padding-right:var(--global-content-edge-padding);padding-top:var( --global-kb-row-default-top, 25px );padding-bottom:var( --global-kb-row-default-bottom, 25px );padding-bottom:15px;grid-template-columns:minmax(0, 1fr);}#kt-layout-id_a60873-aa > .kt-row-layout-overlay{opacity:0.30;}@media all and (max-width: 1024px){#kt-layout-id_a60873-aa > .kt-row-column-wrap{grid-template-columns:minmax(0, 1fr);}}@media all and (max-width: 767px){#kt-layout-id_a60873-aa > .kt-row-column-wrap{grid-template-columns:minmax(0, 1fr);}}<\/style>\n<section class=\"wp-block-kadence-rowlayout alignnone\"><div id=\"kt-layout-id_a60873-aa\" class=\"kt-row-layout-inner kt-layout-id_a60873-aa\"><div class=\"kt-row-column-wrap kt-has-1-columns kt-gutter-default kt-v-gutter-default kt-row-valign-top kt-row-layout-equal kt-tab-layout-inherit kt-m-colapse-left-to-right kt-mobile-layout-row kb-theme-content-width\"><style>.kadence-column_1d8887-7c > .kt-inside-inner-col{border-top-width:0px;border-right-width:0px;border-bottom-width:0px;border-left-width:0px;}.kadence-column_1d8887-7c > .kt-inside-inner-col,.kadence-column_1d8887-7c > .kt-inside-inner-col:before{border-top-left-radius:0px;border-top-right-radius:0px;border-bottom-right-radius:0px;border-bottom-left-radius:0px;}.kadence-column_1d8887-7c > .kt-inside-inner-col{column-gap:var(--global-kb-gap-sm, 1rem);}.kadence-column_1d8887-7c > .kt-inside-inner-col{flex-direction:column;}.kadence-column_1d8887-7c > .kt-inside-inner-col > .aligncenter{width:100%;}.kadence-column_1d8887-7c > .kt-inside-inner-col:before{opacity:0.3;}.kadence-column_1d8887-7c{position:relative;}@media all and (max-width: 1024px){.kadence-column_1d8887-7c > .kt-inside-inner-col{flex-direction:column;}}@media all and (max-width: 767px){.kadence-column_1d8887-7c > .kt-inside-inner-col{flex-direction:column;}}<\/style>\n<div class=\"wp-block-kadence-column inner-column-1 kadence-column_1d8887-7c\"><div class=\"kt-inside-inner-col\"><style>.wp-block-kadence-advancedheading.kt-adv-heading_f29056-f8, .wp-block-kadence-advancedheading.kt-adv-heading_f29056-f8[data-kb-block=\"kb-adv-heading_f29056-f8\"]{font-style:normal;}.wp-block-kadence-advancedheading.kt-adv-heading_f29056-f8 mark.kt-highlight, .wp-block-kadence-advancedheading.kt-adv-heading_f29056-f8[data-kb-block=\"kb-adv-heading_f29056-f8\"] mark.kt-highlight{font-style:normal;color:#f76a0c;-webkit-box-decoration-break:clone;box-decoration-break:clone;padding-top:0px;padding-right:0px;padding-bottom:0px;padding-left:0px;}<\/style>\n<h3 class=\"kt-adv-heading_f29056-f8 wp-block-kadence-advancedheading\" data-kb-block=\"kb-adv-heading_f29056-f8\">Cancelamento de associa\u00e7\u00e3o pelo participante<\/h3>\n\n\n\n<ul class=\"wp-block-list\"><li>Os cancelamentos de associa\u00e7\u00e3o recebidos dentro de 14 dias da inscri\u00e7\u00e3o podem ser eleg\u00edveis para receber um reembolso total menos a taxa de servi\u00e7o $50.<\/li><li>Cancelamentos recebidos ap\u00f3s o prazo estabelecido n\u00e3o ter\u00e3o direito a reembolso.<\/li><li>Cancelamentos ser\u00e3o aceitos via telefone, fax ou e-mail, e dever\u00e3o ser recebidos dentro do prazo estabelecido para cancelamento.<\/li><li>Todos os benef\u00edcios e incentivos recebidos pelo participante devem ser cancelados\/devolvidos ao GBTA.<\/li><li>Todas as solicita\u00e7\u00f5es de reembolso devem ser feitas pelo participante ou pelo titular do cart\u00e3o de cr\u00e9dito.<\/li><li>As solicita\u00e7\u00f5es de reembolso devem incluir o nome do participante e\/ou o n\u00famero da transa\u00e7\u00e3o.<\/li><li>Os reembolsos ser\u00e3o creditados no cart\u00e3o de cr\u00e9dito original utilizado para o pagamento.<\/li><\/ul>\n\n\n\n<p>Essas pol\u00edticas acima se aplicam a todas as associa\u00e7\u00f5es GBTA, salvo indica\u00e7\u00e3o em contr\u00e1rio nos materiais do programa correspondente. Por favor, leia atentamente todas as informa\u00e7\u00f5es do programa individual.<\/p>\n<\/div><\/div>\n<\/div><\/div><\/section>\n\n\n<style>#kt-layout-id_91cb9e-3e > .kt-row-column-wrap{align-content:start;}:where(#kt-layout-id_91cb9e-3e > .kt-row-column-wrap) > .wp-block-kadence-column{justify-content:start;}#kt-layout-id_91cb9e-3e > .kt-row-column-wrap{column-gap:var(--global-kb-gap-md, 2rem);row-gap:var(--global-kb-gap-md, 2rem);max-width:var( --global-content-width, 1440px );padding-left:var(--global-content-edge-padding);padding-right:var(--global-content-edge-padding);padding-top:var( --global-kb-row-default-top, 25px );padding-bottom:var( --global-kb-row-default-bottom, 25px );padding-bottom:15px;grid-template-columns:minmax(0, 1fr);}#kt-layout-id_91cb9e-3e > .kt-row-layout-overlay{opacity:0.30;}@media all and (max-width: 1024px){#kt-layout-id_91cb9e-3e > .kt-row-column-wrap{grid-template-columns:minmax(0, 1fr);}}@media all and (max-width: 767px){#kt-layout-id_91cb9e-3e > .kt-row-column-wrap{grid-template-columns:minmax(0, 1fr);}}<\/style>\n<section class=\"wp-block-kadence-rowlayout alignnone\"><div id=\"kt-layout-id_91cb9e-3e\" class=\"kt-row-layout-inner kt-layout-id_91cb9e-3e\"><div class=\"kt-row-column-wrap kt-has-1-columns kt-gutter-default kt-v-gutter-default kt-row-valign-top kt-row-layout-equal kt-tab-layout-inherit kt-m-colapse-left-to-right kt-mobile-layout-row kb-theme-content-width\"><style>.kadence-column_d9aff4-4f > .kt-inside-inner-col{border-top-width:0px;border-right-width:0px;border-bottom-width:0px;border-left-width:0px;}.kadence-column_d9aff4-4f > .kt-inside-inner-col,.kadence-column_d9aff4-4f > .kt-inside-inner-col:before{border-top-left-radius:0px;border-top-right-radius:0px;border-bottom-right-radius:0px;border-bottom-left-radius:0px;}.kadence-column_d9aff4-4f > .kt-inside-inner-col{column-gap:var(--global-kb-gap-sm, 1rem);}.kadence-column_d9aff4-4f > .kt-inside-inner-col{flex-direction:column;}.kadence-column_d9aff4-4f > .kt-inside-inner-col > .aligncenter{width:100%;}.kadence-column_d9aff4-4f > .kt-inside-inner-col:before{opacity:0.3;}.kadence-column_d9aff4-4f{position:relative;}@media all and (max-width: 1024px){.kadence-column_d9aff4-4f > .kt-inside-inner-col{flex-direction:column;}}@media all and (max-width: 767px){.kadence-column_d9aff4-4f > .kt-inside-inner-col{flex-direction:column;}}<\/style>\n<div class=\"wp-block-kadence-column inner-column-1 kadence-column_d9aff4-4f\"><div class=\"kt-inside-inner-col\"><style>.wp-block-kadence-advancedheading.kt-adv-heading_9d823f-0e, .wp-block-kadence-advancedheading.kt-adv-heading_9d823f-0e[data-kb-block=\"kb-adv-heading_9d823f-0e\"]{font-style:normal;}.wp-block-kadence-advancedheading.kt-adv-heading_9d823f-0e mark.kt-highlight, .wp-block-kadence-advancedheading.kt-adv-heading_9d823f-0e[data-kb-block=\"kb-adv-heading_9d823f-0e\"] mark.kt-highlight{font-style:normal;color:#f76a0c;-webkit-box-decoration-break:clone;box-decoration-break:clone;padding-top:0px;padding-right:0px;padding-bottom:0px;padding-left:0px;}<\/style>\n<h3 class=\"kt-adv-heading_9d823f-0e wp-block-kadence-advancedheading\" data-kb-block=\"kb-adv-heading_9d823f-0e\">Cancelamento de evento pelo patrocinador<\/h3>\n\n\n\n<p>A Global Business Travel Association (GBTA) reserva-se o direito de cancelar um evento devido \u00e0 baixa inscri\u00e7\u00e3o ou outras circunst\u00e2ncias que tornariam o evento invi\u00e1vel. Se o GBTA cancelar um evento, os inscritos receber\u00e3o um reembolso total.<\/p>\n\n\n\n<p>Caso surjam circunst\u00e2ncias que resultem no adiamento de um evento, o GBTA tem o direito de emitir um reembolso total ou transferir a inscri\u00e7\u00e3o para o mesmo evento na nova data futura.<\/p>\n<\/div><\/div>\n<\/div><\/div><\/section>\n\n\n<style>#kt-layout-id_461d44-fe > .kt-row-column-wrap{align-content:start;}:where(#kt-layout-id_461d44-fe > .kt-row-column-wrap) > .wp-block-kadence-column{justify-content:start;}#kt-layout-id_461d44-fe > .kt-row-column-wrap{column-gap:var(--global-kb-gap-md, 2rem);row-gap:var(--global-kb-gap-md, 2rem);max-width:var( --global-content-width, 1440px );padding-left:var(--global-content-edge-padding);padding-right:var(--global-content-edge-padding);padding-top:var( --global-kb-row-default-top, 25px );padding-bottom:var( --global-kb-row-default-bottom, 25px );padding-bottom:15px;grid-template-columns:minmax(0, 1fr);}#kt-layout-id_461d44-fe > .kt-row-layout-overlay{opacity:0.30;}@media all and (max-width: 1024px){#kt-layout-id_461d44-fe > .kt-row-column-wrap{grid-template-columns:minmax(0, 1fr);}}@media all and (max-width: 767px){#kt-layout-id_461d44-fe > .kt-row-column-wrap{grid-template-columns:minmax(0, 1fr);}}<\/style>\n<section class=\"wp-block-kadence-rowlayout alignnone\"><div id=\"kt-layout-id_461d44-fe\" class=\"kt-row-layout-inner kt-layout-id_461d44-fe\"><div class=\"kt-row-column-wrap kt-has-1-columns kt-gutter-default kt-v-gutter-default kt-row-valign-top kt-row-layout-equal kt-tab-layout-inherit kt-m-colapse-left-to-right kt-mobile-layout-row kb-theme-content-width\"><style>.kadence-column_3571c4-e0 > .kt-inside-inner-col{border-top-width:0px;border-right-width:0px;border-bottom-width:0px;border-left-width:0px;}.kadence-column_3571c4-e0 > .kt-inside-inner-col,.kadence-column_3571c4-e0 > .kt-inside-inner-col:before{border-top-left-radius:0px;border-top-right-radius:0px;border-bottom-right-radius:0px;border-bottom-left-radius:0px;}.kadence-column_3571c4-e0 > .kt-inside-inner-col{column-gap:var(--global-kb-gap-sm, 1rem);}.kadence-column_3571c4-e0 > .kt-inside-inner-col{flex-direction:column;}.kadence-column_3571c4-e0 > .kt-inside-inner-col > .aligncenter{width:100%;}.kadence-column_3571c4-e0 > .kt-inside-inner-col:before{opacity:0.3;}.kadence-column_3571c4-e0{position:relative;}@media all and (max-width: 1024px){.kadence-column_3571c4-e0 > .kt-inside-inner-col{flex-direction:column;}}@media all and (max-width: 767px){.kadence-column_3571c4-e0 > .kt-inside-inner-col{flex-direction:column;}}<\/style>\n<div class=\"wp-block-kadence-column inner-column-1 kadence-column_3571c4-e0\"><div class=\"kt-inside-inner-col\"><style>.wp-block-kadence-advancedheading.kt-adv-heading_d76073-17, .wp-block-kadence-advancedheading.kt-adv-heading_d76073-17[data-kb-block=\"kb-adv-heading_d76073-17\"]{font-style:normal;}.wp-block-kadence-advancedheading.kt-adv-heading_d76073-17 mark.kt-highlight, .wp-block-kadence-advancedheading.kt-adv-heading_d76073-17[data-kb-block=\"kb-adv-heading_d76073-17\"] mark.kt-highlight{font-style:normal;color:#f76a0c;-webkit-box-decoration-break:clone;box-decoration-break:clone;padding-top:0px;padding-right:0px;padding-bottom:0px;padding-left:0px;}<\/style>\n<h3 class=\"kt-adv-heading_d76073-17 wp-block-kadence-advancedheading\" data-kb-block=\"kb-adv-heading_d76073-17\">Cancelamento de inscri\u00e7\u00e3o pelo participante<\/h3>\n\n\n\n<ul class=\"wp-block-list\"><li>A menos que especificamente indicado nos materiais de inscri\u00e7\u00e3o, o prazo para receber o reembolso da sua inscri\u00e7\u00e3o \u00e9 de 30 dias \u00fateis antes do evento.<\/li><li>Cancelamentos de registro recebidos antes do prazo podem ser eleg\u00edveis para receber um reembolso menos uma taxa de servi\u00e7o $75.<\/li><li>Cancelamentos recebidos ap\u00f3s o prazo estabelecido n\u00e3o ter\u00e3o direito a reembolso.<\/li><li>N\u00e3o haver\u00e1 reembolso para inscritos que optarem por n\u00e3o participar de um evento.<\/li><li>Os cancelamentos ser\u00e3o aceitos apenas por escrito e devem ser recebidos dentro do prazo de cancelamento indicado.<\/li><li>Todas as solicita\u00e7\u00f5es de reembolso devem ser feitas pelo participante ou pelo titular do cart\u00e3o de cr\u00e9dito.<\/li><li>As solicita\u00e7\u00f5es de reembolso devem incluir o nome do participante e\/ou o n\u00famero da transa\u00e7\u00e3o.<\/li><li>Os reembolsos ser\u00e3o creditados de volta no cart\u00e3o de cr\u00e9dito original usado para o pagamento dos materiais do evento. <\/li><\/ul>\n\n\n\n<p>Essas pol\u00edticas acima se aplicam a todos os eventos GBTA, a menos que indicado de outra forma nos materiais do evento correspondentes. Por favor, leia todas as informa\u00e7\u00f5es de eventos individuais cuidadosamente.<\/p>\n<\/div><\/div>\n<\/div><\/div><\/section>\n\n\n<style>#kt-layout-id_3a9303-de > .kt-row-column-wrap{align-content:start;}:where(#kt-layout-id_3a9303-de > .kt-row-column-wrap) > .wp-block-kadence-column{justify-content:start;}#kt-layout-id_3a9303-de > .kt-row-column-wrap{column-gap:var(--global-kb-gap-md, 2rem);row-gap:var(--global-kb-gap-md, 2rem);max-width:var( --global-content-width, 1440px );padding-left:var(--global-content-edge-padding);padding-right:var(--global-content-edge-padding);padding-top:var( --global-kb-row-default-top, 25px );padding-bottom:var( --global-kb-row-default-bottom, 25px );padding-bottom:50px;grid-template-columns:minmax(0, 1fr);}#kt-layout-id_3a9303-de > .kt-row-layout-overlay{opacity:0.30;}@media all and (max-width: 1024px){#kt-layout-id_3a9303-de > .kt-row-column-wrap{grid-template-columns:minmax(0, 1fr);}}@media all and (max-width: 767px){#kt-layout-id_3a9303-de > .kt-row-column-wrap{grid-template-columns:minmax(0, 1fr);}}<\/style>\n<section class=\"wp-block-kadence-rowlayout alignnone\"><div id=\"kt-layout-id_3a9303-de\" class=\"kt-row-layout-inner kt-layout-id_3a9303-de\"><div class=\"kt-row-column-wrap kt-has-1-columns kt-gutter-default kt-v-gutter-default kt-row-valign-top kt-row-layout-equal kt-tab-layout-inherit kt-m-colapse-left-to-right kt-mobile-layout-row kb-theme-content-width\"><style>.kadence-column_3c4148-d7 > .kt-inside-inner-col{border-top-width:0px;border-right-width:0px;border-bottom-width:0px;border-left-width:0px;}.kadence-column_3c4148-d7 > .kt-inside-inner-col,.kadence-column_3c4148-d7 > .kt-inside-inner-col:before{border-top-left-radius:0px;border-top-right-radius:0px;border-bottom-right-radius:0px;border-bottom-left-radius:0px;}.kadence-column_3c4148-d7 > .kt-inside-inner-col{column-gap:var(--global-kb-gap-sm, 1rem);}.kadence-column_3c4148-d7 > .kt-inside-inner-col{flex-direction:column;}.kadence-column_3c4148-d7 > .kt-inside-inner-col > .aligncenter{width:100%;}.kadence-column_3c4148-d7 > .kt-inside-inner-col:before{opacity:0.3;}.kadence-column_3c4148-d7{position:relative;}@media all and (max-width: 1024px){.kadence-column_3c4148-d7 > .kt-inside-inner-col{flex-direction:column;}}@media all and (max-width: 767px){.kadence-column_3c4148-d7 > .kt-inside-inner-col{flex-direction:column;}}<\/style>\n<div class=\"wp-block-kadence-column inner-column-1 kadence-column_3c4148-d7\"><div class=\"kt-inside-inner-col\"><style>.wp-block-kadence-advancedheading.kt-adv-heading_372d62-4f, .wp-block-kadence-advancedheading.kt-adv-heading_372d62-4f[data-kb-block=\"kb-adv-heading_372d62-4f\"]{font-style:normal;}.wp-block-kadence-advancedheading.kt-adv-heading_372d62-4f mark.kt-highlight, .wp-block-kadence-advancedheading.kt-adv-heading_372d62-4f[data-kb-block=\"kb-adv-heading_372d62-4f\"] mark.kt-highlight{font-style:normal;color:#f76a0c;-webkit-box-decoration-break:clone;box-decoration-break:clone;padding-top:0px;padding-right:0px;padding-bottom:0px;padding-left:0px;}<\/style>\n<h3 class=\"kt-adv-heading_372d62-4f wp-block-kadence-advancedheading\" data-kb-block=\"kb-adv-heading_372d62-4f\">Pol\u00edtica de Devolu\u00e7\u00e3o\/Reembolso de Produtos e Produtos GBTA<\/h3>\n\n\n\n<p>Todas as devolu\u00e7\u00f5es de bens e materiais adquiridos diretamente da Global Business Travel Association requerem autoriza\u00e7\u00e3o pr\u00e9via. As despesas de envio e manuseio n\u00e3o s\u00e3o reembols\u00e1veis; As devolu\u00e7\u00f5es devem ser autorizadas pela GBTA no prazo de 30 dias a contar da data da fatura. No prazo de trinta (30) dias ap\u00f3s a compra, substituiremos, substituiremos ou repararemos, a nosso exclusivo crit\u00e9rio, qualquer produto GBTA considerado defeituoso.<\/p>\n\n\n\n<p>Os produtos fornecidos\/vendidos por parceiros GBTA e programas de afinidade est\u00e3o sujeitos \u00e0 pol\u00edtica de devolu\u00e7\u00e3o do parceiro.<\/p>\n\n\n\n<p>Os produtos que s\u00e3o software ou que podem ser baixados de qualquer site da GBTA ou m\u00eddia fornecida (CD ROM, unidades de mem\u00f3ria, etc.) n\u00e3o s\u00e3o reembols\u00e1veis.<\/p>\n<\/div><\/div>\n<\/div><\/div><\/section>\n\n\n\n<p><\/p>","protected":false},"excerpt":{"rendered":"<p>Pol\u00edtica de reembolso\/cancelamento de associa\u00e7\u00e3o ao GBTA A Global Business Travel Association (GBTA) reserva-se o direito de recusar\/cancelar uma associa\u00e7\u00e3o ao GBTA. Se o GBTA recusar uma ades\u00e3o nova ou renovada, os registrantes ir\u00e3o\u2026<\/p>","protected":false},"author":25,"featured_media":0,"parent":0,"menu_order":0,"comment_status":"closed","ping_status":"closed","template":"","meta":{"_acf_changed":false,"_seopress_robots_primary_cat":"","_seopress_titles_title":"","_seopress_titles_desc":"","_seopress_robots_index":"yes","om_disable_all_campaigns":false,"_relevanssi_hide_post":"","_relevanssi_hide_content":"","_relevanssi_pin_for_all":"","_relevanssi_pin_keywords":"","_relevanssi_unpin_keywords":"","_relevanssi_related_keywords":"","_relevanssi_related_include_ids":"","_relevanssi_related_exclude_ids":"","_relevanssi_related_no_append":"","_relevanssi_related_not_related":"","_relevanssi_related_posts":"1","_relevanssi_noindex_reason":"","_kad_blocks_custom_css":"","_kad_blocks_head_custom_js":"","_kad_blocks_body_custom_js":"","_kad_blocks_footer_custom_js":"","_kad_post_transparent":"","_kad_post_title":"","_kad_post_layout":"","_kad_post_sidebar_id":"","_kad_post_content_style":"","_kad_post_vertical_padding":"","_kad_post_feature":"","_kad_post_feature_position":"","_kad_post_header":false,"_kad_post_footer":false,"footnotes":"","_links_to":"","_links_to_target":""},"class_list":["post-292","page","type-page","status-publish","hentry"],"acf":[],"featured_image_src_large":false,"author_info":{"display_name":"jcampbell","author_link":"https:\/\/gbta.org\/pt\/author\/jcampbell\/"},"comment_info":"","taxonomy_info":[],"featured_image_src":null,"featured_image_src_square":null,"mfb_rest_fields":["featured_image_src_large","author_info","comment_info","taxonomy_info","featured_image_src","featured_image_src_square"],"_links":{"self":[{"href":"https:\/\/gbta.org\/pt\/wp-json\/wp\/v2\/pages\/292","targetHints":{"allow":["GET"]}}],"collection":[{"href":"https:\/\/gbta.org\/pt\/wp-json\/wp\/v2\/pages"}],"about":[{"href":"https:\/\/gbta.org\/pt\/wp-json\/wp\/v2\/types\/page"}],"author":[{"embeddable":true,"href":"https:\/\/gbta.org\/pt\/wp-json\/wp\/v2\/users\/25"}],"replies":[{"embeddable":true,"href":"https:\/\/gbta.org\/pt\/wp-json\/wp\/v2\/comments?post=292"}],"version-history":[{"count":0,"href":"https:\/\/gbta.org\/pt\/wp-json\/wp\/v2\/pages\/292\/revisions"}],"wp:attachment":[{"href":"https:\/\/gbta.org\/pt\/wp-json\/wp\/v2\/media?parent=292"}],"curies":[{"name":"wp","href":"https:\/\/api.w.org\/{rel}","templated":true}]}}