{"id":3244,"date":"2022-07-31T05:12:38","date_gmt":"2022-07-31T09:12:38","guid":{"rendered":"https:\/\/gbta.org\/?page_id=3244"},"modified":"2022-07-31T07:49:29","modified_gmt":"2022-07-31T11:49:29","slug":"gbta-the-voice-of-the-global-business-travel-industry","status":"publish","type":"page","link":"https:\/\/gbta.org\/pt\/gbta-the-voice-of-the-global-business-travel-industry\/","title":{"rendered":"GBTA: A Voz da Ind\u00fastria Global de Viagens de Neg\u00f3cios"},"content":{"rendered":"<h2 class=\"wp-block-heading\" id=\"gbta-mission\">Miss\u00e3o GBTA<\/h2>\n\n\n<p>A miss\u00e3o da GBTA \u00e9 ser a principal fonte de conhecimento sobre viagens de neg\u00f3cios em todo o mundo. Esse conhecimento \u00e9 criado por meio de educa\u00e7\u00e3o, pesquisa, trabalho em rede e advocacia entregues sob demanda.<\/p>\n\n\n\n<div class=\"wp-block-columns is-layout-flex wp-container-core-columns-is-layout-1 wp-block-columns-is-layout-flex\">\n<div class=\"wp-block-column is-layout-flow wp-block-column-is-layout-flow\"><div class=\"wp-block-image\">\n<figure class=\"aligncenter size-full\"><img loading=\"lazy\" decoding=\"async\" width=\"132\" height=\"102\" src=\"https:\/\/gbta.org\/wp-content\/uploads\/Members.png\" alt=\"members\" class=\"wp-image-3262\" \/><\/figure><\/div>\n\n\n<p class=\"has-text-align-center\">Acreditamos que os membros v\u00eam em primeiro lugar.\u00a0<a href=\"https:\/\/gbta.org\/pt\/membership-and-communities\/membership\/member-benefits\/\">Saber mais\u00a0<\/a><\/p>\n<\/div>\n\n\n\n<div class=\"wp-block-column is-layout-flow wp-block-column-is-layout-flow\"><div class=\"wp-block-image\">\n<figure class=\"aligncenter size-full\"><img loading=\"lazy\" decoding=\"async\" width=\"114\" height=\"106\" src=\"https:\/\/gbta.org\/wp-content\/uploads\/Volunteers.png\" alt=\"volunteers\" class=\"wp-image-3263\" \/><\/figure><\/div>\n\n\n<p class=\"has-text-align-center\">Acreditamos que o voluntariado impulsiona o sucesso.\u00a0<a href=\"https:\/\/gbta.org\/pt\/membership-and-communities\/global-committees\/\">Saber mais\u00a0<\/a><\/p>\n<\/div>\n<\/div>\n\n\n\n<div class=\"wp-block-columns is-layout-flex wp-container-core-columns-is-layout-2 wp-block-columns-is-layout-flex\">\n<div class=\"wp-block-column is-layout-flow wp-block-column-is-layout-flow\" style=\"padding-bottom:50px\"><div class=\"wp-block-image\">\n<figure class=\"aligncenter size-full\"><img loading=\"lazy\" decoding=\"async\" width=\"116\" height=\"101\" src=\"https:\/\/gbta.org\/wp-content\/uploads\/Transparency.png\" alt=\"transparency\" class=\"wp-image-3264\" \/><\/figure><\/div>\n\n\n<p class=\"has-text-align-center\">Acreditamos na transpar\u00eancia do mercado.\u00a0<a href=\"https:\/\/gbta.org\/pt\/news-and-advocacy\/advocacy-and-government-relations\/\">Saber mais\u00a0<\/a><\/p>\n<\/div>\n\n\n\n<div class=\"wp-block-column is-layout-flow wp-block-column-is-layout-flow\"><div class=\"wp-block-image\">\n<figure class=\"aligncenter size-full\"><img loading=\"lazy\" decoding=\"async\" width=\"122\" height=\"82\" src=\"https:\/\/gbta.org\/wp-content\/uploads\/Relationships.png\" alt=\"relationships\" class=\"wp-image-3265\" \/><\/figure><\/div>\n\n\n<p class=\"has-text-align-center\"><br>Acreditamos que relacionamentos criam valor.<\/p>\n<\/div>\n<\/div>\n\n\n\n<p><\/p>\n\n\n\n<p><\/p>\n\n\n<h3 class=\"wp-block-heading\" id=\"about-gbta\">Sobre GBTA<\/h3>\n\n\n<p>A Global Business Travel Association (GBTA) \u00e9 a principal organiza\u00e7\u00e3o comercial de viagens de neg\u00f3cios e reuni\u00f5es do mundo, com sede na \u00e1rea de Washington, DC, com opera\u00e7\u00f5es em seis continentes. Os membros do GBTA gerenciam mais de $345 bilh\u00f5es de despesas globais com viagens e reuni\u00f5es de neg\u00f3cios anualmente. A GBTA oferece educa\u00e7\u00e3o, eventos, pesquisa, advocacia e m\u00eddia de classe mundial para uma rede global crescente de mais de 28.000 profissionais de viagens e 125.000 contatos ativos.<\/p>\n\n\n\n<p>Nosso foco \u00e9 equipar nossos membros com o conhecimento e os recursos necess\u00e1rios para navegar no cen\u00e1rio de viagens de neg\u00f3cios em r\u00e1pida mudan\u00e7a, resultando em melhores programas de viagens gerenciadas, crescimento de neg\u00f3cios de primeira linha e carreiras exemplares. Fazemos isso atrav\u00e9s do seguinte:<\/p>\n\n\n\n<div class=\"wp-block-columns is-layout-flex wp-container-core-columns-is-layout-3 wp-block-columns-is-layout-flex\" style=\"padding-top:20px\">\n<div class=\"wp-block-column is-layout-flow wp-block-column-is-layout-flow\"><h4 class=\"wp-block-heading\" id=\"specialized-events\">Eventos especializados<\/h4>\n\n\n<p>Participe dos maiores encontros de profissionais de viagens de neg\u00f3cios em eventos GBTA, webinars online e sess\u00f5es de educa\u00e7\u00e3o perto de casa, em sua regi\u00e3o e em todo o mundo.<\/p>\n\n\n\n<p><\/p>\n\n\n\n<p><\/p>\n\n\n\n<p><a href=\"https:\/\/gbta.org\/pt\/calendar\/all-programs\/\" data-type=\"URL\" data-id=\"https:\/\/gbta.org\/calendar\/all-programs\" target=\"_blank\" rel=\"noreferrer noopener\">Saber mais<\/a><\/p>\n<\/div>\n\n\n\n<div class=\"wp-block-column is-layout-flow wp-block-column-is-layout-flow\"><h4 class=\"wp-block-heading\" id=\"professional-development\">Desenvolvimento profissional<\/h4>\n\n\n<p>Fortale\u00e7a sua carreira com educa\u00e7\u00e3o e certifica\u00e7\u00e3o em viagens de neg\u00f3cios para impulsionar o reconhecimento e o avan\u00e7o na carreira. Educa\u00e7\u00e3o para todos os n\u00edveis dentro da ind\u00fastria de viagens de neg\u00f3cios.<\/p>\n\n\n\n<p><\/p>\n\n\n\n<p><\/p>\n\n\n\n<p><a href=\"https:\/\/gbta.org\/pt\/professional-development\/\" data-type=\"URL\" data-id=\"https:\/\/gbta.org\/professional-development\" target=\"_blank\" rel=\"noreferrer noopener\">Saber mais<\/a><\/p>\n<\/div>\n\n\n\n<div class=\"wp-block-column is-layout-flow wp-block-column-is-layout-flow\"><h4 class=\"wp-block-heading\" id=\"research-and-industry-tools\">Ferramentas de Pesquisa e Ind\u00fastria<\/h4>\n\n\n<p>Acesse a maior cole\u00e7\u00e3o do mundo de pesquisas do setor de viagens de neg\u00f3cios, modelos de RFP, ferramentas de benchmarking e webinars arquivados.<\/p>\n\n\n\n<p><\/p>\n\n\n\n<p><\/p>\n\n\n\n<p><a href=\"https:\/\/gbta.org\/pt\/research-and-tools\/\" data-type=\"URL\" data-id=\"https:\/\/gbta.org\/research-and-tools\" target=\"_blank\" rel=\"noreferrer noopener\">Saber mais<\/a><\/p>\n<\/div>\n<\/div>\n\n\n\n<div class=\"wp-block-columns is-layout-flex wp-container-core-columns-is-layout-4 wp-block-columns-is-layout-flex\" style=\"padding-top:50px\">\n<div class=\"wp-block-column is-layout-flow wp-block-column-is-layout-flow\"><h4 class=\"wp-block-heading\" id=\"gbta-news\">Not\u00edcias GBTA<\/h4>\n\n\n<p><br>Mantenha-se atualizado sobre not\u00edcias, editoriais e perspectivas que d\u00e3o vida aos mais recentes insights, tend\u00eancias, advocacia, eventos, pesquisa e educa\u00e7\u00e3o do setor de viagens de neg\u00f3cios.<br><br><\/p>\n\n\n\n<p><\/p>\n\n\n\n<p><\/p>\n\n\n\n<p><a href=\"https:\/\/gbta.org\/pt\/news-and-advocacy\/newsroom\/\" data-type=\"URL\" data-id=\"https:\/\/gbta.org\/news-and-advocacy\/newsroom\" target=\"_blank\" rel=\"noreferrer noopener\">consulte Mais informa\u00e7\u00e3o<\/a><\/p>\n<\/div>\n\n\n\n<div class=\"wp-block-column is-layout-flow wp-block-column-is-layout-flow\"><h4 class=\"wp-block-heading\" id=\"leadership\">Lideran\u00e7a<\/h4>\n\n\n<p><br>A GBTA conta com profissionais experientes e dedicados do setor de viagens de neg\u00f3cios para orientar sua estrat\u00e9gia e dire\u00e7\u00e3o para melhor atender nossos membros em geral e o setor de viagens de neg\u00f3cios.<\/p>\n\n\n\n<p><\/p>\n\n\n\n<p><\/p>\n\n\n\n<p><a href=\"https:\/\/gbta.org\/pt\/membership-and-communities\/global-leadership\/association-leadership\/\" data-type=\"URL\" data-id=\"https:\/\/gbta.org\/membership-and-communities\/global-leadership\/association-leadership\" target=\"_blank\" rel=\"noreferrer noopener\">Conhe\u00e7a nossa lideran\u00e7a<\/a><\/p>\n<\/div>\n\n\n\n<div class=\"wp-block-column is-layout-flow wp-block-column-is-layout-flow\"><h4 class=\"wp-block-heading\" id=\"work-at-gbta\">Trabalhe na GBTA<\/h4>\n\n\n<p><br>Quer trabalhar em um ambiente de trabalho din\u00e2mico para uma organiza\u00e7\u00e3o progressiva e em crescimento? Adora a ind\u00fastria de viagens de neg\u00f3cios? Estamos sempre em busca de pessoas talentosas para trazer ideias inovadoras e execu\u00e7\u00e3o confi\u00e1vel para nossa equipe!<\/p>\n\n\n\n<p><\/p>\n\n\n\n<p><\/p>\n\n\n\n<p><a href=\"https:\/\/gbta.bamboohr.com\/jobs\" data-type=\"URL\" data-id=\"https:\/\/gbta.bamboohr.com\/jobs\" target=\"_blank\" rel=\"noreferrer noopener\">Explorar vagas atuais<\/a><\/p>\n<\/div>\n<\/div>\n\n\n<style>#kt-layout-id_2e845d-15 > .kt-row-column-wrap{align-content:start;}:where(#kt-layout-id_2e845d-15 > .kt-row-column-wrap) > .wp-block-kadence-column{justify-content:start;}#kt-layout-id_2e845d-15 > .kt-row-column-wrap{column-gap:var(--global-kb-gap-md, 2rem);row-gap:var(--global-kb-gap-md, 2rem);max-width:var( --global-content-width, 1440px );padding-left:var(--global-content-edge-padding);padding-right:var(--global-content-edge-padding);padding-top:var( --global-kb-row-default-top, 25px );padding-bottom:var( --global-kb-row-default-bottom, 25px );padding-top:50px;padding-bottom:15px;padding-left:0px;grid-template-columns:minmax(0, 1fr);}#kt-layout-id_2e845d-15 > .kt-row-layout-overlay{opacity:0.30;}@media all and (max-width: 1024px){#kt-layout-id_2e845d-15 > .kt-row-column-wrap{grid-template-columns:minmax(0, 1fr);}}@media all and (max-width: 767px){#kt-layout-id_2e845d-15 > .kt-row-column-wrap{grid-template-columns:minmax(0, 1fr);}}<\/style>\n<section class=\"wp-block-kadence-rowlayout alignnone\"><div id=\"kt-layout-id_2e845d-15\" class=\"kt-row-layout-inner kt-layout-id_2e845d-15\"><div class=\"kt-row-column-wrap kt-has-1-columns kt-gutter-default kt-v-gutter-default kt-row-valign-top kt-row-layout-equal kt-tab-layout-inherit kt-m-colapse-left-to-right kt-mobile-layout-row kb-theme-content-width\"><style>.kadence-column_753af5-6c > .kt-inside-inner-col{padding-left:0px;}.kadence-column_753af5-6c > .kt-inside-inner-col{border-top-width:0px;border-right-width:0px;border-bottom-width:0px;border-left-width:0px;}.kadence-column_753af5-6c > .kt-inside-inner-col,.kadence-column_753af5-6c > .kt-inside-inner-col:before{border-top-left-radius:0px;border-top-right-radius:0px;border-bottom-right-radius:0px;border-bottom-left-radius:0px;}.kadence-column_753af5-6c > .kt-inside-inner-col{column-gap:var(--global-kb-gap-sm, 1rem);}.kadence-column_753af5-6c > .kt-inside-inner-col{flex-direction:column;}.kadence-column_753af5-6c > .kt-inside-inner-col > .aligncenter{width:100%;}.kadence-column_753af5-6c > .kt-inside-inner-col:before{opacity:0.3;}.kadence-column_753af5-6c{position:relative;}@media all and (max-width: 1024px){.kadence-column_753af5-6c > .kt-inside-inner-col{flex-direction:column;}}@media all and (max-width: 767px){.kadence-column_753af5-6c > .kt-inside-inner-col{flex-direction:column;}}<\/style>\n<div class=\"wp-block-kadence-column inner-column-1 kadence-column_753af5-6c\"><div class=\"kt-inside-inner-col\"><style>.wp-block-kadence-advancedheading.kt-adv-heading_fb2e8d-73, .wp-block-kadence-advancedheading.kt-adv-heading_fb2e8d-73[data-kb-block=\"kb-adv-heading_fb2e8d-73\"]{font-style:normal;}.wp-block-kadence-advancedheading.kt-adv-heading_fb2e8d-73 mark.kt-highlight, .wp-block-kadence-advancedheading.kt-adv-heading_fb2e8d-73[data-kb-block=\"kb-adv-heading_fb2e8d-73\"] mark.kt-highlight{font-style:normal;color:#f76a0c;-webkit-box-decoration-break:clone;box-decoration-break:clone;padding-top:0px;padding-right:0px;padding-bottom:0px;padding-left:0px;}<\/style>\n<h2 class=\"kt-adv-heading_fb2e8d-73 wp-block-kadence-advancedheading\" data-kb-block=\"kb-adv-heading_fb2e8d-73\">GBTA, Nossa Voz<\/h2>\n\n\n\n<p><strong><a href=\"https:\/\/gbta.org\/pt\/news-and-advocacy\/advocacy-and-government-relations\/\" data-type=\"URL\" data-id=\"https:\/\/gbta.org\/news-and-advocacy\/advocacy-and-government-relations\" target=\"_blank\" rel=\"noreferrer noopener\">Defensores do GBTA<\/a><\/strong> para um mercado de viagens de neg\u00f3cios aberto e competitivo que permita transpar\u00eancia de pre\u00e7os, seguran\u00e7a dos passageiros, infraestrutura aprimorada e regulamentos que apoiem os objetivos de neg\u00f3cios.<\/p>\n\n\n\n<p>GBTA est\u00e1 sediada na \u00e1rea de Washington, DC. GBTA conecta as pessoas que conectam o mundo.<\/p>\n\n\n\n<p>GBTA se orgulha de sua acessibilidade e transpar\u00eancia. Sinta-se \u00e0 vontade para revisar os recentes formul\u00e1rios, arquivamentos e relat\u00f3rios comerciais e financeiros do GBTA<\/p>\n<\/div><\/div>\n<\/div><\/div><\/section>\n\n\n<style>#kt-layout-id_3461fb-48 > .kt-row-column-wrap{align-content:start;}:where(#kt-layout-id_3461fb-48 > .kt-row-column-wrap) > .wp-block-kadence-column{justify-content:start;}#kt-layout-id_3461fb-48 > .kt-row-column-wrap{column-gap:var(--global-kb-gap-md, 2rem);row-gap:var(--global-kb-gap-md, 2rem);max-width:var( --global-content-width, 1440px );padding-left:var(--global-content-edge-padding);padding-right:var(--global-content-edge-padding);padding-top:var( --global-kb-row-default-top, 25px );padding-bottom:var( --global-kb-row-default-bottom, 25px );padding-top:50px;padding-bottom:15px;padding-left:0px;grid-template-columns:minmax(0, 1fr);}#kt-layout-id_3461fb-48 > .kt-row-layout-overlay{opacity:0.30;}@media all and (max-width: 1024px){#kt-layout-id_3461fb-48 > .kt-row-column-wrap{grid-template-columns:minmax(0, 1fr);}}@media all and (max-width: 767px){#kt-layout-id_3461fb-48 > .kt-row-column-wrap{grid-template-columns:minmax(0, 1fr);}}<\/style>\n<section class=\"wp-block-kadence-rowlayout alignnone\"><div id=\"kt-layout-id_3461fb-48\" class=\"kt-row-layout-inner kt-layout-id_3461fb-48\"><div class=\"kt-row-column-wrap kt-has-1-columns kt-gutter-default kt-v-gutter-default kt-row-valign-top kt-row-layout-equal kt-tab-layout-inherit kt-m-colapse-left-to-right kt-mobile-layout-row kb-theme-content-width\"><style>.kadence-column_3c3193-8c > .kt-inside-inner-col{border-top-width:0px;border-right-width:0px;border-bottom-width:0px;border-left-width:0px;}.kadence-column_3c3193-8c > .kt-inside-inner-col,.kadence-column_3c3193-8c > .kt-inside-inner-col:before{border-top-left-radius:0px;border-top-right-radius:0px;border-bottom-right-radius:0px;border-bottom-left-radius:0px;}.kadence-column_3c3193-8c > .kt-inside-inner-col{column-gap:var(--global-kb-gap-sm, 1rem);}.kadence-column_3c3193-8c > .kt-inside-inner-col{flex-direction:column;}.kadence-column_3c3193-8c > .kt-inside-inner-col > .aligncenter{width:100%;}.kadence-column_3c3193-8c > .kt-inside-inner-col:before{opacity:0.3;}.kadence-column_3c3193-8c{position:relative;}@media all and (max-width: 1024px){.kadence-column_3c3193-8c > .kt-inside-inner-col{flex-direction:column;}}@media all and (max-width: 767px){.kadence-column_3c3193-8c > .kt-inside-inner-col{flex-direction:column;}}<\/style>\n<div class=\"wp-block-kadence-column inner-column-1 kadence-column_3c3193-8c\"><div class=\"kt-inside-inner-col\"><style>.wp-block-kadence-advancedheading.kt-adv-heading_05d5d6-dc, .wp-block-kadence-advancedheading.kt-adv-heading_05d5d6-dc[data-kb-block=\"kb-adv-heading_05d5d6-dc\"]{font-style:normal;}.wp-block-kadence-advancedheading.kt-adv-heading_05d5d6-dc mark.kt-highlight, .wp-block-kadence-advancedheading.kt-adv-heading_05d5d6-dc[data-kb-block=\"kb-adv-heading_05d5d6-dc\"] mark.kt-highlight{font-style:normal;color:#f76a0c;-webkit-box-decoration-break:clone;box-decoration-break:clone;padding-top:0px;padding-right:0px;padding-bottom:0px;padding-left:0px;}<\/style>\n<h2 class=\"kt-adv-heading_05d5d6-dc wp-block-kadence-advancedheading\" data-kb-block=\"kb-adv-heading_05d5d6-dc\">Informa\u00e7\u00e3o de neg\u00f3cios<\/h2>\n\n\n\n<p><strong><a href=\"https:\/\/gbta.org\/pt\/Portals\/0\/bylaws\/GBTA Bylaws as of May 2021_signed.pdf\/\" data-type=\"URL\" data-id=\"https:\/\/gbta.org\/Portals\/0\/bylaws\/GBTA%20Bylaws%20as%20of%20May%202021_signed.pdf\" target=\"_blank\" rel=\"noreferrer noopener\">Estatuto<\/a> em maio de 2021<\/strong><\/p>\n<\/div><\/div>\n<\/div><\/div><\/section>\n\n\n\n<div class=\"wp-block-columns is-layout-flex wp-container-core-columns-is-layout-5 wp-block-columns-is-layout-flex\">\n<div class=\"wp-block-column is-layout-flow wp-block-column-is-layout-flow\"><h4 class=\"wp-block-heading\" id=\"990s\">anos 990<\/h4>\n\n\n<p><br><strong><a href=\"https:\/\/gbta.org\/pt\/Portals\/0\/Documents\/Business_Information\/GBTA-2020-990's-w-statement.pdf\/?ver=bB3OFi6uTjlKoiPsoljRFA==\" data-type=\"URL\" data-id=\"https:\/\/gbta.org\/Portals\/0\/Documents\/Business_Information\/GBTA-2020-990's-w-statement.pdf?ver=bB3OFi6uTjlKoiPsoljRFA%3d%3d\" target=\"_blank\" rel=\"noreferrer noopener\">GBTA 2020 990 Retorno<br><\/a><a href=\"https:\/\/gbta.org\/pt\/Portals\/0\/GBTA 2019 990.pdf\/?ver=2021-08-04-161853-263\" data-type=\"URL\" data-id=\"https:\/\/gbta.org\/Portals\/0\/GBTA%202019%20990.pdf?ver=2021-08-04-161853-263\" target=\"_blank\" rel=\"noreferrer noopener\">GBTA 2019 990 Retorno<br><\/a><a href=\"https:\/\/gbta.org\/pt\/Portals\/0\/Documents\/Business_Information\/GBTA_2018_990.pdf\/\" data-type=\"URL\" data-id=\"https:\/\/gbta.org\/Portals\/0\/Documents\/Business_Information\/GBTA_2018_990.pdf\" target=\"_blank\" rel=\"noreferrer noopener\">GBTA 2018 990 Retorno<br><\/a><a href=\"https:\/\/gbta.org\/pt\/Portals\/0\/Documents\/Business_Information\/GBTA_Association_2017_990.pdf\/\" data-type=\"URL\" data-id=\"https:\/\/gbta.org\/Portals\/0\/Documents\/Business_Information\/GBTA_Association_2017_990.pdf\" target=\"_blank\" rel=\"noreferrer noopener\">GBTA 2017 990 Retorno<br><\/a><a href=\"https:\/\/gbta.org\/pt\/Portals\/0\/Documents\/Business_Information\/GBTA-2016-Public-Disclosure.pdf\/\" data-type=\"URL\" data-id=\"https:\/\/gbta.org\/Portals\/0\/Documents\/Business_Information\/GBTA-2016-Public-Disclosure.pdf\" target=\"_blank\" rel=\"noreferrer noopener\">GBTA 2016 990 Retorno<\/a><\/strong><\/p>\n<\/div>\n\n\n\n<div class=\"wp-block-column is-layout-flow wp-block-column-is-layout-flow\"><\/div>\n<\/div>\n\n\n\n<div class=\"wp-block-columns is-layout-flex wp-container-core-columns-is-layout-6 wp-block-columns-is-layout-flex\" style=\"padding-top:50px\">\n<div class=\"wp-block-column is-layout-flow wp-block-column-is-layout-flow\" style=\"padding-top:20px\"><h4 class=\"wp-block-heading\" id=\"election-certification\">Certifica\u00e7\u00e3o Eleitoral<\/h4>\n\n\n<p><br><strong><a href=\"https:\/\/gbta.org\/pt\/Portals\/0\/GBTA Certification Letter 2021.pdf\/?ver=2021-08-04-155649-500\" data-type=\"URL\" data-id=\"https:\/\/gbta.org\/Portals\/0\/GBTA%20Certification%20Letter%202021.pdf?ver=2021-08-04-155649-500\" target=\"_blank\" rel=\"noreferrer noopener\">Carta de Certifica\u00e7\u00e3o Eleitoral GBTA 2021<br><\/a><a href=\"https:\/\/gbta.org\/pt\/Portals\/0\/GBTA Certification Letter 2020.pdf\/?ver=2021-08-04-155253-857\" data-type=\"URL\" data-id=\"https:\/\/gbta.org\/Portals\/0\/GBTA%20Certification%20Letter%202020.pdf?ver=2021-08-04-155253-857\" target=\"_blank\" rel=\"noreferrer noopener\">Carta de Certifica\u00e7\u00e3o Eleitoral GBTA 2020<br><\/a><a href=\"https:\/\/gbta.org\/pt\/Portals\/0\/Documents\/Business_Information\/GBTA_Certification_Letter_2019.pdf\/\" data-type=\"URL\" data-id=\"https:\/\/gbta.org\/Portals\/0\/Documents\/Business_Information\/GBTA_Certification_Letter_2019.pdf\" target=\"_blank\" rel=\"noreferrer noopener\">Carta de Certifica\u00e7\u00e3o Eleitoral GBTA 2019<br><\/a><a href=\"https:\/\/gbta.org\/pt\/Portals\/0\/Documents\/Business_Information\/GBTA_Certification_Letter_2018.pdf\/\" data-type=\"URL\" data-id=\"https:\/\/gbta.org\/Portals\/0\/Documents\/Business_Information\/GBTA_Certification_Letter_2018.pdf\" target=\"_blank\" rel=\"noreferrer noopener\">Carta de Certifica\u00e7\u00e3o Eleitoral GBTA 2018<br><\/a><a href=\"https:\/\/gbta.org\/pt\/Portals\/0\/Documents\/Business_Information\/GBTA-Certification-Letter-2017.pdf\/\" data-type=\"URL\" data-id=\"https:\/\/gbta.org\/Portals\/0\/Documents\/Business_Information\/GBTA-Certification-Letter-2017.pdf\" target=\"_blank\" rel=\"noreferrer noopener\">Carta de Certifica\u00e7\u00e3o Eleitoral GBTA 2017<\/a><\/strong><\/p>\n<\/div>\n\n\n\n<div class=\"wp-block-column is-layout-flow wp-block-column-is-layout-flow\" style=\"padding-top:20px\"><h4 class=\"wp-block-heading\" id=\"annual-meeting-minutes\">Ata da Reuni\u00e3o Anual<\/h4>\n\n\n<p><br><strong><a href=\"https:\/\/hub.gbta.org\/groups\/reviews\/item\/20\/11\/3029\" data-type=\"URL\" data-id=\"https:\/\/hub.gbta.org\/groups\/reviews\/item\/20\/11\/3029\" target=\"_blank\" rel=\"noreferrer noopener\">Ata da Reuni\u00e3o Anual GBTA 2022<br><\/a><a href=\"https:\/\/hub.gbta.org\/groups\/reviews\/item\/20\/11\/3024\" data-type=\"URL\" data-id=\"https:\/\/hub.gbta.org\/groups\/reviews\/item\/20\/11\/3024\" target=\"_blank\" rel=\"noreferrer noopener\">Ata da Reuni\u00e3o Anual GBTA 2021<br><\/a><a href=\"https:\/\/hub.gbta.org\/groups\/reviews\/item\/20\/11\/3023\" data-type=\"URL\" data-id=\"https:\/\/hub.gbta.org\/groups\/reviews\/item\/20\/11\/3023\" target=\"_blank\" rel=\"noreferrer noopener\">Ata da Reuni\u00e3o Anual GBTA 2020<br><\/a><a href=\"https:\/\/hub.gbta.org\/groups\/reviews\/item\/20\/11\/3022\" data-type=\"URL\" data-id=\"https:\/\/hub.gbta.org\/groups\/reviews\/item\/20\/11\/3022\" target=\"_blank\" rel=\"noreferrer noopener\">Ata da Reuni\u00e3o Anual GBTA 2019<br><\/a><a href=\"https:\/\/hub.gbta.org\/groups\/reviews\/item\/20\/11\/2651\" data-type=\"URL\" data-id=\"https:\/\/hub.gbta.org\/groups\/reviews\/item\/20\/11\/2651\" target=\"_blank\" rel=\"noreferrer noopener\">Ata da Reuni\u00e3o Anual GBTA 2018<br><\/a><a href=\"https:\/\/hub.gbta.org\/groups\/reviews\/item\/20\/11\/2650\" data-type=\"URL\" data-id=\"https:\/\/hub.gbta.org\/groups\/reviews\/item\/20\/11\/2650\" target=\"_blank\" rel=\"noreferrer noopener\">Ata da Reuni\u00e3o Anual GBTA 2017<\/a><\/strong><\/p>\n<\/div>\n<\/div>","protected":false},"excerpt":{"rendered":"<p>Miss\u00e3o da GBTA A miss\u00e3o da GBTA \u00e9 ser a principal fonte de conhecimento sobre viagens de neg\u00f3cios em todo o mundo. Esse conhecimento \u00e9 criado por meio de educa\u00e7\u00e3o, pesquisa, networking e defesa de direitos, fornecidos sob demanda. Acreditamos\u2026<\/p>","protected":false},"author":9,"featured_media":0,"parent":0,"menu_order":0,"comment_status":"closed","ping_status":"closed","template":"","meta":{"_acf_changed":false,"_seopress_robots_primary_cat":"","_seopress_titles_title":"","_seopress_titles_desc":"","_seopress_robots_index":"yes","om_disable_all_campaigns":false,"_relevanssi_hide_post":"","_relevanssi_hide_content":"","_relevanssi_pin_for_all":"","_relevanssi_pin_keywords":"","_relevanssi_unpin_keywords":"","_relevanssi_related_keywords":"","_relevanssi_related_include_ids":"","_relevanssi_related_exclude_ids":"","_relevanssi_related_no_append":"","_relevanssi_related_not_related":"","_relevanssi_related_posts":"1,415,661,662,664,666","_relevanssi_noindex_reason":"","_kad_blocks_custom_css":"","_kad_blocks_head_custom_js":"","_kad_blocks_body_custom_js":"","_kad_blocks_footer_custom_js":"","_kad_post_transparent":"","_kad_post_title":"","_kad_post_layout":"","_kad_post_sidebar_id":"","_kad_post_content_style":"","_kad_post_vertical_padding":"","_kad_post_feature":"","_kad_post_feature_position":"","_kad_post_header":false,"_kad_post_footer":false,"footnotes":"","_links_to":"","_links_to_target":""},"class_list":["post-3244","page","type-page","status-publish","hentry"],"acf":[],"featured_image_src_large":false,"author_info":{"display_name":"","author_link":"https:\/\/gbta.org\/pt\/author\/"},"comment_info":"","taxonomy_info":[],"featured_image_src":null,"featured_image_src_square":null,"mfb_rest_fields":["featured_image_src_large","author_info","comment_info","taxonomy_info","featured_image_src","featured_image_src_square"],"_links":{"self":[{"href":"https:\/\/gbta.org\/pt\/wp-json\/wp\/v2\/pages\/3244","targetHints":{"allow":["GET"]}}],"collection":[{"href":"https:\/\/gbta.org\/pt\/wp-json\/wp\/v2\/pages"}],"about":[{"href":"https:\/\/gbta.org\/pt\/wp-json\/wp\/v2\/types\/page"}],"author":[{"embeddable":true,"href":"https:\/\/gbta.org\/pt\/wp-json\/wp\/v2\/users\/9"}],"replies":[{"embeddable":true,"href":"https:\/\/gbta.org\/pt\/wp-json\/wp\/v2\/comments?post=3244"}],"version-history":[{"count":0,"href":"https:\/\/gbta.org\/pt\/wp-json\/wp\/v2\/pages\/3244\/revisions"}],"wp:attachment":[{"href":"https:\/\/gbta.org\/pt\/wp-json\/wp\/v2\/media?parent=3244"}],"curies":[{"name":"wp","href":"https:\/\/api.w.org\/{rel}","templated":true}]}}