{"id":3270,"date":"2022-07-31T08:08:34","date_gmt":"2022-07-31T12:08:34","guid":{"rendered":"https:\/\/gbta.org\/?page_id=3270"},"modified":"2023-12-12T22:26:32","modified_gmt":"2023-12-13T03:26:32","slug":"social-media","status":"publish","type":"page","link":"https:\/\/gbta.org\/pt\/sponsor-exhibit-old\/social-media\/","title":{"rendered":"M\u00eddia social"},"content":{"rendered":"<style>.kadence-column_ea0a42-f8 > .kt-inside-inner-col,.kadence-column_ea0a42-f8 > .kt-inside-inner-col:before{border-top-left-radius:0px;border-top-right-radius:0px;border-bottom-right-radius:0px;border-bottom-left-radius:0px;}.kadence-column_ea0a42-f8 > .kt-inside-inner-col{column-gap:var(--global-kb-gap-sm, 1rem);}.kadence-column_ea0a42-f8 > .kt-inside-inner-col{flex-direction:column;}.kadence-column_ea0a42-f8 > .kt-inside-inner-col > .aligncenter{width:100%;}.kadence-column_ea0a42-f8 > .kt-inside-inner-col:before{opacity:0.3;}.kadence-column_ea0a42-f8{position:relative;}@media all and (max-width: 1024px){.kadence-column_ea0a42-f8 > .kt-inside-inner-col{flex-direction:column;}}@media all and (max-width: 767px){.kadence-column_ea0a42-f8 > .kt-inside-inner-col{flex-direction:column;}}<\/style>\n<div class=\"wp-block-kadence-column kadence-column_ea0a42-f8 inner-column-1\"><div class=\"kt-inside-inner-col\"><style>.kb-row-layout-id_481297-fd > .kt-row-column-wrap{align-content:start;}:where(.kb-row-layout-id_481297-fd > .kt-row-column-wrap) > .wp-block-kadence-column{justify-content:start;}.kb-row-layout-id_481297-fd > .kt-row-column-wrap{column-gap:var(--global-kb-gap-md, 2rem);row-gap:var(--global-kb-gap-md, 2rem);padding-top:var(--global-kb-spacing-sm, 1.5rem);padding-bottom:var(--global-kb-spacing-sm, 1.5rem);grid-template-columns:minmax(0, 1fr) minmax(0, 2fr);}.kb-row-layout-id_481297-fd > .kt-row-layout-overlay{opacity:0.30;}@media all and (max-width: 1024px){.kb-row-layout-id_481297-fd > .kt-row-column-wrap{grid-template-columns:minmax(0, 1fr) minmax(0, 2fr);}}@media all and (max-width: 767px){.kb-row-layout-id_481297-fd > .kt-row-column-wrap{grid-template-columns:minmax(0, 1fr);}}<\/style><div class=\"kb-row-layout-wrap kb-row-layout-id_481297-fd alignnone wp-block-kadence-rowlayout\"><div class=\"kt-row-column-wrap kt-has-2-columns kt-row-layout-right-golden kt-tab-layout-inherit kt-mobile-layout-row kt-row-valign-top\">\n<style>.kadence-column_790709-a7 > .kt-inside-inner-col,.kadence-column_790709-a7 > .kt-inside-inner-col:before{border-top-left-radius:0px;border-top-right-radius:0px;border-bottom-right-radius:0px;border-bottom-left-radius:0px;}.kadence-column_790709-a7 > .kt-inside-inner-col{column-gap:var(--global-kb-gap-sm, 1rem);}.kadence-column_790709-a7 > .kt-inside-inner-col{flex-direction:column;}.kadence-column_790709-a7 > .kt-inside-inner-col > .aligncenter{width:100%;}.kadence-column_790709-a7 > .kt-inside-inner-col:before{opacity:0.3;}.kadence-column_790709-a7{position:relative;}@media all and (max-width: 1024px){.kadence-column_790709-a7 > .kt-inside-inner-col{flex-direction:column;}}@media all and (max-width: 767px){.kadence-column_790709-a7 > .kt-inside-inner-col{flex-direction:column;}}<\/style>\n<div class=\"wp-block-kadence-column kadence-column_790709-a7 inner-column-1\"><div class=\"kt-inside-inner-col\"><style>.kadence-column_f07acc-c4 > .kt-inside-inner-col{padding-top:15px;padding-right:15px;padding-bottom:15px;padding-left:15px;}.kadence-column_f07acc-c4 > .kt-inside-inner-col,.kadence-column_f07acc-c4 > .kt-inside-inner-col:before{border-top-left-radius:0px;border-top-right-radius:0px;border-bottom-right-radius:0px;border-bottom-left-radius:0px;}.kadence-column_f07acc-c4 > .kt-inside-inner-col{column-gap:var(--global-kb-gap-sm, 1rem);}.kadence-column_f07acc-c4 > .kt-inside-inner-col{flex-direction:column;}.kadence-column_f07acc-c4 > .kt-inside-inner-col > .aligncenter{width:100%;}.kadence-column_f07acc-c4 > .kt-inside-inner-col{background-color:var(--global-palette8, #F7FAFC);}.kadence-column_f07acc-c4 > .kt-inside-inner-col:before{opacity:0.3;}.kadence-column_f07acc-c4{position:relative;}.kadence-column_f07acc-c4, .kt-inside-inner-col > .kadence-column_f07acc-c4:not(.specificity){margin-top:0px;margin-right:0px;margin-bottom:0px;margin-left:0px;}@media all and (max-width: 1024px){.kadence-column_f07acc-c4 > .kt-inside-inner-col{flex-direction:column;}}@media all and (max-width: 767px){.kadence-column_f07acc-c4 > .kt-inside-inner-col{flex-direction:column;}}<\/style>\n<div class=\"wp-block-kadence-column kadence-column_f07acc-c4 inner-column-1\"><div class=\"kt-inside-inner-col\">\n<ul class=\"wp-block-list\">\n<li><a rel=\"noreferrer noopener\" href=\"https:\/\/gbta.org\/pt\/sponsor-exhibit\/digital-marketing\/\" target=\"_blank\"><strong>Marketing digital<\/strong><\/a><\/li>\n\n\n\n<li><strong><a rel=\"noreferrer noopener\" href=\"https:\/\/gbta.org\/pt\/sponsor-exhibit\/email-marketing\/\" target=\"_blank\">Marketing de email<\/a><\/strong><\/li>\n\n\n\n<li><strong><a rel=\"noreferrer noopener\" href=\"https:\/\/gbta.org\/pt\/sponsor-exhibit\/video-marketing\/\" target=\"_blank\">Marketing de v\u00eddeo<\/a><\/strong><\/li>\n\n\n\n<li><strong><a href=\"https:\/\/gbta.org\/pt\/sponsor-exhibit\/digital-marketing\/podcast\/\" data-type=\"URL\" data-id=\"https:\/\/gbta.org\/sponsor-exhibit\/digital-marketing\/podcast\/\">Marketing de podcast<\/a><\/strong><\/li>\n\n\n\n<li><strong><a href=\"https:\/\/gbta.org\/pt\/sponsor-exhibit\/social-media\/\">Marketing de m\u00eddia social<\/a><\/strong><\/li>\n\n\n\n<li><strong><a href=\"https:\/\/gbta.org\/pt\/sponsor-exhibit\/display-media\/\">M\u00eddia de exibi\u00e7\u00e3o<\/a><\/strong><\/li>\n<\/ul>\n<\/div><\/div>\n<\/div><\/div>\n\n\n<style>.kadence-column_2f35d8-68 > .kt-inside-inner-col,.kadence-column_2f35d8-68 > .kt-inside-inner-col:before{border-top-left-radius:0px;border-top-right-radius:0px;border-bottom-right-radius:0px;border-bottom-left-radius:0px;}.kadence-column_2f35d8-68 > .kt-inside-inner-col{column-gap:var(--global-kb-gap-sm, 1rem);}.kadence-column_2f35d8-68 > .kt-inside-inner-col{flex-direction:column;}.kadence-column_2f35d8-68 > .kt-inside-inner-col > .aligncenter{width:100%;}.kadence-column_2f35d8-68 > .kt-inside-inner-col:before{opacity:0.3;}.kadence-column_2f35d8-68{position:relative;}@media all and (max-width: 1024px){.kadence-column_2f35d8-68 > .kt-inside-inner-col{flex-direction:column;}}@media all and (max-width: 767px){.kadence-column_2f35d8-68 > .kt-inside-inner-col{flex-direction:column;}}<\/style>\n<div class=\"wp-block-kadence-column kadence-column_2f35d8-68 inner-column-2\"><div class=\"kt-inside-inner-col\">\n<p>Conecte-se com profissionais de viagens de neg\u00f3cios direcionados durante sua rotina social online di\u00e1ria. Coloque seus white papers ou pesquisas atraentes na rede social GBTA, onde provavelmente ser\u00e3o compartilhados, vistos e baixados pelo p\u00fablico desejado.<\/p>\n<\/div><\/div>\n\n<\/div><\/div><\/div><\/div>\n\n\n<style>.kt-tabs-id_73cc97-e4 > .kt-tabs-content-wrap > .wp-block-kadence-tab{border-top:3px solid #4f5157;border-right:0px solid #4f5157;border-bottom:0px solid #4f5157;border-left:0px solid #4f5157;border-top-left-radius:0px;border-top-right-radius:0px;border-bottom-right-radius:0px;border-bottom-left-radius:0px;padding-top:35px;padding-right:0px;padding-bottom:85px;padding-left:0px;background:#ffffff;}.wp-block-kadence-tabs .kt-tabs-id_73cc97-e4 > .kt-tabs-title-list li{margin-top:0px;margin-right:8px;margin-bottom:0px;margin-left:0px;margin-right:0px;margin-left:0px;}.wp-block-kadence-tabs .kt-tabs-id_73cc97-e4 > .kt-tabs-title-list li:last-child{margin-right:0px;}.wp-block-kadence-tabs .kt-tabs-id_73cc97-e4 > .kt-tabs-title-list{margin-right:-10px;}.wp-block-kadence-tabs .kt-tabs-id_73cc97-e4 > .kt-tabs-title-list li .kt-tab-title{margin-right:10px;}.wp-block-kadence-tabs .kt-tabs-id_73cc97-e4 > .kt-tabs-title-list li .kt-tab-title, .wp-block-kadence-tabs .kt-tabs-id_73cc97-e4 > .kt-tabs-content-wrap > .kt-tabs-accordion-title .kt-tab-title{line-height:1em;font-weight:bold;font-style:normal;border-top-width:0px;border-right-width:0px;border-bottom-width:0px;border-left-width:0px;border-top-left-radius:10px;border-top-right-radius:10px;border-bottom-right-radius:0px;border-bottom-left-radius:0px;padding-top:16px;padding-right:20px;padding-bottom:16px;padding-left:20px;border-color:#eeeeee;color:#222222;background:#eeeeee;}.wp-block-kadence-tabs .kt-tabs-id_73cc97-e4 > .kt-tabs-content-wrap > .kt-tabs-accordion-title .kt-tab-title{margin-top:0px;margin-right:8px;margin-bottom:0px;margin-left:0px;}.wp-block-kadence-tabs .kt-tabs-id_73cc97-e4 > .kt-tabs-title-list li .kt-tab-title:hover, .wp-block-kadence-tabs .kt-tabs-id_73cc97-e4 > .kt-tabs-content-wrap > .kt-tabs-accordion-title .kt-tab-title:hover{border-color:#eeeeee;color:#ffffff;background:#ff6200;}.wp-block-kadence-tabs .kt-tabs-id_73cc97-e4 > .kt-tabs-title-list li.kt-tab-title-active .kt-tab-title, .wp-block-kadence-tabs .kt-tabs-id_73cc97-e4 > .kt-tabs-content-wrap > .kt-tabs-accordion-title.kt-tab-title-active .kt-tab-title{border-color:#eeeeee;color:#ffffff;background:#ff6200;}@media all and (max-width: 1024px){.kt-tabs-id_73cc97-e4 > .kt-tabs-content-wrap > .wp-block-kadence-tab{border-top:3px solid #4f5157;border-right:0px solid #4f5157;border-bottom:0px solid #4f5157;border-left:0px solid #4f5157;}}@media all and (max-width: 767px){.kt-tabs-id_73cc97-e4 > .kt-tabs-content-wrap > .wp-block-kadence-tab{border-top:3px solid #4f5157;border-right:0px solid #4f5157;border-bottom:0px solid #4f5157;border-left:0px solid #4f5157;}}<\/style>\n<div class=\"wp-block-kadence-tabs alignnone\"><div class=\"kt-tabs-wrap kt-tabs-id_73cc97-e4 kt-tabs-has-2-tabs kt-active-tab-1 kt-tabs-layout-tabs kt-tabs-tablet-layout-inherit kt-tabs-mobile-layout-inherit kt-tab-alignment-left\"><ul class=\"kt-tabs-title-list kb-tabs-list-columns kb-tab-title-columns-6\"><li id=\"tab-twitter\" class=\"kt-title-item kt-title-item-1 kt-tabs-svg-show-always kt-tabs-icon-side-right kt-tab-title-active\"><a href=\"#tab-twitter\" data-tab=\"1\" class=\"kt-tab-title kt-tab-title-1\"><span class=\"kt-title-text\">TWITTER<\/span><\/a><\/li><li id=\"tab-facebook\" class=\"kt-title-item kt-title-item-2 kt-tabs-svg-show-always kt-tabs-icon-side-right kt-tab-title-inactive\"><a href=\"#tab-facebook\" data-tab=\"2\" class=\"kt-tab-title kt-tab-title-2\"><span class=\"kt-title-text\">FACEBOOK<\/span><\/a><\/li><\/ul><div class=\"kt-tabs-content-wrap\">\n<div class=\"wp-block-kadence-tab kt-tab-inner-content kt-inner-tab-1 kt-inner-tab_b10cb1-96\"><div class=\"kt-tab-inner-content-inner\">\n<p style=\"line-height:1.5\">Interaja com profissionais de viagens de neg\u00f3cios direcionados em tempo real usando as p\u00e1ginas corporativas do Twitter da GBTA. Compartilhe sua pesquisa mais importante com l\u00edderes de opini\u00e3o que provavelmente retweetar\u00e3o e promover\u00e3o sua mensagem. Op\u00e7\u00f5es direcionadas regionais est\u00e3o dispon\u00edveis.<\/p>\n\n\n\n<p>GBTA Global: <a rel=\"noreferrer noopener\" href=\"https:\/\/twitter.com\/globalbta\" target=\"_blank\"><strong>@GlobalBTA<\/strong><\/a><\/p>\n\n\n\n<p>GBTA Europa: <a rel=\"noreferrer noopener\" href=\"https:\/\/twitter.com\/gbtaeurope?lang=en\" target=\"_blank\"><strong>@GBTAEuropa<\/strong><\/a><\/p>\n\n\n\n<p>GBTA Am\u00e9rica Latina: <strong><a href=\"https:\/\/twitter.com\/GBTALATAM\" target=\"_blank\" rel=\"noreferrer noopener\">@GBTALATAM<\/a><\/strong><\/p>\n\n\n\n<p><strong>Duas op\u00e7\u00f5es:<\/strong><\/p>\n\n\n\n<div class=\"wp-block-columns is-layout-flex wp-container-core-columns-is-layout-1 wp-block-columns-is-layout-flex\">\n<div class=\"wp-block-column is-layout-flow wp-block-column-is-layout-flow\">\n<p><strong>Tweet patrocinado<\/strong><\/p>\n\n\n\n<figure class=\"wp-block-image size-full\"><img loading=\"lazy\" decoding=\"async\" width=\"744\" height=\"526\" src=\"https:\/\/gbta.org\/wp-content\/uploads\/Sponsored-Twitter-Replacement.png\" alt=\"sponsored twitter replacement\" class=\"wp-image-13829\" srcset=\"https:\/\/gbta.org\/wp-content\/uploads\/Sponsored-Twitter-Replacement.png 744w, https:\/\/gbta.org\/wp-content\/uploads\/Sponsored-Twitter-Replacement-300x212.png 300w, https:\/\/gbta.org\/wp-content\/uploads\/Sponsored-Twitter-Replacement-18x12.png 18w\" sizes=\"auto, (max-width: 744px) 100vw, 744px\" \/><\/figure>\n\n\n\n<p><strong>Pre\u00e7os:<\/strong><\/p>\n\n\n\n<ul class=\"wp-block-list\">\n<li>2 tweets patrocinados $500 USD<\/li>\n<\/ul>\n<\/div>\n\n\n\n<div class=\"wp-block-column is-layout-flow wp-block-column-is-layout-flow\">\n<p><strong>Foto do estande do Twitter<\/strong><\/p>\n\n\n\n<figure class=\"wp-block-image size-full is-resized\"><img loading=\"lazy\" decoding=\"async\" width=\"664\" height=\"721\" src=\"https:\/\/gbta.org\/wp-content\/uploads\/Twitter-Booth-Photo-Replacement.png\" alt=\"twitter booth photo replacement\" class=\"wp-image-13831\" style=\"width:567px;height:579px\" srcset=\"https:\/\/gbta.org\/wp-content\/uploads\/Twitter-Booth-Photo-Replacement.png 664w, https:\/\/gbta.org\/wp-content\/uploads\/Twitter-Booth-Photo-Replacement-276x300.png 276w, https:\/\/gbta.org\/wp-content\/uploads\/Twitter-Booth-Photo-Replacement-11x12.png 11w\" sizes=\"auto, (max-width: 664px) 100vw, 664px\" \/><\/figure>\n\n\n\n<p><strong>Pre\u00e7os:<\/strong> <\/p>\n\n\n\n<ul class=\"wp-block-list\">\n<li>$1.000 USD por postagem. Dispon\u00edvel na Conven\u00e7\u00e3o atrav\u00e9s de um Pacote de Visibilidade<\/li>\n<\/ul>\n<\/div>\n<\/div>\n<\/div><\/div>\n\n\n\n<div class=\"wp-block-kadence-tab kt-tab-inner-content kt-inner-tab-2 kt-inner-tab_cafb39-35\"><div class=\"kt-tab-inner-content-inner\">\n<p>Alcance profissionais de viagens de neg\u00f3cios altamente conectados durante suas atividades sociais pessoais fora dos canais de neg\u00f3cios tradicionais. A p\u00e1gina da empresa no Facebook da GBTA tem mais de 9.000 seguidores.<\/p>\n\n\n\n<p style=\"line-height:2\"><strong><a href=\"https:\/\/www.facebook.com\/GBTAonFB\" target=\"_blank\" rel=\"noreferrer noopener\">Curta GBTA no Facebook<\/a><br><a href=\"https:\/\/www.facebook.com\/gbta.america.latina\" target=\"_blank\" rel=\"noreferrer noopener\">Curta GBTA Am\u00e9rica Latina no Facebook<\/a><\/strong><\/p>\n\n\n\n<p><strong>Postagem patrocinada:<\/strong><\/p>\n\n\n\n<div class=\"wp-block-columns is-layout-flex wp-container-core-columns-is-layout-2 wp-block-columns-is-layout-flex\">\n<div class=\"wp-block-column is-layout-flow wp-block-column-is-layout-flow\" style=\"flex-basis:33.33%\">\n<figure class=\"wp-block-image size-full\"><img loading=\"lazy\" decoding=\"async\" width=\"657\" height=\"703\" src=\"https:\/\/gbta.org\/wp-content\/uploads\/facebook-post-replacement.png\" alt=\"facebook post replacement\" class=\"wp-image-13832\" srcset=\"https:\/\/gbta.org\/wp-content\/uploads\/facebook-post-replacement.png 657w, https:\/\/gbta.org\/wp-content\/uploads\/facebook-post-replacement-280x300.png 280w, https:\/\/gbta.org\/wp-content\/uploads\/facebook-post-replacement-11x12.png 11w\" sizes=\"auto, (max-width: 657px) 100vw, 657px\" \/><\/figure>\n\n\n\n<p><strong>Pre\u00e7os:<\/strong> <\/p>\n\n\n\n<ul class=\"wp-block-list\">\n<li>1 postagem patrocinada $500 USD<\/li>\n<\/ul>\n<\/div>\n\n\n\n<div class=\"wp-block-column is-layout-flow wp-block-column-is-layout-flow\" style=\"flex-basis:66.66%\"><\/div>\n<\/div>\n<\/div><\/div>\n<\/div><\/div><\/div>\n\n\n\n<div class=\"wp-block-buttons is-content-justification-center is-layout-flex wp-container-core-buttons-is-layout-1 wp-block-buttons-is-layout-flex\">\n<div class=\"wp-block-button\"><a class=\"wp-block-button__link wp-element-button\" href=\"https:\/\/gbta.org\/pt\/sponsor-and-exhibit\/sponsor-and-exhibit-contact\/\" target=\"_blank\" rel=\"noreferrer noopener\">INICIAR<\/a><\/div>\n<\/div>\n\n\n<style>.wp-block-kadence-spacer.kt-block-spacer-_828e06-8f .kt-block-spacer{height:20px;}.wp-block-kadence-spacer.kt-block-spacer-_828e06-8f .kt-divider{border-top-width:1px;height:1px;border-top-color:#eee;width:80%;border-top-style:solid;}<\/style>\n<div class=\"wp-block-kadence-spacer aligncenter kt-block-spacer-_828e06-8f\"><div class=\"kt-block-spacer kt-block-spacer-halign-center\"><hr class=\"kt-divider\"\/><\/div><\/div>","protected":false},"excerpt":{"rendered":"<p>Conecte-se com profissionais de viagens de neg\u00f3cios espec\u00edficos durante sua rotina social on-line di\u00e1ria. Coloque seus white papers ou pesquisas atraentes na rede social GBTA onde eles provavelmente estar\u00e3o\u2026<\/p>","protected":false},"author":25,"featured_media":10131,"parent":92,"menu_order":0,"comment_status":"closed","ping_status":"closed","template":"","meta":{"_acf_changed":false,"_seopress_robots_primary_cat":"","_seopress_titles_title":"","_seopress_titles_desc":"","_seopress_robots_index":"yes","om_disable_all_campaigns":false,"_relevanssi_hide_post":"","_relevanssi_hide_content":"","_relevanssi_pin_for_all":"","_relevanssi_pin_keywords":"","_relevanssi_unpin_keywords":"","_relevanssi_related_keywords":"","_relevanssi_related_include_ids":"","_relevanssi_related_exclude_ids":"","_relevanssi_related_no_append":"","_relevanssi_related_not_related":"","_relevanssi_related_posts":"1,415,661,662,664,666","_relevanssi_noindex_reason":"","_kad_blocks_custom_css":"","_kad_blocks_head_custom_js":"","_kad_blocks_body_custom_js":"","_kad_blocks_footer_custom_js":"","_kad_post_transparent":"","_kad_post_title":"","_kad_post_layout":"","_kad_post_sidebar_id":"","_kad_post_content_style":"","_kad_post_vertical_padding":"","_kad_post_feature":"","_kad_post_feature_position":"","_kad_post_header":false,"_kad_post_footer":false,"footnotes":"","_links_to":"","_links_to_target":""},"class_list":["post-3270","page","type-page","status-publish","has-post-thumbnail","hentry"],"acf":[],"featured_image_src_large":["https:\/\/gbta.org\/wp-content\/uploads\/sponsor-banner.jpg",920,300,false],"author_info":{"display_name":"jcampbell","author_link":"https:\/\/gbta.org\/pt\/author\/jcampbell\/"},"comment_info":"","taxonomy_info":[],"mfb_rest_fields":["featured_image_src_large","author_info","comment_info","taxonomy_info"],"_links":{"self":[{"href":"https:\/\/gbta.org\/pt\/wp-json\/wp\/v2\/pages\/3270","targetHints":{"allow":["GET"]}}],"collection":[{"href":"https:\/\/gbta.org\/pt\/wp-json\/wp\/v2\/pages"}],"about":[{"href":"https:\/\/gbta.org\/pt\/wp-json\/wp\/v2\/types\/page"}],"author":[{"embeddable":true,"href":"https:\/\/gbta.org\/pt\/wp-json\/wp\/v2\/users\/25"}],"replies":[{"embeddable":true,"href":"https:\/\/gbta.org\/pt\/wp-json\/wp\/v2\/comments?post=3270"}],"version-history":[{"count":0,"href":"https:\/\/gbta.org\/pt\/wp-json\/wp\/v2\/pages\/3270\/revisions"}],"up":[{"embeddable":true,"href":"https:\/\/gbta.org\/pt\/wp-json\/wp\/v2\/pages\/92"}],"wp:featuredmedia":[{"embeddable":true,"href":"https:\/\/gbta.org\/pt\/wp-json\/wp\/v2\/media\/10131"}],"wp:attachment":[{"href":"https:\/\/gbta.org\/pt\/wp-json\/wp\/v2\/media?parent=3270"}],"curies":[{"name":"wp","href":"https:\/\/api.w.org\/{rel}","templated":true}]}}