{"id":3294,"date":"2022-07-31T08:52:33","date_gmt":"2022-07-31T12:52:33","guid":{"rendered":"https:\/\/gbta.org\/?page_id=3294"},"modified":"2025-06-24T01:27:07","modified_gmt":"2025-06-24T05:27:07","slug":"video-marketing","status":"publish","type":"page","link":"https:\/\/gbta.org\/pt\/sponsor-exhibit\/video-marketing\/","title":{"rendered":"Marketing de v\u00eddeo"},"content":{"rendered":"<style>.kadence-column_622945-8e > .kt-inside-inner-col,.kadence-column_622945-8e > .kt-inside-inner-col:before{border-top-left-radius:0px;border-top-right-radius:0px;border-bottom-right-radius:0px;border-bottom-left-radius:0px;}.kadence-column_622945-8e > .kt-inside-inner-col{column-gap:var(--global-kb-gap-sm, 1rem);}.kadence-column_622945-8e > .kt-inside-inner-col{flex-direction:column;}.kadence-column_622945-8e > .kt-inside-inner-col > .aligncenter{width:100%;}.kadence-column_622945-8e > .kt-inside-inner-col:before{opacity:0.3;}.kadence-column_622945-8e{position:relative;}@media all and (max-width: 1024px){.kadence-column_622945-8e > .kt-inside-inner-col{flex-direction:column;}}@media all and (max-width: 767px){.kadence-column_622945-8e > .kt-inside-inner-col{flex-direction:column;}}<\/style>\n<div class=\"wp-block-kadence-column kadence-column_622945-8e inner-column-1\"><div class=\"kt-inside-inner-col\"><style>.kb-row-layout-id_f2bdbc-c4 > .kt-row-column-wrap{align-content:start;}:where(.kb-row-layout-id_f2bdbc-c4 > .kt-row-column-wrap) > .wp-block-kadence-column{justify-content:start;}.kb-row-layout-id_f2bdbc-c4 > .kt-row-column-wrap{column-gap:var(--global-kb-gap-md, 2rem);row-gap:var(--global-kb-gap-md, 2rem);padding-top:var(--global-kb-spacing-sm, 1.5rem);padding-bottom:var(--global-kb-spacing-sm, 1.5rem);grid-template-columns:minmax(0, 1fr) minmax(0, 2fr);}.kb-row-layout-id_f2bdbc-c4 > .kt-row-layout-overlay{opacity:0.30;}@media all and (max-width: 1024px){.kb-row-layout-id_f2bdbc-c4 > .kt-row-column-wrap{grid-template-columns:minmax(0, 1fr) minmax(0, 2fr);}}@media all and (max-width: 767px){.kb-row-layout-id_f2bdbc-c4 > .kt-row-column-wrap{grid-template-columns:minmax(0, 1fr);}}<\/style><div class=\"kb-row-layout-wrap kb-row-layout-id_f2bdbc-c4 alignnone wp-block-kadence-rowlayout\"><div class=\"kt-row-column-wrap kt-has-2-columns kt-row-layout-right-golden kt-tab-layout-inherit kt-mobile-layout-row kt-row-valign-top\">\n<style>.kadence-column_60f673-49 > .kt-inside-inner-col,.kadence-column_60f673-49 > .kt-inside-inner-col:before{border-top-left-radius:0px;border-top-right-radius:0px;border-bottom-right-radius:0px;border-bottom-left-radius:0px;}.kadence-column_60f673-49 > .kt-inside-inner-col{column-gap:var(--global-kb-gap-sm, 1rem);}.kadence-column_60f673-49 > .kt-inside-inner-col{flex-direction:column;}.kadence-column_60f673-49 > .kt-inside-inner-col > .aligncenter{width:100%;}.kadence-column_60f673-49 > .kt-inside-inner-col:before{opacity:0.3;}.kadence-column_60f673-49{position:relative;}@media all and (max-width: 1024px){.kadence-column_60f673-49 > .kt-inside-inner-col{flex-direction:column;}}@media all and (max-width: 767px){.kadence-column_60f673-49 > .kt-inside-inner-col{flex-direction:column;}}<\/style>\n<div class=\"wp-block-kadence-column kadence-column_60f673-49 inner-column-1\"><div class=\"kt-inside-inner-col\"><style>.kadence-column_f07acc-c4 > .kt-inside-inner-col{padding-top:15px;padding-right:15px;padding-bottom:15px;padding-left:15px;}.kadence-column_f07acc-c4 > .kt-inside-inner-col,.kadence-column_f07acc-c4 > .kt-inside-inner-col:before{border-top-left-radius:0px;border-top-right-radius:0px;border-bottom-right-radius:0px;border-bottom-left-radius:0px;}.kadence-column_f07acc-c4 > .kt-inside-inner-col{column-gap:var(--global-kb-gap-sm, 1rem);}.kadence-column_f07acc-c4 > .kt-inside-inner-col{flex-direction:column;}.kadence-column_f07acc-c4 > .kt-inside-inner-col > .aligncenter{width:100%;}.kadence-column_f07acc-c4 > .kt-inside-inner-col{background-color:var(--global-palette8, #F7FAFC);}.kadence-column_f07acc-c4 > .kt-inside-inner-col:before{opacity:0.3;}.kadence-column_f07acc-c4{position:relative;}.kadence-column_f07acc-c4, .kt-inside-inner-col > .kadence-column_f07acc-c4:not(.specificity){margin-top:0px;margin-right:0px;margin-bottom:0px;margin-left:0px;}@media all and (max-width: 1024px){.kadence-column_f07acc-c4 > .kt-inside-inner-col{flex-direction:column;}}@media all and (max-width: 767px){.kadence-column_f07acc-c4 > .kt-inside-inner-col{flex-direction:column;}}<\/style>\n<div class=\"wp-block-kadence-column kadence-column_f07acc-c4 inner-column-1\"><div class=\"kt-inside-inner-col\">\n<ul class=\"wp-block-list\">\n<li><a rel=\"noreferrer noopener\" href=\"https:\/\/gbta.org\/pt\/sponsor-exhibit\/digital-marketing\/\" target=\"_blank\"><strong>Marketing digital<\/strong><\/a><\/li>\n\n\n\n<li><strong><a rel=\"noreferrer noopener\" href=\"https:\/\/gbta.org\/pt\/sponsor-exhibit\/email-marketing\/\" target=\"_blank\">Marketing de email<\/a><\/strong><\/li>\n\n\n\n<li><strong><a rel=\"noreferrer noopener\" href=\"https:\/\/gbta.org\/pt\/sponsor-exhibit\/video-marketing\/\" target=\"_blank\">Marketing de v\u00eddeo<\/a><\/strong><\/li>\n\n\n\n<li><strong><a href=\"https:\/\/gbta.org\/pt\/sponsor-exhibit\/digital-marketing\/podcast\/\" data-type=\"URL\" data-id=\"https:\/\/gbta.org\/sponsor-exhibit\/digital-marketing\/podcast\/\">Marketing de podcast<\/a><\/strong><\/li>\n\n\n\n<li><strong><a href=\"https:\/\/gbta.org\/pt\/sponsor-exhibit\/social-media\/\">Marketing de m\u00eddia social<\/a><\/strong><\/li>\n\n\n\n<li><strong><a href=\"https:\/\/gbta.org\/pt\/sponsor-exhibit\/display-media\/\">M\u00eddia de exibi\u00e7\u00e3o<\/a><\/strong><\/li>\n<\/ul>\n<\/div><\/div>\n<\/div><\/div>\n\n\n<style>.kadence-column_055301-cd > .kt-inside-inner-col,.kadence-column_055301-cd > .kt-inside-inner-col:before{border-top-left-radius:0px;border-top-right-radius:0px;border-bottom-right-radius:0px;border-bottom-left-radius:0px;}.kadence-column_055301-cd > .kt-inside-inner-col{column-gap:var(--global-kb-gap-sm, 1rem);}.kadence-column_055301-cd > .kt-inside-inner-col{flex-direction:column;}.kadence-column_055301-cd > .kt-inside-inner-col > .aligncenter{width:100%;}.kadence-column_055301-cd > .kt-inside-inner-col:before{opacity:0.3;}.kadence-column_055301-cd{position:relative;}@media all and (max-width: 1024px){.kadence-column_055301-cd > .kt-inside-inner-col{flex-direction:column;}}@media all and (max-width: 767px){.kadence-column_055301-cd > .kt-inside-inner-col{flex-direction:column;}}<\/style>\n<div class=\"wp-block-kadence-column kadence-column_055301-cd inner-column-2\"><div class=\"kt-inside-inner-col\">\n<p>Envolva seus clientes em potencial com v\u00eddeos imersivos que contam a hist\u00f3ria da sua empresa e geram leads qualificados.<\/p>\n\n\n\n<p>Apresente o v\u00eddeo da sua empresa para profissionais de viagens de neg\u00f3cios direcionados em 3 ferramentas de v\u00eddeo: GBTA On Demand, GBTA Live! e Youtube. Use o v\u00eddeo para criar uma experi\u00eancia imersiva que gerar\u00e1 leads qualificados e aumentar\u00e1 o reconhecimento da marca.<\/p>\n<\/div><\/div>\n\n<\/div><\/div><\/div><\/div>\n\n\n<style>.kt-tabs-id_070bb1-13 > .kt-tabs-content-wrap > .wp-block-kadence-tab{border-top:3px solid #4f5157;border-right:0px solid #4f5157;border-bottom:0px solid #4f5157;border-left:0px solid #4f5157;border-top-left-radius:0px;border-top-right-radius:0px;border-bottom-right-radius:0px;border-bottom-left-radius:0px;padding-top:35px;padding-right:0px;padding-bottom:85px;padding-left:0px;background:#ffffff;}.wp-block-kadence-tabs .kt-tabs-id_070bb1-13 > .kt-tabs-title-list li{margin-top:0px;margin-right:8px;margin-bottom:0px;margin-left:0px;}.wp-block-kadence-tabs .kt-tabs-id_070bb1-13 > .kt-tabs-title-list li:last-child{margin-right:0px;}.wp-block-kadence-tabs .kt-tabs-id_070bb1-13 > .kt-tabs-title-list li .kt-tab-title, .wp-block-kadence-tabs .kt-tabs-id_070bb1-13 > .kt-tabs-content-wrap > .kt-tabs-accordion-title .kt-tab-title{line-height:1em;font-weight:bold;font-style:normal;border-top-width:0px;border-right-width:0px;border-bottom-width:0px;border-left-width:0px;border-top-left-radius:10px;border-top-right-radius:10px;border-bottom-right-radius:0px;border-bottom-left-radius:0px;padding-top:16px;padding-right:20px;padding-bottom:16px;padding-left:20px;border-color:#eeeeee;color:#222222;background:#eeeeee;}.wp-block-kadence-tabs .kt-tabs-id_070bb1-13 > .kt-tabs-content-wrap > .kt-tabs-accordion-title .kt-tab-title{margin-top:0px;margin-right:8px;margin-bottom:0px;margin-left:0px;}.wp-block-kadence-tabs .kt-tabs-id_070bb1-13 > .kt-tabs-title-list li .kt-tab-title:hover, .wp-block-kadence-tabs .kt-tabs-id_070bb1-13 > .kt-tabs-content-wrap > .kt-tabs-accordion-title .kt-tab-title:hover{border-color:#eeeeee;color:#ffffff;background:#ff6200;}.wp-block-kadence-tabs .kt-tabs-id_070bb1-13 > .kt-tabs-title-list li.kt-tab-title-active .kt-tab-title, .wp-block-kadence-tabs .kt-tabs-id_070bb1-13 > .kt-tabs-content-wrap > .kt-tabs-accordion-title.kt-tab-title-active .kt-tab-title{border-color:#eeeeee;color:#ffffff;background:#ff6200;}@media all and (max-width: 1024px){.kt-tabs-id_070bb1-13 > .kt-tabs-content-wrap > .wp-block-kadence-tab{border-top:3px solid #4f5157;border-right:0px solid #4f5157;border-bottom:0px solid #4f5157;border-left:0px solid #4f5157;}}@media all and (max-width: 767px){.kt-tabs-id_070bb1-13 > .kt-tabs-content-wrap > .wp-block-kadence-tab{border-top:3px solid #4f5157;border-right:0px solid #4f5157;border-bottom:0px solid #4f5157;border-left:0px solid #4f5157;}}<\/style>\n<div class=\"wp-block-kadence-tabs alignnone\"><div class=\"kt-tabs-wrap kt-tabs-id_070bb1-13 kt-tabs-has-3-tabs kt-active-tab-1 kt-tabs-layout-tabs kt-tabs-tablet-layout-inherit kt-tabs-mobile-layout-inherit kt-tab-alignment-left\"><ul class=\"kt-tabs-title-list\"><li id=\"tab-gbtaondemand\" class=\"kt-title-item kt-title-item-1 kt-tabs-svg-show-always kt-tabs-icon-side-right kt-tab-title-active\"><a href=\"#tab-gbtaondemand\" data-tab=\"1\" class=\"kt-tab-title kt-tab-title-1\"><span class=\"kt-title-text\">GBTA SOB DEMANDA<\/span><\/a><\/li><li id=\"tab-gbtalive\" class=\"kt-title-item kt-title-item-2 kt-tabs-svg-show-always kt-tabs-icon-side-right kt-tab-title-inactive\"><a href=\"#tab-gbtalive\" data-tab=\"2\" class=\"kt-tab-title kt-tab-title-2\"><span class=\"kt-title-text\">GBTA AO VIVO!<\/span><\/a><\/li><li id=\"tab-gbtavideoadnetworkpoweredbyyoutube\" class=\"kt-title-item kt-title-item-3 kt-tabs-svg-show-always kt-tabs-icon-side-right kt-tab-title-inactive\"><a href=\"#tab-gbtavideoadnetworkpoweredbyyoutube\" data-tab=\"3\" class=\"kt-tab-title kt-tab-title-3\"><span class=\"kt-title-text\">REDE DE AN\u00daNCIOS DE V\u00cdDEO GBTA \u2013 ALIMENTADO PELO YOUTUBE\u2122<\/span><\/a><\/li><\/ul><div class=\"kt-tabs-content-wrap\">\n<div class=\"wp-block-kadence-tab kt-tab-inner-content kt-inner-tab-1 kt-inner-tab_f26fe9-38\"><div class=\"kt-tab-inner-content-inner\">\n<p>Promova sua marca para um grupo seletivo de profissionais de viagens de neg\u00f3cios fazendo com que seus an\u00fancios sejam exibidos antes do banco de dados de conven\u00e7\u00e3o, confer\u00eancia e conte\u00fado de v\u00eddeo de webinar da GBTA. GBTA On Demand \u00e9 um recurso exclusivo para membros com conte\u00fado dos eventos globais mais recentes a webinars apenas virtuais.<\/p>\n\n\n<div class=\"wp-block-image\">\n<figure class=\"aligncenter size-large\"><img loading=\"lazy\" decoding=\"async\" width=\"1024\" height=\"477\" src=\"https:\/\/gbta.org\/wp-content\/uploads\/GBTA-On-Demand-1-1024x477.png\" alt=\"gbta on demand 1\" class=\"wp-image-13828\" srcset=\"https:\/\/gbta.org\/wp-content\/uploads\/GBTA-On-Demand-1-1024x477.png 1024w, https:\/\/gbta.org\/wp-content\/uploads\/GBTA-On-Demand-1-300x140.png 300w, https:\/\/gbta.org\/wp-content\/uploads\/GBTA-On-Demand-1-768x357.png 768w, https:\/\/gbta.org\/wp-content\/uploads\/GBTA-On-Demand-1-1536x715.png 1536w, https:\/\/gbta.org\/wp-content\/uploads\/GBTA-On-Demand-1-18x8.png 18w, https:\/\/gbta.org\/wp-content\/uploads\/GBTA-On-Demand-1.png 1646w\" sizes=\"auto, (max-width: 1024px) 100vw, 1024px\" \/><\/figure><\/div>\n\n\n<p><strong>Pre\u00e7os para branding e patroc\u00ednio completos do site:<\/strong><\/p>\n\n\n\n<ul class=\"wp-block-list\">\n<li>Conven\u00e7\u00e3o GBTA On Demand \u2013 $30.000 USD<\/li>\n\n\n\n<li>GBTA Canada Conference On Demand - $20.000 CAD<\/li>\n\n\n\n<li>GBTA Europe Conference On Demand \u2013 \u20ac 12.500<\/li>\n\n\n\n<li>GBTA Mexico Conference On Demand \u2013 $11.500 USD<\/li>\n<\/ul>\n\n\n\n<p><\/p>\n\n\n\n<p><\/p>\n<\/div><\/div>\n\n\n\n<div class=\"wp-block-kadence-tab kt-tab-inner-content kt-inner-tab-2 kt-inner-tab_3ebfad-26\"><div class=\"kt-tab-inner-content-inner\">\n<p>Gere conscientiza\u00e7\u00e3o e tr\u00e1fego para seu estande com seu comercial tocando durante a programa\u00e7\u00e3o GBTA LIVE em telas em locais de alto tr\u00e1fego em todo o centro de conven\u00e7\u00f5es ou confer\u00eancias.<\/p>\n\n\n<div class=\"wp-block-image\">\n<figure class=\"aligncenter size-large\"><img loading=\"lazy\" decoding=\"async\" width=\"1024\" height=\"512\" src=\"https:\/\/gbta.org\/wp-content\/uploads\/gbta-live-1024x512.png\" alt=\"gbta live\" class=\"wp-image-3298\" srcset=\"https:\/\/gbta.org\/wp-content\/uploads\/gbta-live-1024x512.png 1024w, https:\/\/gbta.org\/wp-content\/uploads\/gbta-live-300x150.png 300w, https:\/\/gbta.org\/wp-content\/uploads\/gbta-live-768x384.png 768w, https:\/\/gbta.org\/wp-content\/uploads\/gbta-live.png 1200w\" sizes=\"auto, (max-width: 1024px) 100vw, 1024px\" \/><\/figure><\/div>\n\n\n<p><strong>Pre\u00e7os:<\/strong><\/p>\n\n\n\n<ul class=\"wp-block-list\">\n<li>As op\u00e7\u00f5es est\u00e3o dispon\u00edveis em Pacotes de Visibilidade por evento.<\/li>\n<\/ul>\n<\/div><\/div>\n\n\n\n<div class=\"wp-block-kadence-tab kt-tab-inner-content kt-inner-tab-3 kt-inner-tab_a865a9-98\"><div class=\"kt-tab-inner-content-inner\">\n<p>Promova sua organiza\u00e7\u00e3o, alcance profissionais de viagens de neg\u00f3cios e gere novos neg\u00f3cios por meio da GBTA Video Ad Network \u2013 Powered by YouTube\u2122. Aproveite a rede de an\u00fancios altamente segmentada do GBTA com an\u00fancios em v\u00eddeo. Alcance profissionais de viagens de neg\u00f3cios durante sua experi\u00eancia de visualiza\u00e7\u00e3o no YouTube\u2122 com seus an\u00fancios em v\u00eddeo personalizados.<\/p>\n\n\n<div class=\"wp-block-image\">\n<figure class=\"aligncenter size-large\"><img loading=\"lazy\" decoding=\"async\" width=\"1024\" height=\"512\" src=\"https:\/\/gbta.org\/wp-content\/uploads\/gbta-video-add-network-1024x512.png\" alt=\"gbta video add network\" class=\"wp-image-3299\" srcset=\"https:\/\/gbta.org\/wp-content\/uploads\/gbta-video-add-network-1024x512.png 1024w, https:\/\/gbta.org\/wp-content\/uploads\/gbta-video-add-network-300x150.png 300w, https:\/\/gbta.org\/wp-content\/uploads\/gbta-video-add-network-768x384.png 768w, https:\/\/gbta.org\/wp-content\/uploads\/gbta-video-add-network.png 1200w\" sizes=\"auto, (max-width: 1024px) 100vw, 1024px\" \/><\/figure><\/div>\n\n\n<p><strong>Pre\u00e7os:<\/strong><\/p>\n\n\n\n<ul class=\"wp-block-list\">\n<li>20.000 impress\u00f5es focadas em um m\u00eas<\/li>\n\n\n\n<li>$9.995 Op\u00e7\u00f5es com foco regional dispon\u00edveis.<\/li>\n<\/ul>\n<\/div><\/div>\n<\/div><\/div><\/div>\n\n\n\n<div class=\"wp-block-buttons is-content-justification-center is-layout-flex wp-container-core-buttons-is-layout-1 wp-block-buttons-is-layout-flex\">\n<div class=\"wp-block-button\"><a class=\"wp-block-button__link wp-element-button\" href=\"https:\/\/gbta.org\/pt\/sponsor-and-exhibit\/sponsor-and-exhibit-contact\/\" target=\"_blank\" rel=\"noreferrer noopener\">INICIAR<\/a><\/div>\n<\/div>","protected":false},"excerpt":{"rendered":"<p>Envolva seus clientes potenciais com v\u00eddeos envolventes que contam a hist\u00f3ria da sua empresa e geram leads qualificados. Apresente o v\u00eddeo da sua empresa para profissionais de viagens de neg\u00f3cios direcionados em tr\u00eas ferramentas de v\u00eddeo: GBTA\u2026<\/p>","protected":false},"author":25,"featured_media":10131,"parent":23520,"menu_order":0,"comment_status":"closed","ping_status":"closed","template":"","meta":{"_acf_changed":false,"_seopress_robots_primary_cat":"","_seopress_titles_title":"","_seopress_titles_desc":"","_seopress_robots_index":"yes","om_disable_all_campaigns":false,"_relevanssi_hide_post":"","_relevanssi_hide_content":"","_relevanssi_pin_for_all":"","_relevanssi_pin_keywords":"","_relevanssi_unpin_keywords":"","_relevanssi_related_keywords":"","_relevanssi_related_include_ids":"","_relevanssi_related_exclude_ids":"","_relevanssi_related_no_append":"","_relevanssi_related_not_related":"","_relevanssi_related_posts":"1,415,661,662,664,666","_relevanssi_noindex_reason":"","_kad_blocks_custom_css":"","_kad_blocks_head_custom_js":"","_kad_blocks_body_custom_js":"","_kad_blocks_footer_custom_js":"","_kad_post_transparent":"","_kad_post_title":"","_kad_post_layout":"","_kad_post_sidebar_id":"","_kad_post_content_style":"","_kad_post_vertical_padding":"","_kad_post_feature":"","_kad_post_feature_position":"","_kad_post_header":false,"_kad_post_footer":false,"footnotes":"","_links_to":"","_links_to_target":""},"class_list":["post-3294","page","type-page","status-publish","has-post-thumbnail","hentry"],"acf":[],"featured_image_src_large":["https:\/\/gbta.org\/wp-content\/uploads\/sponsor-banner.jpg",920,300,false],"author_info":{"display_name":"jcampbell","author_link":"https:\/\/gbta.org\/pt\/author\/jcampbell\/"},"comment_info":"","taxonomy_info":[],"featured_image_src":"https:\/\/gbta.org\/wp-content\/uploads\/sponsor-banner.jpg","featured_image_src_square":"https:\/\/gbta.org\/wp-content\/uploads\/sponsor-banner.jpg","mfb_rest_fields":["featured_image_src_large","author_info","comment_info","taxonomy_info","featured_image_src","featured_image_src_square"],"_links":{"self":[{"href":"https:\/\/gbta.org\/pt\/wp-json\/wp\/v2\/pages\/3294","targetHints":{"allow":["GET"]}}],"collection":[{"href":"https:\/\/gbta.org\/pt\/wp-json\/wp\/v2\/pages"}],"about":[{"href":"https:\/\/gbta.org\/pt\/wp-json\/wp\/v2\/types\/page"}],"author":[{"embeddable":true,"href":"https:\/\/gbta.org\/pt\/wp-json\/wp\/v2\/users\/25"}],"replies":[{"embeddable":true,"href":"https:\/\/gbta.org\/pt\/wp-json\/wp\/v2\/comments?post=3294"}],"version-history":[{"count":1,"href":"https:\/\/gbta.org\/pt\/wp-json\/wp\/v2\/pages\/3294\/revisions"}],"predecessor-version":[{"id":24072,"href":"https:\/\/gbta.org\/pt\/wp-json\/wp\/v2\/pages\/3294\/revisions\/24072"}],"up":[{"embeddable":true,"href":"https:\/\/gbta.org\/pt\/wp-json\/wp\/v2\/pages\/23520"}],"wp:featuredmedia":[{"embeddable":true,"href":"https:\/\/gbta.org\/pt\/wp-json\/wp\/v2\/media\/10131"}],"wp:attachment":[{"href":"https:\/\/gbta.org\/pt\/wp-json\/wp\/v2\/media?parent=3294"}],"curies":[{"name":"wp","href":"https:\/\/api.w.org\/{rel}","templated":true}]}}