{"id":3424,"date":"2022-08-01T05:33:39","date_gmt":"2022-08-01T09:33:39","guid":{"rendered":"https:\/\/gbta.org\/?page_id=3424"},"modified":"2022-08-15T10:31:17","modified_gmt":"2022-08-15T14:31:17","slug":"gbta-hub-help","status":"publish","type":"page","link":"https:\/\/gbta.org\/pt\/gbta-hub-help\/","title":{"rendered":"Ajuda do GBTA Hub"},"content":{"rendered":"<div class=\"wp-block-columns is-layout-flex wp-container-core-columns-is-layout-1 wp-block-columns-is-layout-flex\">\n<div class=\"wp-block-column has-background is-layout-flow wp-block-column-is-layout-flow\" style=\"background-color:#c7c7c933;padding-top:30px;padding-right:20px;padding-bottom:30px;padding-left:30px;flex-basis:25%\"><h4 class=\"wp-block-heading\" id=\"membership\">Filia\u00e7\u00e3o<\/h4>\n\n\n<p style=\"line-height:1.5\"><br><strong><a href=\"https:\/\/gbta.org\/pt\/membership-and-communities\/membership\/member-benefits\/\" target=\"_blank\" rel=\"noreferrer noopener\">Benef\u00edcios e pre\u00e7os para membros<\/a><\/strong><a rel=\"noreferrer noopener\" href=\"https:\/\/gbta.org\/pt\/professional-development\/global-travel-professional-certification-gtp\/\" data-type=\"URL\" data-id=\"https:\/\/gbta.org\/professional-development\/global-travel-professional-certification-gtp\" target=\"_blank\"><br><\/a><br><a href=\"https:\/\/www3.gbta.org\/join-gbta?_ga=2.102189697.1840615630.1660538740-1494869180.1658985915\" target=\"_blank\" rel=\"noreferrer noopener\"><strong>Junte-se ao GBTA<\/strong><\/a><a rel=\"noreferrer noopener\" href=\"https:\/\/gbta.org\/pt\/professional-development\/gtp-certification\/gtp-recertification\/\" data-type=\"URL\" data-id=\"https:\/\/gbta.org\/professional-development\/gtp-certification\/gtp-recertification\" target=\"_blank\"><strong><br><\/strong><\/a><br><strong><a href=\"https:\/\/gbta.org\/pt\/myaccount\/?actionurl=renewal\" target=\"_blank\" rel=\"noreferrer noopener\">Renovar associa\u00e7\u00e3o<\/a><\/strong><\/p>\n\n\n\n<p style=\"line-height:1.5\"><strong><a href=\"https:\/\/gbta.org\/pt\/membership-communities\/membership\/ladders-mentoring\/\" target=\"_blank\" rel=\"noreferrer noopener\">Mentoria de escadas<\/a><\/strong><\/p>\n\n\n\n<p style=\"line-height:1.5\"><strong><a href=\"https:\/\/gbta.org\/pt\/sponsor-exhibit\/contact-us\/\" target=\"_blank\" rel=\"noreferrer noopener\">Contate-nos<\/a><\/strong><\/p>\n\n\n\n<p style=\"line-height:1.5\"><strong><a href=\"https:\/\/gbta.org\/pt\/membership\/gbta-hub-help\/\" target=\"_blank\" rel=\"noreferrer noopener\">Ajuda do GBTA Hub<\/a><\/strong><\/p>\n\n\n<style>.wp-block-kadence-spacer.kt-block-spacer-_ec69de-a1 .kt-block-spacer{height:20px;}.wp-block-kadence-spacer.kt-block-spacer-_ec69de-a1 .kt-divider{border-top-width:1px;height:1px;border-top-color:#eee;width:80%;border-top-style:solid;}<\/style>\n<div class=\"wp-block-kadence-spacer aligncenter kt-block-spacer-_ec69de-a1\"><div class=\"kt-block-spacer kt-block-spacer-halign-center\"><hr class=\"kt-divider\" \/><\/div><\/div>\n<\/div>\n\n\n\n<div class=\"wp-block-column is-layout-flow wp-block-column-is-layout-flow\" style=\"flex-basis:66.66%\"><h2 class=\"wp-block-heading\" id=\"gbta-hub-help\">Ajuda do GBTA Hub<\/h2>\n\n<style>.wp-block-kadence-advancedheading.kt-adv-heading_d7ff20-47, .wp-block-kadence-advancedheading.kt-adv-heading_d7ff20-47[data-kb-block=\"kb-adv-heading_d7ff20-47\"]{font-style:normal;}.wp-block-kadence-advancedheading.kt-adv-heading_d7ff20-47 mark.kt-highlight, .wp-block-kadence-advancedheading.kt-adv-heading_d7ff20-47[data-kb-block=\"kb-adv-heading_d7ff20-47\"] mark.kt-highlight{font-style:normal;color:#f76a0c;-webkit-box-decoration-break:clone;box-decoration-break:clone;padding-top:0px;padding-right:0px;padding-bottom:0px;padding-left:0px;}<\/style>\n<h3 class=\"kt-adv-heading_d7ff20-47 wp-block-kadence-advancedheading\" data-kb-block=\"kb-adv-heading_d7ff20-47\">Aprenda com os principais especialistas do setor de viagens de neg\u00f3cios.<\/h3>\n<\/div>\n<\/div>\n\n\n<style>.wp-block-kadence-advancedheading.kt-adv-heading_a2ad45-77, .wp-block-kadence-advancedheading.kt-adv-heading_a2ad45-77[data-kb-block=\"kb-adv-heading_a2ad45-77\"]{font-style:normal;}.wp-block-kadence-advancedheading.kt-adv-heading_a2ad45-77 mark.kt-highlight, .wp-block-kadence-advancedheading.kt-adv-heading_a2ad45-77[data-kb-block=\"kb-adv-heading_a2ad45-77\"] mark.kt-highlight{font-style:normal;color:#f76a0c;-webkit-box-decoration-break:clone;box-decoration-break:clone;padding-top:0px;padding-right:0px;padding-bottom:0px;padding-left:0px;}<\/style>\n<h2 class=\"kt-adv-heading_a2ad45-77 wp-block-kadence-advancedheading\" data-kb-block=\"kb-adv-heading_a2ad45-77\">Benef\u00edcios do GBTA Hub<\/h2>\n\n\n<style>#kt-layout-id_69d9d9-c0 > .kt-row-column-wrap{align-content:start;}:where(#kt-layout-id_69d9d9-c0 > .kt-row-column-wrap) > .wp-block-kadence-column{justify-content:start;}#kt-layout-id_69d9d9-c0 > .kt-row-column-wrap{column-gap:var(--global-kb-gap-md, 2rem);row-gap:var(--global-kb-gap-md, 2rem);max-width:var( --global-content-width, 1440px );padding-left:var(--global-content-edge-padding);padding-right:var(--global-content-edge-padding);padding-top:var( --global-kb-row-default-top, 25px );padding-bottom:var( --global-kb-row-default-bottom, 25px );padding-top:0px;padding-bottom:15px;padding-left:0px;padding-right:0px;grid-template-columns:minmax(0, 1fr);}#kt-layout-id_69d9d9-c0 > .kt-row-layout-overlay{opacity:0.30;}@media all and (max-width: 1024px){#kt-layout-id_69d9d9-c0 > .kt-row-column-wrap{grid-template-columns:minmax(0, 1fr);}}@media all and (max-width: 767px){#kt-layout-id_69d9d9-c0 > .kt-row-column-wrap{grid-template-columns:minmax(0, 1fr);}}<\/style>\n<section class=\"wp-block-kadence-rowlayout alignnone\"><div id=\"kt-layout-id_69d9d9-c0\" class=\"kt-row-layout-inner kt-layout-id_69d9d9-c0\"><div class=\"kt-row-column-wrap kt-has-1-columns kt-gutter-default kt-v-gutter-default kt-row-valign-top kt-row-layout-equal kt-tab-layout-inherit kt-m-colapse-left-to-right kt-mobile-layout-row kb-theme-content-width\"><style>.kadence-column_dc38ae-11 > .kt-inside-inner-col{border-top-width:0px;border-right-width:0px;border-bottom-width:0px;border-left-width:0px;}.kadence-column_dc38ae-11 > .kt-inside-inner-col,.kadence-column_dc38ae-11 > .kt-inside-inner-col:before{border-top-left-radius:0px;border-top-right-radius:0px;border-bottom-right-radius:0px;border-bottom-left-radius:0px;}.kadence-column_dc38ae-11 > .kt-inside-inner-col{column-gap:var(--global-kb-gap-sm, 1rem);}.kadence-column_dc38ae-11 > .kt-inside-inner-col{flex-direction:column;}.kadence-column_dc38ae-11 > .kt-inside-inner-col > .aligncenter{width:100%;}.kadence-column_dc38ae-11 > .kt-inside-inner-col:before{opacity:0.3;}.kadence-column_dc38ae-11{position:relative;}@media all and (max-width: 1024px){.kadence-column_dc38ae-11 > .kt-inside-inner-col{flex-direction:column;}}@media all and (max-width: 767px){.kadence-column_dc38ae-11 > .kt-inside-inner-col{flex-direction:column;}}<\/style>\n<div class=\"wp-block-kadence-column inner-column-1 kadence-column_dc38ae-11\"><div class=\"kt-inside-inner-col\"><style>.kt-accordion-id_263dca-5c .kt-accordion-inner-wrap{column-gap:var(--global-kb-gap-md, 2rem);row-gap:0px;}.kt-accordion-id_263dca-5c .kt-accordion-panel-inner{border-top-width:0px;border-right-width:0px;border-bottom-width:0px;border-left-width:0px;padding-top:var(--global-kb-spacing-sm, 1.5rem);padding-right:var(--global-kb-spacing-sm, 1.5rem);padding-bottom:var(--global-kb-spacing-sm, 1.5rem);padding-left:var(--global-kb-spacing-sm, 1.5rem);}.kt-accordion-id_263dca-5c .wp-block-kadence-pane .kt-accordion-header-wrap .kt-blocks-accordion-header{border-top-color:#555555;border-right-color:#555555;border-bottom-color:#555555;border-left-color:#555555;border-top-width:0px;border-right-width:0px;border-bottom-width:0px;border-left-width:0px;border-top-left-radius:0px;border-top-right-radius:0px;border-bottom-right-radius:0px;border-bottom-left-radius:0px;background:#f2f2f2;font-size:18px;line-height:24px;color:#555555;padding-top:10px;padding-right:14px;padding-bottom:10px;padding-left:14px;}.kt-accordion-id_263dca-5c:not( .kt-accodion-icon-style-basiccircle ):not( .kt-accodion-icon-style-xclosecircle ):not( .kt-accodion-icon-style-arrowcircle ) .kt-blocks-accordion-icon-trigger:after, .kt-accordion-id_263dca-5c:not( .kt-accodion-icon-style-basiccircle ):not( .kt-accodion-icon-style-xclosecircle ):not( .kt-accodion-icon-style-arrowcircle ) .kt-blocks-accordion-icon-trigger:before{background:#555555;}.kt-accordion-id_263dca-5c:not( .kt-accodion-icon-style-basic ):not( .kt-accodion-icon-style-xclose ):not( .kt-accodion-icon-style-arrow ) .kt-blocks-accordion-icon-trigger{background:#555555;}.kt-accordion-id_263dca-5c:not( .kt-accodion-icon-style-basic ):not( .kt-accodion-icon-style-xclose ):not( .kt-accodion-icon-style-arrow ) .kt-blocks-accordion-icon-trigger:after, .kt-accordion-id_263dca-5c:not( .kt-accodion-icon-style-basic ):not( .kt-accodion-icon-style-xclose ):not( .kt-accodion-icon-style-arrow ) .kt-blocks-accordion-icon-trigger:before{background:#f2f2f2;}.kt-accordion-id_263dca-5c .kt-accordion-header-wrap .kt-blocks-accordion-header:hover, body:not(.hide-focus-outline) .kt-accordion-id_263dca-5c .kt-accordion-header-wrap .kt-blocks-accordion-header:focus-visible{color:#444444;background:#eeeeee;border-top-color:#eeeeee;border-right-color:#eeeeee;border-bottom-color:#eeeeee;border-left-color:#eeeeee;}.kt-accordion-id_263dca-5c:not( .kt-accodion-icon-style-basiccircle ):not( .kt-accodion-icon-style-xclosecircle ):not( .kt-accodion-icon-style-arrowcircle ) .kt-blocks-accordion-header:hover .kt-blocks-accordion-icon-trigger:after, .kt-accordion-id_263dca-5c:not( .kt-accodion-icon-style-basiccircle ):not( .kt-accodion-icon-style-xclosecircle ):not( .kt-accodion-icon-style-arrowcircle ) .kt-blocks-accordion-header:hover .kt-blocks-accordion-icon-trigger:before, body:not(.hide-focus-outline) .kt-accordion-id_263dca-5c:not( .kt-accodion-icon-style-basiccircle ):not( .kt-accodion-icon-style-xclosecircle ):not( .kt-accodion-icon-style-arrowcircle ) .kt-blocks-accordion--visible .kt-blocks-accordion-icon-trigger:after, body:not(.hide-focus-outline) .kt-accordion-id_263dca-5c:not( .kt-accodion-icon-style-basiccircle ):not( .kt-accodion-icon-style-xclosecircle ):not( .kt-accodion-icon-style-arrowcircle ) .kt-blocks-accordion-header:focus-visible .kt-blocks-accordion-icon-trigger:before{background:#444444;}.kt-accordion-id_263dca-5c:not( .kt-accodion-icon-style-basic ):not( .kt-accodion-icon-style-xclose ):not( .kt-accodion-icon-style-arrow ) .kt-blocks-accordion-header:hover .kt-blocks-accordion-icon-trigger, body:not(.hide-focus-outline) .kt-accordion-id_263dca-5c:not( .kt-accodion-icon-style-basic ):not( .kt-accodion-icon-style-xclose ):not( .kt-accodion-icon-style-arrow ) .kt-blocks-accordion-header:focus-visible .kt-blocks-accordion-icon-trigger{background:#444444;}.kt-accordion-id_263dca-5c:not( .kt-accodion-icon-style-basic ):not( .kt-accodion-icon-style-xclose ):not( .kt-accodion-icon-style-arrow ) .kt-blocks-accordion-header:hover .kt-blocks-accordion-icon-trigger:after, .kt-accordion-id_263dca-5c:not( .kt-accodion-icon-style-basic ):not( .kt-accodion-icon-style-xclose ):not( .kt-accodion-icon-style-arrow ) .kt-blocks-accordion-header:hover .kt-blocks-accordion-icon-trigger:before, body:not(.hide-focus-outline) .kt-accordion-id_263dca-5c:not( .kt-accodion-icon-style-basic ):not( .kt-accodion-icon-style-xclose ):not( .kt-accodion-icon-style-arrow ) .kt-blocks-accordion-header:focus-visible .kt-blocks-accordion-icon-trigger:after, body:not(.hide-focus-outline) .kt-accordion-id_263dca-5c:not( .kt-accodion-icon-style-basic ):not( .kt-accodion-icon-style-xclose ):not( .kt-accodion-icon-style-arrow ) .kt-blocks-accordion-header:focus-visible .kt-blocks-accordion-icon-trigger:before{background:#eeeeee;}.kt-accordion-id_263dca-5c .kt-accordion-header-wrap .kt-blocks-accordion-header:focus-visible, .kt-accordion-id_263dca-5c .kt-accordion-header-wrap .kt-blocks-accordion-header.kt-accordion-panel-active{color:#ffffff;background:#444444;border-top-color:#444444;border-right-color:#444444;border-bottom-color:#444444;border-left-color:#444444;}.kt-accordion-id_263dca-5c:not( .kt-accodion-icon-style-basiccircle ):not( .kt-accodion-icon-style-xclosecircle ):not( .kt-accodion-icon-style-arrowcircle ) .kt-blocks-accordion-header.kt-accordion-panel-active .kt-blocks-accordion-icon-trigger:after, .kt-accordion-id_263dca-5c:not( .kt-accodion-icon-style-basiccircle ):not( .kt-accodion-icon-style-xclosecircle ):not( .kt-accodion-icon-style-arrowcircle ) .kt-blocks-accordion-header.kt-accordion-panel-active .kt-blocks-accordion-icon-trigger:before{background:#ffffff;}.kt-accordion-id_263dca-5c:not( .kt-accodion-icon-style-basic ):not( .kt-accodion-icon-style-xclose ):not( .kt-accodion-icon-style-arrow ) .kt-blocks-accordion-header.kt-accordion-panel-active .kt-blocks-accordion-icon-trigger{background:#ffffff;}.kt-accordion-id_263dca-5c:not( .kt-accodion-icon-style-basic ):not( .kt-accodion-icon-style-xclose ):not( .kt-accodion-icon-style-arrow ) .kt-blocks-accordion-header.kt-accordion-panel-active .kt-blocks-accordion-icon-trigger:after, .kt-accordion-id_263dca-5c:not( .kt-accodion-icon-style-basic ):not( .kt-accodion-icon-style-xclose ):not( .kt-accodion-icon-style-arrow ) .kt-blocks-accordion-header.kt-accordion-panel-active .kt-blocks-accordion-icon-trigger:before{background:#444444;}@media all and (max-width: 767px){.kt-accordion-id_263dca-5c .kt-accordion-inner-wrap{display:block;}.kt-accordion-id_263dca-5c .kt-accordion-inner-wrap .kt-accordion-pane:not(:first-child){margin-top:0px;}}<\/style>\n<div class=\"wp-block-kadence-accordion alignnone\"><div class=\"kt-accordion-wrap kt-accordion-wrap kt-accordion-id_263dca-5c kt-accordion-has-5-panes kt-active-pane-0 kt-accordion-block kt-pane-header-alignment-left kt-accodion-icon-style-basic kt-accodion-icon-side-right\" style=\"max-width:none\"><div class=\"kt-accordion-inner-wrap\" data-allow-multiple-open=\"false\" data-start-open=\"0\">\n<div class=\"wp-block-kadence-pane kt-accordion-pane kt-accordion-pane-1 kt-pane_04bcd4-c9\"><div class=\"kt-accordion-header-wrap\"><button class=\"kt-blocks-accordion-header kt-acccordion-button-label-show\"><span class=\"kt-blocks-accordion-title-wrap\"><span class=\"kt-blocks-accordion-title\">Networking - Diret\u00f3rio de Membros<\/span><\/span><span class=\"kt-blocks-accordion-icon-trigger\"><\/span><\/button><\/div><div class=\"kt-accordion-panel kt-accordion-panel-hidden\"><div class=\"kt-accordion-panel-inner\">\n<ul class=\"wp-block-list\"><li>Acesso a informa\u00e7\u00f5es de contato direto<\/li><li>Capacidade de se conectar atrav\u00e9s do GBTA Hub<\/li><li>Membros de todos os pa\u00edses, segmentos da ind\u00fastria, fun\u00e7\u00f5es<\/li><\/ul>\n<\/div><\/div><\/div>\n\n\n\n<div class=\"wp-block-kadence-pane kt-accordion-pane kt-accordion-pane-2 kt-pane_5a867f-2e\"><div class=\"kt-accordion-header-wrap\"><button class=\"kt-blocks-accordion-header kt-acccordion-button-label-show\"><span class=\"kt-blocks-accordion-title-wrap\"><span class=\"kt-blocks-accordion-title\">Networking \u2013 F\u00f3runs de Membros Online<\/span><\/span><span class=\"kt-blocks-accordion-icon-trigger\"><\/span><\/button><\/div><div class=\"kt-accordion-panel kt-accordion-panel-hidden\"><div class=\"kt-accordion-panel-inner\">\n<ul class=\"wp-block-list\"><li>Discuss\u00f5es ativas em f\u00f3runs altamente segmentados<\/li><li>Todos os principais setores da ind\u00fastria representados<\/li><li>M\u00faltiplas conversas iniciadas e respondidas diariamente \u2013 notifica\u00e7\u00f5es por e-mail dispon\u00edveis<\/li><\/ul>\n<\/div><\/div><\/div>\n\n\n\n<div class=\"wp-block-kadence-pane kt-accordion-pane kt-accordion-pane-3 kt-pane_8a87cc-7c\"><div class=\"kt-accordion-header-wrap\"><button class=\"kt-blocks-accordion-header kt-acccordion-button-label-show\"><span class=\"kt-blocks-accordion-title-wrap\"><span class=\"kt-blocks-accordion-title\">Mudan\u00e7as nas viagens de neg\u00f3cios - Pesquisa do setor<\/span><\/span><span class=\"kt-blocks-accordion-icon-trigger\"><\/span><\/button><\/div><div class=\"kt-accordion-panel kt-accordion-panel-hidden\"><div class=\"kt-accordion-panel-inner\">\n<ul class=\"wp-block-list\"><li>2.000 relat\u00f3rios de pesquisa espec\u00edficos do setor<\/li><li>Todos os t\u00f3picos do setor de viagens de neg\u00f3cios<\/li><li>Novos relat\u00f3rios com frequ\u00eancia<\/li><li>An\u00e1lise de dados, tend\u00eancias, recomenda\u00e7\u00f5es acion\u00e1veis<\/li><\/ul>\n<\/div><\/div><\/div>\n\n\n\n<div class=\"wp-block-kadence-pane kt-accordion-pane kt-accordion-pane-4 kt-pane_166359-11\"><div class=\"kt-accordion-header-wrap\"><button class=\"kt-blocks-accordion-header kt-acccordion-button-label-show\"><span class=\"kt-blocks-accordion-title-wrap\"><span class=\"kt-blocks-accordion-title\">Cobertura de pesquisa em todos os t\u00f3picos do setor de viagens de neg\u00f3cios<\/span><\/span><span class=\"kt-blocks-accordion-icon-trigger\"><\/span><\/button><\/div><div class=\"kt-accordion-panel kt-accordion-panel-hidden\"><div class=\"kt-accordion-panel-inner\">\n<ul class=\"wp-block-list\"><li>Advocacia<\/li><li>Companhias a\u00e9reas<\/li><li>\u00cdndice de viagens de neg\u00f3cios<\/li><li>Viajantes de neg\u00f3cios<\/li><li>Comunica\u00e7\u00f5es<\/li><li>Compensa\u00e7\u00e3o e benef\u00edcios<\/li><li>Gest\u00e3o de dados<\/li><li>Gerenciamento de despesas<\/li><li>Globaliza\u00e7\u00e3o<\/li><li>Viagem Terrestre<\/li><li>Transporte terrestre<\/li><li>Hot\u00e9is<\/li><li>Programas de viagens gerenciados<\/li><li>Energia, G\u00e1s e Viagens Mar\u00edtimas<\/li><li>Comportamento de reserva<\/li><li>Lideran\u00e7a<\/li><li>Solu\u00e7\u00f5es de pagamento<\/li><li>M\u00e9tricas de desempenho<\/li><li>Esportes, m\u00eddia e entretenimento de viagem<\/li><li>Gest\u00e3o de Reuni\u00f5es e Eventos<\/li><li>Relacionamento com fornecedores<\/li><li>Sustentabilidade<\/li><li>Tecnologia<\/li><li>Empresas de gerenciamento de viagens<\/li><li>Gerentes de viagens<\/li><li>Pol\u00edtica de viagens<\/li><li>Compras<\/li><li>Gerenciamento de risco de viagem<\/li><li>Taxas de viagem<\/li><\/ul>\n<\/div><\/div><\/div>\n\n\n\n<div class=\"wp-block-kadence-pane kt-accordion-pane kt-accordion-pane-5 kt-pane_e5b4a5-5e\"><div class=\"kt-accordion-header-wrap\"><button class=\"kt-blocks-accordion-header kt-acccordion-button-label-show\"><span class=\"kt-blocks-accordion-title-wrap\"><span class=\"kt-blocks-accordion-title\">3 cliques para encontrar respostas<\/span><\/span><span class=\"kt-blocks-accordion-icon-trigger\"><\/span><\/button><\/div><div class=\"kt-accordion-panel kt-accordion-panel-hidden\"><div class=\"kt-accordion-panel-inner\">\n<ul class=\"wp-block-list\"><li>Fa\u00e7a login no GBTA Hub \u2013 hub.gbta.org<\/li><li>Pesquise por t\u00f3pico\/palavra-chave na p\u00e1gina inicial ou clique em recursos:<\/li><li>Clique Final \u2013 Encontre o que voc\u00ea precisa<\/li><\/ul>\n\n\n\n<figure class=\"wp-block-image size-full\"><img loading=\"lazy\" decoding=\"async\" width=\"335\" height=\"192\" src=\"https:\/\/gbta.org\/wp-content\/uploads\/iELo0RSrVzA4X0zCJDgkKuzZujW_7-DZJw.jpeg\" alt=\"ielo0rsrvza4x0zcjdgkkuzzujw 7 dzjw\" class=\"wp-image-3426\" srcset=\"https:\/\/gbta.org\/wp-content\/uploads\/iELo0RSrVzA4X0zCJDgkKuzZujW_7-DZJw.jpeg 335w, https:\/\/gbta.org\/wp-content\/uploads\/iELo0RSrVzA4X0zCJDgkKuzZujW_7-DZJw-300x172.jpeg 300w\" sizes=\"auto, (max-width: 335px) 100vw, 335px\" \/><\/figure>\n<\/div><\/div><\/div>\n<\/div><\/div><\/div>\n\n\n<style>.wp-block-kadence-spacer.kt-block-spacer-_28b245-4a .kt-block-spacer{height:60px;}.wp-block-kadence-spacer.kt-block-spacer-_28b245-4a .kt-divider{border-top-width:1px;height:1px;border-top-color:var(--global-palette9, #ffffff);width:80%;border-top-style:solid;}<\/style>\n<div class=\"wp-block-kadence-spacer aligncenter kt-block-spacer-_28b245-4a\"><div class=\"kt-block-spacer kt-block-spacer-halign-center\"><hr class=\"kt-divider\" \/><\/div><\/div>\n<\/div><\/div>\n<\/div><\/div><\/section>","protected":false},"excerpt":{"rendered":"<p>Afilia\u00e7\u00e3o Benef\u00edcios e Pre\u00e7os para MembrosInscreva-se no GBTARenew Membership Ladders Mentoring Contate-nos Ajuda do GBTA Hub Ajuda do GBTA Hub Aprenda com os principais especialistas do setor de viagens de neg\u00f3cios. Benef\u00edcios do Hub GBTA<\/p>","protected":false},"author":25,"featured_media":0,"parent":0,"menu_order":0,"comment_status":"closed","ping_status":"closed","template":"","meta":{"_acf_changed":false,"_seopress_robots_primary_cat":"","_seopress_titles_title":"","_seopress_titles_desc":"","_seopress_robots_index":"yes","om_disable_all_campaigns":false,"_relevanssi_hide_post":"","_relevanssi_hide_content":"","_relevanssi_pin_for_all":"","_relevanssi_pin_keywords":"","_relevanssi_unpin_keywords":"","_relevanssi_related_keywords":"","_relevanssi_related_include_ids":"","_relevanssi_related_exclude_ids":"","_relevanssi_related_no_append":"","_relevanssi_related_not_related":"","_relevanssi_related_posts":"1,415,661,662,664,666","_relevanssi_noindex_reason":"","_kad_blocks_custom_css":"","_kad_blocks_head_custom_js":"","_kad_blocks_body_custom_js":"","_kad_blocks_footer_custom_js":"","_kad_post_transparent":"","_kad_post_title":"","_kad_post_layout":"","_kad_post_sidebar_id":"","_kad_post_content_style":"","_kad_post_vertical_padding":"","_kad_post_feature":"","_kad_post_feature_position":"","_kad_post_header":false,"_kad_post_footer":false,"footnotes":"","_links_to":"","_links_to_target":""},"class_list":["post-3424","page","type-page","status-publish","hentry"],"acf":[],"featured_image_src_large":false,"author_info":{"display_name":"jcampbell","author_link":"https:\/\/gbta.org\/pt\/author\/jcampbell\/"},"comment_info":"","taxonomy_info":[],"featured_image_src":null,"featured_image_src_square":null,"mfb_rest_fields":["featured_image_src_large","author_info","comment_info","taxonomy_info","featured_image_src","featured_image_src_square"],"_links":{"self":[{"href":"https:\/\/gbta.org\/pt\/wp-json\/wp\/v2\/pages\/3424","targetHints":{"allow":["GET"]}}],"collection":[{"href":"https:\/\/gbta.org\/pt\/wp-json\/wp\/v2\/pages"}],"about":[{"href":"https:\/\/gbta.org\/pt\/wp-json\/wp\/v2\/types\/page"}],"author":[{"embeddable":true,"href":"https:\/\/gbta.org\/pt\/wp-json\/wp\/v2\/users\/25"}],"replies":[{"embeddable":true,"href":"https:\/\/gbta.org\/pt\/wp-json\/wp\/v2\/comments?post=3424"}],"version-history":[{"count":0,"href":"https:\/\/gbta.org\/pt\/wp-json\/wp\/v2\/pages\/3424\/revisions"}],"wp:attachment":[{"href":"https:\/\/gbta.org\/pt\/wp-json\/wp\/v2\/media?parent=3424"}],"curies":[{"name":"wp","href":"https:\/\/api.w.org\/{rel}","templated":true}]}}