{"id":4609,"date":"2022-08-06T05:58:55","date_gmt":"2022-08-06T09:58:55","guid":{"rendered":"https:\/\/gbta.org\/?page_id=4609"},"modified":"2023-05-05T11:05:14","modified_gmt":"2023-05-05T15:05:14","slug":"peer-review-council-prc","status":"publish","type":"page","link":"https:\/\/gbta.org\/pt\/professional-development\/content-collaborate\/gbta-committees\/peer-review-council-prc\/","title":{"rendered":"Conselho de Revis\u00e3o por Pares (PRC)"},"content":{"rendered":"<style>#kt-layout-id_92e331-ad > .kt-row-column-wrap{align-content:start;}:where(#kt-layout-id_92e331-ad > .kt-row-column-wrap) > .wp-block-kadence-column{justify-content:start;}#kt-layout-id_92e331-ad > .kt-row-column-wrap{column-gap:var(--global-kb-gap-md, 2rem);row-gap:var(--global-kb-gap-md, 2rem);max-width:var( --global-content-width, 1440px );padding-left:var(--global-content-edge-padding);padding-right:var(--global-content-edge-padding);padding-top:var( --global-kb-row-default-top, 25px );padding-bottom:var( --global-kb-row-default-bottom, 25px );padding-top:50px;padding-bottom:15px;grid-template-columns:minmax(0, 1fr);}#kt-layout-id_92e331-ad > .kt-row-layout-overlay{opacity:0.30;}@media all and (max-width: 1024px){#kt-layout-id_92e331-ad > .kt-row-column-wrap{grid-template-columns:minmax(0, 1fr);}}@media all and (max-width: 767px){#kt-layout-id_92e331-ad > .kt-row-column-wrap{grid-template-columns:minmax(0, 1fr);}}<\/style>\n<section class=\"wp-block-kadence-rowlayout alignnone\"><div id=\"kt-layout-id_92e331-ad\" class=\"kt-row-layout-inner kt-layout-id_92e331-ad\"><div class=\"kt-row-column-wrap kt-has-1-columns kt-gutter-default kt-v-gutter-default kt-row-valign-top kt-row-layout-equal kt-tab-layout-inherit kt-m-colapse-left-to-right kt-mobile-layout-row kb-theme-content-width\"><style>.kadence-column_ef911a-5f > .kt-inside-inner-col{border-top-width:0px;border-right-width:0px;border-bottom-width:0px;border-left-width:0px;}.kadence-column_ef911a-5f > .kt-inside-inner-col,.kadence-column_ef911a-5f > .kt-inside-inner-col:before{border-top-left-radius:0px;border-top-right-radius:0px;border-bottom-right-radius:0px;border-bottom-left-radius:0px;}.kadence-column_ef911a-5f > .kt-inside-inner-col{column-gap:var(--global-kb-gap-sm, 1rem);}.kadence-column_ef911a-5f > .kt-inside-inner-col{flex-direction:column;}.kadence-column_ef911a-5f > .kt-inside-inner-col > .aligncenter{width:100%;}.kadence-column_ef911a-5f > .kt-inside-inner-col:before{opacity:0.3;}.kadence-column_ef911a-5f{position:relative;}@media all and (max-width: 1024px){.kadence-column_ef911a-5f > .kt-inside-inner-col{flex-direction:column;}}@media all and (max-width: 767px){.kadence-column_ef911a-5f > .kt-inside-inner-col{flex-direction:column;}}<\/style>\n<div class=\"wp-block-kadence-column inner-column-1 kadence-column_ef911a-5f\"><div class=\"kt-inside-inner-col\"><style>.wp-block-kadence-advancedheading.kt-adv-heading_031614-a2, .wp-block-kadence-advancedheading.kt-adv-heading_031614-a2[data-kb-block=\"kb-adv-heading_031614-a2\"]{font-style:normal;}.wp-block-kadence-advancedheading.kt-adv-heading_031614-a2 mark.kt-highlight, .wp-block-kadence-advancedheading.kt-adv-heading_031614-a2[data-kb-block=\"kb-adv-heading_031614-a2\"] mark.kt-highlight{font-style:normal;color:#f76a0c;-webkit-box-decoration-break:clone;box-decoration-break:clone;padding-top:0px;padding-right:0px;padding-bottom:0px;padding-left:0px;}<\/style>\n<p class=\"kt-adv-heading_031614-a2 wp-block-kadence-advancedheading\" data-kb-block=\"kb-adv-heading_031614-a2\">Um destaque da Conven\u00e7\u00e3o GBTA e de nossas confer\u00eancias regionais a cada ano s\u00e3o as muitas sess\u00f5es educativas relevantes, informativas e valiosas oferecidas como parte da experi\u00eancia do participante. Para garantir que a sele\u00e7\u00e3o das sess\u00f5es educacionais seja justa e as sess\u00f5es oportunas sejam selecionadas, um rigoroso processo de sele\u00e7\u00e3o orientado pelos membros foi implementado. A lideran\u00e7a e a equipe do GBTA agradecem a este grupo dedicado e apaixonado de volunt\u00e1rios engajados, que servem na RPC. Esse grupo representa expertise em diversas \u00e1reas, representa a voz do comprador e do fornecedor e possui uma vasta experi\u00eancia profissional em gerenciamento de viagens.<\/p>\n<\/div><\/div>\n<\/div><\/div><\/section>\n\n\n<style>#kt-layout-id_6bfc09-a1 > .kt-row-column-wrap{align-content:start;}:where(#kt-layout-id_6bfc09-a1 > .kt-row-column-wrap) > .wp-block-kadence-column{justify-content:start;}#kt-layout-id_6bfc09-a1 > .kt-row-column-wrap{column-gap:var(--global-kb-gap-md, 2rem);row-gap:var(--global-kb-gap-md, 2rem);max-width:var( --global-content-width, 1440px );padding-left:var(--global-content-edge-padding);padding-right:var(--global-content-edge-padding);padding-top:var( --global-kb-row-default-top, 25px );padding-bottom:var( --global-kb-row-default-bottom, 25px );padding-top:50px;padding-bottom:15px;grid-template-columns:minmax(0, 1fr);}#kt-layout-id_6bfc09-a1 > .kt-row-layout-overlay{opacity:0.30;}@media all and (max-width: 1024px){#kt-layout-id_6bfc09-a1 > .kt-row-column-wrap{grid-template-columns:minmax(0, 1fr);}}@media all and (max-width: 767px){#kt-layout-id_6bfc09-a1 > .kt-row-column-wrap{grid-template-columns:minmax(0, 1fr);}}<\/style>\n<section class=\"wp-block-kadence-rowlayout alignnone\"><div id=\"kt-layout-id_6bfc09-a1\" class=\"kt-row-layout-inner kt-layout-id_6bfc09-a1\"><div class=\"kt-row-column-wrap kt-has-1-columns kt-gutter-default kt-v-gutter-default kt-row-valign-top kt-row-layout-equal kt-tab-layout-inherit kt-m-colapse-left-to-right kt-mobile-layout-row kb-theme-content-width\"><style>.kadence-column_a3cc09-f8 > .kt-inside-inner-col{border-top-width:0px;border-right-width:0px;border-bottom-width:0px;border-left-width:0px;}.kadence-column_a3cc09-f8 > .kt-inside-inner-col,.kadence-column_a3cc09-f8 > .kt-inside-inner-col:before{border-top-left-radius:0px;border-top-right-radius:0px;border-bottom-right-radius:0px;border-bottom-left-radius:0px;}.kadence-column_a3cc09-f8 > .kt-inside-inner-col{column-gap:var(--global-kb-gap-sm, 1rem);}.kadence-column_a3cc09-f8 > .kt-inside-inner-col{flex-direction:column;}.kadence-column_a3cc09-f8 > .kt-inside-inner-col > .aligncenter{width:100%;}.kadence-column_a3cc09-f8 > .kt-inside-inner-col:before{opacity:0.3;}.kadence-column_a3cc09-f8{position:relative;}@media all and (max-width: 1024px){.kadence-column_a3cc09-f8 > .kt-inside-inner-col{flex-direction:column;}}@media all and (max-width: 767px){.kadence-column_a3cc09-f8 > .kt-inside-inner-col{flex-direction:column;}}<\/style>\n<div class=\"wp-block-kadence-column inner-column-1 kadence-column_a3cc09-f8\"><div class=\"kt-inside-inner-col\"><style>.wp-block-kadence-advancedheading.kt-adv-heading_9cf83d-c0, .wp-block-kadence-advancedheading.kt-adv-heading_9cf83d-c0[data-kb-block=\"kb-adv-heading_9cf83d-c0\"]{font-style:normal;}.wp-block-kadence-advancedheading.kt-adv-heading_9cf83d-c0 mark.kt-highlight, .wp-block-kadence-advancedheading.kt-adv-heading_9cf83d-c0[data-kb-block=\"kb-adv-heading_9cf83d-c0\"] mark.kt-highlight{font-style:normal;color:#f76a0c;-webkit-box-decoration-break:clone;box-decoration-break:clone;padding-top:0px;padding-right:0px;padding-bottom:0px;padding-left:0px;}<\/style>\n<h3 class=\"kt-adv-heading_9cf83d-c0 wp-block-kadence-advancedheading\" data-kb-block=\"kb-adv-heading_9cf83d-c0\">Membros do Conselho de Revis\u00e3o por Pares da Conven\u00e7\u00e3o de 2023<\/h3>\n\n\n\n<ol class=\"wp-block-list\">\n<li>V\u00e1rios meses antes de um evento, o GBTA abre uma \u201cChamada de Propostas\u201d para membros e n\u00e3o membros do GBTA e comunica isso atrav\u00e9s de v\u00e1rios canais. Os compradores e fornecedores s\u00e3o incentivados a enviar uma(s) proposta(s) de sess\u00e3o educacional.<\/li>\n\n\n\n<li>Um grupo diversificado de membros da GBTA nomeados para o CRP conduz uma revis\u00e3o cega de cada proposta e pontua cada uma em v\u00e1rios crit\u00e9rios. V\u00e1rias horas s\u00e3o gastas revisando e comentando sobre a qualidade dos envios.<\/li>\n\n\n\n<li>A sele\u00e7\u00e3o final das sess\u00f5es educacionais \u00e9 feita durante uma reuni\u00e3o de um dia inteiro dos principais campe\u00f5es de conte\u00fado. As notifica\u00e7\u00f5es e reuni\u00f5es de acompanhamento s\u00e3o conduzidas pela equipe de Desenvolvimento Profissional.<\/li>\n<\/ol>\n\n\n<style>.wp-block-kadence-spacer.kt-block-spacer-_f17416-f7 .kt-block-spacer{height:40px;}.wp-block-kadence-spacer.kt-block-spacer-_f17416-f7 .kt-divider{border-top-width:1px;height:1px;border-top-color:var(--global-palette9, #ffffff);width:80%;border-top-style:solid;}<\/style>\n<div class=\"wp-block-kadence-spacer aligncenter kt-block-spacer-_f17416-f7\"><div class=\"kt-block-spacer kt-block-spacer-halign-center\"><hr class=\"kt-divider\"\/><\/div><\/div>\n\n\n<style>.wp-block-kadence-advancedheading.kt-adv-heading_16e373-b3, .wp-block-kadence-advancedheading.kt-adv-heading_16e373-b3[data-kb-block=\"kb-adv-heading_16e373-b3\"]{font-style:normal;}.wp-block-kadence-advancedheading.kt-adv-heading_16e373-b3 mark.kt-highlight, .wp-block-kadence-advancedheading.kt-adv-heading_16e373-b3[data-kb-block=\"kb-adv-heading_16e373-b3\"] mark.kt-highlight{font-style:normal;color:#f76a0c;-webkit-box-decoration-break:clone;box-decoration-break:clone;padding-top:0px;padding-right:0px;padding-bottom:0px;padding-left:0px;}<\/style>\n<h3 class=\"kt-adv-heading_16e373-b3 wp-block-kadence-advancedheading\" data-kb-block=\"kb-adv-heading_16e373-b3\">Membros do Conselho de Revis\u00e3o por Pares da Conven\u00e7\u00e3o de 2023<\/h3>\n\n\n\n<div class=\"wp-block-columns is-layout-flex wp-container-core-columns-is-layout-1 wp-block-columns-is-layout-flex\">\n<div class=\"wp-block-column is-vertically-aligned-top is-layout-flow wp-block-column-is-layout-flow\">\n<p>Michelle Am\u00f3s<\/p>\n\n\n\n<p>Henrietta Balint<\/p>\n\n\n\n<p>Val\u00e9ria Barnes<\/p>\n\n\n\n<p>Makiko Barrett<\/p>\n\n\n\n<p>Kari Bigot<\/p>\n\n\n\n<p>Liz Brown<\/p>\n\n\n\n<p>J. Grant Caplan<\/p>\n\n\n\n<p>Kim Conway<\/p>\n\n\n\n<p>Annette Cumming<\/p>\n\n\n\n<p>Mike Daly<\/p>\n\n\n\n<p>Brenda Davis<\/p>\n\n\n\n<p>Mateusz Domaradzki<\/p>\n\n\n\n<p>Trish Earles<\/p>\n\n\n\n<p>Valerie Ferraro<\/p>\n\n\n\n<p>Leslee Fritz<\/p>\n\n\n\n<p>Stephen Gheerow<\/p>\n\n\n\n<p>Kristen Gibson<\/p>\n\n\n\n<p>Ron Glickman<\/p>\n\n\n\n<p>Robyn Grassanovits<\/p>\n\n\n\n<p>Dave Gries<\/p>\n<\/div>\n\n\n\n<div class=\"wp-block-column is-vertically-aligned-top is-layout-flow wp-block-column-is-layout-flow\">\n<p>Kaaren Hamilton<\/p>\n\n\n\n<p>Neil Hammond<\/p>\n\n\n\n<p>Kristen Hrycoy<\/p>\n\n\n\n<p>Bobbi Huber<\/p>\n\n\n\n<p>Ren\u00e9e Huff<\/p>\n\n\n\n<p>Cristina Hutchinson<\/p>\n\n\n\n<p>Max Izmaylov<\/p>\n\n\n\n<p>Kate King<\/p>\n\n\n\n<p>Michael Laumanns<\/p>\n\n\n\n<p>Susan Levitte<\/p>\n\n\n\n<p>Nora Lovell Marchant<\/p>\n\n\n\n<p>Stacey Mack<\/p>\n\n\n\n<p>Bruce McIndoe<\/p>\n\n\n\n<p>Holly McTague<\/p>\n\n\n\n<p>Jorge Mesa<\/p>\n\n\n\n<p>Terri Moreno<\/p>\n\n\n\n<p>Carine Morin<\/p>\n\n\n\n<p>Anouar Mrissa<\/p>\n\n\n\n<p>Sylvain M\u00fcller<\/p>\n\n\n\n<p>Elisabete Oliveira<\/p>\n<\/div>\n\n\n\n<div class=\"wp-block-column is-vertically-aligned-top is-layout-flow wp-block-column-is-layout-flow\">\n<p>Geoff Parsons<\/p>\n\n\n\n<p>Edward Phillips<\/p>\n\n\n\n<p>Nidia Quintero<\/p>\n\n\n\n<p>Kristen Reeves<\/p>\n\n\n\n<p>Cristina Reichelt<\/p>\n\n\n\n<p>Mira Rosenzweig<\/p>\n\n\n\n<p>Jenny Sabineu<\/p>\n\n\n\n<p>Carol Schrager<\/p>\n\n\n\n<p>Connie Smith<\/p>\n\n\n\n<p>Terasa Tierney<\/p>\n\n\n\n<p>Michele Wilson<\/p>\n\n\n\n<p>Sven Wiltink <\/p>\n\n\n\n<p>Mark Ziegler<\/p>\n<\/div>\n<\/div>\n\n\n<style>.wp-block-kadence-spacer.kt-block-spacer-_0f9a1b-0b .kt-block-spacer{height:40px;}.wp-block-kadence-spacer.kt-block-spacer-_0f9a1b-0b .kt-divider{border-top-width:1px;height:1px;border-top-color:var(--global-palette9, #ffffff);width:80%;border-top-style:solid;}<\/style>\n<div class=\"wp-block-kadence-spacer aligncenter kt-block-spacer-_0f9a1b-0b\"><div class=\"kt-block-spacer kt-block-spacer-halign-center\"><hr class=\"kt-divider\"\/><\/div><\/div>\n\n\n<style>.wp-block-kadence-advancedheading.kt-adv-heading_1e1a3c-ac, .wp-block-kadence-advancedheading.kt-adv-heading_1e1a3c-ac[data-kb-block=\"kb-adv-heading_1e1a3c-ac\"]{font-style:normal;}.wp-block-kadence-advancedheading.kt-adv-heading_1e1a3c-ac mark.kt-highlight, .wp-block-kadence-advancedheading.kt-adv-heading_1e1a3c-ac[data-kb-block=\"kb-adv-heading_1e1a3c-ac\"] mark.kt-highlight{font-style:normal;color:#f76a0c;-webkit-box-decoration-break:clone;box-decoration-break:clone;padding-top:0px;padding-right:0px;padding-bottom:0px;padding-left:0px;}<\/style>\n<h3 class=\"kt-adv-heading_1e1a3c-ac wp-block-kadence-advancedheading\" data-kb-block=\"kb-adv-heading_1e1a3c-ac\">Membros do Conselho de Revis\u00e3o por Pares da Confer\u00eancia do Canad\u00e1 de 2022<\/h3>\n\n\n\n<div class=\"wp-block-columns is-layout-flex wp-container-core-columns-is-layout-2 wp-block-columns-is-layout-flex\">\n<div class=\"wp-block-column is-layout-flow wp-block-column-is-layout-flow\">\n<p>Stephen Anderson<\/p>\n\n\n\n<p>Chuck Crowder<\/p>\n\n\n\n<p>Vito Curalli<\/p>\n\n\n\n<p>Brooke Davis<\/p>\n\n\n\n<p>Patrick Doyle<\/p>\n\n\n\n<p>Alex Fernando<\/p>\n\n\n\n<p>Bertie Fernandes<\/p>\n\n\n\n<p>Jon Heppenstal<\/p>\n<\/div>\n\n\n\n<div class=\"wp-block-column is-layout-flow wp-block-column-is-layout-flow\">\n<p>Sharlene Ketwaroo-Nanoo<\/p>\n\n\n\n<p>Linda Lee<\/p>\n\n\n\n<p>Shelly Lewchuk<\/p>\n\n\n\n<p>Geoff Parsons<\/p>\n\n\n\n<p>Ian Race<\/p>\n\n\n\n<p>Connie Smith<\/p>\n\n\n\n<p>Sue Spear<\/p>\n\n\n\n<p>Jennifer Urquhart<\/p>\n<\/div>\n\n\n\n<div class=\"wp-block-column is-layout-flow wp-block-column-is-layout-flow\"><\/div>\n<\/div>\n\n\n<style>.wp-block-kadence-spacer.kt-block-spacer-_a1dc9a-2b .kt-block-spacer{height:40px;}.wp-block-kadence-spacer.kt-block-spacer-_a1dc9a-2b .kt-divider{border-top-width:1px;height:1px;border-top-color:var(--global-palette9, #ffffff);width:80%;border-top-style:solid;}<\/style>\n<div class=\"wp-block-kadence-spacer aligncenter kt-block-spacer-_a1dc9a-2b\"><div class=\"kt-block-spacer kt-block-spacer-halign-center\"><hr class=\"kt-divider\"\/><\/div><\/div>\n\n\n<style>.wp-block-kadence-advancedheading.kt-adv-heading_da0a0f-7f, .wp-block-kadence-advancedheading.kt-adv-heading_da0a0f-7f[data-kb-block=\"kb-adv-heading_da0a0f-7f\"]{font-style:normal;}.wp-block-kadence-advancedheading.kt-adv-heading_da0a0f-7f mark.kt-highlight, .wp-block-kadence-advancedheading.kt-adv-heading_da0a0f-7f[data-kb-block=\"kb-adv-heading_da0a0f-7f\"] mark.kt-highlight{font-style:normal;color:#f76a0c;-webkit-box-decoration-break:clone;box-decoration-break:clone;padding-top:0px;padding-right:0px;padding-bottom:0px;padding-left:0px;}<\/style>\n<h3 class=\"kt-adv-heading_da0a0f-7f wp-block-kadence-advancedheading\" data-kb-block=\"kb-adv-heading_da0a0f-7f\">Membros do Conselho de Revis\u00e3o por Pares da Confer\u00eancia LATAM 2022<\/h3>\n\n\n\n<p>Comit\u00ea em processo de forma\u00e7\u00e3o; mais informa\u00e7\u00f5es vir\u00e3o.<\/p>\n\n\n<style>.wp-block-kadence-spacer.kt-block-spacer-_34d440-4e .kt-block-spacer{height:60px;}.wp-block-kadence-spacer.kt-block-spacer-_34d440-4e .kt-divider{border-top-width:1px;height:1px;border-top-color:var(--global-palette9, #ffffff);width:80%;border-top-style:solid;}<\/style>\n<div class=\"wp-block-kadence-spacer aligncenter kt-block-spacer-_34d440-4e\"><div class=\"kt-block-spacer kt-block-spacer-halign-center\"><hr class=\"kt-divider\"\/><\/div><\/div>\n<\/div><\/div>\n<\/div><\/div><\/section>","protected":false},"excerpt":{"rendered":"<p>Um destaque da Conven\u00e7\u00e3o GBTA e de nossas confer\u00eancias regionais a cada ano s\u00e3o as muitas sess\u00f5es educacionais relevantes, informativas e valiosas oferecidas como parte da experi\u00eancia do participante. Para garantir o\u2026<\/p>","protected":false},"author":25,"featured_media":0,"parent":158,"menu_order":0,"comment_status":"closed","ping_status":"closed","template":"","meta":{"_acf_changed":false,"_seopress_robots_primary_cat":"","_seopress_titles_title":"","_seopress_titles_desc":"","_seopress_robots_index":"yes","om_disable_all_campaigns":false,"_relevanssi_hide_post":"","_relevanssi_hide_content":"","_relevanssi_pin_for_all":"","_relevanssi_pin_keywords":"","_relevanssi_unpin_keywords":"","_relevanssi_related_keywords":"","_relevanssi_related_include_ids":"","_relevanssi_related_exclude_ids":"","_relevanssi_related_no_append":"","_relevanssi_related_not_related":"","_relevanssi_related_posts":"1,415,661,662,664,666","_relevanssi_noindex_reason":"","_kad_blocks_custom_css":"","_kad_blocks_head_custom_js":"","_kad_blocks_body_custom_js":"","_kad_blocks_footer_custom_js":"","_kad_post_transparent":"","_kad_post_title":"","_kad_post_layout":"","_kad_post_sidebar_id":"","_kad_post_content_style":"","_kad_post_vertical_padding":"","_kad_post_feature":"","_kad_post_feature_position":"","_kad_post_header":false,"_kad_post_footer":false,"footnotes":"","_links_to":"","_links_to_target":""},"class_list":["post-4609","page","type-page","status-publish","hentry"],"acf":[],"featured_image_src_large":false,"author_info":{"display_name":"jcampbell","author_link":"https:\/\/gbta.org\/pt\/author\/jcampbell\/"},"comment_info":"","taxonomy_info":[],"featured_image_src":null,"featured_image_src_square":null,"mfb_rest_fields":["featured_image_src_large","author_info","comment_info","taxonomy_info","featured_image_src","featured_image_src_square"],"_links":{"self":[{"href":"https:\/\/gbta.org\/pt\/wp-json\/wp\/v2\/pages\/4609","targetHints":{"allow":["GET"]}}],"collection":[{"href":"https:\/\/gbta.org\/pt\/wp-json\/wp\/v2\/pages"}],"about":[{"href":"https:\/\/gbta.org\/pt\/wp-json\/wp\/v2\/types\/page"}],"author":[{"embeddable":true,"href":"https:\/\/gbta.org\/pt\/wp-json\/wp\/v2\/users\/25"}],"replies":[{"embeddable":true,"href":"https:\/\/gbta.org\/pt\/wp-json\/wp\/v2\/comments?post=4609"}],"version-history":[{"count":0,"href":"https:\/\/gbta.org\/pt\/wp-json\/wp\/v2\/pages\/4609\/revisions"}],"up":[{"embeddable":true,"href":"https:\/\/gbta.org\/pt\/wp-json\/wp\/v2\/pages\/158"}],"wp:attachment":[{"href":"https:\/\/gbta.org\/pt\/wp-json\/wp\/v2\/media?parent=4609"}],"curies":[{"name":"wp","href":"https:\/\/api.w.org\/{rel}","templated":true}]}}