{"id":5004,"date":"2022-08-09T15:32:20","date_gmt":"2022-08-09T19:32:20","guid":{"rendered":"https:\/\/gbta.org\/?page_id=5004"},"modified":"2023-05-23T05:42:19","modified_gmt":"2023-05-23T09:42:19","slug":"help-gbta-recognize-the-people-who-make-a-difference","status":"publish","type":"page","link":"https:\/\/gbta.org\/pt\/membership\/volunteers\/help-gbta-recognize-the-people-who-make-a-difference\/","title":{"rendered":"Ajude a GBTA a reconhecer as pessoas que fazem a diferen\u00e7a"},"content":{"rendered":"<style>#kt-layout-id_328142-42 > .kt-row-column-wrap{align-content:center;}:where(#kt-layout-id_328142-42 > .kt-row-column-wrap) > .wp-block-kadence-column{justify-content:center;}#kt-layout-id_328142-42 > .kt-row-column-wrap{column-gap:var(--global-kb-gap-none, 0rem );row-gap:40px;padding-top:var( --global-kb-row-default-top, 25px );padding-bottom:var( --global-kb-row-default-bottom, 25px );padding-top:0px;padding-bottom:85px;grid-template-columns:repeat(2, minmax(0, 1fr));}#kt-layout-id_328142-42 > .kt-row-layout-overlay{opacity:0.30;}@media all and (max-width: 1024px){#kt-layout-id_328142-42 > .kt-row-column-wrap{grid-template-columns:repeat(2, minmax(0, 1fr));}}@media all and (max-width: 767px){#kt-layout-id_328142-42 > .kt-row-column-wrap{padding-top:20px;padding-bottom:20px;grid-template-columns:minmax(0, 1fr);}}<\/style>\n<div class=\"wp-block-kadence-rowlayout alignnone\"><div id=\"kt-layout-id_328142-42\" class=\"kt-row-layout-inner kt-layout-id_328142-42\"><div class=\"kt-row-column-wrap kt-has-2-columns kt-gutter-none kt-v-gutter-wide kt-row-valign-middle kt-row-layout-equal kt-tab-layout-inherit kt-m-colapse-left-to-right kt-mobile-layout-row\"><style>.kadence-column_047ec6-a1 > .kt-inside-inner-col{display:flex;}.kadence-column_047ec6-a1 > .kt-inside-inner-col{padding-top:20px;padding-bottom:20px;padding-left:20px;padding-right:130px;}.kadence-column_047ec6-a1 > .kt-inside-inner-col{border-top-width:0px;border-right-width:0px;border-bottom-width:0px;border-left-width:0px;}.kadence-column_047ec6-a1 > .kt-inside-inner-col,.kadence-column_047ec6-a1 > .kt-inside-inner-col:before{border-top-left-radius:0px;border-top-right-radius:0px;border-bottom-right-radius:0px;border-bottom-left-radius:0px;}.kadence-column_047ec6-a1 > .kt-inside-inner-col{flex-direction:row;flex-wrap:wrap;align-items:center;justify-content:flex-end;flex-wrap:wrap;}.kadence-column_047ec6-a1 > .kt-inside-inner-col > *, .kadence-column_047ec6-a1 > .kt-inside-inner-col > figure.wp-block-image, .kadence-column_047ec6-a1 > .kt-inside-inner-col > figure.wp-block-kadence-image{margin-top:0px;margin-bottom:0px;}.kadence-column_047ec6-a1 > .kt-inside-inner-col > .kb-image-is-ratio-size{flex-grow:1;}.kadence-column_047ec6-a1 > .kt-inside-inner-col:before{opacity:0.3;}.kadence-column_047ec6-a1{text-align:left;}.kadence-column_047ec6-a1{position:relative;}@media all and (max-width: 1024px){.kadence-column_047ec6-a1 > .kt-inside-inner-col{padding-top:30px;padding-bottom:30px;padding-left:30px;padding-right:30px;flex-direction:row;flex-wrap:wrap;justify-content:flex-end;flex-wrap:wrap;}}@media all and (min-width: 768px) and (max-width: 1024px){.kadence-column_047ec6-a1 > .kt-inside-inner-col > *, .kadence-column_047ec6-a1 > .kt-inside-inner-col > figure.wp-block-image, .kadence-column_047ec6-a1 > .kt-inside-inner-col > figure.wp-block-kadence-image{margin-top:0px;margin-bottom:0px;}.kadence-column_047ec6-a1 > .kt-inside-inner-col > .kb-image-is-ratio-size{flex-grow:1;}}@media all and (max-width: 767px){.kadence-column_047ec6-a1 > .kt-inside-inner-col{padding-top:20px;padding-bottom:20px;padding-left:20px;padding-right:20px;flex-direction:row;flex-wrap:wrap;justify-content:flex-end;flex-wrap:wrap;}.kadence-column_047ec6-a1 > .kt-inside-inner-col > *, .kadence-column_047ec6-a1 > .kt-inside-inner-col > figure.wp-block-image, .kadence-column_047ec6-a1 > .kt-inside-inner-col > figure.wp-block-kadence-image{margin-top:0px;margin-bottom:0px;}.kadence-column_047ec6-a1 > .kt-inside-inner-col > .kb-image-is-ratio-size{flex-grow:1;}}<\/style>\n<div class=\"wp-block-kadence-column inner-column-1 kadence-column_047ec6-a1 kb-section-dir-horizontal\"><div class=\"kt-inside-inner-col\"><style>#kt-layout-id_bc9371-47 > .kt-row-column-wrap{align-content:start;}:where(#kt-layout-id_bc9371-47 > .kt-row-column-wrap) > .wp-block-kadence-column{justify-content:start;}#kt-layout-id_bc9371-47 > .kt-row-column-wrap{column-gap:var(--global-kb-gap-md, 2rem);row-gap:var(--global-kb-gap-md, 2rem);padding-top:var( --global-kb-row-default-top, 25px );padding-bottom:var( --global-kb-row-default-bottom, 25px );padding-top:0px;padding-bottom:0px;padding-left:0px;padding-right:0px;grid-template-columns:minmax(0, 1fr);}#kt-layout-id_bc9371-47 > .kt-row-layout-overlay{opacity:0.30;}@media all and (max-width: 1024px){#kt-layout-id_bc9371-47 > .kt-row-column-wrap{grid-template-columns:minmax(0, 1fr);}}@media all and (max-width: 767px){#kt-layout-id_bc9371-47 > .kt-row-column-wrap{padding-top:0px;padding-bottom:0px;padding-left:0px;padding-right:0px;grid-template-columns:minmax(0, 1fr);}}<\/style>\n<div class=\"wp-block-kadence-rowlayout alignnone fullwidth-contain-col\"><div id=\"kt-layout-id_bc9371-47\" class=\"kt-row-layout-inner kt-layout-id_bc9371-47\"><div class=\"kt-row-column-wrap kt-has-1-columns kt-gutter-default kt-v-gutter-default kt-row-valign-top kt-row-layout-equal kt-tab-layout-inherit kt-m-colapse-left-to-right kt-mobile-layout-row\"><style>.kadence-column_c3d86a-29 > .kt-inside-inner-col{padding-top:0px;padding-bottom:0px;}.kadence-column_c3d86a-29 > .kt-inside-inner-col{border-top-width:0px;border-right-width:0px;border-bottom-width:0px;border-left-width:0px;}.kadence-column_c3d86a-29 > .kt-inside-inner-col,.kadence-column_c3d86a-29 > .kt-inside-inner-col:before{border-top-left-radius:0px;border-top-right-radius:0px;border-bottom-right-radius:0px;border-bottom-left-radius:0px;}.kadence-column_c3d86a-29 > .kt-inside-inner-col{column-gap:var(--global-kb-gap-sm, 1rem);}.kadence-column_c3d86a-29 > .kt-inside-inner-col{flex-direction:column;}.kadence-column_c3d86a-29 > .kt-inside-inner-col > .aligncenter{width:100%;}.kadence-column_c3d86a-29 > .kt-inside-inner-col:before{opacity:0.3;}.kadence-column_c3d86a-29{position:relative;}@media all and (max-width: 1024px){.kadence-column_c3d86a-29 > .kt-inside-inner-col{flex-direction:column;}}@media all and (max-width: 767px){.kadence-column_c3d86a-29 > .kt-inside-inner-col{flex-direction:column;}}<\/style>\n<div class=\"wp-block-kadence-column inner-column-1 kadence-column_c3d86a-29\"><div class=\"kt-inside-inner-col\">\n<p>A GBTA tem a sorte de ter uma rede de profissionais dedicados em todo o mundo que oferecem seu tempo e experi\u00eancia como volunt\u00e1rios para apoiar a educa\u00e7\u00e3o do setor, os esfor\u00e7os de defesa, o desenvolvimento profissional e os recursos dos membros. A nova iniciativa do Conselho de Administra\u00e7\u00e3o da GBTA visa obter informa\u00e7\u00f5es de seus pares, e de todos voc\u00eas, sobre os membros que deram seu tempo, cora\u00e7\u00e3o e alma para impulsionar a ind\u00fastria e nossa associa\u00e7\u00e3o.<br><br>Voc\u00ea conhece profissionais de viagens de neg\u00f3cios que retribu\u00edram em grande estilo? Agora voc\u00ea pode reconhec\u00ea-los por seus esfor\u00e7os excepcionais em \u00e1reas-chave, incluindo:<\/p>\n\n\n\n<ul class=\"wp-block-list\">\n<li>Voluntariado<\/li>\n\n\n\n<li>Orienta\u00e7\u00e3o de pares e\/ou colegas<\/li>\n\n\n\n<li>Lideran\u00e7a do setor<\/li>\n\n\n\n<li>Inova\u00e7\u00e3o<\/li>\n\n\n\n<li>Engajamento local<\/li>\n\n\n\n<li>Contribui\u00e7\u00f5es de n\u00edvel nacional\/regional\/global da GBTA<\/li>\n\n\n\n<li>Advocacia pol\u00edtica<\/li>\n<\/ul>\n\n\n\n<p>Indicar algu\u00e9m \u00e9 f\u00e1cil - preencha o formul\u00e1rio curto, incluindo o motivo do reconhecimento e envie. As inscri\u00e7\u00f5es ir\u00e3o para o Comit\u00ea de Volunt\u00e1rios da Diretoria da GBTA e ser\u00e3o consideradas para posterior reconhecimento.<br><br>Reserve um minuto e indique seus colegas e colegas hoje. E procure GBTA para compartilhar e mostrar mais sobre esses membros que fazem a maior diferen\u00e7a em nome de todos n\u00f3s.<\/p>\n\n\n<style>.wp-block-kadence-advancedbtn.kb-btns_9c0be0-8a{gap:var(--global-kb-gap-xs, 0.5rem );justify-content:flex-start;align-items:center;}.kt-btns_9c0be0-8a .kt-button{font-weight:normal;font-style:normal;}.kt-btns_9c0be0-8a .kt-btn-wrap-0{margin-right:5px;}.wp-block-kadence-advancedbtn.kt-btns_9c0be0-8a .kt-btn-wrap-0 .kt-button::before{display:none;}<\/style>\n<div class=\"wp-block-kadence-advancedbtn kt-btn-align-left kt-btn-tablet-align-inherit kt-btn-mobile-align-inherit kt-btns-wrap kt-btns_9c0be0-8a\"><div class=\"kt-btn-wrap kt-btn-wrap-0\"><a class=\"kt-button button kt-btn-0-action kt-btn-size-standard kt-btn-style-basic kt-btn-svg-show-always kt-btn-has-text-true kt-btn-has-svg-false kb-btn-global-inherit wp-block-button__link\" href=\"https:\/\/form.jotform.com\/gbtaforms\/recognition-nomination-form\" target=\"_blank\" rel=\"noreferrer noopener\"><span class=\"kt-btn-inner-text\">FORMUL\u00c1RIO DE NOMEA\u00c7\u00c3O DE ACESSO<\/span><\/a><\/div><\/div>\n<\/div><\/div>\n<\/div><\/div><\/div>\n<\/div><\/div>\n\n\n<style>.kadence-column_3de151-1a > .kt-inside-inner-col{display:flex;}.kadence-column_3de151-1a > .kt-inside-inner-col{border-top-width:0px;border-right-width:0px;border-bottom-width:0px;border-left-width:0px;}.kadence-column_3de151-1a > .kt-inside-inner-col,.kadence-column_3de151-1a > .kt-inside-inner-col:before{border-top-left-radius:0px;border-top-right-radius:0px;border-bottom-right-radius:0px;border-bottom-left-radius:0px;}.kadence-column_3de151-1a > .kt-inside-inner-col{flex-direction:row;flex-wrap:wrap;align-items:center;justify-content:flex-end;}.kadence-column_3de151-1a > .kt-inside-inner-col > *, .kadence-column_3de151-1a > .kt-inside-inner-col > figure.wp-block-image, .kadence-column_3de151-1a > .kt-inside-inner-col > figure.wp-block-kadence-image{margin-top:0px;margin-bottom:0px;}.kadence-column_3de151-1a > .kt-inside-inner-col > .kb-image-is-ratio-size{flex-grow:1;}.kadence-column_3de151-1a > .kt-inside-inner-col:before{opacity:0.3;}.kadence-column_3de151-1a{text-align:right;}.kadence-column_3de151-1a{position:relative;}@media all and (max-width: 1024px){.kadence-column_3de151-1a > .kt-inside-inner-col{flex-direction:row;flex-wrap:wrap;justify-content:flex-end;}}@media all and (min-width: 768px) and (max-width: 1024px){.kadence-column_3de151-1a > .kt-inside-inner-col > *, .kadence-column_3de151-1a > .kt-inside-inner-col > figure.wp-block-image, .kadence-column_3de151-1a > .kt-inside-inner-col > figure.wp-block-kadence-image{margin-top:0px;margin-bottom:0px;}.kadence-column_3de151-1a > .kt-inside-inner-col > .kb-image-is-ratio-size{flex-grow:1;}}@media all and (max-width: 767px){.kadence-column_3de151-1a > .kt-inside-inner-col{padding-left:20px;flex-direction:row;flex-wrap:wrap;justify-content:flex-end;}.kadence-column_3de151-1a > .kt-inside-inner-col > *, .kadence-column_3de151-1a > .kt-inside-inner-col > figure.wp-block-image, .kadence-column_3de151-1a > .kt-inside-inner-col > figure.wp-block-kadence-image{margin-top:0px;margin-bottom:0px;}.kadence-column_3de151-1a > .kt-inside-inner-col > .kb-image-is-ratio-size{flex-grow:1;}.wp-block-kadence-column.kadence-column_3de151-1a > .kt-inside-inner-col{margin-bottom:0px;}}<\/style>\n<div class=\"wp-block-kadence-column inner-column-2 kadence-column_3de151-1a kb-section-dir-horizontal\"><div class=\"kt-inside-inner-col\"><style>.kb-image_69ab80-e0 .kb-image-has-overlay:after{opacity:0.3;}@media all and (max-width: 767px){.wp-block-kadence-image.kb-image_69ab80-e0:not(.kb-specificity-added):not(.kb-extra-specificity-added){margin-bottom:0px;}}<\/style>\n<figure class=\"wp-block-kadence-image kb-image_69ab80-e0 size-full\"><img loading=\"lazy\" decoding=\"async\" width=\"820\" height=\"829\" src=\"https:\/\/gbta.org\/wp-content\/uploads\/gbta-lane.png\" alt=\"gbta lane\" class=\"kb-img wp-image-8873\" srcset=\"https:\/\/gbta.org\/wp-content\/uploads\/gbta-lane.png 820w, https:\/\/gbta.org\/wp-content\/uploads\/gbta-lane-297x300.png 297w, https:\/\/gbta.org\/wp-content\/uploads\/gbta-lane-768x776.png 768w, https:\/\/gbta.org\/wp-content\/uploads\/gbta-lane-12x12.png 12w\" sizes=\"auto, (max-width: 820px) 100vw, 820px\" \/><\/figure>\n<\/div><\/div>\n<\/div><\/div><\/div>","protected":false},"excerpt":{"rendered":"<p>A GBTA tem a sorte de ter uma rede de profissionais dedicados em todo o mundo que oferecem seu tempo e experi\u00eancia para apoiar a educa\u00e7\u00e3o da ind\u00fastria, esfor\u00e7os de defesa, desenvolvimento profissional e recursos para membros. O Conselho GBTA\u2026<\/p>","protected":false},"author":14,"featured_media":0,"parent":3447,"menu_order":0,"comment_status":"closed","ping_status":"closed","template":"","meta":{"_acf_changed":false,"_seopress_robots_primary_cat":"","_seopress_titles_title":"","_seopress_titles_desc":"","_seopress_robots_index":"yes","om_disable_all_campaigns":false,"_relevanssi_hide_post":"","_relevanssi_hide_content":"","_relevanssi_pin_for_all":"","_relevanssi_pin_keywords":"","_relevanssi_unpin_keywords":"","_relevanssi_related_keywords":"","_relevanssi_related_include_ids":"","_relevanssi_related_exclude_ids":"","_relevanssi_related_no_append":"","_relevanssi_related_not_related":"","_relevanssi_related_posts":"1,415,661,662,664,666","_relevanssi_noindex_reason":"","_kad_blocks_custom_css":"","_kad_blocks_head_custom_js":"","_kad_blocks_body_custom_js":"","_kad_blocks_footer_custom_js":"","_kad_post_transparent":"","_kad_post_title":"","_kad_post_layout":"","_kad_post_sidebar_id":"","_kad_post_content_style":"","_kad_post_vertical_padding":"","_kad_post_feature":"","_kad_post_feature_position":"","_kad_post_header":false,"_kad_post_footer":false,"footnotes":"","_links_to":"","_links_to_target":""},"class_list":["post-5004","page","type-page","status-publish","hentry"],"acf":[],"featured_image_src_large":false,"author_info":{"display_name":"","author_link":"https:\/\/gbta.org\/pt\/author\/"},"comment_info":"","taxonomy_info":[],"mfb_rest_fields":["featured_image_src_large","author_info","comment_info","taxonomy_info"],"_links":{"self":[{"href":"https:\/\/gbta.org\/pt\/wp-json\/wp\/v2\/pages\/5004","targetHints":{"allow":["GET"]}}],"collection":[{"href":"https:\/\/gbta.org\/pt\/wp-json\/wp\/v2\/pages"}],"about":[{"href":"https:\/\/gbta.org\/pt\/wp-json\/wp\/v2\/types\/page"}],"author":[{"embeddable":true,"href":"https:\/\/gbta.org\/pt\/wp-json\/wp\/v2\/users\/14"}],"replies":[{"embeddable":true,"href":"https:\/\/gbta.org\/pt\/wp-json\/wp\/v2\/comments?post=5004"}],"version-history":[{"count":0,"href":"https:\/\/gbta.org\/pt\/wp-json\/wp\/v2\/pages\/5004\/revisions"}],"up":[{"embeddable":true,"href":"https:\/\/gbta.org\/pt\/wp-json\/wp\/v2\/pages\/3447"}],"wp:attachment":[{"href":"https:\/\/gbta.org\/pt\/wp-json\/wp\/v2\/media?parent=5004"}],"curies":[{"name":"wp","href":"https:\/\/api.w.org\/{rel}","templated":true}]}}