{"id":5664,"date":"2022-08-15T00:42:46","date_gmt":"2022-08-15T04:42:46","guid":{"rendered":"https:\/\/gbta.org\/?page_id=5664"},"modified":"2025-06-24T01:29:05","modified_gmt":"2025-06-24T05:29:05","slug":"gbta-points-programs","status":"publish","type":"page","link":"https:\/\/gbta.org\/pt\/sponsor-exhibit\/gbta-points-programs\/","title":{"rendered":"Programa de pontos priorit\u00e1rios GBTA"},"content":{"rendered":"<p>Nosso distinto programa de pontos recompensa expositores por investirem conosco. Os Pontos Priorit\u00e1rios GBTA s\u00e3o concedidos a organiza\u00e7\u00f5es Aliadas para compras de estandes de exposi\u00e7\u00e3o a cada ano, esses pontos determinam a ordem de sele\u00e7\u00e3o de estandes para a Conven\u00e7\u00e3o.<\/p>\n\n\n<style>.wp-block-kadence-iconlist.kt-svg-icon-list-items5664_1b6724-94:not(.this-stops-third-party-issues){margin-top:0px;margin-bottom:0px;}.wp-block-kadence-iconlist.kt-svg-icon-list-items5664_1b6724-94 ul.kt-svg-icon-list:not(.this-prevents-issues):not(.this-stops-third-party-issues):not(.tijsloc){margin-top:0px;margin-right:0px;margin-bottom:var(--global-kb-spacing-sm, 1.5rem);margin-left:0px;}.wp-block-kadence-iconlist.kt-svg-icon-list-items5664_1b6724-94 ul.kt-svg-icon-list{grid-row-gap:5px;}.wp-block-kadence-iconlist.kt-svg-icon-list-items5664_1b6724-94 .kb-svg-icon-wrap{color:var(--global-palette1, #3182CE);}.wp-block-kadence-iconlist.kt-svg-icon-list-items5664_1b6724-94 ul.kt-svg-icon-list .kt-svg-icon-list-item-wrap .kt-svg-icon-list-single{margin-right:10px;}.kt-svg-icon-list-items5664_1b6724-94 ul.kt-svg-icon-list .kt-svg-icon-list-level-0 .kt-svg-icon-list-single svg{font-size:20px;}<\/style>\n<div class=\"wp-block-kadence-iconlist kt-svg-icon-list-items kt-svg-icon-list-items5664_1b6724-94 kt-svg-icon-list-columns-1 alignnone\"><ul class=\"kt-svg-icon-list\">\n<li class=\"wp-block-kadence-listitem kt-svg-icon-list-item-wrap kt-svg-icon-list-item-5664_0b42a9-fa\"><span class=\"kb-svg-icon-wrap kb-svg-icon-fe_checkCircle kt-svg-icon-list-single\"><svg viewbox=\"0 0 24 24\"  fill=\"none\" stroke=\"currentColor\" stroke-width=\"2\" stroke-linecap=\"round\" stroke-linejoin=\"round\" xmlns=\"http:\/\/www.w3.org\/2000\/svg\"  aria-hidden=\"true\"><path d=\"M22 11.08V12a10 10 0 1 1-5.93-9.14\"\/><polyline points=\"22 4 12 14.01 9 11.01\"\/><\/svg><\/span><span class=\"kt-svg-icon-list-text\">1 Ponto de Prioridade para cada se\u00e7\u00e3o de estande de 10 x 10 (unidade de estande)<\/span><\/li>\n\n\n\n<li class=\"wp-block-kadence-listitem kt-svg-icon-list-item-wrap kt-svg-icon-list-item-5664_c5e915-c5\"><span class=\"kb-svg-icon-wrap kb-svg-icon-fe_checkCircle kt-svg-icon-list-single\"><svg viewbox=\"0 0 24 24\"  fill=\"none\" stroke=\"currentColor\" stroke-width=\"2\" stroke-linecap=\"round\" stroke-linejoin=\"round\" xmlns=\"http:\/\/www.w3.org\/2000\/svg\"  aria-hidden=\"true\"><path d=\"M22 11.08V12a10 10 0 1 1-5.93-9.14\"\/><polyline points=\"22 4 12 14.01 9 11.01\"\/><\/svg><\/span><span class=\"kt-svg-icon-list-text\">1 Priority Point for each 10&#8217;x10&#8242;, 2mx3m, or 3mx3m booth equivalent.<\/span><\/li>\n\n\n\n<li class=\"wp-block-kadence-listitem kt-svg-icon-list-item-wrap kt-svg-icon-list-item-5664_4bb0f5-e8\"><span class=\"kb-svg-icon-wrap kb-svg-icon-fe_checkCircle kt-svg-icon-list-single\"><svg viewbox=\"0 0 24 24\"  fill=\"none\" stroke=\"currentColor\" stroke-width=\"2\" stroke-linecap=\"round\" stroke-linejoin=\"round\" xmlns=\"http:\/\/www.w3.org\/2000\/svg\"  aria-hidden=\"true\"><path d=\"M22 11.08V12a10 10 0 1 1-5.93-9.14\"\/><polyline points=\"22 4 12 14.01 9 11.01\"\/><\/svg><\/span><span class=\"kt-svg-icon-list-text\">10 Pontos de Prioridade para cada ano de participa\u00e7\u00e3o na exposi\u00e7\u00e3o<\/span><\/li>\n<\/ul><\/div>\n\n\n\n<p>Os pontos de prioridade s\u00e3o totalizados e as organiza\u00e7\u00f5es s\u00e3o classificadas em ordem de ponto de prioridade total para determinar o hor\u00e1rio de sele\u00e7\u00e3o do estande na exposi\u00e7\u00e3o.<\/p>\n\n\n\n<div class=\"wp-block-buttons is-layout-flex wp-block-buttons-is-layout-flex\">\n<div class=\"wp-block-button\"><a class=\"wp-block-button__link wp-element-button\" href=\"https:\/\/gbta.org\/wp-content\/uploads\/GBTA-Convention-Priority-Points-FAQs.pdf\" target=\"_blank\" rel=\"noreferrer noopener\">Ver FAQs da Conven\u00e7\u00e3o<\/a><\/div>\n<\/div>\n\n\n<style>.kadence-column5664_bc77c1-14 > .kt-inside-inner-col,.kadence-column5664_bc77c1-14 > .kt-inside-inner-col:before{border-top-left-radius:0px;border-top-right-radius:0px;border-bottom-right-radius:0px;border-bottom-left-radius:0px;}.kadence-column5664_bc77c1-14 > .kt-inside-inner-col{column-gap:var(--global-kb-gap-sm, 1rem);}.kadence-column5664_bc77c1-14 > .kt-inside-inner-col{flex-direction:column;}.kadence-column5664_bc77c1-14 > .kt-inside-inner-col > .aligncenter{width:100%;}.kadence-column5664_bc77c1-14 > .kt-inside-inner-col:before{opacity:0.3;}.kadence-column5664_bc77c1-14{position:relative;}@media all and (max-width: 1024px){.kadence-column5664_bc77c1-14 > .kt-inside-inner-col{flex-direction:column;}}@media all and (max-width: 767px){.kadence-column5664_bc77c1-14 > .kt-inside-inner-col{flex-direction:column;}}<\/style>\n<div class=\"wp-block-kadence-column kadence-column5664_bc77c1-14\"><div class=\"kt-inside-inner-col\"><style>.kb-row-layout-id5664_574b4c-04 > .kt-row-column-wrap{align-content:start;}:where(.kb-row-layout-id5664_574b4c-04 > .kt-row-column-wrap) > .wp-block-kadence-column{justify-content:start;}.kb-row-layout-id5664_574b4c-04 > .kt-row-column-wrap{column-gap:var(--global-kb-gap-md, 2rem);row-gap:var(--global-kb-gap-md, 2rem);padding-top:var(--global-kb-spacing-sm, 1.5rem);padding-bottom:var(--global-kb-spacing-sm, 1.5rem);grid-template-columns:minmax(0, 1fr);}.kb-row-layout-id5664_574b4c-04 > .kt-row-layout-overlay{opacity:0.30;}@media all and (max-width: 1024px){.kb-row-layout-id5664_574b4c-04 > .kt-row-column-wrap{grid-template-columns:minmax(0, 1fr);}}@media all and (max-width: 767px){.kb-row-layout-id5664_574b4c-04 > .kt-row-column-wrap{grid-template-columns:minmax(0, 1fr);}}<\/style><div class=\"kb-row-layout-wrap kb-row-layout-id5664_574b4c-04 alignnone wp-block-kadence-rowlayout\"><div class=\"kt-row-column-wrap kt-has-1-columns kt-row-layout-equal kt-tab-layout-inherit kt-mobile-layout-row kt-row-valign-top\">\n<style>.kadence-column5664_6bdb20-cd > .kt-inside-inner-col,.kadence-column5664_6bdb20-cd > .kt-inside-inner-col:before{border-top-left-radius:0px;border-top-right-radius:0px;border-bottom-right-radius:0px;border-bottom-left-radius:0px;}.kadence-column5664_6bdb20-cd > .kt-inside-inner-col{column-gap:var(--global-kb-gap-sm, 1rem);}.kadence-column5664_6bdb20-cd > .kt-inside-inner-col{flex-direction:column;}.kadence-column5664_6bdb20-cd > .kt-inside-inner-col > .aligncenter{width:100%;}.kadence-column5664_6bdb20-cd > .kt-inside-inner-col:before{opacity:0.3;}.kadence-column5664_6bdb20-cd{position:relative;}@media all and (max-width: 1024px){.kadence-column5664_6bdb20-cd > .kt-inside-inner-col{flex-direction:column;}}@media all and (max-width: 767px){.kadence-column5664_6bdb20-cd > .kt-inside-inner-col{flex-direction:column;}}<\/style>\n<div class=\"wp-block-kadence-column kadence-column5664_6bdb20-cd\"><div class=\"kt-inside-inner-col\"><style>.wp-block-kadence-advancedgallery.kb-gallery-wrap-id-5664_b441ee-f1{overflow:hidden;}.kb-gallery-type-carousel.kb-gallery-id-5664_b441ee-f1 .kt-blocks-carousel .kt-blocks-carousel-init:not( .splide-initialized ){margin-left:-5px;margin-right:-5px;}.kb-gallery-type-carousel.kb-gallery-id-5664_b441ee-f1 .kt-blocks-carousel .kt-blocks-carousel-init:not( .splide-initialized ) .kb-slide-item{padding-left:5px;padding-right:5px;}.kb-gallery-id-5664_b441ee-f1 .kadence-blocks-gallery-item .kb-gal-image-radius, .kb-gallery-id-5664_b441ee-f1 .kb-slide-item .kb-gal-image-radius img{border-radius:0px 0px 0px 0px;;}<\/style><div class=\"kb-gallery-wrap-id-5664_b441ee-f1 alignnone wp-block-kadence-advancedgallery\"><div class=\"kb-gallery-ul kb-gallery-non-static kb-gallery-type-carousel kb-gallery-id-5664_b441ee-f1 kb-gallery-caption-style-bottom-hover kb-gallery-filter-none\" data-image-filter=\"none\" data-lightbox-caption=\"true\"><div class=\"kt-blocks-carousel kt-carousel-container-dotstyle-dark\"><div class=\"kt-blocks-carousel-init kb-gallery-carousel kt-carousel-arrowstyle-whiteondark kt-carousel-dotstyle-dark\" data-columns-xxl=\"4\" data-columns-xl=\"4\" data-columns-md=\"4\" data-columns-sm=\"3\" data-columns-xs=\"2\" data-columns-ss=\"2\" data-slider-anim-speed=\"1000\" data-slider-scroll=\"1\" data-slider-arrows=\"true\" data-slider-dots=\"true\" data-slider-hover-pause=\"false\" data-slider-auto=\"1\" data-slider-speed=\"3000\" data-slider-gap=\"10px\" data-slider-gap-tablet=\"10px\" data-slider-gap-mobile=\"10px\"><div class=\"kb-slide-item kb-gallery-carousel-item\"><div class=\"kadence-blocks-gallery-item\"><div class=\"kadence-blocks-gallery-item-inner\"><figure class=\"kb-gallery-figure kadence-blocks-gallery-item-hide-caption\" \"><div class=\"kb-gal-image-radius\"><div class=\"kb-gallery-image-contain kadence-blocks-gallery-intrinsic kb-gallery-image-ratio-land32 kb-has-image-ratio-land32\" ><img loading=\"lazy\" decoding=\"async\" src=\"data:image\/svg+xml,%3Csvg%20xmlns='http:\/\/www.w3.org\/2000\/svg'%20viewBox='0%200%201000%20667'%3E%3C\/svg%3E\"  data-splide-lazy=\"https:\/\/gbta.org\/wp-content\/uploads\/points-8.webp\" width=\"799\" height=\"533\" alt=\"points 8\" data-full-image=\"https:\/\/gbta.org\/wp-content\/uploads\/points-8.webp\" data-light-image=\"https:\/\/gbta.org\/wp-content\/uploads\/points-8.webp\" data-splide-lazy-srcset=\"https:\/\/gbta.org\/wp-content\/uploads\/points-8.webp 799w, https:\/\/gbta.org\/wp-content\/uploads\/points-8-300x200.webp 300w, https:\/\/gbta.org\/wp-content\/uploads\/points-8-768x512.webp 768w, https:\/\/gbta.org\/wp-content\/uploads\/points-8-18x12.webp 18w\" sizes=\"auto, (max-width: 799px) 100vw, 799px\"data-id=\"20146\" class=\"wp-image-20146 skip-lazy\"\/><\/div><\/div><\/figure><\/div><\/div><\/div><div class=\"kb-slide-item kb-gallery-carousel-item\"><div class=\"kadence-blocks-gallery-item\"><div class=\"kadence-blocks-gallery-item-inner\"><figure class=\"kb-gallery-figure kadence-blocks-gallery-item-hide-caption\" \"><div class=\"kb-gal-image-radius\"><div class=\"kb-gallery-image-contain kadence-blocks-gallery-intrinsic kb-gallery-image-ratio-land32 kb-has-image-ratio-land32\" ><img loading=\"lazy\" decoding=\"async\" src=\"data:image\/svg+xml,%3Csvg%20xmlns='http:\/\/www.w3.org\/2000\/svg'%20viewBox='0%200%201000%20667'%3E%3C\/svg%3E\"  data-splide-lazy=\"https:\/\/gbta.org\/wp-content\/uploads\/points-7.webp\" width=\"799\" height=\"533\" alt=\"points 7\" data-full-image=\"https:\/\/gbta.org\/wp-content\/uploads\/points-7.webp\" data-light-image=\"https:\/\/gbta.org\/wp-content\/uploads\/points-7.webp\" data-splide-lazy-srcset=\"https:\/\/gbta.org\/wp-content\/uploads\/points-7.webp 799w, https:\/\/gbta.org\/wp-content\/uploads\/points-7-300x200.webp 300w, https:\/\/gbta.org\/wp-content\/uploads\/points-7-768x512.webp 768w, https:\/\/gbta.org\/wp-content\/uploads\/points-7-18x12.webp 18w\" sizes=\"auto, (max-width: 799px) 100vw, 799px\"data-id=\"20147\" class=\"wp-image-20147 skip-lazy\"\/><\/div><\/div><\/figure><\/div><\/div><\/div><div class=\"kb-slide-item kb-gallery-carousel-item\"><div class=\"kadence-blocks-gallery-item\"><div class=\"kadence-blocks-gallery-item-inner\"><figure class=\"kb-gallery-figure kadence-blocks-gallery-item-hide-caption\" \"><div class=\"kb-gal-image-radius\"><div class=\"kb-gallery-image-contain kadence-blocks-gallery-intrinsic kb-gallery-image-ratio-land32 kb-has-image-ratio-land32\" ><img loading=\"lazy\" decoding=\"async\" src=\"data:image\/svg+xml,%3Csvg%20xmlns='http:\/\/www.w3.org\/2000\/svg'%20viewBox='0%200%201000%20667'%3E%3C\/svg%3E\"  data-splide-lazy=\"https:\/\/gbta.org\/wp-content\/uploads\/points-6.webp\" width=\"799\" height=\"533\" alt=\"points 6\" data-full-image=\"https:\/\/gbta.org\/wp-content\/uploads\/points-6.webp\" data-light-image=\"https:\/\/gbta.org\/wp-content\/uploads\/points-6.webp\" data-splide-lazy-srcset=\"https:\/\/gbta.org\/wp-content\/uploads\/points-6.webp 799w, https:\/\/gbta.org\/wp-content\/uploads\/points-6-300x200.webp 300w, https:\/\/gbta.org\/wp-content\/uploads\/points-6-768x512.webp 768w, https:\/\/gbta.org\/wp-content\/uploads\/points-6-18x12.webp 18w\" sizes=\"auto, (max-width: 799px) 100vw, 799px\"data-id=\"20148\" class=\"wp-image-20148 skip-lazy\"\/><\/div><\/div><\/figure><\/div><\/div><\/div><div class=\"kb-slide-item kb-gallery-carousel-item\"><div class=\"kadence-blocks-gallery-item\"><div class=\"kadence-blocks-gallery-item-inner\"><figure class=\"kb-gallery-figure kadence-blocks-gallery-item-hide-caption\" \"><div class=\"kb-gal-image-radius\"><div class=\"kb-gallery-image-contain kadence-blocks-gallery-intrinsic kb-gallery-image-ratio-land32 kb-has-image-ratio-land32\" ><img loading=\"lazy\" decoding=\"async\" src=\"data:image\/svg+xml,%3Csvg%20xmlns='http:\/\/www.w3.org\/2000\/svg'%20viewBox='0%200%201000%20667'%3E%3C\/svg%3E\"  data-splide-lazy=\"https:\/\/gbta.org\/wp-content\/uploads\/points-5.webp\" width=\"799\" height=\"533\" alt=\"points 5\" data-full-image=\"https:\/\/gbta.org\/wp-content\/uploads\/points-5.webp\" data-light-image=\"https:\/\/gbta.org\/wp-content\/uploads\/points-5.webp\" data-splide-lazy-srcset=\"https:\/\/gbta.org\/wp-content\/uploads\/points-5.webp 799w, https:\/\/gbta.org\/wp-content\/uploads\/points-5-300x200.webp 300w, https:\/\/gbta.org\/wp-content\/uploads\/points-5-768x512.webp 768w, https:\/\/gbta.org\/wp-content\/uploads\/points-5-18x12.webp 18w\" sizes=\"auto, (max-width: 799px) 100vw, 799px\"data-id=\"20149\" class=\"wp-image-20149 skip-lazy\"\/><\/div><\/div><\/figure><\/div><\/div><\/div><div class=\"kb-slide-item kb-gallery-carousel-item\"><div class=\"kadence-blocks-gallery-item\"><div class=\"kadence-blocks-gallery-item-inner\"><figure class=\"kb-gallery-figure kadence-blocks-gallery-item-hide-caption\" \"><div class=\"kb-gal-image-radius\"><div class=\"kb-gallery-image-contain kadence-blocks-gallery-intrinsic kb-gallery-image-ratio-land32 kb-has-image-ratio-land32\" ><img loading=\"lazy\" decoding=\"async\" src=\"data:image\/svg+xml,%3Csvg%20xmlns='http:\/\/www.w3.org\/2000\/svg'%20viewBox='0%200%201000%20667'%3E%3C\/svg%3E\"  data-splide-lazy=\"https:\/\/gbta.org\/wp-content\/uploads\/points-4.webp\" width=\"799\" height=\"533\" alt=\"points 4\" data-full-image=\"https:\/\/gbta.org\/wp-content\/uploads\/points-4.webp\" data-light-image=\"https:\/\/gbta.org\/wp-content\/uploads\/points-4.webp\" data-splide-lazy-srcset=\"https:\/\/gbta.org\/wp-content\/uploads\/points-4.webp 799w, https:\/\/gbta.org\/wp-content\/uploads\/points-4-300x200.webp 300w, https:\/\/gbta.org\/wp-content\/uploads\/points-4-768x512.webp 768w, https:\/\/gbta.org\/wp-content\/uploads\/points-4-18x12.webp 18w\" sizes=\"auto, (max-width: 799px) 100vw, 799px\"data-id=\"20150\" class=\"wp-image-20150 skip-lazy\"\/><\/div><\/div><\/figure><\/div><\/div><\/div><div class=\"kb-slide-item kb-gallery-carousel-item\"><div class=\"kadence-blocks-gallery-item\"><div class=\"kadence-blocks-gallery-item-inner\"><figure class=\"kb-gallery-figure kadence-blocks-gallery-item-hide-caption\" \"><div class=\"kb-gal-image-radius\"><div class=\"kb-gallery-image-contain kadence-blocks-gallery-intrinsic kb-gallery-image-ratio-land32 kb-has-image-ratio-land32\" ><img loading=\"lazy\" decoding=\"async\" src=\"data:image\/svg+xml,%3Csvg%20xmlns='http:\/\/www.w3.org\/2000\/svg'%20viewBox='0%200%201000%20667'%3E%3C\/svg%3E\"  data-splide-lazy=\"https:\/\/gbta.org\/wp-content\/uploads\/points-3.webp\" width=\"799\" height=\"533\" alt=\"points 3\" data-full-image=\"https:\/\/gbta.org\/wp-content\/uploads\/points-3.webp\" data-light-image=\"https:\/\/gbta.org\/wp-content\/uploads\/points-3.webp\" data-splide-lazy-srcset=\"https:\/\/gbta.org\/wp-content\/uploads\/points-3.webp 799w, https:\/\/gbta.org\/wp-content\/uploads\/points-3-300x200.webp 300w, https:\/\/gbta.org\/wp-content\/uploads\/points-3-768x512.webp 768w, https:\/\/gbta.org\/wp-content\/uploads\/points-3-18x12.webp 18w\" sizes=\"auto, (max-width: 799px) 100vw, 799px\"data-id=\"20151\" class=\"wp-image-20151 skip-lazy\"\/><\/div><\/div><\/figure><\/div><\/div><\/div><div class=\"kb-slide-item kb-gallery-carousel-item\"><div class=\"kadence-blocks-gallery-item\"><div class=\"kadence-blocks-gallery-item-inner\"><figure class=\"kb-gallery-figure kadence-blocks-gallery-item-hide-caption\" \"><div class=\"kb-gal-image-radius\"><div class=\"kb-gallery-image-contain kadence-blocks-gallery-intrinsic kb-gallery-image-ratio-land32 kb-has-image-ratio-land32\" ><img loading=\"lazy\" decoding=\"async\" src=\"data:image\/svg+xml,%3Csvg%20xmlns='http:\/\/www.w3.org\/2000\/svg'%20viewBox='0%200%201000%20667'%3E%3C\/svg%3E\"  data-splide-lazy=\"https:\/\/gbta.org\/wp-content\/uploads\/point-2.webp\" width=\"799\" height=\"533\" alt=\"point 2\" data-full-image=\"https:\/\/gbta.org\/wp-content\/uploads\/point-2.webp\" data-light-image=\"https:\/\/gbta.org\/wp-content\/uploads\/point-2.webp\" data-splide-lazy-srcset=\"https:\/\/gbta.org\/wp-content\/uploads\/point-2.webp 799w, https:\/\/gbta.org\/wp-content\/uploads\/point-2-300x200.webp 300w, https:\/\/gbta.org\/wp-content\/uploads\/point-2-768x512.webp 768w, https:\/\/gbta.org\/wp-content\/uploads\/point-2-18x12.webp 18w\" sizes=\"auto, (max-width: 799px) 100vw, 799px\"data-id=\"20152\" class=\"wp-image-20152 skip-lazy\"\/><\/div><\/div><\/figure><\/div><\/div><\/div><div class=\"kb-slide-item kb-gallery-carousel-item\"><div class=\"kadence-blocks-gallery-item\"><div class=\"kadence-blocks-gallery-item-inner\"><figure class=\"kb-gallery-figure kadence-blocks-gallery-item-hide-caption\" \"><div class=\"kb-gal-image-radius\"><div class=\"kb-gallery-image-contain kadence-blocks-gallery-intrinsic kb-gallery-image-ratio-land32 kb-has-image-ratio-land32\" ><img loading=\"lazy\" decoding=\"async\" src=\"data:image\/svg+xml,%3Csvg%20xmlns='http:\/\/www.w3.org\/2000\/svg'%20viewBox='0%200%201000%20667'%3E%3C\/svg%3E\"  data-splide-lazy=\"https:\/\/gbta.org\/wp-content\/uploads\/expo-1.webp\" width=\"799\" height=\"533\" alt=\"expo 1\" data-full-image=\"https:\/\/gbta.org\/wp-content\/uploads\/expo-1.webp\" data-light-image=\"https:\/\/gbta.org\/wp-content\/uploads\/expo-1.webp\" data-splide-lazy-srcset=\"https:\/\/gbta.org\/wp-content\/uploads\/expo-1.webp 799w, https:\/\/gbta.org\/wp-content\/uploads\/expo-1-300x200.webp 300w, https:\/\/gbta.org\/wp-content\/uploads\/expo-1-768x512.webp 768w, https:\/\/gbta.org\/wp-content\/uploads\/expo-1-18x12.webp 18w\" sizes=\"auto, (max-width: 799px) 100vw, 799px\"data-id=\"20153\" class=\"wp-image-20153 skip-lazy\"\/><\/div><\/div><\/figure><\/div><\/div><\/div><\/div><\/div><\/div><\/div><\/div><\/div>\n\n<\/div><\/div><\/div><\/div>\n\n\n<style>.kadence-column5664_3cbd8e-40 > .kt-inside-inner-col,.kadence-column5664_3cbd8e-40 > .kt-inside-inner-col:before{border-top-left-radius:0px;border-top-right-radius:0px;border-bottom-right-radius:0px;border-bottom-left-radius:0px;}.kadence-column5664_3cbd8e-40 > .kt-inside-inner-col{column-gap:var(--global-kb-gap-sm, 1rem);}.kadence-column5664_3cbd8e-40 > .kt-inside-inner-col{flex-direction:column;}.kadence-column5664_3cbd8e-40 > .kt-inside-inner-col > .aligncenter{width:100%;}.kadence-column5664_3cbd8e-40 > .kt-inside-inner-col:before{opacity:0.3;}.kadence-column5664_3cbd8e-40{position:relative;}@media all and (max-width: 1024px){.kadence-column5664_3cbd8e-40 > .kt-inside-inner-col{flex-direction:column;}}@media all and (max-width: 767px){.kadence-column5664_3cbd8e-40 > .kt-inside-inner-col{flex-direction:column;}}<\/style>\n<div class=\"wp-block-kadence-column kadence-column5664_3cbd8e-40\"><div class=\"kt-inside-inner-col\"><style>.kb-row-layout-id5664_33df72-4c > .kt-row-column-wrap{align-content:start;}:where(.kb-row-layout-id5664_33df72-4c > .kt-row-column-wrap) > .wp-block-kadence-column{justify-content:start;}.kb-row-layout-id5664_33df72-4c > .kt-row-column-wrap{column-gap:var(--global-kb-gap-md, 2rem);row-gap:var(--global-kb-gap-md, 2rem);padding-top:var(--global-kb-spacing-sm, 1.5rem);padding-bottom:var(--global-kb-spacing-sm, 1.5rem);grid-template-columns:minmax(0, 1fr);}.kb-row-layout-id5664_33df72-4c > .kt-row-layout-overlay{opacity:0.30;}@media all and (max-width: 1024px){.kb-row-layout-id5664_33df72-4c > .kt-row-column-wrap{grid-template-columns:minmax(0, 1fr);}}@media all and (max-width: 767px){.kb-row-layout-id5664_33df72-4c > .kt-row-column-wrap{grid-template-columns:minmax(0, 1fr);}}<\/style><div class=\"kb-row-layout-wrap kb-row-layout-id5664_33df72-4c alignnone wp-block-kadence-rowlayout\"><div class=\"kt-row-column-wrap kt-has-1-columns kt-row-layout-equal kt-tab-layout-inherit kt-mobile-layout-row kt-row-valign-top\">\n<style>.kadence-column5664_37204b-18 > .kt-inside-inner-col,.kadence-column5664_37204b-18 > .kt-inside-inner-col:before{border-top-left-radius:0px;border-top-right-radius:0px;border-bottom-right-radius:0px;border-bottom-left-radius:0px;}.kadence-column5664_37204b-18 > .kt-inside-inner-col{column-gap:var(--global-kb-gap-sm, 1rem);}.kadence-column5664_37204b-18 > .kt-inside-inner-col{flex-direction:column;}.kadence-column5664_37204b-18 > .kt-inside-inner-col > .aligncenter{width:100%;}.kadence-column5664_37204b-18 > .kt-inside-inner-col:before{opacity:0.3;}.kadence-column5664_37204b-18{position:relative;}@media all and (max-width: 1024px){.kadence-column5664_37204b-18 > .kt-inside-inner-col{flex-direction:column;}}@media all and (max-width: 767px){.kadence-column5664_37204b-18 > .kt-inside-inner-col{flex-direction:column;}}<\/style>\n<div class=\"wp-block-kadence-column kadence-column5664_37204b-18\"><div class=\"kt-inside-inner-col\"><style>.wp-block-kadence-advancedheading.kt-adv-heading5664_6ee810-ea, .wp-block-kadence-advancedheading.kt-adv-heading5664_6ee810-ea[data-kb-block=\"kb-adv-heading5664_6ee810-ea\"]{font-style:normal;}.wp-block-kadence-advancedheading.kt-adv-heading5664_6ee810-ea mark.kt-highlight, .wp-block-kadence-advancedheading.kt-adv-heading5664_6ee810-ea[data-kb-block=\"kb-adv-heading5664_6ee810-ea\"] mark.kt-highlight{font-style:normal;color:#f76a0c;-webkit-box-decoration-break:clone;box-decoration-break:clone;padding-top:0px;padding-right:0px;padding-bottom:0px;padding-left:0px;}<\/style>\n<h3 class=\"kt-adv-heading5664_6ee810-ea wp-block-kadence-advancedheading\" data-kb-block=\"kb-adv-heading5664_6ee810-ea\"><strong>Contate-nos!<\/strong><\/h3>\n\n\n\n<p>Voc\u00ea tem perguntas ou quer saber mais sobre nosso Programa de Pontos Priorit\u00e1rios? Entre em contato com <a href=\"mailto:exhibit@gbta.org\">exposi\u00e7\u00e3o@gbta.org<\/a> ou preencha o formul\u00e1rio abaixo e um membro de nossa equipe entrar\u00e1 em contato em breve.<\/p>\n\n\n\n<iframe loading=\"lazy\" src=\"https:\/\/www3.gbta.org\/l\/5572\/2024-06-03\/6tkjh1\" width=\"100%\" height=\"650\" type=\"text\/html\" frameborder=\"0\" allowtransparency=\"true\" style=\"border: 0\"><\/iframe>\n<\/div><\/div>\n\n<\/div><\/div><\/div><\/div>","protected":false},"excerpt":{"rendered":"<p>Nosso distinto programa de pontos recompensa expositores por investir conosco. Os Pontos Priorit\u00e1rios GBTA s\u00e3o concedidos a organiza\u00e7\u00f5es aliadas para compras de estandes de exposi\u00e7\u00e3o a cada ano, esses pontos determinam a ordem da exposi\u00e7\u00e3o de\u2026<\/p>","protected":false},"author":14,"featured_media":10131,"parent":23520,"menu_order":0,"comment_status":"closed","ping_status":"closed","template":"","meta":{"_acf_changed":false,"_seopress_robots_primary_cat":"","_seopress_titles_title":"","_seopress_titles_desc":"","_seopress_robots_index":"yes","om_disable_all_campaigns":false,"_relevanssi_hide_post":"","_relevanssi_hide_content":"","_relevanssi_pin_for_all":"","_relevanssi_pin_keywords":"","_relevanssi_unpin_keywords":"","_relevanssi_related_keywords":"","_relevanssi_related_include_ids":"","_relevanssi_related_exclude_ids":"","_relevanssi_related_no_append":"","_relevanssi_related_not_related":"","_relevanssi_related_posts":"1,415,661,662,664,666","_relevanssi_noindex_reason":"","_kad_blocks_custom_css":"","_kad_blocks_head_custom_js":"","_kad_blocks_body_custom_js":"","_kad_blocks_footer_custom_js":"","_kad_post_transparent":"","_kad_post_title":"","_kad_post_layout":"","_kad_post_sidebar_id":"","_kad_post_content_style":"","_kad_post_vertical_padding":"","_kad_post_feature":"","_kad_post_feature_position":"","_kad_post_header":false,"_kad_post_footer":false,"footnotes":"","_links_to":"","_links_to_target":""},"class_list":["post-5664","page","type-page","status-publish","has-post-thumbnail","hentry"],"acf":[],"featured_image_src_large":["https:\/\/gbta.org\/wp-content\/uploads\/sponsor-banner.jpg",920,300,false],"author_info":{"display_name":"","author_link":"https:\/\/gbta.org\/pt\/author\/"},"comment_info":"","taxonomy_info":[],"featured_image_src":"https:\/\/gbta.org\/wp-content\/uploads\/sponsor-banner.jpg","featured_image_src_square":"https:\/\/gbta.org\/wp-content\/uploads\/sponsor-banner.jpg","mfb_rest_fields":["featured_image_src_large","author_info","comment_info","taxonomy_info","featured_image_src","featured_image_src_square"],"_links":{"self":[{"href":"https:\/\/gbta.org\/pt\/wp-json\/wp\/v2\/pages\/5664","targetHints":{"allow":["GET"]}}],"collection":[{"href":"https:\/\/gbta.org\/pt\/wp-json\/wp\/v2\/pages"}],"about":[{"href":"https:\/\/gbta.org\/pt\/wp-json\/wp\/v2\/types\/page"}],"author":[{"embeddable":true,"href":"https:\/\/gbta.org\/pt\/wp-json\/wp\/v2\/users\/14"}],"replies":[{"embeddable":true,"href":"https:\/\/gbta.org\/pt\/wp-json\/wp\/v2\/comments?post=5664"}],"version-history":[{"count":7,"href":"https:\/\/gbta.org\/pt\/wp-json\/wp\/v2\/pages\/5664\/revisions"}],"predecessor-version":[{"id":23234,"href":"https:\/\/gbta.org\/pt\/wp-json\/wp\/v2\/pages\/5664\/revisions\/23234"}],"up":[{"embeddable":true,"href":"https:\/\/gbta.org\/pt\/wp-json\/wp\/v2\/pages\/23520"}],"wp:featuredmedia":[{"embeddable":true,"href":"https:\/\/gbta.org\/pt\/wp-json\/wp\/v2\/media\/10131"}],"wp:attachment":[{"href":"https:\/\/gbta.org\/pt\/wp-json\/wp\/v2\/media?parent=5664"}],"curies":[{"name":"wp","href":"https:\/\/api.w.org\/{rel}","templated":true}]}}