{"id":7084,"date":"2022-09-15T10:35:33","date_gmt":"2022-09-15T14:35:33","guid":{"rendered":"https:\/\/gbta.org\/?page_id=7084"},"modified":"2025-03-11T03:18:12","modified_gmt":"2025-03-11T07:18:12","slug":"trm-supplier-capabilities","status":"publish","type":"page","link":"https:\/\/gbta.org\/pt\/trm-supplier-capabilities\/","title":{"rendered":"Capacidades do Fornecedor TRM"},"content":{"rendered":"<style>.kadence-column7084_b7db05-ed > .kt-inside-inner-col,.kadence-column7084_b7db05-ed > .kt-inside-inner-col:before{border-top-left-radius:0px;border-top-right-radius:0px;border-bottom-right-radius:0px;border-bottom-left-radius:0px;}.kadence-column7084_b7db05-ed > .kt-inside-inner-col{column-gap:var(--global-kb-gap-sm, 1rem);}.kadence-column7084_b7db05-ed > .kt-inside-inner-col{flex-direction:column;}.kadence-column7084_b7db05-ed > .kt-inside-inner-col > .aligncenter{width:100%;}.kadence-column7084_b7db05-ed > .kt-inside-inner-col:before{opacity:0.3;}.kadence-column7084_b7db05-ed{position:relative;}.kadence-column7084_b7db05-ed, .kt-inside-inner-col > .kadence-column7084_b7db05-ed:not(.specificity){margin-bottom:30px;}@media all and (max-width: 1024px){.kadence-column7084_b7db05-ed > .kt-inside-inner-col{flex-direction:column;}}@media all and (max-width: 767px){.kadence-column7084_b7db05-ed > .kt-inside-inner-col{flex-direction:column;}}<\/style>\n<div class=\"wp-block-kadence-column kadence-column7084_b7db05-ed inner-column-1\"><div class=\"kt-inside-inner-col\">\n<figure class=\"wp-block-image size-full\"><img loading=\"lazy\" decoding=\"async\" width=\"496\" height=\"63\" src=\"https:\/\/gbta.org\/wp-content\/uploads\/gbta-risk-logo.png\" alt=\"gbta risk logo\" class=\"wp-image-7086\" srcset=\"https:\/\/gbta.org\/wp-content\/uploads\/gbta-risk-logo.png 496w, https:\/\/gbta.org\/wp-content\/uploads\/gbta-risk-logo-300x38.png 300w, https:\/\/gbta.org\/wp-content\/uploads\/gbta-risk-logo-18x2.png 18w\" sizes=\"auto, (max-width: 496px) 100vw, 496px\" \/><\/figure>\n<\/div><\/div>\n\n\n\n<p>Como parte do lan\u00e7amento global da nova ISO 31030:2021 \u201cTravel Risk Management \u2013 Guidance for Organizations\u201d, o GBTA Risk Committee gostaria de fornecer suporte aos compradores de viagens para entender os principais elementos da orienta\u00e7\u00e3o TRM e, mais importante, a capacidade dos fornecedores de TRM para apoiar a orienta\u00e7\u00e3o.<\/p>\n\n\n\n<p><a href=\"https:\/\/gbta.org\/pt\/professional-development\/content-collaborate\/gbta-committees\/risk-committee\/\" data-type=\"URL\" data-id=\"https:\/\/gbta.org\/professional-development\/content-collaborate\/gbta-committees\/risk-committee\/\">O comit\u00ea de risco global<\/a> est\u00e1 pesquisando os membros da GBTA Allied que fornecem servi\u00e7os e\/ou tecnologia de TRM relacionados aos principais recursos da ISO 31030. Assim que a pesquisa for conclu\u00edda, ela ser\u00e1 compilada e estar\u00e1 dispon\u00edvel para compradores de viagens encontrarem fornecedores para fornecer esses recursos principais.<\/p>\n\n\n\n<p>Organiza\u00e7\u00f5es com representa\u00e7\u00e3o de membros da GBTA s\u00e3o convidadas a preencher a planilha da Pesquisa de Capacidades do Fornecedor para serem inclu\u00eddas.<\/p>\n\n\n\n<div class=\"wp-block-buttons is-layout-flex wp-block-buttons-is-layout-flex\">\n<div class=\"wp-block-button\"><a class=\"wp-block-button__link wp-element-button\" href=\"https:\/\/gbta.org\/wp-content\/uploads\/GBTA-TRM-Supplier-Capabilities-Survey-NEW-BRAND.xlsx\">Baixe a planilha da pesquisa<\/a><\/div>\n<\/div>\n\n\n<style>.kadence-column7084_a11b07-e6 > .kt-inside-inner-col,.kadence-column7084_a11b07-e6 > .kt-inside-inner-col:before{border-top-left-radius:0px;border-top-right-radius:0px;border-bottom-right-radius:0px;border-bottom-left-radius:0px;}.kadence-column7084_a11b07-e6 > .kt-inside-inner-col{column-gap:var(--global-kb-gap-sm, 1rem);}.kadence-column7084_a11b07-e6 > .kt-inside-inner-col{flex-direction:column;}.kadence-column7084_a11b07-e6 > .kt-inside-inner-col > .aligncenter{width:100%;}.kadence-column7084_a11b07-e6 > .kt-inside-inner-col:before{opacity:0.3;}.kadence-column7084_a11b07-e6{position:relative;}.kadence-column7084_a11b07-e6, .kt-inside-inner-col > .kadence-column7084_a11b07-e6:not(.specificity){margin-bottom:30px;}@media all and (max-width: 1024px){.kadence-column7084_a11b07-e6 > .kt-inside-inner-col{flex-direction:column;}}@media all and (max-width: 767px){.kadence-column7084_a11b07-e6 > .kt-inside-inner-col{flex-direction:column;}}<\/style>\n<div class=\"wp-block-kadence-column kadence-column7084_a11b07-e6 inner-column-1\"><div class=\"kt-inside-inner-col\"><style>.wp-block-kadence-advancedheading.kt-adv-heading7084_38cda5-ef, .wp-block-kadence-advancedheading.kt-adv-heading7084_38cda5-ef[data-kb-block=\"kb-adv-heading7084_38cda5-ef\"]{font-style:normal;}.wp-block-kadence-advancedheading.kt-adv-heading7084_38cda5-ef mark.kt-highlight, .wp-block-kadence-advancedheading.kt-adv-heading7084_38cda5-ef[data-kb-block=\"kb-adv-heading7084_38cda5-ef\"] mark.kt-highlight{font-style:normal;color:#f76a0c;-webkit-box-decoration-break:clone;box-decoration-break:clone;padding-top:0px;padding-right:0px;padding-bottom:0px;padding-left:0px;}<\/style>\n<h3 class=\"kt-adv-heading7084_38cda5-ef wp-block-kadence-advancedheading\" data-kb-block=\"kb-adv-heading7084_38cda5-ef\">Assista ao v\u00eddeo instrutivo<\/h3>\n\n\n\n<div style=\"position: relative; display: block; max-width: 960px;\"><div style=\"padding-top: 56.25%;\"><iframe src=\"https:\/\/players.brightcove.net\/4179652749001\/default_default\/index.html?videoId=6312390666112\" allowfullscreen=\"\" allow=\"encrypted-media\" style=\"position: absolute; top: 0px; right: 0px; bottom: 0px; left: 0px; width: 100%; height: 100%;\"><\/iframe><\/div><\/div>\n<\/div><\/div>\n\n\n<style>.kadence-column7084_a347dc-a1 > .kt-inside-inner-col{padding-bottom:30px;}.kadence-column7084_a347dc-a1 > .kt-inside-inner-col,.kadence-column7084_a347dc-a1 > .kt-inside-inner-col:before{border-top-left-radius:0px;border-top-right-radius:0px;border-bottom-right-radius:0px;border-bottom-left-radius:0px;}.kadence-column7084_a347dc-a1 > .kt-inside-inner-col{column-gap:var(--global-kb-gap-sm, 1rem);}.kadence-column7084_a347dc-a1 > .kt-inside-inner-col{flex-direction:column;}.kadence-column7084_a347dc-a1 > .kt-inside-inner-col > .aligncenter{width:100%;}.kadence-column7084_a347dc-a1 > .kt-inside-inner-col:before{opacity:0.3;}.kadence-column7084_a347dc-a1{position:relative;}@media all and (max-width: 1024px){.kadence-column7084_a347dc-a1 > .kt-inside-inner-col{flex-direction:column;}}@media all and (max-width: 767px){.kadence-column7084_a347dc-a1 > .kt-inside-inner-col{flex-direction:column;}}<\/style>\n<div class=\"wp-block-kadence-column kadence-column7084_a347dc-a1 inner-column-1\"><div class=\"kt-inside-inner-col\">\n<p>Se voc\u00ea tiver alguma d\u00favida, entre em contato com o Comit\u00ea de Risco Global da GBTA por e-mail para <a href=\"mailto:TRM@gbta.org\">TRM@gbta.org<\/a><\/p>\n<\/div><\/div>","protected":false},"excerpt":{"rendered":"<p>Como parte da implementa\u00e7\u00e3o global da nova ISO 31030:2021 \u201cGest\u00e3o de Riscos de Viagens \u2013 Orienta\u00e7\u00e3o para Organiza\u00e7\u00f5es\u201d, o Comit\u00ea de Riscos da GBTA gostaria de fornecer suporte aos compradores de viagens\u2026<\/p>","protected":false},"author":14,"featured_media":0,"parent":0,"menu_order":0,"comment_status":"closed","ping_status":"closed","template":"","meta":{"_acf_changed":false,"_seopress_robots_primary_cat":"","_seopress_titles_title":"","_seopress_titles_desc":"","_seopress_robots_index":"yes","om_disable_all_campaigns":false,"_relevanssi_hide_post":"","_relevanssi_hide_content":"","_relevanssi_pin_for_all":"","_relevanssi_pin_keywords":"","_relevanssi_unpin_keywords":"","_relevanssi_related_keywords":"","_relevanssi_related_include_ids":"","_relevanssi_related_exclude_ids":"","_relevanssi_related_no_append":"","_relevanssi_related_not_related":"","_relevanssi_related_posts":"1,415,661,662,664,666","_relevanssi_noindex_reason":"","_kad_blocks_custom_css":"","_kad_blocks_head_custom_js":"","_kad_blocks_body_custom_js":"","_kad_blocks_footer_custom_js":"","_kad_post_transparent":"","_kad_post_title":"","_kad_post_layout":"","_kad_post_sidebar_id":"","_kad_post_content_style":"","_kad_post_vertical_padding":"","_kad_post_feature":"","_kad_post_feature_position":"","_kad_post_header":false,"_kad_post_footer":false,"footnotes":"","_links_to":"","_links_to_target":""},"class_list":["post-7084","page","type-page","status-publish","hentry"],"acf":[],"featured_image_src_large":false,"author_info":{"display_name":"","author_link":"https:\/\/gbta.org\/pt\/author\/"},"comment_info":"","taxonomy_info":[],"mfb_rest_fields":["featured_image_src_large","author_info","comment_info","taxonomy_info"],"_links":{"self":[{"href":"https:\/\/gbta.org\/pt\/wp-json\/wp\/v2\/pages\/7084","targetHints":{"allow":["GET"]}}],"collection":[{"href":"https:\/\/gbta.org\/pt\/wp-json\/wp\/v2\/pages"}],"about":[{"href":"https:\/\/gbta.org\/pt\/wp-json\/wp\/v2\/types\/page"}],"author":[{"embeddable":true,"href":"https:\/\/gbta.org\/pt\/wp-json\/wp\/v2\/users\/14"}],"replies":[{"embeddable":true,"href":"https:\/\/gbta.org\/pt\/wp-json\/wp\/v2\/comments?post=7084"}],"version-history":[{"count":1,"href":"https:\/\/gbta.org\/pt\/wp-json\/wp\/v2\/pages\/7084\/revisions"}],"predecessor-version":[{"id":21547,"href":"https:\/\/gbta.org\/pt\/wp-json\/wp\/v2\/pages\/7084\/revisions\/21547"}],"wp:attachment":[{"href":"https:\/\/gbta.org\/pt\/wp-json\/wp\/v2\/media?parent=7084"}],"curies":[{"name":"wp","href":"https:\/\/api.w.org\/{rel}","templated":true}]}}