{"id":7187,"date":"2022-09-20T14:30:10","date_gmt":"2022-09-20T18:30:10","guid":{"rendered":"https:\/\/gbta.org\/?page_id=7187"},"modified":"2023-05-09T21:42:47","modified_gmt":"2023-05-10T01:42:47","slug":"live-and-virtual-programs-code-of-conduct","status":"publish","type":"page","link":"https:\/\/gbta.org\/pt\/live-and-virtual-programs-code-of-conduct\/","title":{"rendered":"C\u00f3digo de Conduta de Programas Ao Vivo e Virtuais"},"content":{"rendered":"<p>A Global Business Travel Association (GBTA) est\u00e1 comprometida em fornecer um ambiente seguro, respeitoso e acolhedor para todos os participantes e funcion\u00e1rios da GBTA. Nosso objetivo \u00e9 promover uma atmosfera de aprendizagem din\u00e2mica para nossos participantes, que seja positiva, solid\u00e1ria e livre de ass\u00e9dio. Espera-se que todos os participantes cumpram este C\u00f3digo de Conduta. Esta Pol\u00edtica se aplica a todos os eventos relacionados a reuni\u00f5es da GBTA, incluindo aqueles patrocinados por outras organiza\u00e7\u00f5es que n\u00e3o a GBTA, mas realizados em conjunto com eventos da GBTA, em plataformas p\u00fablicas ou privadas.&nbsp;<\/p>\n\n\n\n<p><strong>Comportamento esperado<\/strong>&nbsp;<\/p>\n\n\n\n<p>Todos os participantes devem exercer respeito e considera\u00e7\u00e3o pelos outros participantes da programa\u00e7\u00e3o do GBTA. Espera-se que os participantes se comportem de acordo com os padr\u00f5es profissionais, tanto com este C\u00f3digo de Conduta quanto, para funcion\u00e1rios n\u00e3o-GBTA, com as pol\u00edticas de seus respectivos empregadores que regem o comportamento adequado no local de trabalho e as leis aplic\u00e1veis.&nbsp;<\/p>\n\n\n\n<p>A GBTA tem toler\u00e2ncia zero com qualquer forma de discrimina\u00e7\u00e3o ou ass\u00e9dio, incluindo, entre outros, ass\u00e9dio com base em g\u00eanero, identidade e express\u00e3o de g\u00eanero, orienta\u00e7\u00e3o sexual, defici\u00eancia, apar\u00eancia f\u00edsica, ra\u00e7a, idade, religi\u00e3o, origem nacional ou qualquer outro status. protegido por leis no local em que o programa est\u00e1 sendo realizado. Se um programa for realizado virtualmente, todos os participantes concordam e reconhecem que as leis da Comunidade da Virg\u00ednia, onde a GBTA tem a sua sede, reger\u00e3o. Se voc\u00ea sofrer ass\u00e9dio ou testemunhar conduta de ass\u00e9dio por parte de outra pessoa, o GBTA solicita que voc\u00ea nos informe em<a rel=\"noreferrer noopener\" href=\"https:\/\/web.archive.org\/web\/20210415040438\/mailto:info@gbta.org\" target=\"_blank\"><strong>info@gbta.org<\/strong><\/a>, para que as medidas apropriadas possam ser tomadas.\u00a0<\/p>\n\n\n\n<p><strong>Comportamento Inaceit\u00e1vel<\/strong>&nbsp;<\/p>\n\n\n\n<ul class=\"wp-block-list\">\n<li>Ass\u00e9dio, intimida\u00e7\u00e3o ou discrimina\u00e7\u00e3o de qualquer forma.&nbsp;<\/li>\n\n\n\n<li>Comportamento ou linguagem ofensiva ou indesejada relacionada \u00e0 ra\u00e7a, religi\u00e3o, cor, origem nacional, orienta\u00e7\u00e3o sexual, express\u00e3o ou identidade de g\u00eanero, status de transg\u00eanero, idade, defici\u00eancia, veterano ou estado civil, ou quaisquer outras categorias protegidas pela lei aplic\u00e1vel.&nbsp;<\/li>\n\n\n\n<li>Uso inapropriado de nudez e\/ou imagens sexuais em espa\u00e7os p\u00fablicos ou em apresenta\u00e7\u00f5es.&nbsp;<\/li>\n\n\n\n<li>Amea\u00e7ar ou perseguir qualquer participante, palestrante, volunt\u00e1rio, expositor, membro da equipe da GBTA, prestador de servi\u00e7os ou outro convidado da reuni\u00e3o.&nbsp;<\/li>\n<\/ul>\n\n\n\n<ul class=\"wp-block-list\">\n<li>Interrup\u00e7\u00e3o de apresenta\u00e7\u00f5es durante as sess\u00f5es, no sal\u00e3o de exposi\u00e7\u00f5es ou em outros eventos organizados pela GBTA durante a reuni\u00e3o presencial ou virtual. Todos os participantes devem cumprir as instru\u00e7\u00f5es do moderador e de qualquer equipe do evento GBTA.&nbsp;<\/li>\n\n\n\n<li>Apresenta\u00e7\u00f5es, publica\u00e7\u00f5es e mensagens n\u00e3o devem conter materiais promocionais, ofertas especiais, ofertas de emprego, an\u00fancios de produtos ou solicita\u00e7\u00f5es de servi\u00e7os. A GBTA reserva-se o direito de remover tais mensagens e potencialmente banir as fontes dessas solicita\u00e7\u00f5es, a menos que autorizado de outra forma por escrito pela GBTA.&nbsp;<\/li>\n\n\n\n<li>Os participantes n\u00e3o devem copiar ou tirar capturas de tela de perguntas e respostas ou de qualquer sala de bate-papo&nbsp;<br>atividade que ocorre em um espa\u00e7o ao vivo ou virtual sem o consentimento expresso por escrito da GBTA e dos indiv\u00edduos sendo fotografados.&nbsp;<\/li>\n\n\n\n<li>Publicar qualquer material protegido por direitos autorais ou marcas registradas sem a permiss\u00e3o por escrito do propriet\u00e1rio de tal propriedade intelectual.&nbsp;<br>\u202f&nbsp;<\/li>\n<\/ul>\n\n\n\n<p>A GBTA reserva-se o direito de tomar qualquer a\u00e7\u00e3o que, a seu \u00fanico e exclusivo crit\u00e9rio, considere necess\u00e1ria e apropriada para lidar com viola\u00e7\u00f5es desta pol\u00edtica. Tais a\u00e7\u00f5es podem incluir, entre outras, a remo\u00e7\u00e3o imediata da(s) pessoa(s) que violam esta pol\u00edtica da reuni\u00e3o em quest\u00e3o, sem aviso ou reembolso. Por conduta flagrante, a GBTA reserva-se o direito de proibir a participa\u00e7\u00e3o de infratores em qualquer reuni\u00e3o futura, independentemente de essa reuni\u00e3o ocorrer virtualmente ou pessoalmente.&nbsp;<\/p>","protected":false},"excerpt":{"rendered":"<p>A Global Business Travel Association (GBTA) est\u00e1 comprometida em fornecer um ambiente seguro, respeitoso e acolhedor para todos os participantes e funcion\u00e1rios da GBTA. Nosso objetivo \u00e9 promover um aprendizado din\u00e2mico\u2026<\/p>","protected":false},"author":21,"featured_media":0,"parent":0,"menu_order":0,"comment_status":"closed","ping_status":"closed","template":"","meta":{"_acf_changed":false,"_seopress_robots_primary_cat":"","_seopress_titles_title":"Code of Conduct for live and virtual programs","_seopress_titles_desc":"","_seopress_robots_index":"yes","om_disable_all_campaigns":false,"_relevanssi_hide_post":"","_relevanssi_hide_content":"","_relevanssi_pin_for_all":"","_relevanssi_pin_keywords":"","_relevanssi_unpin_keywords":"","_relevanssi_related_keywords":"","_relevanssi_related_include_ids":"","_relevanssi_related_exclude_ids":"","_relevanssi_related_no_append":"","_relevanssi_related_not_related":"","_relevanssi_related_posts":"1,415,661,662,664,666","_relevanssi_noindex_reason":"","_kad_blocks_custom_css":"","_kad_blocks_head_custom_js":"","_kad_blocks_body_custom_js":"","_kad_blocks_footer_custom_js":"","_kad_post_transparent":"","_kad_post_title":"","_kad_post_layout":"","_kad_post_sidebar_id":"","_kad_post_content_style":"","_kad_post_vertical_padding":"","_kad_post_feature":"","_kad_post_feature_position":"","_kad_post_header":false,"_kad_post_footer":false,"footnotes":"","_links_to":"","_links_to_target":""},"class_list":["post-7187","page","type-page","status-publish","hentry"],"acf":[],"featured_image_src_large":false,"author_info":{"display_name":"","author_link":"https:\/\/gbta.org\/pt\/author\/"},"comment_info":"","taxonomy_info":[],"featured_image_src":null,"featured_image_src_square":null,"mfb_rest_fields":["featured_image_src_large","author_info","comment_info","taxonomy_info","featured_image_src","featured_image_src_square"],"_links":{"self":[{"href":"https:\/\/gbta.org\/pt\/wp-json\/wp\/v2\/pages\/7187","targetHints":{"allow":["GET"]}}],"collection":[{"href":"https:\/\/gbta.org\/pt\/wp-json\/wp\/v2\/pages"}],"about":[{"href":"https:\/\/gbta.org\/pt\/wp-json\/wp\/v2\/types\/page"}],"author":[{"embeddable":true,"href":"https:\/\/gbta.org\/pt\/wp-json\/wp\/v2\/users\/21"}],"replies":[{"embeddable":true,"href":"https:\/\/gbta.org\/pt\/wp-json\/wp\/v2\/comments?post=7187"}],"version-history":[{"count":0,"href":"https:\/\/gbta.org\/pt\/wp-json\/wp\/v2\/pages\/7187\/revisions"}],"wp:attachment":[{"href":"https:\/\/gbta.org\/pt\/wp-json\/wp\/v2\/media?parent=7187"}],"curies":[{"name":"wp","href":"https:\/\/api.w.org\/{rel}","templated":true}]}}