{"id":7547,"date":"2022-10-05T15:07:18","date_gmt":"2022-10-05T19:07:18","guid":{"rendered":"https:\/\/gbta.org\/?page_id=7547"},"modified":"2025-05-16T07:44:00","modified_gmt":"2025-05-16T11:44:00","slug":"upcoming-events","status":"publish","type":"page","link":"https:\/\/gbta.org\/pt\/upcoming-events\/","title":{"rendered":"pr\u00f3ximos eventos"},"content":{"rendered":"<div class=\"wp-block-columns is-layout-flex wp-container-core-columns-is-layout-1 wp-block-columns-is-layout-flex\">\n<div class=\"wp-block-column is-layout-flow wp-block-column-is-layout-flow\" style=\"flex-basis:33.33%\"><form data-sf-form-id='7544' data-is-rtl='0' data-maintain-state='' data-results-url='https:\/\/gbta.org\/upcoming-events\/' data-ajax-url='https:\/\/gbta.org\/pt\/?sfid=7544&amp;sf_action=get_data&amp;sf_data=results' data-ajax-form-url='https:\/\/gbta.org\/pt\/?sfid=7544&amp;sf_action=get_data&amp;sf_data=form' data-display-result-method='shortcode' data-use-history-api='1' data-template-loaded='0' data-lang-code='pt' data-ajax='1' data-ajax-data-type='json' data-ajax-links-selector='.pagination a' data-ajax-target='#search-filter-results-7544' data-ajax-pagination-type='normal' data-update-ajax-url='0' data-only-results-ajax='0' data-scroll-to-pos='0' data-init-paged='1' data-auto-update='1' action='https:\/\/gbta.org\/pt\/upcoming-events\/' method='post' class='searchandfilter' id='search-filter-form-7544' autocomplete='off' data-instance-count='1' data-trp-original-action=\"https:\/\/gbta.org\/upcoming-events\/\"><ul><li class=\"sf-field-search\" data-sf-field-name=\"search\" data-sf-field-type=\"search\" data-sf-field-input-type=\"\">\t\t<label>\n\t\t\t\t   <input placeholder=\"Pesquisar eventos\" name=\"_sf_search[]\" class=\"sf-input-text\" type=\"text\" value=\"\" title=\"\"><\/label>\t\t<\/li><li class=\"sf-field-taxonomy-tribe_events_cat\" data-sf-field-name=\"_sft_tribe_events_cat\" data-sf-field-type=\"taxonomy\" data-sf-field-input-type=\"checkbox\"><h4>Categoria<\/h4>\t\t<ul data-operator=\"or\" class=\"\">\n\t\t\t\t\t  <li class=\"sf-level-0 sf-item-1481\" data-sf-count=\"5\" data-sf-depth=\"0\"><input  class=\"sf-input-checkbox\" type=\"checkbox\" value=\"africa\" name=\"_sft_tribe_events_cat[]\" id=\"sf-input-74b7689d43e3e524edaa51ced40941cf\"><label class=\"sf-label-checkbox\" for=\"sf-input-74b7689d43e3e524edaa51ced40941cf\">\u00c1frica<\/label><\/li><li class=\"sf-level-0 sf-item-1497\" data-sf-count=\"33\" data-sf-depth=\"0\"><input  class=\"sf-input-checkbox\" type=\"checkbox\" value=\"apac\" name=\"_sft_tribe_events_cat[]\" id=\"sf-input-96e85bcb682ab47895ab9e743b4eb1c1\"><label class=\"sf-label-checkbox\" for=\"sf-input-96e85bcb682ab47895ab9e743b4eb1c1\">APAC<\/label><\/li><li class=\"sf-level-0 sf-item-1547\" data-sf-count=\"28\" data-sf-depth=\"0\"><input  class=\"sf-input-checkbox\" type=\"checkbox\" value=\"canada\" name=\"_sft_tribe_events_cat[]\" id=\"sf-input-9eb9b6b66a0b5a1f38a29bb6dd5f24d8\"><label class=\"sf-label-checkbox\" for=\"sf-input-9eb9b6b66a0b5a1f38a29bb6dd5f24d8\">Canad\u00e1<\/label><\/li><li class=\"sf-level-0 sf-item-1568\" data-sf-count=\"4\" data-sf-depth=\"0\"><input  class=\"sf-input-checkbox\" type=\"checkbox\" value=\"committees\" name=\"_sft_tribe_events_cat[]\" id=\"sf-input-3d6e0465a2f119db70cefc576e44d9a8\"><label class=\"sf-label-checkbox\" for=\"sf-input-3d6e0465a2f119db70cefc576e44d9a8\">Comit\u00eas<\/label><\/li><li class=\"sf-level-0 sf-item-1459\" data-sf-count=\"29\" data-sf-depth=\"0\"><input  class=\"sf-input-checkbox\" type=\"checkbox\" value=\"conference-convention\" name=\"_sft_tribe_events_cat[]\" id=\"sf-input-0b98caa6ba60489b7fad80802f16e75a\"><label class=\"sf-label-checkbox\" for=\"sf-input-0b98caa6ba60489b7fad80802f16e75a\">Confer\u00eancia\/Conven\u00e7\u00e3o<\/label><\/li><li class=\"sf-level-0 sf-item-1455\" data-sf-count=\"41\" data-sf-depth=\"0\"><input  class=\"sf-input-checkbox\" type=\"checkbox\" value=\"europe\" name=\"_sft_tribe_events_cat[]\" id=\"sf-input-cd05b722f631f06933784ec66e7dfaa9\"><label class=\"sf-label-checkbox\" for=\"sf-input-cd05b722f631f06933784ec66e7dfaa9\">Europa<\/label><\/li><li class=\"sf-level-0 sf-item-1624\" data-sf-count=\"1\" data-sf-depth=\"0\"><input  class=\"sf-input-checkbox\" type=\"checkbox\" value=\"foundation\" name=\"_sft_tribe_events_cat[]\" id=\"sf-input-ac099b75d01c293fca517ffe6aa1254f\"><label class=\"sf-label-checkbox\" for=\"sf-input-ac099b75d01c293fca517ffe6aa1254f\">Funda\u00e7\u00e3o<\/label><\/li><li class=\"sf-level-0 sf-item-1478\" data-sf-count=\"28\" data-sf-depth=\"0\"><input  class=\"sf-input-checkbox\" type=\"checkbox\" value=\"france\" name=\"_sft_tribe_events_cat[]\" id=\"sf-input-ba0739281766187a01a7670348ced066\"><label class=\"sf-label-checkbox\" for=\"sf-input-ba0739281766187a01a7670348ced066\">Fran\u00e7a<\/label><\/li><li class=\"sf-level-0 sf-item-1479\" data-sf-count=\"40\" data-sf-depth=\"0\"><input  class=\"sf-input-checkbox\" type=\"checkbox\" value=\"italy\" name=\"_sft_tribe_events_cat[]\" id=\"sf-input-160107bc56391f361ced1920cea7605d\"><label class=\"sf-label-checkbox\" for=\"sf-input-160107bc56391f361ced1920cea7605d\">It\u00e1lia<\/label><\/li><li class=\"sf-level-0 sf-item-1556\" data-sf-count=\"3\" data-sf-depth=\"0\"><input  class=\"sf-input-checkbox\" type=\"checkbox\" value=\"ladders\" name=\"_sft_tribe_events_cat[]\" id=\"sf-input-901ef1ac35fc89f2b38bb1595f9d5e7c\"><label class=\"sf-label-checkbox\" for=\"sf-input-901ef1ac35fc89f2b38bb1595f9d5e7c\">Escadas<\/label><\/li><li class=\"sf-level-0 sf-item-1460\" data-sf-count=\"35\" data-sf-depth=\"0\"><input  class=\"sf-input-checkbox\" type=\"checkbox\" value=\"latam\" name=\"_sft_tribe_events_cat[]\" id=\"sf-input-54335422555f84dcc5ef474a0eda4c4e\"><label class=\"sf-label-checkbox\" for=\"sf-input-54335422555f84dcc5ef474a0eda4c4e\">LATAM<\/label><\/li><li class=\"sf-level-0 sf-item-1457\" data-sf-count=\"37\" data-sf-depth=\"0\"><input  class=\"sf-input-checkbox\" type=\"checkbox\" value=\"learning\" name=\"_sft_tribe_events_cat[]\" id=\"sf-input-4e3475c6823c3a6e28dec604caefe621\"><label class=\"sf-label-checkbox\" for=\"sf-input-4e3475c6823c3a6e28dec604caefe621\">Aprendendo<\/label><\/li><li class=\"sf-level-0 sf-item-1573\" data-sf-count=\"2\" data-sf-depth=\"0\"><input  class=\"sf-input-checkbox\" type=\"checkbox\" value=\"middle-east\" name=\"_sft_tribe_events_cat[]\" id=\"sf-input-4fd6c1a295af81b78f77975bdce47dfb\"><label class=\"sf-label-checkbox\" for=\"sf-input-4fd6c1a295af81b78f77975bdce47dfb\">Middle East<\/label><\/li><li class=\"sf-level-0 sf-item-1462\" data-sf-count=\"338\" data-sf-depth=\"0\"><input  class=\"sf-input-checkbox\" type=\"checkbox\" value=\"north-america\" name=\"_sft_tribe_events_cat[]\" id=\"sf-input-8783b4450dc0c4b14c9637d7a05d7d5b\"><label class=\"sf-label-checkbox\" for=\"sf-input-8783b4450dc0c4b14c9637d7a05d7d5b\">Am\u00e9rica do Norte<\/label><\/li><li class=\"sf-level-0 sf-item-1486\" data-sf-count=\"75\" data-sf-depth=\"0\"><input  class=\"sf-input-checkbox\" type=\"checkbox\" value=\"online-courses-webinars\" name=\"_sft_tribe_events_cat[]\" id=\"sf-input-2efe7c4cbfb34e3642d642f676472077\"><label class=\"sf-label-checkbox\" for=\"sf-input-2efe7c4cbfb34e3642d642f676472077\">Cursos e webinars online<\/label><\/li><li class=\"sf-level-0 sf-item-1629\" data-sf-count=\"1\" data-sf-depth=\"0\"><input  class=\"sf-input-checkbox\" type=\"checkbox\" value=\"professional-development\" name=\"_sft_tribe_events_cat[]\" id=\"sf-input-343733f693ce24d47707a2fef0f87591\"><label class=\"sf-label-checkbox\" for=\"sf-input-343733f693ce24d47707a2fef0f87591\">Desenvolvimento profissional<\/label><\/li><li class=\"sf-level-0 sf-item-1496\" data-sf-count=\"4\" data-sf-depth=\"0\"><input  class=\"sf-input-checkbox\" type=\"checkbox\" value=\"roadshow\" name=\"_sft_tribe_events_cat[]\" id=\"sf-input-8e05e9b33314147020acb977cf4829d6\"><label class=\"sf-label-checkbox\" for=\"sf-input-8e05e9b33314147020acb977cf4829d6\">Roadshow<\/label><\/li><li class=\"sf-level-0 sf-item-1461\" data-sf-count=\"68\" data-sf-depth=\"0\"><input  class=\"sf-input-checkbox\" type=\"checkbox\" value=\"summits-workshops\" name=\"_sft_tribe_events_cat[]\" id=\"sf-input-8b25654669a981cedef5a9caa522f43c\"><label class=\"sf-label-checkbox\" for=\"sf-input-8b25654669a981cedef5a9caa522f43c\">C\u00fapulas e Workshops<\/label><\/li><li class=\"sf-level-0 sf-item-1480\" data-sf-count=\"8\" data-sf-depth=\"0\"><input  class=\"sf-input-checkbox\" type=\"checkbox\" value=\"sustainability\" name=\"_sft_tribe_events_cat[]\" id=\"sf-input-a20eaae323fde4a4a177de4599250f3b\"><label class=\"sf-label-checkbox\" for=\"sf-input-a20eaae323fde4a4a177de4599250f3b\">Sustentabilidade<\/label><\/li><li class=\"sf-level-0 sf-item-1458\" data-sf-count=\"407\" data-sf-depth=\"0\"><input  class=\"sf-input-checkbox\" type=\"checkbox\" value=\"chapter-event\" name=\"_sft_tribe_events_cat[]\" id=\"sf-input-f6fda6a899cdfcebd94fff9b5c1b0201\"><label class=\"sf-label-checkbox\" for=\"sf-input-f6fda6a899cdfcebd94fff9b5c1b0201\">Evento do Cap\u00edtulo dos EUA<\/label><\/li><li class=\"sf-level-0 sf-item-1498\" data-sf-count=\"30\" data-sf-depth=\"0\"><input  class=\"sf-input-checkbox\" type=\"checkbox\" value=\"virtual\" name=\"_sft_tribe_events_cat[]\" id=\"sf-input-13d5c4750a53bd99e438bb2e016fb452\"><label class=\"sf-label-checkbox\" for=\"sf-input-13d5c4750a53bd99e438bb2e016fb452\">Virtual<\/label><\/li><li class=\"sf-level-0 sf-item-1456\" data-sf-count=\"8\" data-sf-depth=\"0\"><input  class=\"sf-input-checkbox\" type=\"checkbox\" value=\"winit\" name=\"_sft_tribe_events_cat[]\" id=\"sf-input-d4eefd866c27ee8a18d3135787903ad9\"><label class=\"sf-label-checkbox\" for=\"sf-input-d4eefd866c27ee8a18d3135787903ad9\">WINiT<\/label><\/li>\t\t<\/ul>\n\t\t<\/li><\/ul><input type=\"hidden\" name=\"trp-form-language\" value=\"pt\"\/><\/form>\n\n\n\n<div class=\"wp-block-buttons is-layout-flex wp-block-buttons-is-layout-flex\">\n<div class=\"wp-block-button\"><a class=\"wp-block-button__link wp-element-button\" href=\"\/pt\/past-events\/\">Eventos passados<\/a><\/div>\n<\/div>\n<\/div>\n\n\n\n<div class=\"wp-block-column is-layout-flow wp-block-column-is-layout-flow\" style=\"flex-basis:66.66%\"><div class=\"search-filter-results\" id=\"search-filter-results-7544\">\n            <div class=\"single-event-card\">\n\n            <div class=\"single-event-date\">\n\n                <div class=\"single-event-day\">\n                    06                <\/div>\n                <div class=\"single-event-month\">\n                    maio                <\/div>\n                <div class=\"single-event-year\">\n                    2026                <\/div>\n            <\/div>\n\n            <div class=\"single-event-details\">\n\n                <div class=\"single-event-time\">\n\n                    <span class=\"dashicons dashicons-clock\"><\/span>quarta-feira, 8:30am - 1:00pm - UTC-3                <\/div>\n\n                <h2><a href=\"https:\/\/gbta.org\/pt\/event\/gbta-latam-business-travel-forum-santiago-3\/\">GBTA LATAM Business Travel Forum | Santiago<\/a><\/h2>\n\n                \n                <div class=\"single-event-excerpt\">\n                    Los GBTA LATAM Business Travel Forums son una serie de eventos de medio d\u00eda de duraci\u00f3n dirigido exclusivamente a Travel Managers del sector de viajes corporativos. Al asistir a este evento podr\u00e1s: Actualizar tus conocimientos sobre la mejora de tus...                <\/div>\n\n            <\/div>\n\n            \n        <\/div>\n\n\n                <div class=\"single-event-card\">\n\n            <div class=\"single-event-date\">\n\n                <div class=\"single-event-day\">\n                    12                <\/div>\n                <div class=\"single-event-month\">\n                    maio                <\/div>\n                <div class=\"single-event-year\">\n                    2026                <\/div>\n            <\/div>\n\n            <div class=\"single-event-details\">\n\n                <div class=\"single-event-time\">\n\n                                    <\/div>\n\n                <h2><a href=\"https:\/\/gbta.org\/pt\/event\/gbta-apac-conference-2026-singapore\/\">GBTA APAC Conference 2026 | Singapore<\/a><\/h2>\n\n                \n                <div class=\"single-event-excerpt\">\n                    GBTA APAC Conference 2026 | Singapore Join us in Singapore for the 2026 GBTA APAC Conference at Marina Bay Sands on May 12-13, where the business travel community will come together to connect, learn, and grow. Curated by regional thought...                <\/div>\n\n            <\/div>\n\n                            <div class=\"single-event-img\">\n                    <img loading=\"lazy\" decoding=\"async\" width=\"600\" height=\"358\" src=\"https:\/\/gbta.org\/wp-content\/uploads\/apacbanner-600.webp\" class=\"attachment-post-thumbnail size-post-thumbnail wp-post-image\" alt=\"apacbanner 600\" srcset=\"https:\/\/gbta.org\/wp-content\/uploads\/apacbanner-600.webp 600w, https:\/\/gbta.org\/wp-content\/uploads\/apacbanner-600-300x179.webp 300w, https:\/\/gbta.org\/wp-content\/uploads\/apacbanner-600-18x12.webp 18w\" sizes=\"auto, (max-width: 600px) 100vw, 600px\" \/>                <\/div>\n            \n        <\/div>\n\n\n                <div class=\"single-event-card\">\n\n            <div class=\"single-event-date\">\n\n                <div class=\"single-event-day\">\n                    12                <\/div>\n                <div class=\"single-event-month\">\n                    maio                <\/div>\n                <div class=\"single-event-year\">\n                    2026                <\/div>\n            <\/div>\n\n            <div class=\"single-event-details\">\n\n                <div class=\"single-event-time\">\n\n                    <span class=\"dashicons dashicons-clock\"><\/span>ter\u00e7a-feira, 11:00am - 5:00pm - EDT                <\/div>\n\n                <h2><a href=\"https:\/\/gbta.org\/pt\/event\/gbta-south-carolina-golf-tournament\/\">GBTA South Carolina Golf Tournament<\/a><\/h2>\n\n                \n                <div class=\"single-event-excerpt\">\n                    Here's your reservation link your guest can use to make reservations: Book your group rate for GBTA Golf Tournament You will find the information for your online reservation link below. If you have questions or need help with the link,...                <\/div>\n\n            <\/div>\n\n            \n        <\/div>\n\n\n                <div class=\"single-event-card\">\n\n            <div class=\"single-event-date\">\n\n                <div class=\"single-event-day\">\n                    19                <\/div>\n                <div class=\"single-event-month\">\n                    maio                <\/div>\n                <div class=\"single-event-year\">\n                    2026                <\/div>\n            <\/div>\n\n            <div class=\"single-event-details\">\n\n                <div class=\"single-event-time\">\n\n                                    <\/div>\n\n                <h2><a href=\"https:\/\/gbta.org\/pt\/event\/gbta-ladders-summit-2026\/\">GBTA Ladders Summit 2026<\/a><\/h2>\n\n                                    <div class=\"single-event-venue\">\n                        <span class=\"dashicons dashicons-location\"><\/span>\n                        Grand Bohemian Charlotte, Autograph Collection                    <\/div>\n                \n                <div class=\"single-event-excerpt\">\n                    The GBTA Ladders Summit is the signature annual gathering of the business travel industry\u2019s next generation of leaders. Designed to inspire, develop, and elevate emerging talent, the Summit brings together rising professionals, senior mentors, program alumni, and industry executives for...                <\/div>\n\n            <\/div>\n\n            \n        <\/div>\n\n\n                <div class=\"single-event-card\">\n\n            <div class=\"single-event-date\">\n\n                <div class=\"single-event-day\">\n                    21                <\/div>\n                <div class=\"single-event-month\">\n                    maio                <\/div>\n                <div class=\"single-event-year\">\n                    2026                <\/div>\n            <\/div>\n\n            <div class=\"single-event-details\">\n\n                <div class=\"single-event-time\">\n\n                    <span class=\"dashicons dashicons-clock\"><\/span>quinta-feira, 9:45am - 2:00pm - CET                <\/div>\n\n                <h2><a href=\"https:\/\/gbta.org\/pt\/event\/gbta-italia-roadshow-roma\/\">GBTA Italia Roadshow | Roma<\/a><\/h2>\n\n                                    <div class=\"single-event-venue\">\n                        <span class=\"dashicons dashicons-location\"><\/span>\n                        Best Western Premier Hotel Royal Santina                    <\/div>\n                \n                <div class=\"single-event-excerpt\">\n                    Il Roadshow di GBTA Italia unisce Masterclass, Talk, Tavole Rotonde e Insight finalizzati ad esplorare in modo smart e pratico le tematiche pi\u00f9 attuali di Mice e Business Travel.                <\/div>\n\n            <\/div>\n\n            \n        <\/div>\n\n\n                <div class=\"single-event-card\">\n\n            <div class=\"single-event-date\">\n\n                <div class=\"single-event-day\">\n                    21                <\/div>\n                <div class=\"single-event-month\">\n                    maio                <\/div>\n                <div class=\"single-event-year\">\n                    2026                <\/div>\n            <\/div>\n\n            <div class=\"single-event-details\">\n\n                <div class=\"single-event-time\">\n\n                    <span class=\"dashicons dashicons-clock\"><\/span>quinta-feira, 11h00 - 13h00 - EDT                <\/div>\n\n                <h2><a href=\"https:\/\/gbta.org\/pt\/event\/ai-prompting-workshop-buyer-only\/\">AI Prompting Workshop (Buyer Only)<\/a><\/h2>\n\n                \n                <div class=\"single-event-excerpt\">\n                    Are you new to AI? Have you tried ChatGPT before but would like to get started in a more structured way? Are you interested in using AI to increase productivity in your role as a business travel buyer but aren\u2019t...                <\/div>\n\n            <\/div>\n\n            \n        <\/div>\n\n\n                <div class=\"single-event-card\">\n\n            <div class=\"single-event-date\">\n\n                <div class=\"single-event-day\">\n                    26                <\/div>\n                <div class=\"single-event-month\">\n                    maio                <\/div>\n                <div class=\"single-event-year\">\n                    2026                <\/div>\n            <\/div>\n\n            <div class=\"single-event-details\">\n\n                <div class=\"single-event-time\">\n\n                                    <\/div>\n\n                <h2><a href=\"https:\/\/gbta.org\/pt\/event\/gbta-canada-regional-direct-buyer-talks-2\/\">GBTA Canada Regional Direct (Buyer) Talks<\/a><\/h2>\n\n                \n                <div class=\"single-event-excerpt\">\n                    GBTA Canada recognizes the importance of peer networking and best practice sharing. Unique to GBTA Canada are our Regional Direct (buyer) Talks. Direct (buyer) members gather virtually, to exchange ideas, and understand market dynamics. May 26, 2026 at 2:00 PM...                <\/div>\n\n            <\/div>\n\n            \n        <\/div>\n\n\n                <div class=\"single-event-card\">\n\n            <div class=\"single-event-date\">\n\n                <div class=\"single-event-day\">\n                    02                <\/div>\n                <div class=\"single-event-month\">\n                    junho                <\/div>\n                <div class=\"single-event-year\">\n                    2026                <\/div>\n            <\/div>\n\n            <div class=\"single-event-details\">\n\n                <div class=\"single-event-time\">\n\n                    <span class=\"dashicons dashicons-clock\"><\/span>ter\u00e7a-feira, 8:30am - 2:00pm - UTC-3                <\/div>\n\n                <h2><a href=\"https:\/\/gbta.org\/pt\/event\/gbta-latam-business-travel-forum-sao-paulo-2026\/\">GBTA LATAM Business Travel Forum | S\u00e3o Paulo<\/a><\/h2>\n\n                \n                <div class=\"single-event-excerpt\">\n                    Los GBTA LATAM Business Travel Forums son una serie de eventos de medio d\u00eda de duraci\u00f3n dirigido exclusivamente a Travel Managers del sector de viajes corporativos. Al asistir a este evento podr\u00e1s: Actualizar tus conocimientos sobre la mejora de tus...                <\/div>\n\n            <\/div>\n\n            \n        <\/div>\n\n\n                <div class=\"single-event-card\">\n\n            <div class=\"single-event-date\">\n\n                <div class=\"single-event-day\">\n                    09                <\/div>\n                <div class=\"single-event-month\">\n                    junho                <\/div>\n                <div class=\"single-event-year\">\n                    2026                <\/div>\n            <\/div>\n\n            <div class=\"single-event-details\">\n\n                <div class=\"single-event-time\">\n\n                                    <\/div>\n\n                <h2><a href=\"https:\/\/gbta.org\/pt\/event\/u-s-legislative-summit-2026\/\">U.S. Legislative Summit 2026<\/a><\/h2>\n\n                                    <div class=\"single-event-venue\">\n                        <span class=\"dashicons dashicons-location\"><\/span>\n                        Reserve Officers Association                    <\/div>\n                \n                <div class=\"single-event-excerpt\">\n                    The GBTA U.S. Legislative Summit is the premier advocacy event uniting business travel professionals from across the country to influence the policies that shape our industry. Over\u00a0three\u00a0impactful days in Washington, D.C., attendees step directly into the heart of government to...                <\/div>\n\n            <\/div>\n\n            \n        <\/div>\n\n\n                <div class=\"single-event-card\">\n\n            <div class=\"single-event-date\">\n\n                <div class=\"single-event-day\">\n                    09                <\/div>\n                <div class=\"single-event-month\">\n                    junho                <\/div>\n                <div class=\"single-event-year\">\n                    2026                <\/div>\n            <\/div>\n\n            <div class=\"single-event-details\">\n\n                <div class=\"single-event-time\">\n\n                    <span class=\"dashicons dashicons-clock\"><\/span>ter\u00e7a-feira, 12:30pm - 4:00pm - UTC-5                <\/div>\n\n                <h2><a href=\"https:\/\/gbta.org\/pt\/event\/gbta-canada-buyer-only-exchange-winnipeg\/\">GBTA Canada Buyer Only Exchange | Winnipeg<\/a><\/h2>\n\n                \n                <div class=\"single-event-excerpt\">\n                    Held in Winnipeg, Edmonton, and Ottawa these sessions provide a dynamic environment for education, peer networking, and knowledge sharing. More than just learning opportunities, these events foster a sense of community\u2014encouraging open dialogue, shared challenges, and fresh ideas to help...                <\/div>\n\n            <\/div>\n\n            \n        <\/div>\n\n\n        \n\n    <div class=\"pagination\">\n        <br \/><div class='wp-pagenavi' role='navigation'>\n<span class='pages'>P\u00e1gina 1 de 3<\/span><span aria-current='page' class='current'>1<\/span><a class=\"page larger\" title=\"P\u00e1gina 2\" href=\"https:\/\/gbta.org\/pt\/upcoming-events\/?sf_paged=2\">2<\/a><a class=\"page larger\" title=\"P\u00e1gina 3\" href=\"https:\/\/gbta.org\/pt\/upcoming-events\/?sf_paged=3\">3<\/a><a class=\"nextpostslink\" rel=\"next\" aria-label=\"Pr\u00f3xima p\u00e1gina\" href=\"https:\/\/gbta.org\/pt\/upcoming-events\/?sf_paged=2\">\u00bb<\/a>\n<\/div>    <\/div>\n\n<\/div>\n<\/div>\n<\/div>","protected":false},"excerpt":{"rendered":"","protected":false},"author":25,"featured_media":0,"parent":0,"menu_order":0,"comment_status":"closed","ping_status":"closed","template":"","meta":{"_acf_changed":false,"_seopress_robots_primary_cat":"","_seopress_titles_title":"","_seopress_titles_desc":"","_seopress_robots_index":"","om_disable_all_campaigns":false,"_relevanssi_hide_post":"","_relevanssi_hide_content":"","_relevanssi_pin_for_all":"","_relevanssi_pin_keywords":"","_relevanssi_unpin_keywords":"","_relevanssi_related_keywords":"","_relevanssi_related_include_ids":"","_relevanssi_related_exclude_ids":"","_relevanssi_related_no_append":"","_relevanssi_related_not_related":"","_relevanssi_related_posts":"1,415,661,662,664,666","_relevanssi_noindex_reason":"","_kad_blocks_custom_css":"","_kad_blocks_head_custom_js":"","_kad_blocks_body_custom_js":"","_kad_blocks_footer_custom_js":"<script>\r\n  document.addEventListener(\"DOMContentLoaded\", function () {\r\n    const referrer = document.referrer;\r\n    if (referrer.includes('\/professional-development\/education-growth\/')) {\r\n      setTimeout(function () {\r\n        const listItem = document.querySelector('.sf-item-1457');\r\n        if (listItem) {\r\n          const checkbox = listItem.querySelector('input[type=\"checkbox\"]');\r\n          if (checkbox && !checkbox.checked) {\r\n            checkbox.click();\r\n          }\r\n        }\r\n      }, 100);\r\n    }\r\n  });\r\n<\/script>","_kad_post_transparent":"","_kad_post_title":"","_kad_post_layout":"","_kad_post_sidebar_id":"","_kad_post_content_style":"","_kad_post_vertical_padding":"","_kad_post_feature":"","_kad_post_feature_position":"","_kad_post_header":false,"_kad_post_footer":false,"footnotes":"","_links_to":"","_links_to_target":""},"class_list":["post-7547","page","type-page","status-publish","hentry","cat_canada"],"acf":[],"featured_image_src_large":false,"author_info":{"display_name":"jcampbell","author_link":"https:\/\/gbta.org\/pt\/author\/jcampbell\/"},"comment_info":"","taxonomy_info":[],"featured_image_src":null,"featured_image_src_square":null,"mfb_rest_fields":["featured_image_src_large","author_info","comment_info","taxonomy_info","featured_image_src","featured_image_src_square"],"_links":{"self":[{"href":"https:\/\/gbta.org\/pt\/wp-json\/wp\/v2\/pages\/7547","targetHints":{"allow":["GET"]}}],"collection":[{"href":"https:\/\/gbta.org\/pt\/wp-json\/wp\/v2\/pages"}],"about":[{"href":"https:\/\/gbta.org\/pt\/wp-json\/wp\/v2\/types\/page"}],"author":[{"embeddable":true,"href":"https:\/\/gbta.org\/pt\/wp-json\/wp\/v2\/users\/25"}],"replies":[{"embeddable":true,"href":"https:\/\/gbta.org\/pt\/wp-json\/wp\/v2\/comments?post=7547"}],"version-history":[{"count":10,"href":"https:\/\/gbta.org\/pt\/wp-json\/wp\/v2\/pages\/7547\/revisions"}],"predecessor-version":[{"id":22936,"href":"https:\/\/gbta.org\/pt\/wp-json\/wp\/v2\/pages\/7547\/revisions\/22936"}],"wp:attachment":[{"href":"https:\/\/gbta.org\/pt\/wp-json\/wp\/v2\/media?parent=7547"}],"curies":[{"name":"wp","href":"https:\/\/api.w.org\/{rel}","templated":true}]}}